{"id":382243,"date":"2018-09-07T15:47:26","date_gmt":"2018-09-07T13:47:26","guid":{"rendered":"https:\/\/lsf-france.com\/acerca-de-lsf\/"},"modified":"2021-07-15T14:03:53","modified_gmt":"2021-07-15T12:03:53","slug":"acerca-de-lsf","status":"publish","type":"page","link":"https:\/\/lsf-france.com\/es\/acerca-de-lsf\/","title":{"rendered":"Acerca de LSF"},"content":{"rendered":"\t\t<div data-elementor-type=\"wp-page\" data-elementor-id=\"382243\" class=\"elementor elementor-382243 elementor-773\" data-elementor-post-type=\"page\">\n\t\t\t\t\t\t<section class=\"elementor-section elementor-top-section elementor-element elementor-element-3368c68 elementor-section-boxed elementor-section-height-default elementor-section-height-default\" data-id=\"3368c68\" data-element_type=\"section\" data-e-type=\"section\">\n\t\t\t\t\t\t<div class=\"elementor-container elementor-column-gap-default\">\n\t\t\t\t\t<div class=\"elementor-column elementor-col-100 elementor-top-column elementor-element elementor-element-2b2eb3d\" data-id=\"2b2eb3d\" data-element_type=\"column\" data-e-type=\"column\">\n\t\t\t<div class=\"elementor-widget-wrap elementor-element-populated\">\n\t\t\t\t\t\t<div class=\"elementor-element elementor-element-19c5f60 elementor-grid-3 elementor-grid-tablet-2 elementor-grid-mobile-1 elementor-posts--thumbnail-top elementor-card-shadow-yes elementor-posts__hover-gradient elementor-widget elementor-widget-posts\" data-id=\"19c5f60\" data-element_type=\"widget\" data-e-type=\"widget\" data-settings=\"{&quot;cards_columns&quot;:&quot;3&quot;,&quot;cards_columns_tablet&quot;:&quot;2&quot;,&quot;cards_columns_mobile&quot;:&quot;1&quot;,&quot;cards_row_gap&quot;:{&quot;unit&quot;:&quot;px&quot;,&quot;size&quot;:35,&quot;sizes&quot;:[]},&quot;cards_row_gap_tablet&quot;:{&quot;unit&quot;:&quot;px&quot;,&quot;size&quot;:&quot;&quot;,&quot;sizes&quot;:[]},&quot;cards_row_gap_mobile&quot;:{&quot;unit&quot;:&quot;px&quot;,&quot;size&quot;:&quot;&quot;,&quot;sizes&quot;:[]}}\" data-widget_type=\"posts.cards\">\n\t\t\t\t<div class=\"elementor-widget-container\">\n\t\t\t\t\t\t\t<div class=\"elementor-posts-container elementor-posts elementor-posts--skin-cards elementor-grid\" role=\"list\">\n\t\t\t\t<article class=\"elementor-post elementor-grid-item post-382821 page type-page status-publish hentry\" role=\"listitem\">\n\t\t\t<div class=\"elementor-post__card\">\n\t\t\t\t<div class=\"elementor-post__text\">\n\t\t\t\t<h3 class=\"elementor-post__title\">\n\t\t\t<a href=\"https:\/\/lsf-france.com\/es\/acerca-de-lsf\/galeria-de-fotos-de-lsf\/\" >\n\t\t\t\tGaler\u00eda de fotos de LSF\t\t\t<\/a>\n\t\t<\/h3>\n\t\t\t\t<div class=\"elementor-post__excerpt\">\n\t\t\t<p>En la escuela Descubra la escuela LSF, sus aulas, su ambiente y sus profesores. LSF garden Classe LSF FRENCH FOR CLOSED GROUPS pres COURS DE FRANCAIS POUR ADULTES LSF Intensive French Courses Intensive immersion courses A level one to one Groups Birthday Repas formation dans votre centre Nos formateurs se de\u0301placent 6 Nos formateurs se de\u0301placent 5 Formation FLE e\u0301te\u0301<\/p>\n\t\t<\/div>\n\t\t\n\t\t<a class=\"elementor-post__read-more\" href=\"https:\/\/lsf-france.com\/es\/acerca-de-lsf\/galeria-de-fotos-de-lsf\/\" aria-label=\"M\u00e1s informaci\u00f3n sobre Galer\u00eda de fotos de LSF\" tabindex=\"-1\" >\n\t\t\tLeer m\u00e1s \u00bb\t\t<\/a>\n\n\t\t\t\t<\/div>\n\t\t\t\t\t<\/div>\n\t\t<\/article>\n\t\t\t\t<article class=\"elementor-post elementor-grid-item post-382537 page type-page status-publish hentry\" role=\"listitem\">\n\t\t\t<div class=\"elementor-post__card\">\n\t\t\t\t<div class=\"elementor-post__text\">\n\t\t\t\t<h3 class=\"elementor-post__title\">\n\t\t\t<a href=\"https:\/\/lsf-france.com\/es\/acerca-de-lsf\/el-equipo-de-lsf\/\" >\n\t\t\t\tEl equipo de LSF\t\t\t<\/a>\n\t\t<\/h3>\n\t\t\t\t<div class=\"elementor-post__excerpt\">\n\t\t\t<p>Nuestro equipo administrativo Eugenia Director Eva Responsable de Educaci\u00f3n Liora Recepci\u00f3n y actividades Axelle Asesor pedag\u00f3gico Julie Asesor pedag\u00f3gico Yenifer Asesor pedag\u00f3gico Axel Coordinador de viajes Nuestro equipo de profesores de franc\u00e9s Xavier Profesor Floriane Profesor Anissa Profesor Claire Profesor Malika Profesor<\/p>\n\t\t<\/div>\n\t\t\n\t\t<a class=\"elementor-post__read-more\" href=\"https:\/\/lsf-france.com\/es\/acerca-de-lsf\/el-equipo-de-lsf\/\" aria-label=\"M\u00e1s informaci\u00f3n sobre El equipo de LSF\" tabindex=\"-1\" >\n\t\t\tLeer m\u00e1s \u00bb\t\t<\/a>\n\n\t\t\t\t<\/div>\n\t\t\t\t\t<\/div>\n\t\t<\/article>\n\t\t\t\t<article class=\"elementor-post elementor-grid-item post-382252 page type-page status-publish has-post-thumbnail hentry\" role=\"listitem\">\n\t\t\t<div class=\"elementor-post__card\">\n\t\t\t\t<a class=\"elementor-post__thumbnail__link\" href=\"https:\/\/lsf-france.com\/es\/acerca-de-lsf\/escuela\/\" tabindex=\"-1\" ><div class=\"elementor-post__thumbnail\"><img fetchpriority=\"high\" decoding=\"async\" width=\"300\" height=\"200\" src=\"https:\/\/lsf-france.com\/wp-content\/uploads\/2018\/10\/Plan-de-travail-1-1.jpg\" class=\"attachment-medium size-medium wp-image-382434\" alt=\"\" srcset=\"https:\/\/lsf-france.com\/wp-content\/uploads\/2018\/10\/Plan-de-travail-1-1.jpg 1000w, https:\/\/lsf-france.com\/wp-content\/uploads\/2018\/10\/Plan-de-travail-1-1-600x400.jpg 600w\" sizes=\"(max-width: 300px) 100vw, 300px\" \/><\/div><\/a>\n\t\t\t\t<div class=\"elementor-post__text\">\n\t\t\t\t<h3 class=\"elementor-post__title\">\n\t\t\t<a href=\"https:\/\/lsf-france.com\/es\/acerca-de-lsf\/escuela\/\" >\n\t\t\t\tEscuela\t\t\t<\/a>\n\t\t<\/h3>\n\t\t\t\t<div class=\"elementor-post__excerpt\">\n\t\t\t<p>LSF Montpellier es una instituci\u00f3n privada de ense\u00f1anza superior, una de las escuelas de franc\u00e9s m\u00e1s consolidadas y conocidas de Francia, a la que acuden cada a\u00f1o 2.800 estudiantes de todo el mundo para aprender franc\u00e9s en Francia. Desde 1996, LSF organiza estancias ling\u00fc\u00edsticas en Montpellier para adultos y j\u00f3venes, grupos e individuales, en un ambiente familiar y acogedor y<\/p>\n\t\t<\/div>\n\t\t\n\t\t<a class=\"elementor-post__read-more\" href=\"https:\/\/lsf-france.com\/es\/acerca-de-lsf\/escuela\/\" aria-label=\"M\u00e1s informaci\u00f3n sobre Escuela\" tabindex=\"-1\" >\n\t\t\tLeer m\u00e1s \u00bb\t\t<\/a>\n\n\t\t\t\t<\/div>\n\t\t\t\t\t<\/div>\n\t\t<\/article>\n\t\t\t\t<article class=\"elementor-post elementor-grid-item post-382250 page type-page status-publish has-post-thumbnail hentry\" role=\"listitem\">\n\t\t\t<div class=\"elementor-post__card\">\n\t\t\t\t<a class=\"elementor-post__thumbnail__link\" href=\"https:\/\/lsf-france.com\/es\/acerca-de-lsf\/resenas-lsf-montpellier\/\" tabindex=\"-1\" ><div class=\"elementor-post__thumbnail\"><img decoding=\"async\" width=\"300\" height=\"225\" src=\"https:\/\/lsf-france.com\/wp-content\/uploads\/2020\/01\/Nos-formateurs-se-de\u0301placent-6-300x225.jpg\" class=\"attachment-medium size-medium wp-image-382295\" alt=\"\" srcset=\"https:\/\/lsf-france.com\/wp-content\/uploads\/2020\/01\/Nos-formateurs-se-de\u0301placent-6-300x225.jpg 300w, https:\/\/lsf-france.com\/wp-content\/uploads\/2020\/01\/Nos-formateurs-se-de\u0301placent-6-600x450.jpg 600w, https:\/\/lsf-france.com\/wp-content\/uploads\/2020\/01\/Nos-formateurs-se-de\u0301placent-6-1024x768.jpg 1024w, https:\/\/lsf-france.com\/wp-content\/uploads\/2020\/01\/Nos-formateurs-se-de\u0301placent-6-768x576.jpg 768w, https:\/\/lsf-france.com\/wp-content\/uploads\/2020\/01\/Nos-formateurs-se-de\u0301placent-6-1536x1152.jpg 1536w, https:\/\/lsf-france.com\/wp-content\/uploads\/2020\/01\/Nos-formateurs-se-de\u0301placent-6-463x348.jpg 463w, https:\/\/lsf-france.com\/wp-content\/uploads\/2020\/01\/Nos-formateurs-se-de\u0301placent-6-640x480.jpg 640w, https:\/\/lsf-france.com\/wp-content\/uploads\/2020\/01\/Nos-formateurs-se-de\u0301placent-6-400x300.jpg 400w, https:\/\/lsf-france.com\/wp-content\/uploads\/2020\/01\/Nos-formateurs-se-de\u0301placent-6.jpg 2016w\" sizes=\"(max-width: 300px) 100vw, 300px\" \/><\/div><\/a>\n\t\t\t\t<div class=\"elementor-post__text\">\n\t\t\t\t<h3 class=\"elementor-post__title\">\n\t\t\t<a href=\"https:\/\/lsf-france.com\/es\/acerca-de-lsf\/resenas-lsf-montpellier\/\" >\n\t\t\t\tRese\u00f1as LSF Montpellier\t\t\t<\/a>\n\t\t<\/h3>\n\t\t\t\t<div class=\"elementor-post__excerpt\">\n\t\t\t<p>Descubra las opiniones de los estudiantes que han venido a LSF Montpellier en los \u00faltimos pocos meses.<\/p>\n\t\t<\/div>\n\t\t\n\t\t<a class=\"elementor-post__read-more\" href=\"https:\/\/lsf-france.com\/es\/acerca-de-lsf\/resenas-lsf-montpellier\/\" aria-label=\"M\u00e1s informaci\u00f3n sobre Rese\u00f1as LSF Montpellier\" tabindex=\"-1\" >\n\t\t\tLeer m\u00e1s \u00bb\t\t<\/a>\n\n\t\t\t\t<\/div>\n\t\t\t\t\t<\/div>\n\t\t<\/article>\n\t\t\t\t<article class=\"elementor-post elementor-grid-item post-382254 page type-page status-publish has-post-thumbnail hentry\" role=\"listitem\">\n\t\t\t<div class=\"elementor-post__card\">\n\t\t\t\t<a class=\"elementor-post__thumbnail__link\" href=\"https:\/\/lsf-france.com\/es\/acerca-de-lsf\/localizacion-de-la-escuela\/\" tabindex=\"-1\" ><div class=\"elementor-post__thumbnail\"><img decoding=\"async\" width=\"300\" height=\"225\" src=\"https:\/\/lsf-france.com\/wp-content\/uploads\/2021\/03\/IMG-20190522-WA0001-300x225.jpg\" class=\"attachment-medium size-medium wp-image-391549\" alt=\"\" srcset=\"https:\/\/lsf-france.com\/wp-content\/uploads\/2021\/03\/IMG-20190522-WA0001-300x225.jpg 300w, https:\/\/lsf-france.com\/wp-content\/uploads\/2021\/03\/IMG-20190522-WA0001-600x450.jpg 600w, https:\/\/lsf-france.com\/wp-content\/uploads\/2021\/03\/IMG-20190522-WA0001-1024x768.jpg 1024w, https:\/\/lsf-france.com\/wp-content\/uploads\/2021\/03\/IMG-20190522-WA0001-768x576.jpg 768w, https:\/\/lsf-france.com\/wp-content\/uploads\/2021\/03\/IMG-20190522-WA0001-1536x1152.jpg 1536w, https:\/\/lsf-france.com\/wp-content\/uploads\/2021\/03\/IMG-20190522-WA0001-463x348.jpg 463w, https:\/\/lsf-france.com\/wp-content\/uploads\/2021\/03\/IMG-20190522-WA0001-640x480.jpg 640w, https:\/\/lsf-france.com\/wp-content\/uploads\/2021\/03\/IMG-20190522-WA0001-400x300.jpg 400w, https:\/\/lsf-france.com\/wp-content\/uploads\/2021\/03\/IMG-20190522-WA0001.jpg 1600w\" sizes=\"(max-width: 300px) 100vw, 300px\" \/><\/div><\/a>\n\t\t\t\t<div class=\"elementor-post__text\">\n\t\t\t\t<h3 class=\"elementor-post__title\">\n\t\t\t<a href=\"https:\/\/lsf-france.com\/es\/acerca-de-lsf\/localizacion-de-la-escuela\/\" >\n\t\t\t\tLocalizaci\u00f3n de la escuela\t\t\t<\/a>\n\t\t<\/h3>\n\t\t\t\t<div class=\"elementor-post__excerpt\">\n\t\t\t<p>Localizaci\u00f3n de la escuela LSF Nuestra escuela de franc\u00e9s se encuentra en pleno coraz\u00f3n del centro hist\u00f3rico peatonal de Montpellier, repartida en tres edificios prestigiosos, con un total de 16 aulas. Nuestro centro principal para adultos est\u00e1 en el 6 Rue Foch, cerca del Arco del Triunfo, y recibe alumnos desde 2014. LSF St Guilhem est\u00e1 situado en el 34<\/p>\n\t\t<\/div>\n\t\t\n\t\t<a class=\"elementor-post__read-more\" href=\"https:\/\/lsf-france.com\/es\/acerca-de-lsf\/localizacion-de-la-escuela\/\" aria-label=\"M\u00e1s informaci\u00f3n sobre Localizaci\u00f3n de la escuela\" tabindex=\"-1\" >\n\t\t\tLeer m\u00e1s \u00bb\t\t<\/a>\n\n\t\t\t\t<\/div>\n\t\t\t\t\t<\/div>\n\t\t<\/article>\n\t\t\t\t<article class=\"elementor-post elementor-grid-item post-382256 page type-page status-publish has-post-thumbnail hentry\" role=\"listitem\">\n\t\t\t<div class=\"elementor-post__card\">\n\t\t\t\t<a class=\"elementor-post__thumbnail__link\" href=\"https:\/\/lsf-france.com\/es\/acerca-de-lsf\/por-que-elegir-lsf\/\" tabindex=\"-1\" ><div class=\"elementor-post__thumbnail\"><img loading=\"lazy\" decoding=\"async\" width=\"300\" height=\"200\" src=\"https:\/\/lsf-france.com\/wp-content\/uploads\/2021\/04\/BLOG-COUVERTURE-3-300x200.jpg\" class=\"attachment-medium size-medium wp-image-392453\" alt=\"d\u00e9confinement\" srcset=\"https:\/\/lsf-france.com\/wp-content\/uploads\/2021\/04\/BLOG-COUVERTURE-3-300x200.jpg 300w, https:\/\/lsf-france.com\/wp-content\/uploads\/2021\/04\/BLOG-COUVERTURE-3-600x400.jpg 600w, https:\/\/lsf-france.com\/wp-content\/uploads\/2021\/04\/BLOG-COUVERTURE-3-1024x683.jpg 1024w, https:\/\/lsf-france.com\/wp-content\/uploads\/2021\/04\/BLOG-COUVERTURE-3-768x512.jpg 768w, https:\/\/lsf-france.com\/wp-content\/uploads\/2021\/04\/BLOG-COUVERTURE-3-1600x1067.jpg 1600w, https:\/\/lsf-france.com\/wp-content\/uploads\/2021\/04\/BLOG-COUVERTURE-3-1536x1024.jpg 1536w, https:\/\/lsf-france.com\/wp-content\/uploads\/2021\/04\/BLOG-COUVERTURE-3-2048x1366.jpg 2048w, https:\/\/lsf-france.com\/wp-content\/uploads\/2021\/04\/BLOG-COUVERTURE-3-640x427.jpg 640w, https:\/\/lsf-france.com\/wp-content\/uploads\/2021\/04\/BLOG-COUVERTURE-3-400x267.jpg 400w\" sizes=\"(max-width: 300px) 100vw, 300px\" \/><\/div><\/a>\n\t\t\t\t<div class=\"elementor-post__text\">\n\t\t\t\t<h3 class=\"elementor-post__title\">\n\t\t\t<a href=\"https:\/\/lsf-france.com\/es\/acerca-de-lsf\/por-que-elegir-lsf\/\" >\n\t\t\t\t\u00bfPor qu\u00e9 elegir LSF?\t\t\t<\/a>\n\t\t<\/h3>\n\t\t\t\t<div class=\"elementor-post__excerpt\">\n\t\t\t<p>Elecci\u00f3n de la escuela de franc\u00e9s de LSF 20 aulas climatizadas ubicadas en prestigiosos edificios del centro hist\u00f3rico de Montpellier. Cursos para adultos y j\u00f3venes: LSF es la \u00fanica escuela de Montpellier que ofrece cursos de vacaciones para j\u00f3venes y cursos para adultos durante todo el a\u00f1o, en centros separados. Un lugar perfecto para estudiar con toda la familia! Una<\/p>\n\t\t<\/div>\n\t\t\n\t\t<a class=\"elementor-post__read-more\" href=\"https:\/\/lsf-france.com\/es\/acerca-de-lsf\/por-que-elegir-lsf\/\" aria-label=\"M\u00e1s informaci\u00f3n sobre \u00bfPor qu\u00e9 elegir LSF?\" tabindex=\"-1\" >\n\t\t\tLeer m\u00e1s \u00bb\t\t<\/a>\n\n\t\t\t\t<\/div>\n\t\t\t\t\t<\/div>\n\t\t<\/article>\n\t\t\t\t<article class=\"elementor-post elementor-grid-item post-382739 page type-page status-publish hentry\" role=\"listitem\">\n\t\t\t<div class=\"elementor-post__card\">\n\t\t\t\t<div class=\"elementor-post__text\">\n\t\t\t\t<h3 class=\"elementor-post__title\">\n\t\t\t<a href=\"https:\/\/lsf-france.com\/es\/blog-lsf-montpellier\/\" >\n\t\t\t\tBlog LSF Montpellier\t\t\t<\/a>\n\t\t<\/h3>\n\t\t\t\t<div class=\"elementor-post__excerpt\">\n\t\t\t<p>[vc_row css=\u00bb.vc_custom_1590740721756{margin-top: 35px !important;}\u00bb][vc_column][vc_column_text] Descubre la vida de la escuela, las \u00faltimas noticias de LSF y cosas que hay que saber sobre la lengua y la cultura francesa. [\/vc_column_text][\/vc_column][\/vc_row][vc_row css=\u00bb.vc_custom_1541158463892{margin-top: 20px !important;}\u00bb][vc_column width=\u00bb5\/6&#8243;][porto_blog post_layout=\u00bbgrid\u00bb number=\u00bb12&#8243; view_more=\u00bbshow\u00bb image_size=\u00bbblog-medium\u00bb excerpt_length=\u00bb10&#8243;][\/vc_column][vc_column width=\u00bb1\/6&#8243; css=\u00bb.vc_custom_1590739643404{padding: 15px !important;background-color: #f2f2f2 !important;border-radius: 3px !important;}\u00bb][vc_widget_sidebar sidebar_id=\u00bbblog-sidebar\u00bb][\/vc_column][\/vc_row]<\/p>\n\t\t<\/div>\n\t\t\n\t\t<a class=\"elementor-post__read-more\" href=\"https:\/\/lsf-france.com\/es\/blog-lsf-montpellier\/\" aria-label=\"M\u00e1s informaci\u00f3n sobre Blog LSF Montpellier\" tabindex=\"-1\" >\n\t\t\tLeer m\u00e1s \u00bb\t\t<\/a>\n\n\t\t\t\t<\/div>\n\t\t\t\t\t<\/div>\n\t\t<\/article>\n\t\t\t\t<article class=\"elementor-post elementor-grid-item post-382764 page type-page status-publish hentry\" role=\"listitem\">\n\t\t\t<div class=\"elementor-post__card\">\n\t\t\t\t<div class=\"elementor-post__text\">\n\t\t\t\t<h3 class=\"elementor-post__title\">\n\t\t\t<a href=\"https:\/\/lsf-france.com\/es\/contactanos\/\" >\n\t\t\t\tCont\u00e1ctanos\t\t\t<\/a>\n\t\t<\/h3>\n\t\t\t\t<div class=\"elementor-post__excerpt\">\n\t\t\t<p>Informaci\u00f3n 6 rue Foch34000 MontpellierFRANCE Tel\u00e9fono: +33 4 67 91 31 60 Fax: +33 4 67 91 31 61 Email: contact@lsf-france.com exam@klf-france.com Si usted desea recibir un presupuesto por favor indique el curso, el tipo de alojamiento y la duraci\u00f3n que le interese, y nosotros nos pondremos en contacto con usted lo antes posible. Cont\u00e1ctanos<\/p>\n\t\t<\/div>\n\t\t\n\t\t<a class=\"elementor-post__read-more\" href=\"https:\/\/lsf-france.com\/es\/contactanos\/\" aria-label=\"M\u00e1s informaci\u00f3n sobre Cont\u00e1ctanos\" tabindex=\"-1\" >\n\t\t\tLeer m\u00e1s \u00bb\t\t<\/a>\n\n\t\t\t\t<\/div>\n\t\t\t\t\t<\/div>\n\t\t<\/article>\n\t\t\t\t<\/div>\n\t\t\n\t\t\t\t\t\t<\/div>\n\t\t\t\t<\/div>\n\t\t\t\t\t<\/div>\n\t\t<\/div>\n\t\t\t\t\t<\/div>\n\t\t<\/section>\n\t\t\t\t<\/div>\n\t\t","protected":false},"excerpt":{"rendered":"","protected":false},"author":1,"featured_media":0,"parent":0,"menu_order":0,"comment_status":"closed","ping_status":"closed","template":"","meta":{"_acf_changed":false,"content-type":"","footnotes":""},"class_list":["post-382243","page","type-page","status-publish","hentry"],"acf":[],"_links":{"self":[{"href":"https:\/\/lsf-france.com\/es\/wp-json\/wp\/v2\/pages\/382243","targetHints":{"allow":["GET"]}}],"collection":[{"href":"https:\/\/lsf-france.com\/es\/wp-json\/wp\/v2\/pages"}],"about":[{"href":"https:\/\/lsf-france.com\/es\/wp-json\/wp\/v2\/types\/page"}],"author":[{"embeddable":true,"href":"https:\/\/lsf-france.com\/es\/wp-json\/wp\/v2\/users\/1"}],"replies":[{"embeddable":true,"href":"https:\/\/lsf-france.com\/es\/wp-json\/wp\/v2\/comments?post=382243"}],"version-history":[{"count":0,"href":"https:\/\/lsf-france.com\/es\/wp-json\/wp\/v2\/pages\/382243\/revisions"}],"wp:attachment":[{"href":"https:\/\/lsf-france.com\/es\/wp-json\/wp\/v2\/media?parent=382243"}],"curies":[{"name":"wp","href":"https:\/\/api.w.org\/{rel}","templated":true}]}}