{"id":382252,"date":"2019-02-13T14:42:57","date_gmt":"2019-02-13T13:42:57","guid":{"rendered":"https:\/\/lsf-france.com\/acerca-de-lsf\/escuela\/"},"modified":"2026-01-23T17:45:33","modified_gmt":"2026-01-23T16:45:33","slug":"escuela","status":"publish","type":"page","link":"https:\/\/lsf-france.com\/es\/acerca-de-lsf\/escuela\/","title":{"rendered":"Escuela"},"content":{"rendered":"\t\t<div data-elementor-type=\"wp-page\" data-elementor-id=\"382252\" class=\"elementor elementor-382252 elementor-34209\" data-elementor-post-type=\"page\">\n\t\t\t\t\t\t<section class=\"elementor-section elementor-top-section elementor-element elementor-element-181b4e56 elementor-section-boxed elementor-section-height-default elementor-section-height-default\" data-id=\"181b4e56\" data-element_type=\"section\" data-e-type=\"section\">\n\t\t\t\t\t\t<div class=\"elementor-container elementor-column-gap-default\">\n\t\t\t\t\t<div class=\"elementor-column elementor-col-100 elementor-top-column elementor-element elementor-element-397786f2\" data-id=\"397786f2\" data-element_type=\"column\" data-e-type=\"column\">\n\t\t\t<div class=\"elementor-widget-wrap elementor-element-populated\">\n\t\t\t\t\t\t<div class=\"elementor-element elementor-element-f25fbf5 elementor-widget elementor-widget-text-editor\" data-id=\"f25fbf5\" data-element_type=\"widget\" data-e-type=\"widget\" data-widget_type=\"text-editor.default\">\n\t\t\t\t<div class=\"elementor-widget-container\">\n\t\t\t\t\t\t\t\t\t<p>LSF Montpellier es una instituci\u00f3n privada de ense\u00f1anza superior, una de las escuelas de franc\u00e9s m\u00e1s consolidadas y conocidas de Francia, a la que acuden cada a\u00f1o 2.800 estudiantes de todo el mundo para aprender franc\u00e9s en Francia.<\/p><p>Desde 1996, LSF organiza estancias ling\u00fc\u00edsticas en Montpellier para adultos y j\u00f3venes, grupos e individuales, en un ambiente familiar y acogedor y con una gran mezcla de nacionalidades y edades en los cursos. Nuestra escuela de franc\u00e9s ofrece cursos de franc\u00e9s de alta calidad impartidos por profesores competentes y entusiastas, alojamiento cuidadosamente seleccionado y un amplio programa cultural y de ocio. \u00a1La mejor forma de aprender franc\u00e9s en Francia y descubrir la cultura francesa mientras disfrutas de todos los placeres del maravilloso sur de Francia!<\/p>\t\t\t\t\t\t\t\t<\/div>\n\t\t\t\t<\/div>\n\t\t\t\t\t<\/div>\n\t\t<\/div>\n\t\t\t\t\t<\/div>\n\t\t<\/section>\n\t\t\t\t<section class=\"elementor-section elementor-top-section elementor-element elementor-element-75c25fb elementor-section-boxed elementor-section-height-default elementor-section-height-default\" data-id=\"75c25fb\" data-element_type=\"section\" data-e-type=\"section\">\n\t\t\t\t\t\t<div class=\"elementor-container elementor-column-gap-default\">\n\t\t\t\t\t<div class=\"elementor-column elementor-col-100 elementor-top-column elementor-element elementor-element-b100d3b\" data-id=\"b100d3b\" data-element_type=\"column\" data-e-type=\"column\">\n\t\t\t<div class=\"elementor-widget-wrap elementor-element-populated\">\n\t\t\t\t\t\t<div class=\"elementor-element elementor-element-ca25187 elementor-widget elementor-widget-video\" data-id=\"ca25187\" data-element_type=\"widget\" data-e-type=\"widget\" data-settings=\"{&quot;youtube_url&quot;:&quot;https:\\\/\\\/youtu.be\\\/72VALTR9SNI?si=SFFF8CHi_qFIipfJ&quot;,&quot;autoplay&quot;:&quot;yes&quot;,&quot;play_on_mobile&quot;:&quot;yes&quot;,&quot;mute&quot;:&quot;yes&quot;,&quot;loop&quot;:&quot;yes&quot;,&quot;lazy_load&quot;:&quot;yes&quot;,&quot;video_type&quot;:&quot;youtube&quot;,&quot;controls&quot;:&quot;yes&quot;}\" data-widget_type=\"video.default\">\n\t\t\t\t<div class=\"elementor-widget-container\">\n\t\t\t\t\t\t\t<div class=\"elementor-wrapper elementor-open-inline\">\n\t\t\t<div class=\"elementor-video\"><\/div>\t\t<\/div>\n\t\t\t\t\t\t<\/div>\n\t\t\t\t<\/div>\n\t\t\t\t\t<\/div>\n\t\t<\/div>\n\t\t\t\t\t<\/div>\n\t\t<\/section>\n\t\t\t\t<section class=\"elementor-section elementor-top-section elementor-element elementor-element-03d3f19 elementor-section-boxed elementor-section-height-default elementor-section-height-default\" data-id=\"03d3f19\" data-element_type=\"section\" data-e-type=\"section\">\n\t\t\t\t\t\t<div class=\"elementor-container elementor-column-gap-default\">\n\t\t\t\t\t<div class=\"elementor-column elementor-col-100 elementor-top-column elementor-element elementor-element-c4a4574\" data-id=\"c4a4574\" data-element_type=\"column\" data-e-type=\"column\">\n\t\t\t<div class=\"elementor-widget-wrap elementor-element-populated\">\n\t\t\t\t\t\t<div class=\"elementor-element elementor-element-325aac5 elementor-widget elementor-widget-image-carousel\" data-id=\"325aac5\" data-element_type=\"widget\" data-e-type=\"widget\" data-settings=\"{&quot;slides_to_show&quot;:&quot;4&quot;,&quot;navigation&quot;:&quot;none&quot;,&quot;speed&quot;:500}\" data-widget_type=\"image-carousel.default\">\n\t\t\t\t<div class=\"elementor-widget-container\">\n\t\t\t\t\t\t\t<div class=\"elementor-image-carousel-wrapper swiper\" role=\"region\" aria-roledescription=\"carousel\" aria-label=\"Image Carousel\" dir=\"ltr\">\n\t\t\t<div class=\"elementor-image-carousel swiper-wrapper\" aria-live=\"polite\">\n\t\t\t\t\t\t\t\t<div class=\"swiper-slide\" role=\"group\" aria-roledescription=\"slide\" aria-label=\"1 de 4\"><figure class=\"swiper-slide-inner\"><img decoding=\"async\" class=\"swiper-slide-image\" src=\"https:\/\/lsf-france.com\/wp-content\/uploads\/2024\/09\/03_KLF_MONTPELLIER_402_websize-768x512.jpg\" alt=\"KLF 2024 Montpellier\" \/><\/figure><\/div><div class=\"swiper-slide\" role=\"group\" aria-roledescription=\"slide\" aria-label=\"2 de 4\"><figure class=\"swiper-slide-inner\"><img decoding=\"async\" class=\"swiper-slide-image\" src=\"https:\/\/lsf-france.com\/wp-content\/uploads\/2024\/02\/6-bis-Ecole-2-768x513.jpg\" alt=\"6-bis-Ecole-2.jpg\" \/><\/figure><\/div><div class=\"swiper-slide\" role=\"group\" aria-roledescription=\"slide\" aria-label=\"3 de 4\"><figure class=\"swiper-slide-inner\"><img decoding=\"async\" class=\"swiper-slide-image\" src=\"https:\/\/lsf-france.com\/wp-content\/uploads\/2024\/09\/03_KLF_MONTPELLIER_373_websize-768x512.jpg\" alt=\"KLF 2024 Montpellier\" \/><\/figure><\/div><div class=\"swiper-slide\" role=\"group\" aria-roledescription=\"slide\" aria-label=\"4 de 4\"><figure class=\"swiper-slide-inner\"><img decoding=\"async\" class=\"swiper-slide-image\" src=\"https:\/\/lsf-france.com\/wp-content\/uploads\/2024\/09\/03_KLF_MONTPELLIER_419_websize-768x512.jpg\" alt=\"KLF 2024 Montpellier\" \/><\/figure><\/div>\t\t\t<\/div>\n\t\t\t\t\t\t\t\n\t\t\t\t\t\t\t\t\t<\/div>\n\t\t\t\t\t\t<\/div>\n\t\t\t\t<\/div>\n\t\t\t\t\t<\/div>\n\t\t<\/div>\n\t\t\t\t\t<\/div>\n\t\t<\/section>\n\t\t\t\t<section class=\"elementor-section elementor-top-section elementor-element elementor-element-dd492bf elementor-section-boxed elementor-section-height-default elementor-section-height-default\" data-id=\"dd492bf\" data-element_type=\"section\" data-e-type=\"section\">\n\t\t\t\t\t\t<div class=\"elementor-container elementor-column-gap-default\">\n\t\t\t\t\t<div class=\"elementor-column elementor-col-100 elementor-top-column elementor-element elementor-element-65b6ceb\" data-id=\"65b6ceb\" data-element_type=\"column\" data-e-type=\"column\">\n\t\t\t<div class=\"elementor-widget-wrap elementor-element-populated\">\n\t\t\t\t\t\t<div class=\"elementor-element elementor-element-d872351 elementor-widget elementor-widget-heading\" data-id=\"d872351\" data-element_type=\"widget\" data-e-type=\"widget\" data-widget_type=\"heading.default\">\n\t\t\t\t<div class=\"elementor-widget-container\">\n\t\t\t\t\t<h2 class=\"elementor-heading-title elementor-size-default\">Nuestra Escuela de Adultos<\/h2>\t\t\t\t<\/div>\n\t\t\t\t<\/div>\n\t\t\t\t<div class=\"elementor-element elementor-element-bb134be elementor-widget elementor-widget-text-editor\" data-id=\"bb134be\" data-element_type=\"widget\" data-e-type=\"widget\" data-widget_type=\"text-editor.default\">\n\t\t\t\t<div class=\"elementor-widget-container\">\n\t\t\t\t\t\t\t\t\t<p>En nuestra escuela de franc\u00e9s para adultos, situada en el centro hist\u00f3rico de Montpellier, tienes a tu disposici\u00f3n todo lo necesario para aprender franc\u00e9s en las mejores condiciones y aprovechar al m\u00e1ximo tu estancia ling\u00fc\u00edstica en el sur de Francia.<\/p><p>La escuela principal de adultos, que tambi\u00e9n alberga a nuestro equipo administrativo, est\u00e1 situada en un edificio lleno de car\u00e1cter, frente al Palacio de Justicia y junto al Arco del Triunfo, en el centro hist\u00f3rico de Montpellier, a s\u00f3lo 5 minutos a pie del anexo impasse Barnab\u00e9 y de la plaza de la Com\u00e9die. LSF tambi\u00e9n inaugur\u00f3 el nuevo anexo de la Prefectura de LSF en marzo de 2016, lo que hace un total de 20 aulas climatizadas.<\/p><p><strong>LSF te ofrece la oportunidad de aprender franc\u00e9s en un lugar nuevo, c\u00e1lido y acogedor, con instalaciones modernas:<\/strong><\/p><ul><li>20 aulas climatizadas situadas en prestigiosos edificios del centro hist\u00f3rico de Montpellier, aulas espaciosas y luminosas, que te ayudar\u00e1n a aprender franc\u00e9s en las mejores condiciones<\/li><li>5 Paneles Planos Interactivos<\/li><li>Ordenadores de pantalla plana con Internet de alta velocidad y acceso inal\u00e1mbrico (WIFI) gratuito<\/li><li>Un sal\u00f3n con t\u00e9, caf\u00e9, chocolate y bebidas frescas, una m\u00e1quina expendedora de aperitivos y una fuente de agua.<\/li><li>Un jard\u00edn privado en LSF Foch, ideal para relajarse en los descansos con los amigos y disfrutar de los muchos d\u00edas soleados del sur de Francia. Nuestro anexo Barnab\u00e9 tambi\u00e9n tiene una terraza \u00fanica en la azotea.<\/li><li>Un centro de recursos con una selecci\u00f3n de pel\u00edculas en franc\u00e9s, literatura francesa y cuadernos de ejercicios que puedes utilizar como complemento a tus estudios.<\/li><li>Informaci\u00f3n tur\u00edstica con revistas locales, peri\u00f3dicos, libros tur\u00edsticos, informaci\u00f3n cultural, etc.<\/li><\/ul>\t\t\t\t\t\t\t\t<\/div>\n\t\t\t\t<\/div>\n\t\t\t\t\t<\/div>\n\t\t<\/div>\n\t\t\t\t\t<\/div>\n\t\t<\/section>\n\t\t\t\t<section class=\"elementor-section elementor-top-section elementor-element elementor-element-5274491 elementor-section-boxed elementor-section-height-default elementor-section-height-default\" data-id=\"5274491\" data-element_type=\"section\" data-e-type=\"section\">\n\t\t\t\t\t\t<div class=\"elementor-container elementor-column-gap-default\">\n\t\t\t\t\t<div class=\"elementor-column elementor-col-100 elementor-top-column elementor-element elementor-element-d7e3da1\" data-id=\"d7e3da1\" data-element_type=\"column\" data-e-type=\"column\">\n\t\t\t<div class=\"elementor-widget-wrap elementor-element-populated\">\n\t\t\t\t\t\t<div class=\"elementor-element elementor-element-425b7f8 elementor-widget elementor-widget-image-carousel\" data-id=\"425b7f8\" data-element_type=\"widget\" data-e-type=\"widget\" data-settings=\"{&quot;slides_to_show&quot;:&quot;4&quot;,&quot;navigation&quot;:&quot;none&quot;,&quot;speed&quot;:500}\" data-widget_type=\"image-carousel.default\">\n\t\t\t\t<div class=\"elementor-widget-container\">\n\t\t\t\t\t\t\t<div class=\"elementor-image-carousel-wrapper swiper\" role=\"region\" aria-roledescription=\"carousel\" aria-label=\"Image Carousel\" dir=\"ltr\">\n\t\t\t<div class=\"elementor-image-carousel swiper-wrapper\" aria-live=\"polite\">\n\t\t\t\t\t\t\t\t<div class=\"swiper-slide\" role=\"group\" aria-roledescription=\"slide\" aria-label=\"1 de 4\"><figure class=\"swiper-slide-inner\"><img decoding=\"async\" class=\"swiper-slide-image\" src=\"https:\/\/lsf-france.com\/wp-content\/uploads\/2018\/10\/Plan-de-travail-1.jpg\" alt=\"Combined courses\" \/><\/figure><\/div><div class=\"swiper-slide\" role=\"group\" aria-roledescription=\"slide\" aria-label=\"2 de 4\"><figure class=\"swiper-slide-inner\"><img decoding=\"async\" class=\"swiper-slide-image\" src=\"https:\/\/lsf-france.com\/wp-content\/uploads\/2024\/09\/03_KLF_MONTPELLIER_232_websize-768x512.jpg\" alt=\"KLF 2024 Montpellier\" \/><\/figure><\/div><div class=\"swiper-slide\" role=\"group\" aria-roledescription=\"slide\" aria-label=\"3 de 4\"><figure class=\"swiper-slide-inner\"><img decoding=\"async\" class=\"swiper-slide-image\" src=\"https:\/\/lsf-france.com\/wp-content\/uploads\/2023\/07\/2-General-French-Courses-1-768x512.jpg\" alt=\"2 General French Courses\" \/><\/figure><\/div><div class=\"swiper-slide\" role=\"group\" aria-roledescription=\"slide\" aria-label=\"4 de 4\"><figure class=\"swiper-slide-inner\"><img decoding=\"async\" class=\"swiper-slide-image\" src=\"https:\/\/lsf-france.com\/wp-content\/uploads\/2024\/09\/03_KLF_MONTPELLIER_201_websize-768x512.jpg\" alt=\"KLF 2024 Montpellier\" \/><\/figure><\/div>\t\t\t<\/div>\n\t\t\t\t\t\t\t\n\t\t\t\t\t\t\t\t\t<\/div>\n\t\t\t\t\t\t<\/div>\n\t\t\t\t<\/div>\n\t\t\t\t\t<\/div>\n\t\t<\/div>\n\t\t\t\t\t<\/div>\n\t\t<\/section>\n\t\t\t\t<section class=\"elementor-section elementor-top-section elementor-element elementor-element-6c9f2c0 elementor-section-boxed elementor-section-height-default elementor-section-height-default\" data-id=\"6c9f2c0\" data-element_type=\"section\" data-e-type=\"section\">\n\t\t\t\t\t\t<div class=\"elementor-container elementor-column-gap-default\">\n\t\t\t\t\t<div class=\"elementor-column elementor-col-100 elementor-top-column elementor-element elementor-element-36f56c4\" data-id=\"36f56c4\" data-element_type=\"column\" data-e-type=\"column\">\n\t\t\t<div class=\"elementor-widget-wrap elementor-element-populated\">\n\t\t\t\t\t\t<div class=\"elementor-element elementor-element-2382b34 elementor-widget elementor-widget-heading\" data-id=\"2382b34\" data-element_type=\"widget\" data-e-type=\"widget\" data-widget_type=\"heading.default\">\n\t\t\t\t<div class=\"elementor-widget-container\">\n\t\t\t\t\t<h2 class=\"elementor-heading-title elementor-size-default\">Nuestra Escuela Infantil<\/h2>\t\t\t\t<\/div>\n\t\t\t\t<\/div>\n\t\t\t\t<div class=\"elementor-element elementor-element-c77f6ad elementor-widget elementor-widget-text-editor\" data-id=\"c77f6ad\" data-element_type=\"widget\" data-e-type=\"widget\" data-widget_type=\"text-editor.default\">\n\t\t\t\t<div class=\"elementor-widget-container\">\n\t\t\t\t\t\t\t\t\t<p>Nuestro centro Junior est\u00e1 situado en el centro de Montpellier, cerca del centro de Adultos.<\/p><p>Los estudiantes disponen de todo lo necesario para aprender franc\u00e9s en las mejores condiciones y aprovechar al m\u00e1ximo su estancia ling\u00fc\u00edstica en el sur de Francia, con excelentes instalaciones.<\/p>\t\t\t\t\t\t\t\t<\/div>\n\t\t\t\t<\/div>\n\t\t\t\t\t<\/div>\n\t\t<\/div>\n\t\t\t\t\t<\/div>\n\t\t<\/section>\n\t\t\t\t<section class=\"elementor-section elementor-top-section elementor-element elementor-element-5e3e668 elementor-section-boxed elementor-section-height-default elementor-section-height-default\" data-id=\"5e3e668\" data-element_type=\"section\" data-e-type=\"section\">\n\t\t\t\t\t\t<div class=\"elementor-container elementor-column-gap-default\">\n\t\t\t\t\t<div class=\"elementor-column elementor-col-100 elementor-top-column elementor-element elementor-element-f923529\" data-id=\"f923529\" data-element_type=\"column\" data-e-type=\"column\">\n\t\t\t<div class=\"elementor-widget-wrap elementor-element-populated\">\n\t\t\t\t\t\t<div class=\"elementor-element elementor-element-8db3445 elementor-widget elementor-widget-image-carousel\" data-id=\"8db3445\" data-element_type=\"widget\" data-e-type=\"widget\" data-settings=\"{&quot;slides_to_show&quot;:&quot;4&quot;,&quot;navigation&quot;:&quot;none&quot;,&quot;speed&quot;:500}\" data-widget_type=\"image-carousel.default\">\n\t\t\t\t<div class=\"elementor-widget-container\">\n\t\t\t\t\t\t\t<div class=\"elementor-image-carousel-wrapper swiper\" role=\"region\" aria-roledescription=\"carousel\" aria-label=\"Image Carousel\" dir=\"ltr\">\n\t\t\t<div class=\"elementor-image-carousel swiper-wrapper\" aria-live=\"polite\">\n\t\t\t\t\t\t\t\t<div class=\"swiper-slide\" role=\"group\" aria-roledescription=\"slide\" aria-label=\"1 de 4\"><figure class=\"swiper-slide-inner\"><img decoding=\"async\" class=\"swiper-slide-image\" src=\"https:\/\/lsf-france.com\/wp-content\/uploads\/2024\/02\/0X3A6920-768x512.jpg\" alt=\"0X3A6920.jpg\" \/><\/figure><\/div><div class=\"swiper-slide\" role=\"group\" aria-roledescription=\"slide\" aria-label=\"2 de 4\"><figure class=\"swiper-slide-inner\"><img decoding=\"async\" class=\"swiper-slide-image\" src=\"https:\/\/lsf-france.com\/wp-content\/uploads\/2024\/09\/03_KLF_MONTPELLIER_347_websize-768x512.jpg\" alt=\"KLF 2024 Montpellier\" \/><\/figure><\/div><div class=\"swiper-slide\" role=\"group\" aria-roledescription=\"slide\" aria-label=\"3 de 4\"><figure class=\"swiper-slide-inner\"><img decoding=\"async\" class=\"swiper-slide-image\" src=\"https:\/\/lsf-france.com\/wp-content\/uploads\/2024\/09\/03_KLF_MONTPELLIER_341_websize-768x512.jpg\" alt=\"KLF 2024 Montpellier\" \/><\/figure><\/div><div class=\"swiper-slide\" role=\"group\" aria-roledescription=\"slide\" aria-label=\"4 de 4\"><figure class=\"swiper-slide-inner\"><img decoding=\"async\" class=\"swiper-slide-image\" src=\"https:\/\/lsf-france.com\/wp-content\/uploads\/2024\/02\/Group-photo-LSF-768x512.jpg\" alt=\"Group-photo-LSF.jpg\" \/><\/figure><\/div>\t\t\t<\/div>\n\t\t\t\t\t\t\t\n\t\t\t\t\t\t\t\t\t<\/div>\n\t\t\t\t\t\t<\/div>\n\t\t\t\t<\/div>\n\t\t\t\t\t<\/div>\n\t\t<\/div>\n\t\t\t\t\t<\/div>\n\t\t<\/section>\n\t\t\t\t<\/div>\n\t\t","protected":false},"excerpt":{"rendered":"<p>LSF Montpellier es una instituci\u00f3n privada de ense\u00f1anza superior, una de las escuelas de franc\u00e9s m\u00e1s consolidadas y conocidas de Francia, a la que acuden cada a\u00f1o 2.800 estudiantes de [&hellip;]<\/p>\n","protected":false},"author":1,"featured_media":382434,"parent":382243,"menu_order":0,"comment_status":"closed","ping_status":"closed","template":"","meta":{"_acf_changed":false,"content-type":"","footnotes":""},"class_list":["post-382252","page","type-page","status-publish","has-post-thumbnail","hentry"],"acf":[],"_links":{"self":[{"href":"https:\/\/lsf-france.com\/es\/wp-json\/wp\/v2\/pages\/382252","targetHints":{"allow":["GET"]}}],"collection":[{"href":"https:\/\/lsf-france.com\/es\/wp-json\/wp\/v2\/pages"}],"about":[{"href":"https:\/\/lsf-france.com\/es\/wp-json\/wp\/v2\/types\/page"}],"author":[{"embeddable":true,"href":"https:\/\/lsf-france.com\/es\/wp-json\/wp\/v2\/users\/1"}],"replies":[{"embeddable":true,"href":"https:\/\/lsf-france.com\/es\/wp-json\/wp\/v2\/comments?post=382252"}],"version-history":[{"count":4,"href":"https:\/\/lsf-france.com\/es\/wp-json\/wp\/v2\/pages\/382252\/revisions"}],"predecessor-version":[{"id":414795,"href":"https:\/\/lsf-france.com\/es\/wp-json\/wp\/v2\/pages\/382252\/revisions\/414795"}],"up":[{"embeddable":true,"href":"https:\/\/lsf-france.com\/es\/wp-json\/wp\/v2\/pages\/382243"}],"wp:featuredmedia":[{"embeddable":true,"href":"https:\/\/lsf-france.com\/es\/wp-json\/wp\/v2\/media\/382434"}],"wp:attachment":[{"href":"https:\/\/lsf-france.com\/es\/wp-json\/wp\/v2\/media?parent=382252"}],"curies":[{"name":"wp","href":"https:\/\/api.w.org\/{rel}","templated":true}]}}