{"id":382254,"date":"2019-01-11T16:45:41","date_gmt":"2019-01-11T15:45:41","guid":{"rendered":"https:\/\/lsf-france.com\/acerca-de-lsf\/localizacion-de-la-escuela\/"},"modified":"2026-02-13T12:58:34","modified_gmt":"2026-02-13T11:58:34","slug":"localizacion-de-la-escuela","status":"publish","type":"page","link":"https:\/\/lsf-france.com\/es\/acerca-de-lsf\/localizacion-de-la-escuela\/","title":{"rendered":"Localizaci\u00f3n de la escuela"},"content":{"rendered":"\t\t<div data-elementor-type=\"wp-page\" data-elementor-id=\"382254\" class=\"elementor elementor-382254 elementor-33317\" data-elementor-post-type=\"page\">\n\t\t\t\t\t\t<section class=\"elementor-section elementor-top-section elementor-element elementor-element-65f2e75b elementor-section-boxed elementor-section-height-default elementor-section-height-default\" data-id=\"65f2e75b\" data-element_type=\"section\" data-e-type=\"section\">\n\t\t\t\t\t\t<div class=\"elementor-container elementor-column-gap-default\">\n\t\t\t\t\t<div class=\"elementor-column elementor-col-100 elementor-top-column elementor-element elementor-element-387173a2\" data-id=\"387173a2\" data-element_type=\"column\" data-e-type=\"column\">\n\t\t\t<div class=\"elementor-widget-wrap elementor-element-populated\">\n\t\t\t\t\t\t<div class=\"elementor-element elementor-element-5362e62 elementor-widget elementor-widget-heading\" data-id=\"5362e62\" data-element_type=\"widget\" data-e-type=\"widget\" data-widget_type=\"heading.default\">\n\t\t\t\t<div class=\"elementor-widget-container\">\n\t\t\t\t\t<h2 class=\"elementor-heading-title elementor-size-default\">Localizaci\u00f3n de la escuela LSF<\/h2>\t\t\t\t<\/div>\n\t\t\t\t<\/div>\n\t\t\t\t<div class=\"elementor-element elementor-element-3e8fdf14 elementor-widget elementor-widget-text-editor\" data-id=\"3e8fdf14\" data-element_type=\"widget\" data-e-type=\"widget\" data-widget_type=\"text-editor.default\">\n\t\t\t\t<div class=\"elementor-widget-container\">\n\t\t\t\t\t\t\t\t\t<p class=\"p1\">Nuestra escuela de franc\u00e9s se encuentra en pleno coraz\u00f3n del centro hist\u00f3rico peatonal de Montpellier, repartida en tres edificios prestigiosos, con un total de 16 aulas.<\/p><p class=\"p1\">Nuestro centro principal para adultos est\u00e1 en el 6 Rue Foch, cerca del Arco del Triunfo, y recibe alumnos desde 2014.<\/p><p class=\"p1\">LSF St Guilhem est\u00e1 situado en el 34 Rue Saint-Guilhem, en una hermosa casa se\u00f1orial del siglo XVII.<\/p><p class=\"p1\">Tambi\u00e9n impartimos clases adicionales en el 6 Rue Eug\u00e8ne Lisbonne, justo al lado del edificio de la Rue Foch.<\/p><p> <\/p><p>La Place de la Com\u00e9die, la plaza principal de Montpellier con sus soleadas terrazas de caf\u00e9s, est\u00e1 a solo cinco minutos a pie. LSF te permite aprender franc\u00e9s en condiciones excepcionales, en pleno coraz\u00f3n del centro de la ciudad, con todo lo que puedas necesitar a poca distancia a pie. <\/p><p>Cerca de nuestro centro, encontrar\u00e1s numerosos bares, caf\u00e9s, restaurantes, tiendas, cines, museos, jardines, etc., que te ayudar\u00e1n a disfrutar al m\u00e1ximo de tu estancia ling\u00fc\u00edstica en Francia. La Explanada del Peyrou (Place Royale du Peyrou) tambi\u00e9n est\u00e1 justo al lado de la escuela.<\/p><p>La escuela est\u00e1 cerca de paradas de autob\u00fas y tranv\u00eda, que te llevan directamente a las playas de arena del mar Mediterr\u00e1neo, y a unos 10 minutos a pie de la estaci\u00f3n de tren.<\/p>\t\t\t\t\t\t\t\t<\/div>\n\t\t\t\t<\/div>\n\t\t\t\t\t<\/div>\n\t\t<\/div>\n\t\t\t\t\t<\/div>\n\t\t<\/section>\n\t\t\t\t<section class=\"elementor-section elementor-top-section elementor-element elementor-element-273d178 elementor-section-boxed elementor-section-height-default elementor-section-height-default\" data-id=\"273d178\" data-element_type=\"section\" data-e-type=\"section\">\n\t\t\t\t\t\t<div class=\"elementor-container elementor-column-gap-default\">\n\t\t\t\t\t<div class=\"elementor-column elementor-col-100 elementor-top-column elementor-element elementor-element-da99bb5\" data-id=\"da99bb5\" data-element_type=\"column\" data-e-type=\"column\">\n\t\t\t<div class=\"elementor-widget-wrap elementor-element-populated\">\n\t\t\t\t\t\t<div class=\"elementor-element elementor-element-135523d elementor-widget elementor-widget-google_maps\" data-id=\"135523d\" data-element_type=\"widget\" data-e-type=\"widget\" data-widget_type=\"google_maps.default\">\n\t\t\t\t<div class=\"elementor-widget-container\">\n\t\t\t\t\t\t\t<div class=\"elementor-custom-embed\">\n\t\t\t<iframe loading=\"lazy\"\n\t\t\t\t\tsrc=\"https:\/\/maps.google.com\/maps?q=LSF%20Montpellier&#038;t=m&#038;z=15&#038;output=embed&#038;iwloc=near\"\n\t\t\t\t\ttitle=\"LSF Montpellier\"\n\t\t\t\t\taria-label=\"LSF Montpellier\"\n\t\t\t><\/iframe>\n\t\t<\/div>\n\t\t\t\t\t\t<\/div>\n\t\t\t\t<\/div>\n\t\t\t\t<div class=\"elementor-element elementor-element-7b02043 elementor-arrows-position-inside elementor-pagination-position-outside elementor-widget elementor-widget-image-carousel\" data-id=\"7b02043\" data-element_type=\"widget\" data-e-type=\"widget\" data-settings=\"{&quot;slides_to_show&quot;:&quot;4&quot;,&quot;navigation&quot;:&quot;both&quot;,&quot;autoplay&quot;:&quot;yes&quot;,&quot;pause_on_hover&quot;:&quot;yes&quot;,&quot;pause_on_interaction&quot;:&quot;yes&quot;,&quot;autoplay_speed&quot;:5000,&quot;infinite&quot;:&quot;yes&quot;,&quot;speed&quot;:500}\" data-widget_type=\"image-carousel.default\">\n\t\t\t\t<div class=\"elementor-widget-container\">\n\t\t\t\t\t\t\t<div class=\"elementor-image-carousel-wrapper swiper\" role=\"region\" aria-roledescription=\"carousel\" aria-label=\"Image Carousel\" dir=\"ltr\">\n\t\t\t<div class=\"elementor-image-carousel swiper-wrapper\" aria-live=\"off\">\n\t\t\t\t\t\t\t\t<div class=\"swiper-slide\" role=\"group\" aria-roledescription=\"slide\" aria-label=\"1 de 7\"><figure class=\"swiper-slide-inner\"><img decoding=\"async\" class=\"swiper-slide-image\" src=\"https:\/\/lsf-france.com\/wp-content\/uploads\/2023\/07\/6-Ecole-Montpellier-cover-video-2-768x513.jpg\" alt=\"6 Ecole Montpellier cover video\" \/><\/figure><\/div><div class=\"swiper-slide\" role=\"group\" aria-roledescription=\"slide\" aria-label=\"2 de 7\"><figure class=\"swiper-slide-inner\"><img decoding=\"async\" class=\"swiper-slide-image\" src=\"https:\/\/lsf-france.com\/wp-content\/uploads\/2024\/09\/03_KLF_MONTPELLIER_174_websize-768x512.jpg\" alt=\"KLF 2024 Montpellier\" \/><\/figure><\/div><div class=\"swiper-slide\" role=\"group\" aria-roledescription=\"slide\" aria-label=\"3 de 7\"><figure class=\"swiper-slide-inner\"><img decoding=\"async\" class=\"swiper-slide-image\" src=\"https:\/\/lsf-france.com\/wp-content\/uploads\/2024\/09\/03_KLF_MONTPELLIER_179_websize-768x512.jpg\" alt=\"KLF 2024 Montpellier\" \/><\/figure><\/div><div class=\"swiper-slide\" role=\"group\" aria-roledescription=\"slide\" aria-label=\"4 de 7\"><figure class=\"swiper-slide-inner\"><img decoding=\"async\" class=\"swiper-slide-image\" src=\"https:\/\/lsf-france.com\/wp-content\/uploads\/2024\/09\/03_KLF_MONTPELLIER_177_websize-768x512.jpg\" alt=\"KLF 2024 Montpellier\" \/><\/figure><\/div><div class=\"swiper-slide\" role=\"group\" aria-roledescription=\"slide\" aria-label=\"5 de 7\"><figure class=\"swiper-slide-inner\"><img decoding=\"async\" class=\"swiper-slide-image\" src=\"https:\/\/lsf-france.com\/wp-content\/uploads\/2024\/09\/03_KLF_MONTPELLIER_176_websize-768x512.jpg\" alt=\"KLF 2024 Montpellier\" \/><\/figure><\/div><div class=\"swiper-slide\" role=\"group\" aria-roledescription=\"slide\" aria-label=\"6 de 7\"><figure class=\"swiper-slide-inner\"><img decoding=\"async\" class=\"swiper-slide-image\" src=\"https:\/\/lsf-france.com\/wp-content\/uploads\/2024\/09\/03_KLF_MONTPELLIER_119_websize-768x512.jpg\" alt=\"KLF 2024 Montpellier\" \/><\/figure><\/div><div class=\"swiper-slide\" role=\"group\" aria-roledescription=\"slide\" aria-label=\"7 de 7\"><figure class=\"swiper-slide-inner\"><img decoding=\"async\" class=\"swiper-slide-image\" src=\"https:\/\/lsf-france.com\/wp-content\/uploads\/2024\/09\/03_KLF_MONTPELLIER_160_websize-768x512.jpg\" alt=\"KLF 2024 Montpellier\" \/><\/figure><\/div>\t\t\t<\/div>\n\t\t\t\t\t\t\t\t\t\t\t\t<div class=\"elementor-swiper-button elementor-swiper-button-prev\" role=\"button\" tabindex=\"0\">\n\t\t\t\t\t\t<i aria-hidden=\"true\" class=\"eicon-chevron-left\"><\/i>\t\t\t\t\t<\/div>\n\t\t\t\t\t<div class=\"elementor-swiper-button elementor-swiper-button-next\" role=\"button\" tabindex=\"0\">\n\t\t\t\t\t\t<i aria-hidden=\"true\" class=\"eicon-chevron-right\"><\/i>\t\t\t\t\t<\/div>\n\t\t\t\t\n\t\t\t\t\t\t\t\t\t<div class=\"swiper-pagination\"><\/div>\n\t\t\t\t\t\t\t\t\t<\/div>\n\t\t\t\t\t\t<\/div>\n\t\t\t\t<\/div>\n\t\t\t\t\t<\/div>\n\t\t<\/div>\n\t\t\t\t\t<\/div>\n\t\t<\/section>\n\t\t\t\t<\/div>\n\t\t","protected":false},"excerpt":{"rendered":"<p>Localizaci\u00f3n de la escuela LSF Nuestra escuela de franc\u00e9s se encuentra en pleno coraz\u00f3n del centro hist\u00f3rico peatonal de Montpellier, repartida en tres edificios prestigiosos, con un total de 16 [&hellip;]<\/p>\n","protected":false},"author":1,"featured_media":391549,"parent":382243,"menu_order":0,"comment_status":"closed","ping_status":"closed","template":"","meta":{"_acf_changed":false,"content-type":"","footnotes":""},"class_list":["post-382254","page","type-page","status-publish","has-post-thumbnail","hentry"],"acf":[],"_links":{"self":[{"href":"https:\/\/lsf-france.com\/es\/wp-json\/wp\/v2\/pages\/382254","targetHints":{"allow":["GET"]}}],"collection":[{"href":"https:\/\/lsf-france.com\/es\/wp-json\/wp\/v2\/pages"}],"about":[{"href":"https:\/\/lsf-france.com\/es\/wp-json\/wp\/v2\/types\/page"}],"author":[{"embeddable":true,"href":"https:\/\/lsf-france.com\/es\/wp-json\/wp\/v2\/users\/1"}],"replies":[{"embeddable":true,"href":"https:\/\/lsf-france.com\/es\/wp-json\/wp\/v2\/comments?post=382254"}],"version-history":[{"count":3,"href":"https:\/\/lsf-france.com\/es\/wp-json\/wp\/v2\/pages\/382254\/revisions"}],"predecessor-version":[{"id":414871,"href":"https:\/\/lsf-france.com\/es\/wp-json\/wp\/v2\/pages\/382254\/revisions\/414871"}],"up":[{"embeddable":true,"href":"https:\/\/lsf-france.com\/es\/wp-json\/wp\/v2\/pages\/382243"}],"wp:featuredmedia":[{"embeddable":true,"href":"https:\/\/lsf-france.com\/es\/wp-json\/wp\/v2\/media\/391549"}],"wp:attachment":[{"href":"https:\/\/lsf-france.com\/es\/wp-json\/wp\/v2\/media?parent=382254"}],"curies":[{"name":"wp","href":"https:\/\/api.w.org\/{rel}","templated":true}]}}