{"id":382256,"date":"2018-11-02T15:14:47","date_gmt":"2018-11-02T14:14:47","guid":{"rendered":"https:\/\/lsf-france.com\/acerca-de-lsf\/por-que-elegir-lsf\/"},"modified":"2024-07-04T10:26:07","modified_gmt":"2024-07-04T08:26:07","slug":"por-que-elegir-lsf","status":"publish","type":"page","link":"https:\/\/lsf-france.com\/es\/acerca-de-lsf\/por-que-elegir-lsf\/","title":{"rendered":"\u00bfPor qu\u00e9 elegir LSF?"},"content":{"rendered":"\t\t<div data-elementor-type=\"wp-page\" data-elementor-id=\"382256\" class=\"elementor elementor-382256 elementor-32777\" data-elementor-post-type=\"page\">\n\t\t\t\t\t\t<section class=\"elementor-section elementor-top-section elementor-element elementor-element-7a1f6c48 elementor-section-boxed elementor-section-height-default elementor-section-height-default\" data-id=\"7a1f6c48\" data-element_type=\"section\" data-e-type=\"section\">\n\t\t\t\t\t\t<div class=\"elementor-container elementor-column-gap-default\">\n\t\t\t\t\t<div class=\"elementor-column elementor-col-100 elementor-top-column elementor-element elementor-element-434fb360\" data-id=\"434fb360\" data-element_type=\"column\" data-e-type=\"column\">\n\t\t\t<div class=\"elementor-widget-wrap elementor-element-populated\">\n\t\t\t\t\t\t<div class=\"elementor-element elementor-element-1ecb727 elementor-widget elementor-widget-heading\" data-id=\"1ecb727\" data-element_type=\"widget\" data-e-type=\"widget\" data-widget_type=\"heading.default\">\n\t\t\t\t<div class=\"elementor-widget-container\">\n\t\t\t\t\t<h2 class=\"elementor-heading-title elementor-size-default\">Elecci\u00f3n de la escuela de franc\u00e9s de LSF<\/h2>\t\t\t\t<\/div>\n\t\t\t\t<\/div>\n\t\t\t\t<div class=\"elementor-element elementor-element-7292f67 elementor-icon-list--layout-traditional elementor-list-item-link-full_width elementor-widget elementor-widget-icon-list\" data-id=\"7292f67\" data-element_type=\"widget\" data-e-type=\"widget\" data-widget_type=\"icon-list.default\">\n\t\t\t\t<div class=\"elementor-widget-container\">\n\t\t\t\t\t\t\t<ul class=\"elementor-icon-list-items\">\n\t\t\t\t\t\t\t<li class=\"elementor-icon-list-item\">\n\t\t\t\t\t\t\t\t\t\t\t<span class=\"elementor-icon-list-icon\">\n\t\t\t\t\t\t\t<i aria-hidden=\"true\" class=\"fas fa-check\"><\/i>\t\t\t\t\t\t<\/span>\n\t\t\t\t\t\t\t\t\t\t<span class=\"elementor-icon-list-text\">20 aulas climatizadas ubicadas en prestigiosos edificios del centro hist\u00f3rico de Montpellier.<\/span>\n\t\t\t\t\t\t\t\t\t<\/li>\n\t\t\t\t\t\t\t\t<li class=\"elementor-icon-list-item\">\n\t\t\t\t\t\t\t\t\t\t\t<span class=\"elementor-icon-list-icon\">\n\t\t\t\t\t\t\t<i aria-hidden=\"true\" class=\"fas fa-check\"><\/i>\t\t\t\t\t\t<\/span>\n\t\t\t\t\t\t\t\t\t\t<span class=\"elementor-icon-list-text\">Cursos para adultos y j\u00f3venes: LSF es la \u00fanica escuela de Montpellier que ofrece cursos de vacaciones para j\u00f3venes y cursos para adultos durante todo el a\u00f1o, en centros separados. Un lugar perfecto para estudiar con toda la familia!<\/span>\n\t\t\t\t\t\t\t\t\t<\/li>\n\t\t\t\t\t\t\t\t<li class=\"elementor-icon-list-item\">\n\t\t\t\t\t\t\t\t\t\t\t<span class=\"elementor-icon-list-icon\">\n\t\t\t\t\t\t\t<i aria-hidden=\"true\" class=\"fas fa-check\"><\/i>\t\t\t\t\t\t<\/span>\n\t\t\t\t\t\t\t\t\t\t<span class=\"elementor-icon-list-text\">Una gran variedad de alojamientos. Adem\u00e1s de la gran selecci\u00f3n de familias anfitrionas y residencias de estudiantes, podemos ofrecer c\u00f3modos estudios privados, alojamiento compartido y lujosos apartamentos.<\/span>\n\t\t\t\t\t\t\t\t\t<\/li>\n\t\t\t\t\t\t\t\t<li class=\"elementor-icon-list-item\">\n\t\t\t\t\t\t\t\t\t\t\t<span class=\"elementor-icon-list-icon\">\n\t\t\t\t\t\t\t<i aria-hidden=\"true\" class=\"fas fa-check\"><\/i>\t\t\t\t\t\t<\/span>\n\t\t\t\t\t\t\t\t\t\t<span class=\"elementor-icon-list-text\">Una alta calidad pedag\u00f3gica: LSF cuenta con la acreditaci\u00f3n francesa \u2018Label Qualit\u00e9 FLE\u2019 otorgada por el Ministerio de Educaci\u00f3n franc\u00e9s.<\/span>\n\t\t\t\t\t\t\t\t\t<\/li>\n\t\t\t\t\t\t\t\t<li class=\"elementor-icon-list-item\">\n\t\t\t\t\t\t\t\t\t\t\t<span class=\"elementor-icon-list-icon\">\n\t\t\t\t\t\t\t<i aria-hidden=\"true\" class=\"fas fa-check\"><\/i>\t\t\t\t\t\t<\/span>\n\t\t\t\t\t\t\t\t\t\t<span class=\"elementor-icon-list-text\">5\/5 en Facebook Reviews y 4,9\/5 en Google Reviews: \u00a1las mejores cr\u00edticas de escuelas de idiomas en Montpellier! Son nuestros estudiantes los que est\u00e1n mejor situados para hablar de LSF\u2026<\/span>\n\t\t\t\t\t\t\t\t\t<\/li>\n\t\t\t\t\t\t\t\t<li class=\"elementor-icon-list-item\">\n\t\t\t\t\t\t\t\t\t\t\t<span class=\"elementor-icon-list-icon\">\n\t\t\t\t\t\t\t<i aria-hidden=\"true\" class=\"fas fa-check\"><\/i>\t\t\t\t\t\t<\/span>\n\t\t\t\t\t\t\t\t\t\t<span class=\"elementor-icon-list-text\">20 a\u00f1os de experiencia. Una innegable garant\u00eda de calidad: nuestra escuela celebr\u00f3 su 20\u00ba aniversario en 2016 (nuestro \u00e9xito se basa en una gran ubicaci\u00f3n, una alta calidad de ense\u00f1anza, un ambiente familiar y una constante innovaci\u00f3n).<\/span>\n\t\t\t\t\t\t\t\t\t<\/li>\n\t\t\t\t\t\t\t\t<li class=\"elementor-icon-list-item\">\n\t\t\t\t\t\t\t\t\t\t\t<span class=\"elementor-icon-list-icon\">\n\t\t\t\t\t\t\t<i aria-hidden=\"true\" class=\"fas fa-check\"><\/i>\t\t\t\t\t\t<\/span>\n\t\t\t\t\t\t\t\t\t\t<span class=\"elementor-icon-list-text\">Fant\u00e1stica mezcla de edades y nacionalidades para una experiencia verdaderamente internacional: \u00a1m\u00e1s de 2800 estudiantes de 85 pa\u00edses diferentes y con edades comprendidas entre los 11 y los 90 a\u00f1os en 2017!<\/span>\n\t\t\t\t\t\t\t\t\t<\/li>\n\t\t\t\t\t\t\t\t<li class=\"elementor-icon-list-item\">\n\t\t\t\t\t\t\t\t\t\t\t<span class=\"elementor-icon-list-icon\">\n\t\t\t\t\t\t\t<i aria-hidden=\"true\" class=\"fas fa-check\"><\/i>\t\t\t\t\t\t<\/span>\n\t\t\t\t\t\t\t\t\t\t<span class=\"elementor-icon-list-text\">Ambiente familiar y acogedor: LSF es una escuela de tama\u00f1o medio bien establecida con un personal muy amable y un verdadero ambiente familiar.<\/span>\n\t\t\t\t\t\t\t\t\t<\/li>\n\t\t\t\t\t\t\t\t<li class=\"elementor-icon-list-item\">\n\t\t\t\t\t\t\t\t\t\t\t<span class=\"elementor-icon-list-icon\">\n\t\t\t\t\t\t\t<i aria-hidden=\"true\" class=\"fas fa-check\"><\/i>\t\t\t\t\t\t<\/span>\n\t\t\t\t\t\t\t\t\t\t<span class=\"elementor-icon-list-text\">Hay mucho que hacer en Montpellier y sus alrededores: El estilo de vida mediterr\u00e1neo al aire libre, un rico programa de actividades culturales, una amplia gama de actividades de ocio, las playas de arena y 300 d\u00edas de sol al a\u00f1o.<\/span>\n\t\t\t\t\t\t\t\t\t<\/li>\n\t\t\t\t\t\t\t\t<li class=\"elementor-icon-list-item\">\n\t\t\t\t\t\t\t\t\t\t\t<span class=\"elementor-icon-list-icon\">\n\t\t\t\t\t\t\t<i aria-hidden=\"true\" class=\"fas fa-check\"><\/i>\t\t\t\t\t\t<\/span>\n\t\t\t\t\t\t\t\t\t\t<span class=\"elementor-icon-list-text\">Traslados gratuitos para todos los estudiantes que se alojen con una familia anfitriona: Traslados de llegada y salida gratuitos desde el aeropuerto o la estaci\u00f3n de tren de Montpellier.<\/span>\n\t\t\t\t\t\t\t\t\t<\/li>\n\t\t\t\t\t\t\t\t<li class=\"elementor-icon-list-item\">\n\t\t\t\t\t\t\t\t\t\t\t<span class=\"elementor-icon-list-icon\">\n\t\t\t\t\t\t\t<i aria-hidden=\"true\" class=\"fas fa-check\"><\/i>\t\t\t\t\t\t<\/span>\n\t\t\t\t\t\t\t\t\t\t<span class=\"elementor-icon-list-text\">F\u00e1cil acceso a Montpellier en avi\u00f3n y en tren: 10 vuelos diarios desde los aeropuertos de Par\u00eds y TGV desde Par\u00eds (3h30) y Barcelona (2h45).<\/span>\n\t\t\t\t\t\t\t\t\t<\/li>\n\t\t\t\t\t\t<\/ul>\n\t\t\t\t\t\t<\/div>\n\t\t\t\t<\/div>\n\t\t\t\t<div class=\"elementor-element elementor-element-fc2d7c8 elementor-widget elementor-widget-heading\" data-id=\"fc2d7c8\" data-element_type=\"widget\" data-e-type=\"widget\" data-widget_type=\"heading.default\">\n\t\t\t\t<div class=\"elementor-widget-container\">\n\t\t\t\t\t<h2 class=\"elementor-heading-title elementor-size-default\">Un gran ambiente escolar!<\/h2>\t\t\t\t<\/div>\n\t\t\t\t<\/div>\n\t\t\t\t<div class=\"elementor-element elementor-element-81fa1d0 elementor-widget elementor-widget-text-editor\" data-id=\"81fa1d0\" data-element_type=\"widget\" data-e-type=\"widget\" data-widget_type=\"text-editor.default\">\n\t\t\t\t<div class=\"elementor-widget-container\">\n\t\t\t\t\t\t\t\t\t<p>En la escuela de franc\u00e9s LSF hay una atm\u00f3sfera familiar muy amistosa que es muy apreciada por nuestros estudiantes. Gracias al ambiente c\u00e1lido y relajado y al tama\u00f1o de nuestra escuela, los estudiantes se conocen f\u00e1cilmente y pueden interactuar con el personal. Al no ser una escuela demasiado grande ni demasiado peque\u00f1a, nuestros estudiantes pueden disfrutar de una experiencia m\u00e1s individual y personalizada y, al mismo tiempo, hacer muchos amigos nuevos.<\/p>\n<p>Otro factor que contribuye a nuestro gran ambiente en la escuela es la fant\u00e1stica mezcla de nacionalidades que tenemos entre los estudiantes (\u00a185 nacionalidades diferentes en 2017!). Tener esta maravillosa mezcla de nacionalidades permite a nuestros estudiantes conocer gente de todo el mundo, y tambi\u00e9n les da m\u00e1s oportunidades de comunicarse entre ellos en franc\u00e9s como lengua com\u00fan.<\/p>\n\t\t\t\t\t\t\t\t<\/div>\n\t\t\t\t<\/div>\n\t\t\t\t<div class=\"elementor-element elementor-element-8cf3a46 elementor-widget elementor-widget-heading\" data-id=\"8cf3a46\" data-element_type=\"widget\" data-e-type=\"widget\" data-widget_type=\"heading.default\">\n\t\t\t\t<div class=\"elementor-widget-container\">\n\t\t\t\t\t<h2 class=\"elementor-heading-title elementor-size-default\">Una estancia ling\u00fc\u00edstica de alta calidad!<\/h2>\t\t\t\t<\/div>\n\t\t\t\t<\/div>\n\t\t\t\t<div class=\"elementor-element elementor-element-7f57987c elementor-widget elementor-widget-text-editor\" data-id=\"7f57987c\" data-element_type=\"widget\" data-e-type=\"widget\" data-widget_type=\"text-editor.default\">\n\t\t\t\t<div class=\"elementor-widget-container\">\n\t\t\t\t\t\t\t\t\t<p>Todos los profesores de LSF est\u00e1n altamente cualificados y son apasionados de la ense\u00f1anza del franc\u00e9s. Todos nuestros profesores son hablantes nativos de franc\u00e9s con t\u00edtulos universitarios y calificaciones FLE (Franc\u00e9s como Lengua Extranjera). Con el fin de garantizar la calidad y dar m\u00e1s espacio a la atenci\u00f3n individual en el aula, el tama\u00f1o de las clases en LSF es peque\u00f1o, con una media de 12 estudiantes por clase (m\u00e1ximo 14). Esto significa m\u00e1s tiempo para que el estudiante individual hable y participe, m\u00e1s tiempo para que el profesor d\u00e9 su opini\u00f3n al estudiante, lo que al final significa m\u00e1s progreso por parte del estudiante!<\/p>\n<p>En LSF estamos orgullosos de nuestra selecci\u00f3n de familias francesas de acogida. Todas nuestras familias de acogida son elegidas con mucho cuidado y con el fin de emparejar al estudiante con la familia m\u00e1s adecuada, estudiamos cuidadosamente la solicitud de cada estudiante. Esto nos permite ofrecer un alojamiento de alta calidad y una experiencia de inmersi\u00f3n que har\u00e1 de tu estancia ling\u00fc\u00edstica una experiencia inolvidable.<\/p>\n<p>El compromiso de LSF con la calidad nos ha llevado a recibir varias acreditaciones y a convertirnos en miembros de asociaciones que se esfuerzan por mejorar los est\u00e1ndares de calidad.<\/p>\n\t\t\t\t\t\t\t\t<\/div>\n\t\t\t\t<\/div>\n\t\t\t\t<div class=\"elementor-element elementor-element-d3e6d25 elementor-widget elementor-widget-heading\" data-id=\"d3e6d25\" data-element_type=\"widget\" data-e-type=\"widget\" data-widget_type=\"heading.default\">\n\t\t\t\t<div class=\"elementor-widget-container\">\n\t\t\t\t\t<h2 class=\"elementor-heading-title elementor-size-default\">Una divertida experiencia de aprendizaje!<\/h2>\t\t\t\t<\/div>\n\t\t\t\t<\/div>\n\t\t\t\t<div class=\"elementor-element elementor-element-f4c8498 elementor-widget elementor-widget-text-editor\" data-id=\"f4c8498\" data-element_type=\"widget\" data-e-type=\"widget\" data-widget_type=\"text-editor.default\">\n\t\t\t\t<div class=\"elementor-widget-container\">\n\t\t\t\t\t\t\t\t\t<p>Para nosotros en LSF es importante hacer que tu estancia en la escuela de franc\u00e9s sea lo m\u00e1s agradable posible. Proporcionamos un entorno de aprendizaje que no s\u00f3lo es de alta calidad, sino que tambi\u00e9n es divertido para los estudiantes. Durante nuestras clases de franc\u00e9s, nuestros experimentados y entusiastas profesores crean una atm\u00f3sfera de clase entretenida y atractiva donde los estudiantes se divierten mientras progresan r\u00e1pidamente.<\/p>\n<p>Fuera de las clases de franc\u00e9s tendr\u00e1s muchas cosas que ver y hacer en Montpellier y en el sur de Francia durante tu tiempo libre. LSF organiza una amplia gama de actividades sociales y culturales y excursiones que te permiten descubrir interesantes lugares de inter\u00e9s en la regi\u00f3n y aprender m\u00e1s sobre la cultura y el estilo de vida franc\u00e9s. En Montpellier hay muchas cosas que puedes experimentar por tu cuenta o junto con los nuevos amigos que har\u00e1s en nuestra escuela.<\/p>\n\t\t\t\t\t\t\t\t<\/div>\n\t\t\t\t<\/div>\n\t\t\t\t\t<\/div>\n\t\t<\/div>\n\t\t\t\t\t<\/div>\n\t\t<\/section>\n\t\t\t\t<section class=\"elementor-section elementor-top-section elementor-element elementor-element-26bdeda elementor-section-boxed elementor-section-height-default elementor-section-height-default\" data-id=\"26bdeda\" data-element_type=\"section\" data-e-type=\"section\">\n\t\t\t\t\t\t<div class=\"elementor-container elementor-column-gap-default\">\n\t\t\t\t\t<div class=\"elementor-column elementor-col-100 elementor-top-column elementor-element elementor-element-f190875\" data-id=\"f190875\" data-element_type=\"column\" data-e-type=\"column\">\n\t\t\t<div class=\"elementor-widget-wrap elementor-element-populated\">\n\t\t\t\t\t\t<div class=\"elementor-element elementor-element-d6cad80 elementor-grid-4 elementor-grid-tablet-2 elementor-grid-mobile-1 elementor-posts--thumbnail-top elementor-card-shadow-yes elementor-posts__hover-gradient elementor-widget elementor-widget-posts\" data-id=\"d6cad80\" data-element_type=\"widget\" data-e-type=\"widget\" data-settings=\"{&quot;cards_columns&quot;:&quot;4&quot;,&quot;pagination_type&quot;:&quot;prev_next&quot;,&quot;cards_columns_tablet&quot;:&quot;2&quot;,&quot;cards_columns_mobile&quot;:&quot;1&quot;,&quot;cards_row_gap&quot;:{&quot;unit&quot;:&quot;px&quot;,&quot;size&quot;:35,&quot;sizes&quot;:[]},&quot;cards_row_gap_tablet&quot;:{&quot;unit&quot;:&quot;px&quot;,&quot;size&quot;:&quot;&quot;,&quot;sizes&quot;:[]},&quot;cards_row_gap_mobile&quot;:{&quot;unit&quot;:&quot;px&quot;,&quot;size&quot;:&quot;&quot;,&quot;sizes&quot;:[]}}\" data-widget_type=\"posts.cards\">\n\t\t\t\t<div class=\"elementor-widget-container\">\n\t\t\t\t\t\t\t<div class=\"elementor-posts-container elementor-posts elementor-posts--skin-cards elementor-grid\" role=\"list\">\n\t\t\t\t<article class=\"elementor-post elementor-grid-item post-382537 page type-page status-publish hentry\" role=\"listitem\">\n\t\t\t<div class=\"elementor-post__card\">\n\t\t\t\t<div class=\"elementor-post__text\">\n\t\t\t\t<h3 class=\"elementor-post__title\">\n\t\t\t<a href=\"https:\/\/lsf-france.com\/es\/acerca-de-lsf\/el-equipo-de-lsf\/\" >\n\t\t\t\tEl equipo de LSF\t\t\t<\/a>\n\t\t<\/h3>\n\t\t\t\t<div class=\"elementor-post__excerpt\">\n\t\t\t<p>Nuestro equipo administrativo Eugenia Director Eva Responsable de Educaci\u00f3n Liora Recepci\u00f3n y actividades Suzanne Coordinador de ex\u00e1menes Axelle Asesor pedag\u00f3gico Julie Asesor pedag\u00f3gico Axel Coordinador de viajes Yenifer Coordinador pedag\u00f3gico<\/p>\n\t\t<\/div>\n\t\t\n\t\t<a class=\"elementor-post__read-more\" href=\"https:\/\/lsf-france.com\/es\/acerca-de-lsf\/el-equipo-de-lsf\/\" aria-label=\"M\u00e1s informaci\u00f3n sobre El equipo de LSF\" tabindex=\"-1\" >\n\t\t\tVer p\u00e1gina \u00bb\t\t<\/a>\n\n\t\t\t\t<\/div>\n\t\t\t\t\t<\/div>\n\t\t<\/article>\n\t\t\t\t<article class=\"elementor-post elementor-grid-item post-382250 page type-page status-publish has-post-thumbnail hentry\" role=\"listitem\">\n\t\t\t<div class=\"elementor-post__card\">\n\t\t\t\t<a class=\"elementor-post__thumbnail__link\" href=\"https:\/\/lsf-france.com\/es\/acerca-de-lsf\/resenas-lsf-montpellier\/\" tabindex=\"-1\" ><div class=\"elementor-post__thumbnail\"><img fetchpriority=\"high\" decoding=\"async\" width=\"300\" height=\"225\" src=\"https:\/\/lsf-france.com\/wp-content\/uploads\/2020\/01\/Nos-formateurs-se-de\u0301placent-6-300x225.jpg\" class=\"attachment-medium size-medium wp-image-382295\" alt=\"\" srcset=\"https:\/\/lsf-france.com\/wp-content\/uploads\/2020\/01\/Nos-formateurs-se-de\u0301placent-6-300x225.jpg 300w, https:\/\/lsf-france.com\/wp-content\/uploads\/2020\/01\/Nos-formateurs-se-de\u0301placent-6-600x450.jpg 600w, https:\/\/lsf-france.com\/wp-content\/uploads\/2020\/01\/Nos-formateurs-se-de\u0301placent-6-1024x768.jpg 1024w, https:\/\/lsf-france.com\/wp-content\/uploads\/2020\/01\/Nos-formateurs-se-de\u0301placent-6-768x576.jpg 768w, https:\/\/lsf-france.com\/wp-content\/uploads\/2020\/01\/Nos-formateurs-se-de\u0301placent-6-1536x1152.jpg 1536w, https:\/\/lsf-france.com\/wp-content\/uploads\/2020\/01\/Nos-formateurs-se-de\u0301placent-6-463x348.jpg 463w, https:\/\/lsf-france.com\/wp-content\/uploads\/2020\/01\/Nos-formateurs-se-de\u0301placent-6-640x480.jpg 640w, https:\/\/lsf-france.com\/wp-content\/uploads\/2020\/01\/Nos-formateurs-se-de\u0301placent-6-400x300.jpg 400w, https:\/\/lsf-france.com\/wp-content\/uploads\/2020\/01\/Nos-formateurs-se-de\u0301placent-6.jpg 2016w\" sizes=\"(max-width: 300px) 100vw, 300px\" \/><\/div><\/a>\n\t\t\t\t<div class=\"elementor-post__text\">\n\t\t\t\t<h3 class=\"elementor-post__title\">\n\t\t\t<a href=\"https:\/\/lsf-france.com\/es\/acerca-de-lsf\/resenas-lsf-montpellier\/\" >\n\t\t\t\tRese\u00f1as LSF Montpellier\t\t\t<\/a>\n\t\t<\/h3>\n\t\t\t\t<div class=\"elementor-post__excerpt\">\n\t\t\t<p>Descubra las opiniones de los estudiantes que han venido a LSF Montpellier en los \u00faltimos pocos meses.<\/p>\n\t\t<\/div>\n\t\t\n\t\t<a class=\"elementor-post__read-more\" href=\"https:\/\/lsf-france.com\/es\/acerca-de-lsf\/resenas-lsf-montpellier\/\" aria-label=\"M\u00e1s informaci\u00f3n sobre Rese\u00f1as LSF Montpellier\" tabindex=\"-1\" >\n\t\t\tVer p\u00e1gina \u00bb\t\t<\/a>\n\n\t\t\t\t<\/div>\n\t\t\t\t\t<\/div>\n\t\t<\/article>\n\t\t\t\t<article class=\"elementor-post elementor-grid-item post-382254 page type-page status-publish has-post-thumbnail hentry\" role=\"listitem\">\n\t\t\t<div class=\"elementor-post__card\">\n\t\t\t\t<a class=\"elementor-post__thumbnail__link\" href=\"https:\/\/lsf-france.com\/es\/acerca-de-lsf\/localizacion-de-la-escuela\/\" tabindex=\"-1\" ><div class=\"elementor-post__thumbnail\"><img decoding=\"async\" width=\"300\" height=\"225\" src=\"https:\/\/lsf-france.com\/wp-content\/uploads\/2021\/03\/IMG-20190522-WA0001-300x225.jpg\" class=\"attachment-medium size-medium wp-image-391549\" alt=\"\" srcset=\"https:\/\/lsf-france.com\/wp-content\/uploads\/2021\/03\/IMG-20190522-WA0001-300x225.jpg 300w, https:\/\/lsf-france.com\/wp-content\/uploads\/2021\/03\/IMG-20190522-WA0001-600x450.jpg 600w, https:\/\/lsf-france.com\/wp-content\/uploads\/2021\/03\/IMG-20190522-WA0001-1024x768.jpg 1024w, https:\/\/lsf-france.com\/wp-content\/uploads\/2021\/03\/IMG-20190522-WA0001-768x576.jpg 768w, https:\/\/lsf-france.com\/wp-content\/uploads\/2021\/03\/IMG-20190522-WA0001-1536x1152.jpg 1536w, https:\/\/lsf-france.com\/wp-content\/uploads\/2021\/03\/IMG-20190522-WA0001-463x348.jpg 463w, https:\/\/lsf-france.com\/wp-content\/uploads\/2021\/03\/IMG-20190522-WA0001-640x480.jpg 640w, https:\/\/lsf-france.com\/wp-content\/uploads\/2021\/03\/IMG-20190522-WA0001-400x300.jpg 400w, https:\/\/lsf-france.com\/wp-content\/uploads\/2021\/03\/IMG-20190522-WA0001.jpg 1600w\" sizes=\"(max-width: 300px) 100vw, 300px\" \/><\/div><\/a>\n\t\t\t\t<div class=\"elementor-post__text\">\n\t\t\t\t<h3 class=\"elementor-post__title\">\n\t\t\t<a href=\"https:\/\/lsf-france.com\/es\/acerca-de-lsf\/localizacion-de-la-escuela\/\" >\n\t\t\t\tLocalizaci\u00f3n de la escuela\t\t\t<\/a>\n\t\t<\/h3>\n\t\t\t\t<div class=\"elementor-post__excerpt\">\n\t\t\t<p>Localizaci\u00f3n de la escuela LSF Nuestra escuela de franc\u00e9s se encuentra en pleno coraz\u00f3n del centro hist\u00f3rico peatonal de Montpellier, repartida en tres edificios prestigiosos, con un total de 16<\/p>\n\t\t<\/div>\n\t\t\n\t\t<a class=\"elementor-post__read-more\" href=\"https:\/\/lsf-france.com\/es\/acerca-de-lsf\/localizacion-de-la-escuela\/\" aria-label=\"M\u00e1s informaci\u00f3n sobre Localizaci\u00f3n de la escuela\" tabindex=\"-1\" >\n\t\t\tVer p\u00e1gina \u00bb\t\t<\/a>\n\n\t\t\t\t<\/div>\n\t\t\t\t\t<\/div>\n\t\t<\/article>\n\t\t\t\t<article class=\"elementor-post elementor-grid-item post-382256 page type-page status-publish has-post-thumbnail hentry\" role=\"listitem\">\n\t\t\t<div class=\"elementor-post__card\">\n\t\t\t\t<a class=\"elementor-post__thumbnail__link\" href=\"https:\/\/lsf-france.com\/es\/acerca-de-lsf\/por-que-elegir-lsf\/\" tabindex=\"-1\" ><div class=\"elementor-post__thumbnail\"><img decoding=\"async\" width=\"300\" height=\"200\" src=\"https:\/\/lsf-france.com\/wp-content\/uploads\/2021\/04\/BLOG-COUVERTURE-3-300x200.jpg\" class=\"attachment-medium size-medium wp-image-392453\" alt=\"d\u00e9confinement\" srcset=\"https:\/\/lsf-france.com\/wp-content\/uploads\/2021\/04\/BLOG-COUVERTURE-3-300x200.jpg 300w, https:\/\/lsf-france.com\/wp-content\/uploads\/2021\/04\/BLOG-COUVERTURE-3-600x400.jpg 600w, https:\/\/lsf-france.com\/wp-content\/uploads\/2021\/04\/BLOG-COUVERTURE-3-1024x683.jpg 1024w, https:\/\/lsf-france.com\/wp-content\/uploads\/2021\/04\/BLOG-COUVERTURE-3-768x512.jpg 768w, https:\/\/lsf-france.com\/wp-content\/uploads\/2021\/04\/BLOG-COUVERTURE-3-1600x1067.jpg 1600w, https:\/\/lsf-france.com\/wp-content\/uploads\/2021\/04\/BLOG-COUVERTURE-3-1536x1024.jpg 1536w, https:\/\/lsf-france.com\/wp-content\/uploads\/2021\/04\/BLOG-COUVERTURE-3-2048x1366.jpg 2048w, https:\/\/lsf-france.com\/wp-content\/uploads\/2021\/04\/BLOG-COUVERTURE-3-640x427.jpg 640w, https:\/\/lsf-france.com\/wp-content\/uploads\/2021\/04\/BLOG-COUVERTURE-3-400x267.jpg 400w\" sizes=\"(max-width: 300px) 100vw, 300px\" \/><\/div><\/a>\n\t\t\t\t<div class=\"elementor-post__text\">\n\t\t\t\t<h3 class=\"elementor-post__title\">\n\t\t\t<a href=\"https:\/\/lsf-france.com\/es\/acerca-de-lsf\/por-que-elegir-lsf\/\" >\n\t\t\t\t\u00bfPor qu\u00e9 elegir LSF?\t\t\t<\/a>\n\t\t<\/h3>\n\t\t\t\t<div class=\"elementor-post__excerpt\">\n\t\t\t<p>Elecci\u00f3n de la escuela de franc\u00e9s de LSF 20 aulas climatizadas ubicadas en prestigiosos edificios del centro hist\u00f3rico de Montpellier. Cursos para adultos y j\u00f3venes: LSF es la \u00fanica escuela<\/p>\n\t\t<\/div>\n\t\t\n\t\t<a class=\"elementor-post__read-more\" href=\"https:\/\/lsf-france.com\/es\/acerca-de-lsf\/por-que-elegir-lsf\/\" aria-label=\"M\u00e1s informaci\u00f3n sobre \u00bfPor qu\u00e9 elegir LSF?\" tabindex=\"-1\" >\n\t\t\tVer p\u00e1gina \u00bb\t\t<\/a>\n\n\t\t\t\t<\/div>\n\t\t\t\t\t<\/div>\n\t\t<\/article>\n\t\t\t\t<\/div>\n\t\t\n\t\t\t\t\t\t<\/div>\n\t\t\t\t<\/div>\n\t\t\t\t\t<\/div>\n\t\t<\/div>\n\t\t\t\t\t<\/div>\n\t\t<\/section>\n\t\t\t\t<\/div>\n\t\t","protected":false},"excerpt":{"rendered":"<p>Elecci\u00f3n de la escuela de franc\u00e9s de LSF 20 aulas climatizadas ubicadas en prestigiosos edificios del centro hist\u00f3rico de Montpellier. Cursos para adultos y j\u00f3venes: LSF es la \u00fanica escuela [&hellip;]<\/p>\n","protected":false},"author":1,"featured_media":392453,"parent":382243,"menu_order":0,"comment_status":"closed","ping_status":"closed","template":"","meta":{"_acf_changed":false,"content-type":"","footnotes":""},"class_list":["post-382256","page","type-page","status-publish","has-post-thumbnail","hentry"],"acf":[],"_links":{"self":[{"href":"https:\/\/lsf-france.com\/es\/wp-json\/wp\/v2\/pages\/382256","targetHints":{"allow":["GET"]}}],"collection":[{"href":"https:\/\/lsf-france.com\/es\/wp-json\/wp\/v2\/pages"}],"about":[{"href":"https:\/\/lsf-france.com\/es\/wp-json\/wp\/v2\/types\/page"}],"author":[{"embeddable":true,"href":"https:\/\/lsf-france.com\/es\/wp-json\/wp\/v2\/users\/1"}],"replies":[{"embeddable":true,"href":"https:\/\/lsf-france.com\/es\/wp-json\/wp\/v2\/comments?post=382256"}],"version-history":[{"count":5,"href":"https:\/\/lsf-france.com\/es\/wp-json\/wp\/v2\/pages\/382256\/revisions"}],"predecessor-version":[{"id":410788,"href":"https:\/\/lsf-france.com\/es\/wp-json\/wp\/v2\/pages\/382256\/revisions\/410788"}],"up":[{"embeddable":true,"href":"https:\/\/lsf-france.com\/es\/wp-json\/wp\/v2\/pages\/382243"}],"wp:featuredmedia":[{"embeddable":true,"href":"https:\/\/lsf-france.com\/es\/wp-json\/wp\/v2\/media\/392453"}],"wp:attachment":[{"href":"https:\/\/lsf-france.com\/es\/wp-json\/wp\/v2\/media?parent=382256"}],"curies":[{"name":"wp","href":"https:\/\/api.w.org\/{rel}","templated":true}]}}