{"id":382331,"date":"2018-06-11T15:20:23","date_gmt":"2018-06-11T13:20:23","guid":{"rendered":"https:\/\/lsf-france.com\/cursos-de-frances-en-montpellier-francia\/"},"modified":"2024-09-12T12:27:05","modified_gmt":"2024-09-12T10:27:05","slug":"cursos-de-frances-en-montpellier-francia","status":"publish","type":"page","link":"https:\/\/lsf-france.com\/es\/cursos-de-frances-en-montpellier-francia\/","title":{"rendered":"Cursos de franc\u00e9s en Montpellier, Francia"},"content":{"rendered":"\t\t<div data-elementor-type=\"wp-page\" data-elementor-id=\"382331\" class=\"elementor elementor-382331 elementor-61\" data-elementor-post-type=\"page\">\n\t\t\t\t\t\t<section class=\"elementor-section elementor-top-section elementor-element elementor-element-e4b9f07 elementor-section-boxed elementor-section-height-default elementor-section-height-default\" data-id=\"e4b9f07\" data-element_type=\"section\" data-e-type=\"section\">\n\t\t\t\t\t\t<div class=\"elementor-container elementor-column-gap-default\">\n\t\t\t\t\t<div class=\"elementor-column elementor-col-100 elementor-top-column elementor-element elementor-element-dfb52a9\" data-id=\"dfb52a9\" data-element_type=\"column\" data-e-type=\"column\">\n\t\t\t<div class=\"elementor-widget-wrap elementor-element-populated\">\n\t\t\t\t\t\t<div class=\"elementor-element elementor-element-5bea80c elementor-widget elementor-widget-heading\" data-id=\"5bea80c\" data-element_type=\"widget\" data-e-type=\"widget\" data-widget_type=\"heading.default\">\n\t\t\t\t<div class=\"elementor-widget-container\">\n\t\t\t\t\t<h2 class=\"elementor-heading-title elementor-size-default\">Cursos de franc\u00e9s:<\/h2>\t\t\t\t<\/div>\n\t\t\t\t<\/div>\n\t\t\t\t\t<\/div>\n\t\t<\/div>\n\t\t\t\t\t<\/div>\n\t\t<\/section>\n\t\t\t\t<section class=\"elementor-section elementor-top-section elementor-element elementor-element-10a0062 elementor-section-boxed elementor-section-height-default elementor-section-height-default\" data-id=\"10a0062\" data-element_type=\"section\" data-e-type=\"section\">\n\t\t\t\t\t\t<div class=\"elementor-container elementor-column-gap-default\">\n\t\t\t\t\t<div class=\"elementor-column elementor-col-33 elementor-top-column elementor-element elementor-element-2548c3b\" data-id=\"2548c3b\" data-element_type=\"column\" data-e-type=\"column\">\n\t\t\t<div class=\"elementor-widget-wrap elementor-element-populated\">\n\t\t\t\t\t\t<div class=\"elementor-element elementor-element-4ebf58f elementor-position-top elementor-widget elementor-widget-image-box\" data-id=\"4ebf58f\" data-element_type=\"widget\" data-e-type=\"widget\" data-widget_type=\"image-box.default\">\n\t\t\t\t<div class=\"elementor-widget-container\">\n\t\t\t\t\t<div class=\"elementor-image-box-wrapper\"><figure class=\"elementor-image-box-img\"><a href=\"https:\/\/lsf-france.com\/es\/cursos-de-frances-en-montpellier-francia-y-en-linea\/cursos-de-frances-para-adultos-en-francia\/\" tabindex=\"-1\"><img fetchpriority=\"high\" decoding=\"async\" width=\"1200\" height=\"800\" src=\"https:\/\/lsf-france.com\/wp-content\/uploads\/2023\/07\/2-General-French-Courses-2.jpg\" class=\"attachment-full size-full wp-image-404757\" alt=\"Certification French course\" srcset=\"https:\/\/lsf-france.com\/wp-content\/uploads\/2023\/07\/2-General-French-Courses-2.jpg 1200w, https:\/\/lsf-france.com\/wp-content\/uploads\/2023\/07\/2-General-French-Courses-2-300x200.jpg 300w, https:\/\/lsf-france.com\/wp-content\/uploads\/2023\/07\/2-General-French-Courses-2-1024x683.jpg 1024w, https:\/\/lsf-france.com\/wp-content\/uploads\/2023\/07\/2-General-French-Courses-2-768x512.jpg 768w\" sizes=\"(max-width: 1200px) 100vw, 1200px\" \/><\/a><\/figure><div class=\"elementor-image-box-content\"><h3 class=\"elementor-image-box-title\"><a href=\"https:\/\/lsf-france.com\/es\/cursos-de-frances-en-montpellier-francia-y-en-linea\/cursos-de-frances-para-adultos-en-francia\/\">Cursos de franc\u00e9s para adultos<\/a><\/h3><p class=\"elementor-image-box-description\">LSF Montpellier se distingue por la calidad de su ense\u00f1anza y la gran diversidad de sus alumnos: diversidad de objetivos, niveles, edades y culturas. En la escuela se respira un ambiente c\u00e1lido que es apreciado por todos. LSF tambi\u00e9n ofrece una amplia gama de actividades: deporte y ocio, arte y cultura, historia y gastronom\u00eda...<\/p><\/div><\/div>\t\t\t\t<\/div>\n\t\t\t\t<\/div>\n\t\t\t\t<div class=\"elementor-element elementor-element-fa1aa92 elementor-align-center elementor-widget elementor-widget-button\" data-id=\"fa1aa92\" data-element_type=\"widget\" data-e-type=\"widget\" data-widget_type=\"button.default\">\n\t\t\t\t<div class=\"elementor-widget-container\">\n\t\t\t\t\t\t\t\t\t<div class=\"elementor-button-wrapper\">\n\t\t\t\t\t<a class=\"elementor-button elementor-button-link elementor-size-sm\" href=\"https:\/\/lsf-france.com\/es\/cursos-de-frances-en-montpellier-francia-y-en-linea\/cursos-de-frances-para-adultos-en-francia\/\">\n\t\t\t\t\t\t<span class=\"elementor-button-content-wrapper\">\n\t\t\t\t\t\t\t\t\t<span class=\"elementor-button-text\">M\u00e1s informaci\u00f3n<\/span>\n\t\t\t\t\t<\/span>\n\t\t\t\t\t<\/a>\n\t\t\t\t<\/div>\n\t\t\t\t\t\t\t\t<\/div>\n\t\t\t\t<\/div>\n\t\t\t\t\t<\/div>\n\t\t<\/div>\n\t\t\t\t<div class=\"elementor-column elementor-col-33 elementor-top-column elementor-element elementor-element-c661b1e\" data-id=\"c661b1e\" data-element_type=\"column\" data-e-type=\"column\">\n\t\t\t<div class=\"elementor-widget-wrap elementor-element-populated\">\n\t\t\t\t\t\t<div class=\"elementor-element elementor-element-11cf0d0 elementor-position-top elementor-widget elementor-widget-image-box\" data-id=\"11cf0d0\" data-element_type=\"widget\" data-e-type=\"widget\" data-widget_type=\"image-box.default\">\n\t\t\t\t<div class=\"elementor-widget-container\">\n\t\t\t\t\t<div class=\"elementor-image-box-wrapper\"><figure class=\"elementor-image-box-img\"><a href=\"https:\/\/lsf-france.com\/es\/cursos-de-frances-en-montpellier-francia-y-en-linea\/\" tabindex=\"-1\"><img decoding=\"async\" width=\"2000\" height=\"1334\" src=\"https:\/\/lsf-france.com\/wp-content\/uploads\/2020\/11\/shutterstock_1674180091-1.jpg\" class=\"attachment-full size-full wp-image-388486\" alt=\"Cursos de franc\u00e9s en l\u00ednea\" srcset=\"https:\/\/lsf-france.com\/wp-content\/uploads\/2020\/11\/shutterstock_1674180091-1.jpg 2000w, https:\/\/lsf-france.com\/wp-content\/uploads\/2020\/11\/shutterstock_1674180091-1-600x400.jpg 600w, https:\/\/lsf-france.com\/wp-content\/uploads\/2020\/11\/shutterstock_1674180091-1-300x200.jpg 300w, https:\/\/lsf-france.com\/wp-content\/uploads\/2020\/11\/shutterstock_1674180091-1-1024x683.jpg 1024w, https:\/\/lsf-france.com\/wp-content\/uploads\/2020\/11\/shutterstock_1674180091-1-768x512.jpg 768w, https:\/\/lsf-france.com\/wp-content\/uploads\/2020\/11\/shutterstock_1674180091-1-1536x1025.jpg 1536w, https:\/\/lsf-france.com\/wp-content\/uploads\/2020\/11\/shutterstock_1674180091-1-640x427.jpg 640w, https:\/\/lsf-france.com\/wp-content\/uploads\/2020\/11\/shutterstock_1674180091-1-400x267.jpg 400w\" sizes=\"(max-width: 2000px) 100vw, 2000px\" \/><\/a><\/figure><div class=\"elementor-image-box-content\"><h3 class=\"elementor-image-box-title\"><a href=\"https:\/\/lsf-france.com\/es\/cursos-de-frances-en-montpellier-francia-y-en-linea\/\">Cursos de franc\u00e9s en l\u00ednea<\/a><\/h3><p class=\"elementor-image-box-description\">LSF Montpellier pone en valor su experiencia en e-Learning y formaci\u00f3n a distancia y lanza el programa Keep Learning French que gira en torno a un sencillo principio: \"Empieza a aprender franc\u00e9s en casa antes de venir a Francia para una estancia de inmersi\u00f3n (si decides venir)\"...<\/p><\/div><\/div>\t\t\t\t<\/div>\n\t\t\t\t<\/div>\n\t\t\t\t<div class=\"elementor-element elementor-element-9f5217f elementor-align-center elementor-widget elementor-widget-button\" data-id=\"9f5217f\" data-element_type=\"widget\" data-e-type=\"widget\" data-widget_type=\"button.default\">\n\t\t\t\t<div class=\"elementor-widget-container\">\n\t\t\t\t\t\t\t\t\t<div class=\"elementor-button-wrapper\">\n\t\t\t\t\t<a class=\"elementor-button elementor-button-link elementor-size-sm\" href=\"https:\/\/lsf-france.com\/es\/cursos-de-frances-en-montpellier-francia-y-en-linea\/\">\n\t\t\t\t\t\t<span class=\"elementor-button-content-wrapper\">\n\t\t\t\t\t\t\t\t\t<span class=\"elementor-button-text\">M\u00e1s informaci\u00f3n<\/span>\n\t\t\t\t\t<\/span>\n\t\t\t\t\t<\/a>\n\t\t\t\t<\/div>\n\t\t\t\t\t\t\t\t<\/div>\n\t\t\t\t<\/div>\n\t\t\t\t\t<\/div>\n\t\t<\/div>\n\t\t\t\t<div class=\"elementor-column elementor-col-33 elementor-top-column elementor-element elementor-element-3df83db\" data-id=\"3df83db\" data-element_type=\"column\" data-e-type=\"column\">\n\t\t\t<div class=\"elementor-widget-wrap elementor-element-populated\">\n\t\t\t\t\t\t<div class=\"elementor-element elementor-element-ad5500a elementor-position-top elementor-widget elementor-widget-image-box\" data-id=\"ad5500a\" data-element_type=\"widget\" data-e-type=\"widget\" data-widget_type=\"image-box.default\">\n\t\t\t\t<div class=\"elementor-widget-container\">\n\t\t\t\t\t<div class=\"elementor-image-box-wrapper\"><figure class=\"elementor-image-box-img\"><a href=\"https:\/\/lsf-france.com\/es\/cursos-de-frances-en-montpellier-francia-y-en-linea\/vacaciones-linguisticas-para-jovenes-en-montpellier\/\" tabindex=\"-1\"><img decoding=\"async\" width=\"2048\" height=\"1365\" src=\"https:\/\/lsf-france.com\/wp-content\/uploads\/2024\/09\/03_KLF_MONTPELLIER_343_websize.jpg\" class=\"attachment-full size-full wp-image-411266\" alt=\"\" srcset=\"https:\/\/lsf-france.com\/wp-content\/uploads\/2024\/09\/03_KLF_MONTPELLIER_343_websize.jpg 2048w, https:\/\/lsf-france.com\/wp-content\/uploads\/2024\/09\/03_KLF_MONTPELLIER_343_websize-300x200.jpg 300w, https:\/\/lsf-france.com\/wp-content\/uploads\/2024\/09\/03_KLF_MONTPELLIER_343_websize-1024x683.jpg 1024w, https:\/\/lsf-france.com\/wp-content\/uploads\/2024\/09\/03_KLF_MONTPELLIER_343_websize-768x512.jpg 768w, https:\/\/lsf-france.com\/wp-content\/uploads\/2024\/09\/03_KLF_MONTPELLIER_343_websize-1536x1024.jpg 1536w\" sizes=\"(max-width: 2048px) 100vw, 2048px\" \/><\/a><\/figure><div class=\"elementor-image-box-content\"><h3 class=\"elementor-image-box-title\"><a href=\"https:\/\/lsf-france.com\/es\/cursos-de-frances-en-montpellier-francia-y-en-linea\/vacaciones-linguisticas-para-jovenes-en-montpellier\/\">Cursos de franc\u00e9s para j\u00f3venes<\/a><\/h3><p class=\"elementor-image-box-description\">Nuestro campamento de verano para j\u00f3venes es una f\u00f3rmula \u00fanica en Montpellier. Nuestro programa est\u00e1 especialmente dise\u00f1ado para j\u00f3venes y adolescentes que vienen a Francia para combinar una estancia ling\u00fc\u00edstica con unas vacaciones. LSF ofrece un paquete con todo incluido: Cursos de franc\u00e9s, alojamiento y un rico y variado programa de actividades...<\/p><\/div><\/div>\t\t\t\t<\/div>\n\t\t\t\t<\/div>\n\t\t\t\t<div class=\"elementor-element elementor-element-0b6c988 elementor-align-center elementor-widget elementor-widget-button\" data-id=\"0b6c988\" data-element_type=\"widget\" data-e-type=\"widget\" data-widget_type=\"button.default\">\n\t\t\t\t<div class=\"elementor-widget-container\">\n\t\t\t\t\t\t\t\t\t<div class=\"elementor-button-wrapper\">\n\t\t\t\t\t<a class=\"elementor-button elementor-button-link elementor-size-sm\" href=\"https:\/\/lsf-france.com\/es\/cursos-de-frances-en-montpellier-francia-y-en-linea\/vacaciones-linguisticas-para-jovenes-en-montpellier\/\">\n\t\t\t\t\t\t<span class=\"elementor-button-content-wrapper\">\n\t\t\t\t\t\t\t\t\t<span class=\"elementor-button-text\">M\u00e1s informaci\u00f3n<\/span>\n\t\t\t\t\t<\/span>\n\t\t\t\t\t<\/a>\n\t\t\t\t<\/div>\n\t\t\t\t\t\t\t\t<\/div>\n\t\t\t\t<\/div>\n\t\t\t\t\t<\/div>\n\t\t<\/div>\n\t\t\t\t\t<\/div>\n\t\t<\/section>\n\t\t\t\t<section class=\"elementor-section elementor-top-section elementor-element elementor-element-9d9f723 elementor-section-boxed elementor-section-height-default elementor-section-height-default\" data-id=\"9d9f723\" data-element_type=\"section\" data-e-type=\"section\">\n\t\t\t\t\t\t<div class=\"elementor-container elementor-column-gap-default\">\n\t\t\t\t\t<div class=\"elementor-column elementor-col-100 elementor-top-column elementor-element elementor-element-f472f76\" data-id=\"f472f76\" data-element_type=\"column\" data-e-type=\"column\">\n\t\t\t<div class=\"elementor-widget-wrap elementor-element-populated\">\n\t\t\t\t\t\t<div class=\"elementor-element elementor-element-0de41ec elementor-widget elementor-widget-heading\" data-id=\"0de41ec\" data-element_type=\"widget\" data-e-type=\"widget\" data-widget_type=\"heading.default\">\n\t\t\t\t<div class=\"elementor-widget-container\">\n\t\t\t\t\t<h2 class=\"elementor-heading-title elementor-size-default\">Otros cursos de franc\u00e9s:<\/h2>\t\t\t\t<\/div>\n\t\t\t\t<\/div>\n\t\t\t\t\t<\/div>\n\t\t<\/div>\n\t\t\t\t\t<\/div>\n\t\t<\/section>\n\t\t\t\t<section class=\"elementor-section elementor-top-section elementor-element elementor-element-185e4e2 elementor-section-boxed elementor-section-height-default elementor-section-height-default\" data-id=\"185e4e2\" data-element_type=\"section\" data-e-type=\"section\">\n\t\t\t\t\t\t<div class=\"elementor-container elementor-column-gap-default\">\n\t\t\t\t\t<div class=\"elementor-column elementor-col-33 elementor-top-column elementor-element elementor-element-8d48b1c\" data-id=\"8d48b1c\" data-element_type=\"column\" data-e-type=\"column\">\n\t\t\t<div class=\"elementor-widget-wrap elementor-element-populated\">\n\t\t\t\t\t\t<div class=\"elementor-element elementor-element-dfd9c19 elementor-position-top elementor-widget elementor-widget-image-box\" data-id=\"dfd9c19\" data-element_type=\"widget\" data-e-type=\"widget\" data-widget_type=\"image-box.default\">\n\t\t\t\t<div class=\"elementor-widget-container\">\n\t\t\t\t\t<div class=\"elementor-image-box-wrapper\"><figure class=\"elementor-image-box-img\"><a href=\"https:\/\/klf.fr\/french-courses-for-groups\/\" tabindex=\"-1\" target=\"_blank\" rel=\"noopener\"><img loading=\"lazy\" decoding=\"async\" width=\"2048\" height=\"1365\" src=\"https:\/\/lsf-france.com\/wp-content\/uploads\/2024\/09\/03_KLF_MONTPELLIER_402_websize.jpg\" class=\"attachment-full size-full wp-image-411222\" alt=\"\" srcset=\"https:\/\/lsf-france.com\/wp-content\/uploads\/2024\/09\/03_KLF_MONTPELLIER_402_websize.jpg 2048w, https:\/\/lsf-france.com\/wp-content\/uploads\/2024\/09\/03_KLF_MONTPELLIER_402_websize-300x200.jpg 300w, https:\/\/lsf-france.com\/wp-content\/uploads\/2024\/09\/03_KLF_MONTPELLIER_402_websize-1024x683.jpg 1024w, https:\/\/lsf-france.com\/wp-content\/uploads\/2024\/09\/03_KLF_MONTPELLIER_402_websize-768x512.jpg 768w, https:\/\/lsf-france.com\/wp-content\/uploads\/2024\/09\/03_KLF_MONTPELLIER_402_websize-1536x1024.jpg 1536w\" sizes=\"(max-width: 2048px) 100vw, 2048px\" \/><\/a><\/figure><div class=\"elementor-image-box-content\"><h3 class=\"elementor-image-box-title\"><a href=\"https:\/\/klf.fr\/french-courses-for-groups\/\" target=\"_blank\" rel=\"noopener\">Grupos cerrados<\/a><\/h3><p class=\"elementor-image-box-description\">LSF Montpellier recibe regularmente grupos escolares procedentes de Inglaterra, Suiza, Alemania, Espa\u00f1a, Italia y Australia... Se ofrecen programas a medida para clases de estudiantes acompa\u00f1ados por sus profesores. Cursos de franc\u00e9s, descubrimiento de la cultura francesa y actividades conforman una estancia que combina el aprendizaje del idioma y el placer...<\/p><\/div><\/div>\t\t\t\t<\/div>\n\t\t\t\t<\/div>\n\t\t\t\t<div class=\"elementor-element elementor-element-cb0995e elementor-align-center elementor-widget elementor-widget-button\" data-id=\"cb0995e\" data-element_type=\"widget\" data-e-type=\"widget\" data-widget_type=\"button.default\">\n\t\t\t\t<div class=\"elementor-widget-container\">\n\t\t\t\t\t\t\t\t\t<div class=\"elementor-button-wrapper\">\n\t\t\t\t\t<a class=\"elementor-button elementor-button-link elementor-size-sm\" href=\"https:\/\/klf.fr\/french-courses-for-groups\/\" target=\"_blank\" rel=\"noopener\">\n\t\t\t\t\t\t<span class=\"elementor-button-content-wrapper\">\n\t\t\t\t\t\t\t\t\t<span class=\"elementor-button-text\">M\u00e1s informaci\u00f3n<\/span>\n\t\t\t\t\t<\/span>\n\t\t\t\t\t<\/a>\n\t\t\t\t<\/div>\n\t\t\t\t\t\t\t\t<\/div>\n\t\t\t\t<\/div>\n\t\t\t\t\t<\/div>\n\t\t<\/div>\n\t\t\t\t<div class=\"elementor-column elementor-col-33 elementor-top-column elementor-element elementor-element-ef374cf\" data-id=\"ef374cf\" data-element_type=\"column\" data-e-type=\"column\">\n\t\t\t<div class=\"elementor-widget-wrap elementor-element-populated\">\n\t\t\t\t\t\t<div class=\"elementor-element elementor-element-4fbea55 elementor-position-top elementor-widget elementor-widget-image-box\" data-id=\"4fbea55\" data-element_type=\"widget\" data-e-type=\"widget\" data-widget_type=\"image-box.default\">\n\t\t\t\t<div class=\"elementor-widget-container\">\n\t\t\t\t\t<div class=\"elementor-image-box-wrapper\"><figure class=\"elementor-image-box-img\"><a href=\"https:\/\/lsf-france.com\/es\/cursos-de-frances-en-montpellier-francia-y-en-linea\/frances-para-profesores-de-frances\/\" tabindex=\"-1\"><img loading=\"lazy\" decoding=\"async\" width=\"2048\" height=\"1366\" src=\"https:\/\/lsf-france.com\/wp-content\/uploads\/2024\/09\/03_KLF_MONTPELLIER_364_websize.jpg\" class=\"attachment-full size-full wp-image-411234\" alt=\"\" srcset=\"https:\/\/lsf-france.com\/wp-content\/uploads\/2024\/09\/03_KLF_MONTPELLIER_364_websize.jpg 2048w, https:\/\/lsf-france.com\/wp-content\/uploads\/2024\/09\/03_KLF_MONTPELLIER_364_websize-300x200.jpg 300w, https:\/\/lsf-france.com\/wp-content\/uploads\/2024\/09\/03_KLF_MONTPELLIER_364_websize-1024x683.jpg 1024w, https:\/\/lsf-france.com\/wp-content\/uploads\/2024\/09\/03_KLF_MONTPELLIER_364_websize-768x512.jpg 768w, https:\/\/lsf-france.com\/wp-content\/uploads\/2024\/09\/03_KLF_MONTPELLIER_364_websize-1536x1025.jpg 1536w\" sizes=\"(max-width: 2048px) 100vw, 2048px\" \/><\/a><\/figure><div class=\"elementor-image-box-content\"><h3 class=\"elementor-image-box-title\"><a href=\"https:\/\/lsf-france.com\/es\/cursos-de-frances-en-montpellier-francia-y-en-linea\/frances-para-profesores-de-frances\/\">Profesores de franc\u00e9s<\/a><\/h3><p class=\"elementor-image-box-description\">LSF ofrece pr\u00e1cticas y formaci\u00f3n para profesores de franc\u00e9s establecidos fuera de Francia (escuela primaria, secundaria, bachillerato, universidad, institutos de idiomas). El objetivo de estos cursos es dar a los profesores las claves para desarrollar la fluidez escrita y oral de sus alumnos y proporcionarles nuevas e innovadoras t\u00e9cnicas de ense\u00f1anza...<\/p><\/div><\/div>\t\t\t\t<\/div>\n\t\t\t\t<\/div>\n\t\t\t\t<div class=\"elementor-element elementor-element-afba741 elementor-align-center elementor-widget elementor-widget-button\" data-id=\"afba741\" data-element_type=\"widget\" data-e-type=\"widget\" data-widget_type=\"button.default\">\n\t\t\t\t<div class=\"elementor-widget-container\">\n\t\t\t\t\t\t\t\t\t<div class=\"elementor-button-wrapper\">\n\t\t\t\t\t<a class=\"elementor-button elementor-button-link elementor-size-sm\" href=\"https:\/\/lsf-france.com\/es\/cursos-de-frances-en-montpellier-francia-y-en-linea\/frances-para-profesores-de-frances\/\">\n\t\t\t\t\t\t<span class=\"elementor-button-content-wrapper\">\n\t\t\t\t\t\t\t\t\t<span class=\"elementor-button-text\">M\u00e1s informaci\u00f3n<\/span>\n\t\t\t\t\t<\/span>\n\t\t\t\t\t<\/a>\n\t\t\t\t<\/div>\n\t\t\t\t\t\t\t\t<\/div>\n\t\t\t\t<\/div>\n\t\t\t\t\t<\/div>\n\t\t<\/div>\n\t\t\t\t<div class=\"elementor-column elementor-col-33 elementor-top-column elementor-element elementor-element-abbf399\" data-id=\"abbf399\" data-element_type=\"column\" data-e-type=\"column\">\n\t\t\t<div class=\"elementor-widget-wrap elementor-element-populated\">\n\t\t\t\t\t\t<div class=\"elementor-element elementor-element-3a45461 elementor-position-top elementor-widget elementor-widget-image-box\" data-id=\"3a45461\" data-element_type=\"widget\" data-e-type=\"widget\" data-widget_type=\"image-box.default\">\n\t\t\t\t<div class=\"elementor-widget-container\">\n\t\t\t\t\t<div class=\"elementor-image-box-wrapper\"><figure class=\"elementor-image-box-img\"><a href=\"https:\/\/lsf-france.com\/es\/cursos-de-frances-en-montpellier-francia-y-en-linea\/cursos-de-frances-para-adultos-en-francia\/clases-particulares-de-frances\/\" tabindex=\"-1\"><img loading=\"lazy\" decoding=\"async\" width=\"1000\" height=\"667\" src=\"https:\/\/lsf-france.com\/wp-content\/uploads\/2018\/10\/Plan-de-travail-1.jpg\" class=\"attachment-full size-full wp-image-382435\" alt=\"\" srcset=\"https:\/\/lsf-france.com\/wp-content\/uploads\/2018\/10\/Plan-de-travail-1.jpg 1000w, https:\/\/lsf-france.com\/wp-content\/uploads\/2018\/10\/Plan-de-travail-1-600x400.jpg 600w\" sizes=\"(max-width: 1000px) 100vw, 1000px\" \/><\/a><\/figure><div class=\"elementor-image-box-content\"><h3 class=\"elementor-image-box-title\"><a href=\"https:\/\/lsf-france.com\/es\/cursos-de-frances-en-montpellier-francia-y-en-linea\/cursos-de-frances-para-adultos-en-francia\/clases-particulares-de-frances\/\">Cursos 1-a-1<\/a><\/h3><p class=\"elementor-image-box-description\">Las clases individuales le permiten trabajar en \u00e1reas espec\u00edficas y est\u00e1n dise\u00f1adas en funci\u00f3n de sus necesidades y expectativas concretas. (Enriquecimiento del l\u00e9xico, mejora de las competencias gramaticales, fon\u00e9tica, necesidades profesionales...).<\/p><\/div><\/div>\t\t\t\t<\/div>\n\t\t\t\t<\/div>\n\t\t\t\t<div class=\"elementor-element elementor-element-607d235 elementor-align-center elementor-widget elementor-widget-button\" data-id=\"607d235\" data-element_type=\"widget\" data-e-type=\"widget\" data-widget_type=\"button.default\">\n\t\t\t\t<div class=\"elementor-widget-container\">\n\t\t\t\t\t\t\t\t\t<div class=\"elementor-button-wrapper\">\n\t\t\t\t\t<a class=\"elementor-button elementor-button-link elementor-size-sm\" href=\"https:\/\/lsf-france.com\/es\/cursos-de-frances-en-montpellier-francia-y-en-linea\/cursos-de-frances-para-adultos-en-francia\/clases-particulares-de-frances\/\">\n\t\t\t\t\t\t<span class=\"elementor-button-content-wrapper\">\n\t\t\t\t\t\t\t\t\t<span class=\"elementor-button-text\">M\u00e1s informaci\u00f3n<\/span>\n\t\t\t\t\t<\/span>\n\t\t\t\t\t<\/a>\n\t\t\t\t<\/div>\n\t\t\t\t\t\t\t\t<\/div>\n\t\t\t\t<\/div>\n\t\t\t\t\t<\/div>\n\t\t<\/div>\n\t\t\t\t\t<\/div>\n\t\t<\/section>\n\t\t\t\t<\/div>\n\t\t","protected":false},"excerpt":{"rendered":"<p>Cursos de franc\u00e9s: Cursos de franc\u00e9s para adultos LSF Montpellier se distingue por la calidad de su ense\u00f1anza y la gran diversidad de sus alumnos: diversidad de objetivos, niveles, edades [&hellip;]<\/p>\n","protected":false},"author":1,"featured_media":0,"parent":0,"menu_order":0,"comment_status":"closed","ping_status":"closed","template":"","meta":{"_acf_changed":false,"content-type":"","footnotes":""},"class_list":["post-382331","page","type-page","status-publish","hentry"],"acf":[],"_links":{"self":[{"href":"https:\/\/lsf-france.com\/es\/wp-json\/wp\/v2\/pages\/382331","targetHints":{"allow":["GET"]}}],"collection":[{"href":"https:\/\/lsf-france.com\/es\/wp-json\/wp\/v2\/pages"}],"about":[{"href":"https:\/\/lsf-france.com\/es\/wp-json\/wp\/v2\/types\/page"}],"author":[{"embeddable":true,"href":"https:\/\/lsf-france.com\/es\/wp-json\/wp\/v2\/users\/1"}],"replies":[{"embeddable":true,"href":"https:\/\/lsf-france.com\/es\/wp-json\/wp\/v2\/comments?post=382331"}],"version-history":[{"count":7,"href":"https:\/\/lsf-france.com\/es\/wp-json\/wp\/v2\/pages\/382331\/revisions"}],"predecessor-version":[{"id":411939,"href":"https:\/\/lsf-france.com\/es\/wp-json\/wp\/v2\/pages\/382331\/revisions\/411939"}],"wp:attachment":[{"href":"https:\/\/lsf-france.com\/es\/wp-json\/wp\/v2\/media?parent=382331"}],"curies":[{"name":"wp","href":"https:\/\/api.w.org\/{rel}","templated":true}]}}