{"id":382485,"date":"2018-09-07T15:44:10","date_gmt":"2018-09-07T13:44:10","guid":{"rendered":"https:\/\/lsf-france.com\/actividades\/"},"modified":"2025-10-27T10:42:43","modified_gmt":"2025-10-27T09:42:43","slug":"actividades","status":"publish","type":"page","link":"https:\/\/lsf-france.com\/es\/actividades\/","title":{"rendered":"Actividades en Francia con LSF Montpellier"},"content":{"rendered":"\t\t<div data-elementor-type=\"wp-page\" data-elementor-id=\"382485\" class=\"elementor elementor-382485 elementor-761\" data-elementor-post-type=\"page\">\n\t\t\t\t\t\t<section class=\"elementor-section elementor-top-section elementor-element elementor-element-3174750 elementor-section-content-middle elementor-section-boxed elementor-section-height-default elementor-section-height-default\" data-id=\"3174750\" data-element_type=\"section\" data-e-type=\"section\">\n\t\t\t\t\t\t<div class=\"elementor-container elementor-column-gap-default\">\n\t\t\t\t\t<div class=\"elementor-column elementor-col-50 elementor-top-column elementor-element elementor-element-87402f9\" data-id=\"87402f9\" data-element_type=\"column\" data-e-type=\"column\">\n\t\t\t<div class=\"elementor-widget-wrap elementor-element-populated\">\n\t\t\t\t\t\t<div class=\"elementor-element elementor-element-30c1d51 elementor-position-top elementor-widget elementor-widget-image-box\" data-id=\"30c1d51\" data-element_type=\"widget\" data-e-type=\"widget\" data-widget_type=\"image-box.default\">\n\t\t\t\t<div class=\"elementor-widget-container\">\n\t\t\t\t\t<div class=\"elementor-image-box-wrapper\"><figure class=\"elementor-image-box-img\"><img decoding=\"async\" width=\"150\" height=\"150\" src=\"https:\/\/lsf-france.com\/wp-content\/uploads\/2024\/11\/Sans-titre-1-150x150.png\" class=\"attachment-thumbnail size-thumbnail wp-image-412572\" alt=\"Liora\" srcset=\"https:\/\/lsf-france.com\/wp-content\/uploads\/2024\/11\/Sans-titre-1-150x150.png 150w, https:\/\/lsf-france.com\/wp-content\/uploads\/2024\/11\/Sans-titre-1.png 174w\" sizes=\"(max-width: 150px) 100vw, 150px\" \/><\/figure><div class=\"elementor-image-box-content\"><h3 class=\"elementor-image-box-title\">Liora <br><br>Responsable de las actividades<\/h3><p class=\"elementor-image-box-description\">\"LSF le propone numerosas actividades en Francia en Montpellier y sus alrededores. Descubra una gran selecci\u00f3n de salidas para realizar durante su estancia ling\u00fc\u00edstica para aprender franc\u00e9s.\"<\/p><\/div><\/div>\t\t\t\t<\/div>\n\t\t\t\t<\/div>\n\t\t\t\t\t<\/div>\n\t\t<\/div>\n\t\t\t\t<div class=\"elementor-column elementor-col-50 elementor-top-column elementor-element elementor-element-9886011\" data-id=\"9886011\" data-element_type=\"column\" data-e-type=\"column\">\n\t\t\t<div class=\"elementor-widget-wrap elementor-element-populated\">\n\t\t\t\t\t\t<section class=\"elementor-section elementor-inner-section elementor-element elementor-element-865abc2 elementor-section-boxed elementor-section-height-default elementor-section-height-default\" data-id=\"865abc2\" data-element_type=\"section\" data-e-type=\"section\">\n\t\t\t\t\t\t<div class=\"elementor-container elementor-column-gap-default\">\n\t\t\t\t\t<div class=\"elementor-column elementor-col-33 elementor-inner-column elementor-element elementor-element-7bafa77\" data-id=\"7bafa77\" data-element_type=\"column\" data-e-type=\"column\">\n\t\t\t<div class=\"elementor-widget-wrap elementor-element-populated\">\n\t\t\t\t\t\t<div class=\"elementor-element elementor-element-f12faf9 elementor-position-top elementor-widget elementor-widget-image-box\" data-id=\"f12faf9\" data-element_type=\"widget\" data-e-type=\"widget\" data-widget_type=\"image-box.default\">\n\t\t\t\t<div class=\"elementor-widget-container\">\n\t\t\t\t\t<div class=\"elementor-image-box-wrapper\"><figure class=\"elementor-image-box-img\"><a href=\"https:\/\/lsf-france.com\/es\/actividades\/deportes-y-actividades-de-ocio\/\" tabindex=\"-1\"><img fetchpriority=\"high\" decoding=\"async\" width=\"884\" height=\"1026\" src=\"https:\/\/lsf-france.com\/wp-content\/uploads\/2020\/06\/sport-leisure-lsf.jpg\" class=\"elementor-animation-float attachment-full size-full wp-image-385833\" alt=\"Sport and leisure\" srcset=\"https:\/\/lsf-france.com\/wp-content\/uploads\/2020\/06\/sport-leisure-lsf.jpg 884w, https:\/\/lsf-france.com\/wp-content\/uploads\/2020\/06\/sport-leisure-lsf-600x696.jpg 600w, https:\/\/lsf-france.com\/wp-content\/uploads\/2020\/06\/sport-leisure-lsf-258x300.jpg 258w, https:\/\/lsf-france.com\/wp-content\/uploads\/2020\/06\/sport-leisure-lsf-882x1024.jpg 882w, https:\/\/lsf-france.com\/wp-content\/uploads\/2020\/06\/sport-leisure-lsf-768x891.jpg 768w, https:\/\/lsf-france.com\/wp-content\/uploads\/2020\/06\/sport-leisure-lsf-640x743.jpg 640w, https:\/\/lsf-france.com\/wp-content\/uploads\/2020\/06\/sport-leisure-lsf-400x464.jpg 400w\" sizes=\"(max-width: 884px) 100vw, 884px\" \/><\/a><\/figure><div class=\"elementor-image-box-content\"><h3 class=\"elementor-image-box-title\"><a href=\"https:\/\/lsf-france.com\/es\/actividades\/deportes-y-actividades-de-ocio\/\">DEPORTES<br>Y OCIO<\/a><\/h3><p class=\"elementor-image-box-description\">Practicar deportes de sol<\/p><\/div><\/div>\t\t\t\t<\/div>\n\t\t\t\t<\/div>\n\t\t\t\t\t<\/div>\n\t\t<\/div>\n\t\t\t\t<div class=\"elementor-column elementor-col-33 elementor-inner-column elementor-element elementor-element-e93bfc0\" data-id=\"e93bfc0\" data-element_type=\"column\" data-e-type=\"column\">\n\t\t\t<div class=\"elementor-widget-wrap elementor-element-populated\">\n\t\t\t\t\t\t<div class=\"elementor-element elementor-element-24ed632 elementor-position-top elementor-widget elementor-widget-image-box\" data-id=\"24ed632\" data-element_type=\"widget\" data-e-type=\"widget\" data-widget_type=\"image-box.default\">\n\t\t\t\t<div class=\"elementor-widget-container\">\n\t\t\t\t\t<div class=\"elementor-image-box-wrapper\"><figure class=\"elementor-image-box-img\"><a href=\"https:\/\/lsf-france.com\/es\/actividades\/historia-y-gastronomia\/\" tabindex=\"-1\"><img decoding=\"async\" width=\"884\" height=\"1026\" src=\"https:\/\/lsf-france.com\/wp-content\/uploads\/2020\/06\/history-gastronomy-lsf.jpg\" class=\"elementor-animation-float attachment-full size-full wp-image-385836\" alt=\"History and Gastronomy\" srcset=\"https:\/\/lsf-france.com\/wp-content\/uploads\/2020\/06\/history-gastronomy-lsf.jpg 884w, https:\/\/lsf-france.com\/wp-content\/uploads\/2020\/06\/history-gastronomy-lsf-600x696.jpg 600w, https:\/\/lsf-france.com\/wp-content\/uploads\/2020\/06\/history-gastronomy-lsf-258x300.jpg 258w, https:\/\/lsf-france.com\/wp-content\/uploads\/2020\/06\/history-gastronomy-lsf-882x1024.jpg 882w, https:\/\/lsf-france.com\/wp-content\/uploads\/2020\/06\/history-gastronomy-lsf-768x891.jpg 768w, https:\/\/lsf-france.com\/wp-content\/uploads\/2020\/06\/history-gastronomy-lsf-640x743.jpg 640w, https:\/\/lsf-france.com\/wp-content\/uploads\/2020\/06\/history-gastronomy-lsf-400x464.jpg 400w\" sizes=\"(max-width: 884px) 100vw, 884px\" \/><\/a><\/figure><div class=\"elementor-image-box-content\"><h3 class=\"elementor-image-box-title\"><a href=\"https:\/\/lsf-france.com\/es\/actividades\/historia-y-gastronomia\/\">HISTORIA<br>Y GASTRONOM\u00cdA<\/a><\/h3><p class=\"elementor-image-box-description\">Saborea el campo\n\n<\/p><\/div><\/div>\t\t\t\t<\/div>\n\t\t\t\t<\/div>\n\t\t\t\t\t<\/div>\n\t\t<\/div>\n\t\t\t\t<div class=\"elementor-column elementor-col-33 elementor-inner-column elementor-element elementor-element-b615fb7\" data-id=\"b615fb7\" data-element_type=\"column\" data-e-type=\"column\">\n\t\t\t<div class=\"elementor-widget-wrap elementor-element-populated\">\n\t\t\t\t\t\t<div class=\"elementor-element elementor-element-b42546a elementor-position-top elementor-widget elementor-widget-image-box\" data-id=\"b42546a\" data-element_type=\"widget\" data-e-type=\"widget\" data-widget_type=\"image-box.default\">\n\t\t\t\t<div class=\"elementor-widget-container\">\n\t\t\t\t\t<div class=\"elementor-image-box-wrapper\"><figure class=\"elementor-image-box-img\"><a href=\"https:\/\/lsf-france.com\/es\/actividades\/artistico-y-cultural\/\" tabindex=\"-1\"><img loading=\"lazy\" decoding=\"async\" width=\"884\" height=\"1026\" src=\"https:\/\/lsf-france.com\/wp-content\/uploads\/2020\/06\/art-culture-lsf.jpg\" class=\"elementor-animation-float attachment-full size-full wp-image-385839\" alt=\"Art and Culture\" srcset=\"https:\/\/lsf-france.com\/wp-content\/uploads\/2020\/06\/art-culture-lsf.jpg 884w, https:\/\/lsf-france.com\/wp-content\/uploads\/2020\/06\/art-culture-lsf-600x696.jpg 600w, https:\/\/lsf-france.com\/wp-content\/uploads\/2020\/06\/art-culture-lsf-258x300.jpg 258w, https:\/\/lsf-france.com\/wp-content\/uploads\/2020\/06\/art-culture-lsf-882x1024.jpg 882w, https:\/\/lsf-france.com\/wp-content\/uploads\/2020\/06\/art-culture-lsf-768x891.jpg 768w, https:\/\/lsf-france.com\/wp-content\/uploads\/2020\/06\/art-culture-lsf-640x743.jpg 640w, https:\/\/lsf-france.com\/wp-content\/uploads\/2020\/06\/art-culture-lsf-400x464.jpg 400w\" sizes=\"(max-width: 884px) 100vw, 884px\" \/><\/a><\/figure><div class=\"elementor-image-box-content\"><h3 class=\"elementor-image-box-title\"><a href=\"https:\/\/lsf-france.com\/es\/actividades\/artistico-y-cultural\/\">ARTE<br>Y CULTURA<\/a><\/h3><p class=\"elementor-image-box-description\">Descubrir la cultura francesa<\/p><\/div><\/div>\t\t\t\t<\/div>\n\t\t\t\t<\/div>\n\t\t\t\t\t<\/div>\n\t\t<\/div>\n\t\t\t\t\t<\/div>\n\t\t<\/section>\n\t\t\t\t\t<\/div>\n\t\t<\/div>\n\t\t\t\t\t<\/div>\n\t\t<\/section>\n\t\t\t\t<section class=\"elementor-section elementor-top-section elementor-element elementor-element-b52f6e1 elementor-section-boxed elementor-section-height-default elementor-section-height-default\" data-id=\"b52f6e1\" data-element_type=\"section\" data-e-type=\"section\">\n\t\t\t\t\t\t<div class=\"elementor-container elementor-column-gap-default\">\n\t\t\t\t\t<div class=\"elementor-column elementor-col-100 elementor-top-column elementor-element elementor-element-acb3f31\" data-id=\"acb3f31\" data-element_type=\"column\" data-e-type=\"column\">\n\t\t\t<div class=\"elementor-widget-wrap elementor-element-populated\">\n\t\t\t\t\t\t<div class=\"elementor-element elementor-element-4df5362 elementor-widget__width-auto elementor-mobile-align-justify elementor-widget-mobile__width-inherit elementor-align-center elementor-widget elementor-widget-button\" data-id=\"4df5362\" data-element_type=\"widget\" data-e-type=\"widget\" data-settings=\"{&quot;_animation&quot;:&quot;none&quot;}\" data-widget_type=\"button.default\">\n\t\t\t\t<div class=\"elementor-widget-container\">\n\t\t\t\t\t\t\t\t\t<div class=\"elementor-button-wrapper\">\n\t\t\t\t\t<a class=\"elementor-button elementor-button-link elementor-size-sm elementor-animation-bob\" href=\"https:\/\/lsf-france.com\/es\/actividades\/actividades-de-la-semana\/\" target=\"_blank\">\n\t\t\t\t\t\t<span class=\"elementor-button-content-wrapper\">\n\t\t\t\t\t\t<span class=\"elementor-button-icon\">\n\t\t\t\t\t\t\t<\/span>\n\t\t\t\t\t\t\t\t\t<span class=\"elementor-button-text\">Actividades de la semana<\/span>\n\t\t\t\t\t<\/span>\n\t\t\t\t\t<\/a>\n\t\t\t\t<\/div>\n\t\t\t\t\t\t\t\t<\/div>\n\t\t\t\t<\/div>\n\t\t\t\t\t<\/div>\n\t\t<\/div>\n\t\t\t\t\t<\/div>\n\t\t<\/section>\n\t\t\t\t<\/div>\n\t\t","protected":false},"excerpt":{"rendered":"<p>Liora Responsable de las actividades \u00abLSF le propone numerosas actividades en Francia en Montpellier y sus alrededores. Descubra una gran selecci\u00f3n de salidas para realizar durante su estancia ling\u00fc\u00edstica para [&hellip;]<\/p>\n","protected":false},"author":1,"featured_media":391652,"parent":0,"menu_order":0,"comment_status":"closed","ping_status":"closed","template":"","meta":{"_acf_changed":false,"content-type":"","footnotes":""},"class_list":["post-382485","page","type-page","status-publish","has-post-thumbnail","hentry"],"acf":[],"_links":{"self":[{"href":"https:\/\/lsf-france.com\/es\/wp-json\/wp\/v2\/pages\/382485","targetHints":{"allow":["GET"]}}],"collection":[{"href":"https:\/\/lsf-france.com\/es\/wp-json\/wp\/v2\/pages"}],"about":[{"href":"https:\/\/lsf-france.com\/es\/wp-json\/wp\/v2\/types\/page"}],"author":[{"embeddable":true,"href":"https:\/\/lsf-france.com\/es\/wp-json\/wp\/v2\/users\/1"}],"replies":[{"embeddable":true,"href":"https:\/\/lsf-france.com\/es\/wp-json\/wp\/v2\/comments?post=382485"}],"version-history":[{"count":8,"href":"https:\/\/lsf-france.com\/es\/wp-json\/wp\/v2\/pages\/382485\/revisions"}],"predecessor-version":[{"id":414191,"href":"https:\/\/lsf-france.com\/es\/wp-json\/wp\/v2\/pages\/382485\/revisions\/414191"}],"wp:featuredmedia":[{"embeddable":true,"href":"https:\/\/lsf-france.com\/es\/wp-json\/wp\/v2\/media\/391652"}],"wp:attachment":[{"href":"https:\/\/lsf-france.com\/es\/wp-json\/wp\/v2\/media?parent=382485"}],"curies":[{"name":"wp","href":"https:\/\/api.w.org\/{rel}","templated":true}]}}