{"id":382488,"date":"2018-09-07T15:41:01","date_gmt":"2018-09-07T13:41:01","guid":{"rendered":"https:\/\/lsf-france.com\/elegir-un-alojamiento-para-aprender-frances-en-francia\/"},"modified":"2024-02-22T09:33:06","modified_gmt":"2024-02-22T08:33:06","slug":"alojamiento-montpellier","status":"publish","type":"page","link":"https:\/\/lsf-france.com\/es\/alojamiento-montpellier\/","title":{"rendered":"Elegir un alojamiento para aprender franc\u00e9s en Francia"},"content":{"rendered":"\t\t<div data-elementor-type=\"wp-page\" data-elementor-id=\"382488\" class=\"elementor elementor-382488 elementor-746\" data-elementor-post-type=\"page\">\n\t\t\t\t\t\t<section class=\"elementor-section elementor-top-section elementor-element elementor-element-6e69507 elementor-section-content-middle elementor-section-boxed elementor-section-height-default elementor-section-height-default\" data-id=\"6e69507\" data-element_type=\"section\" data-e-type=\"section\">\n\t\t\t\t\t\t<div class=\"elementor-container elementor-column-gap-default\">\n\t\t\t\t\t<div class=\"elementor-column elementor-col-50 elementor-top-column elementor-element elementor-element-1388642\" data-id=\"1388642\" data-element_type=\"column\" data-e-type=\"column\">\n\t\t\t<div class=\"elementor-widget-wrap elementor-element-populated\">\n\t\t\t\t\t\t<div class=\"elementor-element elementor-element-9a3413c elementor-widget elementor-widget-image-box\" data-id=\"9a3413c\" data-element_type=\"widget\" data-e-type=\"widget\" data-widget_type=\"image-box.default\">\n\t\t\t\t<div class=\"elementor-widget-container\">\n\t\t\t\t\t<div class=\"elementor-image-box-wrapper\"><div class=\"elementor-image-box-content\"><h3 class=\"elementor-image-box-title\">Gesti\u00f3n del alojamiento<\/h3><p class=\"elementor-image-box-description\">\"LSF Montpellier favorece la inmersi\u00f3n en familias de acogida, que la escuela selecciona cuidadosamente por su sentido de la hospitalidad y del compartir para optimizar el aprendizaje del franc\u00e9s. Tambi\u00e9n ofrecemos una amplia gama de soluciones de alojamiento. \"<\/p><\/div><\/div>\t\t\t\t<\/div>\n\t\t\t\t<\/div>\n\t\t\t\t\t<\/div>\n\t\t<\/div>\n\t\t\t\t<div class=\"elementor-column elementor-col-50 elementor-top-column elementor-element elementor-element-9145743\" data-id=\"9145743\" data-element_type=\"column\" data-e-type=\"column\">\n\t\t\t<div class=\"elementor-widget-wrap elementor-element-populated\">\n\t\t\t\t\t\t<div class=\"elementor-element elementor-element-6b9a141 elementor-grid-3 elementor-grid-tablet-2 elementor-grid-mobile-1 elementor-posts--thumbnail-top elementor-card-shadow-yes elementor-posts__hover-gradient elementor-widget elementor-widget-posts\" data-id=\"6b9a141\" data-element_type=\"widget\" data-e-type=\"widget\" data-settings=\"{&quot;cards_columns&quot;:&quot;3&quot;,&quot;cards_columns_tablet&quot;:&quot;2&quot;,&quot;cards_columns_mobile&quot;:&quot;1&quot;,&quot;cards_row_gap&quot;:{&quot;unit&quot;:&quot;px&quot;,&quot;size&quot;:35,&quot;sizes&quot;:[]},&quot;cards_row_gap_tablet&quot;:{&quot;unit&quot;:&quot;px&quot;,&quot;size&quot;:&quot;&quot;,&quot;sizes&quot;:[]},&quot;cards_row_gap_mobile&quot;:{&quot;unit&quot;:&quot;px&quot;,&quot;size&quot;:&quot;&quot;,&quot;sizes&quot;:[]}}\" data-widget_type=\"posts.cards\">\n\t\t\t\t<div class=\"elementor-widget-container\">\n\t\t\t\t\t\t\t<div class=\"elementor-posts-container elementor-posts elementor-posts--skin-cards elementor-grid\" role=\"list\">\n\t\t\t\t<article class=\"elementor-post elementor-grid-item post-382741 page type-page status-publish has-post-thumbnail hentry\" role=\"listitem\">\n\t\t\t<div class=\"elementor-post__card\">\n\t\t\t\t<a class=\"elementor-post__thumbnail__link\" href=\"https:\/\/lsf-france.com\/es\/alojamiento-montpellier\/aparta-hotel-y-hoteles\/\" tabindex=\"-1\" ><div class=\"elementor-post__thumbnail\"><img fetchpriority=\"high\" decoding=\"async\" width=\"1500\" height=\"788\" src=\"https:\/\/lsf-france.com\/wp-content\/uploads\/2021\/03\/Hotel-Montpellier.jpg\" class=\"attachment-full size-full wp-image-391585\" alt=\"\" srcset=\"https:\/\/lsf-france.com\/wp-content\/uploads\/2021\/03\/Hotel-Montpellier.jpg 1500w, https:\/\/lsf-france.com\/wp-content\/uploads\/2021\/03\/Hotel-Montpellier-600x315.jpg 600w, https:\/\/lsf-france.com\/wp-content\/uploads\/2021\/03\/Hotel-Montpellier-300x158.jpg 300w, https:\/\/lsf-france.com\/wp-content\/uploads\/2021\/03\/Hotel-Montpellier-1024x538.jpg 1024w, https:\/\/lsf-france.com\/wp-content\/uploads\/2021\/03\/Hotel-Montpellier-768x403.jpg 768w, https:\/\/lsf-france.com\/wp-content\/uploads\/2021\/03\/Hotel-Montpellier-640x336.jpg 640w, https:\/\/lsf-france.com\/wp-content\/uploads\/2021\/03\/Hotel-Montpellier-400x210.jpg 400w\" sizes=\"(max-width: 1500px) 100vw, 1500px\" \/><\/div><\/a>\n\t\t\t\t<div class=\"elementor-post__text\">\n\t\t\t\t<h3 class=\"elementor-post__title\">\n\t\t\t<a href=\"https:\/\/lsf-france.com\/es\/alojamiento-montpellier\/aparta-hotel-y-hoteles\/\" >\n\t\t\t\tApartamento hotel y habitaciones de hotel\t\t\t<\/a>\n\t\t<\/h3>\n\t\t\t\t<div class=\"elementor-post__excerpt\">\n\t\t\t<p>Appart-hotel Este paquete de alojamiento es ideal si viaja con su familia o amigos y desea alojarse en el mismo lugar. Los estudios o suites de dos habitaciones propuestos est\u00e1n<\/p>\n\t\t<\/div>\n\t\t\n\t\t<a class=\"elementor-post__read-more\" href=\"https:\/\/lsf-france.com\/es\/alojamiento-montpellier\/aparta-hotel-y-hoteles\/\" aria-label=\"M\u00e1s informaci\u00f3n sobre Apartamento hotel y habitaciones de hotel\" tabindex=\"-1\" >\n\t\t\tM\u00e1s informaci\u00f3n \u00bb\t\t<\/a>\n\n\t\t\t\t<\/div>\n\t\t\t\t\t<\/div>\n\t\t<\/article>\n\t\t\t\t<article class=\"elementor-post elementor-grid-item post-382744 page type-page status-publish has-post-thumbnail hentry\" role=\"listitem\">\n\t\t\t<div class=\"elementor-post__card\">\n\t\t\t\t<a class=\"elementor-post__thumbnail__link\" href=\"https:\/\/lsf-france.com\/es\/alojamiento-montpellier\/familia-francesa-de-acogida\/\" tabindex=\"-1\" ><div class=\"elementor-post__thumbnail\"><img decoding=\"async\" width=\"1500\" height=\"788\" src=\"https:\/\/lsf-france.com\/wp-content\/uploads\/2021\/03\/Famille-daccueil-Montpellier.jpg\" class=\"attachment-full size-full wp-image-391582\" alt=\"\" srcset=\"https:\/\/lsf-france.com\/wp-content\/uploads\/2021\/03\/Famille-daccueil-Montpellier.jpg 1500w, https:\/\/lsf-france.com\/wp-content\/uploads\/2021\/03\/Famille-daccueil-Montpellier-600x315.jpg 600w, https:\/\/lsf-france.com\/wp-content\/uploads\/2021\/03\/Famille-daccueil-Montpellier-300x158.jpg 300w, https:\/\/lsf-france.com\/wp-content\/uploads\/2021\/03\/Famille-daccueil-Montpellier-1024x538.jpg 1024w, https:\/\/lsf-france.com\/wp-content\/uploads\/2021\/03\/Famille-daccueil-Montpellier-768x403.jpg 768w, https:\/\/lsf-france.com\/wp-content\/uploads\/2021\/03\/Famille-daccueil-Montpellier-640x336.jpg 640w, https:\/\/lsf-france.com\/wp-content\/uploads\/2021\/03\/Famille-daccueil-Montpellier-400x210.jpg 400w\" sizes=\"(max-width: 1500px) 100vw, 1500px\" \/><\/div><\/a>\n\t\t\t\t<div class=\"elementor-post__text\">\n\t\t\t\t<h3 class=\"elementor-post__title\">\n\t\t\t<a href=\"https:\/\/lsf-france.com\/es\/alojamiento-montpellier\/familia-francesa-de-acogida\/\" >\n\t\t\t\tFamilia francesa de acogida\t\t\t<\/a>\n\t\t<\/h3>\n\t\t\t\t<div class=\"elementor-post__excerpt\">\n\t\t\t<p>Esta es la f\u00f3rmula m\u00e1s popular y es esencial si desea intercambiar y descubrir la vida francesa. Vivir\u00e1 una verdadera experiencia de inmersi\u00f3n y tendr\u00e1 la oportunidad de practicar el<\/p>\n\t\t<\/div>\n\t\t\n\t\t<a class=\"elementor-post__read-more\" href=\"https:\/\/lsf-france.com\/es\/alojamiento-montpellier\/familia-francesa-de-acogida\/\" aria-label=\"M\u00e1s informaci\u00f3n sobre Familia francesa de acogida\" tabindex=\"-1\" >\n\t\t\tM\u00e1s informaci\u00f3n \u00bb\t\t<\/a>\n\n\t\t\t\t<\/div>\n\t\t\t\t\t<\/div>\n\t\t<\/article>\n\t\t\t\t<article class=\"elementor-post elementor-grid-item post-382752 page type-page status-publish has-post-thumbnail hentry\" role=\"listitem\">\n\t\t\t<div class=\"elementor-post__card\">\n\t\t\t\t<a class=\"elementor-post__thumbnail__link\" href=\"https:\/\/lsf-france.com\/es\/alojamiento-montpellier\/apartamento-privado\/\" tabindex=\"-1\" ><div class=\"elementor-post__thumbnail\"><img decoding=\"async\" width=\"1500\" height=\"788\" src=\"https:\/\/lsf-france.com\/wp-content\/uploads\/2021\/03\/Appartement-prive\u0301-Montpellier.jpg\" class=\"attachment-full size-full wp-image-391573\" alt=\"\" srcset=\"https:\/\/lsf-france.com\/wp-content\/uploads\/2021\/03\/Appartement-prive\u0301-Montpellier.jpg 1500w, https:\/\/lsf-france.com\/wp-content\/uploads\/2021\/03\/Appartement-prive\u0301-Montpellier-600x315.jpg 600w, https:\/\/lsf-france.com\/wp-content\/uploads\/2021\/03\/Appartement-prive\u0301-Montpellier-300x158.jpg 300w, https:\/\/lsf-france.com\/wp-content\/uploads\/2021\/03\/Appartement-prive\u0301-Montpellier-1024x538.jpg 1024w, https:\/\/lsf-france.com\/wp-content\/uploads\/2021\/03\/Appartement-prive\u0301-Montpellier-768x403.jpg 768w, https:\/\/lsf-france.com\/wp-content\/uploads\/2021\/03\/Appartement-prive\u0301-Montpellier-640x336.jpg 640w, https:\/\/lsf-france.com\/wp-content\/uploads\/2021\/03\/Appartement-prive\u0301-Montpellier-400x210.jpg 400w\" sizes=\"(max-width: 1500px) 100vw, 1500px\" \/><\/div><\/a>\n\t\t\t\t<div class=\"elementor-post__text\">\n\t\t\t\t<h3 class=\"elementor-post__title\">\n\t\t\t<a href=\"https:\/\/lsf-france.com\/es\/alojamiento-montpellier\/apartamento-privado\/\" >\n\t\t\t\tApartamento privado\t\t\t<\/a>\n\t\t<\/h3>\n\t\t\t\t<div class=\"elementor-post__excerpt\">\n\t\t\t<p>Nuestros apartamentos privados son ideales si usted quiere ser completamente independiente y tener un lugar agradable para vivir con un alto nivel de comodidad. un agradable lugar para vivir con<\/p>\n\t\t<\/div>\n\t\t\n\t\t<a class=\"elementor-post__read-more\" href=\"https:\/\/lsf-france.com\/es\/alojamiento-montpellier\/apartamento-privado\/\" aria-label=\"M\u00e1s informaci\u00f3n sobre Apartamento privado\" tabindex=\"-1\" >\n\t\t\tM\u00e1s informaci\u00f3n \u00bb\t\t<\/a>\n\n\t\t\t\t<\/div>\n\t\t\t\t\t<\/div>\n\t\t<\/article>\n\t\t\t\t<article class=\"elementor-post elementor-grid-item post-382756 page type-page status-publish has-post-thumbnail hentry\" role=\"listitem\">\n\t\t\t<div class=\"elementor-post__card\">\n\t\t\t\t<a class=\"elementor-post__thumbnail__link\" href=\"https:\/\/lsf-france.com\/es\/alojamiento-montpellier\/alojamiento-compartido\/\" tabindex=\"-1\" ><div class=\"elementor-post__thumbnail\"><img loading=\"lazy\" decoding=\"async\" width=\"1500\" height=\"788\" src=\"https:\/\/lsf-france.com\/wp-content\/uploads\/2021\/03\/Colocation-Montpellier.jpg\" class=\"attachment-full size-full wp-image-391579\" alt=\"\" srcset=\"https:\/\/lsf-france.com\/wp-content\/uploads\/2021\/03\/Colocation-Montpellier.jpg 1500w, https:\/\/lsf-france.com\/wp-content\/uploads\/2021\/03\/Colocation-Montpellier-600x315.jpg 600w, https:\/\/lsf-france.com\/wp-content\/uploads\/2021\/03\/Colocation-Montpellier-300x158.jpg 300w, https:\/\/lsf-france.com\/wp-content\/uploads\/2021\/03\/Colocation-Montpellier-1024x538.jpg 1024w, https:\/\/lsf-france.com\/wp-content\/uploads\/2021\/03\/Colocation-Montpellier-768x403.jpg 768w, https:\/\/lsf-france.com\/wp-content\/uploads\/2021\/03\/Colocation-Montpellier-640x336.jpg 640w, https:\/\/lsf-france.com\/wp-content\/uploads\/2021\/03\/Colocation-Montpellier-400x210.jpg 400w\" sizes=\"(max-width: 1500px) 100vw, 1500px\" \/><\/div><\/a>\n\t\t\t\t<div class=\"elementor-post__text\">\n\t\t\t\t<h3 class=\"elementor-post__title\">\n\t\t\t<a href=\"https:\/\/lsf-france.com\/es\/alojamiento-montpellier\/alojamiento-compartido\/\" >\n\t\t\t\tPiso compartido\t\t\t<\/a>\n\t\t<\/h3>\n\t\t\t\t<div class=\"elementor-post__excerpt\">\n\t\t\t<p>Si prefiere tener m\u00e1s espacio que en una residencia de estudiantes y no estar solo, le recomendamos que escoja un piso compartido con otra persona. Compartir\u00e1 las \u00e1reas comunes, como<\/p>\n\t\t<\/div>\n\t\t\n\t\t<a class=\"elementor-post__read-more\" href=\"https:\/\/lsf-france.com\/es\/alojamiento-montpellier\/alojamiento-compartido\/\" aria-label=\"M\u00e1s informaci\u00f3n sobre Piso compartido\" tabindex=\"-1\" >\n\t\t\tM\u00e1s informaci\u00f3n \u00bb\t\t<\/a>\n\n\t\t\t\t<\/div>\n\t\t\t\t\t<\/div>\n\t\t<\/article>\n\t\t\t\t<article class=\"elementor-post elementor-grid-item post-382760 page type-page status-publish has-post-thumbnail hentry\" role=\"listitem\">\n\t\t\t<div class=\"elementor-post__card\">\n\t\t\t\t<a class=\"elementor-post__thumbnail__link\" href=\"https:\/\/lsf-france.com\/es\/alojamiento-montpellier\/residencia-de-estudiantes\/\" tabindex=\"-1\" ><div class=\"elementor-post__thumbnail\"><img loading=\"lazy\" decoding=\"async\" width=\"1000\" height=\"525\" src=\"https:\/\/lsf-france.com\/wp-content\/uploads\/2021\/07\/HEBERGEMENTS.jpg\" class=\"attachment-full size-full wp-image-394235\" alt=\"\" srcset=\"https:\/\/lsf-france.com\/wp-content\/uploads\/2021\/07\/HEBERGEMENTS.jpg 1000w, https:\/\/lsf-france.com\/wp-content\/uploads\/2021\/07\/HEBERGEMENTS-300x158.jpg 300w, https:\/\/lsf-france.com\/wp-content\/uploads\/2021\/07\/HEBERGEMENTS-768x403.jpg 768w, https:\/\/lsf-france.com\/wp-content\/uploads\/2021\/07\/HEBERGEMENTS-600x315.jpg 600w\" sizes=\"(max-width: 1000px) 100vw, 1000px\" \/><\/div><\/a>\n\t\t\t\t<div class=\"elementor-post__text\">\n\t\t\t\t<h3 class=\"elementor-post__title\">\n\t\t\t<a href=\"https:\/\/lsf-france.com\/es\/alojamiento-montpellier\/residencia-de-estudiantes\/\" >\n\t\t\t\tResidencia de estudiantes y albergue juvenil\t\t\t<\/a>\n\t\t<\/h3>\n\t\t\t\t<div class=\"elementor-post__excerpt\">\n\t\t\t<p>Es una soluci\u00f3n econ\u00f3mica que te permite ser independiente y beneficiarte de todas las instalaciones necesarias (lavander\u00eda, sala de estudio, sala de desayunos, etc.). En una residencia de estudiantes o<\/p>\n\t\t<\/div>\n\t\t\n\t\t<a class=\"elementor-post__read-more\" href=\"https:\/\/lsf-france.com\/es\/alojamiento-montpellier\/residencia-de-estudiantes\/\" aria-label=\"M\u00e1s informaci\u00f3n sobre Residencia de estudiantes y albergue juvenil\" tabindex=\"-1\" >\n\t\t\tM\u00e1s informaci\u00f3n \u00bb\t\t<\/a>\n\n\t\t\t\t<\/div>\n\t\t\t\t\t<\/div>\n\t\t<\/article>\n\t\t\t\t<\/div>\n\t\t\n\t\t\t\t\t\t<\/div>\n\t\t\t\t<\/div>\n\t\t\t\t\t<\/div>\n\t\t<\/div>\n\t\t\t\t\t<\/div>\n\t\t<\/section>\n\t\t\t\t<\/div>\n\t\t","protected":false},"excerpt":{"rendered":"<p>Gesti\u00f3n del alojamiento \u00abLSF Montpellier favorece la inmersi\u00f3n en familias de acogida, que la escuela selecciona cuidadosamente por su sentido de la hospitalidad y del compartir para optimizar el aprendizaje [&hellip;]<\/p>\n","protected":false},"author":1,"featured_media":391588,"parent":0,"menu_order":0,"comment_status":"closed","ping_status":"closed","template":"","meta":{"_acf_changed":false,"content-type":"","footnotes":""},"class_list":["post-382488","page","type-page","status-publish","has-post-thumbnail","hentry"],"acf":[],"_links":{"self":[{"href":"https:\/\/lsf-france.com\/es\/wp-json\/wp\/v2\/pages\/382488","targetHints":{"allow":["GET"]}}],"collection":[{"href":"https:\/\/lsf-france.com\/es\/wp-json\/wp\/v2\/pages"}],"about":[{"href":"https:\/\/lsf-france.com\/es\/wp-json\/wp\/v2\/types\/page"}],"author":[{"embeddable":true,"href":"https:\/\/lsf-france.com\/es\/wp-json\/wp\/v2\/users\/1"}],"replies":[{"embeddable":true,"href":"https:\/\/lsf-france.com\/es\/wp-json\/wp\/v2\/comments?post=382488"}],"version-history":[{"count":4,"href":"https:\/\/lsf-france.com\/es\/wp-json\/wp\/v2\/pages\/382488\/revisions"}],"predecessor-version":[{"id":409110,"href":"https:\/\/lsf-france.com\/es\/wp-json\/wp\/v2\/pages\/382488\/revisions\/409110"}],"wp:featuredmedia":[{"embeddable":true,"href":"https:\/\/lsf-france.com\/es\/wp-json\/wp\/v2\/media\/391588"}],"wp:attachment":[{"href":"https:\/\/lsf-france.com\/es\/wp-json\/wp\/v2\/media?parent=382488"}],"curies":[{"name":"wp","href":"https:\/\/api.w.org\/{rel}","templated":true}]}}