{"id":382501,"date":"2018-12-18T08:56:49","date_gmt":"2018-12-18T07:56:49","guid":{"rendered":"https:\/\/lsf-france.com\/educacion\/"},"modified":"2024-03-27T11:30:24","modified_gmt":"2024-03-27T10:30:24","slug":"educacion","status":"publish","type":"page","link":"https:\/\/lsf-france.com\/es\/educacion\/","title":{"rendered":"Educaci\u00f3n"},"content":{"rendered":"\t\t<div data-elementor-type=\"wp-page\" data-elementor-id=\"382501\" class=\"elementor elementor-382501 elementor-33193\" data-elementor-post-type=\"page\">\n\t\t\t\t\t\t<section class=\"elementor-section elementor-top-section elementor-element elementor-element-66f5faa elementor-section-content-middle elementor-section-boxed elementor-section-height-default elementor-section-height-default\" data-id=\"66f5faa\" data-element_type=\"section\" data-e-type=\"section\">\n\t\t\t\t\t\t<div class=\"elementor-container elementor-column-gap-default\">\n\t\t\t\t\t<div class=\"elementor-column elementor-col-50 elementor-top-column elementor-element elementor-element-d2d8c52\" data-id=\"d2d8c52\" data-element_type=\"column\" data-e-type=\"column\">\n\t\t\t<div class=\"elementor-widget-wrap elementor-element-populated\">\n\t\t\t\t\t\t<div class=\"elementor-element elementor-element-ddeb36d elementor-position-top elementor-widget elementor-widget-image-box\" data-id=\"ddeb36d\" data-element_type=\"widget\" data-e-type=\"widget\" data-widget_type=\"image-box.default\">\n\t\t\t\t<div class=\"elementor-widget-container\">\n\t\t\t\t\t<div class=\"elementor-image-box-wrapper\"><figure class=\"elementor-image-box-img\"><img fetchpriority=\"high\" decoding=\"async\" width=\"777\" height=\"777\" src=\"https:\/\/lsf-france.com\/wp-content\/uploads\/2023\/07\/Sans-titre-1.jpg\" class=\"attachment-full size-full wp-image-404416\" alt=\"Eva BELOUIS\" srcset=\"https:\/\/lsf-france.com\/wp-content\/uploads\/2023\/07\/Sans-titre-1.jpg 777w, https:\/\/lsf-france.com\/wp-content\/uploads\/2023\/07\/Sans-titre-1-300x300.jpg 300w, https:\/\/lsf-france.com\/wp-content\/uploads\/2023\/07\/Sans-titre-1-150x150.jpg 150w, https:\/\/lsf-france.com\/wp-content\/uploads\/2023\/07\/Sans-titre-1-768x768.jpg 768w\" sizes=\"(max-width: 777px) 100vw, 777px\" \/><\/figure><div class=\"elementor-image-box-content\"><h3 class=\"elementor-image-box-title\">Eva<br><br>Directora de Educaci\u00f3n<\/h3><p class=\"elementor-image-box-description\">\"Nuestros profesores te acompa\u00f1ar\u00e1n y apoyar\u00e1n durante todo tu proceso de aprendizaje. Haremos todo lo posible para que consigas los objetivos que te has marcado\".<\/p><\/div><\/div>\t\t\t\t<\/div>\n\t\t\t\t<\/div>\n\t\t\t\t\t<\/div>\n\t\t<\/div>\n\t\t\t\t<div class=\"elementor-column elementor-col-50 elementor-top-column elementor-element elementor-element-975d973\" data-id=\"975d973\" data-element_type=\"column\" data-e-type=\"column\">\n\t\t\t<div class=\"elementor-widget-wrap elementor-element-populated\">\n\t\t\t\t\t\t<div class=\"elementor-element elementor-element-c1f2a11 elementor-grid-3 elementor-grid-tablet-2 elementor-grid-mobile-1 elementor-posts--thumbnail-top elementor-card-shadow-yes elementor-posts__hover-gradient elementor-widget elementor-widget-posts\" data-id=\"c1f2a11\" data-element_type=\"widget\" data-e-type=\"widget\" data-settings=\"{&quot;cards_columns&quot;:&quot;3&quot;,&quot;cards_columns_tablet&quot;:&quot;2&quot;,&quot;cards_columns_mobile&quot;:&quot;1&quot;,&quot;cards_row_gap&quot;:{&quot;unit&quot;:&quot;px&quot;,&quot;size&quot;:35,&quot;sizes&quot;:[]},&quot;cards_row_gap_tablet&quot;:{&quot;unit&quot;:&quot;px&quot;,&quot;size&quot;:&quot;&quot;,&quot;sizes&quot;:[]},&quot;cards_row_gap_mobile&quot;:{&quot;unit&quot;:&quot;px&quot;,&quot;size&quot;:&quot;&quot;,&quot;sizes&quot;:[]}}\" data-widget_type=\"posts.cards\">\n\t\t\t\t<div class=\"elementor-widget-container\">\n\t\t\t\t\t\t\t<div class=\"elementor-posts-container elementor-posts elementor-posts--skin-cards elementor-grid\" role=\"list\">\n\t\t\t\t<article class=\"elementor-post elementor-grid-item post-382769 page type-page status-publish has-post-thumbnail hentry\" role=\"listitem\">\n\t\t\t<div class=\"elementor-post__card\">\n\t\t\t\t<a class=\"elementor-post__thumbnail__link\" href=\"https:\/\/lsf-france.com\/es\/educacion\/niveles-de-lenguaje-del-cefr\/\" tabindex=\"-1\" ><div class=\"elementor-post__thumbnail\"><img decoding=\"async\" width=\"1000\" height=\"662\" src=\"https:\/\/lsf-france.com\/wp-content\/uploads\/2021\/04\/Certificate-TEF.png\" class=\"attachment-full size-full wp-image-391878\" alt=\"\" srcset=\"https:\/\/lsf-france.com\/wp-content\/uploads\/2021\/04\/Certificate-TEF.png 1000w, https:\/\/lsf-france.com\/wp-content\/uploads\/2021\/04\/Certificate-TEF-600x397.png 600w, https:\/\/lsf-france.com\/wp-content\/uploads\/2021\/04\/Certificate-TEF-300x199.png 300w, https:\/\/lsf-france.com\/wp-content\/uploads\/2021\/04\/Certificate-TEF-768x508.png 768w, https:\/\/lsf-france.com\/wp-content\/uploads\/2021\/04\/Certificate-TEF-640x424.png 640w, https:\/\/lsf-france.com\/wp-content\/uploads\/2021\/04\/Certificate-TEF-400x265.png 400w\" sizes=\"(max-width: 1000px) 100vw, 1000px\" \/><\/div><\/a>\n\t\t\t\t<div class=\"elementor-post__text\">\n\t\t\t\t<h3 class=\"elementor-post__title\">\n\t\t\t<a href=\"https:\/\/lsf-france.com\/es\/educacion\/niveles-de-lenguaje-del-cefr\/\" >\n\t\t\t\tNiveles de lenguaje del CEFR\t\t\t<\/a>\n\t\t<\/h3>\n\t\t\t\t<div class=\"elementor-post__excerpt\">\n\t\t\t<p>Los cursos de franc\u00e9s de la escuela de franc\u00e9s LSF siguen las directrices del Marco Com\u00fan Europeo de Referencia para las Lenguas (MCER). El MCER describe m\u00e9todos de aprendizaje, ense\u00f1anza<\/p>\n\t\t<\/div>\n\t\t\n\t\t<a class=\"elementor-post__read-more\" href=\"https:\/\/lsf-france.com\/es\/educacion\/niveles-de-lenguaje-del-cefr\/\" aria-label=\"M\u00e1s informaci\u00f3n sobre Niveles de lenguaje del CEFR\" tabindex=\"-1\" >\n\t\t\tM\u00e1s informaci\u00f3n \u00bb\t\t<\/a>\n\n\t\t\t\t<\/div>\n\t\t\t\t\t<\/div>\n\t\t<\/article>\n\t\t\t\t<article class=\"elementor-post elementor-grid-item post-382772 page type-page status-publish has-post-thumbnail hentry\" role=\"listitem\">\n\t\t\t<div class=\"elementor-post__card\">\n\t\t\t\t<a class=\"elementor-post__thumbnail__link\" href=\"https:\/\/lsf-france.com\/es\/educacion\/metodologia\/\" tabindex=\"-1\" ><div class=\"elementor-post__thumbnail\"><img decoding=\"async\" width=\"1000\" height=\"667\" src=\"https:\/\/lsf-france.com\/wp-content\/uploads\/2021\/07\/Combined-French-Courses.jpg\" class=\"attachment-full size-full wp-image-394666\" alt=\"Combined French Courses\" srcset=\"https:\/\/lsf-france.com\/wp-content\/uploads\/2021\/07\/Combined-French-Courses.jpg 1000w, https:\/\/lsf-france.com\/wp-content\/uploads\/2021\/07\/Combined-French-Courses-300x200.jpg 300w, https:\/\/lsf-france.com\/wp-content\/uploads\/2021\/07\/Combined-French-Courses-768x512.jpg 768w, https:\/\/lsf-france.com\/wp-content\/uploads\/2021\/07\/Combined-French-Courses-600x400.jpg 600w\" sizes=\"(max-width: 1000px) 100vw, 1000px\" \/><\/div><\/a>\n\t\t\t\t<div class=\"elementor-post__text\">\n\t\t\t\t<h3 class=\"elementor-post__title\">\n\t\t\t<a href=\"https:\/\/lsf-france.com\/es\/educacion\/metodologia\/\" >\n\t\t\t\tMetodolog\u00eda\t\t\t<\/a>\n\t\t<\/h3>\n\t\t\t\t<div class=\"elementor-post__excerpt\">\n\t\t\t<p>Un equipo de profesores muy experimentados Todos nuestros profesores son franc\u00f3fonos nativos y poseen un t\u00edtulo universitario en franc\u00e9s como lengua extranjera (FLE). Nuestro equipo permanente est\u00e1 formado por 7<\/p>\n\t\t<\/div>\n\t\t\n\t\t<a class=\"elementor-post__read-more\" href=\"https:\/\/lsf-france.com\/es\/educacion\/metodologia\/\" aria-label=\"M\u00e1s informaci\u00f3n sobre Metodolog\u00eda\" tabindex=\"-1\" >\n\t\t\tM\u00e1s informaci\u00f3n \u00bb\t\t<\/a>\n\n\t\t\t\t<\/div>\n\t\t\t\t\t<\/div>\n\t\t<\/article>\n\t\t\t\t<article class=\"elementor-post elementor-grid-item post-382775 page type-page status-publish has-post-thumbnail hentry\" role=\"listitem\">\n\t\t\t<div class=\"elementor-post__card\">\n\t\t\t\t<a class=\"elementor-post__thumbnail__link\" href=\"https:\/\/lsf-france.com\/es\/educacion\/ayudas\/\" tabindex=\"-1\" ><div class=\"elementor-post__thumbnail\"><img loading=\"lazy\" decoding=\"async\" width=\"421\" height=\"594\" src=\"https:\/\/lsf-france.com\/wp-content\/uploads\/2021\/07\/ROADBOOK_LSF_2021.jpg\" class=\"attachment-full size-full wp-image-394245\" alt=\"\" srcset=\"https:\/\/lsf-france.com\/wp-content\/uploads\/2021\/07\/ROADBOOK_LSF_2021.jpg 421w, https:\/\/lsf-france.com\/wp-content\/uploads\/2021\/07\/ROADBOOK_LSF_2021-213x300.jpg 213w\" sizes=\"(max-width: 421px) 100vw, 421px\" \/><\/div><\/a>\n\t\t\t\t<div class=\"elementor-post__text\">\n\t\t\t\t<h3 class=\"elementor-post__title\">\n\t\t\t<a href=\"https:\/\/lsf-france.com\/es\/educacion\/ayudas\/\" >\n\t\t\t\tInstrumentos\t\t\t<\/a>\n\t\t<\/h3>\n\t\t\t\t<div class=\"elementor-post__excerpt\">\n\t\t\t<p>Instrumentos de alto rendimiento El equipo docente de LSF desarrolla sus propios contenidos para ofrecer cursos originales, aute\u0301nticos y actualizados, respetando el Marco Comu\u0301n Europeo de Referencia para las Lenguas<\/p>\n\t\t<\/div>\n\t\t\n\t\t<a class=\"elementor-post__read-more\" href=\"https:\/\/lsf-france.com\/es\/educacion\/ayudas\/\" aria-label=\"M\u00e1s informaci\u00f3n sobre Instrumentos\" tabindex=\"-1\" >\n\t\t\tM\u00e1s informaci\u00f3n \u00bb\t\t<\/a>\n\n\t\t\t\t<\/div>\n\t\t\t\t\t<\/div>\n\t\t<\/article>\n\t\t\t\t<article class=\"elementor-post elementor-grid-item post-383196 page type-page status-publish has-post-thumbnail hentry\" role=\"listitem\">\n\t\t\t<div class=\"elementor-post__card\">\n\t\t\t\t<a class=\"elementor-post__thumbnail__link\" href=\"https:\/\/lsf-france.com\/es\/educacion\/progresion-a1-a-c2\/\" tabindex=\"-1\" ><div class=\"elementor-post__thumbnail\"><img loading=\"lazy\" decoding=\"async\" width=\"1472\" height=\"666\" src=\"https:\/\/lsf-france.com\/wp-content\/uploads\/2021\/07\/progression.png\" class=\"attachment-full size-full wp-image-394260\" alt=\"\" srcset=\"https:\/\/lsf-france.com\/wp-content\/uploads\/2021\/07\/progression.png 1472w, https:\/\/lsf-france.com\/wp-content\/uploads\/2021\/07\/progression-300x136.png 300w, https:\/\/lsf-france.com\/wp-content\/uploads\/2021\/07\/progression-1024x463.png 1024w, https:\/\/lsf-france.com\/wp-content\/uploads\/2021\/07\/progression-768x347.png 768w, https:\/\/lsf-france.com\/wp-content\/uploads\/2021\/07\/progression-600x271.png 600w\" sizes=\"(max-width: 1472px) 100vw, 1472px\" \/><\/div><\/a>\n\t\t\t\t<div class=\"elementor-post__text\">\n\t\t\t\t<h3 class=\"elementor-post__title\">\n\t\t\t<a href=\"https:\/\/lsf-france.com\/es\/educacion\/progresion-a1-a-c2\/\" >\n\t\t\t\tProgresi\u00f3n de A1 a C2\t\t\t<\/a>\n\t\t<\/h3>\n\t\t\t\t<div class=\"elementor-post__excerpt\">\n\t\t\t<p>La escuela LSF ofrece 5 niveles de franc\u00e9s\u00a0basados en el MCER (Marco Com\u00fan Europeo de Referencia para las lenguas) Nivel A1\u00a0Descubrir la lengua : 90 horas\/6 semanas Nivel A2\u00a0Desenvolverse en<\/p>\n\t\t<\/div>\n\t\t\n\t\t<a class=\"elementor-post__read-more\" href=\"https:\/\/lsf-france.com\/es\/educacion\/progresion-a1-a-c2\/\" aria-label=\"M\u00e1s informaci\u00f3n sobre Progresi\u00f3n de A1 a C2\" tabindex=\"-1\" >\n\t\t\tM\u00e1s informaci\u00f3n \u00bb\t\t<\/a>\n\n\t\t\t\t<\/div>\n\t\t\t\t\t<\/div>\n\t\t<\/article>\n\t\t\t\t<\/div>\n\t\t\n\t\t\t\t\t\t<\/div>\n\t\t\t\t<\/div>\n\t\t\t\t\t<\/div>\n\t\t<\/div>\n\t\t\t\t\t<\/div>\n\t\t<\/section>\n\t\t\t\t<\/div>\n\t\t","protected":false},"excerpt":{"rendered":"<p>Eva Directora de Educaci\u00f3n \u00abNuestros profesores te acompa\u00f1ar\u00e1n y apoyar\u00e1n durante todo tu proceso de aprendizaje. Haremos todo lo posible para que consigas los objetivos que te has marcado\u00bb.<\/p>\n","protected":false},"author":1,"featured_media":0,"parent":0,"menu_order":0,"comment_status":"closed","ping_status":"closed","template":"","meta":{"_acf_changed":false,"content-type":"","footnotes":""},"class_list":["post-382501","page","type-page","status-publish","hentry"],"acf":[],"_links":{"self":[{"href":"https:\/\/lsf-france.com\/es\/wp-json\/wp\/v2\/pages\/382501","targetHints":{"allow":["GET"]}}],"collection":[{"href":"https:\/\/lsf-france.com\/es\/wp-json\/wp\/v2\/pages"}],"about":[{"href":"https:\/\/lsf-france.com\/es\/wp-json\/wp\/v2\/types\/page"}],"author":[{"embeddable":true,"href":"https:\/\/lsf-france.com\/es\/wp-json\/wp\/v2\/users\/1"}],"replies":[{"embeddable":true,"href":"https:\/\/lsf-france.com\/es\/wp-json\/wp\/v2\/comments?post=382501"}],"version-history":[{"count":5,"href":"https:\/\/lsf-france.com\/es\/wp-json\/wp\/v2\/pages\/382501\/revisions"}],"predecessor-version":[{"id":409853,"href":"https:\/\/lsf-france.com\/es\/wp-json\/wp\/v2\/pages\/382501\/revisions\/409853"}],"wp:attachment":[{"href":"https:\/\/lsf-france.com\/es\/wp-json\/wp\/v2\/media?parent=382501"}],"curies":[{"name":"wp","href":"https:\/\/api.w.org\/{rel}","templated":true}]}}