{"id":382582,"date":"2018-11-02T12:38:53","date_gmt":"2018-11-02T11:38:53","guid":{"rendered":"https:\/\/lsf-france.com\/informacion-practica\/"},"modified":"2021-07-16T09:26:08","modified_gmt":"2021-07-16T07:26:08","slug":"informacion-practica","status":"publish","type":"page","link":"https:\/\/lsf-france.com\/es\/informacion-practica\/","title":{"rendered":"Informaci\u00f3n pr\u00e1ctica"},"content":{"rendered":"\t\t<div data-elementor-type=\"wp-page\" data-elementor-id=\"382582\" class=\"elementor elementor-382582 elementor-32741\" data-elementor-post-type=\"page\">\n\t\t\t\t\t\t<section class=\"elementor-section elementor-top-section elementor-element elementor-element-6ec9f70 elementor-section-boxed elementor-section-height-default elementor-section-height-default\" data-id=\"6ec9f70\" data-element_type=\"section\" data-e-type=\"section\">\n\t\t\t\t\t\t<div class=\"elementor-container elementor-column-gap-default\">\n\t\t\t\t\t<div class=\"elementor-column elementor-col-100 elementor-top-column elementor-element elementor-element-36694db\" data-id=\"36694db\" data-element_type=\"column\" data-e-type=\"column\">\n\t\t\t<div class=\"elementor-widget-wrap elementor-element-populated\">\n\t\t\t\t\t\t<div class=\"elementor-element elementor-element-a5e4c9f elementor-grid-3 elementor-grid-tablet-2 elementor-grid-mobile-1 elementor-posts--thumbnail-top elementor-card-shadow-yes elementor-posts__hover-gradient elementor-widget elementor-widget-posts\" data-id=\"a5e4c9f\" data-element_type=\"widget\" data-e-type=\"widget\" data-settings=\"{&quot;cards_columns&quot;:&quot;3&quot;,&quot;cards_columns_tablet&quot;:&quot;2&quot;,&quot;cards_columns_mobile&quot;:&quot;1&quot;,&quot;cards_row_gap&quot;:{&quot;unit&quot;:&quot;px&quot;,&quot;size&quot;:35,&quot;sizes&quot;:[]},&quot;cards_row_gap_tablet&quot;:{&quot;unit&quot;:&quot;px&quot;,&quot;size&quot;:&quot;&quot;,&quot;sizes&quot;:[]},&quot;cards_row_gap_mobile&quot;:{&quot;unit&quot;:&quot;px&quot;,&quot;size&quot;:&quot;&quot;,&quot;sizes&quot;:[]}}\" data-widget_type=\"posts.cards\">\n\t\t\t\t<div class=\"elementor-widget-container\">\n\t\t\t\t\t\t\t<div class=\"elementor-posts-container elementor-posts elementor-posts--skin-cards elementor-grid\" role=\"list\">\n\t\t\t\t<article class=\"elementor-post elementor-grid-item post-383265 page type-page status-publish has-post-thumbnail hentry\" role=\"listitem\">\n\t\t\t<div class=\"elementor-post__card\">\n\t\t\t\t<a class=\"elementor-post__thumbnail__link\" href=\"https:\/\/lsf-france.com\/es\/informacion-practica\/compromiso-con-la-calidad\/\" tabindex=\"-1\" ><div class=\"elementor-post__thumbnail\"><img fetchpriority=\"high\" decoding=\"async\" width=\"300\" height=\"200\" src=\"https:\/\/lsf-france.com\/wp-content\/uploads\/2019\/02\/IMG_0568-scaled.jpg\" class=\"attachment-medium size-medium wp-image-382918\" alt=\"\" srcset=\"https:\/\/lsf-france.com\/wp-content\/uploads\/2019\/02\/IMG_0568-scaled.jpg 2560w, https:\/\/lsf-france.com\/wp-content\/uploads\/2019\/02\/IMG_0568-scaled-600x400.jpg 600w\" sizes=\"(max-width: 300px) 100vw, 300px\" \/><\/div><\/a>\n\t\t\t\t<div class=\"elementor-post__text\">\n\t\t\t\t<h3 class=\"elementor-post__title\">\n\t\t\t<a href=\"https:\/\/lsf-france.com\/es\/informacion-practica\/compromiso-con-la-calidad\/\" >\n\t\t\t\tCompromiso con la calidad\t\t\t<\/a>\n\t\t<\/h3>\n\t\t\t\t<div class=\"elementor-post__excerpt\">\n\t\t\t<p>Nuestra aspiraci\u00f3n es ayudar a nuestros estudiantes a progresar en su conocimiento de la lengua francesa, proporcion\u00e1ndoles una ense\u00f1anza de calidad. De igual manera, nos comprometemos a ayudarles a descubrir la cultura francesa y el patrimonio regional, todo ello en un ambiente agradable. Damos gran importancia a la innovaci\u00f3n pedag\u00f3gica; por eso nuestros profesores siguen regularmente cursos de formaci\u00f3n para<\/p>\n\t\t<\/div>\n\t\t\n\t\t<a class=\"elementor-post__read-more\" href=\"https:\/\/lsf-france.com\/es\/informacion-practica\/compromiso-con-la-calidad\/\" aria-label=\"M\u00e1s informaci\u00f3n sobre Compromiso con la calidad\" tabindex=\"-1\" >\n\t\t\tLire la suite \u00bb\t\t<\/a>\n\n\t\t\t\t<\/div>\n\t\t\t\t\t<\/div>\n\t\t<\/article>\n\t\t\t\t<article class=\"elementor-post elementor-grid-item post-383209 page type-page status-publish has-post-thumbnail hentry\" role=\"listitem\">\n\t\t\t<div class=\"elementor-post__card\">\n\t\t\t\t<a class=\"elementor-post__thumbnail__link\" href=\"https:\/\/lsf-france.com\/es\/informacion-practica\/accesibilidad-discapacidad\/\" tabindex=\"-1\" ><div class=\"elementor-post__thumbnail\"><img decoding=\"async\" width=\"300\" height=\"225\" src=\"https:\/\/lsf-france.com\/wp-content\/uploads\/2020\/02\/handicap-lsf-300x225.jpg\" class=\"attachment-medium size-medium wp-image-383218\" alt=\"\" srcset=\"https:\/\/lsf-france.com\/wp-content\/uploads\/2020\/02\/handicap-lsf-300x225.jpg 300w, https:\/\/lsf-france.com\/wp-content\/uploads\/2020\/02\/handicap-lsf-scaled-600x450.jpg 600w, https:\/\/lsf-france.com\/wp-content\/uploads\/2020\/02\/handicap-lsf-1024x768.jpg 1024w, https:\/\/lsf-france.com\/wp-content\/uploads\/2020\/02\/handicap-lsf-768x576.jpg 768w, https:\/\/lsf-france.com\/wp-content\/uploads\/2020\/02\/handicap-lsf-1536x1152.jpg 1536w, https:\/\/lsf-france.com\/wp-content\/uploads\/2020\/02\/handicap-lsf-2048x1536.jpg 2048w, https:\/\/lsf-france.com\/wp-content\/uploads\/2020\/02\/handicap-lsf-463x348.jpg 463w, https:\/\/lsf-france.com\/wp-content\/uploads\/2020\/02\/handicap-lsf-640x480.jpg 640w, https:\/\/lsf-france.com\/wp-content\/uploads\/2020\/02\/handicap-lsf-400x300.jpg 400w\" sizes=\"(max-width: 300px) 100vw, 300px\" \/><\/div><\/a>\n\t\t\t\t<div class=\"elementor-post__text\">\n\t\t\t\t<h3 class=\"elementor-post__title\">\n\t\t\t<a href=\"https:\/\/lsf-france.com\/es\/informacion-practica\/accesibilidad-discapacidad\/\" >\n\t\t\t\tAccesibilidad y discapacidad\t\t\t<\/a>\n\t\t<\/h3>\n\t\t\t\t<div class=\"elementor-post__excerpt\">\n\t\t\t<p>LSF, una escuela accesible para TODOS Si tiene una discapacidad motriz, cognitiva o sensorial, puede enviarnos informaci\u00f3n sobre usted para que podamos organizar su estancia y su experiencia de aprendizaje en nuestra escuela LSF en las mejores condiciones posibles. En funci\u00f3n de esta informaci\u00f3n, se puede establecer un acompa\u00f1amiento y, si lo desea, se realizar\u00e1 una entrevista personal a su<\/p>\n\t\t<\/div>\n\t\t\n\t\t<a class=\"elementor-post__read-more\" href=\"https:\/\/lsf-france.com\/es\/informacion-practica\/accesibilidad-discapacidad\/\" aria-label=\"M\u00e1s informaci\u00f3n sobre Accesibilidad y discapacidad\" tabindex=\"-1\" >\n\t\t\tLire la suite \u00bb\t\t<\/a>\n\n\t\t\t\t<\/div>\n\t\t\t\t\t<\/div>\n\t\t<\/article>\n\t\t\t\t<article class=\"elementor-post elementor-grid-item post-382587 page type-page status-publish has-post-thumbnail hentry\" role=\"listitem\">\n\t\t\t<div class=\"elementor-post__card\">\n\t\t\t\t<a class=\"elementor-post__thumbnail__link\" href=\"https:\/\/lsf-france.com\/es\/informacion-practica\/preguntas-frecuentes\/\" tabindex=\"-1\" ><div class=\"elementor-post__thumbnail\"><img decoding=\"async\" width=\"300\" height=\"200\" src=\"https:\/\/lsf-france.com\/wp-content\/uploads\/2020\/11\/AMBIANCE_CLASSE7-300x200.jpg\" class=\"attachment-medium size-medium wp-image-388701\" alt=\"Apprentissage du fran\u00e7ais - e-Learning en classe\" srcset=\"https:\/\/lsf-france.com\/wp-content\/uploads\/2020\/11\/AMBIANCE_CLASSE7-300x200.jpg 300w, https:\/\/lsf-france.com\/wp-content\/uploads\/2020\/11\/AMBIANCE_CLASSE7-600x400.jpg 600w, https:\/\/lsf-france.com\/wp-content\/uploads\/2020\/11\/AMBIANCE_CLASSE7-1024x683.jpg 1024w, https:\/\/lsf-france.com\/wp-content\/uploads\/2020\/11\/AMBIANCE_CLASSE7-768x512.jpg 768w, https:\/\/lsf-france.com\/wp-content\/uploads\/2020\/11\/AMBIANCE_CLASSE7-1536x1024.jpg 1536w, https:\/\/lsf-france.com\/wp-content\/uploads\/2020\/11\/AMBIANCE_CLASSE7-2048x1365.jpg 2048w, https:\/\/lsf-france.com\/wp-content\/uploads\/2020\/11\/AMBIANCE_CLASSE7-640x427.jpg 640w, https:\/\/lsf-france.com\/wp-content\/uploads\/2020\/11\/AMBIANCE_CLASSE7-400x267.jpg 400w\" sizes=\"(max-width: 300px) 100vw, 300px\" \/><\/div><\/a>\n\t\t\t\t<div class=\"elementor-post__text\">\n\t\t\t\t<h3 class=\"elementor-post__title\">\n\t\t\t<a href=\"https:\/\/lsf-france.com\/es\/informacion-practica\/preguntas-frecuentes\/\" >\n\t\t\t\tPreguntas frecuentes\t\t\t<\/a>\n\t\t<\/h3>\n\t\t\t\t<div class=\"elementor-post__excerpt\">\n\t\t\t<p>Preguntas frecuentes Reservar su estancia con LSF 1. 1. \u00bfC\u00f3mo reservo mis cursos de franc\u00e9s y mi alojamiento con LSF? 2. How do I pay for my courses and my accommodation? 3. What is the minimum age for students at the school? 4. What if I want to stay longer at LSF than I initially planned to? 5. When is<\/p>\n\t\t<\/div>\n\t\t\n\t\t<a class=\"elementor-post__read-more\" href=\"https:\/\/lsf-france.com\/es\/informacion-practica\/preguntas-frecuentes\/\" aria-label=\"M\u00e1s informaci\u00f3n sobre Preguntas frecuentes\" tabindex=\"-1\" >\n\t\t\tLire la suite \u00bb\t\t<\/a>\n\n\t\t\t\t<\/div>\n\t\t\t\t\t<\/div>\n\t\t<\/article>\n\t\t\t\t<article class=\"elementor-post elementor-grid-item post-382585 page type-page status-publish has-post-thumbnail hentry\" role=\"listitem\">\n\t\t\t<div class=\"elementor-post__card\">\n\t\t\t\t<a class=\"elementor-post__thumbnail__link\" href=\"https:\/\/lsf-france.com\/es\/informacion-practica\/certificado-al-final-del-curso-de-frances\/\" tabindex=\"-1\" ><div class=\"elementor-post__thumbnail\"><img loading=\"lazy\" decoding=\"async\" width=\"300\" height=\"212\" src=\"https:\/\/lsf-france.com\/wp-content\/uploads\/2024\/09\/KLF_CERTIFICATE_LSFIEF_PRINT2-300x212.jpg\" class=\"attachment-medium size-medium wp-image-411725\" alt=\"\" srcset=\"https:\/\/lsf-france.com\/wp-content\/uploads\/2024\/09\/KLF_CERTIFICATE_LSFIEF_PRINT2-300x212.jpg 300w, https:\/\/lsf-france.com\/wp-content\/uploads\/2024\/09\/KLF_CERTIFICATE_LSFIEF_PRINT2.jpg 767w\" sizes=\"(max-width: 300px) 100vw, 300px\" \/><\/div><\/a>\n\t\t\t\t<div class=\"elementor-post__text\">\n\t\t\t\t<h3 class=\"elementor-post__title\">\n\t\t\t<a href=\"https:\/\/lsf-france.com\/es\/informacion-practica\/certificado-al-final-del-curso-de-frances\/\" >\n\t\t\t\tCertificado al final del curso de franc\u00e9s\t\t\t<\/a>\n\t\t<\/h3>\n\t\t\t\t<div class=\"elementor-post__excerpt\">\n\t\t\t<p>Certificado que indica el nivel de idioma alcanzado despu\u00e9s de los cursos de franc\u00e9s en LSF Al final de tu curso de franc\u00e9s en LSF, recibir\u00e1s un diploma que certifica tu asistencia y tu nivel de franc\u00e9s. El certificado indicar\u00e1 la duraci\u00f3n de tu estancia y el nivel de idioma alcanzado seg\u00fan el Marco Com\u00fan Europeo de Referencia para las<\/p>\n\t\t<\/div>\n\t\t\n\t\t<a class=\"elementor-post__read-more\" href=\"https:\/\/lsf-france.com\/es\/informacion-practica\/certificado-al-final-del-curso-de-frances\/\" aria-label=\"M\u00e1s informaci\u00f3n sobre Certificado al final del curso de franc\u00e9s\" tabindex=\"-1\" >\n\t\t\tLire la suite \u00bb\t\t<\/a>\n\n\t\t\t\t<\/div>\n\t\t\t\t\t<\/div>\n\t\t<\/article>\n\t\t\t\t<article class=\"elementor-post elementor-grid-item post-382589 page type-page status-publish has-post-thumbnail hentry\" role=\"listitem\">\n\t\t\t<div class=\"elementor-post__card\">\n\t\t\t\t<a class=\"elementor-post__thumbnail__link\" href=\"https:\/\/lsf-france.com\/es\/informacion-practica\/viajes-a-montpellier\/\" tabindex=\"-1\" ><div class=\"elementor-post__thumbnail\"><img loading=\"lazy\" decoding=\"async\" width=\"300\" height=\"146\" src=\"https:\/\/lsf-france.com\/wp-content\/uploads\/2019\/04\/entree-du-parc.jpg\" class=\"attachment-medium size-medium wp-image-393965\" alt=\"\" \/><\/div><\/a>\n\t\t\t\t<div class=\"elementor-post__text\">\n\t\t\t\t<h3 class=\"elementor-post__title\">\n\t\t\t<a href=\"https:\/\/lsf-france.com\/es\/informacion-practica\/viajes-a-montpellier\/\" >\n\t\t\t\tViajes a Montpellier\t\t\t<\/a>\n\t\t<\/h3>\n\t\t\t\t<div class=\"elementor-post__excerpt\">\n\t\t\t<p>Viaje a Montpellier en avi\u00f3n El aeropuerto internacional de Montpellier M\u00e9diterran\u00e9e est\u00e1 situado a s\u00f3lo 8 km del centro de la ciudad. Es f\u00e1cil viajar entre el aeropuerto y el centro de la ciudad gracias a los servicios de autobuses y taxis que operan regularmente. Puede volar al aeropuerto de Montpellier desde varias ciudades europeas directamente o a trav\u00e9s de<\/p>\n\t\t<\/div>\n\t\t\n\t\t<a class=\"elementor-post__read-more\" href=\"https:\/\/lsf-france.com\/es\/informacion-practica\/viajes-a-montpellier\/\" aria-label=\"M\u00e1s informaci\u00f3n sobre Viajes a Montpellier\" tabindex=\"-1\" >\n\t\t\tLire la suite \u00bb\t\t<\/a>\n\n\t\t\t\t<\/div>\n\t\t\t\t\t<\/div>\n\t\t<\/article>\n\t\t\t\t<\/div>\n\t\t\n\t\t\t\t\t\t<\/div>\n\t\t\t\t<\/div>\n\t\t\t\t\t<\/div>\n\t\t<\/div>\n\t\t\t\t\t<\/div>\n\t\t<\/section>\n\t\t\t\t<\/div>\n\t\t","protected":false},"excerpt":{"rendered":"","protected":false},"author":1,"featured_media":0,"parent":0,"menu_order":0,"comment_status":"closed","ping_status":"closed","template":"","meta":{"_acf_changed":false,"content-type":"","footnotes":""},"class_list":["post-382582","page","type-page","status-publish","hentry"],"acf":[],"_links":{"self":[{"href":"https:\/\/lsf-france.com\/es\/wp-json\/wp\/v2\/pages\/382582","targetHints":{"allow":["GET"]}}],"collection":[{"href":"https:\/\/lsf-france.com\/es\/wp-json\/wp\/v2\/pages"}],"about":[{"href":"https:\/\/lsf-france.com\/es\/wp-json\/wp\/v2\/types\/page"}],"author":[{"embeddable":true,"href":"https:\/\/lsf-france.com\/es\/wp-json\/wp\/v2\/users\/1"}],"replies":[{"embeddable":true,"href":"https:\/\/lsf-france.com\/es\/wp-json\/wp\/v2\/comments?post=382582"}],"version-history":[{"count":0,"href":"https:\/\/lsf-france.com\/es\/wp-json\/wp\/v2\/pages\/382582\/revisions"}],"wp:attachment":[{"href":"https:\/\/lsf-france.com\/es\/wp-json\/wp\/v2\/media?parent=382582"}],"curies":[{"name":"wp","href":"https:\/\/api.w.org\/{rel}","templated":true}]}}