{"id":382585,"date":"2018-11-02T12:49:02","date_gmt":"2018-11-02T11:49:02","guid":{"rendered":"https:\/\/lsf-france.com\/informacion-practica\/certificado-al-final-del-curso-de-frances\/"},"modified":"2024-09-03T14:30:44","modified_gmt":"2024-09-03T12:30:44","slug":"certificado-al-final-del-curso-de-frances","status":"publish","type":"page","link":"https:\/\/lsf-france.com\/es\/informacion-practica\/certificado-al-final-del-curso-de-frances\/","title":{"rendered":"Certificado al final del curso de franc\u00e9s"},"content":{"rendered":"\t\t<div data-elementor-type=\"wp-page\" data-elementor-id=\"382585\" class=\"elementor elementor-382585 elementor-32752\" data-elementor-post-type=\"page\">\n\t\t\t\t\t\t<section class=\"elementor-section elementor-top-section elementor-element elementor-element-59c0191 elementor-section-boxed elementor-section-height-default elementor-section-height-default\" data-id=\"59c0191\" data-element_type=\"section\" data-e-type=\"section\">\n\t\t\t\t\t\t<div class=\"elementor-container elementor-column-gap-default\">\n\t\t\t\t\t<div class=\"elementor-column elementor-col-50 elementor-top-column elementor-element elementor-element-9c5552d\" data-id=\"9c5552d\" data-element_type=\"column\" data-e-type=\"column\">\n\t\t\t<div class=\"elementor-widget-wrap elementor-element-populated\">\n\t\t\t\t\t\t<div class=\"elementor-element elementor-element-a816984 elementor-widget elementor-widget-heading\" data-id=\"a816984\" data-element_type=\"widget\" data-e-type=\"widget\" data-widget_type=\"heading.default\">\n\t\t\t\t<div class=\"elementor-widget-container\">\n\t\t\t\t\t<h2 class=\"elementor-heading-title elementor-size-default\">Certificado que indica el nivel de idioma alcanzado despu\u00e9s de los cursos de franc\u00e9s en LSF<\/h2>\t\t\t\t<\/div>\n\t\t\t\t<\/div>\n\t\t\t\t<div class=\"elementor-element elementor-element-a561b6e elementor-widget elementor-widget-text-editor\" data-id=\"a561b6e\" data-element_type=\"widget\" data-e-type=\"widget\" data-widget_type=\"text-editor.default\">\n\t\t\t\t<div class=\"elementor-widget-container\">\n\t\t\t\t\t\t\t\t\t<p>Al final de tu curso de franc\u00e9s en LSF, recibir\u00e1s un diploma que certifica tu asistencia y tu nivel de franc\u00e9s. El certificado indicar\u00e1 la duraci\u00f3n de tu estancia y el nivel de idioma alcanzado seg\u00fan el Marco Com\u00fan Europeo de Referencia para las Lenguas (MCER). Tu nivel ser\u00e1 definido por tus profesores de acuerdo con el progreso que hayas logrado durante tu curso de franc\u00e9s en LSF.<\/p>\n<p>Si deseas un certificado de tu nivel de franc\u00e9s reconocido internacionalmente y otorgado por el Ministerio de Educaci\u00f3n franc\u00e9s, te recomendamos que realices una prueba para obtener un diploma DELF o DALF despu\u00e9s de haberte preparado para el examen con nuestro curso de preparaci\u00f3n para el examen DELF DALF.<\/p>\n\t\t\t\t\t\t\t\t<\/div>\n\t\t\t\t<\/div>\n\t\t\t\t\t<\/div>\n\t\t<\/div>\n\t\t\t\t<div class=\"elementor-column elementor-col-50 elementor-top-column elementor-element elementor-element-f8f1b87\" data-id=\"f8f1b87\" data-element_type=\"column\" data-e-type=\"column\">\n\t\t\t<div class=\"elementor-widget-wrap elementor-element-populated\">\n\t\t\t\t\t\t<div class=\"elementor-element elementor-element-2d257e9 elementor-widget elementor-widget-image\" data-id=\"2d257e9\" data-element_type=\"widget\" data-e-type=\"widget\" data-widget_type=\"image.default\">\n\t\t\t\t<div class=\"elementor-widget-container\">\n\t\t\t\t\t\t\t\t\t\t\t\t\t\t\t<img fetchpriority=\"high\" decoding=\"async\" width=\"767\" height=\"542\" src=\"https:\/\/lsf-france.com\/wp-content\/uploads\/2024\/09\/KLF_CERTIFICATE_LSFIEF_PRINT2.jpg\" class=\"attachment-large size-large wp-image-411725\" alt=\"\" srcset=\"https:\/\/lsf-france.com\/wp-content\/uploads\/2024\/09\/KLF_CERTIFICATE_LSFIEF_PRINT2.jpg 767w, https:\/\/lsf-france.com\/wp-content\/uploads\/2024\/09\/KLF_CERTIFICATE_LSFIEF_PRINT2-300x212.jpg 300w\" sizes=\"(max-width: 767px) 100vw, 767px\" \/>\t\t\t\t\t\t\t\t\t\t\t\t\t\t\t<\/div>\n\t\t\t\t<\/div>\n\t\t\t\t\t<\/div>\n\t\t<\/div>\n\t\t\t\t\t<\/div>\n\t\t<\/section>\n\t\t\t\t<\/div>\n\t\t","protected":false},"excerpt":{"rendered":"<p>Certificado que indica el nivel de idioma alcanzado despu\u00e9s de los cursos de franc\u00e9s en LSF Al final de tu curso de franc\u00e9s en LSF, recibir\u00e1s un diploma que certifica [&hellip;]<\/p>\n","protected":false},"author":1,"featured_media":411725,"parent":382582,"menu_order":0,"comment_status":"closed","ping_status":"closed","template":"","meta":{"_acf_changed":false,"content-type":"","footnotes":""},"class_list":["post-382585","page","type-page","status-publish","has-post-thumbnail","hentry"],"acf":[],"_links":{"self":[{"href":"https:\/\/lsf-france.com\/es\/wp-json\/wp\/v2\/pages\/382585","targetHints":{"allow":["GET"]}}],"collection":[{"href":"https:\/\/lsf-france.com\/es\/wp-json\/wp\/v2\/pages"}],"about":[{"href":"https:\/\/lsf-france.com\/es\/wp-json\/wp\/v2\/types\/page"}],"author":[{"embeddable":true,"href":"https:\/\/lsf-france.com\/es\/wp-json\/wp\/v2\/users\/1"}],"replies":[{"embeddable":true,"href":"https:\/\/lsf-france.com\/es\/wp-json\/wp\/v2\/comments?post=382585"}],"version-history":[{"count":4,"href":"https:\/\/lsf-france.com\/es\/wp-json\/wp\/v2\/pages\/382585\/revisions"}],"predecessor-version":[{"id":411751,"href":"https:\/\/lsf-france.com\/es\/wp-json\/wp\/v2\/pages\/382585\/revisions\/411751"}],"up":[{"embeddable":true,"href":"https:\/\/lsf-france.com\/es\/wp-json\/wp\/v2\/pages\/382582"}],"wp:featuredmedia":[{"embeddable":true,"href":"https:\/\/lsf-france.com\/es\/wp-json\/wp\/v2\/media\/411725"}],"wp:attachment":[{"href":"https:\/\/lsf-france.com\/es\/wp-json\/wp\/v2\/media?parent=382585"}],"curies":[{"name":"wp","href":"https:\/\/api.w.org\/{rel}","templated":true}]}}