{"id":382744,"date":"2018-09-07T15:41:24","date_gmt":"2018-09-07T13:41:24","guid":{"rendered":"https:\/\/lsf-france.com\/elegir-un-alojamiento-para-aprender-frances-en-francia\/familia-francesa-de-acogida\/"},"modified":"2025-11-26T10:36:17","modified_gmt":"2025-11-26T09:36:17","slug":"familia-francesa-de-acogida","status":"publish","type":"page","link":"https:\/\/lsf-france.com\/es\/alojamiento-montpellier\/familia-francesa-de-acogida\/","title":{"rendered":"Familia francesa de acogida"},"content":{"rendered":"\t\t<div data-elementor-type=\"wp-page\" data-elementor-id=\"382744\" class=\"elementor elementor-382744 elementor-748\" data-elementor-post-type=\"page\">\n\t\t\t\t\t\t<section class=\"elementor-section elementor-top-section elementor-element elementor-element-28dceb8 elementor-section-boxed elementor-section-height-default elementor-section-height-default\" data-id=\"28dceb8\" data-element_type=\"section\" data-e-type=\"section\">\n\t\t\t\t\t\t<div class=\"elementor-container elementor-column-gap-default\">\n\t\t\t\t\t<div class=\"elementor-column elementor-col-100 elementor-top-column elementor-element elementor-element-99bd73d\" data-id=\"99bd73d\" data-element_type=\"column\" data-e-type=\"column\">\n\t\t\t<div class=\"elementor-widget-wrap elementor-element-populated\">\n\t\t\t\t\t\t<div class=\"elementor-element elementor-element-bb8ea9b elementor-widget elementor-widget-text-editor\" data-id=\"bb8ea9b\" data-element_type=\"widget\" data-e-type=\"widget\" data-widget_type=\"text-editor.default\">\n\t\t\t\t<div class=\"elementor-widget-container\">\n\t\t\t\t\t\t\t\t\t<p>Esta es la f\u00f3rmula m\u00e1s popular y es esencial si desea intercambiar y descubrir la vida francesa. Vivir\u00e1 una verdadera experiencia de inmersi\u00f3n y tendr\u00e1 la oportunidad de practicar el franc\u00e9s durante las comidas que compartir\u00e1 con la familia. Las familias son rigurosamente seleccionadas y conocidas por nuestro equipo y han firmado una carta de saludo y confianza. Para favorecer una inmersi\u00f3n completa, nos aseguramos de que los estudiantes que hablan el mismo idioma no vivan bajo el mismo techo. Cada estudiante dispone de su propia habitaci\u00f3n privada.    <\/p>\t\t\t\t\t\t\t\t<\/div>\n\t\t\t\t<\/div>\n\t\t\t\t<div class=\"elementor-element elementor-element-5eb971f elementor-widget elementor-widget-heading\" data-id=\"5eb971f\" data-element_type=\"widget\" data-e-type=\"widget\" data-widget_type=\"heading.default\">\n\t\t\t\t<div class=\"elementor-widget-container\">\n\t\t\t\t\t<h2 class=\"elementor-heading-title elementor-size-default\">Disponible con tres opciones diferentes<\/h2>\t\t\t\t<\/div>\n\t\t\t\t<\/div>\n\t\t\t\t<div class=\"elementor-element elementor-element-ef9bfcd elementor-widget elementor-widget-text-editor\" data-id=\"ef9bfcd\" data-element_type=\"widget\" data-e-type=\"widget\" data-widget_type=\"text-editor.default\">\n\t\t\t\t<div class=\"elementor-widget-container\">\n\t\t\t\t\t\t\t\t\t<ul><li><strong>En media pensi\u00f3n:<\/strong> desayuno y cena con la familia de acogida francesa<\/li><li><strong>Bed &amp; Breakfast: <\/strong>desayuno propuesto por la familia de acogida<\/li><li><strong>Sin comidas<\/strong>: sus comidas con la familia no est\u00e1n incluidas<\/li><\/ul>\t\t\t\t\t\t\t\t<\/div>\n\t\t\t\t<\/div>\n\t\t\t\t\t<\/div>\n\t\t<\/div>\n\t\t\t\t\t<\/div>\n\t\t<\/section>\n\t\t\t\t<section class=\"elementor-section elementor-top-section elementor-element elementor-element-11588a0 elementor-section-boxed elementor-section-height-default elementor-section-height-default\" data-id=\"11588a0\" data-element_type=\"section\" data-e-type=\"section\">\n\t\t\t\t\t\t<div class=\"elementor-container elementor-column-gap-default\">\n\t\t\t\t\t<div class=\"elementor-column elementor-col-50 elementor-top-column elementor-element elementor-element-735c2be\" data-id=\"735c2be\" data-element_type=\"column\" data-e-type=\"column\">\n\t\t\t<div class=\"elementor-widget-wrap elementor-element-populated\">\n\t\t\t\t\t\t<div class=\"elementor-element elementor-element-0514039 elementor-widget elementor-widget-heading\" data-id=\"0514039\" data-element_type=\"widget\" data-e-type=\"widget\" data-widget_type=\"heading.default\">\n\t\t\t\t<div class=\"elementor-widget-container\">\n\t\t\t\t\t<h2 class=\"elementor-heading-title elementor-size-default\">Precios<\/h2>\t\t\t\t<\/div>\n\t\t\t\t<\/div>\n\t\t\t\t<div class=\"elementor-element elementor-element-c5a8b0f elementor-widget elementor-widget-text-editor\" data-id=\"c5a8b0f\" data-element_type=\"widget\" data-e-type=\"widget\" data-widget_type=\"text-editor.default\">\n\t\t\t\t<div class=\"elementor-widget-container\">\n\t\t\t\t\t\t\t\t\t<h3>Autoabastecimiento<\/h3><ul><li>185\u20ac \/ semana<\/li><\/ul><h3>Bed &amp; Breakfast<\/h3><ul><li>205\u20ac \/ semana<\/li><\/ul><h3>Media pensi\u00f3n<\/h3><ul><li>255\u20ac \/ semana<\/li><\/ul><p>El equipo de LSF, siempre disponible y atento a sus necesidades y expectativas, har\u00e1 todo lo posible por atenderle y hacer de su estancia ling\u00fc\u00edstica en franc\u00e9s una experiencia inolvidable.<\/p><p><em>*El alojamiento en familia se reserva de domingo a s\u00e1bado (6 noches por semana). Se puede a\u00f1adir una noche extra si se solicita, sujeto a disponibilidad. <\/em><\/p>\t\t\t\t\t\t\t\t<\/div>\n\t\t\t\t<\/div>\n\t\t\t\t\t<\/div>\n\t\t<\/div>\n\t\t\t\t<div class=\"elementor-column elementor-col-50 elementor-top-column elementor-element elementor-element-b6e2d2d\" data-id=\"b6e2d2d\" data-element_type=\"column\" data-e-type=\"column\">\n\t\t\t<div class=\"elementor-widget-wrap elementor-element-populated\">\n\t\t\t\t\t\t<div class=\"elementor-element elementor-element-67b2ba7 elementor-widget elementor-widget-image\" data-id=\"67b2ba7\" data-element_type=\"widget\" data-e-type=\"widget\" data-widget_type=\"image.default\">\n\t\t\t\t<div class=\"elementor-widget-container\">\n\t\t\t\t\t\t\t\t\t\t\t\t\t\t\t<img fetchpriority=\"high\" decoding=\"async\" width=\"800\" height=\"534\" src=\"https:\/\/lsf-france.com\/wp-content\/uploads\/2020\/11\/Plan-de-travail-1-3-1.jpg\" class=\"attachment-large size-large wp-image-388961\" alt=\"\" srcset=\"https:\/\/lsf-france.com\/wp-content\/uploads\/2020\/11\/Plan-de-travail-1-3-1.jpg 1000w, https:\/\/lsf-france.com\/wp-content\/uploads\/2020\/11\/Plan-de-travail-1-3-1-600x400.jpg 600w, https:\/\/lsf-france.com\/wp-content\/uploads\/2020\/11\/Plan-de-travail-1-3-1-300x200.jpg 300w, https:\/\/lsf-france.com\/wp-content\/uploads\/2020\/11\/Plan-de-travail-1-3-1-768x512.jpg 768w, https:\/\/lsf-france.com\/wp-content\/uploads\/2020\/11\/Plan-de-travail-1-3-1-640x427.jpg 640w, https:\/\/lsf-france.com\/wp-content\/uploads\/2020\/11\/Plan-de-travail-1-3-1-400x267.jpg 400w\" sizes=\"(max-width: 800px) 100vw, 800px\" \/>\t\t\t\t\t\t\t\t\t\t\t\t\t\t\t<\/div>\n\t\t\t\t<\/div>\n\t\t\t\t<div class=\"elementor-element elementor-element-1e9f65b elementor-align-center elementor-widget elementor-widget-button\" data-id=\"1e9f65b\" data-element_type=\"widget\" data-e-type=\"widget\" data-widget_type=\"button.default\">\n\t\t\t\t<div class=\"elementor-widget-container\">\n\t\t\t\t\t\t\t\t\t<div class=\"elementor-button-wrapper\">\n\t\t\t\t\t<a class=\"elementor-button elementor-button-link elementor-size-sm\" href=\"https:\/\/lsf-france.com\/es\/folleto-y-solicitud-de-precio\/\">\n\t\t\t\t\t\t<span class=\"elementor-button-content-wrapper\">\n\t\t\t\t\t\t\t\t\t<span class=\"elementor-button-text\">M\u00e1s informaci\u00f3n<\/span>\n\t\t\t\t\t<\/span>\n\t\t\t\t\t<\/a>\n\t\t\t\t<\/div>\n\t\t\t\t\t\t\t\t<\/div>\n\t\t\t\t<\/div>\n\t\t\t\t\t<\/div>\n\t\t<\/div>\n\t\t\t\t\t<\/div>\n\t\t<\/section>\n\t\t\t\t<section class=\"elementor-section elementor-top-section elementor-element elementor-element-459bfb3 elementor-section-boxed elementor-section-height-default elementor-section-height-default\" data-id=\"459bfb3\" data-element_type=\"section\" data-e-type=\"section\">\n\t\t\t\t\t\t<div class=\"elementor-container elementor-column-gap-default\">\n\t\t\t\t\t<div class=\"elementor-column elementor-col-100 elementor-top-column elementor-element elementor-element-625e50f\" data-id=\"625e50f\" data-element_type=\"column\" data-e-type=\"column\">\n\t\t\t<div class=\"elementor-widget-wrap elementor-element-populated\">\n\t\t\t\t\t\t<div class=\"elementor-element elementor-element-13a0e56 elementor-widget elementor-widget-image\" data-id=\"13a0e56\" data-element_type=\"widget\" data-e-type=\"widget\" data-widget_type=\"image.default\">\n\t\t\t\t<div class=\"elementor-widget-container\">\n\t\t\t\t\t\t\t\t\t\t\t\t\t\t\t<img decoding=\"async\" width=\"800\" height=\"266\" src=\"https:\/\/lsf-france.com\/wp-content\/uploads\/2023\/04\/frame-41-1-1024x341.png\" class=\"attachment-large size-large wp-image-403626\" alt=\"\" srcset=\"https:\/\/lsf-france.com\/wp-content\/uploads\/2023\/04\/frame-41-1-1024x341.png 1024w, https:\/\/lsf-france.com\/wp-content\/uploads\/2023\/04\/frame-41-1-300x100.png 300w, https:\/\/lsf-france.com\/wp-content\/uploads\/2023\/04\/frame-41-1-768x256.png 768w, https:\/\/lsf-france.com\/wp-content\/uploads\/2023\/04\/frame-41-1.png 1440w\" sizes=\"(max-width: 800px) 100vw, 800px\" \/>\t\t\t\t\t\t\t\t\t\t\t\t\t\t\t<\/div>\n\t\t\t\t<\/div>\n\t\t\t\t\t<\/div>\n\t\t<\/div>\n\t\t\t\t\t<\/div>\n\t\t<\/section>\n\t\t\t\t<\/div>\n\t\t","protected":false},"excerpt":{"rendered":"<p>Esta es la f\u00f3rmula m\u00e1s popular y es esencial si desea intercambiar y descubrir la vida francesa. Vivir\u00e1 una verdadera experiencia de inmersi\u00f3n y tendr\u00e1 la oportunidad de practicar el [&hellip;]<\/p>\n","protected":false},"author":1,"featured_media":391582,"parent":382488,"menu_order":0,"comment_status":"closed","ping_status":"closed","template":"","meta":{"_acf_changed":false,"content-type":"","footnotes":""},"class_list":["post-382744","page","type-page","status-publish","has-post-thumbnail","hentry"],"acf":[],"_links":{"self":[{"href":"https:\/\/lsf-france.com\/es\/wp-json\/wp\/v2\/pages\/382744","targetHints":{"allow":["GET"]}}],"collection":[{"href":"https:\/\/lsf-france.com\/es\/wp-json\/wp\/v2\/pages"}],"about":[{"href":"https:\/\/lsf-france.com\/es\/wp-json\/wp\/v2\/types\/page"}],"author":[{"embeddable":true,"href":"https:\/\/lsf-france.com\/es\/wp-json\/wp\/v2\/users\/1"}],"replies":[{"embeddable":true,"href":"https:\/\/lsf-france.com\/es\/wp-json\/wp\/v2\/comments?post=382744"}],"version-history":[{"count":32,"href":"https:\/\/lsf-france.com\/es\/wp-json\/wp\/v2\/pages\/382744\/revisions"}],"predecessor-version":[{"id":414475,"href":"https:\/\/lsf-france.com\/es\/wp-json\/wp\/v2\/pages\/382744\/revisions\/414475"}],"up":[{"embeddable":true,"href":"https:\/\/lsf-france.com\/es\/wp-json\/wp\/v2\/pages\/382488"}],"wp:featuredmedia":[{"embeddable":true,"href":"https:\/\/lsf-france.com\/es\/wp-json\/wp\/v2\/media\/391582"}],"wp:attachment":[{"href":"https:\/\/lsf-france.com\/es\/wp-json\/wp\/v2\/media?parent=382744"}],"curies":[{"name":"wp","href":"https:\/\/api.w.org\/{rel}","templated":true}]}}