{"id":382756,"date":"2018-09-07T15:42:43","date_gmt":"2018-09-07T13:42:43","guid":{"rendered":"https:\/\/lsf-france.com\/elegir-un-alojamiento-para-aprender-frances-en-francia\/alojamiento-compartido\/"},"modified":"2025-11-26T11:03:49","modified_gmt":"2025-11-26T10:03:49","slug":"alojamiento-compartido","status":"publish","type":"page","link":"https:\/\/lsf-france.com\/es\/alojamiento-montpellier\/alojamiento-compartido\/","title":{"rendered":"Piso compartido"},"content":{"rendered":"\t\t<div data-elementor-type=\"wp-page\" data-elementor-id=\"382756\" class=\"elementor elementor-382756 elementor-752\" data-elementor-post-type=\"page\">\n\t\t\t\t\t\t<section class=\"elementor-section elementor-top-section elementor-element elementor-element-e07dfff elementor-section-boxed elementor-section-height-default elementor-section-height-default\" data-id=\"e07dfff\" data-element_type=\"section\" data-e-type=\"section\">\n\t\t\t\t\t\t<div class=\"elementor-container elementor-column-gap-default\">\n\t\t\t\t\t<div class=\"elementor-column elementor-col-50 elementor-top-column elementor-element elementor-element-ed930a5\" data-id=\"ed930a5\" data-element_type=\"column\" data-e-type=\"column\">\n\t\t\t<div class=\"elementor-widget-wrap elementor-element-populated\">\n\t\t\t\t\t\t<div class=\"elementor-element elementor-element-1475483 elementor-widget elementor-widget-text-editor\" data-id=\"1475483\" data-element_type=\"widget\" data-e-type=\"widget\" data-widget_type=\"text-editor.default\">\n\t\t\t\t<div class=\"elementor-widget-container\">\n\t\t\t\t\t\t\t\t\t<p>Si prefiere tener m\u00e1s espacio que en una residencia de estudiantes y no estar solo, le recomendamos que escoja un piso compartido con otra persona. Compartir\u00e1 las \u00e1reas comunes, como el ba\u00f1o y la cocina, con otros compa\u00f1eros de piso franceses o extranjeros, y se beneficiar\u00e1 de una habitaci\u00f3n individual. <\/p>\t\t\t\t\t\t\t\t<\/div>\n\t\t\t\t<\/div>\n\t\t\t\t<div class=\"elementor-element elementor-element-179d1dd elementor-widget elementor-widget-heading\" data-id=\"179d1dd\" data-element_type=\"widget\" data-e-type=\"widget\" data-widget_type=\"heading.default\">\n\t\t\t\t<div class=\"elementor-widget-container\">\n\t\t\t\t\t<h2 class=\"elementor-heading-title elementor-size-default\">Precios<\/h2>\t\t\t\t<\/div>\n\t\t\t\t<\/div>\n\t\t\t\t<div class=\"elementor-element elementor-element-1b68683 elementor-widget elementor-widget-text-editor\" data-id=\"1b68683\" data-element_type=\"widget\" data-e-type=\"widget\" data-widget_type=\"text-editor.default\">\n\t\t\t\t<div class=\"elementor-widget-container\">\n\t\t\t\t\t\t\t\t\t<h3>Apartamento compartido con habitaci\u00f3n individual<\/h3><ul><li>200 \u20ac por semana<\/li><li>50 \u20ac por noche adicional<\/li><\/ul>\t\t\t\t\t\t\t\t<\/div>\n\t\t\t\t<\/div>\n\t\t\t\t<div class=\"elementor-element elementor-element-c1ac459 elementor-widget elementor-widget-button\" data-id=\"c1ac459\" data-element_type=\"widget\" data-e-type=\"widget\" data-widget_type=\"button.default\">\n\t\t\t\t<div class=\"elementor-widget-container\">\n\t\t\t\t\t\t\t\t\t<div class=\"elementor-button-wrapper\">\n\t\t\t\t\t<a class=\"elementor-button elementor-button-link elementor-size-sm\" href=\"https:\/\/lsf-france.com\/es\/folleto-y-solicitud-de-precio\/\">\n\t\t\t\t\t\t<span class=\"elementor-button-content-wrapper\">\n\t\t\t\t\t\t\t\t\t<span class=\"elementor-button-text\">M\u00e1s informaci\u00f3n<\/span>\n\t\t\t\t\t<\/span>\n\t\t\t\t\t<\/a>\n\t\t\t\t<\/div>\n\t\t\t\t\t\t\t\t<\/div>\n\t\t\t\t<\/div>\n\t\t\t\t\t<\/div>\n\t\t<\/div>\n\t\t\t\t<div class=\"elementor-column elementor-col-50 elementor-top-column elementor-element elementor-element-d2a93c1\" data-id=\"d2a93c1\" data-element_type=\"column\" data-e-type=\"column\">\n\t\t\t<div class=\"elementor-widget-wrap elementor-element-populated\">\n\t\t\t\t\t\t<div class=\"elementor-element elementor-element-326f124 elementor-widget elementor-widget-image\" data-id=\"326f124\" data-element_type=\"widget\" data-e-type=\"widget\" data-widget_type=\"image.default\">\n\t\t\t\t<div class=\"elementor-widget-container\">\n\t\t\t\t\t\t\t\t\t\t\t\t\t\t\t<img fetchpriority=\"high\" decoding=\"async\" width=\"800\" height=\"534\" src=\"https:\/\/lsf-france.com\/wp-content\/uploads\/2019\/02\/Plan-de-travail-1-4.jpg\" class=\"attachment-large size-large wp-image-382496\" alt=\"\" srcset=\"https:\/\/lsf-france.com\/wp-content\/uploads\/2019\/02\/Plan-de-travail-1-4.jpg 1000w, https:\/\/lsf-france.com\/wp-content\/uploads\/2019\/02\/Plan-de-travail-1-4-600x400.jpg 600w\" sizes=\"(max-width: 800px) 100vw, 800px\" \/>\t\t\t\t\t\t\t\t\t\t\t\t\t\t\t<\/div>\n\t\t\t\t<\/div>\n\t\t\t\t\t<\/div>\n\t\t<\/div>\n\t\t\t\t\t<\/div>\n\t\t<\/section>\n\t\t\t\t<\/div>\n\t\t","protected":false},"excerpt":{"rendered":"<p>Si prefiere tener m\u00e1s espacio que en una residencia de estudiantes y no estar solo, le recomendamos que escoja un piso compartido con otra persona. Compartir\u00e1 las \u00e1reas comunes, como [&hellip;]<\/p>\n","protected":false},"author":1,"featured_media":391579,"parent":382488,"menu_order":0,"comment_status":"closed","ping_status":"closed","template":"","meta":{"_acf_changed":false,"content-type":"","footnotes":""},"class_list":["post-382756","page","type-page","status-publish","has-post-thumbnail","hentry"],"acf":[],"yoast_head":"<!-- This site is optimized with the Yoast SEO plugin v27.5 - https:\/\/yoast.com\/product\/yoast-seo-wordpress\/ -->\n<title>Piso compartido - LSF | Learn French in South of France<\/title>\n<meta name=\"robots\" content=\"index, follow, max-snippet:-1, max-image-preview:large, max-video-preview:-1\" \/>\n<link rel=\"canonical\" href=\"https:\/\/lsf-france.com\/accommodation-montpellier\/shared-accommodation\/\" \/>\n<meta property=\"og:locale\" content=\"es_ES\" \/>\n<meta property=\"og:type\" content=\"article\" \/>\n<meta property=\"og:title\" content=\"Piso compartido - LSF | Learn French in South of France\" \/>\n<meta property=\"og:description\" content=\"Si prefiere tener m\u00e1s espacio que en una residencia de estudiantes y no estar solo, le recomendamos que escoja un piso compartido con otra persona. Compartir\u00e1 las \u00e1reas comunes, como [&hellip;]\" \/>\n<meta property=\"og:url\" content=\"https:\/\/lsf-france.com\/accommodation-montpellier\/shared-accommodation\/\" \/>\n<meta property=\"og:site_name\" content=\"LSF | Learn French in South of France\" \/>\n<meta property=\"article:modified_time\" content=\"2025-11-26T10:03:49+00:00\" \/>\n<meta property=\"og:image\" content=\"https:\/\/lsf-france.com\/wp-content\/uploads\/2021\/03\/Colocation-Montpellier.jpg\" \/>\n\t<meta property=\"og:image:width\" content=\"1500\" \/>\n\t<meta property=\"og:image:height\" content=\"788\" \/>\n\t<meta property=\"og:image:type\" content=\"image\/jpeg\" \/>\n<meta name=\"twitter:card\" content=\"summary_large_image\" \/>\n<script type=\"application\/ld+json\" class=\"yoast-schema-graph\">{\"@context\":\"https:\\\/\\\/schema.org\",\"@graph\":[{\"@type\":\"WebPage\",\"@id\":\"https:\\\/\\\/lsf-france.com\\\/accommodation-montpellier\\\/shared-accommodation\\\/\",\"url\":\"https:\\\/\\\/lsf-france.com\\\/accommodation-montpellier\\\/shared-accommodation\\\/\",\"name\":\"Piso compartido - LSF | Learn French in South of France\",\"isPartOf\":{\"@id\":\"https:\\\/\\\/lsf-france.com\\\/es\\\/#website\"},\"primaryImageOfPage\":{\"@id\":\"https:\\\/\\\/lsf-france.com\\\/accommodation-montpellier\\\/shared-accommodation\\\/#primaryimage\"},\"image\":{\"@id\":\"https:\\\/\\\/lsf-france.com\\\/accommodation-montpellier\\\/shared-accommodation\\\/#primaryimage\"},\"thumbnailUrl\":\"https:\\\/\\\/lsf-france.com\\\/wp-content\\\/uploads\\\/2021\\\/03\\\/Colocation-Montpellier.jpg\",\"datePublished\":\"2018-09-07T13:42:43+00:00\",\"dateModified\":\"2025-11-26T10:03:49+00:00\",\"breadcrumb\":{\"@id\":\"https:\\\/\\\/lsf-france.com\\\/accommodation-montpellier\\\/shared-accommodation\\\/#breadcrumb\"},\"inLanguage\":\"es\",\"potentialAction\":[{\"@type\":\"ReadAction\",\"target\":[\"https:\\\/\\\/lsf-france.com\\\/accommodation-montpellier\\\/shared-accommodation\\\/\"]}]},{\"@type\":\"ImageObject\",\"inLanguage\":\"es\",\"@id\":\"https:\\\/\\\/lsf-france.com\\\/accommodation-montpellier\\\/shared-accommodation\\\/#primaryimage\",\"url\":\"https:\\\/\\\/lsf-france.com\\\/wp-content\\\/uploads\\\/2021\\\/03\\\/Colocation-Montpellier.jpg\",\"contentUrl\":\"https:\\\/\\\/lsf-france.com\\\/wp-content\\\/uploads\\\/2021\\\/03\\\/Colocation-Montpellier.jpg\",\"width\":1500,\"height\":788},{\"@type\":\"BreadcrumbList\",\"@id\":\"https:\\\/\\\/lsf-france.com\\\/accommodation-montpellier\\\/shared-accommodation\\\/#breadcrumb\",\"itemListElement\":[{\"@type\":\"ListItem\",\"position\":1,\"name\":\"Home\",\"item\":\"https:\\\/\\\/lsf-france.com\\\/es\\\/\"},{\"@type\":\"ListItem\",\"position\":2,\"name\":\"Elegir un alojamiento para aprender franc\u00e9s en Francia\",\"item\":\"https:\\\/\\\/lsf-france.com\\\/accommodation-montpellier\\\/\"},{\"@type\":\"ListItem\",\"position\":3,\"name\":\"Piso compartido\"}]},{\"@type\":\"WebSite\",\"@id\":\"https:\\\/\\\/lsf-france.com\\\/es\\\/#website\",\"url\":\"https:\\\/\\\/lsf-france.com\\\/es\\\/\",\"name\":\"LSF | Learn French in South of France\",\"description\":\"Learn French in France, Montpellier French Language School, LSF\",\"publisher\":{\"@id\":\"https:\\\/\\\/lsf-france.com\\\/es\\\/#organization\"},\"potentialAction\":[{\"@type\":\"SearchAction\",\"target\":{\"@type\":\"EntryPoint\",\"urlTemplate\":\"https:\\\/\\\/lsf-france.com\\\/es\\\/?s={search_term_string}\"},\"query-input\":{\"@type\":\"PropertyValueSpecification\",\"valueRequired\":true,\"valueName\":\"search_term_string\"}}],\"inLanguage\":\"es\"},{\"@type\":\"Organization\",\"@id\":\"https:\\\/\\\/lsf-france.com\\\/es\\\/#organization\",\"name\":\"LSF Montpellier\",\"url\":\"https:\\\/\\\/lsf-france.com\\\/es\\\/\",\"logo\":{\"@type\":\"ImageObject\",\"inLanguage\":\"es\",\"@id\":\"https:\\\/\\\/lsf-france.com\\\/es\\\/#\\\/schema\\\/logo\\\/image\\\/\",\"url\":\"https:\\\/\\\/lsf-france.com\\\/wp-content\\\/uploads\\\/2018\\\/11\\\/PleinBleux2.png\",\"contentUrl\":\"https:\\\/\\\/lsf-france.com\\\/wp-content\\\/uploads\\\/2018\\\/11\\\/PleinBleux2.png\",\"width\":1000,\"height\":1000,\"caption\":\"LSF Montpellier\"},\"image\":{\"@id\":\"https:\\\/\\\/lsf-france.com\\\/es\\\/#\\\/schema\\\/logo\\\/image\\\/\"}}]}<\/script>\n<!-- \/ Yoast SEO plugin. -->","yoast_head_json":{"title":"Piso compartido - LSF | Learn French in South of France","robots":{"index":"index","follow":"follow","max-snippet":"max-snippet:-1","max-image-preview":"max-image-preview:large","max-video-preview":"max-video-preview:-1"},"canonical":"https:\/\/lsf-france.com\/accommodation-montpellier\/shared-accommodation\/","og_locale":"es_ES","og_type":"article","og_title":"Piso compartido - LSF | Learn French in South of France","og_description":"Si prefiere tener m\u00e1s espacio que en una residencia de estudiantes y no estar solo, le recomendamos que escoja un piso compartido con otra persona. Compartir\u00e1 las \u00e1reas comunes, como [&hellip;]","og_url":"https:\/\/lsf-france.com\/accommodation-montpellier\/shared-accommodation\/","og_site_name":"LSF | Learn French in South of France","article_modified_time":"2025-11-26T10:03:49+00:00","og_image":[{"width":1500,"height":788,"url":"https:\/\/lsf-france.com\/wp-content\/uploads\/2021\/03\/Colocation-Montpellier.jpg","type":"image\/jpeg"}],"twitter_card":"summary_large_image","schema":{"@context":"https:\/\/schema.org","@graph":[{"@type":"WebPage","@id":"https:\/\/lsf-france.com\/accommodation-montpellier\/shared-accommodation\/","url":"https:\/\/lsf-france.com\/accommodation-montpellier\/shared-accommodation\/","name":"Piso compartido - LSF | Learn French in South of France","isPartOf":{"@id":"https:\/\/lsf-france.com\/es\/#website"},"primaryImageOfPage":{"@id":"https:\/\/lsf-france.com\/accommodation-montpellier\/shared-accommodation\/#primaryimage"},"image":{"@id":"https:\/\/lsf-france.com\/accommodation-montpellier\/shared-accommodation\/#primaryimage"},"thumbnailUrl":"https:\/\/lsf-france.com\/wp-content\/uploads\/2021\/03\/Colocation-Montpellier.jpg","datePublished":"2018-09-07T13:42:43+00:00","dateModified":"2025-11-26T10:03:49+00:00","breadcrumb":{"@id":"https:\/\/lsf-france.com\/accommodation-montpellier\/shared-accommodation\/#breadcrumb"},"inLanguage":"es","potentialAction":[{"@type":"ReadAction","target":["https:\/\/lsf-france.com\/accommodation-montpellier\/shared-accommodation\/"]}]},{"@type":"ImageObject","inLanguage":"es","@id":"https:\/\/lsf-france.com\/accommodation-montpellier\/shared-accommodation\/#primaryimage","url":"https:\/\/lsf-france.com\/wp-content\/uploads\/2021\/03\/Colocation-Montpellier.jpg","contentUrl":"https:\/\/lsf-france.com\/wp-content\/uploads\/2021\/03\/Colocation-Montpellier.jpg","width":1500,"height":788},{"@type":"BreadcrumbList","@id":"https:\/\/lsf-france.com\/accommodation-montpellier\/shared-accommodation\/#breadcrumb","itemListElement":[{"@type":"ListItem","position":1,"name":"Home","item":"https:\/\/lsf-france.com\/es\/"},{"@type":"ListItem","position":2,"name":"Elegir un alojamiento para aprender franc\u00e9s en Francia","item":"https:\/\/lsf-france.com\/accommodation-montpellier\/"},{"@type":"ListItem","position":3,"name":"Piso compartido"}]},{"@type":"WebSite","@id":"https:\/\/lsf-france.com\/es\/#website","url":"https:\/\/lsf-france.com\/es\/","name":"LSF | Learn French in South of France","description":"Learn French in France, Montpellier French Language School, LSF","publisher":{"@id":"https:\/\/lsf-france.com\/es\/#organization"},"potentialAction":[{"@type":"SearchAction","target":{"@type":"EntryPoint","urlTemplate":"https:\/\/lsf-france.com\/es\/?s={search_term_string}"},"query-input":{"@type":"PropertyValueSpecification","valueRequired":true,"valueName":"search_term_string"}}],"inLanguage":"es"},{"@type":"Organization","@id":"https:\/\/lsf-france.com\/es\/#organization","name":"LSF Montpellier","url":"https:\/\/lsf-france.com\/es\/","logo":{"@type":"ImageObject","inLanguage":"es","@id":"https:\/\/lsf-france.com\/es\/#\/schema\/logo\/image\/","url":"https:\/\/lsf-france.com\/wp-content\/uploads\/2018\/11\/PleinBleux2.png","contentUrl":"https:\/\/lsf-france.com\/wp-content\/uploads\/2018\/11\/PleinBleux2.png","width":1000,"height":1000,"caption":"LSF Montpellier"},"image":{"@id":"https:\/\/lsf-france.com\/es\/#\/schema\/logo\/image\/"}}]}},"_links":{"self":[{"href":"https:\/\/lsf-france.com\/es\/wp-json\/wp\/v2\/pages\/382756","targetHints":{"allow":["GET"]}}],"collection":[{"href":"https:\/\/lsf-france.com\/es\/wp-json\/wp\/v2\/pages"}],"about":[{"href":"https:\/\/lsf-france.com\/es\/wp-json\/wp\/v2\/types\/page"}],"author":[{"embeddable":true,"href":"https:\/\/lsf-france.com\/es\/wp-json\/wp\/v2\/users\/1"}],"replies":[{"embeddable":true,"href":"https:\/\/lsf-france.com\/es\/wp-json\/wp\/v2\/comments?post=382756"}],"version-history":[{"count":8,"href":"https:\/\/lsf-france.com\/es\/wp-json\/wp\/v2\/pages\/382756\/revisions"}],"predecessor-version":[{"id":414494,"href":"https:\/\/lsf-france.com\/es\/wp-json\/wp\/v2\/pages\/382756\/revisions\/414494"}],"up":[{"embeddable":true,"href":"https:\/\/lsf-france.com\/es\/wp-json\/wp\/v2\/pages\/382488"}],"wp:featuredmedia":[{"embeddable":true,"href":"https:\/\/lsf-france.com\/es\/wp-json\/wp\/v2\/media\/391579"}],"wp:attachment":[{"href":"https:\/\/lsf-france.com\/es\/wp-json\/wp\/v2\/media?parent=382756"}],"curies":[{"name":"wp","href":"https:\/\/api.w.org\/{rel}","templated":true}]}}