{"id":382769,"date":"2018-11-02T12:47:33","date_gmt":"2018-11-02T11:47:33","guid":{"rendered":"https:\/\/lsf-france.com\/educacion\/niveles-de-lenguaje-del-cefr\/"},"modified":"2021-07-16T16:04:21","modified_gmt":"2021-07-16T14:04:21","slug":"niveles-de-lenguaje-del-cefr","status":"publish","type":"page","link":"https:\/\/lsf-france.com\/es\/educacion\/niveles-de-lenguaje-del-cefr\/","title":{"rendered":"Niveles de lenguaje del CEFR"},"content":{"rendered":"<p>Los cursos de franc\u00e9s de la escuela de franc\u00e9s LSF siguen las directrices del Marco Com\u00fan Europeo de Referencia para las Lenguas (MCER). El MCER describe m\u00e9todos de aprendizaje, ense\u00f1anza y evaluaci\u00f3n de idiomas y proporciona una escala de dominio de idiomas extranjeros.<\/p>\n<p>El dominio del idioma extranjero se mide en una escala de seis niveles, desde A1, para principiantes, hasta C2, para los que dominan el idioma. El marco y su escala de seis niveles de progresi\u00f3n es un est\u00e1ndar ampliamente aceptado no s\u00f3lo en Europa sino tambi\u00e9n cada vez m\u00e1s en todo el mundo.<\/p>\n<p>A continuaci\u00f3n se encuentra la descripci\u00f3n del CEFR de lo que se supone que un estudiante es capaz de hacer en cada nivel de progresi\u00f3n<\/p>\n<h2>Usuario b\u00e1sico<\/h2>\n<hr style=\"background-color: #ffed00; height: 3px;\" \/>\n<h3>A1 &#8211; Avance (o principiante)<\/h3>\n<ul>\n<li>Puede comprender y utilizar expresiones cotidianas familiares y frases muy b\u00e1sicas destinadas a satisfacer necesidades de tipo concreto.<\/li>\n<li>Puede presentarse a s\u00ed mismo y a otros y puede preguntar y responder a preguntas sobre detalles personales como d\u00f3nde vive, las personas que conoce y las cosas que tiene.<\/li>\n<li>Puede interactuar de forma sencilla siempre que la otra persona hable despacio y con claridad y est\u00e9 dispuesta a ayudar.<\/li>\n<\/ul>\n<h3>A2 &#8211; Etapa de transici\u00f3n (o elemental)<\/h3>\n<ul>\n<li>Puede comprender frases y expresiones de uso frecuente relacionadas con las \u00e1reas de relevancia m\u00e1s inmediata (por ejemplo, informaci\u00f3n personal y familiar muy b\u00e1sica, compras, geograf\u00eda local, empleo).<\/li>\n<li>Puede comunicarse en tareas sencillas y rutinarias que requieren un intercambio simple y directo de informaci\u00f3n sobre asuntos familiares y rutinarios.<\/li>\n<li>Puede describir en t\u00e9rminos sencillos aspectos de sus antecedentes, su entorno inmediato y asuntos en \u00e1reas de necesidad inmediata.<\/li>\n<\/ul>\n<h2>Usuario independiente<\/h2>\n<hr style=\"background-color: #ffed00; height: 3px;\" \/>\n<h3>B1 &#8211; Umbral (o intermedio)<\/h3>\n<ul>\n<li>Puede entender los puntos principales de una aportaci\u00f3n est\u00e1ndar clara sobre asuntos familiares que se encuentran regularmente en el trabajo, la escuela, el ocio, etc.<\/li>\n<li>Puede manejar la mayor\u00eda de las situaciones que pueden surgir al viajar a una zona donde se habla el idioma.<\/li>\n<li>Puede producir un texto simple y conectado sobre temas que le son familiares o de inter\u00e9s personal.<\/li>\n<li>Puede describir experiencias y acontecimientos, sue\u00f1os, esperanzas y ambiciones y dar razones y explicaciones breves sobre opiniones y planes.<\/li>\n<\/ul>\n<h3>B2 &#8211; Vantage (o intermedio superior)<\/h3>\n<ul>\n<li>Puede entender las ideas principales de un texto complejo sobre temas concretos y abstractos, incluyendo discusiones t\u00e9cnicas en su campo de especializaci\u00f3n.<\/li>\n<li>Puede interactuar con un grado de fluidez y espontaneidad que hace posible la interacci\u00f3n regular con hablantes nativos sin esfuerzo para ninguna de las partes.<\/li>\n<li>Puede producir un texto claro y detallado sobre una amplia gama de temas y explicar un punto de vista sobre un tema de actualidad dando las ventajas y desventajas de las diversas opciones.<\/li>\n<\/ul>\n<h2>Usuario competente<\/h2>\n<hr style=\"background-color: #ffed00; height: 3px;\" \/>\n<h3>C1 &#8211; Competencia operacional efectiva (o avanzada)<\/h3>\n<ul>\n<li>Puede entender una amplia gama de textos exigentes y m\u00e1s largos, y reconocer el significado impl\u00edcito.<\/li>\n<li>Puede expresarse con fluidez y espontaneidad sin una b\u00fasqueda muy obvia de expresiones.<\/li>\n<li>Puede usar el lenguaje de manera flexible y efectiva para fines sociales, acad\u00e9micos y profesionales.<\/li>\n<li>Puede producir textos claros, bien estructurados y detallados sobre temas complejos, mostrando un uso controlado de los patrones de organizaci\u00f3n, los conectores y los dispositivos de cohesi\u00f3n.<\/li>\n<\/ul>\n<h3>C2 &#8211; Dominio (o habilidad)<\/h3>\n<ul>\n<li>Puede entender con facilidad pr\u00e1cticamente todo lo que oye o lee.<\/li>\n<li>Puede resumir la informaci\u00f3n de diferentes fuentes habladas y escritas, reconstruyendo argumentos y relatos en una presentaci\u00f3n coherente.<\/li>\n<li>Puede expresarse espont\u00e1neamente, con mucha fluidez y precisi\u00f3n, diferenciando matices de significado incluso en situaciones m\u00e1s complejas.<\/li>\n<\/ul>\n","protected":false},"excerpt":{"rendered":"<p>Los cursos de franc\u00e9s de la escuela de franc\u00e9s LSF siguen las directrices del Marco Com\u00fan Europeo de Referencia para las Lenguas (MCER). El MCER describe m\u00e9todos de aprendizaje, ense\u00f1anza [&hellip;]<\/p>\n","protected":false},"author":1,"featured_media":391878,"parent":382501,"menu_order":0,"comment_status":"closed","ping_status":"closed","template":"","meta":{"_acf_changed":false,"content-type":"","footnotes":""},"class_list":["post-382769","page","type-page","status-publish","has-post-thumbnail","hentry"],"acf":[],"yoast_head":"<!-- This site is optimized with the Yoast SEO plugin v27.5 - https:\/\/yoast.com\/product\/yoast-seo-wordpress\/ -->\n<title>Niveles de lenguaje del CEFR - LSF | Learn French in South of France<\/title>\n<meta name=\"description\" content=\"Los cursos de franc\u00e9s de la escuela de franc\u00e9s LSF siguen las directrices del Marco Com\u00fan Europeo de Referencia para las Lenguas (MCER). Niveles de lengua..\" \/>\n<meta name=\"robots\" content=\"index, follow, max-snippet:-1, max-image-preview:large, max-video-preview:-1\" \/>\n<link rel=\"canonical\" href=\"https:\/\/lsf-france.com\/es\/educacion\/niveles-de-lenguaje-del-cefr\/\" \/>\n<meta property=\"og:locale\" content=\"es_ES\" \/>\n<meta property=\"og:type\" content=\"article\" \/>\n<meta property=\"og:title\" content=\"Niveles de lenguaje del CEFR - LSF | Learn French in South of France\" \/>\n<meta property=\"og:description\" content=\"Los cursos de franc\u00e9s de la escuela de franc\u00e9s LSF siguen las directrices del Marco Com\u00fan Europeo de Referencia para las Lenguas (MCER). Niveles de lengua..\" \/>\n<meta property=\"og:url\" content=\"https:\/\/lsf-france.com\/es\/educacion\/niveles-de-lenguaje-del-cefr\/\" \/>\n<meta property=\"og:site_name\" content=\"LSF | Learn French in South of France\" \/>\n<meta property=\"article:modified_time\" content=\"2021-07-16T14:04:21+00:00\" \/>\n<meta property=\"og:image\" content=\"https:\/\/lsf-france.com\/wp-content\/uploads\/2021\/04\/Certificate-TEF.png\" \/>\n\t<meta property=\"og:image:width\" content=\"1000\" \/>\n\t<meta property=\"og:image:height\" content=\"662\" \/>\n\t<meta property=\"og:image:type\" content=\"image\/png\" \/>\n<meta name=\"twitter:card\" content=\"summary_large_image\" \/>\n<meta name=\"twitter:label1\" content=\"Tiempo de lectura\" \/>\n\t<meta name=\"twitter:data1\" content=\"3 minutos\" \/>\n<script type=\"application\/ld+json\" class=\"yoast-schema-graph\">{\"@context\":\"https:\\\/\\\/schema.org\",\"@graph\":[{\"@type\":\"WebPage\",\"@id\":\"https:\\\/\\\/lsf-france.com\\\/es\\\/educacion\\\/niveles-de-lenguaje-del-cefr\\\/\",\"url\":\"https:\\\/\\\/lsf-france.com\\\/es\\\/educacion\\\/niveles-de-lenguaje-del-cefr\\\/\",\"name\":\"Niveles de lenguaje del CEFR - LSF | Learn French in South of France\",\"isPartOf\":{\"@id\":\"https:\\\/\\\/lsf-france.com\\\/es\\\/#website\"},\"primaryImageOfPage\":{\"@id\":\"https:\\\/\\\/lsf-france.com\\\/es\\\/educacion\\\/niveles-de-lenguaje-del-cefr\\\/#primaryimage\"},\"image\":{\"@id\":\"https:\\\/\\\/lsf-france.com\\\/es\\\/educacion\\\/niveles-de-lenguaje-del-cefr\\\/#primaryimage\"},\"thumbnailUrl\":\"https:\\\/\\\/lsf-france.com\\\/wp-content\\\/uploads\\\/2021\\\/04\\\/Certificate-TEF.png\",\"datePublished\":\"2018-11-02T11:47:33+00:00\",\"dateModified\":\"2021-07-16T14:04:21+00:00\",\"description\":\"Los cursos de franc\u00e9s de la escuela de franc\u00e9s LSF siguen las directrices del Marco Com\u00fan Europeo de Referencia para las Lenguas (MCER). Niveles de lengua..\",\"breadcrumb\":{\"@id\":\"https:\\\/\\\/lsf-france.com\\\/es\\\/educacion\\\/niveles-de-lenguaje-del-cefr\\\/#breadcrumb\"},\"inLanguage\":\"es\",\"potentialAction\":[{\"@type\":\"ReadAction\",\"target\":[\"https:\\\/\\\/lsf-france.com\\\/es\\\/educacion\\\/niveles-de-lenguaje-del-cefr\\\/\"]}]},{\"@type\":\"ImageObject\",\"inLanguage\":\"es\",\"@id\":\"https:\\\/\\\/lsf-france.com\\\/es\\\/educacion\\\/niveles-de-lenguaje-del-cefr\\\/#primaryimage\",\"url\":\"https:\\\/\\\/lsf-france.com\\\/wp-content\\\/uploads\\\/2021\\\/04\\\/Certificate-TEF.png\",\"contentUrl\":\"https:\\\/\\\/lsf-france.com\\\/wp-content\\\/uploads\\\/2021\\\/04\\\/Certificate-TEF.png\",\"width\":1000,\"height\":662},{\"@type\":\"BreadcrumbList\",\"@id\":\"https:\\\/\\\/lsf-france.com\\\/es\\\/educacion\\\/niveles-de-lenguaje-del-cefr\\\/#breadcrumb\",\"itemListElement\":[{\"@type\":\"ListItem\",\"position\":1,\"name\":\"Home\",\"item\":\"https:\\\/\\\/lsf-france.com\\\/es\\\/\"},{\"@type\":\"ListItem\",\"position\":2,\"name\":\"Educaci\u00f3n\",\"item\":\"https:\\\/\\\/lsf-france.com\\\/es\\\/educacion\\\/\"},{\"@type\":\"ListItem\",\"position\":3,\"name\":\"Niveles de lenguaje del CEFR\"}]},{\"@type\":\"WebSite\",\"@id\":\"https:\\\/\\\/lsf-france.com\\\/es\\\/#website\",\"url\":\"https:\\\/\\\/lsf-france.com\\\/es\\\/\",\"name\":\"LSF | Learn French in South of France\",\"description\":\"Learn French in France, Montpellier French Language School, LSF\",\"publisher\":{\"@id\":\"https:\\\/\\\/lsf-france.com\\\/es\\\/#organization\"},\"potentialAction\":[{\"@type\":\"SearchAction\",\"target\":{\"@type\":\"EntryPoint\",\"urlTemplate\":\"https:\\\/\\\/lsf-france.com\\\/es\\\/?s={search_term_string}\"},\"query-input\":{\"@type\":\"PropertyValueSpecification\",\"valueRequired\":true,\"valueName\":\"search_term_string\"}}],\"inLanguage\":\"es\"},{\"@type\":\"Organization\",\"@id\":\"https:\\\/\\\/lsf-france.com\\\/es\\\/#organization\",\"name\":\"LSF Montpellier\",\"url\":\"https:\\\/\\\/lsf-france.com\\\/es\\\/\",\"logo\":{\"@type\":\"ImageObject\",\"inLanguage\":\"es\",\"@id\":\"https:\\\/\\\/lsf-france.com\\\/es\\\/#\\\/schema\\\/logo\\\/image\\\/\",\"url\":\"https:\\\/\\\/lsf-france.com\\\/wp-content\\\/uploads\\\/2018\\\/11\\\/PleinBleux2.png\",\"contentUrl\":\"https:\\\/\\\/lsf-france.com\\\/wp-content\\\/uploads\\\/2018\\\/11\\\/PleinBleux2.png\",\"width\":1000,\"height\":1000,\"caption\":\"LSF Montpellier\"},\"image\":{\"@id\":\"https:\\\/\\\/lsf-france.com\\\/es\\\/#\\\/schema\\\/logo\\\/image\\\/\"}}]}<\/script>\n<!-- \/ Yoast SEO plugin. -->","yoast_head_json":{"title":"Niveles de lenguaje del CEFR - LSF | Learn French in South of France","description":"Los cursos de franc\u00e9s de la escuela de franc\u00e9s LSF siguen las directrices del Marco Com\u00fan Europeo de Referencia para las Lenguas (MCER). Niveles de lengua..","robots":{"index":"index","follow":"follow","max-snippet":"max-snippet:-1","max-image-preview":"max-image-preview:large","max-video-preview":"max-video-preview:-1"},"canonical":"https:\/\/lsf-france.com\/es\/educacion\/niveles-de-lenguaje-del-cefr\/","og_locale":"es_ES","og_type":"article","og_title":"Niveles de lenguaje del CEFR - LSF | Learn French in South of France","og_description":"Los cursos de franc\u00e9s de la escuela de franc\u00e9s LSF siguen las directrices del Marco Com\u00fan Europeo de Referencia para las Lenguas (MCER). Niveles de lengua..","og_url":"https:\/\/lsf-france.com\/es\/educacion\/niveles-de-lenguaje-del-cefr\/","og_site_name":"LSF | Learn French in South of France","article_modified_time":"2021-07-16T14:04:21+00:00","og_image":[{"width":1000,"height":662,"url":"https:\/\/lsf-france.com\/wp-content\/uploads\/2021\/04\/Certificate-TEF.png","type":"image\/png"}],"twitter_card":"summary_large_image","twitter_misc":{"Tiempo de lectura":"3 minutos"},"schema":{"@context":"https:\/\/schema.org","@graph":[{"@type":"WebPage","@id":"https:\/\/lsf-france.com\/es\/educacion\/niveles-de-lenguaje-del-cefr\/","url":"https:\/\/lsf-france.com\/es\/educacion\/niveles-de-lenguaje-del-cefr\/","name":"Niveles de lenguaje del CEFR - LSF | Learn French in South of France","isPartOf":{"@id":"https:\/\/lsf-france.com\/es\/#website"},"primaryImageOfPage":{"@id":"https:\/\/lsf-france.com\/es\/educacion\/niveles-de-lenguaje-del-cefr\/#primaryimage"},"image":{"@id":"https:\/\/lsf-france.com\/es\/educacion\/niveles-de-lenguaje-del-cefr\/#primaryimage"},"thumbnailUrl":"https:\/\/lsf-france.com\/wp-content\/uploads\/2021\/04\/Certificate-TEF.png","datePublished":"2018-11-02T11:47:33+00:00","dateModified":"2021-07-16T14:04:21+00:00","description":"Los cursos de franc\u00e9s de la escuela de franc\u00e9s LSF siguen las directrices del Marco Com\u00fan Europeo de Referencia para las Lenguas (MCER). Niveles de lengua..","breadcrumb":{"@id":"https:\/\/lsf-france.com\/es\/educacion\/niveles-de-lenguaje-del-cefr\/#breadcrumb"},"inLanguage":"es","potentialAction":[{"@type":"ReadAction","target":["https:\/\/lsf-france.com\/es\/educacion\/niveles-de-lenguaje-del-cefr\/"]}]},{"@type":"ImageObject","inLanguage":"es","@id":"https:\/\/lsf-france.com\/es\/educacion\/niveles-de-lenguaje-del-cefr\/#primaryimage","url":"https:\/\/lsf-france.com\/wp-content\/uploads\/2021\/04\/Certificate-TEF.png","contentUrl":"https:\/\/lsf-france.com\/wp-content\/uploads\/2021\/04\/Certificate-TEF.png","width":1000,"height":662},{"@type":"BreadcrumbList","@id":"https:\/\/lsf-france.com\/es\/educacion\/niveles-de-lenguaje-del-cefr\/#breadcrumb","itemListElement":[{"@type":"ListItem","position":1,"name":"Home","item":"https:\/\/lsf-france.com\/es\/"},{"@type":"ListItem","position":2,"name":"Educaci\u00f3n","item":"https:\/\/lsf-france.com\/es\/educacion\/"},{"@type":"ListItem","position":3,"name":"Niveles de lenguaje del CEFR"}]},{"@type":"WebSite","@id":"https:\/\/lsf-france.com\/es\/#website","url":"https:\/\/lsf-france.com\/es\/","name":"LSF | Learn French in South of France","description":"Learn French in France, Montpellier French Language School, LSF","publisher":{"@id":"https:\/\/lsf-france.com\/es\/#organization"},"potentialAction":[{"@type":"SearchAction","target":{"@type":"EntryPoint","urlTemplate":"https:\/\/lsf-france.com\/es\/?s={search_term_string}"},"query-input":{"@type":"PropertyValueSpecification","valueRequired":true,"valueName":"search_term_string"}}],"inLanguage":"es"},{"@type":"Organization","@id":"https:\/\/lsf-france.com\/es\/#organization","name":"LSF Montpellier","url":"https:\/\/lsf-france.com\/es\/","logo":{"@type":"ImageObject","inLanguage":"es","@id":"https:\/\/lsf-france.com\/es\/#\/schema\/logo\/image\/","url":"https:\/\/lsf-france.com\/wp-content\/uploads\/2018\/11\/PleinBleux2.png","contentUrl":"https:\/\/lsf-france.com\/wp-content\/uploads\/2018\/11\/PleinBleux2.png","width":1000,"height":1000,"caption":"LSF Montpellier"},"image":{"@id":"https:\/\/lsf-france.com\/es\/#\/schema\/logo\/image\/"}}]}},"_links":{"self":[{"href":"https:\/\/lsf-france.com\/es\/wp-json\/wp\/v2\/pages\/382769","targetHints":{"allow":["GET"]}}],"collection":[{"href":"https:\/\/lsf-france.com\/es\/wp-json\/wp\/v2\/pages"}],"about":[{"href":"https:\/\/lsf-france.com\/es\/wp-json\/wp\/v2\/types\/page"}],"author":[{"embeddable":true,"href":"https:\/\/lsf-france.com\/es\/wp-json\/wp\/v2\/users\/1"}],"replies":[{"embeddable":true,"href":"https:\/\/lsf-france.com\/es\/wp-json\/wp\/v2\/comments?post=382769"}],"version-history":[{"count":0,"href":"https:\/\/lsf-france.com\/es\/wp-json\/wp\/v2\/pages\/382769\/revisions"}],"up":[{"embeddable":true,"href":"https:\/\/lsf-france.com\/es\/wp-json\/wp\/v2\/pages\/382501"}],"wp:featuredmedia":[{"embeddable":true,"href":"https:\/\/lsf-france.com\/es\/wp-json\/wp\/v2\/media\/391878"}],"wp:attachment":[{"href":"https:\/\/lsf-france.com\/es\/wp-json\/wp\/v2\/media?parent=382769"}],"curies":[{"name":"wp","href":"https:\/\/api.w.org\/{rel}","templated":true}]}}