{"id":382772,"date":"2018-12-18T08:57:33","date_gmt":"2018-12-18T07:57:33","guid":{"rendered":"https:\/\/lsf-france.com\/educacion\/metodologia\/"},"modified":"2024-09-03T11:54:25","modified_gmt":"2024-09-03T09:54:25","slug":"metodologia","status":"publish","type":"page","link":"https:\/\/lsf-france.com\/es\/educacion\/metodologia\/","title":{"rendered":"Metodolog\u00eda"},"content":{"rendered":"<h3>Un equipo de profesores muy experimentados<\/h3>\n<hr style=\"background-color: #ffed00; height: 3px;\" \/>\n<p><strong>Todos nuestros profesores son franc\u00f3fonos nativos y poseen un t\u00edtulo universitario en franc\u00e9s como lengua extranjera (FLE).<\/strong><\/p>\n<p>Nuestro equipo permanente est\u00e1 formado por 7 profesores, todos ellos con amplia experiencia en LSF y en la ense\u00f1anza del franc\u00e9s como lengua extranjera en general. Valoramos la innovaci\u00f3n pedag\u00f3gica, por lo que nuestros profesores siguen regularmente cursos de formaci\u00f3n para garantizar un nivel de excelencia en LSF. S\u00f3lo contratamos profesores experimentados y creativos, competentes y entusiastas, que saben c\u00f3mo hacer que sus clases de franc\u00e9s sean coherentes, estimulantes, amenas y divertidas.<\/p>\n<p>Todos los profesores que trabajan en LSF son observados regularmente por el director de estudios de la escuela, lo que garantiza la coherencia de la formaci\u00f3n ofrecida por LSF. Tambi\u00e9n se anima a los estudiantes a que den su opini\u00f3n sobre los cursos que han seguido.<\/p>\n<h3>Un programa de cursos adaptado<\/h3>\n<hr style=\"background-color: #ffed00; height: 3px;\" \/>\n<p>Antes de su llegada, los estudiantes realizan una prueba escrita en l\u00ednea que nos permite evaluar su nivel. A su llegada, este nivel se confirma durante la prueba oral. Los estudiantes entran en una clase adaptada a su nivel. Consideramos muy importante satisfacer a nuestros estudiantes: durante toda su estancia, desde su primera semana hasta su \u00faltimo d\u00eda. Nos aseguramos de que los cursos ofrecidos respondan a sus expectativas y necesidades.<\/p>\n<p>Permanecemos atentos y, si es necesario, ofrecemos soluciones de recuperaci\u00f3n que pueden consistir en un cambio de clase y\/o de nivel o en una asistencia personalizada en el marco de las tutor\u00edas ofrecidas cada semana en la escuela.<\/p>\n<p>Para facilitar el d\u00eda a d\u00eda de los estudiantes, LSF ha creado una aplicaci\u00f3n disponible en smartphones para consultar el horario de sus cursos.<\/p>\n\n<figure class=\"wp-block-gallery has-nested-images columns-default is-cropped wp-block-gallery-1 is-layout-flex wp-block-gallery-is-layout-flex\">\n<figure class=\"wp-block-image size-large\"><img fetchpriority=\"high\" decoding=\"async\" width=\"1024\" height=\"683\" data-id=\"411359\" src=\"https:\/\/lsf-france.com\/wp-content\/uploads\/2024\/09\/03_KLF_MONTPELLIER_228_websize-1024x683.jpg\" alt=\"\" class=\"wp-image-411359\" srcset=\"https:\/\/lsf-france.com\/wp-content\/uploads\/2024\/09\/03_KLF_MONTPELLIER_228_websize-1024x683.jpg 1024w, https:\/\/lsf-france.com\/wp-content\/uploads\/2024\/09\/03_KLF_MONTPELLIER_228_websize-300x200.jpg 300w, https:\/\/lsf-france.com\/wp-content\/uploads\/2024\/09\/03_KLF_MONTPELLIER_228_websize-768x512.jpg 768w, https:\/\/lsf-france.com\/wp-content\/uploads\/2024\/09\/03_KLF_MONTPELLIER_228_websize-1536x1024.jpg 1536w, https:\/\/lsf-france.com\/wp-content\/uploads\/2024\/09\/03_KLF_MONTPELLIER_228_websize.jpg 2048w\" sizes=\"(max-width: 1024px) 100vw, 1024px\" \/><\/figure>\n\n\n\n<figure class=\"wp-block-image size-large\"><img decoding=\"async\" width=\"1024\" height=\"683\" data-id=\"411231\" src=\"https:\/\/lsf-france.com\/wp-content\/uploads\/2024\/09\/03_KLF_MONTPELLIER_364_websize-1024x683.jpg\" alt=\"\" class=\"wp-image-411231\" srcset=\"https:\/\/lsf-france.com\/wp-content\/uploads\/2024\/09\/03_KLF_MONTPELLIER_364_websize-1024x683.jpg 1024w, https:\/\/lsf-france.com\/wp-content\/uploads\/2024\/09\/03_KLF_MONTPELLIER_364_websize-300x200.jpg 300w, https:\/\/lsf-france.com\/wp-content\/uploads\/2024\/09\/03_KLF_MONTPELLIER_364_websize-768x512.jpg 768w, https:\/\/lsf-france.com\/wp-content\/uploads\/2024\/09\/03_KLF_MONTPELLIER_364_websize-1536x1025.jpg 1536w, https:\/\/lsf-france.com\/wp-content\/uploads\/2024\/09\/03_KLF_MONTPELLIER_364_websize.jpg 2048w\" sizes=\"(max-width: 1024px) 100vw, 1024px\" \/><\/figure>\n\n\n\n<figure class=\"wp-block-image size-large\"><img decoding=\"async\" width=\"1024\" height=\"683\" data-id=\"411399\" src=\"https:\/\/lsf-france.com\/wp-content\/uploads\/2024\/09\/03_KLF_MONTPELLIER_185_websize-1024x683.jpg\" alt=\"\" class=\"wp-image-411399\" srcset=\"https:\/\/lsf-france.com\/wp-content\/uploads\/2024\/09\/03_KLF_MONTPELLIER_185_websize-1024x683.jpg 1024w, https:\/\/lsf-france.com\/wp-content\/uploads\/2024\/09\/03_KLF_MONTPELLIER_185_websize-300x200.jpg 300w, https:\/\/lsf-france.com\/wp-content\/uploads\/2024\/09\/03_KLF_MONTPELLIER_185_websize-768x512.jpg 768w, https:\/\/lsf-france.com\/wp-content\/uploads\/2024\/09\/03_KLF_MONTPELLIER_185_websize-1536x1024.jpg 1536w, https:\/\/lsf-france.com\/wp-content\/uploads\/2024\/09\/03_KLF_MONTPELLIER_185_websize.jpg 2048w\" sizes=\"(max-width: 1024px) 100vw, 1024px\" \/><\/figure>\n\n\n\n<figure class=\"wp-block-image size-large\"><img loading=\"lazy\" decoding=\"async\" width=\"1024\" height=\"683\" data-id=\"411343\" src=\"https:\/\/lsf-france.com\/wp-content\/uploads\/2024\/09\/03_KLF_MONTPELLIER_242_websize-1024x683.jpg\" alt=\"\" class=\"wp-image-411343\" srcset=\"https:\/\/lsf-france.com\/wp-content\/uploads\/2024\/09\/03_KLF_MONTPELLIER_242_websize-1024x683.jpg 1024w, https:\/\/lsf-france.com\/wp-content\/uploads\/2024\/09\/03_KLF_MONTPELLIER_242_websize-300x200.jpg 300w, https:\/\/lsf-france.com\/wp-content\/uploads\/2024\/09\/03_KLF_MONTPELLIER_242_websize-768x512.jpg 768w, https:\/\/lsf-france.com\/wp-content\/uploads\/2024\/09\/03_KLF_MONTPELLIER_242_websize-1536x1024.jpg 1536w, https:\/\/lsf-france.com\/wp-content\/uploads\/2024\/09\/03_KLF_MONTPELLIER_242_websize.jpg 2048w\" sizes=\"(max-width: 1024px) 100vw, 1024px\" \/><\/figure>\n\n\n\n<figure class=\"wp-block-image size-large\"><img loading=\"lazy\" decoding=\"async\" width=\"1024\" height=\"683\" data-id=\"411323\" src=\"https:\/\/lsf-france.com\/wp-content\/uploads\/2024\/09\/03_KLF_MONTPELLIER_266_websize-1024x683.jpg\" alt=\"\" class=\"wp-image-411323\" srcset=\"https:\/\/lsf-france.com\/wp-content\/uploads\/2024\/09\/03_KLF_MONTPELLIER_266_websize-1024x683.jpg 1024w, https:\/\/lsf-france.com\/wp-content\/uploads\/2024\/09\/03_KLF_MONTPELLIER_266_websize-300x200.jpg 300w, https:\/\/lsf-france.com\/wp-content\/uploads\/2024\/09\/03_KLF_MONTPELLIER_266_websize-768x512.jpg 768w, https:\/\/lsf-france.com\/wp-content\/uploads\/2024\/09\/03_KLF_MONTPELLIER_266_websize-1536x1024.jpg 1536w, https:\/\/lsf-france.com\/wp-content\/uploads\/2024\/09\/03_KLF_MONTPELLIER_266_websize.jpg 2048w\" sizes=\"(max-width: 1024px) 100vw, 1024px\" \/><\/figure>\n\n\n\n<figure class=\"wp-block-image size-large\"><img loading=\"lazy\" decoding=\"async\" width=\"1024\" height=\"683\" data-id=\"411327\" src=\"https:\/\/lsf-france.com\/wp-content\/uploads\/2024\/09\/03_KLF_MONTPELLIER_257_websize-1024x683.jpg\" alt=\"\" class=\"wp-image-411327\" srcset=\"https:\/\/lsf-france.com\/wp-content\/uploads\/2024\/09\/03_KLF_MONTPELLIER_257_websize-1024x683.jpg 1024w, https:\/\/lsf-france.com\/wp-content\/uploads\/2024\/09\/03_KLF_MONTPELLIER_257_websize-300x200.jpg 300w, https:\/\/lsf-france.com\/wp-content\/uploads\/2024\/09\/03_KLF_MONTPELLIER_257_websize-768x512.jpg 768w, https:\/\/lsf-france.com\/wp-content\/uploads\/2024\/09\/03_KLF_MONTPELLIER_257_websize-1536x1024.jpg 1536w, https:\/\/lsf-france.com\/wp-content\/uploads\/2024\/09\/03_KLF_MONTPELLIER_257_websize.jpg 2048w\" sizes=\"(max-width: 1024px) 100vw, 1024px\" \/><\/figure>\n<\/figure>\n","protected":false},"excerpt":{"rendered":"<p>Un equipo de profesores muy experimentados Todos nuestros profesores son franc\u00f3fonos nativos y poseen un t\u00edtulo universitario en franc\u00e9s como lengua extranjera (FLE). Nuestro equipo permanente est\u00e1 formado por 7 [&hellip;]<\/p>\n","protected":false},"author":1,"featured_media":394666,"parent":382501,"menu_order":0,"comment_status":"closed","ping_status":"closed","template":"","meta":{"_acf_changed":false,"content-type":"","footnotes":""},"class_list":["post-382772","page","type-page","status-publish","has-post-thumbnail","hentry"],"acf":[],"_links":{"self":[{"href":"https:\/\/lsf-france.com\/es\/wp-json\/wp\/v2\/pages\/382772","targetHints":{"allow":["GET"]}}],"collection":[{"href":"https:\/\/lsf-france.com\/es\/wp-json\/wp\/v2\/pages"}],"about":[{"href":"https:\/\/lsf-france.com\/es\/wp-json\/wp\/v2\/types\/page"}],"author":[{"embeddable":true,"href":"https:\/\/lsf-france.com\/es\/wp-json\/wp\/v2\/users\/1"}],"replies":[{"embeddable":true,"href":"https:\/\/lsf-france.com\/es\/wp-json\/wp\/v2\/comments?post=382772"}],"version-history":[{"count":2,"href":"https:\/\/lsf-france.com\/es\/wp-json\/wp\/v2\/pages\/382772\/revisions"}],"predecessor-version":[{"id":411699,"href":"https:\/\/lsf-france.com\/es\/wp-json\/wp\/v2\/pages\/382772\/revisions\/411699"}],"up":[{"embeddable":true,"href":"https:\/\/lsf-france.com\/es\/wp-json\/wp\/v2\/pages\/382501"}],"wp:featuredmedia":[{"embeddable":true,"href":"https:\/\/lsf-france.com\/es\/wp-json\/wp\/v2\/media\/394666"}],"wp:attachment":[{"href":"https:\/\/lsf-france.com\/es\/wp-json\/wp\/v2\/media?parent=382772"}],"curies":[{"name":"wp","href":"https:\/\/api.w.org\/{rel}","templated":true}]}}