{"id":382775,"date":"2018-12-18T08:58:00","date_gmt":"2018-12-18T07:58:00","guid":{"rendered":"https:\/\/lsf-france.com\/educacion\/ayudas\/"},"modified":"2021-07-16T14:50:43","modified_gmt":"2021-07-16T12:50:43","slug":"ayudas","status":"publish","type":"page","link":"https:\/\/lsf-france.com\/es\/educacion\/ayudas\/","title":{"rendered":"Instrumentos"},"content":{"rendered":"\t\t<div data-elementor-type=\"wp-page\" data-elementor-id=\"382775\" class=\"elementor elementor-382775 elementor-33197\" data-elementor-post-type=\"page\">\n\t\t\t\t\t\t<section class=\"elementor-section elementor-top-section elementor-element elementor-element-107da47 elementor-section-boxed elementor-section-height-default elementor-section-height-default\" data-id=\"107da47\" data-element_type=\"section\" data-e-type=\"section\">\n\t\t\t\t\t\t<div class=\"elementor-container elementor-column-gap-default\">\n\t\t\t\t\t<div class=\"elementor-column elementor-col-100 elementor-top-column elementor-element elementor-element-2a9dbf4\" data-id=\"2a9dbf4\" data-element_type=\"column\" data-e-type=\"column\">\n\t\t\t<div class=\"elementor-widget-wrap elementor-element-populated\">\n\t\t\t\t\t\t<div class=\"elementor-element elementor-element-cf8e7de elementor-widget elementor-widget-heading\" data-id=\"cf8e7de\" data-element_type=\"widget\" data-e-type=\"widget\" data-widget_type=\"heading.default\">\n\t\t\t\t<div class=\"elementor-widget-container\">\n\t\t\t\t\t<h2 class=\"elementor-heading-title elementor-size-default\">Instrumentos de alto rendimiento<\/h2>\t\t\t\t<\/div>\n\t\t\t\t<\/div>\n\t\t\t\t<div class=\"elementor-element elementor-element-b66964a elementor-widget elementor-widget-text-editor\" data-id=\"b66964a\" data-element_type=\"widget\" data-e-type=\"widget\" data-widget_type=\"text-editor.default\">\n\t\t\t\t<div class=\"elementor-widget-container\">\n\t\t\t\t\t\t\t\t\t<p>El equipo docente de LSF desarrolla sus propios contenidos para ofrecer cursos originales, aute\u0301nticos y actualizados, respetando el Marco Comu\u0301n Europeo de Referencia para las Lenguas (CECR). En particular, disponemos de 5 salas equipadas con pantallas t\u00e1ctiles interactivas que permiten a los profesores ofrecer cursos interactivos y divertidos.<\/p>\n<p>Siempre estamos creando nuevos cursos y material pedag\u00f3gico para que se beneficie de la mejor ense\u00f1anza posible.<\/p>\n<p>Hemos desarrollado dos herramientas para ayudarle a optimizar su aprendizaje del france\u0301s de forma independiente despue\u0301s de las clases y las mejoramos di\u0301a a di\u0301a para satisfacer sus expectativas y necesidades.<\/p>\n\t\t\t\t\t\t\t\t<\/div>\n\t\t\t\t<\/div>\n\t\t\t\t\t<\/div>\n\t\t<\/div>\n\t\t\t\t\t<\/div>\n\t\t<\/section>\n\t\t\t\t<section class=\"elementor-section elementor-top-section elementor-element elementor-element-3e47755 elementor-section-boxed elementor-section-height-default elementor-section-height-default\" data-id=\"3e47755\" data-element_type=\"section\" data-e-type=\"section\">\n\t\t\t\t\t\t<div class=\"elementor-container elementor-column-gap-default\">\n\t\t\t\t\t<div class=\"elementor-column elementor-col-33 elementor-top-column elementor-element elementor-element-62334a6\" data-id=\"62334a6\" data-element_type=\"column\" data-e-type=\"column\">\n\t\t\t<div class=\"elementor-widget-wrap elementor-element-populated\">\n\t\t\t\t\t\t<div class=\"elementor-element elementor-element-8a380ad elementor-widget elementor-widget-heading\" data-id=\"8a380ad\" data-element_type=\"widget\" data-e-type=\"widget\" data-widget_type=\"heading.default\">\n\t\t\t\t<div class=\"elementor-widget-container\">\n\t\t\t\t\t<h2 class=\"elementor-heading-title elementor-size-default\">Roadbook<\/h2>\t\t\t\t<\/div>\n\t\t\t\t<\/div>\n\t\t\t\t<div class=\"elementor-element elementor-element-b2bf30f elementor-widget elementor-widget-image\" data-id=\"b2bf30f\" data-element_type=\"widget\" data-e-type=\"widget\" data-widget_type=\"image.default\">\n\t\t\t\t<div class=\"elementor-widget-container\">\n\t\t\t\t\t\t\t\t\t\t\t\t\t\t\t<img fetchpriority=\"high\" decoding=\"async\" width=\"421\" height=\"594\" src=\"https:\/\/lsf-france.com\/wp-content\/uploads\/2021\/07\/ROADBOOK_LSF_2021.jpg\" class=\"attachment-large size-large wp-image-394245\" alt=\"\" srcset=\"https:\/\/lsf-france.com\/wp-content\/uploads\/2021\/07\/ROADBOOK_LSF_2021.jpg 421w, https:\/\/lsf-france.com\/wp-content\/uploads\/2021\/07\/ROADBOOK_LSF_2021-213x300.jpg 213w\" sizes=\"(max-width: 421px) 100vw, 421px\" \/>\t\t\t\t\t\t\t\t\t\t\t\t\t\t\t<\/div>\n\t\t\t\t<\/div>\n\t\t\t\t<div class=\"elementor-element elementor-element-335f66f elementor-widget elementor-widget-text-editor\" data-id=\"335f66f\" data-element_type=\"widget\" data-e-type=\"widget\" data-widget_type=\"text-editor.default\">\n\t\t\t\t<div class=\"elementor-widget-container\">\n\t\t\t\t\t\t\t\t\t<p>Cuando llegue a la escuela, recibir\u00e1 el libro de ruta de LSF:<\/p>\n<p><strong>El libro de ruta de LSF es :<\/strong><\/p>\n<ul>\n<li>un manual del curso con vocabulario ilustrado, conjugaciones verbales y actividades de clase<\/li>\n<li>un cuaderno de ruta para anotar sus descubrimientos e impresiones<\/li>\n<li>una gu\u00eda de Montpellier con consejos y direcciones recomendadas para disfrutar al m\u00e1ximo de su estancia (restaurantes, cultura, deportes, naturaleza&#8230;)<\/li>\n<\/ul>\n<p>El cuaderno de ruta se entrega a todos los estudiantes a su llegada a LSF, se utiliza cada d\u00eda en clase y es una ayuda \u00fatil en situaciones cotidianas fuera del aula.<\/p>\n<p><strong>84 p\u00e1ginas para progresar en franc\u00e9s cada d\u00eda.<\/strong><\/p>\n\t\t\t\t\t\t\t\t<\/div>\n\t\t\t\t<\/div>\n\t\t\t\t\t<\/div>\n\t\t<\/div>\n\t\t\t\t<div class=\"elementor-column elementor-col-33 elementor-top-column elementor-element elementor-element-549a3e9\" data-id=\"549a3e9\" data-element_type=\"column\" data-e-type=\"column\">\n\t\t\t<div class=\"elementor-widget-wrap elementor-element-populated\">\n\t\t\t\t\t\t<div class=\"elementor-element elementor-element-2c1bdaa elementor-widget elementor-widget-heading\" data-id=\"2c1bdaa\" data-element_type=\"widget\" data-e-type=\"widget\" data-widget_type=\"heading.default\">\n\t\t\t\t<div class=\"elementor-widget-container\">\n\t\t\t\t\t<h2 class=\"elementor-heading-title elementor-size-default\">E-Learning platform<\/h2>\t\t\t\t<\/div>\n\t\t\t\t<\/div>\n\t\t\t\t<div class=\"elementor-element elementor-element-fc04146 elementor-widget elementor-widget-video\" data-id=\"fc04146\" data-element_type=\"widget\" data-e-type=\"widget\" data-settings=\"{&quot;youtube_url&quot;:&quot;https:\\\/\\\/www.youtube.com\\\/watch?v=HynZixvxopg&quot;,&quot;video_type&quot;:&quot;youtube&quot;,&quot;controls&quot;:&quot;yes&quot;}\" data-widget_type=\"video.default\">\n\t\t\t\t<div class=\"elementor-widget-container\">\n\t\t\t\t\t\t\t<div class=\"elementor-wrapper elementor-open-inline\">\n\t\t\t<div class=\"elementor-video\"><\/div>\t\t<\/div>\n\t\t\t\t\t\t<\/div>\n\t\t\t\t<\/div>\n\t\t\t\t<div class=\"elementor-element elementor-element-5c7bbbc elementor-widget elementor-widget-text-editor\" data-id=\"5c7bbbc\" data-element_type=\"widget\" data-e-type=\"widget\" data-widget_type=\"text-editor.default\">\n\t\t\t\t<div class=\"elementor-widget-container\">\n\t\t\t\t\t\t\t\t\t<p>Tambi\u00e9n tendr\u00e1s acceso gratuito a nuestra plataforma de e-Learning durante toda tu estancia (accesible en ordenador, tablet y smartphone). Tendr\u00e1s acceso a los res\u00famenes del curso en todos los niveles, a los ejercicios de autocorrecci\u00f3n, a las fichas de gram\u00e1tica y vocabulario, as\u00ed como a los ejercicios de comprensi\u00f3n oral y escrita.<\/p>\n<p>Nuestro equipo de profesores responde a todas las preguntas que usted formula en la plataforma y corrige todas sus aportaciones escritas. El objetivo es proporcionarte asistencia despu\u00e9s de la clase ofreci\u00e9ndote correcci\u00f3n, explicaciones y consejos personalizados.<\/p>\n<p>Para que pueda seguir aprendiendo franc\u00e9s despu\u00e9s de su estancia, es posible prolongar el acceso a la plataforma LSF e-Learning con una tarifa preferente durante 3 meses, 6 meses o 1 a\u00f1o y realizar cursos a distancia por Skype con los profesores que ha tenido en la escuela.<\/p>\n\t\t\t\t\t\t\t\t<\/div>\n\t\t\t\t<\/div>\n\t\t\t\t<div class=\"elementor-element elementor-element-bc18b33 elementor-widget elementor-widget-button\" data-id=\"bc18b33\" data-element_type=\"widget\" data-e-type=\"widget\" data-widget_type=\"button.default\">\n\t\t\t\t<div class=\"elementor-widget-container\">\n\t\t\t\t\t\t\t\t\t<div class=\"elementor-button-wrapper\">\n\t\t\t\t\t<a class=\"elementor-button elementor-button-link elementor-size-sm\" href=\"https:\/\/lsf-france.com\/es\/producto\/plataforma-de-e-learning\/\">\n\t\t\t\t\t\t<span class=\"elementor-button-content-wrapper\">\n\t\t\t\t\t\t\t\t\t<span class=\"elementor-button-text\">M\u00e1s informaci\u00f3n<\/span>\n\t\t\t\t\t<\/span>\n\t\t\t\t\t<\/a>\n\t\t\t\t<\/div>\n\t\t\t\t\t\t\t\t<\/div>\n\t\t\t\t<\/div>\n\t\t\t\t\t<\/div>\n\t\t<\/div>\n\t\t\t\t<div class=\"elementor-column elementor-col-33 elementor-top-column elementor-element elementor-element-6759d1a\" data-id=\"6759d1a\" data-element_type=\"column\" data-e-type=\"column\">\n\t\t\t<div class=\"elementor-widget-wrap elementor-element-populated\">\n\t\t\t\t\t\t<div class=\"elementor-element elementor-element-b8f4832 elementor-widget elementor-widget-heading\" data-id=\"b8f4832\" data-element_type=\"widget\" data-e-type=\"widget\" data-widget_type=\"heading.default\">\n\t\t\t\t<div class=\"elementor-widget-container\">\n\t\t\t\t\t<h2 class=\"elementor-heading-title elementor-size-default\">Tutor\u00eda<\/h2>\t\t\t\t<\/div>\n\t\t\t\t<\/div>\n\t\t\t\t<div class=\"elementor-element elementor-element-c646106 elementor-widget elementor-widget-image\" data-id=\"c646106\" data-element_type=\"widget\" data-e-type=\"widget\" data-widget_type=\"image.default\">\n\t\t\t\t<div class=\"elementor-widget-container\">\n\t\t\t\t\t\t\t\t\t\t\t\t\t\t\t<img decoding=\"async\" width=\"631\" height=\"789\" src=\"https:\/\/lsf-france.com\/wp-content\/uploads\/2019\/02\/adults-1.jpg\" class=\"attachment-large size-large wp-image-382349\" alt=\"\" srcset=\"https:\/\/lsf-france.com\/wp-content\/uploads\/2019\/02\/adults-1.jpg 631w, https:\/\/lsf-france.com\/wp-content\/uploads\/2019\/02\/adults-1-600x750.jpg 600w\" sizes=\"(max-width: 631px) 100vw, 631px\" \/>\t\t\t\t\t\t\t\t\t\t\t\t\t\t\t<\/div>\n\t\t\t\t<\/div>\n\t\t\t\t<div class=\"elementor-element elementor-element-643795a elementor-widget elementor-widget-text-editor\" data-id=\"643795a\" data-element_type=\"widget\" data-e-type=\"widget\" data-widget_type=\"text-editor.default\">\n\t\t\t\t<div class=\"elementor-widget-container\">\n\t\t\t\t\t\t\t\t\t<p>Si encuentras alguna dificultad con un concepto visto en clase, puedes participar gratuitamente en las tutor\u00edas que cada semana ofrece un profesor de la escuela.<\/p>\n<p>A lo largo de tu formaci\u00f3n, nuestro equipo docente responder\u00e1 a todas las preguntas que hagas en la plataforma.<\/p>\n<p>El objetivo es proporcionarte asistencia pedag\u00f3gica despu\u00e9s de las clases, ofreci\u00e9ndote correcciones, explicaciones y consejos personalizados.<\/p>\n\t\t\t\t\t\t\t\t<\/div>\n\t\t\t\t<\/div>\n\t\t\t\t\t<\/div>\n\t\t<\/div>\n\t\t\t\t\t<\/div>\n\t\t<\/section>\n\t\t\t\t<\/div>\n\t\t","protected":false},"excerpt":{"rendered":"<p>Instrumentos de alto rendimiento El equipo docente de LSF desarrolla sus propios contenidos para ofrecer cursos originales, aute\u0301nticos y actualizados, respetando el Marco Comu\u0301n Europeo de Referencia para las Lenguas [&hellip;]<\/p>\n","protected":false},"author":1,"featured_media":394245,"parent":382501,"menu_order":0,"comment_status":"closed","ping_status":"closed","template":"","meta":{"_acf_changed":false,"content-type":"","footnotes":""},"class_list":["post-382775","page","type-page","status-publish","has-post-thumbnail","hentry"],"acf":[],"_links":{"self":[{"href":"https:\/\/lsf-france.com\/es\/wp-json\/wp\/v2\/pages\/382775","targetHints":{"allow":["GET"]}}],"collection":[{"href":"https:\/\/lsf-france.com\/es\/wp-json\/wp\/v2\/pages"}],"about":[{"href":"https:\/\/lsf-france.com\/es\/wp-json\/wp\/v2\/types\/page"}],"author":[{"embeddable":true,"href":"https:\/\/lsf-france.com\/es\/wp-json\/wp\/v2\/users\/1"}],"replies":[{"embeddable":true,"href":"https:\/\/lsf-france.com\/es\/wp-json\/wp\/v2\/comments?post=382775"}],"version-history":[{"count":0,"href":"https:\/\/lsf-france.com\/es\/wp-json\/wp\/v2\/pages\/382775\/revisions"}],"up":[{"embeddable":true,"href":"https:\/\/lsf-france.com\/es\/wp-json\/wp\/v2\/pages\/382501"}],"wp:featuredmedia":[{"embeddable":true,"href":"https:\/\/lsf-france.com\/es\/wp-json\/wp\/v2\/media\/394245"}],"wp:attachment":[{"href":"https:\/\/lsf-france.com\/es\/wp-json\/wp\/v2\/media?parent=382775"}],"curies":[{"name":"wp","href":"https:\/\/api.w.org\/{rel}","templated":true}]}}