{"id":382784,"date":"2019-02-22T16:15:25","date_gmt":"2019-02-22T15:15:25","guid":{"rendered":"https:\/\/lsf-france.com\/formulario-de-retroalimentacion\/"},"modified":"2020-07-23T15:54:54","modified_gmt":"2020-07-23T13:54:54","slug":"formulario-de-retroalimentacion","status":"publish","type":"page","link":"https:\/\/lsf-france.com\/es\/formulario-de-retroalimentacion\/","title":{"rendered":"Formulario de retroalimentaci\u00f3n"},"content":{"rendered":"<div class=\"feeback-form-thebing\">\n<h2>Ha tomado una formaci\u00f3n para aprender o mejorar el franc\u00e9s (inmersi\u00f3n o a distancia) y le agradecemos su confianza. Esperamos que haya quedado satisfecho con este curso. Su opini\u00f3n es muy valiosa para nosotros ya que estamos constantemente buscando formas de mejoramiento para ofrecer a nuestros estudiantes la mejor experiencia educativa posible. Gracias de antemano por sus respuestas. Puede calificar desde 1 (nivel m\u00e1s bajo) hasta 4 (nivel m\u00e1s alto). Esperamos muy pronto tener noticias suyas.<\/h2>\n<p>[thebingsnippet type=\u00bbdefault\u00bb server=\u00bbhttps:\/\/lsf.thebing.com\u00bb combinationkey=\u00bbJ2F7Y6TLTPAVKC9T\u00bb templatekey=\u00bbGESD8MYB3J2UFKYT\u00bb]<\/p><\/div>\n","protected":false},"excerpt":{"rendered":"<p>Ha tomado una formaci\u00f3n para aprender o mejorar el franc\u00e9s (inmersi\u00f3n o a distancia) y le agradecemos su confianza. Esperamos que haya quedado satisfecho con este curso. Su opini\u00f3n es [&hellip;]<\/p>\n","protected":false},"author":1,"featured_media":0,"parent":0,"menu_order":0,"comment_status":"closed","ping_status":"closed","template":"","meta":{"_acf_changed":false,"content-type":"","footnotes":""},"class_list":["post-382784","page","type-page","status-publish","hentry"],"acf":[],"_links":{"self":[{"href":"https:\/\/lsf-france.com\/es\/wp-json\/wp\/v2\/pages\/382784","targetHints":{"allow":["GET"]}}],"collection":[{"href":"https:\/\/lsf-france.com\/es\/wp-json\/wp\/v2\/pages"}],"about":[{"href":"https:\/\/lsf-france.com\/es\/wp-json\/wp\/v2\/types\/page"}],"author":[{"embeddable":true,"href":"https:\/\/lsf-france.com\/es\/wp-json\/wp\/v2\/users\/1"}],"replies":[{"embeddable":true,"href":"https:\/\/lsf-france.com\/es\/wp-json\/wp\/v2\/comments?post=382784"}],"version-history":[{"count":0,"href":"https:\/\/lsf-france.com\/es\/wp-json\/wp\/v2\/pages\/382784\/revisions"}],"wp:attachment":[{"href":"https:\/\/lsf-france.com\/es\/wp-json\/wp\/v2\/media?parent=382784"}],"curies":[{"name":"wp","href":"https:\/\/api.w.org\/{rel}","templated":true}]}}