{"id":382815,"date":"2018-09-07T15:37:30","date_gmt":"2018-09-07T13:37:30","guid":{"rendered":"https:\/\/lsf-france.com\/cursos-de-frances-en-montpellier-francia\/cursos-de-frances-para-grupos\/"},"modified":"2024-05-28T16:58:38","modified_gmt":"2024-05-28T14:58:38","slug":"cursos-de-frances-para-grupos","status":"publish","type":"page","link":"https:\/\/lsf-france.com\/es\/cursos-de-frances-en-montpellier-francia\/cursos-de-frances-para-grupos\/","title":{"rendered":"Cursos de franc\u00e9s para grupos"},"content":{"rendered":"\t\t<div data-elementor-type=\"wp-page\" data-elementor-id=\"382815\" class=\"elementor elementor-382815 elementor-738\" data-elementor-post-type=\"page\">\n\t\t\t\t\t\t<section class=\"elementor-section elementor-top-section elementor-element elementor-element-1585f8c elementor-section-boxed elementor-section-height-default elementor-section-height-default\" data-id=\"1585f8c\" data-element_type=\"section\" data-e-type=\"section\">\n\t\t\t\t\t\t<div class=\"elementor-container elementor-column-gap-default\">\n\t\t\t\t\t<div class=\"elementor-column elementor-col-100 elementor-top-column elementor-element elementor-element-6e6ddb8\" data-id=\"6e6ddb8\" data-element_type=\"column\" data-e-type=\"column\">\n\t\t\t<div class=\"elementor-widget-wrap elementor-element-populated\">\n\t\t\t\t\t\t<div class=\"elementor-element elementor-element-4253da7 elementor-widget elementor-widget-spacer\" data-id=\"4253da7\" data-element_type=\"widget\" data-e-type=\"widget\" data-widget_type=\"spacer.default\">\n\t\t\t\t<div class=\"elementor-widget-container\">\n\t\t\t\t\t\t\t<div class=\"elementor-spacer\">\n\t\t\t<div class=\"elementor-spacer-inner\"><\/div>\n\t\t<\/div>\n\t\t\t\t\t\t<\/div>\n\t\t\t\t<\/div>\n\t\t\t\t\t<\/div>\n\t\t<\/div>\n\t\t\t\t\t<\/div>\n\t\t<\/section>\n\t\t\t\t<section class=\"elementor-section elementor-top-section elementor-element elementor-element-8a4845f elementor-section-boxed elementor-section-height-default elementor-section-height-default\" data-id=\"8a4845f\" data-element_type=\"section\" data-e-type=\"section\">\n\t\t\t\t\t\t<div class=\"elementor-container elementor-column-gap-default\">\n\t\t\t\t\t<div class=\"elementor-column elementor-col-100 elementor-top-column elementor-element elementor-element-c7e9fa5\" data-id=\"c7e9fa5\" data-element_type=\"column\" data-e-type=\"column\">\n\t\t\t<div class=\"elementor-widget-wrap elementor-element-populated\">\n\t\t\t\t\t\t<div class=\"elementor-element elementor-element-82f72af elementor-widget elementor-widget-heading\" data-id=\"82f72af\" data-element_type=\"widget\" data-e-type=\"widget\" data-widget_type=\"heading.default\">\n\t\t\t\t<div class=\"elementor-widget-container\">\n\t\t\t\t\t<h2 class=\"elementor-heading-title elementor-size-default\">Los grupos cerrados (escuelas, adultos, maestros) son bienvenidos todo el a\u00f1o<\/h2>\t\t\t\t<\/div>\n\t\t\t\t<\/div>\n\t\t\t\t<section class=\"elementor-section elementor-inner-section elementor-element elementor-element-6337d29 elementor-section-content-middle elementor-section-boxed elementor-section-height-default elementor-section-height-default\" data-id=\"6337d29\" data-element_type=\"section\" data-e-type=\"section\">\n\t\t\t\t\t\t<div class=\"elementor-container elementor-column-gap-default\">\n\t\t\t\t\t<div class=\"elementor-column elementor-col-50 elementor-inner-column elementor-element elementor-element-f395d1d\" data-id=\"f395d1d\" data-element_type=\"column\" data-e-type=\"column\">\n\t\t\t<div class=\"elementor-widget-wrap elementor-element-populated\">\n\t\t\t\t\t\t<div class=\"elementor-element elementor-element-6f1eb6a elementor-widget elementor-widget-image\" data-id=\"6f1eb6a\" data-element_type=\"widget\" data-e-type=\"widget\" data-widget_type=\"image.default\">\n\t\t\t\t<div class=\"elementor-widget-container\">\n\t\t\t\t\t\t\t\t\t\t\t\t\t\t\t<img fetchpriority=\"high\" decoding=\"async\" width=\"800\" height=\"533\" src=\"https:\/\/lsf-france.com\/wp-content\/uploads\/2019\/02\/groups.jpg\" class=\"attachment-large size-large wp-image-382346\" alt=\"Curso para grupos\" srcset=\"https:\/\/lsf-france.com\/wp-content\/uploads\/2019\/02\/groups.jpg 1200w, https:\/\/lsf-france.com\/wp-content\/uploads\/2019\/02\/groups-600x400.jpg 600w\" sizes=\"(max-width: 800px) 100vw, 800px\" \/>\t\t\t\t\t\t\t\t\t\t\t\t\t\t\t<\/div>\n\t\t\t\t<\/div>\n\t\t\t\t\t<\/div>\n\t\t<\/div>\n\t\t\t\t<div class=\"elementor-column elementor-col-50 elementor-inner-column elementor-element elementor-element-7d34b53\" data-id=\"7d34b53\" data-element_type=\"column\" data-e-type=\"column\">\n\t\t\t<div class=\"elementor-widget-wrap elementor-element-populated\">\n\t\t\t\t\t\t<div class=\"elementor-element elementor-element-e08ebed elementor-widget elementor-widget-text-editor\" data-id=\"e08ebed\" data-element_type=\"widget\" data-e-type=\"widget\" data-widget_type=\"text-editor.default\">\n\t\t\t\t<div class=\"elementor-widget-container\">\n\t\t\t\t\t\t\t\t\t<ul>\n<li>El paquete b\u00e1sico incluye alojamiento con pensi\u00f3n completa, clases de franc\u00e9s y un paseo por Montpellier.<\/li>\n<li>Una plaza gratis de jefe de grupo por cada 15 estudiantes.<\/li>\n<li>Posibilidad de organizar excursiones de medio d\u00eda y d\u00eda entero y actividades extra (Fotoman\u00eda, Bolos, Patinaje sobre hielo, Museo Fabre, Clases de cocina, Cine, Acuario, Excursiones a la playa\u2026) seg\u00fan el presupuesto.<\/li>\n<li>Programas de grupo y presupuestos a medida bajo petici\u00f3n.<\/li>\n<\/ul>\n\t\t\t\t\t\t\t\t<\/div>\n\t\t\t\t<\/div>\n\t\t\t\t\t<\/div>\n\t\t<\/div>\n\t\t\t\t\t<\/div>\n\t\t<\/section>\n\t\t\t\t\t<\/div>\n\t\t<\/div>\n\t\t\t\t\t<\/div>\n\t\t<\/section>\n\t\t\t\t<section class=\"elementor-section elementor-top-section elementor-element elementor-element-58b4ddc elementor-section-boxed elementor-section-height-default elementor-section-height-default\" data-id=\"58b4ddc\" data-element_type=\"section\" data-e-type=\"section\">\n\t\t\t\t\t\t<div class=\"elementor-container elementor-column-gap-default\">\n\t\t\t\t\t<div class=\"elementor-column elementor-col-100 elementor-top-column elementor-element elementor-element-76fc750\" data-id=\"76fc750\" data-element_type=\"column\" data-e-type=\"column\">\n\t\t\t<div class=\"elementor-widget-wrap elementor-element-populated\">\n\t\t\t\t\t\t<div class=\"elementor-element elementor-element-8e0b674 elementor-widget elementor-widget-spacer\" data-id=\"8e0b674\" data-element_type=\"widget\" data-e-type=\"widget\" data-widget_type=\"spacer.default\">\n\t\t\t\t<div class=\"elementor-widget-container\">\n\t\t\t\t\t\t\t<div class=\"elementor-spacer\">\n\t\t\t<div class=\"elementor-spacer-inner\"><\/div>\n\t\t<\/div>\n\t\t\t\t\t\t<\/div>\n\t\t\t\t<\/div>\n\t\t\t\t\t<\/div>\n\t\t<\/div>\n\t\t\t\t\t<\/div>\n\t\t<\/section>\n\t\t\t\t<section class=\"elementor-section elementor-top-section elementor-element elementor-element-a91e49c elementor-section-boxed elementor-section-height-default elementor-section-height-default\" data-id=\"a91e49c\" data-element_type=\"section\" data-e-type=\"section\">\n\t\t\t\t\t\t<div class=\"elementor-container elementor-column-gap-default\">\n\t\t\t\t\t<div class=\"elementor-column elementor-col-100 elementor-top-column elementor-element elementor-element-817fefd\" data-id=\"817fefd\" data-element_type=\"column\" data-e-type=\"column\">\n\t\t\t<div class=\"elementor-widget-wrap elementor-element-populated\">\n\t\t\t\t\t\t<div class=\"elementor-element elementor-element-2bec098 elementor-widget elementor-widget-heading\" data-id=\"2bec098\" data-element_type=\"widget\" data-e-type=\"widget\" data-widget_type=\"heading.default\">\n\t\t\t\t<div class=\"elementor-widget-container\">\n\t\t\t\t\t<h3 class=\"elementor-heading-title elementor-size-default\">Env\u00ede su solicitud detallada<\/h3>\t\t\t\t<\/div>\n\t\t\t\t<\/div>\n\t\t\t\t<div class=\"elementor-element elementor-element-cfb04dd elementor-widget elementor-widget-hubspot-form\" data-id=\"cfb04dd\" data-element_type=\"widget\" data-e-type=\"widget\" data-widget_type=\"hubspot-form.default\">\n\t\t\t\t<div class=\"elementor-widget-container\">\n\t\t\t\t\t\n\t\t\t\t\t\t<script>\n\t\t\t\t\t\t\twindow.hsFormsOnReady = window.hsFormsOnReady || [];\n\t\t\t\t\t\t\twindow.hsFormsOnReady.push(()=>{\n\t\t\t\t\t\t\t\thbspt.forms.create({\n\t\t\t\t\t\t\t\t\tportalId: 2851295,\n\t\t\t\t\t\t\t\t\tformId: \"3e67284d-017e-4497-bf51-5e799d07e893\",\n\t\t\t\t\t\t\t\t\ttarget: \"#hbspt-form-1775559926000-2094499313\",\n\t\t\t\t\t\t\t\t\tregion: \"na1\",\n\t\t\t\t\t\t\t\t\t\n\t\t\t\t\t\t\t})});\n\t\t\t\t\t\t<\/script>\n\t\t\t\t\t\t<div class=\"hbspt-form\" id=\"hbspt-form-1775559926000-2094499313\"><\/div>\t\t\t\t<\/div>\n\t\t\t\t<\/div>\n\t\t\t\t\t<\/div>\n\t\t<\/div>\n\t\t\t\t\t<\/div>\n\t\t<\/section>\n\t\t\t\t<\/div>\n\t\t","protected":false},"excerpt":{"rendered":"<p>Los grupos cerrados (escuelas, adultos, maestros) son bienvenidos todo el a\u00f1o El paquete b\u00e1sico incluye alojamiento con pensi\u00f3n completa, clases de franc\u00e9s y un paseo por Montpellier. Una plaza gratis [&hellip;]<\/p>\n","protected":false},"author":1,"featured_media":0,"parent":382331,"menu_order":0,"comment_status":"closed","ping_status":"closed","template":"","meta":{"_acf_changed":false,"content-type":"","footnotes":""},"class_list":["post-382815","page","type-page","status-publish","hentry"],"acf":[],"_links":{"self":[{"href":"https:\/\/lsf-france.com\/es\/wp-json\/wp\/v2\/pages\/382815","targetHints":{"allow":["GET"]}}],"collection":[{"href":"https:\/\/lsf-france.com\/es\/wp-json\/wp\/v2\/pages"}],"about":[{"href":"https:\/\/lsf-france.com\/es\/wp-json\/wp\/v2\/types\/page"}],"author":[{"embeddable":true,"href":"https:\/\/lsf-france.com\/es\/wp-json\/wp\/v2\/users\/1"}],"replies":[{"embeddable":true,"href":"https:\/\/lsf-france.com\/es\/wp-json\/wp\/v2\/comments?post=382815"}],"version-history":[{"count":2,"href":"https:\/\/lsf-france.com\/es\/wp-json\/wp\/v2\/pages\/382815\/revisions"}],"predecessor-version":[{"id":410572,"href":"https:\/\/lsf-france.com\/es\/wp-json\/wp\/v2\/pages\/382815\/revisions\/410572"}],"up":[{"embeddable":true,"href":"https:\/\/lsf-france.com\/es\/wp-json\/wp\/v2\/pages\/382331"}],"wp:attachment":[{"href":"https:\/\/lsf-france.com\/es\/wp-json\/wp\/v2\/media?parent=382815"}],"curies":[{"name":"wp","href":"https:\/\/api.w.org\/{rel}","templated":true}]}}