{"id":383113,"date":"2020-02-18T16:02:04","date_gmt":"2020-02-18T15:02:04","guid":{"rendered":"https:\/\/lsf-france.com\/actividades\/actividades-de-la-semana\/"},"modified":"2025-10-03T16:38:46","modified_gmt":"2025-10-03T14:38:46","slug":"actividades-de-la-semana","status":"publish","type":"page","link":"https:\/\/lsf-france.com\/es\/actividades\/actividades-de-la-semana\/","title":{"rendered":"Actividades"},"content":{"rendered":"\t\t<div data-elementor-type=\"wp-page\" data-elementor-id=\"383113\" class=\"elementor elementor-383113 elementor-383104\" data-elementor-post-type=\"page\">\n\t\t\t\t\t\t<section class=\"elementor-section elementor-top-section elementor-element elementor-element-e0a85af elementor-section-boxed elementor-section-height-default elementor-section-height-default\" data-id=\"e0a85af\" data-element_type=\"section\" data-e-type=\"section\">\n\t\t\t\t\t\t<div class=\"elementor-container elementor-column-gap-default\">\n\t\t\t\t\t<div class=\"elementor-column elementor-col-100 elementor-top-column elementor-element elementor-element-488269c\" data-id=\"488269c\" data-element_type=\"column\" data-e-type=\"column\">\n\t\t\t<div class=\"elementor-widget-wrap elementor-element-populated\">\n\t\t\t\t\t\t<div class=\"elementor-element elementor-element-3b02985 elementor-widget elementor-widget-heading\" data-id=\"3b02985\" data-element_type=\"widget\" data-e-type=\"widget\" data-widget_type=\"heading.default\">\n\t\t\t\t<div class=\"elementor-widget-container\">\n\t\t\t\t\t<h2 class=\"elementor-heading-title elementor-size-default\">Actividades<\/h2>\t\t\t\t<\/div>\n\t\t\t\t<\/div>\n\t\t\t\t<div class=\"elementor-element elementor-element-b6ee358 elementor-widget-divider--view-line elementor-widget elementor-widget-divider\" data-id=\"b6ee358\" data-element_type=\"widget\" data-e-type=\"widget\" data-widget_type=\"divider.default\">\n\t\t\t\t<div class=\"elementor-widget-container\">\n\t\t\t\t\t\t\t<div class=\"elementor-divider\">\n\t\t\t<span class=\"elementor-divider-separator\">\n\t\t\t\t\t\t<\/span>\n\t\t<\/div>\n\t\t\t\t\t\t<\/div>\n\t\t\t\t<\/div>\n\t\t\t\t<div class=\"elementor-element elementor-element-cb5d3a8 elementor-widget elementor-widget-text-editor\" data-id=\"cb5d3a8\" data-element_type=\"widget\" data-e-type=\"widget\" data-widget_type=\"text-editor.default\">\n\t\t\t\t<div class=\"elementor-widget-container\">\n\t\t\t\t\t\t\t\t\t<p class=\"p1\">\u00bfYa eres estudiante en LSF Montpellier?<\/p><p class=\"p1\">Cada semana, disfruta de una amplia variedad de actividades deportivas, culturales y gastron\u00f3micas para descubrir la regi\u00f3n, practicar tu franc\u00e9s y conocer a otros estudiantes.<\/p><h3> <\/h3><h3><b>\ud83d\udcf2 \u00bfC\u00f3mo participar?<\/b><\/h3><p class=\"p3\">Todas nuestras actividades est\u00e1n ahora disponibles en tu aplicaci\u00f3n m\u00f3vil KLF:<\/p><ul><li><p class=\"p1\">Consulta el calendario completo de las pr\u00f3ximas actividades<\/p><\/li><li><p class=\"p1\">Descubre todos los detalles pr\u00e1cticos (horarios, lugares, precios, disponibilidad)<\/p><\/li><li><p class=\"p1\">Inscr\u00edbete directamente en l\u00ednea<\/p><\/li><li><p class=\"p1\">Reserva y paga de forma segura a trav\u00e9s de la aplicaci\u00f3n<\/p><\/li><\/ul><h3> <\/h3><h3><b>\ud83d\uddc2\ufe0f Categor\u00edas de actividades<br><\/b><\/h3><ul><li><p class=\"p1\"><a style=\"font-family: -apple-system, BlinkMacSystemFont, 'Segoe UI', Roboto, 'Helvetica Neue', Arial, 'Noto Sans', sans-serif, 'Apple Color Emoji', 'Segoe UI Emoji', 'Segoe UI Symbol', 'Noto Color Emoji';\" href=\"https:\/\/lsf-france.com\/es\/actividades\/deportes-y-actividades-de-ocio\/\" target=\"_blank\" rel=\"noopener\">Deporte y ocio:<\/a> yoga, senderismo, v\u00f3ley playa, excursiones en la naturaleza\u2026<\/p><\/li><li><p class=\"p1\">Arte y cultura: visitas guiadas, teatro, cine, talleres creativos\u2026<br>\n  <a style=\"font-family: -apple-system, BlinkMacSystemFont, 'Segoe UI', Roboto, 'Helvetica Neue', Arial, 'Noto Sans', sans-serif, 'Apple Color Emoji', 'Segoe UI Emoji', 'Segoe UI Symbol', 'Noto Color Emoji';\" href=\"https:\/\/lsf-france.com\/es\/actividades\/artistico-y-cultural\/\" target=\"_blank\" rel=\"noopener\">\n<\/a><\/p><\/li><li><p class=\"p1\">Historia y gastronom\u00eda: patrimonio, catas, cocina francesa\u2026<br>\n  <a style=\"font-family: -apple-system, BlinkMacSystemFont, 'Segoe UI', Roboto, 'Helvetica Neue', Arial, 'Noto Sans', sans-serif, 'Apple Color Emoji', 'Segoe UI Emoji', 'Segoe UI Symbol', 'Noto Color Emoji';\" href=\"https:\/\/lsf-france.com\/es\/actividades\/historia-y-gastronomia\/\" target=\"_blank\" rel=\"noopener\">\n<\/a><\/p><\/li><\/ul><p> <\/p><p class=\"p1\">\ud83d\udc49 Descarga ahora tu aplicaci\u00f3n KLF para descubrir el programa de la semana y reservar tus pr\u00f3ximas actividades.<\/p><p class=\"p1\">(*you must be a LSF student to register)<\/p>\t\t\t\t\t\t\t\t<\/div>\n\t\t\t\t<\/div>\n\t\t\t\t<section class=\"elementor-section elementor-inner-section elementor-element elementor-element-ae4384f elementor-section-boxed elementor-section-height-default elementor-section-height-default\" data-id=\"ae4384f\" data-element_type=\"section\" data-e-type=\"section\">\n\t\t\t\t\t\t<div class=\"elementor-container elementor-column-gap-default\">\n\t\t\t\t\t<div class=\"elementor-column elementor-col-50 elementor-inner-column elementor-element elementor-element-3d7395a\" data-id=\"3d7395a\" data-element_type=\"column\" data-e-type=\"column\">\n\t\t\t<div class=\"elementor-widget-wrap elementor-element-populated\">\n\t\t\t\t\t\t<div class=\"elementor-element elementor-element-d56728a elementor-widget__width-auto elementor-mobile-align-justify elementor-widget-mobile__width-inherit elementor-align-center elementor-widget elementor-widget-button\" data-id=\"d56728a\" data-element_type=\"widget\" data-e-type=\"widget\" data-settings=\"{&quot;_animation&quot;:&quot;none&quot;}\" data-widget_type=\"button.default\">\n\t\t\t\t<div class=\"elementor-widget-container\">\n\t\t\t\t\t\t\t\t\t<div class=\"elementor-button-wrapper\">\n\t\t\t\t\t<a class=\"elementor-button elementor-button-link elementor-size-sm elementor-animation-bob\" href=\"https:\/\/apps.apple.com\/fr\/app\/%C3%A9coles-klf\/id947878822\" target=\"_blank\" rel=\"noopener\">\n\t\t\t\t\t\t<span class=\"elementor-button-content-wrapper\">\n\t\t\t\t\t\t<span class=\"elementor-button-icon\">\n\t\t\t\t\t\t\t<\/span>\n\t\t\t\t\t\t\t\t\t<span class=\"elementor-button-text\">Descarga la aplicaci\u00f3n en Apple Store.<\/span>\n\t\t\t\t\t<\/span>\n\t\t\t\t\t<\/a>\n\t\t\t\t<\/div>\n\t\t\t\t\t\t\t\t<\/div>\n\t\t\t\t<\/div>\n\t\t\t\t\t<\/div>\n\t\t<\/div>\n\t\t\t\t<div class=\"elementor-column elementor-col-50 elementor-inner-column elementor-element elementor-element-2126c4d\" data-id=\"2126c4d\" data-element_type=\"column\" data-e-type=\"column\">\n\t\t\t<div class=\"elementor-widget-wrap elementor-element-populated\">\n\t\t\t\t\t\t<div class=\"elementor-element elementor-element-55681e9 elementor-widget__width-auto elementor-mobile-align-justify elementor-widget-mobile__width-inherit elementor-align-center elementor-widget elementor-widget-button\" data-id=\"55681e9\" data-element_type=\"widget\" data-e-type=\"widget\" data-settings=\"{&quot;_animation&quot;:&quot;none&quot;}\" data-widget_type=\"button.default\">\n\t\t\t\t<div class=\"elementor-widget-container\">\n\t\t\t\t\t\t\t\t\t<div class=\"elementor-button-wrapper\">\n\t\t\t\t\t<a class=\"elementor-button elementor-button-link elementor-size-sm elementor-animation-bob\" href=\"https:\/\/play.google.com\/store\/search?q=%C3%A9coles%20KLF&#038;c=apps&#038;hl=fr\" target=\"_blank\" rel=\"noopener\">\n\t\t\t\t\t\t<span class=\"elementor-button-content-wrapper\">\n\t\t\t\t\t\t<span class=\"elementor-button-icon\">\n\t\t\t\t\t\t\t<\/span>\n\t\t\t\t\t\t\t\t\t<span class=\"elementor-button-text\">Descarga la aplicaci\u00f3n en Google Play.<\/span>\n\t\t\t\t\t<\/span>\n\t\t\t\t\t<\/a>\n\t\t\t\t<\/div>\n\t\t\t\t\t\t\t\t<\/div>\n\t\t\t\t<\/div>\n\t\t\t\t\t<\/div>\n\t\t<\/div>\n\t\t\t\t\t<\/div>\n\t\t<\/section>\n\t\t\t\t\t<\/div>\n\t\t<\/div>\n\t\t\t\t\t<\/div>\n\t\t<\/section>\n\t\t\t\t<section class=\"elementor-section elementor-top-section elementor-element elementor-element-59a4560 elementor-section-boxed elementor-section-height-default elementor-section-height-default\" data-id=\"59a4560\" data-element_type=\"section\" data-e-type=\"section\">\n\t\t\t\t\t\t<div class=\"elementor-container elementor-column-gap-default\">\n\t\t\t\t\t\t<\/div>\n\t\t<\/section>\n\t\t\t\t<\/div>\n\t\t","protected":false},"excerpt":{"rendered":"<p>Actividades \u00bfYa eres estudiante en LSF Montpellier? Cada semana, disfruta de una amplia variedad de actividades deportivas, culturales y gastron\u00f3micas para descubrir la regi\u00f3n, practicar tu franc\u00e9s y conocer a [&hellip;]<\/p>\n","protected":false},"author":1,"featured_media":391546,"parent":382485,"menu_order":0,"comment_status":"closed","ping_status":"closed","template":"","meta":{"_acf_changed":false,"content-type":"","footnotes":""},"class_list":["post-383113","page","type-page","status-publish","has-post-thumbnail","hentry"],"acf":[],"_links":{"self":[{"href":"https:\/\/lsf-france.com\/es\/wp-json\/wp\/v2\/pages\/383113","targetHints":{"allow":["GET"]}}],"collection":[{"href":"https:\/\/lsf-france.com\/es\/wp-json\/wp\/v2\/pages"}],"about":[{"href":"https:\/\/lsf-france.com\/es\/wp-json\/wp\/v2\/types\/page"}],"author":[{"embeddable":true,"href":"https:\/\/lsf-france.com\/es\/wp-json\/wp\/v2\/users\/1"}],"replies":[{"embeddable":true,"href":"https:\/\/lsf-france.com\/es\/wp-json\/wp\/v2\/comments?post=383113"}],"version-history":[{"count":4,"href":"https:\/\/lsf-france.com\/es\/wp-json\/wp\/v2\/pages\/383113\/revisions"}],"predecessor-version":[{"id":414162,"href":"https:\/\/lsf-france.com\/es\/wp-json\/wp\/v2\/pages\/383113\/revisions\/414162"}],"up":[{"embeddable":true,"href":"https:\/\/lsf-france.com\/es\/wp-json\/wp\/v2\/pages\/382485"}],"wp:featuredmedia":[{"embeddable":true,"href":"https:\/\/lsf-france.com\/es\/wp-json\/wp\/v2\/media\/391546"}],"wp:attachment":[{"href":"https:\/\/lsf-france.com\/es\/wp-json\/wp\/v2\/media?parent=383113"}],"curies":[{"name":"wp","href":"https:\/\/api.w.org\/{rel}","templated":true}]}}