{"id":383196,"date":"2020-02-24T16:23:08","date_gmt":"2020-02-24T15:23:08","guid":{"rendered":"https:\/\/lsf-france.com\/?page_id=383196"},"modified":"2024-09-03T11:53:52","modified_gmt":"2024-09-03T09:53:52","slug":"progresion-a1-a-c2","status":"publish","type":"page","link":"https:\/\/lsf-france.com\/es\/educacion\/progresion-a1-a-c2\/","title":{"rendered":"Progresi\u00f3n de A1 a C2"},"content":{"rendered":"\t\t<div data-elementor-type=\"wp-page\" data-elementor-id=\"383196\" class=\"elementor elementor-383196 elementor-383195\" data-elementor-post-type=\"page\">\n\t\t\t\t\t\t<section class=\"elementor-section elementor-top-section elementor-element elementor-element-62391700 elementor-section-boxed elementor-section-height-default elementor-section-height-default\" data-id=\"62391700\" data-element_type=\"section\" data-e-type=\"section\">\n\t\t\t\t\t\t<div class=\"elementor-container elementor-column-gap-default\">\n\t\t\t\t\t<div class=\"elementor-column elementor-col-100 elementor-top-column elementor-element elementor-element-471c3f09\" data-id=\"471c3f09\" data-element_type=\"column\" data-e-type=\"column\">\n\t\t\t<div class=\"elementor-widget-wrap elementor-element-populated\">\n\t\t\t\t\t\t<div class=\"elementor-element elementor-element-61582201 elementor-widget elementor-widget-text-editor\" data-id=\"61582201\" data-element_type=\"widget\" data-e-type=\"widget\" data-widget_type=\"text-editor.default\">\n\t\t\t\t<div class=\"elementor-widget-container\">\n\t\t\t\t\t\t\t\t\t<p><strong>La escuela LSF ofrece 5 niveles de franc\u00e9s<\/strong>\u00a0basados en el MCER (Marco Com\u00fan Europeo de Referencia para las lenguas)<\/p>\n<ul>\n<li><strong>Nivel A1<\/strong>\u00a0Descubrir la lengua : 90 horas\/6 semanas<\/li>\n<li><strong>Nivel A2<\/strong>\u00a0Desenvolverse en situaciones cotidianas : 135 horas\/9 semanas<\/li>\n<li><strong>Nivel B1<\/strong>\u00a0Hacer frente a situaciones de la vida cotidiana : 135 horas\/9 semanas<\/li>\n<li><strong>Nivel B2<\/strong>\u00a0Ser independiente en la vida diaria y profesional : 180 horas\/12 semanas<\/li>\n<li><strong>Nivel C1\/C2<\/strong>\u00a0Ser aut\u00f3nomo en la vida diaria y profesional : 180 horas\/12 semanas<\/li>\n<\/ul>\n\t\t\t\t\t\t\t\t<\/div>\n\t\t\t\t<\/div>\n\t\t\t\t<section class=\"elementor-section elementor-inner-section elementor-element elementor-element-2de91b0 elementor-section-boxed elementor-section-height-default elementor-section-height-default\" data-id=\"2de91b0\" data-element_type=\"section\" data-e-type=\"section\">\n\t\t\t\t\t\t<div class=\"elementor-container elementor-column-gap-default\">\n\t\t\t\t\t<div class=\"elementor-column elementor-col-50 elementor-inner-column elementor-element elementor-element-0513570\" data-id=\"0513570\" data-element_type=\"column\" data-e-type=\"column\">\n\t\t\t<div class=\"elementor-widget-wrap elementor-element-populated\">\n\t\t\t\t\t\t<div class=\"elementor-element elementor-element-3a3a674 elementor-widget elementor-widget-text-editor\" data-id=\"3a3a674\" data-element_type=\"widget\" data-e-type=\"widget\" data-widget_type=\"text-editor.default\">\n\t\t\t\t<div class=\"elementor-widget-container\">\n\t\t\t\t\t\t\t\t\t<h3>Si usted es un principiante, necesita*<\/h3>\n<ul>\n<li>5 semanas para alcanzar el nivel A1<\/li>\n<li>13 semanas para alcanzar el nivel A2<\/li>\n<li>21 semanas para alcanzar el nivel B1<\/li>\n<li>32 semanas para alcanzar el nivel B2<\/li>\n<li>44 semanas para alcanzar el nivel C1\/C2<\/li>\n<\/ul>\n<h3>Si tiene el nivel A1, necesita*<\/h3>\n<ul>\n<li>8 semanas para alcanzar el nivel A2<\/li>\n<li>16 semanas para alcanzar el nivel B1<\/li>\n<li>27 semanas para alcanzar el nivel B2<\/li>\n<li>39 semanas para alcanzar el nivel C1\/C2<\/li>\n<\/ul>\n<h3>Si tiene el nivel A2, necesita*<\/h3>\n<ul>\n<li>8 semanas para alcanzar el nivel B1<\/li>\n<li>19 semanas para alcanzar el nivel B2<\/li>\n<li>31 semanas para alcanzar el nivel C1\/C2<\/li>\n<\/ul>\n\t\t\t\t\t\t\t\t<\/div>\n\t\t\t\t<\/div>\n\t\t\t\t\t<\/div>\n\t\t<\/div>\n\t\t\t\t<div class=\"elementor-column elementor-col-50 elementor-inner-column elementor-element elementor-element-7e4844a\" data-id=\"7e4844a\" data-element_type=\"column\" data-e-type=\"column\">\n\t\t\t<div class=\"elementor-widget-wrap elementor-element-populated\">\n\t\t\t\t\t\t<div class=\"elementor-element elementor-element-09f9488 elementor-widget elementor-widget-text-editor\" data-id=\"09f9488\" data-element_type=\"widget\" data-e-type=\"widget\" data-widget_type=\"text-editor.default\">\n\t\t\t\t<div class=\"elementor-widget-container\">\n\t\t\t\t\t\t\t\t\t<h3>Si tiene el nivel B1, necesita*<\/h3>\n<ul>\n<li>11 semanas para alcanzar el nivel B2<\/li>\n<li>23 semanas para alcanzar el nivel C1\/C2<\/li>\n<\/ul>\n<h3>Si tiene el nivel B2, necesita*<\/h3>\n<ul>\n<li>12 semanas para alcanzar el nivel C1<\/li>\n<\/ul>\n<h3>Si tiene el nivel C1, necesita *<\/h3>\n<ul>\n<li>12 semanas para alcanzar el nivel C2<\/li>\n<\/ul>\n<p><em>*M\u00ednimo n\u00famero de semanas para alcanzar el nivel deseado en condiciones \u00f3ptimas de aprendizaje. Esta es una recomendaci\u00f3n del equipo de profesores de LSF; la evoluci\u00f3n de tu nivel de idioma tambi\u00e9n depender\u00e1 de tu implicaci\u00f3n y progreso personal.<\/em><\/p>\n\t\t\t\t\t\t\t\t<\/div>\n\t\t\t\t<\/div>\n\t\t\t\t\t<\/div>\n\t\t<\/div>\n\t\t\t\t\t<\/div>\n\t\t<\/section>\n\t\t\t\t\t<\/div>\n\t\t<\/div>\n\t\t\t\t\t<\/div>\n\t\t<\/section>\n\t\t\t\t<section class=\"elementor-section elementor-top-section elementor-element elementor-element-d30313f elementor-section-boxed elementor-section-height-default elementor-section-height-default\" data-id=\"d30313f\" data-element_type=\"section\" data-e-type=\"section\">\n\t\t\t\t\t\t<div class=\"elementor-container elementor-column-gap-default\">\n\t\t\t\t\t<div class=\"elementor-column elementor-col-100 elementor-top-column elementor-element elementor-element-ba69b6f\" data-id=\"ba69b6f\" data-element_type=\"column\" data-e-type=\"column\">\n\t\t\t<div class=\"elementor-widget-wrap elementor-element-populated\">\n\t\t\t\t\t\t<div class=\"elementor-element elementor-element-0614078 elementor-widget elementor-widget-image\" data-id=\"0614078\" data-element_type=\"widget\" data-e-type=\"widget\" data-widget_type=\"image.default\">\n\t\t\t\t<div class=\"elementor-widget-container\">\n\t\t\t\t\t\t\t\t\t\t\t\t\t\t\t<img fetchpriority=\"high\" decoding=\"async\" width=\"1472\" height=\"666\" src=\"https:\/\/lsf-france.com\/wp-content\/uploads\/2021\/07\/progression.png\" class=\"attachment-full size-full wp-image-394260\" alt=\"\" srcset=\"https:\/\/lsf-france.com\/wp-content\/uploads\/2021\/07\/progression.png 1472w, https:\/\/lsf-france.com\/wp-content\/uploads\/2021\/07\/progression-300x136.png 300w, https:\/\/lsf-france.com\/wp-content\/uploads\/2021\/07\/progression-1024x463.png 1024w, https:\/\/lsf-france.com\/wp-content\/uploads\/2021\/07\/progression-768x347.png 768w, https:\/\/lsf-france.com\/wp-content\/uploads\/2021\/07\/progression-600x271.png 600w\" sizes=\"(max-width: 1472px) 100vw, 1472px\" \/>\t\t\t\t\t\t\t\t\t\t\t\t\t\t\t<\/div>\n\t\t\t\t<\/div>\n\t\t\t\t\t<\/div>\n\t\t<\/div>\n\t\t\t\t\t<\/div>\n\t\t<\/section>\n\t\t\t\t<section class=\"elementor-section elementor-top-section elementor-element elementor-element-a98ba6d elementor-section-boxed elementor-section-height-default elementor-section-height-default\" data-id=\"a98ba6d\" data-element_type=\"section\" data-e-type=\"section\">\n\t\t\t\t\t\t<div class=\"elementor-container elementor-column-gap-default\">\n\t\t\t\t\t<div class=\"elementor-column elementor-col-100 elementor-top-column elementor-element elementor-element-b1b3c70\" data-id=\"b1b3c70\" data-element_type=\"column\" data-e-type=\"column\">\n\t\t\t<div class=\"elementor-widget-wrap elementor-element-populated\">\n\t\t\t\t\t\t<div class=\"elementor-element elementor-element-f1211e1 elementor-arrows-position-inside elementor-pagination-position-outside elementor-widget elementor-widget-image-carousel\" data-id=\"f1211e1\" data-element_type=\"widget\" data-e-type=\"widget\" data-settings=\"{&quot;slides_to_show&quot;:&quot;3&quot;,&quot;navigation&quot;:&quot;both&quot;,&quot;autoplay&quot;:&quot;yes&quot;,&quot;pause_on_hover&quot;:&quot;yes&quot;,&quot;pause_on_interaction&quot;:&quot;yes&quot;,&quot;autoplay_speed&quot;:5000,&quot;infinite&quot;:&quot;yes&quot;,&quot;speed&quot;:500}\" data-widget_type=\"image-carousel.default\">\n\t\t\t\t<div class=\"elementor-widget-container\">\n\t\t\t\t\t\t\t<div class=\"elementor-image-carousel-wrapper swiper\" role=\"region\" aria-roledescription=\"carousel\" aria-label=\"Carrusel de im\u00e1genes\" dir=\"ltr\">\n\t\t\t<div class=\"elementor-image-carousel swiper-wrapper\" aria-live=\"off\">\n\t\t\t\t\t\t\t\t<div class=\"swiper-slide\" role=\"group\" aria-roledescription=\"slide\" aria-label=\"1 de 10\"><figure class=\"swiper-slide-inner\"><img decoding=\"async\" class=\"swiper-slide-image\" src=\"https:\/\/lsf-france.com\/wp-content\/uploads\/2024\/09\/03_KLF_MONTPELLIER_195_websize-300x200.jpg\" alt=\"KLF 2024 Montpellier\" \/><\/figure><\/div><div class=\"swiper-slide\" role=\"group\" aria-roledescription=\"slide\" aria-label=\"2 de 10\"><figure class=\"swiper-slide-inner\"><img decoding=\"async\" class=\"swiper-slide-image\" src=\"https:\/\/lsf-france.com\/wp-content\/uploads\/2024\/09\/03_KLF_MONTPELLIER_212_websize-300x200.jpg\" alt=\"KLF 2024 Montpellier\" \/><\/figure><\/div><div class=\"swiper-slide\" role=\"group\" aria-roledescription=\"slide\" aria-label=\"3 de 10\"><figure class=\"swiper-slide-inner\"><img decoding=\"async\" class=\"swiper-slide-image\" src=\"https:\/\/lsf-france.com\/wp-content\/uploads\/2024\/09\/03_KLF_MONTPELLIER_248_websize-300x200.jpg\" alt=\"KLF 2024 Montpellier\" \/><\/figure><\/div><div class=\"swiper-slide\" role=\"group\" aria-roledescription=\"slide\" aria-label=\"4 de 10\"><figure class=\"swiper-slide-inner\"><img decoding=\"async\" class=\"swiper-slide-image\" src=\"https:\/\/lsf-france.com\/wp-content\/uploads\/2024\/09\/03_KLF_MONTPELLIER_293_websize-300x200.jpg\" alt=\"KLF 2024 Montpellier\" \/><\/figure><\/div><div class=\"swiper-slide\" role=\"group\" aria-roledescription=\"slide\" aria-label=\"5 de 10\"><figure class=\"swiper-slide-inner\"><img decoding=\"async\" class=\"swiper-slide-image\" src=\"https:\/\/lsf-france.com\/wp-content\/uploads\/2024\/09\/03_KLF_MONTPELLIER_299_websize-300x200.jpg\" alt=\"KLF 2024 Montpellier\" \/><\/figure><\/div><div class=\"swiper-slide\" role=\"group\" aria-roledescription=\"slide\" aria-label=\"6 de 10\"><figure class=\"swiper-slide-inner\"><img decoding=\"async\" class=\"swiper-slide-image\" src=\"https:\/\/lsf-france.com\/wp-content\/uploads\/2024\/09\/03_KLF_MONTPELLIER_285_websize-300x200.jpg\" alt=\"KLF 2024 Montpellier\" \/><\/figure><\/div><div class=\"swiper-slide\" role=\"group\" aria-roledescription=\"slide\" aria-label=\"7 de 10\"><figure class=\"swiper-slide-inner\"><img decoding=\"async\" class=\"swiper-slide-image\" src=\"https:\/\/lsf-france.com\/wp-content\/uploads\/2024\/09\/03_KLF_MONTPELLIER_201_websize-300x200.jpg\" alt=\"KLF 2024 Montpellier\" \/><\/figure><\/div><div class=\"swiper-slide\" role=\"group\" aria-roledescription=\"slide\" aria-label=\"8 de 10\"><figure class=\"swiper-slide-inner\"><img decoding=\"async\" class=\"swiper-slide-image\" src=\"https:\/\/lsf-france.com\/wp-content\/uploads\/2024\/09\/03_KLF_MONTPELLIER_210_websize-300x200.jpg\" alt=\"KLF 2024 Montpellier\" \/><\/figure><\/div><div class=\"swiper-slide\" role=\"group\" aria-roledescription=\"slide\" aria-label=\"9 de 10\"><figure class=\"swiper-slide-inner\"><img decoding=\"async\" class=\"swiper-slide-image\" src=\"https:\/\/lsf-france.com\/wp-content\/uploads\/2024\/09\/03_KLF_MONTPELLIER_202_websize-300x200.jpg\" alt=\"KLF 2024 Montpellier\" \/><\/figure><\/div><div class=\"swiper-slide\" role=\"group\" aria-roledescription=\"slide\" aria-label=\"10 de 10\"><figure class=\"swiper-slide-inner\"><img decoding=\"async\" class=\"swiper-slide-image\" src=\"https:\/\/lsf-france.com\/wp-content\/uploads\/2024\/09\/03_KLF_MONTPELLIER_319_websize-300x200.jpg\" alt=\"KLF 2024 Montpellier\" \/><\/figure><\/div>\t\t\t<\/div>\n\t\t\t\t\t\t\t\t\t\t\t\t<div class=\"elementor-swiper-button elementor-swiper-button-prev\" role=\"button\" tabindex=\"0\">\n\t\t\t\t\t\t<i aria-hidden=\"true\" class=\"eicon-chevron-left\"><\/i>\t\t\t\t\t<\/div>\n\t\t\t\t\t<div class=\"elementor-swiper-button elementor-swiper-button-next\" role=\"button\" tabindex=\"0\">\n\t\t\t\t\t\t<i aria-hidden=\"true\" class=\"eicon-chevron-right\"><\/i>\t\t\t\t\t<\/div>\n\t\t\t\t\n\t\t\t\t\t\t\t\t\t<div class=\"swiper-pagination\"><\/div>\n\t\t\t\t\t\t\t\t\t<\/div>\n\t\t\t\t\t\t<\/div>\n\t\t\t\t<\/div>\n\t\t\t\t\t<\/div>\n\t\t<\/div>\n\t\t\t\t\t<\/div>\n\t\t<\/section>\n\t\t\t\t<\/div>\n\t\t","protected":false},"excerpt":{"rendered":"<p>La escuela LSF ofrece 5 niveles de franc\u00e9s\u00a0basados en el MCER (Marco Com\u00fan Europeo de Referencia para las lenguas) Nivel A1\u00a0Descubrir la lengua : 90 horas\/6 semanas Nivel A2\u00a0Desenvolverse en [&hellip;]<\/p>\n","protected":false},"author":1,"featured_media":394260,"parent":382501,"menu_order":0,"comment_status":"closed","ping_status":"closed","template":"","meta":{"_acf_changed":false,"content-type":"","footnotes":""},"class_list":["post-383196","page","type-page","status-publish","has-post-thumbnail","hentry"],"acf":[],"yoast_head":"<!-- This site is optimized with the Yoast SEO plugin v27.5 - https:\/\/yoast.com\/product\/yoast-seo-wordpress\/ -->\n<title>Progresi\u00f3n de A1 a C2 - LSF | Learn French in South of France<\/title>\n<meta name=\"robots\" content=\"index, follow, max-snippet:-1, max-image-preview:large, max-video-preview:-1\" \/>\n<link rel=\"canonical\" href=\"https:\/\/lsf-france.com\/education\/progression-from-a1-to-c2\/\" \/>\n<meta property=\"og:locale\" content=\"es_ES\" \/>\n<meta property=\"og:type\" content=\"article\" \/>\n<meta property=\"og:title\" content=\"Progresi\u00f3n de A1 a C2 - LSF | Learn French in South of France\" \/>\n<meta property=\"og:description\" content=\"La escuela LSF ofrece 5 niveles de franc\u00e9s\u00a0basados en el MCER (Marco Com\u00fan Europeo de Referencia para las lenguas) Nivel A1\u00a0Descubrir la lengua : 90 horas\/6 semanas Nivel A2\u00a0Desenvolverse en [&hellip;]\" \/>\n<meta property=\"og:url\" content=\"https:\/\/lsf-france.com\/education\/progression-from-a1-to-c2\/\" \/>\n<meta property=\"og:site_name\" content=\"LSF | Learn French in South of France\" \/>\n<meta property=\"article:modified_time\" content=\"2024-09-03T09:53:52+00:00\" \/>\n<meta property=\"og:image\" content=\"https:\/\/lsf-france.com\/wp-content\/uploads\/2021\/07\/progression.png\" \/>\n\t<meta property=\"og:image:width\" content=\"1472\" \/>\n\t<meta property=\"og:image:height\" content=\"666\" \/>\n\t<meta property=\"og:image:type\" content=\"image\/png\" \/>\n<meta name=\"twitter:card\" content=\"summary_large_image\" \/>\n<meta name=\"twitter:label1\" content=\"Tiempo de lectura\" \/>\n\t<meta name=\"twitter:data1\" content=\"1 minuto\" \/>\n<script type=\"application\/ld+json\" class=\"yoast-schema-graph\">{\"@context\":\"https:\\\/\\\/schema.org\",\"@graph\":[{\"@type\":\"WebPage\",\"@id\":\"https:\\\/\\\/lsf-france.com\\\/education\\\/progression-from-a1-to-c2\\\/\",\"url\":\"https:\\\/\\\/lsf-france.com\\\/education\\\/progression-from-a1-to-c2\\\/\",\"name\":\"Progresi\u00f3n de A1 a C2 - LSF | Learn French in South of France\",\"isPartOf\":{\"@id\":\"https:\\\/\\\/lsf-france.com\\\/es\\\/#website\"},\"primaryImageOfPage\":{\"@id\":\"https:\\\/\\\/lsf-france.com\\\/education\\\/progression-from-a1-to-c2\\\/#primaryimage\"},\"image\":{\"@id\":\"https:\\\/\\\/lsf-france.com\\\/education\\\/progression-from-a1-to-c2\\\/#primaryimage\"},\"thumbnailUrl\":\"https:\\\/\\\/lsf-france.com\\\/wp-content\\\/uploads\\\/2021\\\/07\\\/progression.png\",\"datePublished\":\"2020-02-24T15:23:08+00:00\",\"dateModified\":\"2024-09-03T09:53:52+00:00\",\"breadcrumb\":{\"@id\":\"https:\\\/\\\/lsf-france.com\\\/education\\\/progression-from-a1-to-c2\\\/#breadcrumb\"},\"inLanguage\":\"es\",\"potentialAction\":[{\"@type\":\"ReadAction\",\"target\":[\"https:\\\/\\\/lsf-france.com\\\/education\\\/progression-from-a1-to-c2\\\/\"]}]},{\"@type\":\"ImageObject\",\"inLanguage\":\"es\",\"@id\":\"https:\\\/\\\/lsf-france.com\\\/education\\\/progression-from-a1-to-c2\\\/#primaryimage\",\"url\":\"https:\\\/\\\/lsf-france.com\\\/wp-content\\\/uploads\\\/2021\\\/07\\\/progression.png\",\"contentUrl\":\"https:\\\/\\\/lsf-france.com\\\/wp-content\\\/uploads\\\/2021\\\/07\\\/progression.png\",\"width\":1472,\"height\":666},{\"@type\":\"BreadcrumbList\",\"@id\":\"https:\\\/\\\/lsf-france.com\\\/education\\\/progression-from-a1-to-c2\\\/#breadcrumb\",\"itemListElement\":[{\"@type\":\"ListItem\",\"position\":1,\"name\":\"Home\",\"item\":\"https:\\\/\\\/lsf-france.com\\\/es\\\/\"},{\"@type\":\"ListItem\",\"position\":2,\"name\":\"Educaci\u00f3n\",\"item\":\"https:\\\/\\\/lsf-france.com\\\/es\\\/educacion\\\/\"},{\"@type\":\"ListItem\",\"position\":3,\"name\":\"Progresi\u00f3n de A1 a C2\"}]},{\"@type\":\"WebSite\",\"@id\":\"https:\\\/\\\/lsf-france.com\\\/es\\\/#website\",\"url\":\"https:\\\/\\\/lsf-france.com\\\/es\\\/\",\"name\":\"LSF | Learn French in South of France\",\"description\":\"Learn French in France, Montpellier French Language School, LSF\",\"publisher\":{\"@id\":\"https:\\\/\\\/lsf-france.com\\\/es\\\/#organization\"},\"potentialAction\":[{\"@type\":\"SearchAction\",\"target\":{\"@type\":\"EntryPoint\",\"urlTemplate\":\"https:\\\/\\\/lsf-france.com\\\/es\\\/?s={search_term_string}\"},\"query-input\":{\"@type\":\"PropertyValueSpecification\",\"valueRequired\":true,\"valueName\":\"search_term_string\"}}],\"inLanguage\":\"es\"},{\"@type\":\"Organization\",\"@id\":\"https:\\\/\\\/lsf-france.com\\\/es\\\/#organization\",\"name\":\"LSF Montpellier\",\"url\":\"https:\\\/\\\/lsf-france.com\\\/es\\\/\",\"logo\":{\"@type\":\"ImageObject\",\"inLanguage\":\"es\",\"@id\":\"https:\\\/\\\/lsf-france.com\\\/es\\\/#\\\/schema\\\/logo\\\/image\\\/\",\"url\":\"https:\\\/\\\/lsf-france.com\\\/wp-content\\\/uploads\\\/2018\\\/11\\\/PleinBleux2.png\",\"contentUrl\":\"https:\\\/\\\/lsf-france.com\\\/wp-content\\\/uploads\\\/2018\\\/11\\\/PleinBleux2.png\",\"width\":1000,\"height\":1000,\"caption\":\"LSF Montpellier\"},\"image\":{\"@id\":\"https:\\\/\\\/lsf-france.com\\\/es\\\/#\\\/schema\\\/logo\\\/image\\\/\"}}]}<\/script>\n<!-- \/ Yoast SEO plugin. -->","yoast_head_json":{"title":"Progresi\u00f3n de A1 a C2 - LSF | Learn French in South of France","robots":{"index":"index","follow":"follow","max-snippet":"max-snippet:-1","max-image-preview":"max-image-preview:large","max-video-preview":"max-video-preview:-1"},"canonical":"https:\/\/lsf-france.com\/education\/progression-from-a1-to-c2\/","og_locale":"es_ES","og_type":"article","og_title":"Progresi\u00f3n de A1 a C2 - LSF | Learn French in South of France","og_description":"La escuela LSF ofrece 5 niveles de franc\u00e9s\u00a0basados en el MCER (Marco Com\u00fan Europeo de Referencia para las lenguas) Nivel A1\u00a0Descubrir la lengua : 90 horas\/6 semanas Nivel A2\u00a0Desenvolverse en [&hellip;]","og_url":"https:\/\/lsf-france.com\/education\/progression-from-a1-to-c2\/","og_site_name":"LSF | Learn French in South of France","article_modified_time":"2024-09-03T09:53:52+00:00","og_image":[{"width":1472,"height":666,"url":"https:\/\/lsf-france.com\/wp-content\/uploads\/2021\/07\/progression.png","type":"image\/png"}],"twitter_card":"summary_large_image","twitter_misc":{"Tiempo de lectura":"1 minuto"},"schema":{"@context":"https:\/\/schema.org","@graph":[{"@type":"WebPage","@id":"https:\/\/lsf-france.com\/education\/progression-from-a1-to-c2\/","url":"https:\/\/lsf-france.com\/education\/progression-from-a1-to-c2\/","name":"Progresi\u00f3n de A1 a C2 - LSF | Learn French in South of France","isPartOf":{"@id":"https:\/\/lsf-france.com\/es\/#website"},"primaryImageOfPage":{"@id":"https:\/\/lsf-france.com\/education\/progression-from-a1-to-c2\/#primaryimage"},"image":{"@id":"https:\/\/lsf-france.com\/education\/progression-from-a1-to-c2\/#primaryimage"},"thumbnailUrl":"https:\/\/lsf-france.com\/wp-content\/uploads\/2021\/07\/progression.png","datePublished":"2020-02-24T15:23:08+00:00","dateModified":"2024-09-03T09:53:52+00:00","breadcrumb":{"@id":"https:\/\/lsf-france.com\/education\/progression-from-a1-to-c2\/#breadcrumb"},"inLanguage":"es","potentialAction":[{"@type":"ReadAction","target":["https:\/\/lsf-france.com\/education\/progression-from-a1-to-c2\/"]}]},{"@type":"ImageObject","inLanguage":"es","@id":"https:\/\/lsf-france.com\/education\/progression-from-a1-to-c2\/#primaryimage","url":"https:\/\/lsf-france.com\/wp-content\/uploads\/2021\/07\/progression.png","contentUrl":"https:\/\/lsf-france.com\/wp-content\/uploads\/2021\/07\/progression.png","width":1472,"height":666},{"@type":"BreadcrumbList","@id":"https:\/\/lsf-france.com\/education\/progression-from-a1-to-c2\/#breadcrumb","itemListElement":[{"@type":"ListItem","position":1,"name":"Home","item":"https:\/\/lsf-france.com\/es\/"},{"@type":"ListItem","position":2,"name":"Educaci\u00f3n","item":"https:\/\/lsf-france.com\/es\/educacion\/"},{"@type":"ListItem","position":3,"name":"Progresi\u00f3n de A1 a C2"}]},{"@type":"WebSite","@id":"https:\/\/lsf-france.com\/es\/#website","url":"https:\/\/lsf-france.com\/es\/","name":"LSF | Learn French in South of France","description":"Learn French in France, Montpellier French Language School, LSF","publisher":{"@id":"https:\/\/lsf-france.com\/es\/#organization"},"potentialAction":[{"@type":"SearchAction","target":{"@type":"EntryPoint","urlTemplate":"https:\/\/lsf-france.com\/es\/?s={search_term_string}"},"query-input":{"@type":"PropertyValueSpecification","valueRequired":true,"valueName":"search_term_string"}}],"inLanguage":"es"},{"@type":"Organization","@id":"https:\/\/lsf-france.com\/es\/#organization","name":"LSF Montpellier","url":"https:\/\/lsf-france.com\/es\/","logo":{"@type":"ImageObject","inLanguage":"es","@id":"https:\/\/lsf-france.com\/es\/#\/schema\/logo\/image\/","url":"https:\/\/lsf-france.com\/wp-content\/uploads\/2018\/11\/PleinBleux2.png","contentUrl":"https:\/\/lsf-france.com\/wp-content\/uploads\/2018\/11\/PleinBleux2.png","width":1000,"height":1000,"caption":"LSF Montpellier"},"image":{"@id":"https:\/\/lsf-france.com\/es\/#\/schema\/logo\/image\/"}}]}},"_links":{"self":[{"href":"https:\/\/lsf-france.com\/es\/wp-json\/wp\/v2\/pages\/383196","targetHints":{"allow":["GET"]}}],"collection":[{"href":"https:\/\/lsf-france.com\/es\/wp-json\/wp\/v2\/pages"}],"about":[{"href":"https:\/\/lsf-france.com\/es\/wp-json\/wp\/v2\/types\/page"}],"author":[{"embeddable":true,"href":"https:\/\/lsf-france.com\/es\/wp-json\/wp\/v2\/users\/1"}],"replies":[{"embeddable":true,"href":"https:\/\/lsf-france.com\/es\/wp-json\/wp\/v2\/comments?post=383196"}],"version-history":[{"count":2,"href":"https:\/\/lsf-france.com\/es\/wp-json\/wp\/v2\/pages\/383196\/revisions"}],"predecessor-version":[{"id":411698,"href":"https:\/\/lsf-france.com\/es\/wp-json\/wp\/v2\/pages\/383196\/revisions\/411698"}],"up":[{"embeddable":true,"href":"https:\/\/lsf-france.com\/es\/wp-json\/wp\/v2\/pages\/382501"}],"wp:featuredmedia":[{"embeddable":true,"href":"https:\/\/lsf-france.com\/es\/wp-json\/wp\/v2\/media\/394260"}],"wp:attachment":[{"href":"https:\/\/lsf-france.com\/es\/wp-json\/wp\/v2\/media?parent=383196"}],"curies":[{"name":"wp","href":"https:\/\/api.w.org\/{rel}","templated":true}]}}