{"id":383265,"date":"2020-02-26T10:50:21","date_gmt":"2020-02-26T09:50:21","guid":{"rendered":"https:\/\/lsf-france.com\/?page_id=383265"},"modified":"2024-09-03T14:38:39","modified_gmt":"2024-09-03T12:38:39","slug":"compromiso-con-la-calidad","status":"publish","type":"page","link":"https:\/\/lsf-france.com\/es\/informacion-practica\/compromiso-con-la-calidad\/","title":{"rendered":"Compromiso con la calidad"},"content":{"rendered":"\t\t<div data-elementor-type=\"wp-page\" data-elementor-id=\"383265\" class=\"elementor elementor-383265 elementor-383264\" data-elementor-post-type=\"page\">\n\t\t\t\t\t\t<section class=\"elementor-section elementor-top-section elementor-element elementor-element-ce03d19 elementor-section-boxed elementor-section-height-default elementor-section-height-default\" data-id=\"ce03d19\" data-element_type=\"section\" data-e-type=\"section\">\n\t\t\t\t\t\t<div class=\"elementor-container elementor-column-gap-default\">\n\t\t\t\t\t<div class=\"elementor-column elementor-col-50 elementor-top-column elementor-element elementor-element-b779023\" data-id=\"b779023\" data-element_type=\"column\" data-e-type=\"column\">\n\t\t\t<div class=\"elementor-widget-wrap elementor-element-populated\">\n\t\t\t\t\t\t<div class=\"elementor-element elementor-element-a5449ab elementor-widget elementor-widget-text-editor\" data-id=\"a5449ab\" data-element_type=\"widget\" data-e-type=\"widget\" data-widget_type=\"text-editor.default\">\n\t\t\t\t<div class=\"elementor-widget-container\">\n\t\t\t\t\t\t\t\t\t<p>Nuestra aspiraci\u00f3n es ayudar a nuestros estudiantes a progresar en su conocimiento de la lengua francesa, proporcion\u00e1ndoles una ense\u00f1anza de calidad.<\/p>\n<p>De igual manera, nos comprometemos a ayudarles a descubrir la cultura francesa y el patrimonio regional, todo ello en un ambiente agradable. Damos gran importancia a la innovaci\u00f3n pedag\u00f3gica; por eso nuestros profesores siguen regularmente cursos de formaci\u00f3n para garantizar un nivel de excelencia en LSF.<\/p>\n<p>Todo nuestro equipo se esfuerza por hacer de la estad\u00eda de los estudiantes lo m\u00e1s agradable y sencilla posible gracias a una organizaci\u00f3n clara y a herramientas digitales eficientes.<\/p>\n<p>Nuestro equipo est\u00e1 disponible para satisfacer las necesidades de nuestros estudiantes en cuanto a su vida en la escuela y en Montpellier. La satisfacci\u00f3n y el bienestar de nuestros estudiantes es nuestra prioridad.<\/p>\n<p>Una de las principales acciones de nuestro plan de acci\u00f3n es recopilar las apreciaciones e impresiones de nuestros estudiantes a trav\u00e9s de cuestionarios y reuniones de satisfacci\u00f3n, para hacer una s\u00edntesis y analizarlas con el fin de elaborar un plan de mejora.<br \/>\nPrestamos mucha atenci\u00f3n a todas las propuestas e ideas.<\/p>\n<p>Para lograr este objetivo, se ha puesto en marcha un plan de acci\u00f3n de calidad desde enero 2012.<\/p>\n\t\t\t\t\t\t\t\t<\/div>\n\t\t\t\t<\/div>\n\t\t\t\t<div class=\"elementor-element elementor-element-d04ff4a elementor-widget elementor-widget-text-editor\" data-id=\"d04ff4a\" data-element_type=\"widget\" data-e-type=\"widget\" data-widget_type=\"text-editor.default\">\n\t\t\t\t<div class=\"elementor-widget-container\">\n\t\t\t\t\t\t\t\t\t<p class=\"p1\">La escuela est\u00e1 certificada QUALIT\u00c9 FLE y QUALIOPI, lo que implica una organizaci\u00f3n rigurosa y un compromiso real de mejora continua y de cuestionamiento de nuestro funcionamiento para responder lo mejor posible a las expectativas de nuestros alumnos. Todas las condiciones est\u00e1n reunidas para garantizarle una excelente estancia en nuestra escuela.<\/p>\n\t\t\t\t\t\t\t\t<\/div>\n\t\t\t\t<\/div>\n\t\t\t\t\t<\/div>\n\t\t<\/div>\n\t\t\t\t<div class=\"elementor-column elementor-col-50 elementor-top-column elementor-element elementor-element-4897966\" data-id=\"4897966\" data-element_type=\"column\" data-e-type=\"column\">\n\t\t\t<div class=\"elementor-widget-wrap elementor-element-populated\">\n\t\t\t\t\t\t<div class=\"elementor-element elementor-element-5e3120e elementor-arrows-position-inside elementor-pagination-position-outside elementor-widget elementor-widget-image-carousel\" data-id=\"5e3120e\" data-element_type=\"widget\" data-e-type=\"widget\" data-settings=\"{&quot;slides_to_show&quot;:&quot;1&quot;,&quot;navigation&quot;:&quot;both&quot;,&quot;autoplay&quot;:&quot;yes&quot;,&quot;pause_on_hover&quot;:&quot;yes&quot;,&quot;pause_on_interaction&quot;:&quot;yes&quot;,&quot;autoplay_speed&quot;:5000,&quot;infinite&quot;:&quot;yes&quot;,&quot;effect&quot;:&quot;slide&quot;,&quot;speed&quot;:500}\" data-widget_type=\"image-carousel.default\">\n\t\t\t\t<div class=\"elementor-widget-container\">\n\t\t\t\t\t\t\t<div class=\"elementor-image-carousel-wrapper swiper\" role=\"region\" aria-roledescription=\"carousel\" aria-label=\"Carrusel de im\u00e1genes\" dir=\"ltr\">\n\t\t\t<div class=\"elementor-image-carousel swiper-wrapper\" aria-live=\"off\">\n\t\t\t\t\t\t\t\t<div class=\"swiper-slide\" role=\"group\" aria-roledescription=\"slide\" aria-label=\"1 de 19\"><figure class=\"swiper-slide-inner\"><img decoding=\"async\" class=\"swiper-slide-image\" src=\"https:\/\/lsf-france.com\/wp-content\/uploads\/2019\/02\/IMG_0568-scaled.jpg\" alt=\"Students\" \/><\/figure><\/div><div class=\"swiper-slide\" role=\"group\" aria-roledescription=\"slide\" aria-label=\"2 de 19\"><figure class=\"swiper-slide-inner\"><img decoding=\"async\" class=\"swiper-slide-image\" src=\"https:\/\/lsf-france.com\/wp-content\/uploads\/2024\/09\/03_KLF_MONTPELLIER_298_websize-768x512.jpg\" alt=\"KLF 2024 Montpellier\" \/><\/figure><\/div><div class=\"swiper-slide\" role=\"group\" aria-roledescription=\"slide\" aria-label=\"3 de 19\"><figure class=\"swiper-slide-inner\"><img decoding=\"async\" class=\"swiper-slide-image\" src=\"https:\/\/lsf-france.com\/wp-content\/uploads\/2024\/09\/03_KLF_MONTPELLIER_152_websize-768x512.jpg\" alt=\"KLF 2024 Montpellier\" \/><\/figure><\/div><div class=\"swiper-slide\" role=\"group\" aria-roledescription=\"slide\" aria-label=\"4 de 19\"><figure class=\"swiper-slide-inner\"><img decoding=\"async\" class=\"swiper-slide-image\" src=\"https:\/\/lsf-france.com\/wp-content\/uploads\/2024\/09\/03_KLF_MONTPELLIER_273_websize-768x512.jpg\" alt=\"KLF 2024 Montpellier\" \/><\/figure><\/div><div class=\"swiper-slide\" role=\"group\" aria-roledescription=\"slide\" aria-label=\"5 de 19\"><figure class=\"swiper-slide-inner\"><img decoding=\"async\" class=\"swiper-slide-image\" src=\"https:\/\/lsf-france.com\/wp-content\/uploads\/2023\/07\/6-bis-Ecole-768x513.jpg\" alt=\"6 bis Ecole\" \/><\/figure><\/div><div class=\"swiper-slide\" role=\"group\" aria-roledescription=\"slide\" aria-label=\"6 de 19\"><figure class=\"swiper-slide-inner\"><img decoding=\"async\" class=\"swiper-slide-image\" src=\"https:\/\/lsf-france.com\/wp-content\/uploads\/2024\/09\/03_KLF_MONTPELLIER_156_websize-768x512.jpg\" alt=\"KLF 2024 Montpellier\" \/><\/figure><\/div><div class=\"swiper-slide\" role=\"group\" aria-roledescription=\"slide\" aria-label=\"7 de 19\"><figure class=\"swiper-slide-inner\"><img decoding=\"async\" class=\"swiper-slide-image\" src=\"https:\/\/lsf-france.com\/wp-content\/uploads\/2024\/09\/03_KLF_MONTPELLIER_195_websize-768x512.jpg\" alt=\"KLF 2024 Montpellier\" \/><\/figure><\/div><div class=\"swiper-slide\" role=\"group\" aria-roledescription=\"slide\" aria-label=\"8 de 19\"><figure class=\"swiper-slide-inner\"><img decoding=\"async\" class=\"swiper-slide-image\" src=\"https:\/\/lsf-france.com\/wp-content\/uploads\/2024\/09\/03_KLF_MONTPELLIER_212_websize-768x512.jpg\" alt=\"KLF 2024 Montpellier\" \/><\/figure><\/div><div class=\"swiper-slide\" role=\"group\" aria-roledescription=\"slide\" aria-label=\"9 de 19\"><figure class=\"swiper-slide-inner\"><img decoding=\"async\" class=\"swiper-slide-image\" src=\"https:\/\/lsf-france.com\/wp-content\/uploads\/2024\/09\/03_KLF_MONTPELLIER_250_websize-768x512.jpg\" alt=\"KLF 2024 Montpellier\" \/><\/figure><\/div><div class=\"swiper-slide\" role=\"group\" aria-roledescription=\"slide\" aria-label=\"10 de 19\"><figure class=\"swiper-slide-inner\"><img decoding=\"async\" class=\"swiper-slide-image\" src=\"https:\/\/lsf-france.com\/wp-content\/uploads\/2024\/09\/03_KLF_MONTPELLIER_219_websize-768x512.jpg\" alt=\"KLF 2024 Montpellier\" \/><\/figure><\/div><div class=\"swiper-slide\" role=\"group\" aria-roledescription=\"slide\" aria-label=\"11 de 19\"><figure class=\"swiper-slide-inner\"><img decoding=\"async\" class=\"swiper-slide-image\" src=\"https:\/\/lsf-france.com\/wp-content\/uploads\/2024\/09\/03_KLF_MONTPELLIER_254_websize-768x512.jpg\" alt=\"KLF 2024 Montpellier\" \/><\/figure><\/div><div class=\"swiper-slide\" role=\"group\" aria-roledescription=\"slide\" aria-label=\"12 de 19\"><figure class=\"swiper-slide-inner\"><img decoding=\"async\" class=\"swiper-slide-image\" src=\"https:\/\/lsf-france.com\/wp-content\/uploads\/2024\/09\/03_KLF_MONTPELLIER_299_websize-768x512.jpg\" alt=\"KLF 2024 Montpellier\" \/><\/figure><\/div><div class=\"swiper-slide\" role=\"group\" aria-roledescription=\"slide\" aria-label=\"13 de 19\"><figure class=\"swiper-slide-inner\"><img decoding=\"async\" class=\"swiper-slide-image\" src=\"https:\/\/lsf-france.com\/wp-content\/uploads\/2024\/09\/03_KLF_MONTPELLIER_419_websize-768x512.jpg\" alt=\"KLF 2024 Montpellier\" \/><\/figure><\/div><div class=\"swiper-slide\" role=\"group\" aria-roledescription=\"slide\" aria-label=\"14 de 19\"><figure class=\"swiper-slide-inner\"><img decoding=\"async\" class=\"swiper-slide-image\" src=\"https:\/\/lsf-france.com\/wp-content\/uploads\/2023\/07\/3-Exam-Preparation-2-768x512.jpg\" alt=\"3 Exam Preparation\" \/><\/figure><\/div><div class=\"swiper-slide\" role=\"group\" aria-roledescription=\"slide\" aria-label=\"15 de 19\"><figure class=\"swiper-slide-inner\"><img decoding=\"async\" class=\"swiper-slide-image\" src=\"https:\/\/lsf-france.com\/wp-content\/uploads\/2023\/07\/2-General-French-Courses-1-768x512.jpg\" alt=\"2 General French Courses\" \/><\/figure><\/div><div class=\"swiper-slide\" role=\"group\" aria-roledescription=\"slide\" aria-label=\"16 de 19\"><figure class=\"swiper-slide-inner\"><img decoding=\"async\" class=\"swiper-slide-image\" src=\"https:\/\/lsf-france.com\/wp-content\/uploads\/2023\/07\/4-Thematic-courses-2-768x512.jpg\" alt=\"Intensive French Course\" \/><\/figure><\/div><div class=\"swiper-slide\" role=\"group\" aria-roledescription=\"slide\" aria-label=\"17 de 19\"><figure class=\"swiper-slide-inner\"><img decoding=\"async\" class=\"swiper-slide-image\" src=\"https:\/\/lsf-france.com\/wp-content\/uploads\/2022\/08\/IMG-9338-1-768x524.jpg\" alt=\"IMG-9338-1\" \/><\/figure><\/div><div class=\"swiper-slide\" role=\"group\" aria-roledescription=\"slide\" aria-label=\"18 de 19\"><figure class=\"swiper-slide-inner\"><img decoding=\"async\" class=\"swiper-slide-image\" src=\"https:\/\/lsf-france.com\/wp-content\/uploads\/2022\/10\/Degustation-1.04--768x576.jpg\" alt=\"D\u00e9gustation 1.04\" \/><\/figure><\/div><div class=\"swiper-slide\" role=\"group\" aria-roledescription=\"slide\" aria-label=\"19 de 19\"><figure class=\"swiper-slide-inner\"><img decoding=\"async\" class=\"swiper-slide-image\" src=\"https:\/\/lsf-france.com\/wp-content\/uploads\/2022\/09\/67b0531c-3140-4336-b7d2-9aa81141ab28-1-768x600.jpg\" alt=\"67b0531c-3140-4336-b7d2-9aa81141ab28 (1)\" \/><\/figure><\/div>\t\t\t<\/div>\n\t\t\t\t\t\t\t\t\t\t\t\t<div class=\"elementor-swiper-button elementor-swiper-button-prev\" role=\"button\" tabindex=\"0\">\n\t\t\t\t\t\t<i aria-hidden=\"true\" class=\"eicon-chevron-left\"><\/i>\t\t\t\t\t<\/div>\n\t\t\t\t\t<div class=\"elementor-swiper-button elementor-swiper-button-next\" role=\"button\" tabindex=\"0\">\n\t\t\t\t\t\t<i aria-hidden=\"true\" class=\"eicon-chevron-right\"><\/i>\t\t\t\t\t<\/div>\n\t\t\t\t\n\t\t\t\t\t\t\t\t\t<div class=\"swiper-pagination\"><\/div>\n\t\t\t\t\t\t\t\t\t<\/div>\n\t\t\t\t\t\t<\/div>\n\t\t\t\t<\/div>\n\t\t\t\t<div class=\"elementor-element elementor-element-36fdc25 elementor-widget elementor-widget-image\" data-id=\"36fdc25\" data-element_type=\"widget\" data-e-type=\"widget\" data-widget_type=\"image.default\">\n\t\t\t\t<div class=\"elementor-widget-container\">\n\t\t\t\t\t\t\t\t\t\t\t\t\t\t\t<img fetchpriority=\"high\" decoding=\"async\" width=\"300\" height=\"181\" src=\"https:\/\/lsf-france.com\/wp-content\/uploads\/2023\/10\/Label_FLE_RF_qualiopi-2-300x181.jpg\" class=\"attachment-medium size-medium wp-image-406301\" alt=\"\" srcset=\"https:\/\/lsf-france.com\/wp-content\/uploads\/2023\/10\/Label_FLE_RF_qualiopi-2-300x181.jpg 300w, https:\/\/lsf-france.com\/wp-content\/uploads\/2023\/10\/Label_FLE_RF_qualiopi-2-1024x619.jpg 1024w, https:\/\/lsf-france.com\/wp-content\/uploads\/2023\/10\/Label_FLE_RF_qualiopi-2-768x464.jpg 768w, https:\/\/lsf-france.com\/wp-content\/uploads\/2023\/10\/Label_FLE_RF_qualiopi-2.jpg 1200w\" sizes=\"(max-width: 300px) 100vw, 300px\" \/>\t\t\t\t\t\t\t\t\t\t\t\t\t\t\t<\/div>\n\t\t\t\t<\/div>\n\t\t\t\t<div class=\"elementor-element elementor-element-8dbfde6 elementor-align-center elementor-widget elementor-widget-button\" data-id=\"8dbfde6\" data-element_type=\"widget\" data-e-type=\"widget\" data-widget_type=\"button.default\">\n\t\t\t\t<div class=\"elementor-widget-container\">\n\t\t\t\t\t\t\t\t\t<div class=\"elementor-button-wrapper\">\n\t\t\t\t\t<a class=\"elementor-button elementor-button-link elementor-size-sm\" href=\"https:\/\/lsf-france.com\/wp-content\/uploads\/2023\/10\/2022-NewLSF_Decision_CIL_AS-Qualiopi.pdf\" target=\"_blank\">\n\t\t\t\t\t\t<span class=\"elementor-button-content-wrapper\">\n\t\t\t\t\t\t\t\t\t<span class=\"elementor-button-text\">Nuestro certificado Qualiopi<\/span>\n\t\t\t\t\t<\/span>\n\t\t\t\t\t<\/a>\n\t\t\t\t<\/div>\n\t\t\t\t\t\t\t\t<\/div>\n\t\t\t\t<\/div>\n\t\t\t\t\t<\/div>\n\t\t<\/div>\n\t\t\t\t\t<\/div>\n\t\t<\/section>\n\t\t\t\t<\/div>\n\t\t","protected":false},"excerpt":{"rendered":"<p>Nuestra aspiraci\u00f3n es ayudar a nuestros estudiantes a progresar en su conocimiento de la lengua francesa, proporcion\u00e1ndoles una ense\u00f1anza de calidad. De igual manera, nos comprometemos a ayudarles a descubrir [&hellip;]<\/p>\n","protected":false},"author":1,"featured_media":382918,"parent":382582,"menu_order":0,"comment_status":"closed","ping_status":"closed","template":"","meta":{"_acf_changed":false,"content-type":"","footnotes":""},"class_list":["post-383265","page","type-page","status-publish","has-post-thumbnail","hentry"],"acf":[],"_links":{"self":[{"href":"https:\/\/lsf-france.com\/es\/wp-json\/wp\/v2\/pages\/383265","targetHints":{"allow":["GET"]}}],"collection":[{"href":"https:\/\/lsf-france.com\/es\/wp-json\/wp\/v2\/pages"}],"about":[{"href":"https:\/\/lsf-france.com\/es\/wp-json\/wp\/v2\/types\/page"}],"author":[{"embeddable":true,"href":"https:\/\/lsf-france.com\/es\/wp-json\/wp\/v2\/users\/1"}],"replies":[{"embeddable":true,"href":"https:\/\/lsf-france.com\/es\/wp-json\/wp\/v2\/comments?post=383265"}],"version-history":[{"count":3,"href":"https:\/\/lsf-france.com\/es\/wp-json\/wp\/v2\/pages\/383265\/revisions"}],"predecessor-version":[{"id":411760,"href":"https:\/\/lsf-france.com\/es\/wp-json\/wp\/v2\/pages\/383265\/revisions\/411760"}],"up":[{"embeddable":true,"href":"https:\/\/lsf-france.com\/es\/wp-json\/wp\/v2\/pages\/382582"}],"wp:featuredmedia":[{"embeddable":true,"href":"https:\/\/lsf-france.com\/es\/wp-json\/wp\/v2\/media\/382918"}],"wp:attachment":[{"href":"https:\/\/lsf-france.com\/es\/wp-json\/wp\/v2\/media?parent=383265"}],"curies":[{"name":"wp","href":"https:\/\/api.w.org\/{rel}","templated":true}]}}