{"id":386017,"date":"2020-06-04T14:51:14","date_gmt":"2020-06-04T12:51:14","guid":{"rendered":"https:\/\/lsf-france.com\/nuestro-compromiso-con-la-salud-y-la-seguridad-covid-19\/"},"modified":"2021-07-16T10:15:11","modified_gmt":"2021-07-16T08:15:11","slug":"nuestro-compromiso-con-la-salud-y-la-seguridad-covid-19","status":"publish","type":"page","link":"https:\/\/lsf-france.com\/es\/nuestro-compromiso-con-la-salud-y-la-seguridad-covid-19\/","title":{"rendered":"Nuestro compromiso con la salud y la seguridad"},"content":{"rendered":"<p><em><strong>Actualizado &#8211; Sept. 2020<\/strong><\/em><\/p>\n<p>LSF Montpellier reabri\u00f3 sus puertas en junio de 2020 con una continua y especial atenci\u00f3n a la seguridad de los estudiantes y profesores. Respetando los protocolos sanitarios definidos por las autoridades, LSF ha tomado medidas que les presentamos brevemente en esta p\u00e1gina. Estamos constantemente actualizados y seguimos estrictamente todas las regulaciones para tratar de ofrecer el mejor ambiente y experiencia para nuestros estudiantes. Por favor, no duden en contactarnos si tienen alguna otra pregunta.<\/p>\n<h2>1 &#8211; FECHAS PRINCIPALES<\/h2>\n<p>Nuestra escuela ha reabierto de forma restringida y progresiva seg\u00fan el siguiente calendario y de acuerdo con el Decreto n\u00b0 2020-1115 del 5 de septiembre de 2020.<\/p>\n<ul>\n<li>Apertura de la escuela para cursos presenciales: 1 de junio de 2020<\/li>\n<li>Oferta de franc\u00e9s \u00abKeep Learning\u00bb en l\u00ednea: todav\u00eda operativa desde marzo de 2020<\/li>\n<li>La escuela sigue abierta y todav\u00eda acoge a los estudiantes<\/li>\n<\/ul>\n<hr \/>\n<h2>2 &#8211; MEDIDAS GENERALES DE PREVENCI\u00d3N EN EL SENO DE LA ESCUELA LSF<\/h2>\n<p><strong>Colocaci\u00f3n de instrucciones en varias \u00e1reas de la escuela:<\/strong><\/p>\n<p><img fetchpriority=\"high\" decoding=\"async\" class=\"size-medium wp-image-385937 alignnone\" src=\"https:\/\/lsf-france.com\/wp-content\/uploads\/2020\/06\/affiche-corona-200x300.jpg\" alt=\"\" width=\"200\" height=\"300\" srcset=\"https:\/\/lsf-france.com\/wp-content\/uploads\/2020\/06\/affiche-corona-200x300.jpg 200w, https:\/\/lsf-france.com\/wp-content\/uploads\/2020\/06\/affiche-corona-scaled-600x900.jpg 600w, https:\/\/lsf-france.com\/wp-content\/uploads\/2020\/06\/affiche-corona-683x1024.jpg 683w, https:\/\/lsf-france.com\/wp-content\/uploads\/2020\/06\/affiche-corona-768x1152.jpg 768w, https:\/\/lsf-france.com\/wp-content\/uploads\/2020\/06\/affiche-corona-1024x1536.jpg 1024w, https:\/\/lsf-france.com\/wp-content\/uploads\/2020\/06\/affiche-corona-1365x2048.jpg 1365w, https:\/\/lsf-france.com\/wp-content\/uploads\/2020\/06\/affiche-corona-640x960.jpg 640w, https:\/\/lsf-france.com\/wp-content\/uploads\/2020\/06\/affiche-corona-400x600.jpg 400w, https:\/\/lsf-france.com\/wp-content\/uploads\/2020\/06\/affiche-corona-scaled.jpg 1707w\" sizes=\"(max-width: 200px) 100vw, 200px\" \/><img decoding=\"async\" class=\"size-medium wp-image-385946 alignnone\" src=\"https:\/\/lsf-france.com\/wp-content\/uploads\/2020\/06\/affiche-corona-3-200x300.jpg\" alt=\"\" width=\"200\" height=\"300\" srcset=\"https:\/\/lsf-france.com\/wp-content\/uploads\/2020\/06\/affiche-corona-3-200x300.jpg 200w, https:\/\/lsf-france.com\/wp-content\/uploads\/2020\/06\/affiche-corona-3-scaled-600x900.jpg 600w, https:\/\/lsf-france.com\/wp-content\/uploads\/2020\/06\/affiche-corona-3-683x1024.jpg 683w, https:\/\/lsf-france.com\/wp-content\/uploads\/2020\/06\/affiche-corona-3-768x1152.jpg 768w, https:\/\/lsf-france.com\/wp-content\/uploads\/2020\/06\/affiche-corona-3-1024x1536.jpg 1024w, https:\/\/lsf-france.com\/wp-content\/uploads\/2020\/06\/affiche-corona-3-1365x2048.jpg 1365w, https:\/\/lsf-france.com\/wp-content\/uploads\/2020\/06\/affiche-corona-3-640x960.jpg 640w, https:\/\/lsf-france.com\/wp-content\/uploads\/2020\/06\/affiche-corona-3-400x600.jpg 400w, https:\/\/lsf-france.com\/wp-content\/uploads\/2020\/06\/affiche-corona-3-scaled.jpg 1707w\" sizes=\"(max-width: 200px) 100vw, 200px\" \/><img decoding=\"async\" class=\"size-medium wp-image-385943 alignnone\" src=\"https:\/\/lsf-france.com\/wp-content\/uploads\/2020\/06\/affiche-corona-2-200x300.jpg\" alt=\"\" width=\"200\" height=\"300\" srcset=\"https:\/\/lsf-france.com\/wp-content\/uploads\/2020\/06\/affiche-corona-2-200x300.jpg 200w, https:\/\/lsf-france.com\/wp-content\/uploads\/2020\/06\/affiche-corona-2-scaled-600x900.jpg 600w, https:\/\/lsf-france.com\/wp-content\/uploads\/2020\/06\/affiche-corona-2-683x1024.jpg 683w, https:\/\/lsf-france.com\/wp-content\/uploads\/2020\/06\/affiche-corona-2-768x1152.jpg 768w, https:\/\/lsf-france.com\/wp-content\/uploads\/2020\/06\/affiche-corona-2-1024x1536.jpg 1024w, https:\/\/lsf-france.com\/wp-content\/uploads\/2020\/06\/affiche-corona-2-1365x2048.jpg 1365w, https:\/\/lsf-france.com\/wp-content\/uploads\/2020\/06\/affiche-corona-2-640x960.jpg 640w, https:\/\/lsf-france.com\/wp-content\/uploads\/2020\/06\/affiche-corona-2-400x600.jpg 400w, https:\/\/lsf-france.com\/wp-content\/uploads\/2020\/06\/affiche-corona-2-scaled.jpg 1707w\" sizes=\"(max-width: 200px) 100vw, 200px\" \/><\/p>\n<p><strong>DISTANCIAMIENTO SOCIAL:<\/strong> 1 METRO M\u00cdNIMO<\/p>\n<hr \/>\n<h2>3 &#8211; PRECISIONES ADICIONALES PARA TENER EN CUENTA EL RIESGO DE LA TRANSMISI\u00d3N DEL VIRUS SARS-Cov2 (COVID-19)<\/h2>\n<ul>\n<li><strong>Llevar una mascarilla (quir\u00fargica o p\u00fablica):<\/strong> es obligatorio tanto para los empleados como para los estudiantes en todas las situaciones en las que las reglas de distanciamiento no est\u00e9n garantizadas. Los estudiantes deben venir con sus propias m\u00e1scaras. LSF proporciona m\u00e1scaras para los profesores as\u00ed como visores. El uso de m\u00e1scaras por los profesores y el personal administrativo es obligatorio en presencia de los estudiantes.<\/li>\n<li><strong>El uso de guantes:<\/strong> son obligatorios para los ex\u00e1menes que requieren la manipulaci\u00f3n de materiales que se pasan de mano en mano.<\/li>\n<li><strong>Aplicaci\u00f3n de gestos de barrera:<\/strong> lavado de manos o gel hidroalcoh\u00f3lico al llegar a la escuela, al entrar en el aula, antes y despu\u00e9s de usar los ba\u00f1os, despu\u00e9s de sonarse la nariz, toser o estornudar, manipular objetos&#8230; No ser\u00e1 posible el intercambio de materiales. Los aperitivos de bienvenida, los aperitivos y otros intercambios colectivos de bebidas est\u00e1n prohibidos hasta nuevo aviso.<\/li>\n<li><strong>Distancia f\u00edsica:<\/strong> disposici\u00f3n de las aulas, cierre de la cocina y desactivaci\u00f3n de los dispensadores de bebidas&#8230;<\/li>\n<li><strong>Limitaci\u00f3n de los flujos:<\/strong> las pausas se hacen fuera, en la terraza o en el jard\u00edn de la escuela.<\/li>\n<li><strong>Limpieza y mantenimiento:<\/strong> ventilaci\u00f3n de las aulas, limpieza y desinfecci\u00f3n de los locales y el equipo antes de que un nuevo grupo entre en una sala. Las zonas sujetas a contacto regular (manijas de las puertas, barandillas de las escaleras, interruptores, equipos m\u00f3viles de ense\u00f1anza, etc.) se limpian y desinfectan varias veces al d\u00eda.<\/li>\n<li><strong>Sospechoso caso de Covid-19:<\/strong> No se toma la temperatura a la entrada de la escuela. Se pide a todos (personal y estudiantes) que est\u00e9n atentos a la aparici\u00f3n de s\u00edntomas con una toma de temperatura muy regular antes de salir para la escuela (temperatura inferior a 37,8\u00b0).<\/li>\n<li>En caso de s\u00edntomas dentro de la escuela, el estudiante debe notificar a un miembro del equipo y aislarlo en una habitaci\u00f3n especial mientras espera que la familia anfitriona (o los servicios de emergencia m\u00e9dica) lo recojan. La escuela informar\u00e1 al Organismo Regional de Salud. Todo el equipo se asegurar\u00e1 de que se mantengan las reglas sanitarias: los estudiantes que no respeten estas reglas ser\u00e1n invitados a volver a casa.<\/li>\n<\/ul>\n<hr \/>\n<h2>4 &#8211; MEDIDAS RELACIONADAS CON EL ALOJAMIENTO<\/h2>\n<p>En cuanto al alojamiento de los estudiantes, ya sea en familias de acogida o en residencias, la LSF tambi\u00e9n es muy estricta en cuanto a las condiciones sanitarias en el lugar.<\/p>\n<h3>4.1 &#8211; Familias de acogida<\/h3>\n<p><strong>Esto es lo que se ha acordado con las familias de acogida:<\/strong><\/p>\n<ul>\n<li>Quitarse los zapatos en la casa<\/li>\n<li>Siempre que sea posible, cambiarse de ropa una vez que llegue a casa (ropa de interior\/exterior).<\/li>\n<li>Los miembros de la familia y el estudiante se comprometen a respetar los gestos de barrera dentro y fuera de la casa para la protecci\u00f3n de todos: lavarse las manos o el gel hidroalcoh\u00f3lico al llegar a la familia de acogida, antes y despu\u00e9s de usar el ba\u00f1o, despu\u00e9s de sonarse la nariz, toser o estornudar;<\/li>\n<li>Suministro de algunas m\u00e1scaras y gel hidroalcoh\u00f3lico;<\/li>\n<li>Si aparece alg\u00fan s\u00edntoma, los miembros de la familia y el estudiante se notifican mutuamente, se hacen las pruebas e informan de los resultados. La escuela debe ser notificada.<\/li>\n<\/ul>\n<h3>4.2 &#8211; Residencia de estudiantes<\/h3>\n<p>\u00abEl uso de la m\u00e1scara es obligatorio en las partes comunes\u00bb.<\/p>\n<ul>\n<li><strong>Instrucciones publicadas y comunicadas a los residentes:<\/strong>\n<ul>\n<li>Desinfectar sus manos regularmente<\/li>\n<li>Hay una instalaci\u00f3n sanitaria com\u00fan en la planta baja con agua, jab\u00f3n y toallas de papel.<\/li>\n<li>Aseg\u00farese de respetar la distancia de seguridad con los clientes y los empleados de la residencia (1,5 metros m\u00ednimo).<\/li>\n<li>Evite tocar la recepci\u00f3n, las puertas y las \u00e1reas comunes.<\/li>\n<li>Se permite la presencia en el comedor (para trabajar o charlar) pero respetando las distancias de seguridad (1,5 metros m\u00ednimo).<\/li>\n<li>Acceso a las habitaciones preferentemente por escaleras<\/li>\n<\/ul>\n<\/li>\n<li><strong>Ascensor:<\/strong> en caso de necesidad excepcional (ancianos, discapacitados u otros) &#8211; s\u00f3lo para parejas y familias.\n<ul>\n<li>Salida: Por favor, entregue la llave de su habitaci\u00f3n y las dem\u00e1s llaves en la caja que se le facilit\u00f3 en la recepci\u00f3n o en la caja espec\u00edfica de su salida.<\/li>\n<\/ul>\n<\/li>\n<li><strong>Alojamiento:<\/strong>\n<ul>\n<li>Se tiene especial cuidado en desinfectar cada habitaci\u00f3n.<\/li>\n<li>En caso de sospecha de fiebre, tos, malestar durante su estancia: por favor, p\u00f3ngase en contacto con la recepci\u00f3n que le comunicar\u00e1 el procedimiento a seguir.<\/li>\n<li>Retirada del servicio de camas: Los juegos de cama listos para usar est\u00e1n disponibles en la recepci\u00f3n.<\/li>\n<\/ul>\n<\/li>\n<li><strong>Entre dos salidas:<\/strong>\n<ul>\n<li>Per\u00edodos de descanso m\u00e1s largos entre cada per\u00edodo de alquiler.<\/li>\n<li>El uso de productos de desinfecci\u00f3n certificados<\/li>\n<\/ul>\n<\/li>\n<\/ul>\n<hr \/>\n<h2>5 &#8211; TRANSPORTE Y ACTIVIDADES<\/h2>\n<p>Por favor, consulte <a href=\"https:\/\/www.montpellier3m.fr\/covid19\" target=\"_blank\" rel=\"noopener\">la p\u00e1gina web oficial de Montpellier M\u00e9diterran\u00e9e M\u00e9tropole<\/a> para tener la informaci\u00f3n m\u00e1s actualizada sobre su estancia en Montpellier.<\/p>\n","protected":false},"excerpt":{"rendered":"<p>Actualizado &#8211; Sept. 2020 LSF Montpellier reabri\u00f3 sus puertas en junio de 2020 con una continua y especial atenci\u00f3n a la seguridad de los estudiantes y profesores. Respetando los protocolos [&hellip;]<\/p>\n","protected":false},"author":1,"featured_media":0,"parent":0,"menu_order":0,"comment_status":"closed","ping_status":"closed","template":"","meta":{"_acf_changed":false,"content-type":"","footnotes":""},"class_list":["post-386017","page","type-page","status-publish","hentry"],"acf":[],"_links":{"self":[{"href":"https:\/\/lsf-france.com\/es\/wp-json\/wp\/v2\/pages\/386017","targetHints":{"allow":["GET"]}}],"collection":[{"href":"https:\/\/lsf-france.com\/es\/wp-json\/wp\/v2\/pages"}],"about":[{"href":"https:\/\/lsf-france.com\/es\/wp-json\/wp\/v2\/types\/page"}],"author":[{"embeddable":true,"href":"https:\/\/lsf-france.com\/es\/wp-json\/wp\/v2\/users\/1"}],"replies":[{"embeddable":true,"href":"https:\/\/lsf-france.com\/es\/wp-json\/wp\/v2\/comments?post=386017"}],"version-history":[{"count":0,"href":"https:\/\/lsf-france.com\/es\/wp-json\/wp\/v2\/pages\/386017\/revisions"}],"wp:attachment":[{"href":"https:\/\/lsf-france.com\/es\/wp-json\/wp\/v2\/media?parent=386017"}],"curies":[{"name":"wp","href":"https:\/\/api.w.org\/{rel}","templated":true}]}}