{"id":400154,"date":"2021-11-25T09:59:39","date_gmt":"2021-11-25T08:59:39","guid":{"rendered":"https:\/\/lsf-france.com\/formulario-de-reserva-para-adultos-16\/"},"modified":"2026-02-16T14:18:47","modified_gmt":"2026-02-16T13:18:47","slug":"formulario-de-reserva-para-adultos-16","status":"publish","type":"page","link":"https:\/\/lsf-france.com\/es\/formulario-de-reserva-para-adultos-16\/","title":{"rendered":"Formulario de reserva"},"content":{"rendered":"\t\t<div data-elementor-type=\"wp-page\" data-elementor-id=\"400154\" class=\"elementor elementor-400154 elementor-396776\" data-elementor-post-type=\"page\">\n\t\t\t\t\t\t<section class=\"elementor-section elementor-top-section elementor-element elementor-element-2e5cbda0 elementor-section-boxed elementor-section-height-default elementor-section-height-default\" data-id=\"2e5cbda0\" data-element_type=\"section\" data-e-type=\"section\">\n\t\t\t\t\t\t<div class=\"elementor-container elementor-column-gap-default\">\n\t\t\t\t\t<div class=\"elementor-column elementor-col-100 elementor-top-column elementor-element elementor-element-229725c4\" data-id=\"229725c4\" data-element_type=\"column\" data-e-type=\"column\">\n\t\t\t<div class=\"elementor-widget-wrap elementor-element-populated\">\n\t\t\t\t\t\t<div class=\"elementor-element elementor-element-a05f3e4 elementor-widget elementor-widget-text-editor\" data-id=\"a05f3e4\" data-element_type=\"widget\" data-e-type=\"widget\" data-widget_type=\"text-editor.default\">\n\t\t\t\t<div class=\"elementor-widget-container\">\n\t\t\t\t\t\t\t\t\t<h2>Reserva tu plaza en LSF Montpellier en s\u00f3lo 3 minutos.<\/h2><p>Disfrute de una estancia inolvidable en Montpellier.<\/p><p><span style=\"font-family: -apple-system, BlinkMacSystemFont, 'Segoe UI', Roboto, 'Helvetica Neue', Arial, 'Noto Sans', sans-serif, 'Apple Color Emoji', 'Segoe UI Emoji', 'Segoe UI Symbol', 'Noto Color Emoji'; font-size: 1rem;\">Rellene nuestro formulario de inscripci\u00f3n y reserve nuestros cursos. <\/span><span style=\"font-family: -apple-system, BlinkMacSystemFont, 'Segoe UI', Roboto, 'Helvetica Neue', Arial, 'Noto Sans', sans-serif, 'Apple Color Emoji', 'Segoe UI Emoji', 'Segoe UI Symbol', 'Noto Color Emoji'; font-size: 1rem;\">Crea y compra en l\u00ednea sus vacaciones a medida, eligiendo su curso de franc\u00e9s, alojamiento y otras opciones.<\/span><\/p><p>Nuestros asesores educativos se pondr\u00e1n en contacto con usted para confirmar su inscripci\u00f3n y responder a cualquier pregunta que pueda tener.<\/p>\t\t\t\t\t\t\t\t<\/div>\n\t\t\t\t<\/div>\n\t\t\t\t<div class=\"elementor-element elementor-element-e7146b7 elementor-widget-divider--view-line elementor-widget elementor-widget-divider\" data-id=\"e7146b7\" data-element_type=\"widget\" data-e-type=\"widget\" data-widget_type=\"divider.default\">\n\t\t\t\t<div class=\"elementor-widget-container\">\n\t\t\t\t\t\t\t<div class=\"elementor-divider\">\n\t\t\t<span class=\"elementor-divider-separator\">\n\t\t\t\t\t\t<\/span>\n\t\t<\/div>\n\t\t\t\t\t\t<\/div>\n\t\t\t\t<\/div>\n\t\t\t\t<section class=\"elementor-section elementor-inner-section elementor-element elementor-element-f8b9f29 elementor-section-boxed elementor-section-height-default elementor-section-height-default\" data-id=\"f8b9f29\" data-element_type=\"section\" data-e-type=\"section\">\n\t\t\t\t\t\t<div class=\"elementor-container elementor-column-gap-default\">\n\t\t\t\t\t<div class=\"elementor-column elementor-col-100 elementor-inner-column elementor-element elementor-element-b667d3e\" data-id=\"b667d3e\" data-element_type=\"column\" data-e-type=\"column\">\n\t\t\t<div class=\"elementor-widget-wrap elementor-element-populated\">\n\t\t\t\t\t\t<div class=\"elementor-element elementor-element-1ff576b elementor-align-center elementor-widget elementor-widget-button\" data-id=\"1ff576b\" data-element_type=\"widget\" data-e-type=\"widget\" data-widget_type=\"button.default\">\n\t\t\t\t<div class=\"elementor-widget-container\">\n\t\t\t\t\t\t\t\t\t<div class=\"elementor-button-wrapper\">\n\t\t\t\t\t<a class=\"elementor-button elementor-button-link elementor-size-lg\" href=\"https:\/\/lsf-france.com\/es\/formulario-de-reserva-para-adultos-2024\/\" target=\"_blank\">\n\t\t\t\t\t\t<span class=\"elementor-button-content-wrapper\">\n\t\t\t\t\t\t\t\t\t<span class=\"elementor-button-text\">Inscripci\u00f3n cursos para adultos y mayores<\/span>\n\t\t\t\t\t<\/span>\n\t\t\t\t\t<\/a>\n\t\t\t\t<\/div>\n\t\t\t\t\t\t\t\t<\/div>\n\t\t\t\t<\/div>\n\t\t\t\t<div class=\"elementor-element elementor-element-d749b4e elementor-widget-divider--view-line elementor-widget elementor-widget-divider\" data-id=\"d749b4e\" data-element_type=\"widget\" data-e-type=\"widget\" data-widget_type=\"divider.default\">\n\t\t\t\t<div class=\"elementor-widget-container\">\n\t\t\t\t\t\t\t<div class=\"elementor-divider\">\n\t\t\t<span class=\"elementor-divider-separator\">\n\t\t\t\t\t\t<\/span>\n\t\t<\/div>\n\t\t\t\t\t\t<\/div>\n\t\t\t\t<\/div>\n\t\t\t\t<div class=\"elementor-element elementor-element-bc71793 elementor-align-center elementor-widget elementor-widget-button\" data-id=\"bc71793\" data-element_type=\"widget\" data-e-type=\"widget\" data-widget_type=\"button.default\">\n\t\t\t\t<div class=\"elementor-widget-container\">\n\t\t\t\t\t\t\t\t\t<div class=\"elementor-button-wrapper\">\n\t\t\t\t\t<a class=\"elementor-button elementor-button-link elementor-size-lg\" href=\"https:\/\/lsf-france.com\/es\/cursos-nocturnos\/\" target=\"_blank\">\n\t\t\t\t\t\t<span class=\"elementor-button-content-wrapper\">\n\t\t\t\t\t\t\t\t\t<span class=\"elementor-button-text\">Reserva de cursos en l\u00ednea<\/span>\n\t\t\t\t\t<\/span>\n\t\t\t\t\t<\/a>\n\t\t\t\t<\/div>\n\t\t\t\t\t\t\t\t<\/div>\n\t\t\t\t<\/div>\n\t\t\t\t<div class=\"elementor-element elementor-element-c37384a elementor-widget-divider--view-line elementor-widget elementor-widget-divider\" data-id=\"c37384a\" data-element_type=\"widget\" data-e-type=\"widget\" data-widget_type=\"divider.default\">\n\t\t\t\t<div class=\"elementor-widget-container\">\n\t\t\t\t\t\t\t<div class=\"elementor-divider\">\n\t\t\t<span class=\"elementor-divider-separator\">\n\t\t\t\t\t\t<\/span>\n\t\t<\/div>\n\t\t\t\t\t\t<\/div>\n\t\t\t\t<\/div>\n\t\t\t\t<div class=\"elementor-element elementor-element-85b8175 elementor-align-center elementor-widget elementor-widget-button\" data-id=\"85b8175\" data-element_type=\"widget\" data-e-type=\"widget\" data-widget_type=\"button.default\">\n\t\t\t\t<div class=\"elementor-widget-container\">\n\t\t\t\t\t\t\t\t\t<div class=\"elementor-button-wrapper\">\n\t\t\t\t\t<a class=\"elementor-button elementor-button-link elementor-size-lg\" href=\"https:\/\/klf.fr\/french-junior-camp-in-montpellier\/booking\/\" target=\"_blank\" rel=\"noopener\">\n\t\t\t\t\t\t<span class=\"elementor-button-content-wrapper\">\n\t\t\t\t\t\t\t\t\t<span class=\"elementor-button-text\">Inscripcion en el programa junior<\/span>\n\t\t\t\t\t<\/span>\n\t\t\t\t\t<\/a>\n\t\t\t\t<\/div>\n\t\t\t\t\t\t\t\t<\/div>\n\t\t\t\t<\/div>\n\t\t\t\t<div class=\"elementor-element elementor-element-73f1507 elementor-widget-divider--view-line elementor-widget elementor-widget-divider\" data-id=\"73f1507\" data-element_type=\"widget\" data-e-type=\"widget\" data-widget_type=\"divider.default\">\n\t\t\t\t<div class=\"elementor-widget-container\">\n\t\t\t\t\t\t\t<div class=\"elementor-divider\">\n\t\t\t<span class=\"elementor-divider-separator\">\n\t\t\t\t\t\t<\/span>\n\t\t<\/div>\n\t\t\t\t\t\t<\/div>\n\t\t\t\t<\/div>\n\t\t\t\t<div class=\"elementor-element elementor-element-f1bc5dc elementor-widget elementor-widget-text-editor\" data-id=\"f1bc5dc\" data-element_type=\"widget\" data-e-type=\"widget\" data-widget_type=\"text-editor.default\">\n\t\t\t\t<div class=\"elementor-widget-container\">\n\t\t\t\t\t\t\t\t\t<p><i>*Para reservas de \u00faltima hora (menos de 4 d\u00edas antes del inicio del curso), p\u00f3ngase en contacto con nosotros con antelaci\u00f3n en la siguiente direcci\u00f3n<\/i><i style=\"font-family: -apple-system, BlinkMacSystemFont, 'Segoe UI', Roboto, 'Helvetica Neue', Arial, 'Noto Sans', sans-serif, 'Apple Color Emoji', 'Segoe UI Emoji', 'Segoe UI Symbol', 'Noto Color Emoji'; font-size: 1rem;\">&nbsp;<\/i><a style=\"background-color: #ffffff; font-family: -apple-system, BlinkMacSystemFont, 'Segoe UI', Roboto, 'Helvetica Neue', Arial, 'Noto Sans', sans-serif, 'Apple Color Emoji', 'Segoe UI Emoji', 'Segoe UI Symbol', 'Noto Color Emoji'; font-size: 1rem;\" href=\"mailto:contact@lsf-france.com\" target=\"_blank\" rel=\"noopener\">contact@lsf-france.com<\/a><i style=\"font-family: -apple-system, BlinkMacSystemFont, 'Segoe UI', Roboto, 'Helvetica Neue', Arial, 'Noto Sans', sans-serif, 'Apple Color Emoji', 'Segoe UI Emoji', 'Segoe UI Symbol', 'Noto Color Emoji'; font-size: 1rem;\">para comprobar la disponibilidad.<\/i><\/p>\n<p style=\"color: #000000; font-family: Roboto, sans-serif;\">* \u00a1ATENCI\u00d3N! Para los principiantes absolutos, Nivel A0, habr\u00e1 fechas de inicio espec\u00edficas. <\/p>\n<p style=\"color: #000000; font-family: Roboto, sans-serif;\">* Atenci\u00f3n: durante los d\u00edas festivos y de acuerdo con nuestras condiciones generales de venta , la escuela permanecer\u00e1 cerrada y no se ofrecer\u00e1n clases de recuperaci\u00f3n . La escuela permanecer\u00e1 cerrada los d\u00edas festivos siguientes 2025: 11\/11\/25 \u2013 y 2026: 01 enero | 06 abril | 01 mayo | 08 mayo | 25 mayo | 14 julio | 11 noviembre <\/p>\n<p style=\"color: #000000; font-family: Roboto, sans-serif;\">* Clases por la ma\u00f1ana o por la tarde, dependiendo de tu nivel y de lo llenos que est\u00e9n los cursos de la escuela.<\/p>\n<p style=\"color: #000000; font-family: Roboto, sans-serif;\">*Las inscripciones s\u00f3lo se considerar\u00e1n v\u00e1lidas una vez recibido el pago.<\/p>\t\t\t\t\t\t\t\t<\/div>\n\t\t\t\t<\/div>\n\t\t\t\t\t<\/div>\n\t\t<\/div>\n\t\t\t\t\t<\/div>\n\t\t<\/section>\n\t\t\t\t<div class=\"elementor-element elementor-element-2bf8c44 elementor-widget elementor-widget-spacer\" data-id=\"2bf8c44\" data-element_type=\"widget\" data-e-type=\"widget\" data-widget_type=\"spacer.default\">\n\t\t\t\t<div class=\"elementor-widget-container\">\n\t\t\t\t\t\t\t<div class=\"elementor-spacer\">\n\t\t\t<div class=\"elementor-spacer-inner\"><\/div>\n\t\t<\/div>\n\t\t\t\t\t\t<\/div>\n\t\t\t\t<\/div>\n\t\t\t\t\t<\/div>\n\t\t<\/div>\n\t\t\t\t\t<\/div>\n\t\t<\/section>\n\t\t\t\t<\/div>\n\t\t","protected":false},"excerpt":{"rendered":"<p>Reserva tu plaza en LSF Montpellier en s\u00f3lo 3 minutos. Disfrute de una estancia inolvidable en Montpellier. Rellene nuestro formulario de inscripci\u00f3n y reserve nuestros cursos. Crea y compra en [&hellip;]<\/p>\n","protected":false},"author":1,"featured_media":0,"parent":0,"menu_order":0,"comment_status":"closed","ping_status":"closed","template":"","meta":{"_acf_changed":false,"content-type":"","footnotes":""},"class_list":["post-400154","page","type-page","status-publish","hentry"],"acf":[],"yoast_head":"<!-- This site is optimized with the Yoast SEO plugin v27.5 - https:\/\/yoast.com\/product\/yoast-seo-wordpress\/ -->\n<title>Formulario de reserva - LSF | Learn French in South of France<\/title>\n<meta name=\"robots\" content=\"index, follow, max-snippet:-1, max-image-preview:large, max-video-preview:-1\" \/>\n<link rel=\"canonical\" href=\"https:\/\/lsf-france.com\/adults-booking-form\/\" \/>\n<meta property=\"og:locale\" content=\"es_ES\" \/>\n<meta property=\"og:type\" content=\"article\" \/>\n<meta property=\"og:title\" content=\"Formulario de reserva - LSF | Learn French in South of France\" \/>\n<meta property=\"og:description\" content=\"Reserva tu plaza en LSF Montpellier en s\u00f3lo 3 minutos. Disfrute de una estancia inolvidable en Montpellier. Rellene nuestro formulario de inscripci\u00f3n y reserve nuestros cursos. Crea y compra en [&hellip;]\" \/>\n<meta property=\"og:url\" content=\"https:\/\/lsf-france.com\/adults-booking-form\/\" \/>\n<meta property=\"og:site_name\" content=\"LSF | Learn French in South of France\" \/>\n<meta property=\"article:modified_time\" content=\"2026-02-16T13:18:47+00:00\" \/>\n<meta name=\"twitter:card\" content=\"summary_large_image\" \/>\n<meta name=\"twitter:label1\" content=\"Tiempo de lectura\" \/>\n\t<meta name=\"twitter:data1\" content=\"1 minuto\" \/>\n<script type=\"application\/ld+json\" class=\"yoast-schema-graph\">{\"@context\":\"https:\\\/\\\/schema.org\",\"@graph\":[{\"@type\":\"WebPage\",\"@id\":\"https:\\\/\\\/lsf-france.com\\\/adults-booking-form\\\/\",\"url\":\"https:\\\/\\\/lsf-france.com\\\/adults-booking-form\\\/\",\"name\":\"Formulario de reserva - LSF | Learn French in South of France\",\"isPartOf\":{\"@id\":\"https:\\\/\\\/lsf-france.com\\\/es\\\/#website\"},\"datePublished\":\"2021-11-25T08:59:39+00:00\",\"dateModified\":\"2026-02-16T13:18:47+00:00\",\"breadcrumb\":{\"@id\":\"https:\\\/\\\/lsf-france.com\\\/adults-booking-form\\\/#breadcrumb\"},\"inLanguage\":\"es\",\"potentialAction\":[{\"@type\":\"ReadAction\",\"target\":[\"https:\\\/\\\/lsf-france.com\\\/adults-booking-form\\\/\"]}]},{\"@type\":\"BreadcrumbList\",\"@id\":\"https:\\\/\\\/lsf-france.com\\\/adults-booking-form\\\/#breadcrumb\",\"itemListElement\":[{\"@type\":\"ListItem\",\"position\":1,\"name\":\"Home\",\"item\":\"https:\\\/\\\/lsf-france.com\\\/es\\\/\"},{\"@type\":\"ListItem\",\"position\":2,\"name\":\"Formulario de reserva\"}]},{\"@type\":\"WebSite\",\"@id\":\"https:\\\/\\\/lsf-france.com\\\/es\\\/#website\",\"url\":\"https:\\\/\\\/lsf-france.com\\\/es\\\/\",\"name\":\"LSF | Learn French in South of France\",\"description\":\"Learn French in France, Montpellier French Language School, LSF\",\"publisher\":{\"@id\":\"https:\\\/\\\/lsf-france.com\\\/es\\\/#organization\"},\"potentialAction\":[{\"@type\":\"SearchAction\",\"target\":{\"@type\":\"EntryPoint\",\"urlTemplate\":\"https:\\\/\\\/lsf-france.com\\\/es\\\/?s={search_term_string}\"},\"query-input\":{\"@type\":\"PropertyValueSpecification\",\"valueRequired\":true,\"valueName\":\"search_term_string\"}}],\"inLanguage\":\"es\"},{\"@type\":\"Organization\",\"@id\":\"https:\\\/\\\/lsf-france.com\\\/es\\\/#organization\",\"name\":\"LSF Montpellier\",\"url\":\"https:\\\/\\\/lsf-france.com\\\/es\\\/\",\"logo\":{\"@type\":\"ImageObject\",\"inLanguage\":\"es\",\"@id\":\"https:\\\/\\\/lsf-france.com\\\/es\\\/#\\\/schema\\\/logo\\\/image\\\/\",\"url\":\"https:\\\/\\\/lsf-france.com\\\/wp-content\\\/uploads\\\/2018\\\/11\\\/PleinBleux2.png\",\"contentUrl\":\"https:\\\/\\\/lsf-france.com\\\/wp-content\\\/uploads\\\/2018\\\/11\\\/PleinBleux2.png\",\"width\":1000,\"height\":1000,\"caption\":\"LSF Montpellier\"},\"image\":{\"@id\":\"https:\\\/\\\/lsf-france.com\\\/es\\\/#\\\/schema\\\/logo\\\/image\\\/\"}}]}<\/script>\n<!-- \/ Yoast SEO plugin. -->","yoast_head_json":{"title":"Formulario de reserva - LSF | Learn French in South of France","robots":{"index":"index","follow":"follow","max-snippet":"max-snippet:-1","max-image-preview":"max-image-preview:large","max-video-preview":"max-video-preview:-1"},"canonical":"https:\/\/lsf-france.com\/adults-booking-form\/","og_locale":"es_ES","og_type":"article","og_title":"Formulario de reserva - LSF | Learn French in South of France","og_description":"Reserva tu plaza en LSF Montpellier en s\u00f3lo 3 minutos. Disfrute de una estancia inolvidable en Montpellier. Rellene nuestro formulario de inscripci\u00f3n y reserve nuestros cursos. Crea y compra en [&hellip;]","og_url":"https:\/\/lsf-france.com\/adults-booking-form\/","og_site_name":"LSF | Learn French in South of France","article_modified_time":"2026-02-16T13:18:47+00:00","twitter_card":"summary_large_image","twitter_misc":{"Tiempo de lectura":"1 minuto"},"schema":{"@context":"https:\/\/schema.org","@graph":[{"@type":"WebPage","@id":"https:\/\/lsf-france.com\/adults-booking-form\/","url":"https:\/\/lsf-france.com\/adults-booking-form\/","name":"Formulario de reserva - LSF | Learn French in South of France","isPartOf":{"@id":"https:\/\/lsf-france.com\/es\/#website"},"datePublished":"2021-11-25T08:59:39+00:00","dateModified":"2026-02-16T13:18:47+00:00","breadcrumb":{"@id":"https:\/\/lsf-france.com\/adults-booking-form\/#breadcrumb"},"inLanguage":"es","potentialAction":[{"@type":"ReadAction","target":["https:\/\/lsf-france.com\/adults-booking-form\/"]}]},{"@type":"BreadcrumbList","@id":"https:\/\/lsf-france.com\/adults-booking-form\/#breadcrumb","itemListElement":[{"@type":"ListItem","position":1,"name":"Home","item":"https:\/\/lsf-france.com\/es\/"},{"@type":"ListItem","position":2,"name":"Formulario de reserva"}]},{"@type":"WebSite","@id":"https:\/\/lsf-france.com\/es\/#website","url":"https:\/\/lsf-france.com\/es\/","name":"LSF | Learn French in South of France","description":"Learn French in France, Montpellier French Language School, LSF","publisher":{"@id":"https:\/\/lsf-france.com\/es\/#organization"},"potentialAction":[{"@type":"SearchAction","target":{"@type":"EntryPoint","urlTemplate":"https:\/\/lsf-france.com\/es\/?s={search_term_string}"},"query-input":{"@type":"PropertyValueSpecification","valueRequired":true,"valueName":"search_term_string"}}],"inLanguage":"es"},{"@type":"Organization","@id":"https:\/\/lsf-france.com\/es\/#organization","name":"LSF Montpellier","url":"https:\/\/lsf-france.com\/es\/","logo":{"@type":"ImageObject","inLanguage":"es","@id":"https:\/\/lsf-france.com\/es\/#\/schema\/logo\/image\/","url":"https:\/\/lsf-france.com\/wp-content\/uploads\/2018\/11\/PleinBleux2.png","contentUrl":"https:\/\/lsf-france.com\/wp-content\/uploads\/2018\/11\/PleinBleux2.png","width":1000,"height":1000,"caption":"LSF Montpellier"},"image":{"@id":"https:\/\/lsf-france.com\/es\/#\/schema\/logo\/image\/"}}]}},"_links":{"self":[{"href":"https:\/\/lsf-france.com\/es\/wp-json\/wp\/v2\/pages\/400154","targetHints":{"allow":["GET"]}}],"collection":[{"href":"https:\/\/lsf-france.com\/es\/wp-json\/wp\/v2\/pages"}],"about":[{"href":"https:\/\/lsf-france.com\/es\/wp-json\/wp\/v2\/types\/page"}],"author":[{"embeddable":true,"href":"https:\/\/lsf-france.com\/es\/wp-json\/wp\/v2\/users\/1"}],"replies":[{"embeddable":true,"href":"https:\/\/lsf-france.com\/es\/wp-json\/wp\/v2\/comments?post=400154"}],"version-history":[{"count":39,"href":"https:\/\/lsf-france.com\/es\/wp-json\/wp\/v2\/pages\/400154\/revisions"}],"predecessor-version":[{"id":414878,"href":"https:\/\/lsf-france.com\/es\/wp-json\/wp\/v2\/pages\/400154\/revisions\/414878"}],"wp:attachment":[{"href":"https:\/\/lsf-france.com\/es\/wp-json\/wp\/v2\/media?parent=400154"}],"curies":[{"name":"wp","href":"https:\/\/api.w.org\/{rel}","templated":true}]}}