{"id":405343,"date":"2023-09-21T15:06:15","date_gmt":"2023-09-21T13:06:15","guid":{"rendered":"https:\/\/lsf-france.com\/formulario-de-reserva-para-adultos-2024\/"},"modified":"2024-11-08T16:18:58","modified_gmt":"2024-11-08T15:18:58","slug":"formulario-de-reserva-para-adultos-2024","status":"publish","type":"page","link":"https:\/\/lsf-france.com\/es\/formulario-de-reserva-para-adultos-2024\/","title":{"rendered":"Formulario de reserva para adultos"},"content":{"rendered":"\t\t<div data-elementor-type=\"wp-page\" data-elementor-id=\"405343\" class=\"elementor elementor-405343 elementor-405328\" data-elementor-post-type=\"page\">\n\t\t\t\t\t\t<section class=\"elementor-section elementor-top-section elementor-element elementor-element-338a5e56 elementor-section-boxed elementor-section-height-default elementor-section-height-default\" data-id=\"338a5e56\" data-element_type=\"section\" data-e-type=\"section\">\n\t\t\t\t\t\t<div class=\"elementor-container elementor-column-gap-default\">\n\t\t\t\t\t<div class=\"elementor-column elementor-col-100 elementor-top-column elementor-element elementor-element-705d34ae\" data-id=\"705d34ae\" data-element_type=\"column\" data-e-type=\"column\">\n\t\t\t<div class=\"elementor-widget-wrap elementor-element-populated\">\n\t\t\t\t\t\t<div class=\"elementor-element elementor-element-463a378 elementor-widget elementor-widget-spacer\" data-id=\"463a378\" data-element_type=\"widget\" data-e-type=\"widget\" data-widget_type=\"spacer.default\">\n\t\t\t\t<div class=\"elementor-widget-container\">\n\t\t\t\t\t\t\t<div class=\"elementor-spacer\">\n\t\t\t<div class=\"elementor-spacer-inner\"><\/div>\n\t\t<\/div>\n\t\t\t\t\t\t<\/div>\n\t\t\t\t<\/div>\n\t\t\t\t<div class=\"elementor-element elementor-element-b85f4e7 elementor-widget elementor-widget-html\" data-id=\"b85f4e7\" data-element_type=\"widget\" data-e-type=\"widget\" data-widget_type=\"html.default\">\n\t\t\t\t<div class=\"elementor-widget-container\">\n\t\t\t\t\t<noscript>Please enable JavaScript to continue with this form.<\/noscript>\r\n<fidelo-widget><\/fidelo-widget>\r\n<script src=\"https:\/\/proxy.fidelo.com\/app\/widget\/1.0\/klf\/js\/widget.js?c=HVK6WQWYZXA3ZQAQ&l=es\"><\/script>\r\n\t\t\t\t<\/div>\n\t\t\t\t<\/div>\n\t\t\t\t\t<\/div>\n\t\t<\/div>\n\t\t\t\t\t<\/div>\n\t\t<\/section>\n\t\t\t\t<section class=\"elementor-section elementor-top-section elementor-element elementor-element-be1054c elementor-section-boxed elementor-section-height-default elementor-section-height-default\" data-id=\"be1054c\" data-element_type=\"section\" data-e-type=\"section\">\n\t\t\t\t\t\t<div class=\"elementor-container elementor-column-gap-default\">\n\t\t\t\t\t<div class=\"elementor-column elementor-col-100 elementor-top-column elementor-element elementor-element-0510eb4\" data-id=\"0510eb4\" data-element_type=\"column\" data-e-type=\"column\">\n\t\t\t<div class=\"elementor-widget-wrap elementor-element-populated\">\n\t\t\t\t\t\t<div class=\"elementor-element elementor-element-8a24fa8 elementor-widget-divider--view-line elementor-widget elementor-widget-divider\" data-id=\"8a24fa8\" data-element_type=\"widget\" data-e-type=\"widget\" data-widget_type=\"divider.default\">\n\t\t\t\t<div class=\"elementor-widget-container\">\n\t\t\t\t\t\t\t<div class=\"elementor-divider\">\n\t\t\t<span class=\"elementor-divider-separator\">\n\t\t\t\t\t\t<\/span>\n\t\t<\/div>\n\t\t\t\t\t\t<\/div>\n\t\t\t\t<\/div>\n\t\t\t\t<div class=\"elementor-element elementor-element-c61aea4 elementor-widget elementor-widget-text-editor\" data-id=\"c61aea4\" data-element_type=\"widget\" data-e-type=\"widget\" data-widget_type=\"text-editor.default\">\n\t\t\t\t<div class=\"elementor-widget-container\">\n\t\t\t\t\t\t\t\t\t<i>*Para reservas de \u00faltima hora (menos de 4 d\u00edas antes del comienzo del curso), p\u00f3ngase en contacto con nosotros antes en <\/i><a href=\"mailto:contact@lsf-france.com\">contact@lsf-france.com<\/a><i>, para comprobar la disponibilidad.<\/i>\r\n\r\n*\u00a1ATENCI\u00d3N! Para los principiantes absolutos, Nivel A0, habr\u00e1 fechas de inicio espec\u00edficas.\r\n\r\n* Atenci\u00f3n: durante los d\u00edas festivos y de acuerdo con nuestras condiciones generales de venta, la escuela permanecer\u00e1 cerrada y no se ofrecer\u00e1n cursos de recuperaci\u00f3n.\r\n\r\n* Clases por la ma\u00f1ana o por la tarde, dependiendo de su nivel y de la ocupaci\u00f3n de los cursos de la escuela.\r\n\r\n*Toda inscripci\u00f3n s\u00f3lo se considerar\u00e1 v\u00e1lida una vez recibido el pago.\t\t\t\t\t\t\t\t<\/div>\n\t\t\t\t<\/div>\n\t\t\t\t\t<\/div>\n\t\t<\/div>\n\t\t\t\t\t<\/div>\n\t\t<\/section>\n\t\t\t\t<\/div>\n\t\t","protected":false},"excerpt":{"rendered":"<p>Please enable JavaScript to continue with this form. *Para reservas de \u00faltima hora (menos de 4 d\u00edas antes del comienzo del curso), p\u00f3ngase en contacto con nosotros antes en contact@lsf-france.com, [&hellip;]<\/p>\n","protected":false},"author":1,"featured_media":0,"parent":0,"menu_order":0,"comment_status":"closed","ping_status":"closed","template":"","meta":{"_acf_changed":false,"content-type":"","footnotes":""},"class_list":["post-405343","page","type-page","status-publish","hentry"],"acf":[],"_links":{"self":[{"href":"https:\/\/lsf-france.com\/es\/wp-json\/wp\/v2\/pages\/405343","targetHints":{"allow":["GET"]}}],"collection":[{"href":"https:\/\/lsf-france.com\/es\/wp-json\/wp\/v2\/pages"}],"about":[{"href":"https:\/\/lsf-france.com\/es\/wp-json\/wp\/v2\/types\/page"}],"author":[{"embeddable":true,"href":"https:\/\/lsf-france.com\/es\/wp-json\/wp\/v2\/users\/1"}],"replies":[{"embeddable":true,"href":"https:\/\/lsf-france.com\/es\/wp-json\/wp\/v2\/comments?post=405343"}],"version-history":[{"count":14,"href":"https:\/\/lsf-france.com\/es\/wp-json\/wp\/v2\/pages\/405343\/revisions"}],"predecessor-version":[{"id":412395,"href":"https:\/\/lsf-france.com\/es\/wp-json\/wp\/v2\/pages\/405343\/revisions\/412395"}],"wp:attachment":[{"href":"https:\/\/lsf-france.com\/es\/wp-json\/wp\/v2\/media?parent=405343"}],"curies":[{"name":"wp","href":"https:\/\/api.w.org\/{rel}","templated":true}]}}