{"id":407429,"date":"2023-11-20T08:04:23","date_gmt":"2023-11-20T07:04:23","guid":{"rendered":"https:\/\/lsf-france.com\/cursos-de-frances-en-montpellier-francia-y-en-linea\/"},"modified":"2025-10-31T10:56:41","modified_gmt":"2025-10-31T09:56:41","slug":"cursos-de-frances-en-montpellier-francia-y-en-linea","status":"publish","type":"page","link":"https:\/\/lsf-france.com\/es\/cursos-de-frances-en-montpellier-francia-y-en-linea\/","title":{"rendered":"Cursos de franc\u00e9s en Montpellier, Francia y en l\u00ednea"},"content":{"rendered":"\t\t<div data-elementor-type=\"wp-page\" data-elementor-id=\"407429\" class=\"elementor elementor-407429 elementor-406907\" data-elementor-post-type=\"page\">\n\t\t\t\t\t\t<section class=\"elementor-section elementor-top-section elementor-element elementor-element-b9ae00e elementor-section-boxed elementor-section-height-default elementor-section-height-default\" data-id=\"b9ae00e\" data-element_type=\"section\" data-e-type=\"section\">\n\t\t\t\t\t\t<div class=\"elementor-container elementor-column-gap-default\">\n\t\t\t\t\t<div class=\"elementor-column elementor-col-100 elementor-top-column elementor-element elementor-element-13f2ff7\" data-id=\"13f2ff7\" data-element_type=\"column\" data-e-type=\"column\">\n\t\t\t<div class=\"elementor-widget-wrap elementor-element-populated\">\n\t\t\t\t\t\t<div class=\"elementor-element elementor-element-753fcb5 elementor-widget elementor-widget-heading\" data-id=\"753fcb5\" data-element_type=\"widget\" data-e-type=\"widget\" data-widget_type=\"heading.default\">\n\t\t\t\t<div class=\"elementor-widget-container\">\n\t\t\t\t\t<h2 class=\"elementor-heading-title elementor-size-default\">Descubra nuestros cursos de franc\u00e9s:<\/h2>\t\t\t\t<\/div>\n\t\t\t\t<\/div>\n\t\t\t\t<div class=\"elementor-element elementor-element-429f479 elementor-widget elementor-widget-text-editor\" data-id=\"429f479\" data-element_type=\"widget\" data-e-type=\"widget\" data-widget_type=\"text-editor.default\">\n\t\t\t\t<div class=\"elementor-widget-container\">\n\t\t\t\t\t\t\t\t\t<p>Nuestra escuela de franc\u00e9s LSF Montpellier ofrece cursos de inmersi\u00f3n en franc\u00e9s en Montpellier para adultos, profesores de franc\u00e9s, j\u00f3venes y grupos escolares. La escuela tambi\u00e9n ofrece cursos de franc\u00e9s en l\u00ednea. Por \u00faltimo, es un centro oficial para los ex\u00e1menes de franc\u00e9s TEF y DFP.<\/p>\t\t\t\t\t\t\t\t<\/div>\n\t\t\t\t<\/div>\n\t\t\t\t\t<\/div>\n\t\t<\/div>\n\t\t\t\t\t<\/div>\n\t\t<\/section>\n\t\t\t\t<section class=\"elementor-section elementor-top-section elementor-element elementor-element-e4b9f07 elementor-section-boxed elementor-section-height-default elementor-section-height-default\" data-id=\"e4b9f07\" data-element_type=\"section\" data-e-type=\"section\">\n\t\t\t\t\t\t<div class=\"elementor-container elementor-column-gap-default\">\n\t\t\t\t\t<div class=\"elementor-column elementor-col-100 elementor-top-column elementor-element elementor-element-dfb52a9\" data-id=\"dfb52a9\" data-element_type=\"column\" data-e-type=\"column\">\n\t\t\t<div class=\"elementor-widget-wrap elementor-element-populated\">\n\t\t\t\t\t\t<div class=\"elementor-element elementor-element-5bea80c elementor-widget elementor-widget-heading\" data-id=\"5bea80c\" data-element_type=\"widget\" data-e-type=\"widget\" data-widget_type=\"heading.default\">\n\t\t\t\t<div class=\"elementor-widget-container\">\n\t\t\t\t\t<h2 class=\"elementor-heading-title elementor-size-default\">Cursos de franc\u00e9s para adultos:<\/h2>\t\t\t\t<\/div>\n\t\t\t\t<\/div>\n\t\t\t\t\t<\/div>\n\t\t<\/div>\n\t\t\t\t\t<\/div>\n\t\t<\/section>\n\t\t\t\t<section class=\"elementor-section elementor-top-section elementor-element elementor-element-10a0062 elementor-section-boxed elementor-section-height-default elementor-section-height-default\" data-id=\"10a0062\" data-element_type=\"section\" data-e-type=\"section\">\n\t\t\t\t\t\t<div class=\"elementor-container elementor-column-gap-default\">\n\t\t\t\t\t<div class=\"elementor-column elementor-col-33 elementor-top-column elementor-element elementor-element-2548c3b\" data-id=\"2548c3b\" data-element_type=\"column\" data-e-type=\"column\">\n\t\t\t<div class=\"elementor-widget-wrap elementor-element-populated\">\n\t\t\t\t\t\t<div class=\"elementor-element elementor-element-4ebf58f elementor-position-top elementor-widget elementor-widget-image-box\" data-id=\"4ebf58f\" data-element_type=\"widget\" data-e-type=\"widget\" data-widget_type=\"image-box.default\">\n\t\t\t\t<div class=\"elementor-widget-container\">\n\t\t\t\t\t<div class=\"elementor-image-box-wrapper\"><figure class=\"elementor-image-box-img\"><a href=\"https:\/\/lsf-france.com\/es\/cursos-de-frances-en-montpellier-francia-y-en-linea\/cursos-de-frances-para-adultos-en-francia\/\" tabindex=\"-1\"><img fetchpriority=\"high\" decoding=\"async\" width=\"1200\" height=\"800\" src=\"https:\/\/lsf-france.com\/wp-content\/uploads\/2023\/07\/2-General-French-Courses.jpg\" class=\"attachment-full size-full wp-image-404518\" alt=\"\" srcset=\"https:\/\/lsf-france.com\/wp-content\/uploads\/2023\/07\/2-General-French-Courses.jpg 1200w, https:\/\/lsf-france.com\/wp-content\/uploads\/2023\/07\/2-General-French-Courses-300x200.jpg 300w, https:\/\/lsf-france.com\/wp-content\/uploads\/2023\/07\/2-General-French-Courses-1024x683.jpg 1024w, https:\/\/lsf-france.com\/wp-content\/uploads\/2023\/07\/2-General-French-Courses-768x512.jpg 768w\" sizes=\"(max-width: 1200px) 100vw, 1200px\" \/><\/a><\/figure><div class=\"elementor-image-box-content\"><h3 class=\"elementor-image-box-title\"><a href=\"https:\/\/lsf-france.com\/es\/cursos-de-frances-en-montpellier-francia-y-en-linea\/cursos-de-frances-para-adultos-en-francia\/\">Cursos de franc\u00e9s para adultos en Francia<\/a><\/h3><p class=\"elementor-image-box-description\">LSF Montpellier se distingue por la calidad de su ense\u00f1anza y la gran diversidad de sus alumnos: diversidad de objetivos, niveles, edades y culturas. En la escuela se respira un ambiente c\u00e1lido que es apreciado por todos. LSF tambi\u00e9n ofrece una amplia gama de actividades: deporte y ocio, arte y cultura, historia y gastronom\u00eda...<\/p><\/div><\/div>\t\t\t\t<\/div>\n\t\t\t\t<\/div>\n\t\t\t\t<div class=\"elementor-element elementor-element-fa1aa92 elementor-align-center elementor-widget elementor-widget-button\" data-id=\"fa1aa92\" data-element_type=\"widget\" data-e-type=\"widget\" data-widget_type=\"button.default\">\n\t\t\t\t<div class=\"elementor-widget-container\">\n\t\t\t\t\t\t\t\t\t<div class=\"elementor-button-wrapper\">\n\t\t\t\t\t<a class=\"elementor-button elementor-button-link elementor-size-sm\" href=\"https:\/\/lsf-france.com\/es\/cursos-de-frances-en-montpellier-francia-y-en-linea\/cursos-de-frances-para-adultos-en-francia\/\">\n\t\t\t\t\t\t<span class=\"elementor-button-content-wrapper\">\n\t\t\t\t\t\t\t\t\t<span class=\"elementor-button-text\">M\u00e1s informaci\u00f3n<\/span>\n\t\t\t\t\t<\/span>\n\t\t\t\t\t<\/a>\n\t\t\t\t<\/div>\n\t\t\t\t\t\t\t\t<\/div>\n\t\t\t\t<\/div>\n\t\t\t\t\t<\/div>\n\t\t<\/div>\n\t\t\t\t<div class=\"elementor-column elementor-col-33 elementor-top-column elementor-element elementor-element-c661b1e\" data-id=\"c661b1e\" data-element_type=\"column\" data-e-type=\"column\">\n\t\t\t<div class=\"elementor-widget-wrap elementor-element-populated\">\n\t\t\t\t\t\t<div class=\"elementor-element elementor-element-11cf0d0 elementor-position-top elementor-widget elementor-widget-image-box\" data-id=\"11cf0d0\" data-element_type=\"widget\" data-e-type=\"widget\" data-widget_type=\"image-box.default\">\n\t\t\t\t<div class=\"elementor-widget-container\">\n\t\t\t\t\t<div class=\"elementor-image-box-wrapper\"><figure class=\"elementor-image-box-img\"><a href=\"https:\/\/lsf-france.com\/es\/cursos-de-frances-en-montpellier-francia-y-en-linea\/cursos-de-frances-en-linea\/\" tabindex=\"-1\"><img decoding=\"async\" width=\"2000\" height=\"1334\" src=\"https:\/\/lsf-france.com\/wp-content\/uploads\/2020\/11\/shutterstock_1674180091-1.jpg\" class=\"attachment-full size-full wp-image-388486\" alt=\"Cursos de franc\u00e9s en l\u00ednea\" srcset=\"https:\/\/lsf-france.com\/wp-content\/uploads\/2020\/11\/shutterstock_1674180091-1.jpg 2000w, https:\/\/lsf-france.com\/wp-content\/uploads\/2020\/11\/shutterstock_1674180091-1-600x400.jpg 600w, https:\/\/lsf-france.com\/wp-content\/uploads\/2020\/11\/shutterstock_1674180091-1-300x200.jpg 300w, https:\/\/lsf-france.com\/wp-content\/uploads\/2020\/11\/shutterstock_1674180091-1-1024x683.jpg 1024w, https:\/\/lsf-france.com\/wp-content\/uploads\/2020\/11\/shutterstock_1674180091-1-768x512.jpg 768w, https:\/\/lsf-france.com\/wp-content\/uploads\/2020\/11\/shutterstock_1674180091-1-1536x1025.jpg 1536w, https:\/\/lsf-france.com\/wp-content\/uploads\/2020\/11\/shutterstock_1674180091-1-640x427.jpg 640w, https:\/\/lsf-france.com\/wp-content\/uploads\/2020\/11\/shutterstock_1674180091-1-400x267.jpg 400w\" sizes=\"(max-width: 2000px) 100vw, 2000px\" \/><\/a><\/figure><div class=\"elementor-image-box-content\"><h3 class=\"elementor-image-box-title\"><a href=\"https:\/\/lsf-france.com\/es\/cursos-de-frances-en-montpellier-francia-y-en-linea\/cursos-de-frances-en-linea\/\">Cursos de franc\u00e9s en l\u00ednea<\/a><\/h3><p class=\"elementor-image-box-description\">LSF Montpellier pone en valor su experiencia en e-Learning y formaci\u00f3n a distancia y lanza el programa Keep Learning French que gira en torno a un sencillo principio: \"Empieza a aprender franc\u00e9s en casa antes de venir a Francia para una estancia de inmersi\u00f3n (si decides venir)\"...<\/p><\/div><\/div>\t\t\t\t<\/div>\n\t\t\t\t<\/div>\n\t\t\t\t<div class=\"elementor-element elementor-element-9f5217f elementor-align-center elementor-widget elementor-widget-button\" data-id=\"9f5217f\" data-element_type=\"widget\" data-e-type=\"widget\" data-widget_type=\"button.default\">\n\t\t\t\t<div class=\"elementor-widget-container\">\n\t\t\t\t\t\t\t\t\t<div class=\"elementor-button-wrapper\">\n\t\t\t\t\t<a class=\"elementor-button elementor-button-link elementor-size-sm\" href=\"https:\/\/lsf-france.com\/es\/cursos-de-frances-en-montpellier-francia-y-en-linea\/cursos-de-frances-en-linea\/\">\n\t\t\t\t\t\t<span class=\"elementor-button-content-wrapper\">\n\t\t\t\t\t\t\t\t\t<span class=\"elementor-button-text\">M\u00e1s informaci\u00f3n<\/span>\n\t\t\t\t\t<\/span>\n\t\t\t\t\t<\/a>\n\t\t\t\t<\/div>\n\t\t\t\t\t\t\t\t<\/div>\n\t\t\t\t<\/div>\n\t\t\t\t\t<\/div>\n\t\t<\/div>\n\t\t\t\t<div class=\"elementor-column elementor-col-33 elementor-top-column elementor-element elementor-element-3df83db\" data-id=\"3df83db\" data-element_type=\"column\" data-e-type=\"column\">\n\t\t\t<div class=\"elementor-widget-wrap elementor-element-populated\">\n\t\t\t\t\t\t<div class=\"elementor-element elementor-element-4fbea55 elementor-position-top elementor-widget elementor-widget-image-box\" data-id=\"4fbea55\" data-element_type=\"widget\" data-e-type=\"widget\" data-widget_type=\"image-box.default\">\n\t\t\t\t<div class=\"elementor-widget-container\">\n\t\t\t\t\t<div class=\"elementor-image-box-wrapper\"><figure class=\"elementor-image-box-img\"><a href=\"https:\/\/lsf-france.com\/es\/cursos-de-frances-en-montpellier-francia\/cursos-de-frances-para-profesores\/\" tabindex=\"-1\"><img decoding=\"async\" width=\"2048\" height=\"1366\" src=\"https:\/\/lsf-france.com\/wp-content\/uploads\/2024\/09\/03_KLF_MONTPELLIER_364_websize.jpg\" class=\"attachment-full size-full wp-image-411234\" alt=\"\" srcset=\"https:\/\/lsf-france.com\/wp-content\/uploads\/2024\/09\/03_KLF_MONTPELLIER_364_websize.jpg 2048w, https:\/\/lsf-france.com\/wp-content\/uploads\/2024\/09\/03_KLF_MONTPELLIER_364_websize-300x200.jpg 300w, https:\/\/lsf-france.com\/wp-content\/uploads\/2024\/09\/03_KLF_MONTPELLIER_364_websize-1024x683.jpg 1024w, https:\/\/lsf-france.com\/wp-content\/uploads\/2024\/09\/03_KLF_MONTPELLIER_364_websize-768x512.jpg 768w, https:\/\/lsf-france.com\/wp-content\/uploads\/2024\/09\/03_KLF_MONTPELLIER_364_websize-1536x1025.jpg 1536w\" sizes=\"(max-width: 2048px) 100vw, 2048px\" \/><\/a><\/figure><div class=\"elementor-image-box-content\"><h3 class=\"elementor-image-box-title\"><a href=\"https:\/\/lsf-france.com\/es\/cursos-de-frances-en-montpellier-francia\/cursos-de-frances-para-profesores\/\">Cursos para profesores de franc\u00e9s<\/a><\/h3><p class=\"elementor-image-box-description\">LSF ofrece pr\u00e1cticas y formaci\u00f3n para profesores de franc\u00e9s establecidos fuera de Francia (escuela primaria, secundaria, bachillerato, universidad, institutos de idiomas). El objetivo de estos cursos es dar a los profesores las claves para desarrollar la fluidez escrita y oral de sus alumnos y proporcionarles nuevas e innovadoras t\u00e9cnicas de ense\u00f1anza...<\/p><\/div><\/div>\t\t\t\t<\/div>\n\t\t\t\t<\/div>\n\t\t\t\t<div class=\"elementor-element elementor-element-afba741 elementor-align-center elementor-widget elementor-widget-button\" data-id=\"afba741\" data-element_type=\"widget\" data-e-type=\"widget\" data-widget_type=\"button.default\">\n\t\t\t\t<div class=\"elementor-widget-container\">\n\t\t\t\t\t\t\t\t\t<div class=\"elementor-button-wrapper\">\n\t\t\t\t\t<a class=\"elementor-button elementor-button-link elementor-size-sm\" href=\"https:\/\/erasmus.klf.fr\/\" target=\"_blank\" rel=\"noopener\">\n\t\t\t\t\t\t<span class=\"elementor-button-content-wrapper\">\n\t\t\t\t\t\t\t\t\t<span class=\"elementor-button-text\">M\u00e1s informaci\u00f3n<\/span>\n\t\t\t\t\t<\/span>\n\t\t\t\t\t<\/a>\n\t\t\t\t<\/div>\n\t\t\t\t\t\t\t\t<\/div>\n\t\t\t\t<\/div>\n\t\t\t\t\t<\/div>\n\t\t<\/div>\n\t\t\t\t\t<\/div>\n\t\t<\/section>\n\t\t\t\t<section class=\"elementor-section elementor-top-section elementor-element elementor-element-701bfbc elementor-section-boxed elementor-section-height-default elementor-section-height-default\" data-id=\"701bfbc\" data-element_type=\"section\" data-e-type=\"section\">\n\t\t\t\t\t\t<div class=\"elementor-container elementor-column-gap-default\">\n\t\t\t\t\t<div class=\"elementor-column elementor-col-100 elementor-top-column elementor-element elementor-element-5a0d067\" data-id=\"5a0d067\" data-element_type=\"column\" data-e-type=\"column\">\n\t\t\t<div class=\"elementor-widget-wrap elementor-element-populated\">\n\t\t\t\t\t\t<div class=\"elementor-element elementor-element-6f4d368 elementor-widget elementor-widget-heading\" data-id=\"6f4d368\" data-element_type=\"widget\" data-e-type=\"widget\" data-widget_type=\"heading.default\">\n\t\t\t\t<div class=\"elementor-widget-container\">\n\t\t\t\t\t<h2 class=\"elementor-heading-title elementor-size-default\">Cursos de franc\u00e9s para j\u00faniors y grupos:<\/h2>\t\t\t\t<\/div>\n\t\t\t\t<\/div>\n\t\t\t\t\t<\/div>\n\t\t<\/div>\n\t\t\t\t\t<\/div>\n\t\t<\/section>\n\t\t\t\t<section class=\"elementor-section elementor-top-section elementor-element elementor-element-185e4e2 elementor-section-boxed elementor-section-height-default elementor-section-height-default\" data-id=\"185e4e2\" data-element_type=\"section\" data-e-type=\"section\">\n\t\t\t\t\t\t<div class=\"elementor-container elementor-column-gap-default\">\n\t\t\t\t\t<div class=\"elementor-column elementor-col-33 elementor-top-column elementor-element elementor-element-8d48b1c\" data-id=\"8d48b1c\" data-element_type=\"column\" data-e-type=\"column\">\n\t\t\t<div class=\"elementor-widget-wrap elementor-element-populated\">\n\t\t\t\t\t\t<div class=\"elementor-element elementor-element-dfd9c19 elementor-position-top elementor-widget elementor-widget-image-box\" data-id=\"dfd9c19\" data-element_type=\"widget\" data-e-type=\"widget\" data-widget_type=\"image-box.default\">\n\t\t\t\t<div class=\"elementor-widget-container\">\n\t\t\t\t\t<div class=\"elementor-image-box-wrapper\"><figure class=\"elementor-image-box-img\"><a href=\"https:\/\/klf.fr\/french-courses-for-groups\/\" target=\"_blank\" tabindex=\"-1\" rel=\"noopener\"><img loading=\"lazy\" decoding=\"async\" width=\"2048\" height=\"1365\" src=\"https:\/\/lsf-france.com\/wp-content\/uploads\/2024\/09\/03_KLF_MONTPELLIER_402_websize.jpg\" class=\"attachment-full size-full wp-image-411222\" alt=\"\" srcset=\"https:\/\/lsf-france.com\/wp-content\/uploads\/2024\/09\/03_KLF_MONTPELLIER_402_websize.jpg 2048w, https:\/\/lsf-france.com\/wp-content\/uploads\/2024\/09\/03_KLF_MONTPELLIER_402_websize-300x200.jpg 300w, https:\/\/lsf-france.com\/wp-content\/uploads\/2024\/09\/03_KLF_MONTPELLIER_402_websize-1024x683.jpg 1024w, https:\/\/lsf-france.com\/wp-content\/uploads\/2024\/09\/03_KLF_MONTPELLIER_402_websize-768x512.jpg 768w, https:\/\/lsf-france.com\/wp-content\/uploads\/2024\/09\/03_KLF_MONTPELLIER_402_websize-1536x1024.jpg 1536w\" sizes=\"(max-width: 2048px) 100vw, 2048px\" \/><\/a><\/figure><div class=\"elementor-image-box-content\"><h3 class=\"elementor-image-box-title\"><a href=\"https:\/\/klf.fr\/french-courses-for-groups\/\" target=\"_blank\" rel=\"noopener\">Grupos privados Cursos de franc\u00e9s en Francia<\/a><\/h3><p class=\"elementor-image-box-description\">LSF Montpellier regularly receives school groups from England, Switzerland, Germany, Spain, Italy and Australia\u2026 Custom-designed programmes are offered to classes of students accompanied by their teachers. French courses, discovery of French culture and activities make up a stay combining language learning and pleasure...<\/p><\/div><\/div>\t\t\t\t<\/div>\n\t\t\t\t<\/div>\n\t\t\t\t<div class=\"elementor-element elementor-element-cb0995e elementor-align-center elementor-widget elementor-widget-button\" data-id=\"cb0995e\" data-element_type=\"widget\" data-e-type=\"widget\" data-widget_type=\"button.default\">\n\t\t\t\t<div class=\"elementor-widget-container\">\n\t\t\t\t\t\t\t\t\t<div class=\"elementor-button-wrapper\">\n\t\t\t\t\t<a class=\"elementor-button elementor-button-link elementor-size-sm\" href=\"https:\/\/klf.fr\/es\/french-courses-for-groups\/\" target=\"_blank\" rel=\"noopener\">\n\t\t\t\t\t\t<span class=\"elementor-button-content-wrapper\">\n\t\t\t\t\t\t\t\t\t<span class=\"elementor-button-text\">M\u00e1s informaci\u00f3n<\/span>\n\t\t\t\t\t<\/span>\n\t\t\t\t\t<\/a>\n\t\t\t\t<\/div>\n\t\t\t\t\t\t\t\t<\/div>\n\t\t\t\t<\/div>\n\t\t\t\t\t<\/div>\n\t\t<\/div>\n\t\t\t\t<div class=\"elementor-column elementor-col-33 elementor-top-column elementor-element elementor-element-ef374cf\" data-id=\"ef374cf\" data-element_type=\"column\" data-e-type=\"column\">\n\t\t\t<div class=\"elementor-widget-wrap elementor-element-populated\">\n\t\t\t\t\t\t<div class=\"elementor-element elementor-element-ad5500a elementor-position-top elementor-widget elementor-widget-image-box\" data-id=\"ad5500a\" data-element_type=\"widget\" data-e-type=\"widget\" data-widget_type=\"image-box.default\">\n\t\t\t\t<div class=\"elementor-widget-container\">\n\t\t\t\t\t<div class=\"elementor-image-box-wrapper\"><figure class=\"elementor-image-box-img\"><a href=\"https:\/\/klf.fr\/french-junior-camp-in-montpellier\/\" target=\"_blank\" tabindex=\"-1\" rel=\"noopener\"><img loading=\"lazy\" decoding=\"async\" width=\"2048\" height=\"1365\" src=\"https:\/\/lsf-france.com\/wp-content\/uploads\/2024\/09\/03_KLF_MONTPELLIER_343_websize.jpg\" class=\"attachment-full size-full wp-image-411266\" alt=\"\" srcset=\"https:\/\/lsf-france.com\/wp-content\/uploads\/2024\/09\/03_KLF_MONTPELLIER_343_websize.jpg 2048w, https:\/\/lsf-france.com\/wp-content\/uploads\/2024\/09\/03_KLF_MONTPELLIER_343_websize-300x200.jpg 300w, https:\/\/lsf-france.com\/wp-content\/uploads\/2024\/09\/03_KLF_MONTPELLIER_343_websize-1024x683.jpg 1024w, https:\/\/lsf-france.com\/wp-content\/uploads\/2024\/09\/03_KLF_MONTPELLIER_343_websize-768x512.jpg 768w, https:\/\/lsf-france.com\/wp-content\/uploads\/2024\/09\/03_KLF_MONTPELLIER_343_websize-1536x1024.jpg 1536w\" sizes=\"(max-width: 2048px) 100vw, 2048px\" \/><\/a><\/figure><div class=\"elementor-image-box-content\"><h3 class=\"elementor-image-box-title\"><a href=\"https:\/\/klf.fr\/french-junior-camp-in-montpellier\/\" target=\"_blank\" rel=\"noopener\">Cursos de franc\u00e9s para j\u00faniors en Francia<\/a><\/h3><p class=\"elementor-image-box-description\">Nuestro campamento de verano para j\u00f3venes es una f\u00f3rmula \u00fanica en Montpellier. Nuestro programa est\u00e1 especialmente dise\u00f1ado para j\u00f3venes y adolescentes que vienen a Francia para combinar una estancia ling\u00fc\u00edstica con unas vacaciones. LSF ofrece un paquete con todo incluido: Cursos de franc\u00e9s, alojamiento y un rico y variado programa de actividades...<\/p><\/div><\/div>\t\t\t\t<\/div>\n\t\t\t\t<\/div>\n\t\t\t\t<div class=\"elementor-element elementor-element-0b6c988 elementor-align-center elementor-widget elementor-widget-button\" data-id=\"0b6c988\" data-element_type=\"widget\" data-e-type=\"widget\" data-widget_type=\"button.default\">\n\t\t\t\t<div class=\"elementor-widget-container\">\n\t\t\t\t\t\t\t\t\t<div class=\"elementor-button-wrapper\">\n\t\t\t\t\t<a class=\"elementor-button elementor-button-link elementor-size-sm\" href=\"https:\/\/klf.fr\/es\/french-junior-camp-in-montpellier\/\" target=\"_blank\" rel=\"noopener\">\n\t\t\t\t\t\t<span class=\"elementor-button-content-wrapper\">\n\t\t\t\t\t\t\t\t\t<span class=\"elementor-button-text\">M\u00e1s informaci\u00f3n<\/span>\n\t\t\t\t\t<\/span>\n\t\t\t\t\t<\/a>\n\t\t\t\t<\/div>\n\t\t\t\t\t\t\t\t<\/div>\n\t\t\t\t<\/div>\n\t\t\t\t\t<\/div>\n\t\t<\/div>\n\t\t\t\t<div class=\"elementor-column elementor-col-33 elementor-top-column elementor-element elementor-element-77fbbe6\" data-id=\"77fbbe6\" data-element_type=\"column\" data-e-type=\"column\">\n\t\t\t<div class=\"elementor-widget-wrap\">\n\t\t\t\t\t\t\t<\/div>\n\t\t<\/div>\n\t\t\t\t\t<\/div>\n\t\t<\/section>\n\t\t\t\t<section class=\"elementor-section elementor-top-section elementor-element elementor-element-9d9f723 elementor-section-boxed elementor-section-height-default elementor-section-height-default\" data-id=\"9d9f723\" data-element_type=\"section\" data-e-type=\"section\">\n\t\t\t\t\t\t<div class=\"elementor-container elementor-column-gap-default\">\n\t\t\t\t\t<div class=\"elementor-column elementor-col-100 elementor-top-column elementor-element elementor-element-f472f76\" data-id=\"f472f76\" data-element_type=\"column\" data-e-type=\"column\">\n\t\t\t<div class=\"elementor-widget-wrap elementor-element-populated\">\n\t\t\t\t\t\t<div class=\"elementor-element elementor-element-0de41ec elementor-widget elementor-widget-heading\" data-id=\"0de41ec\" data-element_type=\"widget\" data-e-type=\"widget\" data-widget_type=\"heading.default\">\n\t\t\t\t<div class=\"elementor-widget-container\">\n\t\t\t\t\t<h2 class=\"elementor-heading-title elementor-size-default\">Centro de ex\u00e1menes de franc\u00e9s:<\/h2>\t\t\t\t<\/div>\n\t\t\t\t<\/div>\n\t\t\t\t\t<\/div>\n\t\t<\/div>\n\t\t\t\t\t<\/div>\n\t\t<\/section>\n\t\t\t\t<section class=\"elementor-section elementor-top-section elementor-element elementor-element-a2d9cf8 elementor-section-boxed elementor-section-height-default elementor-section-height-default\" data-id=\"a2d9cf8\" data-element_type=\"section\" data-e-type=\"section\">\n\t\t\t\t\t\t<div class=\"elementor-container elementor-column-gap-default\">\n\t\t\t\t\t<div class=\"elementor-column elementor-col-50 elementor-top-column elementor-element elementor-element-245f6f1\" data-id=\"245f6f1\" data-element_type=\"column\" data-e-type=\"column\">\n\t\t\t<div class=\"elementor-widget-wrap elementor-element-populated\">\n\t\t\t\t\t\t<div class=\"elementor-element elementor-element-88b25fc elementor-widget elementor-widget-image\" data-id=\"88b25fc\" data-element_type=\"widget\" data-e-type=\"widget\" data-widget_type=\"image.default\">\n\t\t\t\t<div class=\"elementor-widget-container\">\n\t\t\t\t\t\t\t\t\t\t\t\t\t\t\t\t<a href=\"https:\/\/lsf-france.com\/es\/examenes\/examen-tef-de-frances\/\" target=\"_blank\">\n\t\t\t\t\t\t\t<img loading=\"lazy\" decoding=\"async\" width=\"800\" height=\"209\" src=\"https:\/\/lsf-france.com\/wp-content\/uploads\/2023\/12\/10-ter-Logo-TEF-1024x267.jpeg\" class=\"attachment-large size-large wp-image-407773\" alt=\"\" srcset=\"https:\/\/lsf-france.com\/wp-content\/uploads\/2023\/12\/10-ter-Logo-TEF-1024x267.jpeg 1024w, https:\/\/lsf-france.com\/wp-content\/uploads\/2023\/12\/10-ter-Logo-TEF-300x78.jpeg 300w, https:\/\/lsf-france.com\/wp-content\/uploads\/2023\/12\/10-ter-Logo-TEF-768x201.jpeg 768w, https:\/\/lsf-france.com\/wp-content\/uploads\/2023\/12\/10-ter-Logo-TEF.jpeg 1321w\" sizes=\"(max-width: 800px) 100vw, 800px\" \/>\t\t\t\t\t\t\t\t<\/a>\n\t\t\t\t\t\t\t\t\t\t\t\t\t\t\t<\/div>\n\t\t\t\t<\/div>\n\t\t\t\t<div class=\"elementor-element elementor-element-e81a43f elementor-widget elementor-widget-image-box\" data-id=\"e81a43f\" data-element_type=\"widget\" data-e-type=\"widget\" data-widget_type=\"image-box.default\">\n\t\t\t\t<div class=\"elementor-widget-container\">\n\t\t\t\t\t<div class=\"elementor-image-box-wrapper\"><div class=\"elementor-image-box-content\"><h3 class=\"elementor-image-box-title\">TEF (Test de evaluaci\u00f3n de franc\u00e9s)<\/h3><p class=\"elementor-image-box-description\">Preparar, aprobar y obtener la certificaci\u00f3n TEF de lengua francesa<\/p><\/div><\/div>\t\t\t\t<\/div>\n\t\t\t\t<\/div>\n\t\t\t\t<div class=\"elementor-element elementor-element-700bde5 elementor-align-center elementor-widget elementor-widget-button\" data-id=\"700bde5\" data-element_type=\"widget\" data-e-type=\"widget\" data-widget_type=\"button.default\">\n\t\t\t\t<div class=\"elementor-widget-container\">\n\t\t\t\t\t\t\t\t\t<div class=\"elementor-button-wrapper\">\n\t\t\t\t\t<a class=\"elementor-button elementor-button-link elementor-size-sm\" href=\"https:\/\/lsf-france.com\/es\/examenes\/examen-tef-de-frances\/\">\n\t\t\t\t\t\t<span class=\"elementor-button-content-wrapper\">\n\t\t\t\t\t\t\t\t\t<span class=\"elementor-button-text\">M\u00e1s informaci\u00f3n<\/span>\n\t\t\t\t\t<\/span>\n\t\t\t\t\t<\/a>\n\t\t\t\t<\/div>\n\t\t\t\t\t\t\t\t<\/div>\n\t\t\t\t<\/div>\n\t\t\t\t\t<\/div>\n\t\t<\/div>\n\t\t\t\t<div class=\"elementor-column elementor-col-50 elementor-top-column elementor-element elementor-element-dbbbf28\" data-id=\"dbbbf28\" data-element_type=\"column\" data-e-type=\"column\">\n\t\t\t<div class=\"elementor-widget-wrap\">\n\t\t\t\t\t\t\t<\/div>\n\t\t<\/div>\n\t\t\t\t\t<\/div>\n\t\t<\/section>\n\t\t\t\t<\/div>\n\t\t","protected":false},"excerpt":{"rendered":"<p>Descubra nuestros cursos de franc\u00e9s: Nuestra escuela de franc\u00e9s LSF Montpellier ofrece cursos de inmersi\u00f3n en franc\u00e9s en Montpellier para adultos, profesores de franc\u00e9s, j\u00f3venes y grupos escolares. La escuela [&hellip;]<\/p>\n","protected":false},"author":1,"featured_media":0,"parent":0,"menu_order":0,"comment_status":"closed","ping_status":"closed","template":"","meta":{"_acf_changed":false,"content-type":"","footnotes":""},"class_list":["post-407429","page","type-page","status-publish","hentry"],"acf":[],"_links":{"self":[{"href":"https:\/\/lsf-france.com\/es\/wp-json\/wp\/v2\/pages\/407429","targetHints":{"allow":["GET"]}}],"collection":[{"href":"https:\/\/lsf-france.com\/es\/wp-json\/wp\/v2\/pages"}],"about":[{"href":"https:\/\/lsf-france.com\/es\/wp-json\/wp\/v2\/types\/page"}],"author":[{"embeddable":true,"href":"https:\/\/lsf-france.com\/es\/wp-json\/wp\/v2\/users\/1"}],"replies":[{"embeddable":true,"href":"https:\/\/lsf-france.com\/es\/wp-json\/wp\/v2\/comments?post=407429"}],"version-history":[{"count":26,"href":"https:\/\/lsf-france.com\/es\/wp-json\/wp\/v2\/pages\/407429\/revisions"}],"predecessor-version":[{"id":414268,"href":"https:\/\/lsf-france.com\/es\/wp-json\/wp\/v2\/pages\/407429\/revisions\/414268"}],"wp:attachment":[{"href":"https:\/\/lsf-france.com\/es\/wp-json\/wp\/v2\/media?parent=407429"}],"curies":[{"name":"wp","href":"https:\/\/api.w.org\/{rel}","templated":true}]}}