{"id":407443,"date":"2023-10-30T09:04:59","date_gmt":"2023-10-30T08:04:59","guid":{"rendered":"https:\/\/lsf-france.com\/examenes-de-frances\/"},"modified":"2026-03-16T09:14:40","modified_gmt":"2026-03-16T08:14:40","slug":"examenes-de-frances","status":"publish","type":"page","link":"https:\/\/lsf-france.com\/es\/examenes-de-frances\/","title":{"rendered":"Ex\u00e1menes de franc\u00e9s"},"content":{"rendered":"\t\t<div data-elementor-type=\"wp-page\" data-elementor-id=\"407443\" class=\"elementor elementor-407443 elementor-406321\" data-elementor-post-type=\"page\">\n\t\t\t\t\t\t<section class=\"elementor-section elementor-top-section elementor-element elementor-element-90fec74 elementor-section-boxed elementor-section-height-default elementor-section-height-default\" data-id=\"90fec74\" data-element_type=\"section\" data-e-type=\"section\">\n\t\t\t\t\t\t<div class=\"elementor-container elementor-column-gap-default\">\n\t\t\t\t\t<div class=\"elementor-column elementor-col-100 elementor-top-column elementor-element elementor-element-bf03163\" data-id=\"bf03163\" data-element_type=\"column\" data-e-type=\"column\">\n\t\t\t<div class=\"elementor-widget-wrap elementor-element-populated\">\n\t\t\t\t\t\t<div class=\"elementor-element elementor-element-3142fbb elementor-widget elementor-widget-heading\" data-id=\"3142fbb\" data-element_type=\"widget\" data-e-type=\"widget\" data-widget_type=\"heading.default\">\n\t\t\t\t<div class=\"elementor-widget-container\">\n\t\t\t\t\t<span class=\"elementor-heading-title elementor-size-default\">Certificaci\u00f3n de su nivel de franc\u00e9s<\/span>\t\t\t\t<\/div>\n\t\t\t\t<\/div>\n\t\t\t\t<div class=\"elementor-element elementor-element-f340452 elementor-widget elementor-widget-heading\" data-id=\"f340452\" data-element_type=\"widget\" data-e-type=\"widget\" data-widget_type=\"heading.default\">\n\t\t\t\t<div class=\"elementor-widget-container\">\n\t\t\t\t\t<h2 class=\"elementor-heading-title elementor-size-default\">Ex\u00e1menes de Franc\u00e9s<\/h2>\t\t\t\t<\/div>\n\t\t\t\t<\/div>\n\t\t\t\t<div class=\"elementor-element elementor-element-f51c2a6 elementor-widget elementor-widget-heading\" data-id=\"f51c2a6\" data-element_type=\"widget\" data-e-type=\"widget\" data-widget_type=\"heading.default\">\n\t\t\t\t<div class=\"elementor-widget-container\">\n\t\t\t\t\t<span class=\"elementor-heading-title elementor-size-default\">Nuestra escuela de franc\u00e9s es un centro oficial de examen del TEF (Test d\u2019\u00e9valuation du fran\u00e7ais).<\/span>\t\t\t\t<\/div>\n\t\t\t\t<\/div>\n\t\t\t\t<div class=\"elementor-element elementor-element-512492f elementor-widget-divider--view-line elementor-widget elementor-widget-divider\" data-id=\"512492f\" data-element_type=\"widget\" data-e-type=\"widget\" data-widget_type=\"divider.default\">\n\t\t\t\t<div class=\"elementor-widget-container\">\n\t\t\t\t\t\t\t<div class=\"elementor-divider\">\n\t\t\t<span class=\"elementor-divider-separator\">\n\t\t\t\t\t\t<\/span>\n\t\t<\/div>\n\t\t\t\t\t\t<\/div>\n\t\t\t\t<\/div>\n\t\t\t\t\t<\/div>\n\t\t<\/div>\n\t\t\t\t\t<\/div>\n\t\t<\/section>\n\t\t\t\t<section class=\"elementor-section elementor-top-section elementor-element elementor-element-684a1a1 elementor-section-content-middle elementor-section-boxed elementor-section-height-default elementor-section-height-default\" data-id=\"684a1a1\" data-element_type=\"section\" data-e-type=\"section\">\n\t\t\t\t\t\t<div class=\"elementor-container elementor-column-gap-default\">\n\t\t\t\t\t<div class=\"elementor-column elementor-col-100 elementor-top-column elementor-element elementor-element-c13fe3a\" data-id=\"c13fe3a\" data-element_type=\"column\" data-e-type=\"column\">\n\t\t\t<div class=\"elementor-widget-wrap elementor-element-populated\">\n\t\t\t\t\t\t<section class=\"elementor-section elementor-inner-section elementor-element elementor-element-2587164 elementor-section-content-middle elementor-section-boxed elementor-section-height-default elementor-section-height-default\" data-id=\"2587164\" data-element_type=\"section\" data-e-type=\"section\">\n\t\t\t\t\t\t<div class=\"elementor-container elementor-column-gap-default\">\n\t\t\t\t\t<div class=\"elementor-column elementor-col-50 elementor-inner-column elementor-element elementor-element-c184e22\" data-id=\"c184e22\" data-element_type=\"column\" data-e-type=\"column\" data-settings=\"{&quot;background_background&quot;:&quot;classic&quot;}\">\n\t\t\t<div class=\"elementor-widget-wrap elementor-element-populated\">\n\t\t\t\t\t\t<div class=\"elementor-element elementor-element-82e398d elementor-widget elementor-widget-image\" data-id=\"82e398d\" data-element_type=\"widget\" data-e-type=\"widget\" data-widget_type=\"image.default\">\n\t\t\t\t<div class=\"elementor-widget-container\">\n\t\t\t\t\t\t\t\t\t\t\t\t\t\t\t\t<a href=\"https:\/\/lsf-france.com\/french-exam\/tef-french-exam\">\n\t\t\t\t\t\t\t<img decoding=\"async\" width=\"300\" height=\"78\" src=\"https:\/\/lsf-france.com\/wp-content\/uploads\/2023\/12\/10-ter-Logo-TEF-300x78.jpeg\" class=\"attachment-medium size-medium wp-image-407773\" alt=\"\" srcset=\"https:\/\/lsf-france.com\/wp-content\/uploads\/2023\/12\/10-ter-Logo-TEF-300x78.jpeg 300w, https:\/\/lsf-france.com\/wp-content\/uploads\/2023\/12\/10-ter-Logo-TEF-1024x267.jpeg 1024w, https:\/\/lsf-france.com\/wp-content\/uploads\/2023\/12\/10-ter-Logo-TEF-768x201.jpeg 768w, https:\/\/lsf-france.com\/wp-content\/uploads\/2023\/12\/10-ter-Logo-TEF.jpeg 1321w\" sizes=\"(max-width: 300px) 100vw, 300px\" \/>\t\t\t\t\t\t\t\t<\/a>\n\t\t\t\t\t\t\t\t\t\t\t\t\t\t\t<\/div>\n\t\t\t\t<\/div>\n\t\t\t\t<section class=\"elementor-section elementor-inner-section elementor-element elementor-element-c82b689 elementor-section-boxed elementor-section-height-default elementor-section-height-default\" data-id=\"c82b689\" data-element_type=\"section\" data-e-type=\"section\">\n\t\t\t\t\t\t<div class=\"elementor-container elementor-column-gap-default\">\n\t\t\t\t\t<div class=\"elementor-column elementor-col-100 elementor-inner-column elementor-element elementor-element-7c4365e\" data-id=\"7c4365e\" data-element_type=\"column\" data-e-type=\"column\">\n\t\t\t<div class=\"elementor-widget-wrap elementor-element-populated\">\n\t\t\t\t\t\t<div class=\"elementor-element elementor-element-cb00acf elementor-widget elementor-widget-heading\" data-id=\"cb00acf\" data-element_type=\"widget\" data-e-type=\"widget\" data-widget_type=\"heading.default\">\n\t\t\t\t<div class=\"elementor-widget-container\">\n\t\t\t\t\t<h3 class=\"elementor-heading-title elementor-size-default\">TEF P\u00fablico en general<\/h3>\t\t\t\t<\/div>\n\t\t\t\t<\/div>\n\t\t\t\t<div class=\"elementor-element elementor-element-0ceffb1 elementor-widget elementor-widget-text-editor\" data-id=\"0ceffb1\" data-element_type=\"widget\" data-e-type=\"widget\" data-widget_type=\"text-editor.default\">\n\t\t\t\t<div class=\"elementor-widget-container\">\n\t\t\t\t\t\t\t\t\t<p>The TEF (Test d\u2019\u00c9valuation de Fran\u00e7ais) is an official French proficiency exam that assesses your level of French, whether you need it for immigration (including Canada), administrative requirements (such as integration\/residency in France), or for study and professional goals.<\/p>\t\t\t\t\t\t\t\t<\/div>\n\t\t\t\t<\/div>\n\t\t\t\t<div class=\"elementor-element elementor-element-dc2110a elementor-widget-divider--view-line elementor-widget elementor-widget-divider\" data-id=\"dc2110a\" data-element_type=\"widget\" data-e-type=\"widget\" data-widget_type=\"divider.default\">\n\t\t\t\t<div class=\"elementor-widget-container\">\n\t\t\t\t\t\t\t<div class=\"elementor-divider\">\n\t\t\t<span class=\"elementor-divider-separator\">\n\t\t\t\t\t\t<\/span>\n\t\t<\/div>\n\t\t\t\t\t\t<\/div>\n\t\t\t\t<\/div>\n\t\t\t\t<div class=\"elementor-element elementor-element-fc028ce elementor-widget elementor-widget-heading\" data-id=\"fc028ce\" data-element_type=\"widget\" data-e-type=\"widget\" data-widget_type=\"heading.default\">\n\t\t\t\t<div class=\"elementor-widget-container\">\n\t\t\t\t\t<p class=\"elementor-heading-title elementor-size-default\">250\u20ac<\/p>\t\t\t\t<\/div>\n\t\t\t\t<\/div>\n\t\t\t\t<div class=\"elementor-element elementor-element-e365909 elementor-align-center elementor-widget elementor-widget-button\" data-id=\"e365909\" data-element_type=\"widget\" data-e-type=\"widget\" data-widget_type=\"button.default\">\n\t\t\t\t<div class=\"elementor-widget-container\">\n\t\t\t\t\t\t\t\t\t<div class=\"elementor-button-wrapper\">\n\t\t\t\t\t<a class=\"elementor-button elementor-button-link elementor-size-sm\" href=\"https:\/\/lsf-france.com\/french-exam\/tef-french-exam\">\n\t\t\t\t\t\t<span class=\"elementor-button-content-wrapper\">\n\t\t\t\t\t\t\t\t\t<span class=\"elementor-button-text\">Informaci\u00f3n sobre el examen TEF<\/span>\n\t\t\t\t\t<\/span>\n\t\t\t\t\t<\/a>\n\t\t\t\t<\/div>\n\t\t\t\t\t\t\t\t<\/div>\n\t\t\t\t<\/div>\n\t\t\t\t\t<\/div>\n\t\t<\/div>\n\t\t\t\t\t<\/div>\n\t\t<\/section>\n\t\t\t\t\t<\/div>\n\t\t<\/div>\n\t\t\t\t<div class=\"elementor-column elementor-col-50 elementor-inner-column elementor-element elementor-element-b86d511\" data-id=\"b86d511\" data-element_type=\"column\" data-e-type=\"column\" data-settings=\"{&quot;background_background&quot;:&quot;classic&quot;}\">\n\t\t\t<div class=\"elementor-widget-wrap elementor-element-populated\">\n\t\t\t\t\t\t<div class=\"elementor-element elementor-element-cc78e8e elementor-widget elementor-widget-heading\" data-id=\"cc78e8e\" data-element_type=\"widget\" data-e-type=\"widget\" data-widget_type=\"heading.default\">\n\t\t\t\t<div class=\"elementor-widget-container\">\n\t\t\t\t\t<h3 class=\"elementor-heading-title elementor-size-default\">EXAMEN CIVIQUE<\/h3>\t\t\t\t<\/div>\n\t\t\t\t<\/div>\n\t\t\t\t<section class=\"elementor-section elementor-inner-section elementor-element elementor-element-6d483ee elementor-section-boxed elementor-section-height-default elementor-section-height-default\" data-id=\"6d483ee\" data-element_type=\"section\" data-e-type=\"section\">\n\t\t\t\t\t\t<div class=\"elementor-container elementor-column-gap-default\">\n\t\t\t\t\t<div class=\"elementor-column elementor-col-100 elementor-inner-column elementor-element elementor-element-33aed5f\" data-id=\"33aed5f\" data-element_type=\"column\" data-e-type=\"column\">\n\t\t\t<div class=\"elementor-widget-wrap elementor-element-populated\">\n\t\t\t\t\t\t<div class=\"elementor-element elementor-element-1276aa9 elementor-widget elementor-widget-heading\" data-id=\"1276aa9\" data-element_type=\"widget\" data-e-type=\"widget\" data-widget_type=\"heading.default\">\n\t\t\t\t<div class=\"elementor-widget-container\">\n\t\t\t\t\t<h3 class=\"elementor-heading-title elementor-size-default\">C\u00edvico Examen<\/h3>\t\t\t\t<\/div>\n\t\t\t\t<\/div>\n\t\t\t\t<div class=\"elementor-element elementor-element-c84068e elementor-widget elementor-widget-text-editor\" data-id=\"c84068e\" data-element_type=\"widget\" data-e-type=\"widget\" data-widget_type=\"text-editor.default\">\n\t\t\t\t<div class=\"elementor-widget-container\">\n\t\t\t\t\t\t\t\t\t<p>El examen c\u00edvico es obligatorio para los procedimientos de inmigraci\u00f3n en Francia. Este eval\u00faa sus conocimientos sobre los valores de la Rep\u00fablica, c\u00f3mo funcionan las instituciones, los derechos y los deberes, y la vida en la sociedad francesa. <\/p>\t\t\t\t\t\t\t\t<\/div>\n\t\t\t\t<\/div>\n\t\t\t\t<div class=\"elementor-element elementor-element-41294b4 elementor-widget-divider--view-line elementor-widget elementor-widget-divider\" data-id=\"41294b4\" data-element_type=\"widget\" data-e-type=\"widget\" data-widget_type=\"divider.default\">\n\t\t\t\t<div class=\"elementor-widget-container\">\n\t\t\t\t\t\t\t<div class=\"elementor-divider\">\n\t\t\t<span class=\"elementor-divider-separator\">\n\t\t\t\t\t\t<\/span>\n\t\t<\/div>\n\t\t\t\t\t\t<\/div>\n\t\t\t\t<\/div>\n\t\t\t\t<div class=\"elementor-element elementor-element-05a3396 elementor-widget elementor-widget-heading\" data-id=\"05a3396\" data-element_type=\"widget\" data-e-type=\"widget\" data-widget_type=\"heading.default\">\n\t\t\t\t<div class=\"elementor-widget-container\">\n\t\t\t\t\t<p class=\"elementor-heading-title elementor-size-default\">70\u20ac<\/p>\t\t\t\t<\/div>\n\t\t\t\t<\/div>\n\t\t\t\t<div class=\"elementor-element elementor-element-a19857c elementor-align-center elementor-widget elementor-widget-button\" data-id=\"a19857c\" data-element_type=\"widget\" data-e-type=\"widget\" data-widget_type=\"button.default\">\n\t\t\t\t<div class=\"elementor-widget-container\">\n\t\t\t\t\t\t\t\t\t<div class=\"elementor-button-wrapper\">\n\t\t\t\t\t<a class=\"elementor-button elementor-button-link elementor-size-sm\" href=\"https:\/\/lsf-france.com\/es\/examenes-de-frances\/examen-civico-en-montpellier\/\">\n\t\t\t\t\t\t<span class=\"elementor-button-content-wrapper\">\n\t\t\t\t\t\t\t\t\t<span class=\"elementor-button-text\">Informaci\u00f3n sobre C\u00edvico Examen<\/span>\n\t\t\t\t\t<\/span>\n\t\t\t\t\t<\/a>\n\t\t\t\t<\/div>\n\t\t\t\t\t\t\t\t<\/div>\n\t\t\t\t<\/div>\n\t\t\t\t\t<\/div>\n\t\t<\/div>\n\t\t\t\t\t<\/div>\n\t\t<\/section>\n\t\t\t\t\t<\/div>\n\t\t<\/div>\n\t\t\t\t\t<\/div>\n\t\t<\/section>\n\t\t\t\t<div class=\"elementor-element elementor-element-1d4c3b4 elementor-widget-divider--view-line elementor-widget elementor-widget-divider\" data-id=\"1d4c3b4\" data-element_type=\"widget\" data-e-type=\"widget\" data-widget_type=\"divider.default\">\n\t\t\t\t<div class=\"elementor-widget-container\">\n\t\t\t\t\t\t\t<div class=\"elementor-divider\">\n\t\t\t<span class=\"elementor-divider-separator\">\n\t\t\t\t\t\t<\/span>\n\t\t<\/div>\n\t\t\t\t\t\t<\/div>\n\t\t\t\t<\/div>\n\t\t\t\t<div class=\"elementor-element elementor-element-3f773a6 elementor-widget elementor-widget-heading\" data-id=\"3f773a6\" data-element_type=\"widget\" data-e-type=\"widget\" data-widget_type=\"heading.default\">\n\t\t\t\t<div class=\"elementor-widget-container\">\n\t\t\t\t\t<h2 class=\"elementor-heading-title elementor-size-default\">\u00bfPor qu\u00e9 los ex\u00e1menes de franc\u00e9s son tan importantes para tu futuro?<\/h2>\t\t\t\t<\/div>\n\t\t\t\t<\/div>\n\t\t\t\t<div class=\"elementor-element elementor-element-135fa49 elementor-widget elementor-widget-text-editor\" data-id=\"135fa49\" data-element_type=\"widget\" data-e-type=\"widget\" data-widget_type=\"text-editor.default\">\n\t\t\t\t<div class=\"elementor-widget-container\">\n\t\t\t\t\t\t\t\t\t<p><span style=\"font-weight: 400;\">Los ex\u00e1menes de franc\u00e9s han cobrado gran importancia en el mundo actual, en el que la comunicaci\u00f3n intercultural se ha vuelto esencial. El dominio de la lengua francesa constituye una ventaja fundamental para las personas, ya sea para enriquecer su bagaje cultural, progresar profesionalmente o ampliar sus horizontes personales. <\/span><\/p><p><span style=\"font-weight: 400;\">Uno de los ex\u00e1menes de franc\u00e9s m\u00e1s prestigiosos y reconocidos internacionalmente es el Test de Evaluaci\u00f3n de Franc\u00e9s (TEF). Este examen eval\u00faa las capacidades de los candidatos en comprensi\u00f3n auditiva, lectura, escritura y expresi\u00f3n oral. Numerosos centros de ense\u00f1anza, empresas y gobiernos recurren a \u00e9l para evaluar el nivel de franc\u00e9s de una persona.  <\/span><\/p><p><span style=\"font-weight: 400;\">Al margen del examen en s\u00ed mismo, que certifica su nivel de franc\u00e9s, la preparaci\u00f3n del examen de franc\u00e9s puede ser una experiencia enriquecedora, ya que no s\u00f3lo permite adquirir competencias ling\u00fc\u00edsticas, sino tambi\u00e9n favorece la comprensi\u00f3n de la cultura y la civilizaci\u00f3n francesa. As\u00ed, con el fin de aprobar estos ex\u00e1menes, se anima a los candidatos a mejorar su vocabulario, gram\u00e1tica, pronunciaci\u00f3n y comprensi\u00f3n cultural. <\/span><\/p><p><span style=\"font-weight: 400;\">Aprobar un examen de franc\u00e9s ofrece m\u00faltiples ventajas. Profesionalmente, dominar el franc\u00e9s puede abrir numerosas puertas en sectores tan variados como los negocios, la diplomacia, el turismo, la traducci\u00f3n, la ense\u00f1anza y muchos otros. Adem\u00e1s, en un mundo cada vez m\u00e1s conectado, la lengua francesa es una valiosa herramienta para la comunicaci\u00f3n internacional.  <\/span><\/p><p><span style=\"font-weight: 400;\">La obtenci\u00f3n de un certificado de franc\u00e9s puede brindarle oportunidades acad\u00e9micas, como el acceso a programas de ense\u00f1anza superior en Francia y otros pa\u00edses franc\u00f3fonos. Tambi\u00e9n representa una oportunidad para profundizar en la literatura, la filosof\u00eda, la historia y la cultura francesa. <\/span><\/p><p><span style=\"font-weight: 400;\">En resumen, los ex\u00e1menes de franc\u00e9s son la puerta de entrada a un mundo de posibilidades, tanto personales como profesionales. Ofrecen la oportunidad de dominar dicha lengua, famosa por su riqueza y diversidad. Dominar la lengua francesa permite descubrir la cultura y la creatividad asociadas a ella. Sea cual sea el motivo de su inter\u00e9s por el franc\u00e9s, obtener una certificaci\u00f3n es un logro del cual podr\u00e1 sentirse orgulloso.   <\/span><\/p>\t\t\t\t\t\t\t\t<\/div>\n\t\t\t\t<\/div>\n\t\t\t\t\t<\/div>\n\t\t<\/div>\n\t\t\t\t\t<\/div>\n\t\t<\/section>\n\t\t\t\t<\/div>\n\t\t","protected":false},"excerpt":{"rendered":"<p>Certificaci\u00f3n de su nivel de franc\u00e9s Ex\u00e1menes de Franc\u00e9s Nuestra escuela de franc\u00e9s es un centro oficial de examen del TEF (Test d\u2019\u00e9valuation du fran\u00e7ais). TEF P\u00fablico en general The [&hellip;]<\/p>\n","protected":false},"author":1,"featured_media":0,"parent":0,"menu_order":0,"comment_status":"closed","ping_status":"closed","template":"","meta":{"_acf_changed":false,"content-type":"","footnotes":""},"class_list":["post-407443","page","type-page","status-publish","hentry"],"acf":[],"_links":{"self":[{"href":"https:\/\/lsf-france.com\/es\/wp-json\/wp\/v2\/pages\/407443","targetHints":{"allow":["GET"]}}],"collection":[{"href":"https:\/\/lsf-france.com\/es\/wp-json\/wp\/v2\/pages"}],"about":[{"href":"https:\/\/lsf-france.com\/es\/wp-json\/wp\/v2\/types\/page"}],"author":[{"embeddable":true,"href":"https:\/\/lsf-france.com\/es\/wp-json\/wp\/v2\/users\/1"}],"replies":[{"embeddable":true,"href":"https:\/\/lsf-france.com\/es\/wp-json\/wp\/v2\/comments?post=407443"}],"version-history":[{"count":21,"href":"https:\/\/lsf-france.com\/es\/wp-json\/wp\/v2\/pages\/407443\/revisions"}],"predecessor-version":[{"id":414847,"href":"https:\/\/lsf-france.com\/es\/wp-json\/wp\/v2\/pages\/407443\/revisions\/414847"}],"wp:attachment":[{"href":"https:\/\/lsf-france.com\/es\/wp-json\/wp\/v2\/media?parent=407443"}],"curies":[{"name":"wp","href":"https:\/\/api.w.org\/{rel}","templated":true}]}}