{"id":33710,"date":"2018-06-11T15:20:23","date_gmt":"2018-06-11T13:20:23","guid":{"rendered":"http:\/\/dev.lsf-france.com\/courses\/"},"modified":"2024-10-08T09:03:30","modified_gmt":"2024-10-08T07:03:30","slug":"cours","status":"publish","type":"page","link":"https:\/\/lsf-france.com\/fr\/cours\/","title":{"rendered":"Cours de fran\u00e7ais \u00e0 Montpellier, France et en ligne"},"content":{"rendered":"\t\t<div data-elementor-type=\"wp-page\" data-elementor-id=\"33710\" class=\"elementor elementor-33710 elementor-61\" data-elementor-post-type=\"page\">\n\t\t\t\t\t\t<section class=\"elementor-section elementor-top-section elementor-element elementor-element-e4b9f07 elementor-section-boxed elementor-section-height-default elementor-section-height-default\" data-id=\"e4b9f07\" data-element_type=\"section\" data-e-type=\"section\">\n\t\t\t\t\t\t<div class=\"elementor-container elementor-column-gap-default\">\n\t\t\t\t\t<div class=\"elementor-column elementor-col-100 elementor-top-column elementor-element elementor-element-dfb52a9\" data-id=\"dfb52a9\" data-element_type=\"column\" data-e-type=\"column\">\n\t\t\t<div class=\"elementor-widget-wrap elementor-element-populated\">\n\t\t\t\t\t\t<div class=\"elementor-element elementor-element-5bea80c elementor-widget elementor-widget-heading\" data-id=\"5bea80c\" data-element_type=\"widget\" data-e-type=\"widget\" data-widget_type=\"heading.default\">\n\t\t\t\t<div class=\"elementor-widget-container\">\n\t\t\t\t\t<h2 class=\"elementor-heading-title elementor-size-default\">Cours de fran\u00e7ais :<\/h2>\t\t\t\t<\/div>\n\t\t\t\t<\/div>\n\t\t\t\t\t<\/div>\n\t\t<\/div>\n\t\t\t\t\t<\/div>\n\t\t<\/section>\n\t\t\t\t<section class=\"elementor-section elementor-top-section elementor-element elementor-element-10a0062 elementor-section-boxed elementor-section-height-default elementor-section-height-default\" data-id=\"10a0062\" data-element_type=\"section\" data-e-type=\"section\">\n\t\t\t\t\t\t<div class=\"elementor-container elementor-column-gap-default\">\n\t\t\t\t\t<div class=\"elementor-column elementor-col-33 elementor-top-column elementor-element elementor-element-2548c3b\" data-id=\"2548c3b\" data-element_type=\"column\" data-e-type=\"column\">\n\t\t\t<div class=\"elementor-widget-wrap elementor-element-populated\">\n\t\t\t\t\t\t<div class=\"elementor-element elementor-element-4ebf58f elementor-position-top elementor-widget elementor-widget-image-box\" data-id=\"4ebf58f\" data-element_type=\"widget\" data-e-type=\"widget\" data-widget_type=\"image-box.default\">\n\t\t\t\t<div class=\"elementor-widget-container\">\n\t\t\t\t\t<div class=\"elementor-image-box-wrapper\"><figure class=\"elementor-image-box-img\"><a href=\"https:\/\/lsf-france.com\/fr\/cours\/adultes\/\" tabindex=\"-1\"><img fetchpriority=\"high\" decoding=\"async\" width=\"1200\" height=\"800\" src=\"https:\/\/lsf-france.com\/wp-content\/uploads\/2023\/07\/2-General-French-Courses-2.jpg\" class=\"attachment-full size-full wp-image-404756\" alt=\"Certification French course\" srcset=\"https:\/\/lsf-france.com\/wp-content\/uploads\/2023\/07\/2-General-French-Courses-2.jpg 1200w, https:\/\/lsf-france.com\/wp-content\/uploads\/2023\/07\/2-General-French-Courses-2-300x200.jpg 300w, https:\/\/lsf-france.com\/wp-content\/uploads\/2023\/07\/2-General-French-Courses-2-1024x683.jpg 1024w, https:\/\/lsf-france.com\/wp-content\/uploads\/2023\/07\/2-General-French-Courses-2-768x512.jpg 768w\" sizes=\"(max-width: 1200px) 100vw, 1200px\" \/><\/a><\/figure><div class=\"elementor-image-box-content\"><h3 class=\"elementor-image-box-title\"><a href=\"https:\/\/lsf-france.com\/fr\/cours\/adultes\/\">Cours de fran\u00e7ais pour adultes<\/a><\/h3><p class=\"elementor-image-box-description\">LSF Montpellier se distingue par la qualit\u00e9 de son enseignement et par la grande mixit\u00e9 de ses \u00e9tudiants : mixit\u00e9 d\u2019objectifs, de niveaux, d\u2019\u00e2ge et de cultures. Il r\u00e8gne au sein de l\u2019\u00e9cole une ambiance chaleureuse appr\u00e9ci\u00e9e de tout(e)s. LSF propose aussi un large programme d\u2019activit\u00e9s : sport, arts &amp; culture, gastronomie\u2026<\/p><\/div><\/div>\t\t\t\t<\/div>\n\t\t\t\t<\/div>\n\t\t\t\t<div class=\"elementor-element elementor-element-fa1aa92 elementor-align-center elementor-widget elementor-widget-button\" data-id=\"fa1aa92\" data-element_type=\"widget\" data-e-type=\"widget\" data-widget_type=\"button.default\">\n\t\t\t\t<div class=\"elementor-widget-container\">\n\t\t\t\t\t\t\t\t\t<div class=\"elementor-button-wrapper\">\n\t\t\t\t\t<a class=\"elementor-button elementor-button-link elementor-size-sm\" href=\"https:\/\/lsf-france.com\/fr\/cours\/adultes\/\">\n\t\t\t\t\t\t<span class=\"elementor-button-content-wrapper\">\n\t\t\t\t\t\t\t\t\t<span class=\"elementor-button-text\">En savoir plus<\/span>\n\t\t\t\t\t<\/span>\n\t\t\t\t\t<\/a>\n\t\t\t\t<\/div>\n\t\t\t\t\t\t\t\t<\/div>\n\t\t\t\t<\/div>\n\t\t\t\t\t<\/div>\n\t\t<\/div>\n\t\t\t\t<div class=\"elementor-column elementor-col-33 elementor-top-column elementor-element elementor-element-c661b1e\" data-id=\"c661b1e\" data-element_type=\"column\" data-e-type=\"column\">\n\t\t\t<div class=\"elementor-widget-wrap elementor-element-populated\">\n\t\t\t\t\t\t<div class=\"elementor-element elementor-element-11cf0d0 elementor-position-top elementor-widget elementor-widget-image-box\" data-id=\"11cf0d0\" data-element_type=\"widget\" data-e-type=\"widget\" data-widget_type=\"image-box.default\">\n\t\t\t\t<div class=\"elementor-widget-container\">\n\t\t\t\t\t<div class=\"elementor-image-box-wrapper\"><figure class=\"elementor-image-box-img\"><a href=\"https:\/\/lsf-france.com\/fr\/cours-de-francais\/en-ligne\/\" tabindex=\"-1\"><img decoding=\"async\" width=\"2000\" height=\"1334\" src=\"https:\/\/lsf-france.com\/wp-content\/uploads\/2020\/11\/shutterstock_1674180091-1.jpg\" class=\"attachment-full size-full wp-image-388485\" alt=\"Cours de fran\u00e7ais en ligne\" srcset=\"https:\/\/lsf-france.com\/wp-content\/uploads\/2020\/11\/shutterstock_1674180091-1.jpg 2000w, https:\/\/lsf-france.com\/wp-content\/uploads\/2020\/11\/shutterstock_1674180091-1-600x400.jpg 600w, https:\/\/lsf-france.com\/wp-content\/uploads\/2020\/11\/shutterstock_1674180091-1-300x200.jpg 300w, https:\/\/lsf-france.com\/wp-content\/uploads\/2020\/11\/shutterstock_1674180091-1-1024x683.jpg 1024w, https:\/\/lsf-france.com\/wp-content\/uploads\/2020\/11\/shutterstock_1674180091-1-768x512.jpg 768w, https:\/\/lsf-france.com\/wp-content\/uploads\/2020\/11\/shutterstock_1674180091-1-1536x1025.jpg 1536w, https:\/\/lsf-france.com\/wp-content\/uploads\/2020\/11\/shutterstock_1674180091-1-640x427.jpg 640w, https:\/\/lsf-france.com\/wp-content\/uploads\/2020\/11\/shutterstock_1674180091-1-400x267.jpg 400w\" sizes=\"(max-width: 2000px) 100vw, 2000px\" \/><\/a><\/figure><div class=\"elementor-image-box-content\"><h3 class=\"elementor-image-box-title\"><a href=\"https:\/\/lsf-france.com\/fr\/cours-de-francais\/en-ligne\/\">Cours en ligne<\/a><\/h3><p class=\"elementor-image-box-description\">LSF Montpellier met en avant son expertise en mati\u00e8re d\u2019e-learning et de formation \u00e0 distance et lance le programme Keep Learning French qui s\u2019articule autour d\u2019un principe simple : \u201cCommencez \u00e0 apprendre le fran\u00e7ais chez vous avant de venir en France pour un s\u00e9jour en immersion (si vous d\u00e9cidez de venir)\u201d...<\/p><\/div><\/div>\t\t\t\t<\/div>\n\t\t\t\t<\/div>\n\t\t\t\t<div class=\"elementor-element elementor-element-9f5217f elementor-align-center elementor-widget elementor-widget-button\" data-id=\"9f5217f\" data-element_type=\"widget\" data-e-type=\"widget\" data-widget_type=\"button.default\">\n\t\t\t\t<div class=\"elementor-widget-container\">\n\t\t\t\t\t\t\t\t\t<div class=\"elementor-button-wrapper\">\n\t\t\t\t\t<a class=\"elementor-button elementor-button-link elementor-size-sm\" href=\"https:\/\/lsf-france.com\/fr\/cours-de-francais\/en-ligne\/\">\n\t\t\t\t\t\t<span class=\"elementor-button-content-wrapper\">\n\t\t\t\t\t\t\t\t\t<span class=\"elementor-button-text\">En savoir plus<\/span>\n\t\t\t\t\t<\/span>\n\t\t\t\t\t<\/a>\n\t\t\t\t<\/div>\n\t\t\t\t\t\t\t\t<\/div>\n\t\t\t\t<\/div>\n\t\t\t\t\t<\/div>\n\t\t<\/div>\n\t\t\t\t<div class=\"elementor-column elementor-col-33 elementor-top-column elementor-element elementor-element-3df83db\" data-id=\"3df83db\" data-element_type=\"column\" data-e-type=\"column\">\n\t\t\t<div class=\"elementor-widget-wrap elementor-element-populated\">\n\t\t\t\t\t\t<div class=\"elementor-element elementor-element-ad5500a elementor-position-top elementor-widget elementor-widget-image-box\" data-id=\"ad5500a\" data-element_type=\"widget\" data-e-type=\"widget\" data-widget_type=\"image-box.default\">\n\t\t\t\t<div class=\"elementor-widget-container\">\n\t\t\t\t\t<div class=\"elementor-image-box-wrapper\"><figure class=\"elementor-image-box-img\"><a href=\"https:\/\/klf.fr\/french-junior-camp-in-montpellier\/\" target=\"_blank\" tabindex=\"-1\" rel=\"noopener\"><img decoding=\"async\" width=\"2048\" height=\"1365\" src=\"https:\/\/lsf-france.com\/wp-content\/uploads\/2024\/09\/03_KLF_MONTPELLIER_343_websize.jpg\" class=\"attachment-full size-full wp-image-411264\" alt=\"\" srcset=\"https:\/\/lsf-france.com\/wp-content\/uploads\/2024\/09\/03_KLF_MONTPELLIER_343_websize.jpg 2048w, https:\/\/lsf-france.com\/wp-content\/uploads\/2024\/09\/03_KLF_MONTPELLIER_343_websize-300x200.jpg 300w, https:\/\/lsf-france.com\/wp-content\/uploads\/2024\/09\/03_KLF_MONTPELLIER_343_websize-1024x683.jpg 1024w, https:\/\/lsf-france.com\/wp-content\/uploads\/2024\/09\/03_KLF_MONTPELLIER_343_websize-768x512.jpg 768w, https:\/\/lsf-france.com\/wp-content\/uploads\/2024\/09\/03_KLF_MONTPELLIER_343_websize-1536x1024.jpg 1536w\" sizes=\"(max-width: 2048px) 100vw, 2048px\" \/><\/a><\/figure><div class=\"elementor-image-box-content\"><h3 class=\"elementor-image-box-title\"><a href=\"https:\/\/klf.fr\/french-junior-camp-in-montpellier\/\" target=\"_blank\" rel=\"noopener\">Cours pour juniors<\/a><\/h3><p class=\"elementor-image-box-description\">Notre camp d\u2019\u00e9t\u00e9 junior est une formule unique \u00e0 Montpellier. Notre programme est sp\u00e9cialement con\u00e7u pour des juniors et des adolescents qui viennent en France pour combiner un s\u00e9jour linguistique avec un s\u00e9jour de vacances. LSF propose une formule tout compris : cours de fran\u00e7ais, h\u00e9bergement et programme d\u2019activit\u00e9s riche et vari\u00e9.<\/p><\/div><\/div>\t\t\t\t<\/div>\n\t\t\t\t<\/div>\n\t\t\t\t<div class=\"elementor-element elementor-element-0b6c988 elementor-align-center elementor-widget elementor-widget-button\" data-id=\"0b6c988\" data-element_type=\"widget\" data-e-type=\"widget\" data-widget_type=\"button.default\">\n\t\t\t\t<div class=\"elementor-widget-container\">\n\t\t\t\t\t\t\t\t\t<div class=\"elementor-button-wrapper\">\n\t\t\t\t\t<a class=\"elementor-button elementor-button-link elementor-size-sm\" href=\"https:\/\/klf.fr\/french-junior-camp-in-montpellier\/\" target=\"_blank\" rel=\"noopener\">\n\t\t\t\t\t\t<span class=\"elementor-button-content-wrapper\">\n\t\t\t\t\t\t\t\t\t<span class=\"elementor-button-text\">En savoir plus<\/span>\n\t\t\t\t\t<\/span>\n\t\t\t\t\t<\/a>\n\t\t\t\t<\/div>\n\t\t\t\t\t\t\t\t<\/div>\n\t\t\t\t<\/div>\n\t\t\t\t\t<\/div>\n\t\t<\/div>\n\t\t\t\t\t<\/div>\n\t\t<\/section>\n\t\t\t\t<section class=\"elementor-section elementor-top-section elementor-element elementor-element-9d9f723 elementor-section-boxed elementor-section-height-default elementor-section-height-default\" data-id=\"9d9f723\" data-element_type=\"section\" data-e-type=\"section\">\n\t\t\t\t\t\t<div class=\"elementor-container elementor-column-gap-default\">\n\t\t\t\t\t<div class=\"elementor-column elementor-col-100 elementor-top-column elementor-element elementor-element-f472f76\" data-id=\"f472f76\" data-element_type=\"column\" data-e-type=\"column\">\n\t\t\t<div class=\"elementor-widget-wrap elementor-element-populated\">\n\t\t\t\t\t\t<div class=\"elementor-element elementor-element-0de41ec elementor-widget elementor-widget-heading\" data-id=\"0de41ec\" data-element_type=\"widget\" data-e-type=\"widget\" data-widget_type=\"heading.default\">\n\t\t\t\t<div class=\"elementor-widget-container\">\n\t\t\t\t\t<h2 class=\"elementor-heading-title elementor-size-default\">Autres cours de fran\u00e7ais :<\/h2>\t\t\t\t<\/div>\n\t\t\t\t<\/div>\n\t\t\t\t\t<\/div>\n\t\t<\/div>\n\t\t\t\t\t<\/div>\n\t\t<\/section>\n\t\t\t\t<section class=\"elementor-section elementor-top-section elementor-element elementor-element-185e4e2 elementor-section-boxed elementor-section-height-default elementor-section-height-default\" data-id=\"185e4e2\" data-element_type=\"section\" data-e-type=\"section\">\n\t\t\t\t\t\t<div class=\"elementor-container elementor-column-gap-default\">\n\t\t\t\t\t<div class=\"elementor-column elementor-col-33 elementor-top-column elementor-element elementor-element-8d48b1c\" data-id=\"8d48b1c\" data-element_type=\"column\" data-e-type=\"column\">\n\t\t\t<div class=\"elementor-widget-wrap elementor-element-populated\">\n\t\t\t\t\t\t<div class=\"elementor-element elementor-element-dfd9c19 elementor-position-top elementor-widget elementor-widget-image-box\" data-id=\"dfd9c19\" data-element_type=\"widget\" data-e-type=\"widget\" data-widget_type=\"image-box.default\">\n\t\t\t\t<div class=\"elementor-widget-container\">\n\t\t\t\t\t<div class=\"elementor-image-box-wrapper\"><figure class=\"elementor-image-box-img\"><a href=\"https:\/\/klf.fr\/french-courses-for-groups\/\" target=\"_blank\" tabindex=\"-1\" rel=\"noopener\"><img loading=\"lazy\" decoding=\"async\" width=\"2048\" height=\"1365\" src=\"https:\/\/lsf-france.com\/wp-content\/uploads\/2024\/09\/03_KLF_MONTPELLIER_402_websize.jpg\" class=\"attachment-full size-full wp-image-411220\" alt=\"\" srcset=\"https:\/\/lsf-france.com\/wp-content\/uploads\/2024\/09\/03_KLF_MONTPELLIER_402_websize.jpg 2048w, https:\/\/lsf-france.com\/wp-content\/uploads\/2024\/09\/03_KLF_MONTPELLIER_402_websize-300x200.jpg 300w, https:\/\/lsf-france.com\/wp-content\/uploads\/2024\/09\/03_KLF_MONTPELLIER_402_websize-1024x683.jpg 1024w, https:\/\/lsf-france.com\/wp-content\/uploads\/2024\/09\/03_KLF_MONTPELLIER_402_websize-768x512.jpg 768w, https:\/\/lsf-france.com\/wp-content\/uploads\/2024\/09\/03_KLF_MONTPELLIER_402_websize-1536x1024.jpg 1536w\" sizes=\"(max-width: 2048px) 100vw, 2048px\" \/><\/a><\/figure><div class=\"elementor-image-box-content\"><h3 class=\"elementor-image-box-title\"><a href=\"https:\/\/klf.fr\/french-courses-for-groups\/\" target=\"_blank\" rel=\"noopener\">Groupes ferm\u00e9s<\/a><\/h3><p class=\"elementor-image-box-description\">LSF Montpellier re\u00e7oit r\u00e9guli\u00e8rement des groupes scolaires en provenance d\u2019Angleterre, de Suisse, d\u2019Allemagne, d\u2019Espagne ou encore d\u2019Italie ou d\u2019Australie\u2026 Des programmes sur-mesure sont propos\u00e9s aux classes d\u2019\u00e9l\u00e8ves accompagn\u00e9s de leurs professeurs. Cours de fran\u00e7ais, d\u00e9couverte de la culture fran\u00e7aise et activit\u00e9s pour passer un s\u00e9jour m\u00ealant apprentissage de la langue et plaisirs.<\/p><\/div><\/div>\t\t\t\t<\/div>\n\t\t\t\t<\/div>\n\t\t\t\t<div class=\"elementor-element elementor-element-cb0995e elementor-align-center elementor-widget elementor-widget-button\" data-id=\"cb0995e\" data-element_type=\"widget\" data-e-type=\"widget\" data-widget_type=\"button.default\">\n\t\t\t\t<div class=\"elementor-widget-container\">\n\t\t\t\t\t\t\t\t\t<div class=\"elementor-button-wrapper\">\n\t\t\t\t\t<a class=\"elementor-button elementor-button-link elementor-size-sm\" href=\"https:\/\/klf.fr\/french-courses-for-groups\/\" target=\"_blank\" rel=\"noopener\">\n\t\t\t\t\t\t<span class=\"elementor-button-content-wrapper\">\n\t\t\t\t\t\t\t\t\t<span class=\"elementor-button-text\">En savoir plus<\/span>\n\t\t\t\t\t<\/span>\n\t\t\t\t\t<\/a>\n\t\t\t\t<\/div>\n\t\t\t\t\t\t\t\t<\/div>\n\t\t\t\t<\/div>\n\t\t\t\t\t<\/div>\n\t\t<\/div>\n\t\t\t\t<div class=\"elementor-column elementor-col-33 elementor-top-column elementor-element elementor-element-ef374cf\" data-id=\"ef374cf\" data-element_type=\"column\" data-e-type=\"column\">\n\t\t\t<div class=\"elementor-widget-wrap elementor-element-populated\">\n\t\t\t\t\t\t<div class=\"elementor-element elementor-element-4fbea55 elementor-position-top elementor-widget elementor-widget-image-box\" data-id=\"4fbea55\" data-element_type=\"widget\" data-e-type=\"widget\" data-widget_type=\"image-box.default\">\n\t\t\t\t<div class=\"elementor-widget-container\">\n\t\t\t\t\t<div class=\"elementor-image-box-wrapper\"><figure class=\"elementor-image-box-img\"><a href=\"https:\/\/lsf-france.com\/fr\/cours-de-francais\/professeurs-de-francais\/\" target=\"_blank\" tabindex=\"-1\"><img loading=\"lazy\" decoding=\"async\" width=\"2048\" height=\"1366\" src=\"https:\/\/lsf-france.com\/wp-content\/uploads\/2024\/09\/03_KLF_MONTPELLIER_364_websize.jpg\" class=\"attachment-full size-full wp-image-411232\" alt=\"\" srcset=\"https:\/\/lsf-france.com\/wp-content\/uploads\/2024\/09\/03_KLF_MONTPELLIER_364_websize.jpg 2048w, https:\/\/lsf-france.com\/wp-content\/uploads\/2024\/09\/03_KLF_MONTPELLIER_364_websize-300x200.jpg 300w, https:\/\/lsf-france.com\/wp-content\/uploads\/2024\/09\/03_KLF_MONTPELLIER_364_websize-1024x683.jpg 1024w, https:\/\/lsf-france.com\/wp-content\/uploads\/2024\/09\/03_KLF_MONTPELLIER_364_websize-768x512.jpg 768w, https:\/\/lsf-france.com\/wp-content\/uploads\/2024\/09\/03_KLF_MONTPELLIER_364_websize-1536x1025.jpg 1536w\" sizes=\"(max-width: 2048px) 100vw, 2048px\" \/><\/a><\/figure><div class=\"elementor-image-box-content\"><h3 class=\"elementor-image-box-title\"><a href=\"https:\/\/lsf-france.com\/fr\/cours-de-francais\/professeurs-de-francais\/\" target=\"_blank\">Cours pour professeurs<\/a><\/h3><p class=\"elementor-image-box-description\">LSF propose des stages et des formations pour les professeurs de fran\u00e7ais bas\u00e9s hors de France (\u00e9cole primaire, coll\u00e8ge, lyc\u00e9e, universit\u00e9, instituts linguistiques). L\u2019objectif de ces cours est de donner aux professeurs les clefs pour d\u00e9velopper l\u2019aisance \u00e9crite et orale de leurs \u00e9l\u00e8ves et de leur apporter de nouvelles techniques p\u00e9dagogiques innovantes.<\/p><\/div><\/div>\t\t\t\t<\/div>\n\t\t\t\t<\/div>\n\t\t\t\t<div class=\"elementor-element elementor-element-afba741 elementor-align-center elementor-widget elementor-widget-button\" data-id=\"afba741\" data-element_type=\"widget\" data-e-type=\"widget\" data-widget_type=\"button.default\">\n\t\t\t\t<div class=\"elementor-widget-container\">\n\t\t\t\t\t\t\t\t\t<div class=\"elementor-button-wrapper\">\n\t\t\t\t\t<a class=\"elementor-button elementor-button-link elementor-size-sm\" href=\"https:\/\/lsf-france.com\/fr\/cours\/pour-professeurs\/\">\n\t\t\t\t\t\t<span class=\"elementor-button-content-wrapper\">\n\t\t\t\t\t\t\t\t\t<span class=\"elementor-button-text\">En savoir plus<\/span>\n\t\t\t\t\t<\/span>\n\t\t\t\t\t<\/a>\n\t\t\t\t<\/div>\n\t\t\t\t\t\t\t\t<\/div>\n\t\t\t\t<\/div>\n\t\t\t\t\t<\/div>\n\t\t<\/div>\n\t\t\t\t<div class=\"elementor-column elementor-col-33 elementor-top-column elementor-element elementor-element-abbf399\" data-id=\"abbf399\" data-element_type=\"column\" data-e-type=\"column\">\n\t\t\t<div class=\"elementor-widget-wrap elementor-element-populated\">\n\t\t\t\t\t\t<div class=\"elementor-element elementor-element-3a45461 elementor-position-top elementor-widget elementor-widget-image-box\" data-id=\"3a45461\" data-element_type=\"widget\" data-e-type=\"widget\" data-widget_type=\"image-box.default\">\n\t\t\t\t<div class=\"elementor-widget-container\">\n\t\t\t\t\t<div class=\"elementor-image-box-wrapper\"><figure class=\"elementor-image-box-img\"><a href=\"https:\/\/lsf-france.com\/fr\/cours-de-francais\/adultes\/cours-particuliers\/\" tabindex=\"-1\"><img loading=\"lazy\" decoding=\"async\" width=\"1000\" height=\"667\" src=\"https:\/\/lsf-france.com\/wp-content\/uploads\/2018\/10\/Plan-de-travail-1.jpg\" class=\"attachment-full size-full wp-image-34160\" alt=\"\" srcset=\"https:\/\/lsf-france.com\/wp-content\/uploads\/2018\/10\/Plan-de-travail-1.jpg 1000w, https:\/\/lsf-france.com\/wp-content\/uploads\/2018\/10\/Plan-de-travail-1-600x400.jpg 600w\" sizes=\"(max-width: 1000px) 100vw, 1000px\" \/><\/a><\/figure><div class=\"elementor-image-box-content\"><h3 class=\"elementor-image-box-title\"><a href=\"https:\/\/lsf-france.com\/fr\/cours-de-francais\/adultes\/cours-particuliers\/\">Cours particuliers<\/a><\/h3><p class=\"elementor-image-box-description\">Les cours particuliers permettent de travailler sur des points spe\u0301cifiques et de re\u0301pondre a\u0300 vos demandes et besoins particuliers. Enrichissement lexical, approfondissement grammatical, phone\u0301tique, besoins professionnels\u2026<\/p><\/div><\/div>\t\t\t\t<\/div>\n\t\t\t\t<\/div>\n\t\t\t\t<div class=\"elementor-element elementor-element-607d235 elementor-align-center elementor-widget elementor-widget-button\" data-id=\"607d235\" data-element_type=\"widget\" data-e-type=\"widget\" data-widget_type=\"button.default\">\n\t\t\t\t<div class=\"elementor-widget-container\">\n\t\t\t\t\t\t\t\t\t<div class=\"elementor-button-wrapper\">\n\t\t\t\t\t<a class=\"elementor-button elementor-button-link elementor-size-sm\" href=\"https:\/\/lsf-france.com\/fr\/cours-de-francais\/adultes\/cours-particuliers\/\">\n\t\t\t\t\t\t<span class=\"elementor-button-content-wrapper\">\n\t\t\t\t\t\t\t\t\t<span class=\"elementor-button-text\">En savoir plus<\/span>\n\t\t\t\t\t<\/span>\n\t\t\t\t\t<\/a>\n\t\t\t\t<\/div>\n\t\t\t\t\t\t\t\t<\/div>\n\t\t\t\t<\/div>\n\t\t\t\t\t<\/div>\n\t\t<\/div>\n\t\t\t\t\t<\/div>\n\t\t<\/section>\n\t\t\t\t<\/div>\n\t\t","protected":false},"excerpt":{"rendered":"<p>Cours de fran\u00e7ais : Cours de fran\u00e7ais pour adultes LSF Montpellier se distingue par la qualit\u00e9 de son enseignement et par la grande mixit\u00e9 de ses \u00e9tudiants : mixit\u00e9 d\u2019objectifs, [&hellip;]<\/p>\n","protected":false},"author":1,"featured_media":0,"parent":0,"menu_order":0,"comment_status":"closed","ping_status":"closed","template":"","meta":{"_acf_changed":false,"content-type":"","footnotes":""},"class_list":["post-33710","page","type-page","status-publish","hentry"],"acf":[],"_links":{"self":[{"href":"https:\/\/lsf-france.com\/fr\/wp-json\/wp\/v2\/pages\/33710","targetHints":{"allow":["GET"]}}],"collection":[{"href":"https:\/\/lsf-france.com\/fr\/wp-json\/wp\/v2\/pages"}],"about":[{"href":"https:\/\/lsf-france.com\/fr\/wp-json\/wp\/v2\/types\/page"}],"author":[{"embeddable":true,"href":"https:\/\/lsf-france.com\/fr\/wp-json\/wp\/v2\/users\/1"}],"replies":[{"embeddable":true,"href":"https:\/\/lsf-france.com\/fr\/wp-json\/wp\/v2\/comments?post=33710"}],"version-history":[{"count":26,"href":"https:\/\/lsf-france.com\/fr\/wp-json\/wp\/v2\/pages\/33710\/revisions"}],"predecessor-version":[{"id":412181,"href":"https:\/\/lsf-france.com\/fr\/wp-json\/wp\/v2\/pages\/33710\/revisions\/412181"}],"wp:attachment":[{"href":"https:\/\/lsf-france.com\/fr\/wp-json\/wp\/v2\/media?parent=33710"}],"curies":[{"name":"wp","href":"https:\/\/api.w.org\/{rel}","templated":true}]}}