{"id":33803,"date":"2018-12-18T08:56:49","date_gmt":"2018-12-18T07:56:49","guid":{"rendered":"http:\/\/dev.lsf-france.com\/education\/"},"modified":"2024-03-27T11:27:58","modified_gmt":"2024-03-27T10:27:58","slug":"education","status":"publish","type":"page","link":"https:\/\/lsf-france.com\/fr\/education\/","title":{"rendered":"\u00c9ducation"},"content":{"rendered":"\t\t<div data-elementor-type=\"wp-page\" data-elementor-id=\"33803\" class=\"elementor elementor-33803 elementor-33193\" data-elementor-post-type=\"page\">\n\t\t\t\t\t\t<section class=\"elementor-section elementor-top-section elementor-element elementor-element-66f5faa elementor-section-content-middle elementor-section-boxed elementor-section-height-default elementor-section-height-default\" data-id=\"66f5faa\" data-element_type=\"section\" data-e-type=\"section\">\n\t\t\t\t\t\t<div class=\"elementor-container elementor-column-gap-default\">\n\t\t\t\t\t<div class=\"elementor-column elementor-col-50 elementor-top-column elementor-element elementor-element-d2d8c52\" data-id=\"d2d8c52\" data-element_type=\"column\" data-e-type=\"column\">\n\t\t\t<div class=\"elementor-widget-wrap elementor-element-populated\">\n\t\t\t\t\t\t<div class=\"elementor-element elementor-element-ddeb36d elementor-position-top elementor-widget elementor-widget-image-box\" data-id=\"ddeb36d\" data-element_type=\"widget\" data-e-type=\"widget\" data-widget_type=\"image-box.default\">\n\t\t\t\t<div class=\"elementor-widget-container\">\n\t\t\t\t\t<div class=\"elementor-image-box-wrapper\"><figure class=\"elementor-image-box-img\"><img fetchpriority=\"high\" decoding=\"async\" width=\"777\" height=\"777\" src=\"https:\/\/lsf-france.com\/wp-content\/uploads\/2023\/07\/Sans-titre-1.jpg\" class=\"attachment-full size-full wp-image-404415\" alt=\"Eva BELOUIS\" srcset=\"https:\/\/lsf-france.com\/wp-content\/uploads\/2023\/07\/Sans-titre-1.jpg 777w, https:\/\/lsf-france.com\/wp-content\/uploads\/2023\/07\/Sans-titre-1-300x300.jpg 300w, https:\/\/lsf-france.com\/wp-content\/uploads\/2023\/07\/Sans-titre-1-150x150.jpg 150w, https:\/\/lsf-france.com\/wp-content\/uploads\/2023\/07\/Sans-titre-1-768x768.jpg 768w\" sizes=\"(max-width: 777px) 100vw, 777px\" \/><\/figure><div class=\"elementor-image-box-content\"><h3 class=\"elementor-image-box-title\">Eva<br><br>Responsable p\u00e9dagogique<\/h3><p class=\"elementor-image-box-description\">\"Nos enseignants vous accompagneront et vous soutiendront tout au long de votre processus d'apprentissage. Nous mettrons tout en \u0153uvre pour vous aider \u00e0 atteindre les objectifs que vous vous \u00eates fix\u00e9s.\"<\/p><\/div><\/div>\t\t\t\t<\/div>\n\t\t\t\t<\/div>\n\t\t\t\t\t<\/div>\n\t\t<\/div>\n\t\t\t\t<div class=\"elementor-column elementor-col-50 elementor-top-column elementor-element elementor-element-975d973\" data-id=\"975d973\" data-element_type=\"column\" data-e-type=\"column\">\n\t\t\t<div class=\"elementor-widget-wrap elementor-element-populated\">\n\t\t\t\t\t\t<div class=\"elementor-element elementor-element-c1f2a11 elementor-grid-3 elementor-grid-tablet-2 elementor-grid-mobile-1 elementor-posts--thumbnail-top elementor-card-shadow-yes elementor-posts__hover-gradient elementor-widget elementor-widget-posts\" data-id=\"c1f2a11\" data-element_type=\"widget\" data-e-type=\"widget\" data-settings=\"{&quot;cards_columns&quot;:&quot;3&quot;,&quot;cards_columns_tablet&quot;:&quot;2&quot;,&quot;cards_columns_mobile&quot;:&quot;1&quot;,&quot;cards_row_gap&quot;:{&quot;unit&quot;:&quot;px&quot;,&quot;size&quot;:35,&quot;sizes&quot;:[]},&quot;cards_row_gap_tablet&quot;:{&quot;unit&quot;:&quot;px&quot;,&quot;size&quot;:&quot;&quot;,&quot;sizes&quot;:[]},&quot;cards_row_gap_mobile&quot;:{&quot;unit&quot;:&quot;px&quot;,&quot;size&quot;:&quot;&quot;,&quot;sizes&quot;:[]}}\" data-widget_type=\"posts.cards\">\n\t\t\t\t<div class=\"elementor-widget-container\">\n\t\t\t\t\t\t\t<div class=\"elementor-posts-container elementor-posts elementor-posts--skin-cards elementor-grid\" role=\"list\">\n\t\t\t\t<article class=\"elementor-post elementor-grid-item post-33807 page type-page status-publish has-post-thumbnail hentry\" role=\"listitem\">\n\t\t\t<div class=\"elementor-post__card\">\n\t\t\t\t<a class=\"elementor-post__thumbnail__link\" href=\"https:\/\/lsf-france.com\/fr\/education\/methodologie\/\" tabindex=\"-1\" ><div class=\"elementor-post__thumbnail\"><img decoding=\"async\" width=\"1000\" height=\"667\" src=\"https:\/\/lsf-france.com\/wp-content\/uploads\/2021\/07\/Combined-French-Courses.jpg\" class=\"attachment-full size-full wp-image-394665\" alt=\"Combined French Courses\" srcset=\"https:\/\/lsf-france.com\/wp-content\/uploads\/2021\/07\/Combined-French-Courses.jpg 1000w, https:\/\/lsf-france.com\/wp-content\/uploads\/2021\/07\/Combined-French-Courses-300x200.jpg 300w, https:\/\/lsf-france.com\/wp-content\/uploads\/2021\/07\/Combined-French-Courses-768x512.jpg 768w, https:\/\/lsf-france.com\/wp-content\/uploads\/2021\/07\/Combined-French-Courses-600x400.jpg 600w\" sizes=\"(max-width: 1000px) 100vw, 1000px\" \/><\/div><\/a>\n\t\t\t\t<div class=\"elementor-post__text\">\n\t\t\t\t<h3 class=\"elementor-post__title\">\n\t\t\t<a href=\"https:\/\/lsf-france.com\/fr\/education\/methodologie\/\" >\n\t\t\t\tM\u00e9thodologie\t\t\t<\/a>\n\t\t<\/h3>\n\t\t\t\t<div class=\"elementor-post__excerpt\">\n\t\t\t<p>Une \u00e9quipe de professeurs tr\u00e8s exp\u00e9riment\u00e9s Tous nos professeurs sont de langue maternelle fran\u00e7aise et titulaires d&rsquo;un dipl\u00f4me universitaire de fran\u00e7ais langue \u00e9trang\u00e8re (FLE). Notre \u00e9quipe permanente est compos\u00e9e de<\/p>\n\t\t<\/div>\n\t\t\n\t\t<a class=\"elementor-post__read-more\" href=\"https:\/\/lsf-france.com\/fr\/education\/methodologie\/\" aria-label=\"En savoir plus sur M\u00e9thodologie\" tabindex=\"-1\" >\n\t\t\tPlus d'infos \u00bb\t\t<\/a>\n\n\t\t\t\t<\/div>\n\t\t\t\t\t<\/div>\n\t\t<\/article>\n\t\t\t\t<article class=\"elementor-post elementor-grid-item post-33809 page type-page status-publish has-post-thumbnail hentry\" role=\"listitem\">\n\t\t\t<div class=\"elementor-post__card\">\n\t\t\t\t<a class=\"elementor-post__thumbnail__link\" href=\"https:\/\/lsf-france.com\/fr\/education\/outils\/\" tabindex=\"-1\" ><div class=\"elementor-post__thumbnail\"><img decoding=\"async\" width=\"421\" height=\"594\" src=\"https:\/\/lsf-france.com\/wp-content\/uploads\/2021\/07\/ROADBOOK_LSF_2021.jpg\" class=\"attachment-full size-full wp-image-394244\" alt=\"\" srcset=\"https:\/\/lsf-france.com\/wp-content\/uploads\/2021\/07\/ROADBOOK_LSF_2021.jpg 421w, https:\/\/lsf-france.com\/wp-content\/uploads\/2021\/07\/ROADBOOK_LSF_2021-213x300.jpg 213w\" sizes=\"(max-width: 421px) 100vw, 421px\" \/><\/div><\/a>\n\t\t\t\t<div class=\"elementor-post__text\">\n\t\t\t\t<h3 class=\"elementor-post__title\">\n\t\t\t<a href=\"https:\/\/lsf-france.com\/fr\/education\/outils\/\" >\n\t\t\t\tOutils p\u00e9dagogiques\t\t\t<\/a>\n\t\t<\/h3>\n\t\t\t\t<div class=\"elementor-post__excerpt\">\n\t\t\t<p>Des outils tr\u00e8s performants L\u2019e\u0301quipe pe\u0301dagogique de LSF de\u0301veloppe ses propres contenus de classe pour proposer des cours originaux, authentiques et actuels tout en respectant le cadre commun de re\u0301fe\u0301rence<\/p>\n\t\t<\/div>\n\t\t\n\t\t<a class=\"elementor-post__read-more\" href=\"https:\/\/lsf-france.com\/fr\/education\/outils\/\" aria-label=\"En savoir plus sur Outils p\u00e9dagogiques\" tabindex=\"-1\" >\n\t\t\tPlus d'infos \u00bb\t\t<\/a>\n\n\t\t\t\t<\/div>\n\t\t\t\t\t<\/div>\n\t\t<\/article>\n\t\t\t\t<article class=\"elementor-post elementor-grid-item post-33814 page type-page status-publish has-post-thumbnail hentry\" role=\"listitem\">\n\t\t\t<div class=\"elementor-post__card\">\n\t\t\t\t<a class=\"elementor-post__thumbnail__link\" href=\"https:\/\/lsf-france.com\/fr\/education\/niveaux-de-langues\/\" tabindex=\"-1\" ><div class=\"elementor-post__thumbnail\"><img loading=\"lazy\" decoding=\"async\" width=\"1000\" height=\"662\" src=\"https:\/\/lsf-france.com\/wp-content\/uploads\/2021\/04\/Certificate-TEF.png\" class=\"attachment-full size-full wp-image-391877\" alt=\"\" srcset=\"https:\/\/lsf-france.com\/wp-content\/uploads\/2021\/04\/Certificate-TEF.png 1000w, https:\/\/lsf-france.com\/wp-content\/uploads\/2021\/04\/Certificate-TEF-600x397.png 600w, https:\/\/lsf-france.com\/wp-content\/uploads\/2021\/04\/Certificate-TEF-300x199.png 300w, https:\/\/lsf-france.com\/wp-content\/uploads\/2021\/04\/Certificate-TEF-768x508.png 768w, https:\/\/lsf-france.com\/wp-content\/uploads\/2021\/04\/Certificate-TEF-640x424.png 640w, https:\/\/lsf-france.com\/wp-content\/uploads\/2021\/04\/Certificate-TEF-400x265.png 400w\" sizes=\"(max-width: 1000px) 100vw, 1000px\" \/><\/div><\/a>\n\t\t\t\t<div class=\"elementor-post__text\">\n\t\t\t\t<h3 class=\"elementor-post__title\">\n\t\t\t<a href=\"https:\/\/lsf-france.com\/fr\/education\/niveaux-de-langues\/\" >\n\t\t\t\tNiveaux de langues\t\t\t<\/a>\n\t\t<\/h3>\n\t\t\t\t<div class=\"elementor-post__excerpt\">\n\t\t\t<p>Les cours de fran\u00e7ais \u00e0 l\u2019\u00e9cole de langue fran\u00e7aise LSF s\u2019appuient sur le Cadre Europ\u00e9en Commun de R\u00e9f\u00e9rence (CECR). Le CECR d\u00e9finit les m\u00e9thodes d\u2019apprentissage, d\u2019enseignement et d\u2019\u00e9valuation des langues<\/p>\n\t\t<\/div>\n\t\t\n\t\t<a class=\"elementor-post__read-more\" href=\"https:\/\/lsf-france.com\/fr\/education\/niveaux-de-langues\/\" aria-label=\"En savoir plus sur Niveaux de langues\" tabindex=\"-1\" >\n\t\t\tPlus d'infos \u00bb\t\t<\/a>\n\n\t\t\t\t<\/div>\n\t\t\t\t\t<\/div>\n\t\t<\/article>\n\t\t\t\t<article class=\"elementor-post elementor-grid-item post-383197 page type-page status-publish has-post-thumbnail hentry\" role=\"listitem\">\n\t\t\t<div class=\"elementor-post__card\">\n\t\t\t\t<a class=\"elementor-post__thumbnail__link\" href=\"https:\/\/lsf-france.com\/fr\/education\/progression-a1-a-c2\/\" tabindex=\"-1\" ><div class=\"elementor-post__thumbnail\"><img loading=\"lazy\" decoding=\"async\" width=\"1472\" height=\"666\" src=\"https:\/\/lsf-france.com\/wp-content\/uploads\/2021\/07\/progression.png\" class=\"attachment-full size-full wp-image-394259\" alt=\"\" srcset=\"https:\/\/lsf-france.com\/wp-content\/uploads\/2021\/07\/progression.png 1472w, https:\/\/lsf-france.com\/wp-content\/uploads\/2021\/07\/progression-300x136.png 300w, https:\/\/lsf-france.com\/wp-content\/uploads\/2021\/07\/progression-1024x463.png 1024w, https:\/\/lsf-france.com\/wp-content\/uploads\/2021\/07\/progression-768x347.png 768w, https:\/\/lsf-france.com\/wp-content\/uploads\/2021\/07\/progression-600x271.png 600w\" sizes=\"(max-width: 1472px) 100vw, 1472px\" \/><\/div><\/a>\n\t\t\t\t<div class=\"elementor-post__text\">\n\t\t\t\t<h3 class=\"elementor-post__title\">\n\t\t\t<a href=\"https:\/\/lsf-france.com\/fr\/education\/progression-a1-a-c2\/\" >\n\t\t\t\tProgression de A1 \u00e0 C2\t\t\t<\/a>\n\t\t<\/h3>\n\t\t\t\t<div class=\"elementor-post__excerpt\">\n\t\t\t<p>L\u2019\u00e9cole LSF propose 5 niveaux de fran\u00e7ais bas\u00e9s sur le CECR (Cadre europ\u00e9en commun de r\u00e9f\u00e9rence pour les langues) : Niveau A1\u00a0D\u00e9couvrir la langue : 90 heures\/6 semaines Niveau A2\u00a0Se<\/p>\n\t\t<\/div>\n\t\t\n\t\t<a class=\"elementor-post__read-more\" href=\"https:\/\/lsf-france.com\/fr\/education\/progression-a1-a-c2\/\" aria-label=\"En savoir plus sur Progression de A1 \u00e0 C2\" tabindex=\"-1\" >\n\t\t\tPlus d'infos \u00bb\t\t<\/a>\n\n\t\t\t\t<\/div>\n\t\t\t\t\t<\/div>\n\t\t<\/article>\n\t\t\t\t<\/div>\n\t\t\n\t\t\t\t\t\t<\/div>\n\t\t\t\t<\/div>\n\t\t\t\t\t<\/div>\n\t\t<\/div>\n\t\t\t\t\t<\/div>\n\t\t<\/section>\n\t\t\t\t<\/div>\n\t\t","protected":false},"excerpt":{"rendered":"<p>Eva Responsable p\u00e9dagogique \u00ab\u00a0Nos enseignants vous accompagneront et vous soutiendront tout au long de votre processus d&rsquo;apprentissage. Nous mettrons tout en \u0153uvre pour vous aider \u00e0 atteindre les objectifs que [&hellip;]<\/p>\n","protected":false},"author":1,"featured_media":0,"parent":0,"menu_order":0,"comment_status":"closed","ping_status":"closed","template":"","meta":{"_acf_changed":false,"content-type":"","footnotes":""},"class_list":["post-33803","page","type-page","status-publish","hentry"],"acf":[],"_links":{"self":[{"href":"https:\/\/lsf-france.com\/fr\/wp-json\/wp\/v2\/pages\/33803","targetHints":{"allow":["GET"]}}],"collection":[{"href":"https:\/\/lsf-france.com\/fr\/wp-json\/wp\/v2\/pages"}],"about":[{"href":"https:\/\/lsf-france.com\/fr\/wp-json\/wp\/v2\/types\/page"}],"author":[{"embeddable":true,"href":"https:\/\/lsf-france.com\/fr\/wp-json\/wp\/v2\/users\/1"}],"replies":[{"embeddable":true,"href":"https:\/\/lsf-france.com\/fr\/wp-json\/wp\/v2\/comments?post=33803"}],"version-history":[{"count":5,"href":"https:\/\/lsf-france.com\/fr\/wp-json\/wp\/v2\/pages\/33803\/revisions"}],"predecessor-version":[{"id":409850,"href":"https:\/\/lsf-france.com\/fr\/wp-json\/wp\/v2\/pages\/33803\/revisions\/409850"}],"wp:attachment":[{"href":"https:\/\/lsf-france.com\/fr\/wp-json\/wp\/v2\/media?parent=33803"}],"curies":[{"name":"wp","href":"https:\/\/api.w.org\/{rel}","templated":true}]}}