{"id":33807,"date":"2018-12-18T08:57:33","date_gmt":"2018-12-18T07:57:33","guid":{"rendered":"http:\/\/dev.lsf-france.com\/education\/methodologie\/"},"modified":"2024-09-03T11:54:25","modified_gmt":"2024-09-03T09:54:25","slug":"methodologie","status":"publish","type":"page","link":"https:\/\/lsf-france.com\/fr\/education\/methodologie\/","title":{"rendered":"M\u00e9thodologie"},"content":{"rendered":"<h3>Une \u00e9quipe de professeurs tr\u00e8s exp\u00e9riment\u00e9s<\/h3>\n<hr style=\"background-color: #ffed00; height: 3px;\" \/>\n<p><strong>Tous nos professeurs sont de langue maternelle fran\u00e7aise et titulaires d&rsquo;un dipl\u00f4me universitaire de fran\u00e7ais langue \u00e9trang\u00e8re (FLE).<\/strong><\/p>\n<p>Notre \u00e9quipe permanente est compos\u00e9e de 7 professeurs qui ont tous une grande exp\u00e9rience de l&rsquo;enseignement du fran\u00e7ais langue \u00e9trang\u00e8re. Nous valorisons l&rsquo;innovation p\u00e9dagogique, c&rsquo;est pourquoi nos professeurs suivent r\u00e9guli\u00e8rement des formations pour assurer un niveau d&rsquo;excellence \u00e0 LSF. Nous ne recrutons que des professeurs exp\u00e9riment\u00e9s et cr\u00e9atifs, comp\u00e9tents et enthousiastes, qui savent rendre leurs cours de fran\u00e7ais coh\u00e9rents, stimulants, agr\u00e9ables et amusants.<\/p>\n<p>Tous les professeurs travaillant \u00e0 LSF sont r\u00e9guli\u00e8rement observ\u00e9s par le directeur p\u00e9dagogique de l&rsquo;\u00e9cole, ce qui garantit la coh\u00e9rence de la formation offerte par LSF. Les \u00e9tudiants sont \u00e9galement encourag\u00e9s \u00e0 donner leur avis sur les cours qu&rsquo;ils ont suivis.<\/p>\n<h3>Un programme de cours adapt\u00e9<\/h3>\n<hr style=\"background-color: #ffed00; height: 3px;\" \/>\n<p>Avant leur arriv\u00e9e, les \u00e9tudiants passent un test \u00e9crit en ligne qui permet d&rsquo;\u00e9valuer leur niveau. Lors de l&rsquo;arriv\u00e9e, ce niveau est confirm\u00e9 lors du test oral. Les \u00e9tudiants int\u00e8grent une classe adapt\u00e9e \u00e0 leur niveau. Nous consid\u00e9rons qu&rsquo;il est tr\u00e8s important de satisfaire nos \u00e9tudiants : tout au long de leur s\u00e9jour, de leur premi\u00e8re semaine \u00e0 leur dernier jour. Nous veillons \u00e0 ce que les cours propos\u00e9s r\u00e9pondent \u00e0 leurs attentes et \u00e0 leurs besoins.<\/p>\n<p>Nous restons attentifs et proposons, si n\u00e9cessaire, des solutions de rattrapage qui peuvent consister en un changement de classe et\/ou de niveau ou en une aide personnalis\u00e9e dans le cadre du tutorat propos\u00e9 chaque semaine \u00e0 l&rsquo;\u00e9cole.<\/p>\n<p>Pour faciliter la vie quotidienne des \u00e9tudiants, LSF a cr\u00e9\u00e9 une application disponible sur smartphone pour consulter son emploi du temps.<\/p>\n\n<figure class=\"wp-block-gallery has-nested-images columns-default is-cropped wp-block-gallery-1 is-layout-flex wp-block-gallery-is-layout-flex\">\n<figure class=\"wp-block-image size-large\"><img fetchpriority=\"high\" decoding=\"async\" width=\"1024\" height=\"683\" data-id=\"411359\" src=\"https:\/\/lsf-france.com\/wp-content\/uploads\/2024\/09\/03_KLF_MONTPELLIER_228_websize-1024x683.jpg\" alt=\"\" class=\"wp-image-411359\" srcset=\"https:\/\/lsf-france.com\/wp-content\/uploads\/2024\/09\/03_KLF_MONTPELLIER_228_websize-1024x683.jpg 1024w, https:\/\/lsf-france.com\/wp-content\/uploads\/2024\/09\/03_KLF_MONTPELLIER_228_websize-300x200.jpg 300w, https:\/\/lsf-france.com\/wp-content\/uploads\/2024\/09\/03_KLF_MONTPELLIER_228_websize-768x512.jpg 768w, https:\/\/lsf-france.com\/wp-content\/uploads\/2024\/09\/03_KLF_MONTPELLIER_228_websize-1536x1024.jpg 1536w, https:\/\/lsf-france.com\/wp-content\/uploads\/2024\/09\/03_KLF_MONTPELLIER_228_websize.jpg 2048w\" sizes=\"(max-width: 1024px) 100vw, 1024px\" \/><\/figure>\n\n\n\n<figure class=\"wp-block-image size-large\"><img decoding=\"async\" width=\"1024\" height=\"683\" data-id=\"411231\" src=\"https:\/\/lsf-france.com\/wp-content\/uploads\/2024\/09\/03_KLF_MONTPELLIER_364_websize-1024x683.jpg\" alt=\"\" class=\"wp-image-411231\" srcset=\"https:\/\/lsf-france.com\/wp-content\/uploads\/2024\/09\/03_KLF_MONTPELLIER_364_websize-1024x683.jpg 1024w, https:\/\/lsf-france.com\/wp-content\/uploads\/2024\/09\/03_KLF_MONTPELLIER_364_websize-300x200.jpg 300w, https:\/\/lsf-france.com\/wp-content\/uploads\/2024\/09\/03_KLF_MONTPELLIER_364_websize-768x512.jpg 768w, https:\/\/lsf-france.com\/wp-content\/uploads\/2024\/09\/03_KLF_MONTPELLIER_364_websize-1536x1025.jpg 1536w, https:\/\/lsf-france.com\/wp-content\/uploads\/2024\/09\/03_KLF_MONTPELLIER_364_websize.jpg 2048w\" sizes=\"(max-width: 1024px) 100vw, 1024px\" \/><\/figure>\n\n\n\n<figure class=\"wp-block-image size-large\"><img decoding=\"async\" width=\"1024\" height=\"683\" data-id=\"411399\" src=\"https:\/\/lsf-france.com\/wp-content\/uploads\/2024\/09\/03_KLF_MONTPELLIER_185_websize-1024x683.jpg\" alt=\"\" class=\"wp-image-411399\" srcset=\"https:\/\/lsf-france.com\/wp-content\/uploads\/2024\/09\/03_KLF_MONTPELLIER_185_websize-1024x683.jpg 1024w, https:\/\/lsf-france.com\/wp-content\/uploads\/2024\/09\/03_KLF_MONTPELLIER_185_websize-300x200.jpg 300w, https:\/\/lsf-france.com\/wp-content\/uploads\/2024\/09\/03_KLF_MONTPELLIER_185_websize-768x512.jpg 768w, https:\/\/lsf-france.com\/wp-content\/uploads\/2024\/09\/03_KLF_MONTPELLIER_185_websize-1536x1024.jpg 1536w, https:\/\/lsf-france.com\/wp-content\/uploads\/2024\/09\/03_KLF_MONTPELLIER_185_websize.jpg 2048w\" sizes=\"(max-width: 1024px) 100vw, 1024px\" \/><\/figure>\n\n\n\n<figure class=\"wp-block-image size-large\"><img loading=\"lazy\" decoding=\"async\" width=\"1024\" height=\"683\" data-id=\"411343\" src=\"https:\/\/lsf-france.com\/wp-content\/uploads\/2024\/09\/03_KLF_MONTPELLIER_242_websize-1024x683.jpg\" alt=\"\" class=\"wp-image-411343\" srcset=\"https:\/\/lsf-france.com\/wp-content\/uploads\/2024\/09\/03_KLF_MONTPELLIER_242_websize-1024x683.jpg 1024w, https:\/\/lsf-france.com\/wp-content\/uploads\/2024\/09\/03_KLF_MONTPELLIER_242_websize-300x200.jpg 300w, https:\/\/lsf-france.com\/wp-content\/uploads\/2024\/09\/03_KLF_MONTPELLIER_242_websize-768x512.jpg 768w, https:\/\/lsf-france.com\/wp-content\/uploads\/2024\/09\/03_KLF_MONTPELLIER_242_websize-1536x1024.jpg 1536w, https:\/\/lsf-france.com\/wp-content\/uploads\/2024\/09\/03_KLF_MONTPELLIER_242_websize.jpg 2048w\" sizes=\"(max-width: 1024px) 100vw, 1024px\" \/><\/figure>\n\n\n\n<figure class=\"wp-block-image size-large\"><img loading=\"lazy\" decoding=\"async\" width=\"1024\" height=\"683\" data-id=\"411323\" src=\"https:\/\/lsf-france.com\/wp-content\/uploads\/2024\/09\/03_KLF_MONTPELLIER_266_websize-1024x683.jpg\" alt=\"\" class=\"wp-image-411323\" srcset=\"https:\/\/lsf-france.com\/wp-content\/uploads\/2024\/09\/03_KLF_MONTPELLIER_266_websize-1024x683.jpg 1024w, https:\/\/lsf-france.com\/wp-content\/uploads\/2024\/09\/03_KLF_MONTPELLIER_266_websize-300x200.jpg 300w, https:\/\/lsf-france.com\/wp-content\/uploads\/2024\/09\/03_KLF_MONTPELLIER_266_websize-768x512.jpg 768w, https:\/\/lsf-france.com\/wp-content\/uploads\/2024\/09\/03_KLF_MONTPELLIER_266_websize-1536x1024.jpg 1536w, https:\/\/lsf-france.com\/wp-content\/uploads\/2024\/09\/03_KLF_MONTPELLIER_266_websize.jpg 2048w\" sizes=\"(max-width: 1024px) 100vw, 1024px\" \/><\/figure>\n\n\n\n<figure class=\"wp-block-image size-large\"><img loading=\"lazy\" decoding=\"async\" width=\"1024\" height=\"683\" data-id=\"411327\" src=\"https:\/\/lsf-france.com\/wp-content\/uploads\/2024\/09\/03_KLF_MONTPELLIER_257_websize-1024x683.jpg\" alt=\"\" class=\"wp-image-411327\" srcset=\"https:\/\/lsf-france.com\/wp-content\/uploads\/2024\/09\/03_KLF_MONTPELLIER_257_websize-1024x683.jpg 1024w, https:\/\/lsf-france.com\/wp-content\/uploads\/2024\/09\/03_KLF_MONTPELLIER_257_websize-300x200.jpg 300w, https:\/\/lsf-france.com\/wp-content\/uploads\/2024\/09\/03_KLF_MONTPELLIER_257_websize-768x512.jpg 768w, https:\/\/lsf-france.com\/wp-content\/uploads\/2024\/09\/03_KLF_MONTPELLIER_257_websize-1536x1024.jpg 1536w, https:\/\/lsf-france.com\/wp-content\/uploads\/2024\/09\/03_KLF_MONTPELLIER_257_websize.jpg 2048w\" sizes=\"(max-width: 1024px) 100vw, 1024px\" \/><\/figure>\n<\/figure>\n","protected":false},"excerpt":{"rendered":"<p>Une \u00e9quipe de professeurs tr\u00e8s exp\u00e9riment\u00e9s Tous nos professeurs sont de langue maternelle fran\u00e7aise et titulaires d&rsquo;un dipl\u00f4me universitaire de fran\u00e7ais langue \u00e9trang\u00e8re (FLE). Notre \u00e9quipe permanente est compos\u00e9e de [&hellip;]<\/p>\n","protected":false},"author":1,"featured_media":394665,"parent":33803,"menu_order":0,"comment_status":"closed","ping_status":"closed","template":"","meta":{"_acf_changed":false,"content-type":"","footnotes":""},"class_list":["post-33807","page","type-page","status-publish","has-post-thumbnail","hentry"],"acf":[],"_links":{"self":[{"href":"https:\/\/lsf-france.com\/fr\/wp-json\/wp\/v2\/pages\/33807","targetHints":{"allow":["GET"]}}],"collection":[{"href":"https:\/\/lsf-france.com\/fr\/wp-json\/wp\/v2\/pages"}],"about":[{"href":"https:\/\/lsf-france.com\/fr\/wp-json\/wp\/v2\/types\/page"}],"author":[{"embeddable":true,"href":"https:\/\/lsf-france.com\/fr\/wp-json\/wp\/v2\/users\/1"}],"replies":[{"embeddable":true,"href":"https:\/\/lsf-france.com\/fr\/wp-json\/wp\/v2\/comments?post=33807"}],"version-history":[{"count":3,"href":"https:\/\/lsf-france.com\/fr\/wp-json\/wp\/v2\/pages\/33807\/revisions"}],"predecessor-version":[{"id":411691,"href":"https:\/\/lsf-france.com\/fr\/wp-json\/wp\/v2\/pages\/33807\/revisions\/411691"}],"up":[{"embeddable":true,"href":"https:\/\/lsf-france.com\/fr\/wp-json\/wp\/v2\/pages\/33803"}],"wp:featuredmedia":[{"embeddable":true,"href":"https:\/\/lsf-france.com\/fr\/wp-json\/wp\/v2\/media\/394665"}],"wp:attachment":[{"href":"https:\/\/lsf-france.com\/fr\/wp-json\/wp\/v2\/media?parent=33807"}],"curies":[{"name":"wp","href":"https:\/\/api.w.org\/{rel}","templated":true}]}}