{"id":33809,"date":"2018-12-18T08:58:00","date_gmt":"2018-12-18T07:58:00","guid":{"rendered":"http:\/\/dev.lsf-france.com\/education\/outils\/"},"modified":"2021-07-16T14:48:48","modified_gmt":"2021-07-16T12:48:48","slug":"outils","status":"publish","type":"page","link":"https:\/\/lsf-france.com\/fr\/education\/outils\/","title":{"rendered":"Outils p\u00e9dagogiques"},"content":{"rendered":"\t\t<div data-elementor-type=\"wp-page\" data-elementor-id=\"33809\" class=\"elementor elementor-33809 elementor-33197\" data-elementor-post-type=\"page\">\n\t\t\t\t\t\t<section class=\"elementor-section elementor-top-section elementor-element elementor-element-107da47 elementor-section-boxed elementor-section-height-default elementor-section-height-default\" data-id=\"107da47\" data-element_type=\"section\" data-e-type=\"section\">\n\t\t\t\t\t\t<div class=\"elementor-container elementor-column-gap-default\">\n\t\t\t\t\t<div class=\"elementor-column elementor-col-100 elementor-top-column elementor-element elementor-element-2a9dbf4\" data-id=\"2a9dbf4\" data-element_type=\"column\" data-e-type=\"column\">\n\t\t\t<div class=\"elementor-widget-wrap elementor-element-populated\">\n\t\t\t\t\t\t<div class=\"elementor-element elementor-element-cf8e7de elementor-widget elementor-widget-heading\" data-id=\"cf8e7de\" data-element_type=\"widget\" data-e-type=\"widget\" data-widget_type=\"heading.default\">\n\t\t\t\t<div class=\"elementor-widget-container\">\n\t\t\t\t\t<h2 class=\"elementor-heading-title elementor-size-default\">Des outils tr\u00e8s performants<\/h2>\t\t\t\t<\/div>\n\t\t\t\t<\/div>\n\t\t\t\t<div class=\"elementor-element elementor-element-b66964a elementor-widget elementor-widget-text-editor\" data-id=\"b66964a\" data-element_type=\"widget\" data-e-type=\"widget\" data-widget_type=\"text-editor.default\">\n\t\t\t\t<div class=\"elementor-widget-container\">\n\t\t\t\t\t\t\t\t\t<hr \/>\n<p>L\u2019e\u0301quipe pe\u0301dagogique de LSF de\u0301veloppe ses propres contenus de classe pour proposer des cours originaux, authentiques et actuels tout en respectant le cadre commun de re\u0301fe\u0301rence pour les langues (CECR). Nous disposons notamment de 5 salles e\u0301quipe\u0301es d\u2019un e\u0301cran interactif nume\u0301rique qui permettent aux professeurs de proposer des cours interactifs et ludiques.<br \/>\nNous cre\u0301ons toujours de nouveaux cours et de nouveaux supports pour vous permettre de be\u0301ne\u0301ficier du meilleur enseignement possible.<\/p>\n<p>&nbsp;<\/p>\n<p>Nous avons de\u0301veloppe\u0301 deux outils pour vous permettre d\u2019optimiser votre apprentissage du franc\u0327ais en autonomie apre\u0300s la classe et nous les ame\u0301liorons au quotidien pour re\u0301pondre constamment a\u0300 vos attentes et a\u0300 vos besoins.<\/p>\n\t\t\t\t\t\t\t\t<\/div>\n\t\t\t\t<\/div>\n\t\t\t\t\t<\/div>\n\t\t<\/div>\n\t\t\t\t\t<\/div>\n\t\t<\/section>\n\t\t\t\t<section class=\"elementor-section elementor-top-section elementor-element elementor-element-3e47755 elementor-section-boxed elementor-section-height-default elementor-section-height-default\" data-id=\"3e47755\" data-element_type=\"section\" data-e-type=\"section\">\n\t\t\t\t\t\t<div class=\"elementor-container elementor-column-gap-default\">\n\t\t\t\t\t<div class=\"elementor-column elementor-col-33 elementor-top-column elementor-element elementor-element-62334a6\" data-id=\"62334a6\" data-element_type=\"column\" data-e-type=\"column\">\n\t\t\t<div class=\"elementor-widget-wrap elementor-element-populated\">\n\t\t\t\t\t\t<div class=\"elementor-element elementor-element-8a380ad elementor-widget elementor-widget-heading\" data-id=\"8a380ad\" data-element_type=\"widget\" data-e-type=\"widget\" data-widget_type=\"heading.default\">\n\t\t\t\t<div class=\"elementor-widget-container\">\n\t\t\t\t\t<h2 class=\"elementor-heading-title elementor-size-default\">Carnet de route<\/h2>\t\t\t\t<\/div>\n\t\t\t\t<\/div>\n\t\t\t\t<div class=\"elementor-element elementor-element-b2bf30f elementor-widget elementor-widget-image\" data-id=\"b2bf30f\" data-element_type=\"widget\" data-e-type=\"widget\" data-widget_type=\"image.default\">\n\t\t\t\t<div class=\"elementor-widget-container\">\n\t\t\t\t\t\t\t\t\t\t\t\t\t\t\t<img fetchpriority=\"high\" decoding=\"async\" width=\"421\" height=\"594\" src=\"https:\/\/lsf-france.com\/wp-content\/uploads\/2021\/07\/ROADBOOK_LSF_2021.jpg\" class=\"attachment-large size-large wp-image-394244\" alt=\"\" srcset=\"https:\/\/lsf-france.com\/wp-content\/uploads\/2021\/07\/ROADBOOK_LSF_2021.jpg 421w, https:\/\/lsf-france.com\/wp-content\/uploads\/2021\/07\/ROADBOOK_LSF_2021-213x300.jpg 213w\" sizes=\"(max-width: 421px) 100vw, 421px\" \/>\t\t\t\t\t\t\t\t\t\t\t\t\t\t\t<\/div>\n\t\t\t\t<\/div>\n\t\t\t\t<div class=\"elementor-element elementor-element-335f66f elementor-widget elementor-widget-text-editor\" data-id=\"335f66f\" data-element_type=\"widget\" data-e-type=\"widget\" data-widget_type=\"text-editor.default\">\n\t\t\t\t<div class=\"elementor-widget-container\">\n\t\t\t\t\t\t\t\t\t<p>\u00c0 votre arrive\u0301e a\u0300 l\u2019e\u0301cole, vous recevrez le carnet de route de LSF<\/p>\n<p><strong>Le Roadbook de LSF, c\u2019est \u00e0 la fois :<\/strong><\/p>\n<ul>\n<li>un v\u00e9ritable manuel de cours avec du vocabulaire illustr\u00e9, des fiches de conjugaison et des activit\u00e9s de classe<\/li>\n<li>un carnet de route pour noter toutes ses d\u00e9couvertes et ses impressions<\/li>\n<li>un guide de Montpellier avec des conseils et des bonnes adresses pour profiter pleinement de son s\u00e9jour (restaurants, culture, sports, nature\u2026)<\/li>\n<\/ul>\n<p>Le Roadbook est remis \u00e0 tous les \u00e9tudiants \u00e0 leur arriv\u00e9e \u00e0 LSF, il est utilis\u00e9 en classe tous les jours et est utile dans toutes les situations de la vie quotidienne en dehors des cours.<\/p>\n<p><strong>84 pages pour progresser en fran\u00e7ais au quotidien !<\/strong><\/p>\n\t\t\t\t\t\t\t\t<\/div>\n\t\t\t\t<\/div>\n\t\t\t\t\t<\/div>\n\t\t<\/div>\n\t\t\t\t<div class=\"elementor-column elementor-col-33 elementor-top-column elementor-element elementor-element-549a3e9\" data-id=\"549a3e9\" data-element_type=\"column\" data-e-type=\"column\">\n\t\t\t<div class=\"elementor-widget-wrap elementor-element-populated\">\n\t\t\t\t\t\t<div class=\"elementor-element elementor-element-2c1bdaa elementor-widget elementor-widget-heading\" data-id=\"2c1bdaa\" data-element_type=\"widget\" data-e-type=\"widget\" data-widget_type=\"heading.default\">\n\t\t\t\t<div class=\"elementor-widget-container\">\n\t\t\t\t\t<h2 class=\"elementor-heading-title elementor-size-default\">Plateforme e-Learning<\/h2>\t\t\t\t<\/div>\n\t\t\t\t<\/div>\n\t\t\t\t<div class=\"elementor-element elementor-element-fc04146 elementor-widget elementor-widget-video\" data-id=\"fc04146\" data-element_type=\"widget\" data-e-type=\"widget\" data-settings=\"{&quot;youtube_url&quot;:&quot;https:\\\/\\\/www.youtube.com\\\/watch?v=HynZixvxopg&quot;,&quot;video_type&quot;:&quot;youtube&quot;,&quot;controls&quot;:&quot;yes&quot;}\" data-widget_type=\"video.default\">\n\t\t\t\t<div class=\"elementor-widget-container\">\n\t\t\t\t\t\t\t<div class=\"elementor-wrapper elementor-open-inline\">\n\t\t\t<div class=\"elementor-video\"><\/div>\t\t<\/div>\n\t\t\t\t\t\t<\/div>\n\t\t\t\t<\/div>\n\t\t\t\t<div class=\"elementor-element elementor-element-5c7bbbc elementor-widget elementor-widget-text-editor\" data-id=\"5c7bbbc\" data-element_type=\"widget\" data-e-type=\"widget\" data-widget_type=\"text-editor.default\">\n\t\t\t\t<div class=\"elementor-widget-container\">\n\t\t\t\t\t\t\t\t\t<p>Vous aurez e\u0301galement acce\u0300s a\u0300 notre plateforme e-learning pendant toute la dure\u0301e de votre se\u0301jour (accessible sur ordinateur, tablette et te\u0301le\u0301phone). Vous aurez acce\u0300s aux re\u0301sume\u0301s de cours de tous les niveaux, a\u0300 des exercices autocorrectifs, a\u0300 des fiches de grammaire et de vocabulaire, ainsi qu\u2019a\u0300 des compre\u0301hensions orales et e\u0301crites.<\/p>\n<p>Notre e\u0301quipe pe\u0301dagogique re\u0301pond a\u0300 toutes les questions que vous posez sur la plateforme et corrige toutes vos contributions e\u0301crites. L\u2019objectif est de vous apporter une assistance pe\u0301dagogique apre\u0300s la classe en vous proposant une correction, des explications et des conseils personnalise\u0301s.<\/p>\n<p>Pour vous permettre de continuer votre apprentissage du franc\u0327ais apre\u0300s votre se\u0301jour, il est possible de prolonger l\u2019acce\u0300s a\u0300 la plateforme e-learning de LSF a\u0300 un tarif pre\u0301fe\u0301rentiel pour 3 mois, 6 mois ou 1 an et de prendre des cours a\u0300 distance via Skype avec les professeurs que vous avez eus a\u0300 l\u2019e\u0301cole.<\/p>\n\t\t\t\t\t\t\t\t<\/div>\n\t\t\t\t<\/div>\n\t\t\t\t<div class=\"elementor-element elementor-element-bc18b33 elementor-widget elementor-widget-button\" data-id=\"bc18b33\" data-element_type=\"widget\" data-e-type=\"widget\" data-widget_type=\"button.default\">\n\t\t\t\t<div class=\"elementor-widget-container\">\n\t\t\t\t\t\t\t\t\t<div class=\"elementor-button-wrapper\">\n\t\t\t\t\t<a class=\"elementor-button elementor-button-link elementor-size-sm\" href=\"https:\/\/lsf-france.com\/fr\/reservation-cours-francais\/plateforme-e-learning\/\">\n\t\t\t\t\t\t<span class=\"elementor-button-content-wrapper\">\n\t\t\t\t\t\t\t\t\t<span class=\"elementor-button-text\">Plus d'informations<\/span>\n\t\t\t\t\t<\/span>\n\t\t\t\t\t<\/a>\n\t\t\t\t<\/div>\n\t\t\t\t\t\t\t\t<\/div>\n\t\t\t\t<\/div>\n\t\t\t\t\t<\/div>\n\t\t<\/div>\n\t\t\t\t<div class=\"elementor-column elementor-col-33 elementor-top-column elementor-element elementor-element-6759d1a\" data-id=\"6759d1a\" data-element_type=\"column\" data-e-type=\"column\">\n\t\t\t<div class=\"elementor-widget-wrap elementor-element-populated\">\n\t\t\t\t\t\t<div class=\"elementor-element elementor-element-b8f4832 elementor-widget elementor-widget-heading\" data-id=\"b8f4832\" data-element_type=\"widget\" data-e-type=\"widget\" data-widget_type=\"heading.default\">\n\t\t\t\t<div class=\"elementor-widget-container\">\n\t\t\t\t\t<h2 class=\"elementor-heading-title elementor-size-default\">Tutorat<\/h2>\t\t\t\t<\/div>\n\t\t\t\t<\/div>\n\t\t\t\t<div class=\"elementor-element elementor-element-c646106 elementor-widget elementor-widget-image\" data-id=\"c646106\" data-element_type=\"widget\" data-e-type=\"widget\" data-widget_type=\"image.default\">\n\t\t\t\t<div class=\"elementor-widget-container\">\n\t\t\t\t\t\t\t\t\t\t\t\t\t\t\t<img decoding=\"async\" width=\"631\" height=\"789\" src=\"https:\/\/lsf-france.com\/wp-content\/uploads\/2019\/02\/adults-1.jpg\" class=\"attachment-large size-large wp-image-34090\" alt=\"\" srcset=\"https:\/\/lsf-france.com\/wp-content\/uploads\/2019\/02\/adults-1.jpg 631w, https:\/\/lsf-france.com\/wp-content\/uploads\/2019\/02\/adults-1-600x750.jpg 600w\" sizes=\"(max-width: 631px) 100vw, 631px\" \/>\t\t\t\t\t\t\t\t\t\t\t\t\t\t\t<\/div>\n\t\t\t\t<\/div>\n\t\t\t\t<div class=\"elementor-element elementor-element-643795a elementor-widget elementor-widget-text-editor\" data-id=\"643795a\" data-element_type=\"widget\" data-e-type=\"widget\" data-widget_type=\"text-editor.default\">\n\t\t\t\t<div class=\"elementor-widget-container\">\n\t\t\t\t\t\t\t\t\t<p>Si vous rencontrez une difficult\u00e9 avec une notion vue en classe, vous pouvez participer gratuitement au tutorat assur\u00e9 chaque semaine par un enseignant de l&rsquo;\u00e9cole.<\/p>\n<p>Pendant toute la dur\u00e9e de votre formation, notre \u00e9quipe p\u00e9dagogique r\u00e9pondra \u00e0 toutes les questions que vous poserez sur la plateforme.<\/p>\n<p>L&rsquo;objectif est de vous apporter une aide p\u00e9dagogique apr\u00e8s les cours en vous proposant des corrections, des explications et des conseils personnalis\u00e9s.<\/p>\n\t\t\t\t\t\t\t\t<\/div>\n\t\t\t\t<\/div>\n\t\t\t\t\t<\/div>\n\t\t<\/div>\n\t\t\t\t\t<\/div>\n\t\t<\/section>\n\t\t\t\t<\/div>\n\t\t","protected":false},"excerpt":{"rendered":"<p>Des outils tr\u00e8s performants L\u2019e\u0301quipe pe\u0301dagogique de LSF de\u0301veloppe ses propres contenus de classe pour proposer des cours originaux, authentiques et actuels tout en respectant le cadre commun de re\u0301fe\u0301rence [&hellip;]<\/p>\n","protected":false},"author":1,"featured_media":394244,"parent":33803,"menu_order":0,"comment_status":"closed","ping_status":"closed","template":"","meta":{"_acf_changed":false,"content-type":"","footnotes":""},"class_list":["post-33809","page","type-page","status-publish","has-post-thumbnail","hentry"],"acf":[],"_links":{"self":[{"href":"https:\/\/lsf-france.com\/fr\/wp-json\/wp\/v2\/pages\/33809","targetHints":{"allow":["GET"]}}],"collection":[{"href":"https:\/\/lsf-france.com\/fr\/wp-json\/wp\/v2\/pages"}],"about":[{"href":"https:\/\/lsf-france.com\/fr\/wp-json\/wp\/v2\/types\/page"}],"author":[{"embeddable":true,"href":"https:\/\/lsf-france.com\/fr\/wp-json\/wp\/v2\/users\/1"}],"replies":[{"embeddable":true,"href":"https:\/\/lsf-france.com\/fr\/wp-json\/wp\/v2\/comments?post=33809"}],"version-history":[{"count":0,"href":"https:\/\/lsf-france.com\/fr\/wp-json\/wp\/v2\/pages\/33809\/revisions"}],"up":[{"embeddable":true,"href":"https:\/\/lsf-france.com\/fr\/wp-json\/wp\/v2\/pages\/33803"}],"wp:featuredmedia":[{"embeddable":true,"href":"https:\/\/lsf-france.com\/fr\/wp-json\/wp\/v2\/media\/394244"}],"wp:attachment":[{"href":"https:\/\/lsf-france.com\/fr\/wp-json\/wp\/v2\/media?parent=33809"}],"curies":[{"name":"wp","href":"https:\/\/api.w.org\/{rel}","templated":true}]}}