{"id":33814,"date":"2018-11-02T12:47:33","date_gmt":"2018-11-02T11:47:33","guid":{"rendered":"http:\/\/dev.lsf-france.com\/education\/niveaux-de-langues\/"},"modified":"2021-07-16T16:04:08","modified_gmt":"2021-07-16T14:04:08","slug":"niveaux-de-langues","status":"publish","type":"page","link":"https:\/\/lsf-france.com\/fr\/education\/niveaux-de-langues\/","title":{"rendered":"Niveaux de langues"},"content":{"rendered":"<p>Les cours de fran\u00e7ais \u00e0 l\u2019\u00e9cole de langue fran\u00e7aise LSF s\u2019appuient sur le Cadre Europ\u00e9en Commun de R\u00e9f\u00e9rence (CECR). Le CECR d\u00e9finit les m\u00e9thodes d\u2019apprentissage, d\u2019enseignement et d\u2019\u00e9valuation des langues et propose une \u00e9chelle de comp\u00e9tences standardis\u00e9e en Fran\u00e7ais Langue Etrang\u00e8re.<\/p>\n<p>L\u2019\u00e9chelle d\u2019\u00e9valuation d\u00e9crit 6 niveaux de comp\u00e9tence, depuis A1 pour les d\u00e9butants \u00e0 C2 pour ceux qui ma\u00eetrisent parfaitement la langue. Ce cadre de r\u00e9f\u00e9rence et les 6 niveaux de progression sont largement accept\u00e9s au niveau europ\u00e9en et de plus en plus au niveau mondial.<\/p>\n<p>Le CECR d\u00e9crit ci-dessous les comp\u00e9tences attendues pour chaque niveau de progression.<\/p>\n<h2>Utilisateur \u00e9l\u00e9mentaire<\/h2>\n<h3>A1 \u2013 Niveau Introductif ou D\u00e9couverte<\/h3>\n<ul>\n<li>L\u2019\u00e9tudiant peut comprendre et utiliser des expressions famili\u00e8res et quotidiennes ainsi que des \u00e9nonc\u00e9s tr\u00e8s simples qui visent \u00e0 satisfaire des besoins concrets.<\/li>\n<li>Il peut se pr\u00e9senter ou pr\u00e9senter quelqu\u2019un et poser \u00e0 une personne des questions la concernant (lieu d\u2019habitation, relations, ce qui lui appartient\u2026).<\/li>\n<li>Il peut r\u00e9pondre au m\u00eame type de questions.<\/li>\n<li>Il peut communiquer de fa\u00e7on simple si l\u2019interlocuteur parle lentement et distinctement et se montre coop\u00e9ratif.<\/li>\n<\/ul>\n<h3>A2 \u2013 Niveau Interm\u00e9diaire ou de Survie<\/h3>\n<ul>\n<li>L\u2019\u00e9tudiant peut comprendre des phrases isol\u00e9es et des expressions fr\u00e9quemment utilis\u00e9es en relation avec des domaines imm\u00e9diats de priorit\u00e9 (informations personnelles ou familiales, achats, environnement proche, travail).<\/li>\n<li>Il peut communiquer lors de t\u00e2ches simples et habituelles ne demandant qu\u2019un \u00e9change d\u2019informations simple et direct sur des sujets familiers et habituels.<\/li>\n<li>Il peut d\u00e9crire avec des moyens simples sa formation, son environnement imm\u00e9diat et \u00e9voquer des sujets familiers et habituels ou qui correspondent \u00e0 des besoins imm\u00e9diats.<\/li>\n<\/ul>\n<h2>Utilisateur ind\u00e9pendant<\/h2>\n<h3>Niveau B1 \u2013 Niveau seuil<\/h3>\n<ul>\n<li>L\u2019\u00e9tudiant peut comprendre les points essentiels quand un langage clair et standard est utilis\u00e9 et s\u2019il s\u2019agit de choses famili\u00e8res dans le travail, \u00e0 l\u2019\u00e9cole, les loisirs\u2026<\/li>\n<li>Il peut se d\u00e9brouiller dans la plupart des situations rencontr\u00e9es en voyage dans une r\u00e9gion o\u00f9 la langue est parl\u00e9e.<\/li>\n<li>Il peut produire un discours simple et coh\u00e9rent sur des sujets familiers et dans ses domaines d\u2019int\u00e9r\u00eat.<\/li>\n<li>Il peut raconter un \u00e9v\u00e9nement, une exp\u00e9rience ou un r\u00eave, d\u00e9crire un espoir ou un but et exposer bri\u00e8vement des raisons ou explications pour un projet ou une id\u00e9e.<\/li>\n<\/ul>\n<h3>Niveau B2 \u2013 Niveau avanc\u00e9 ou ind\u00e9pendant<\/h3>\n<ul>\n<li>L\u2019\u00e9tudiant peut comprendre le contenu essentiel de sujets concrets ou abstraits dans un texte complexe, y compris une discussion technique dans sa sp\u00e9cialit\u00e9.<\/li>\n<li>Il peut communiquer avec un degr\u00e9 de spontan\u00e9it\u00e9 et d\u2019aisance tel qu\u2019une conversation avec un locuteur natif ne comporte de tension ni pour l\u2019un ni pour l\u2019autre.<\/li>\n<li>Il peut s\u2019exprimer de fa\u00e7on claire et d\u00e9taill\u00e9e sur une grande gamme de sujets, \u00e9mettre un avis sur un sujet d\u2019actualit\u00e9 et exposer les avantages et inconv\u00e9nients de diff\u00e9rentes possibilit\u00e9s.<\/li>\n<\/ul>\n<h2>Utilisateur exp\u00e9riment\u00e9<\/h2>\n<h3>C1 \u2013 Niveau autonome<\/h3>\n<ul>\n<li>L\u2019\u00e9tudiant peut comprendre une grande gamme de textes longs et exigeants, ainsi que de saisir des significations implicites.<\/li>\n<li>Il peut s\u2019exprimer spontan\u00e9ment et couramment sans trop apparemment devoir chercher ses mots.<\/li>\n<li>Il peut utiliser la langue de fa\u00e7on efficace et souple dans sa vie sociale, professionnelle ou acad\u00e9mique.<\/li>\n<li>Il peut s\u2019exprimer sur des sujets complexes de fa\u00e7on claire et bien structur\u00e9e et manifester son contr\u00f4le des outils d\u2019organisation, d\u2019articulation et de coh\u00e9sion du discours.<\/li>\n<\/ul>\n<h3>C2 \u2013 Niveau Ma\u00eetrise<\/h3>\n<ul>\n<li>L\u2019\u00e9tudiant peut comprendre sans effort pratiquement tout ce qu\u2019il lit ou entend.<\/li>\n<li>Il peut restituer faits et arguments de diverses sources \u00e9crites et orales en les r\u00e9sumant de fa\u00e7on coh\u00e9rente.<\/li>\n<li>Il peut s\u2019exprimer spontan\u00e9ment, tr\u00e8s couramment et de fa\u00e7on pr\u00e9cise et peut rendre distinctes de fines nuances de sens en rapport avec des sujets complexes.<\/li>\n<\/ul>\n","protected":false},"excerpt":{"rendered":"<p>Les cours de fran\u00e7ais \u00e0 l\u2019\u00e9cole de langue fran\u00e7aise LSF s\u2019appuient sur le Cadre Europ\u00e9en Commun de R\u00e9f\u00e9rence (CECR). Le CECR d\u00e9finit les m\u00e9thodes d\u2019apprentissage, d\u2019enseignement et d\u2019\u00e9valuation des langues [&hellip;]<\/p>\n","protected":false},"author":1,"featured_media":391877,"parent":33803,"menu_order":0,"comment_status":"closed","ping_status":"closed","template":"","meta":{"_acf_changed":false,"content-type":"","footnotes":""},"class_list":["post-33814","page","type-page","status-publish","has-post-thumbnail","hentry"],"acf":[],"_links":{"self":[{"href":"https:\/\/lsf-france.com\/fr\/wp-json\/wp\/v2\/pages\/33814","targetHints":{"allow":["GET"]}}],"collection":[{"href":"https:\/\/lsf-france.com\/fr\/wp-json\/wp\/v2\/pages"}],"about":[{"href":"https:\/\/lsf-france.com\/fr\/wp-json\/wp\/v2\/types\/page"}],"author":[{"embeddable":true,"href":"https:\/\/lsf-france.com\/fr\/wp-json\/wp\/v2\/users\/1"}],"replies":[{"embeddable":true,"href":"https:\/\/lsf-france.com\/fr\/wp-json\/wp\/v2\/comments?post=33814"}],"version-history":[{"count":0,"href":"https:\/\/lsf-france.com\/fr\/wp-json\/wp\/v2\/pages\/33814\/revisions"}],"up":[{"embeddable":true,"href":"https:\/\/lsf-france.com\/fr\/wp-json\/wp\/v2\/pages\/33803"}],"wp:featuredmedia":[{"embeddable":true,"href":"https:\/\/lsf-france.com\/fr\/wp-json\/wp\/v2\/media\/391877"}],"wp:attachment":[{"href":"https:\/\/lsf-france.com\/fr\/wp-json\/wp\/v2\/media?parent=33814"}],"curies":[{"name":"wp","href":"https:\/\/api.w.org\/{rel}","templated":true}]}}