{"id":33823,"date":"2018-11-28T15:56:35","date_gmt":"2018-11-28T14:56:35","guid":{"rendered":"http:\/\/dev.lsf-france.com\/prices-and-documentation\/"},"modified":"2026-01-21T15:01:06","modified_gmt":"2026-01-21T14:01:06","slug":"prix-et-documents","status":"publish","type":"page","link":"https:\/\/lsf-france.com\/fr\/prix-et-documents\/","title":{"rendered":"Prix et documentation"},"content":{"rendered":"\t\t<div data-elementor-type=\"wp-page\" data-elementor-id=\"33823\" class=\"elementor elementor-33823 elementor-33028\" data-elementor-post-type=\"page\">\n\t\t\t\t\t\t<section class=\"elementor-section elementor-top-section elementor-element elementor-element-119008b elementor-section-boxed elementor-section-height-default elementor-section-height-default\" data-id=\"119008b\" data-element_type=\"section\" data-e-type=\"section\">\n\t\t\t\t\t\t<div class=\"elementor-container elementor-column-gap-default\">\n\t\t\t\t\t<div class=\"elementor-column elementor-col-25 elementor-top-column elementor-element elementor-element-af215a8\" data-id=\"af215a8\" data-element_type=\"column\" data-e-type=\"column\">\n\t\t\t<div class=\"elementor-widget-wrap\">\n\t\t\t\t\t\t\t<\/div>\n\t\t<\/div>\n\t\t\t\t<div class=\"elementor-column elementor-col-25 elementor-top-column elementor-element elementor-element-50de061\" data-id=\"50de061\" data-element_type=\"column\" data-e-type=\"column\">\n\t\t\t<div class=\"elementor-widget-wrap elementor-element-populated\">\n\t\t\t\t\t\t<div class=\"elementor-element elementor-element-1fa11da elementor-widget elementor-widget-heading\" data-id=\"1fa11da\" data-element_type=\"widget\" data-e-type=\"widget\" data-widget_type=\"heading.default\">\n\t\t\t\t<div class=\"elementor-widget-container\">\n\t\t\t\t\t<h2 class=\"elementor-heading-title elementor-size-default\">2026 Price list<\/h2>\t\t\t\t<\/div>\n\t\t\t\t<\/div>\n\t\t\t\t<div class=\"elementor-element elementor-element-82c49f9 elementor-widget__width-initial elementor-widget elementor-widget-image\" data-id=\"82c49f9\" data-element_type=\"widget\" data-e-type=\"widget\" data-widget_type=\"image.default\">\n\t\t\t\t<div class=\"elementor-widget-container\">\n\t\t\t\t\t\t\t\t\t\t\t\t\t\t\t\t<a href=\"https:\/\/lsf-france.com\/wp-content\/uploads\/2025\/11\/KLF-2026-Pricelist-FR.pdf\" target=\"_blank\">\n\t\t\t\t\t\t\t<img fetchpriority=\"high\" decoding=\"async\" width=\"800\" height=\"571\" src=\"https:\/\/lsf-france.com\/wp-content\/uploads\/2025\/10\/Free_Square_Brochure_Mockup_1-1024x731.jpg\" class=\"attachment-large size-large wp-image-414228\" alt=\"\" srcset=\"https:\/\/lsf-france.com\/wp-content\/uploads\/2025\/10\/Free_Square_Brochure_Mockup_1-1024x731.jpg 1024w, https:\/\/lsf-france.com\/wp-content\/uploads\/2025\/10\/Free_Square_Brochure_Mockup_1-300x214.jpg 300w, https:\/\/lsf-france.com\/wp-content\/uploads\/2025\/10\/Free_Square_Brochure_Mockup_1-768x548.jpg 768w, https:\/\/lsf-france.com\/wp-content\/uploads\/2025\/10\/Free_Square_Brochure_Mockup_1.jpg 1200w\" sizes=\"(max-width: 800px) 100vw, 800px\" \/>\t\t\t\t\t\t\t\t<\/a>\n\t\t\t\t\t\t\t\t\t\t\t\t\t\t\t<\/div>\n\t\t\t\t<\/div>\n\t\t\t\t<div class=\"elementor-element elementor-element-89b40e2 elementor-align-center elementor-widget elementor-widget-button\" data-id=\"89b40e2\" data-element_type=\"widget\" data-e-type=\"widget\" data-widget_type=\"button.default\">\n\t\t\t\t<div class=\"elementor-widget-container\">\n\t\t\t\t\t\t\t\t\t<div class=\"elementor-button-wrapper\">\n\t\t\t\t\t<a class=\"elementor-button elementor-button-link elementor-size-md\" href=\"https:\/\/lsf-france.com\/wp-content\/uploads\/2025\/11\/KLF-2026-Pricelist-FR.pdf\" target=\"_blank\">\n\t\t\t\t\t\t<span class=\"elementor-button-content-wrapper\">\n\t\t\t\t\t\t\t\t\t<span class=\"elementor-button-text\">T\u00e9l\u00e9charger<\/span>\n\t\t\t\t\t<\/span>\n\t\t\t\t\t<\/a>\n\t\t\t\t<\/div>\n\t\t\t\t\t\t\t\t<\/div>\n\t\t\t\t<\/div>\n\t\t\t\t\t<\/div>\n\t\t<\/div>\n\t\t\t\t<div class=\"elementor-column elementor-col-25 elementor-top-column elementor-element elementor-element-bcd5ee7\" data-id=\"bcd5ee7\" data-element_type=\"column\" data-e-type=\"column\">\n\t\t\t<div class=\"elementor-widget-wrap elementor-element-populated\">\n\t\t\t\t\t\t<div class=\"elementor-element elementor-element-4b61c24 elementor-widget elementor-widget-heading\" data-id=\"4b61c24\" data-element_type=\"widget\" data-e-type=\"widget\" data-widget_type=\"heading.default\">\n\t\t\t\t<div class=\"elementor-widget-container\">\n\t\t\t\t\t<h2 class=\"elementor-heading-title elementor-size-default\">Brochure de l'\u00e9cole<\/h2>\t\t\t\t<\/div>\n\t\t\t\t<\/div>\n\t\t\t\t<div class=\"elementor-element elementor-element-6cea53c elementor-widget elementor-widget-image\" data-id=\"6cea53c\" data-element_type=\"widget\" data-e-type=\"widget\" data-widget_type=\"image.default\">\n\t\t\t\t<div class=\"elementor-widget-container\">\n\t\t\t\t\t\t\t\t\t\t\t\t\t\t\t\t<a href=\"https:\/\/lsf-france.com\/wp-content\/uploads\/2025\/08\/KLF-2025-LSF-Brochure-ecole-FR.pdf\" target=\"_blank\">\n\t\t\t\t\t\t\t<img decoding=\"async\" width=\"800\" height=\"600\" src=\"https:\/\/lsf-france.com\/wp-content\/uploads\/2023\/09\/Montpellier-brochure-Mockup.jpg-1024x768.jpg\" class=\"attachment-large size-large wp-image-405257\" alt=\"\" srcset=\"https:\/\/lsf-france.com\/wp-content\/uploads\/2023\/09\/Montpellier-brochure-Mockup.jpg-1024x768.jpg 1024w, https:\/\/lsf-france.com\/wp-content\/uploads\/2023\/09\/Montpellier-brochure-Mockup.jpg-300x225.jpg 300w, https:\/\/lsf-france.com\/wp-content\/uploads\/2023\/09\/Montpellier-brochure-Mockup.jpg-768x576.jpg 768w, https:\/\/lsf-france.com\/wp-content\/uploads\/2023\/09\/Montpellier-brochure-Mockup.jpg.jpg 1200w\" sizes=\"(max-width: 800px) 100vw, 800px\" \/>\t\t\t\t\t\t\t\t<\/a>\n\t\t\t\t\t\t\t\t\t\t\t\t\t\t\t<\/div>\n\t\t\t\t<\/div>\n\t\t\t\t<div class=\"elementor-element elementor-element-9d5cad7 elementor-align-center elementor-widget elementor-widget-button\" data-id=\"9d5cad7\" data-element_type=\"widget\" data-e-type=\"widget\" data-widget_type=\"button.default\">\n\t\t\t\t<div class=\"elementor-widget-container\">\n\t\t\t\t\t\t\t\t\t<div class=\"elementor-button-wrapper\">\n\t\t\t\t\t<a class=\"elementor-button elementor-button-link elementor-size-md\" href=\"https:\/\/lsf-france.com\/wp-content\/uploads\/2025\/08\/KLF-2025-LSF-Brochure-ecole-FR.pdf\" target=\"_blank\">\n\t\t\t\t\t\t<span class=\"elementor-button-content-wrapper\">\n\t\t\t\t\t\t\t\t\t<span class=\"elementor-button-text\">T\u00e9l\u00e9charger<\/span>\n\t\t\t\t\t<\/span>\n\t\t\t\t\t<\/a>\n\t\t\t\t<\/div>\n\t\t\t\t\t\t\t\t<\/div>\n\t\t\t\t<\/div>\n\t\t\t\t\t<\/div>\n\t\t<\/div>\n\t\t\t\t<div class=\"elementor-column elementor-col-25 elementor-top-column elementor-element elementor-element-7c40981\" data-id=\"7c40981\" data-element_type=\"column\" data-e-type=\"column\">\n\t\t\t<div class=\"elementor-widget-wrap\">\n\t\t\t\t\t\t\t<\/div>\n\t\t<\/div>\n\t\t\t\t\t<\/div>\n\t\t<\/section>\n\t\t\t\t<section class=\"elementor-section elementor-top-section elementor-element elementor-element-a9ab92c elementor-section-boxed elementor-section-height-default elementor-section-height-default\" data-id=\"a9ab92c\" data-element_type=\"section\" data-e-type=\"section\">\n\t\t\t\t\t\t<div class=\"elementor-container elementor-column-gap-default\">\n\t\t\t\t\t<div class=\"elementor-column elementor-col-25 elementor-top-column elementor-element elementor-element-f2dc82d\" data-id=\"f2dc82d\" data-element_type=\"column\" data-e-type=\"column\">\n\t\t\t<div class=\"elementor-widget-wrap\">\n\t\t\t\t\t\t\t<\/div>\n\t\t<\/div>\n\t\t\t\t<div class=\"elementor-column elementor-col-25 elementor-top-column elementor-element elementor-element-c26cde0\" data-id=\"c26cde0\" data-element_type=\"column\" data-e-type=\"column\">\n\t\t\t<div class=\"elementor-widget-wrap elementor-element-populated\">\n\t\t\t\t\t\t<div class=\"elementor-element elementor-element-81c3069 elementor-widget elementor-widget-heading\" data-id=\"81c3069\" data-element_type=\"widget\" data-e-type=\"widget\" data-widget_type=\"heading.default\">\n\t\t\t\t<div class=\"elementor-widget-container\">\n\t\t\t\t\t<h2 class=\"elementor-heading-title elementor-size-default\">Brochure Juniors<\/h2>\t\t\t\t<\/div>\n\t\t\t\t<\/div>\n\t\t\t\t<div class=\"elementor-element elementor-element-2317ffe elementor-widget elementor-widget-image\" data-id=\"2317ffe\" data-element_type=\"widget\" data-e-type=\"widget\" data-widget_type=\"image.default\">\n\t\t\t\t<div class=\"elementor-widget-container\">\n\t\t\t\t\t\t\t\t\t\t\t\t\t\t\t\t<a href=\"https:\/\/lsf-france.com\/wp-content\/uploads\/2025\/11\/KLF-2026-Brochure-Junior-KLF-FR.pdf\" target=\"_blank\">\n\t\t\t\t\t\t\t<img decoding=\"async\" width=\"800\" height=\"600\" src=\"https:\/\/lsf-france.com\/wp-content\/uploads\/2024\/09\/Free_Square_Brochure_Mockup_1.png\" class=\"attachment-large size-large wp-image-411773\" alt=\"\" srcset=\"https:\/\/lsf-france.com\/wp-content\/uploads\/2024\/09\/Free_Square_Brochure_Mockup_1.png 800w, https:\/\/lsf-france.com\/wp-content\/uploads\/2024\/09\/Free_Square_Brochure_Mockup_1-300x225.png 300w, https:\/\/lsf-france.com\/wp-content\/uploads\/2024\/09\/Free_Square_Brochure_Mockup_1-768x576.png 768w\" sizes=\"(max-width: 800px) 100vw, 800px\" \/>\t\t\t\t\t\t\t\t<\/a>\n\t\t\t\t\t\t\t\t\t\t\t\t\t\t\t<\/div>\n\t\t\t\t<\/div>\n\t\t\t\t<div class=\"elementor-element elementor-element-e468cc8 elementor-align-center elementor-widget elementor-widget-button\" data-id=\"e468cc8\" data-element_type=\"widget\" data-e-type=\"widget\" data-widget_type=\"button.default\">\n\t\t\t\t<div class=\"elementor-widget-container\">\n\t\t\t\t\t\t\t\t\t<div class=\"elementor-button-wrapper\">\n\t\t\t\t\t<a class=\"elementor-button elementor-button-link elementor-size-md\" href=\"https:\/\/lsf-france.com\/wp-content\/uploads\/2025\/11\/KLF-2026-Brochure-Junior-KLF-FR.pdf\" target=\"_blank\">\n\t\t\t\t\t\t<span class=\"elementor-button-content-wrapper\">\n\t\t\t\t\t\t\t\t\t<span class=\"elementor-button-text\">T\u00e9l\u00e9charger<\/span>\n\t\t\t\t\t<\/span>\n\t\t\t\t\t<\/a>\n\t\t\t\t<\/div>\n\t\t\t\t\t\t\t\t<\/div>\n\t\t\t\t<\/div>\n\t\t\t\t\t<\/div>\n\t\t<\/div>\n\t\t\t\t<div class=\"elementor-column elementor-col-25 elementor-top-column elementor-element elementor-element-52dee74\" data-id=\"52dee74\" data-element_type=\"column\" data-e-type=\"column\">\n\t\t\t<div class=\"elementor-widget-wrap elementor-element-populated\">\n\t\t\t\t\t\t<div class=\"elementor-element elementor-element-e3ebe5a elementor-widget elementor-widget-heading\" data-id=\"e3ebe5a\" data-element_type=\"widget\" data-e-type=\"widget\" data-widget_type=\"heading.default\">\n\t\t\t\t<div class=\"elementor-widget-container\">\n\t\t\t\t\t<h2 class=\"elementor-heading-title elementor-size-default\">Brochure groupe KLF<\/h2>\t\t\t\t<\/div>\n\t\t\t\t<\/div>\n\t\t\t\t<div class=\"elementor-element elementor-element-7c1d2dc elementor-widget elementor-widget-image\" data-id=\"7c1d2dc\" data-element_type=\"widget\" data-e-type=\"widget\" data-widget_type=\"image.default\">\n\t\t\t\t<div class=\"elementor-widget-container\">\n\t\t\t\t\t\t\t\t\t\t\t\t\t\t\t\t<a href=\"https:\/\/lsf-france.com\/wp-content\/uploads\/2024\/09\/KLF-2025-Brochure-Groupe-KLF-FR.pdf\" target=\"_blank\">\n\t\t\t\t\t\t\t<img loading=\"lazy\" decoding=\"async\" width=\"540\" height=\"380\" src=\"https:\/\/lsf-france.com\/wp-content\/uploads\/2024\/08\/Mockup-Brochure-KLF-e1724405717787.jpg\" class=\"attachment-large size-large wp-image-411139\" alt=\"\" \/>\t\t\t\t\t\t\t\t<\/a>\n\t\t\t\t\t\t\t\t\t\t\t\t\t\t\t<\/div>\n\t\t\t\t<\/div>\n\t\t\t\t<div class=\"elementor-element elementor-element-6f510be elementor-align-center elementor-widget elementor-widget-button\" data-id=\"6f510be\" data-element_type=\"widget\" data-e-type=\"widget\" data-widget_type=\"button.default\">\n\t\t\t\t<div class=\"elementor-widget-container\">\n\t\t\t\t\t\t\t\t\t<div class=\"elementor-button-wrapper\">\n\t\t\t\t\t<a class=\"elementor-button elementor-button-link elementor-size-md\" href=\"https:\/\/lsf-france.com\/wp-content\/uploads\/2024\/09\/KLF-2025-Brochure-Groupe-KLF-FR.pdf\" target=\"_blank\">\n\t\t\t\t\t\t<span class=\"elementor-button-content-wrapper\">\n\t\t\t\t\t\t\t\t\t<span class=\"elementor-button-text\">T\u00e9l\u00e9charger<\/span>\n\t\t\t\t\t<\/span>\n\t\t\t\t\t<\/a>\n\t\t\t\t<\/div>\n\t\t\t\t\t\t\t\t<\/div>\n\t\t\t\t<\/div>\n\t\t\t\t\t<\/div>\n\t\t<\/div>\n\t\t\t\t<div class=\"elementor-column elementor-col-25 elementor-top-column elementor-element elementor-element-e1fe195\" data-id=\"e1fe195\" data-element_type=\"column\" data-e-type=\"column\">\n\t\t\t<div class=\"elementor-widget-wrap\">\n\t\t\t\t\t\t\t<\/div>\n\t\t<\/div>\n\t\t\t\t\t<\/div>\n\t\t<\/section>\n\t\t\t\t<\/div>\n\t\t","protected":false},"excerpt":{"rendered":"<p>2026 Price list T\u00e9l\u00e9charger Brochure de l&rsquo;\u00e9cole T\u00e9l\u00e9charger Brochure Juniors T\u00e9l\u00e9charger Brochure groupe KLF T\u00e9l\u00e9charger<\/p>\n","protected":false},"author":1,"featured_media":0,"parent":0,"menu_order":0,"comment_status":"closed","ping_status":"closed","template":"","meta":{"_acf_changed":false,"content-type":"","footnotes":""},"class_list":["post-33823","page","type-page","status-publish","hentry"],"acf":[],"yoast_head":"<!-- This site is optimized with the Yoast SEO plugin v27.5 - https:\/\/yoast.com\/product\/yoast-seo-wordpress\/ -->\n<title>Prix et documentation - LSF | Learn French in South of France<\/title>\n<meta name=\"description\" content=\"T\u00e9l\u00e9chargez la documentation des cours de fran\u00e7ais de LSF Montpellier pour adultes, juniors, professeurs de fran\u00e7ais et groupes scolaires. Demandez plus d&#039;informations.\" \/>\n<meta name=\"robots\" content=\"index, follow, max-snippet:-1, max-image-preview:large, max-video-preview:-1\" \/>\n<link rel=\"canonical\" href=\"https:\/\/lsf-france.com\/prices-documentations-lsf\/\" \/>\n<meta property=\"og:locale\" content=\"fr_FR\" \/>\n<meta property=\"og:type\" content=\"article\" \/>\n<meta property=\"og:title\" content=\"Prix et documentation - LSF | Learn French in South of France\" \/>\n<meta property=\"og:description\" content=\"T\u00e9l\u00e9chargez la documentation des cours de fran\u00e7ais de LSF Montpellier pour adultes, juniors, professeurs de fran\u00e7ais et groupes scolaires. Demandez plus d&#039;informations.\" \/>\n<meta property=\"og:url\" content=\"https:\/\/lsf-france.com\/prices-documentations-lsf\/\" \/>\n<meta property=\"og:site_name\" content=\"LSF | Learn French in South of France\" \/>\n<meta property=\"article:modified_time\" content=\"2026-01-21T14:01:06+00:00\" \/>\n<meta property=\"og:image\" content=\"https:\/\/lsf-france.com\/wp-content\/uploads\/2025\/10\/Free_Square_Brochure_Mockup_1.jpg\" \/>\n\t<meta property=\"og:image:width\" content=\"1200\" \/>\n\t<meta property=\"og:image:height\" content=\"857\" \/>\n\t<meta property=\"og:image:type\" content=\"image\/jpeg\" \/>\n<meta name=\"twitter:card\" content=\"summary_large_image\" \/>\n<script type=\"application\/ld+json\" class=\"yoast-schema-graph\">{\"@context\":\"https:\\\/\\\/schema.org\",\"@graph\":[{\"@type\":\"WebPage\",\"@id\":\"https:\\\/\\\/lsf-france.com\\\/prices-documentations-lsf\\\/\",\"url\":\"https:\\\/\\\/lsf-france.com\\\/prices-documentations-lsf\\\/\",\"name\":\"Prix et documentation - LSF | Learn French in South of France\",\"isPartOf\":{\"@id\":\"https:\\\/\\\/lsf-france.com\\\/es\\\/#website\"},\"primaryImageOfPage\":{\"@id\":\"https:\\\/\\\/lsf-france.com\\\/prices-documentations-lsf\\\/#primaryimage\"},\"image\":{\"@id\":\"https:\\\/\\\/lsf-france.com\\\/prices-documentations-lsf\\\/#primaryimage\"},\"thumbnailUrl\":\"https:\\\/\\\/lsf-france.com\\\/wp-content\\\/uploads\\\/2025\\\/10\\\/Free_Square_Brochure_Mockup_1-1024x731.jpg\",\"datePublished\":\"2018-11-28T14:56:35+00:00\",\"dateModified\":\"2026-01-21T14:01:06+00:00\",\"description\":\"T\u00e9l\u00e9chargez la documentation des cours de fran\u00e7ais de LSF Montpellier pour adultes, juniors, professeurs de fran\u00e7ais et groupes scolaires. Demandez plus d'informations.\",\"breadcrumb\":{\"@id\":\"https:\\\/\\\/lsf-france.com\\\/prices-documentations-lsf\\\/#breadcrumb\"},\"inLanguage\":\"fr-FR\",\"potentialAction\":[{\"@type\":\"ReadAction\",\"target\":[\"https:\\\/\\\/lsf-france.com\\\/prices-documentations-lsf\\\/\"]}]},{\"@type\":\"ImageObject\",\"inLanguage\":\"fr-FR\",\"@id\":\"https:\\\/\\\/lsf-france.com\\\/prices-documentations-lsf\\\/#primaryimage\",\"url\":\"https:\\\/\\\/lsf-france.com\\\/wp-content\\\/uploads\\\/2025\\\/10\\\/Free_Square_Brochure_Mockup_1-1024x731.jpg\",\"contentUrl\":\"https:\\\/\\\/lsf-france.com\\\/wp-content\\\/uploads\\\/2025\\\/10\\\/Free_Square_Brochure_Mockup_1-1024x731.jpg\"},{\"@type\":\"BreadcrumbList\",\"@id\":\"https:\\\/\\\/lsf-france.com\\\/prices-documentations-lsf\\\/#breadcrumb\",\"itemListElement\":[{\"@type\":\"ListItem\",\"position\":1,\"name\":\"Home\",\"item\":\"https:\\\/\\\/lsf-france.com\\\/fr\\\/\"},{\"@type\":\"ListItem\",\"position\":2,\"name\":\"Prix et documentation\"}]},{\"@type\":\"WebSite\",\"@id\":\"https:\\\/\\\/lsf-france.com\\\/es\\\/#website\",\"url\":\"https:\\\/\\\/lsf-france.com\\\/es\\\/\",\"name\":\"LSF | Learn French in South of France\",\"description\":\"Learn French in France, Montpellier French Language School, LSF\",\"publisher\":{\"@id\":\"https:\\\/\\\/lsf-france.com\\\/es\\\/#organization\"},\"potentialAction\":[{\"@type\":\"SearchAction\",\"target\":{\"@type\":\"EntryPoint\",\"urlTemplate\":\"https:\\\/\\\/lsf-france.com\\\/es\\\/?s={search_term_string}\"},\"query-input\":{\"@type\":\"PropertyValueSpecification\",\"valueRequired\":true,\"valueName\":\"search_term_string\"}}],\"inLanguage\":\"fr-FR\"},{\"@type\":\"Organization\",\"@id\":\"https:\\\/\\\/lsf-france.com\\\/es\\\/#organization\",\"name\":\"LSF Montpellier\",\"url\":\"https:\\\/\\\/lsf-france.com\\\/es\\\/\",\"logo\":{\"@type\":\"ImageObject\",\"inLanguage\":\"fr-FR\",\"@id\":\"https:\\\/\\\/lsf-france.com\\\/es\\\/#\\\/schema\\\/logo\\\/image\\\/\",\"url\":\"https:\\\/\\\/lsf-france.com\\\/wp-content\\\/uploads\\\/2018\\\/11\\\/PleinBleux2.png\",\"contentUrl\":\"https:\\\/\\\/lsf-france.com\\\/wp-content\\\/uploads\\\/2018\\\/11\\\/PleinBleux2.png\",\"width\":1000,\"height\":1000,\"caption\":\"LSF Montpellier\"},\"image\":{\"@id\":\"https:\\\/\\\/lsf-france.com\\\/es\\\/#\\\/schema\\\/logo\\\/image\\\/\"}}]}<\/script>\n<!-- \/ Yoast SEO plugin. -->","yoast_head_json":{"title":"Prix et documentation - LSF | Learn French in South of France","description":"T\u00e9l\u00e9chargez la documentation des cours de fran\u00e7ais de LSF Montpellier pour adultes, juniors, professeurs de fran\u00e7ais et groupes scolaires. Demandez plus d'informations.","robots":{"index":"index","follow":"follow","max-snippet":"max-snippet:-1","max-image-preview":"max-image-preview:large","max-video-preview":"max-video-preview:-1"},"canonical":"https:\/\/lsf-france.com\/prices-documentations-lsf\/","og_locale":"fr_FR","og_type":"article","og_title":"Prix et documentation - LSF | Learn French in South of France","og_description":"T\u00e9l\u00e9chargez la documentation des cours de fran\u00e7ais de LSF Montpellier pour adultes, juniors, professeurs de fran\u00e7ais et groupes scolaires. Demandez plus d'informations.","og_url":"https:\/\/lsf-france.com\/prices-documentations-lsf\/","og_site_name":"LSF | Learn French in South of France","article_modified_time":"2026-01-21T14:01:06+00:00","og_image":[{"width":1200,"height":857,"url":"https:\/\/lsf-france.com\/wp-content\/uploads\/2025\/10\/Free_Square_Brochure_Mockup_1.jpg","type":"image\/jpeg"}],"twitter_card":"summary_large_image","schema":{"@context":"https:\/\/schema.org","@graph":[{"@type":"WebPage","@id":"https:\/\/lsf-france.com\/prices-documentations-lsf\/","url":"https:\/\/lsf-france.com\/prices-documentations-lsf\/","name":"Prix et documentation - LSF | Learn French in South of France","isPartOf":{"@id":"https:\/\/lsf-france.com\/es\/#website"},"primaryImageOfPage":{"@id":"https:\/\/lsf-france.com\/prices-documentations-lsf\/#primaryimage"},"image":{"@id":"https:\/\/lsf-france.com\/prices-documentations-lsf\/#primaryimage"},"thumbnailUrl":"https:\/\/lsf-france.com\/wp-content\/uploads\/2025\/10\/Free_Square_Brochure_Mockup_1-1024x731.jpg","datePublished":"2018-11-28T14:56:35+00:00","dateModified":"2026-01-21T14:01:06+00:00","description":"T\u00e9l\u00e9chargez la documentation des cours de fran\u00e7ais de LSF Montpellier pour adultes, juniors, professeurs de fran\u00e7ais et groupes scolaires. Demandez plus d'informations.","breadcrumb":{"@id":"https:\/\/lsf-france.com\/prices-documentations-lsf\/#breadcrumb"},"inLanguage":"fr-FR","potentialAction":[{"@type":"ReadAction","target":["https:\/\/lsf-france.com\/prices-documentations-lsf\/"]}]},{"@type":"ImageObject","inLanguage":"fr-FR","@id":"https:\/\/lsf-france.com\/prices-documentations-lsf\/#primaryimage","url":"https:\/\/lsf-france.com\/wp-content\/uploads\/2025\/10\/Free_Square_Brochure_Mockup_1-1024x731.jpg","contentUrl":"https:\/\/lsf-france.com\/wp-content\/uploads\/2025\/10\/Free_Square_Brochure_Mockup_1-1024x731.jpg"},{"@type":"BreadcrumbList","@id":"https:\/\/lsf-france.com\/prices-documentations-lsf\/#breadcrumb","itemListElement":[{"@type":"ListItem","position":1,"name":"Home","item":"https:\/\/lsf-france.com\/fr\/"},{"@type":"ListItem","position":2,"name":"Prix et documentation"}]},{"@type":"WebSite","@id":"https:\/\/lsf-france.com\/es\/#website","url":"https:\/\/lsf-france.com\/es\/","name":"LSF | Learn French in South of France","description":"Learn French in France, Montpellier French Language School, LSF","publisher":{"@id":"https:\/\/lsf-france.com\/es\/#organization"},"potentialAction":[{"@type":"SearchAction","target":{"@type":"EntryPoint","urlTemplate":"https:\/\/lsf-france.com\/es\/?s={search_term_string}"},"query-input":{"@type":"PropertyValueSpecification","valueRequired":true,"valueName":"search_term_string"}}],"inLanguage":"fr-FR"},{"@type":"Organization","@id":"https:\/\/lsf-france.com\/es\/#organization","name":"LSF Montpellier","url":"https:\/\/lsf-france.com\/es\/","logo":{"@type":"ImageObject","inLanguage":"fr-FR","@id":"https:\/\/lsf-france.com\/es\/#\/schema\/logo\/image\/","url":"https:\/\/lsf-france.com\/wp-content\/uploads\/2018\/11\/PleinBleux2.png","contentUrl":"https:\/\/lsf-france.com\/wp-content\/uploads\/2018\/11\/PleinBleux2.png","width":1000,"height":1000,"caption":"LSF Montpellier"},"image":{"@id":"https:\/\/lsf-france.com\/es\/#\/schema\/logo\/image\/"}}]}},"_links":{"self":[{"href":"https:\/\/lsf-france.com\/fr\/wp-json\/wp\/v2\/pages\/33823","targetHints":{"allow":["GET"]}}],"collection":[{"href":"https:\/\/lsf-france.com\/fr\/wp-json\/wp\/v2\/pages"}],"about":[{"href":"https:\/\/lsf-france.com\/fr\/wp-json\/wp\/v2\/types\/page"}],"author":[{"embeddable":true,"href":"https:\/\/lsf-france.com\/fr\/wp-json\/wp\/v2\/users\/1"}],"replies":[{"embeddable":true,"href":"https:\/\/lsf-france.com\/fr\/wp-json\/wp\/v2\/comments?post=33823"}],"version-history":[{"count":112,"href":"https:\/\/lsf-france.com\/fr\/wp-json\/wp\/v2\/pages\/33823\/revisions"}],"predecessor-version":[{"id":414772,"href":"https:\/\/lsf-france.com\/fr\/wp-json\/wp\/v2\/pages\/33823\/revisions\/414772"}],"wp:attachment":[{"href":"https:\/\/lsf-france.com\/fr\/wp-json\/wp\/v2\/media?parent=33823"}],"curies":[{"name":"wp","href":"https:\/\/api.w.org\/{rel}","templated":true}]}}