{"id":34003,"date":"2018-09-07T15:41:01","date_gmt":"2018-09-07T13:41:01","guid":{"rendered":"http:\/\/dev.lsf-france.com\/hebergement\/"},"modified":"2024-02-22T09:32:07","modified_gmt":"2024-02-22T08:32:07","slug":"hebergement-montpellier","status":"publish","type":"page","link":"https:\/\/lsf-france.com\/fr\/hebergement-montpellier\/","title":{"rendered":"Choisir un h\u00e9bergement pour apprendre le fran\u00e7ais \u00e0 Montpellier"},"content":{"rendered":"\t\t<div data-elementor-type=\"wp-page\" data-elementor-id=\"34003\" class=\"elementor elementor-34003 elementor-746\" data-elementor-post-type=\"page\">\n\t\t\t\t\t\t<section class=\"elementor-section elementor-top-section elementor-element elementor-element-6e69507 elementor-section-content-middle elementor-section-boxed elementor-section-height-default elementor-section-height-default\" data-id=\"6e69507\" data-element_type=\"section\" data-e-type=\"section\">\n\t\t\t\t\t\t<div class=\"elementor-container elementor-column-gap-default\">\n\t\t\t\t\t<div class=\"elementor-column elementor-col-50 elementor-top-column elementor-element elementor-element-1388642\" data-id=\"1388642\" data-element_type=\"column\" data-e-type=\"column\">\n\t\t\t<div class=\"elementor-widget-wrap elementor-element-populated\">\n\t\t\t\t\t\t<div class=\"elementor-element elementor-element-9a3413c elementor-widget elementor-widget-image-box\" data-id=\"9a3413c\" data-element_type=\"widget\" data-e-type=\"widget\" data-widget_type=\"image-box.default\">\n\t\t\t\t<div class=\"elementor-widget-container\">\n\t\t\t\t\t<div class=\"elementor-image-box-wrapper\"><div class=\"elementor-image-box-content\"><h3 class=\"elementor-image-box-title\">Gestion de l'h\u00e9bergement<\/h3><p class=\"elementor-image-box-description\">\"LSF Montpellier favorise l'immersion dans des familles d'accueil, que l'\u00e9cole s\u00e9lectionne avec soin pour leur sens de l'hospitalit\u00e9 et du partage afin d'optimiser l'apprentissage du fran\u00e7ais. Nous proposons \u00e9galement une large gamme de solutions d'h\u00e9bergement. \"<\/p><\/div><\/div>\t\t\t\t<\/div>\n\t\t\t\t<\/div>\n\t\t\t\t\t<\/div>\n\t\t<\/div>\n\t\t\t\t<div class=\"elementor-column elementor-col-50 elementor-top-column elementor-element elementor-element-9145743\" data-id=\"9145743\" data-element_type=\"column\" data-e-type=\"column\">\n\t\t\t<div class=\"elementor-widget-wrap elementor-element-populated\">\n\t\t\t\t\t\t<div class=\"elementor-element elementor-element-6b9a141 elementor-grid-3 elementor-grid-tablet-2 elementor-grid-mobile-1 elementor-posts--thumbnail-top elementor-card-shadow-yes elementor-posts__hover-gradient elementor-widget elementor-widget-posts\" data-id=\"6b9a141\" data-element_type=\"widget\" data-e-type=\"widget\" data-settings=\"{&quot;cards_columns&quot;:&quot;3&quot;,&quot;cards_columns_tablet&quot;:&quot;2&quot;,&quot;cards_columns_mobile&quot;:&quot;1&quot;,&quot;cards_row_gap&quot;:{&quot;unit&quot;:&quot;px&quot;,&quot;size&quot;:35,&quot;sizes&quot;:[]},&quot;cards_row_gap_tablet&quot;:{&quot;unit&quot;:&quot;px&quot;,&quot;size&quot;:&quot;&quot;,&quot;sizes&quot;:[]},&quot;cards_row_gap_mobile&quot;:{&quot;unit&quot;:&quot;px&quot;,&quot;size&quot;:&quot;&quot;,&quot;sizes&quot;:[]}}\" data-widget_type=\"posts.cards\">\n\t\t\t\t<div class=\"elementor-widget-container\">\n\t\t\t\t\t\t\t<div class=\"elementor-posts-container elementor-posts elementor-posts--skin-cards elementor-grid\" role=\"list\">\n\t\t\t\t<article class=\"elementor-post elementor-grid-item post-34005 page type-page status-publish has-post-thumbnail hentry\" role=\"listitem\">\n\t\t\t<div class=\"elementor-post__card\">\n\t\t\t\t<a class=\"elementor-post__thumbnail__link\" href=\"https:\/\/lsf-france.com\/fr\/hebergement-montpellier\/famille-daccueil\/\" tabindex=\"-1\" ><div class=\"elementor-post__thumbnail\"><img fetchpriority=\"high\" decoding=\"async\" width=\"1500\" height=\"788\" src=\"https:\/\/lsf-france.com\/wp-content\/uploads\/2021\/03\/Famille-daccueil-Montpellier.jpg\" class=\"attachment-full size-full wp-image-391581\" alt=\"\" srcset=\"https:\/\/lsf-france.com\/wp-content\/uploads\/2021\/03\/Famille-daccueil-Montpellier.jpg 1500w, https:\/\/lsf-france.com\/wp-content\/uploads\/2021\/03\/Famille-daccueil-Montpellier-600x315.jpg 600w, https:\/\/lsf-france.com\/wp-content\/uploads\/2021\/03\/Famille-daccueil-Montpellier-300x158.jpg 300w, https:\/\/lsf-france.com\/wp-content\/uploads\/2021\/03\/Famille-daccueil-Montpellier-1024x538.jpg 1024w, https:\/\/lsf-france.com\/wp-content\/uploads\/2021\/03\/Famille-daccueil-Montpellier-768x403.jpg 768w, https:\/\/lsf-france.com\/wp-content\/uploads\/2021\/03\/Famille-daccueil-Montpellier-640x336.jpg 640w, https:\/\/lsf-france.com\/wp-content\/uploads\/2021\/03\/Famille-daccueil-Montpellier-400x210.jpg 400w\" sizes=\"(max-width: 1500px) 100vw, 1500px\" \/><\/div><\/a>\n\t\t\t\t<div class=\"elementor-post__text\">\n\t\t\t\t<h3 class=\"elementor-post__title\">\n\t\t\t<a href=\"https:\/\/lsf-france.com\/fr\/hebergement-montpellier\/famille-daccueil\/\" >\n\t\t\t\tFamille d&rsquo;accueil\t\t\t<\/a>\n\t\t<\/h3>\n\t\t\t\t<div class=\"elementor-post__excerpt\">\n\t\t\t<p>Il s\u2019agit de la formule la plus populaire et elle est incontournable si vous privile\u0301giez l\u2019e\u0301change et la de\u0301couverte de la vie a\u0300 la franc\u0327aise. Vous vivrez une ve\u0301ritable expe\u0301rience<\/p>\n\t\t<\/div>\n\t\t\n\t\t<a class=\"elementor-post__read-more\" href=\"https:\/\/lsf-france.com\/fr\/hebergement-montpellier\/famille-daccueil\/\" aria-label=\"En savoir plus sur Famille d&rsquo;accueil\" tabindex=\"-1\" >\n\t\t\tVoir cet h\u00e9bergement \u00bb\t\t<\/a>\n\n\t\t\t\t<\/div>\n\t\t\t\t\t<\/div>\n\t\t<\/article>\n\t\t\t\t<article class=\"elementor-post elementor-grid-item post-34007 page type-page status-publish has-post-thumbnail hentry\" role=\"listitem\">\n\t\t\t<div class=\"elementor-post__card\">\n\t\t\t\t<a class=\"elementor-post__thumbnail__link\" href=\"https:\/\/lsf-france.com\/fr\/hebergement-montpellier\/residence-etudiante\/\" tabindex=\"-1\" ><div class=\"elementor-post__thumbnail\"><img decoding=\"async\" width=\"1000\" height=\"525\" src=\"https:\/\/lsf-france.com\/wp-content\/uploads\/2021\/07\/HEBERGEMENTS.jpg\" class=\"attachment-full size-full wp-image-394234\" alt=\"\" srcset=\"https:\/\/lsf-france.com\/wp-content\/uploads\/2021\/07\/HEBERGEMENTS.jpg 1000w, https:\/\/lsf-france.com\/wp-content\/uploads\/2021\/07\/HEBERGEMENTS-300x158.jpg 300w, https:\/\/lsf-france.com\/wp-content\/uploads\/2021\/07\/HEBERGEMENTS-768x403.jpg 768w, https:\/\/lsf-france.com\/wp-content\/uploads\/2021\/07\/HEBERGEMENTS-600x315.jpg 600w\" sizes=\"(max-width: 1000px) 100vw, 1000px\" \/><\/div><\/a>\n\t\t\t\t<div class=\"elementor-post__text\">\n\t\t\t\t<h3 class=\"elementor-post__title\">\n\t\t\t<a href=\"https:\/\/lsf-france.com\/fr\/hebergement-montpellier\/residence-etudiante\/\" >\n\t\t\t\tR\u00e9sidence \u00e9tudiante &amp; Auberge de jeunesse\t\t\t<\/a>\n\t\t<\/h3>\n\t\t\t\t<div class=\"elementor-post__excerpt\">\n\t\t\t<p>Il s\u2019agit d\u2019une solution \u00e9conomique qui vous permet d\u2019\u00eatre ind\u00e9pendant et de b\u00e9n\u00e9ficier de toutes les commodit\u00e9s n\u00e9cessaires (laverie, salle d\u2019\u00e9tude, salle pour petit-d\u00e9jeuner\u2026). En r\u00e9sidence \u00e9tudiante ou en auberge<\/p>\n\t\t<\/div>\n\t\t\n\t\t<a class=\"elementor-post__read-more\" href=\"https:\/\/lsf-france.com\/fr\/hebergement-montpellier\/residence-etudiante\/\" aria-label=\"En savoir plus sur R\u00e9sidence \u00e9tudiante &amp; Auberge de jeunesse\" tabindex=\"-1\" >\n\t\t\tVoir cet h\u00e9bergement \u00bb\t\t<\/a>\n\n\t\t\t\t<\/div>\n\t\t\t\t\t<\/div>\n\t\t<\/article>\n\t\t\t\t<article class=\"elementor-post elementor-grid-item post-34009 page type-page status-publish has-post-thumbnail hentry\" role=\"listitem\">\n\t\t\t<div class=\"elementor-post__card\">\n\t\t\t\t<a class=\"elementor-post__thumbnail__link\" href=\"https:\/\/lsf-france.com\/fr\/hebergement-montpellier\/residence-hoteliere-et-hotel\/\" tabindex=\"-1\" ><div class=\"elementor-post__thumbnail\"><img decoding=\"async\" width=\"1500\" height=\"788\" src=\"https:\/\/lsf-france.com\/wp-content\/uploads\/2021\/03\/Hotel-Montpellier.jpg\" class=\"attachment-full size-full wp-image-391584\" alt=\"\" srcset=\"https:\/\/lsf-france.com\/wp-content\/uploads\/2021\/03\/Hotel-Montpellier.jpg 1500w, https:\/\/lsf-france.com\/wp-content\/uploads\/2021\/03\/Hotel-Montpellier-600x315.jpg 600w, https:\/\/lsf-france.com\/wp-content\/uploads\/2021\/03\/Hotel-Montpellier-300x158.jpg 300w, https:\/\/lsf-france.com\/wp-content\/uploads\/2021\/03\/Hotel-Montpellier-1024x538.jpg 1024w, https:\/\/lsf-france.com\/wp-content\/uploads\/2021\/03\/Hotel-Montpellier-768x403.jpg 768w, https:\/\/lsf-france.com\/wp-content\/uploads\/2021\/03\/Hotel-Montpellier-640x336.jpg 640w, https:\/\/lsf-france.com\/wp-content\/uploads\/2021\/03\/Hotel-Montpellier-400x210.jpg 400w\" sizes=\"(max-width: 1500px) 100vw, 1500px\" \/><\/div><\/a>\n\t\t\t\t<div class=\"elementor-post__text\">\n\t\t\t\t<h3 class=\"elementor-post__title\">\n\t\t\t<a href=\"https:\/\/lsf-france.com\/fr\/hebergement-montpellier\/residence-hoteliere-et-hotel\/\" >\n\t\t\t\tR\u00e9sidence h\u00f4teli\u00e8re et h\u00f4tel\t\t\t<\/a>\n\t\t<\/h3>\n\t\t\t\t<div class=\"elementor-post__excerpt\">\n\t\t\t<p>Appart-hotel Ce forfait h\u00e9bergement est parfaitement adapt\u00e9 si vous venez en famille ou entre amis et souhaitez a6&gt; avec votre famille ou vos amis et que vous souhaitez \u00eatre h\u00e9berg\u00e9s<\/p>\n\t\t<\/div>\n\t\t\n\t\t<a class=\"elementor-post__read-more\" href=\"https:\/\/lsf-france.com\/fr\/hebergement-montpellier\/residence-hoteliere-et-hotel\/\" aria-label=\"En savoir plus sur R\u00e9sidence h\u00f4teli\u00e8re et h\u00f4tel\" tabindex=\"-1\" >\n\t\t\tVoir cet h\u00e9bergement \u00bb\t\t<\/a>\n\n\t\t\t\t<\/div>\n\t\t\t\t\t<\/div>\n\t\t<\/article>\n\t\t\t\t<article class=\"elementor-post elementor-grid-item post-34011 page type-page status-publish has-post-thumbnail hentry\" role=\"listitem\">\n\t\t\t<div class=\"elementor-post__card\">\n\t\t\t\t<a class=\"elementor-post__thumbnail__link\" href=\"https:\/\/lsf-france.com\/fr\/hebergement-montpellier\/colocation\/\" tabindex=\"-1\" ><div class=\"elementor-post__thumbnail\"><img loading=\"lazy\" decoding=\"async\" width=\"1500\" height=\"788\" src=\"https:\/\/lsf-france.com\/wp-content\/uploads\/2021\/03\/Colocation-Montpellier.jpg\" class=\"attachment-full size-full wp-image-391578\" alt=\"\" srcset=\"https:\/\/lsf-france.com\/wp-content\/uploads\/2021\/03\/Colocation-Montpellier.jpg 1500w, https:\/\/lsf-france.com\/wp-content\/uploads\/2021\/03\/Colocation-Montpellier-600x315.jpg 600w, https:\/\/lsf-france.com\/wp-content\/uploads\/2021\/03\/Colocation-Montpellier-300x158.jpg 300w, https:\/\/lsf-france.com\/wp-content\/uploads\/2021\/03\/Colocation-Montpellier-1024x538.jpg 1024w, https:\/\/lsf-france.com\/wp-content\/uploads\/2021\/03\/Colocation-Montpellier-768x403.jpg 768w, https:\/\/lsf-france.com\/wp-content\/uploads\/2021\/03\/Colocation-Montpellier-640x336.jpg 640w, https:\/\/lsf-france.com\/wp-content\/uploads\/2021\/03\/Colocation-Montpellier-400x210.jpg 400w\" sizes=\"(max-width: 1500px) 100vw, 1500px\" \/><\/div><\/a>\n\t\t\t\t<div class=\"elementor-post__text\">\n\t\t\t\t<h3 class=\"elementor-post__title\">\n\t\t\t<a href=\"https:\/\/lsf-france.com\/fr\/hebergement-montpellier\/colocation\/\" >\n\t\t\t\tcolocation\t\t\t<\/a>\n\t\t<\/h3>\n\t\t\t\t<div class=\"elementor-post__excerpt\">\n\t\t\t<p>Si vous pre\u0301fe\u0301rez avoir davantage d\u2019espace qu\u2019en re\u0301sidence e\u0301tudiante et ne pas e\u0302tre seul, nous vous recommandons la colocation. Vous partagerez les espaces communs, comme la salle de bain et<\/p>\n\t\t<\/div>\n\t\t\n\t\t<a class=\"elementor-post__read-more\" href=\"https:\/\/lsf-france.com\/fr\/hebergement-montpellier\/colocation\/\" aria-label=\"En savoir plus sur colocation\" tabindex=\"-1\" >\n\t\t\tVoir cet h\u00e9bergement \u00bb\t\t<\/a>\n\n\t\t\t\t<\/div>\n\t\t\t\t\t<\/div>\n\t\t<\/article>\n\t\t\t\t<article class=\"elementor-post elementor-grid-item post-34013 page type-page status-publish has-post-thumbnail hentry\" role=\"listitem\">\n\t\t\t<div class=\"elementor-post__card\">\n\t\t\t\t<a class=\"elementor-post__thumbnail__link\" href=\"https:\/\/lsf-france.com\/fr\/hebergement-montpellier\/apparement-prive\/\" tabindex=\"-1\" ><div class=\"elementor-post__thumbnail\"><img loading=\"lazy\" decoding=\"async\" width=\"1500\" height=\"788\" src=\"https:\/\/lsf-france.com\/wp-content\/uploads\/2021\/03\/Appartement-prive\u0301-Montpellier.jpg\" class=\"attachment-full size-full wp-image-391572\" alt=\"\" srcset=\"https:\/\/lsf-france.com\/wp-content\/uploads\/2021\/03\/Appartement-prive\u0301-Montpellier.jpg 1500w, https:\/\/lsf-france.com\/wp-content\/uploads\/2021\/03\/Appartement-prive\u0301-Montpellier-600x315.jpg 600w, https:\/\/lsf-france.com\/wp-content\/uploads\/2021\/03\/Appartement-prive\u0301-Montpellier-300x158.jpg 300w, https:\/\/lsf-france.com\/wp-content\/uploads\/2021\/03\/Appartement-prive\u0301-Montpellier-1024x538.jpg 1024w, https:\/\/lsf-france.com\/wp-content\/uploads\/2021\/03\/Appartement-prive\u0301-Montpellier-768x403.jpg 768w, https:\/\/lsf-france.com\/wp-content\/uploads\/2021\/03\/Appartement-prive\u0301-Montpellier-640x336.jpg 640w, https:\/\/lsf-france.com\/wp-content\/uploads\/2021\/03\/Appartement-prive\u0301-Montpellier-400x210.jpg 400w\" sizes=\"(max-width: 1500px) 100vw, 1500px\" \/><\/div><\/a>\n\t\t\t\t<div class=\"elementor-post__text\">\n\t\t\t\t<h3 class=\"elementor-post__title\">\n\t\t\t<a href=\"https:\/\/lsf-france.com\/fr\/hebergement-montpellier\/apparement-prive\/\" >\n\t\t\t\tAppartement priv\u00e9\t\t\t<\/a>\n\t\t<\/h3>\n\t\t\t\t<div class=\"elementor-post__excerpt\">\n\t\t\t<p>Nos appartements priv\u00e9s sont la solution d&rsquo;h\u00e9bergement id\u00e9ale si vous souhaitez \u00eatre compl\u00e8tement ind\u00e9pendant et disposer d&rsquo;une disposer d&rsquo;un endroit agr\u00e9able o\u00f9 vivre avec un haut niveau de confort. Nous<\/p>\n\t\t<\/div>\n\t\t\n\t\t<a class=\"elementor-post__read-more\" href=\"https:\/\/lsf-france.com\/fr\/hebergement-montpellier\/apparement-prive\/\" aria-label=\"En savoir plus sur Appartement priv\u00e9\" tabindex=\"-1\" >\n\t\t\tVoir cet h\u00e9bergement \u00bb\t\t<\/a>\n\n\t\t\t\t<\/div>\n\t\t\t\t\t<\/div>\n\t\t<\/article>\n\t\t\t\t<\/div>\n\t\t\n\t\t\t\t\t\t<\/div>\n\t\t\t\t<\/div>\n\t\t\t\t\t<\/div>\n\t\t<\/div>\n\t\t\t\t\t<\/div>\n\t\t<\/section>\n\t\t\t\t<\/div>\n\t\t","protected":false},"excerpt":{"rendered":"<p>Gestion de l&rsquo;h\u00e9bergement \u00ab\u00a0LSF Montpellier favorise l&rsquo;immersion dans des familles d&rsquo;accueil, que l&rsquo;\u00e9cole s\u00e9lectionne avec soin pour leur sens de l&rsquo;hospitalit\u00e9 et du partage afin d&rsquo;optimiser l&rsquo;apprentissage du fran\u00e7ais. Nous [&hellip;]<\/p>\n","protected":false},"author":1,"featured_media":391587,"parent":0,"menu_order":0,"comment_status":"closed","ping_status":"closed","template":"","meta":{"_acf_changed":false,"content-type":"","footnotes":""},"class_list":["post-34003","page","type-page","status-publish","has-post-thumbnail","hentry"],"acf":[],"_links":{"self":[{"href":"https:\/\/lsf-france.com\/fr\/wp-json\/wp\/v2\/pages\/34003","targetHints":{"allow":["GET"]}}],"collection":[{"href":"https:\/\/lsf-france.com\/fr\/wp-json\/wp\/v2\/pages"}],"about":[{"href":"https:\/\/lsf-france.com\/fr\/wp-json\/wp\/v2\/types\/page"}],"author":[{"embeddable":true,"href":"https:\/\/lsf-france.com\/fr\/wp-json\/wp\/v2\/users\/1"}],"replies":[{"embeddable":true,"href":"https:\/\/lsf-france.com\/fr\/wp-json\/wp\/v2\/comments?post=34003"}],"version-history":[{"count":4,"href":"https:\/\/lsf-france.com\/fr\/wp-json\/wp\/v2\/pages\/34003\/revisions"}],"predecessor-version":[{"id":409106,"href":"https:\/\/lsf-france.com\/fr\/wp-json\/wp\/v2\/pages\/34003\/revisions\/409106"}],"wp:featuredmedia":[{"embeddable":true,"href":"https:\/\/lsf-france.com\/fr\/wp-json\/wp\/v2\/media\/391587"}],"wp:attachment":[{"href":"https:\/\/lsf-france.com\/fr\/wp-json\/wp\/v2\/media?parent=34003"}],"curies":[{"name":"wp","href":"https:\/\/api.w.org\/{rel}","templated":true}]}}