{"id":34005,"date":"2018-09-07T15:41:24","date_gmt":"2018-09-07T13:41:24","guid":{"rendered":"http:\/\/dev.lsf-france.com\/hebergement\/famille-daccueil\/"},"modified":"2025-11-26T10:35:37","modified_gmt":"2025-11-26T09:35:37","slug":"famille-daccueil","status":"publish","type":"page","link":"https:\/\/lsf-france.com\/fr\/hebergement-montpellier\/famille-daccueil\/","title":{"rendered":"Famille d&rsquo;accueil"},"content":{"rendered":"\t\t<div data-elementor-type=\"wp-page\" data-elementor-id=\"34005\" class=\"elementor elementor-34005 elementor-748\" data-elementor-post-type=\"page\">\n\t\t\t\t\t\t<section class=\"elementor-section elementor-top-section elementor-element elementor-element-28dceb8 elementor-section-boxed elementor-section-height-default elementor-section-height-default\" data-id=\"28dceb8\" data-element_type=\"section\" data-e-type=\"section\">\n\t\t\t\t\t\t<div class=\"elementor-container elementor-column-gap-default\">\n\t\t\t\t\t<div class=\"elementor-column elementor-col-100 elementor-top-column elementor-element elementor-element-99bd73d\" data-id=\"99bd73d\" data-element_type=\"column\" data-e-type=\"column\">\n\t\t\t<div class=\"elementor-widget-wrap elementor-element-populated\">\n\t\t\t\t\t\t<div class=\"elementor-element elementor-element-bb8ea9b elementor-widget elementor-widget-text-editor\" data-id=\"bb8ea9b\" data-element_type=\"widget\" data-e-type=\"widget\" data-widget_type=\"text-editor.default\">\n\t\t\t\t<div class=\"elementor-widget-container\">\n\t\t\t\t\t\t\t\t\t<p>Il s\u2019agit de la formule la plus populaire et elle est incontournable si vous privile\u0301giez l\u2019e\u0301change et la de\u0301couverte de la vie a\u0300 la franc\u0327aise. Vous vivrez une ve\u0301ritable expe\u0301rience d\u2019immersion et aurez l\u2019opportunite\u0301 de pratiquer le franc\u0327ais lors des repas que vous partagerez avec la famille. Les familles sont rigoureusement choisies et rencontre\u0301es par notre e\u0301quipe et ont signe\u0301 une charte d\u2019accueil et de confiance. Afin de privile\u0301gier une immersion comple\u0300te nous faisons en sorte que les e\u0301tudiants de me\u0302me langue maternelle ne logent pas sous le me\u0302me toit. Chaque e\u0301tudiant a sa chambre individuelle.    <\/p>\t\t\t\t\t\t\t\t<\/div>\n\t\t\t\t<\/div>\n\t\t\t\t<div class=\"elementor-element elementor-element-5eb971f elementor-widget elementor-widget-heading\" data-id=\"5eb971f\" data-element_type=\"widget\" data-e-type=\"widget\" data-widget_type=\"heading.default\">\n\t\t\t\t<div class=\"elementor-widget-container\">\n\t\t\t\t\t<h2 class=\"elementor-heading-title elementor-size-default\">Les diff\u00e9rentes formules<\/h2>\t\t\t\t<\/div>\n\t\t\t\t<\/div>\n\t\t\t\t<div class=\"elementor-element elementor-element-ef9bfcd elementor-widget elementor-widget-text-editor\" data-id=\"ef9bfcd\" data-element_type=\"widget\" data-e-type=\"widget\" data-widget_type=\"text-editor.default\">\n\t\t\t\t<div class=\"elementor-widget-container\">\n\t\t\t\t\t\t\t\t\t<ul><li><strong>Demi-pension<\/strong> &#8211; Partager le petit-d\u00e9jeuner et le d\u00eener avec la famille d&rsquo; accueil fran\u00e7aise.<\/li><li><strong>Bed &amp; Breakfast<\/strong> &#8211; Partager le petit-d\u00e9jeuner avec la famille d&rsquo; accueil fran\u00e7aise<\/li><li><strong>Restauration autonome<\/strong> \u2013 Les repas ne sont pas inclus<\/li><\/ul>\t\t\t\t\t\t\t\t<\/div>\n\t\t\t\t<\/div>\n\t\t\t\t\t<\/div>\n\t\t<\/div>\n\t\t\t\t\t<\/div>\n\t\t<\/section>\n\t\t\t\t<section class=\"elementor-section elementor-top-section elementor-element elementor-element-11588a0 elementor-section-boxed elementor-section-height-default elementor-section-height-default\" data-id=\"11588a0\" data-element_type=\"section\" data-e-type=\"section\">\n\t\t\t\t\t\t<div class=\"elementor-container elementor-column-gap-default\">\n\t\t\t\t\t<div class=\"elementor-column elementor-col-50 elementor-top-column elementor-element elementor-element-735c2be\" data-id=\"735c2be\" data-element_type=\"column\" data-e-type=\"column\">\n\t\t\t<div class=\"elementor-widget-wrap elementor-element-populated\">\n\t\t\t\t\t\t<div class=\"elementor-element elementor-element-0514039 elementor-widget elementor-widget-heading\" data-id=\"0514039\" data-element_type=\"widget\" data-e-type=\"widget\" data-widget_type=\"heading.default\">\n\t\t\t\t<div class=\"elementor-widget-container\">\n\t\t\t\t\t<h2 class=\"elementor-heading-title elementor-size-default\">Prix<\/h2>\t\t\t\t<\/div>\n\t\t\t\t<\/div>\n\t\t\t\t<div class=\"elementor-element elementor-element-c5a8b0f elementor-widget elementor-widget-text-editor\" data-id=\"c5a8b0f\" data-element_type=\"widget\" data-e-type=\"widget\" data-widget_type=\"text-editor.default\">\n\t\t\t\t<div class=\"elementor-widget-container\">\n\t\t\t\t\t\t\t\t\t<h3>Chambre + acc\u00e8s cuisine<\/h3><ul><li>185\u20ac \/ semaine<\/li><\/ul><h3>Chambre + Petit d\u00e9jeuner + Acc\u00e8s cuisine<\/h3><ul><li>205 \u20ac \/ semaine<\/li><\/ul><h3>Chambre + Petit d\u00e9jeuner + D\u00eener<\/h3><ul><li>255 \u20ac \/ semaine<\/li><\/ul><p>L\u2019\u00e9quipe de LSF, toujours disponible et \u00e0 l\u2019\u00e9coute de vos besoins et de vos attentes, mettra tout en \u0153uvre pour s\u2019occuper de vous et faire de votre s\u00e9jour linguistique en fran\u00e7ais une exp\u00e9rience inoubliable !<\/p><p><em>*Les s\u00e9jours en famille d\u2019accueil s\u2019\u00e9tendent du dimanche au samedi (6 nuits par semaine). Une nuit suppl\u00e9mentaire peut \u00eatre ajout\u00e9e si besoin, sous r\u00e9serve de disponibilit\u00e9. <\/em><\/p>\t\t\t\t\t\t\t\t<\/div>\n\t\t\t\t<\/div>\n\t\t\t\t\t<\/div>\n\t\t<\/div>\n\t\t\t\t<div class=\"elementor-column elementor-col-50 elementor-top-column elementor-element elementor-element-b6e2d2d\" data-id=\"b6e2d2d\" data-element_type=\"column\" data-e-type=\"column\">\n\t\t\t<div class=\"elementor-widget-wrap elementor-element-populated\">\n\t\t\t\t\t\t<div class=\"elementor-element elementor-element-67b2ba7 elementor-widget elementor-widget-image\" data-id=\"67b2ba7\" data-element_type=\"widget\" data-e-type=\"widget\" data-widget_type=\"image.default\">\n\t\t\t\t<div class=\"elementor-widget-container\">\n\t\t\t\t\t\t\t\t\t\t\t\t\t\t\t<img fetchpriority=\"high\" decoding=\"async\" width=\"800\" height=\"534\" src=\"https:\/\/lsf-france.com\/wp-content\/uploads\/2020\/11\/Plan-de-travail-1-3-1.jpg\" class=\"attachment-large size-large wp-image-388960\" alt=\"\" srcset=\"https:\/\/lsf-france.com\/wp-content\/uploads\/2020\/11\/Plan-de-travail-1-3-1.jpg 1000w, https:\/\/lsf-france.com\/wp-content\/uploads\/2020\/11\/Plan-de-travail-1-3-1-600x400.jpg 600w, https:\/\/lsf-france.com\/wp-content\/uploads\/2020\/11\/Plan-de-travail-1-3-1-300x200.jpg 300w, https:\/\/lsf-france.com\/wp-content\/uploads\/2020\/11\/Plan-de-travail-1-3-1-768x512.jpg 768w, https:\/\/lsf-france.com\/wp-content\/uploads\/2020\/11\/Plan-de-travail-1-3-1-640x427.jpg 640w, https:\/\/lsf-france.com\/wp-content\/uploads\/2020\/11\/Plan-de-travail-1-3-1-400x267.jpg 400w\" sizes=\"(max-width: 800px) 100vw, 800px\" \/>\t\t\t\t\t\t\t\t\t\t\t\t\t\t\t<\/div>\n\t\t\t\t<\/div>\n\t\t\t\t<div class=\"elementor-element elementor-element-1e9f65b elementor-align-center elementor-widget elementor-widget-button\" data-id=\"1e9f65b\" data-element_type=\"widget\" data-e-type=\"widget\" data-widget_type=\"button.default\">\n\t\t\t\t<div class=\"elementor-widget-container\">\n\t\t\t\t\t\t\t\t\t<div class=\"elementor-button-wrapper\">\n\t\t\t\t\t<a class=\"elementor-button elementor-button-link elementor-size-sm\" href=\"https:\/\/lsf-france.com\/fr\/prix-et-documents\/\">\n\t\t\t\t\t\t<span class=\"elementor-button-content-wrapper\">\n\t\t\t\t\t\t\t\t\t<span class=\"elementor-button-text\">Plus d'informations<\/span>\n\t\t\t\t\t<\/span>\n\t\t\t\t\t<\/a>\n\t\t\t\t<\/div>\n\t\t\t\t\t\t\t\t<\/div>\n\t\t\t\t<\/div>\n\t\t\t\t\t<\/div>\n\t\t<\/div>\n\t\t\t\t\t<\/div>\n\t\t<\/section>\n\t\t\t\t<section class=\"elementor-section elementor-top-section elementor-element elementor-element-459bfb3 elementor-section-boxed elementor-section-height-default elementor-section-height-default\" data-id=\"459bfb3\" data-element_type=\"section\" data-e-type=\"section\">\n\t\t\t\t\t\t<div class=\"elementor-container elementor-column-gap-default\">\n\t\t\t\t\t<div class=\"elementor-column elementor-col-100 elementor-top-column elementor-element elementor-element-625e50f\" data-id=\"625e50f\" data-element_type=\"column\" data-e-type=\"column\">\n\t\t\t<div class=\"elementor-widget-wrap elementor-element-populated\">\n\t\t\t\t\t\t<div class=\"elementor-element elementor-element-13a0e56 elementor-widget elementor-widget-image\" data-id=\"13a0e56\" data-element_type=\"widget\" data-e-type=\"widget\" data-widget_type=\"image.default\">\n\t\t\t\t<div class=\"elementor-widget-container\">\n\t\t\t\t\t\t\t\t\t\t\t\t\t\t\t<img decoding=\"async\" width=\"800\" height=\"266\" src=\"https:\/\/lsf-france.com\/wp-content\/uploads\/2023\/04\/frame-41-1-1024x341.png\" class=\"attachment-large size-large wp-image-403624\" alt=\"\" srcset=\"https:\/\/lsf-france.com\/wp-content\/uploads\/2023\/04\/frame-41-1-1024x341.png 1024w, https:\/\/lsf-france.com\/wp-content\/uploads\/2023\/04\/frame-41-1-300x100.png 300w, https:\/\/lsf-france.com\/wp-content\/uploads\/2023\/04\/frame-41-1-768x256.png 768w, https:\/\/lsf-france.com\/wp-content\/uploads\/2023\/04\/frame-41-1.png 1440w\" sizes=\"(max-width: 800px) 100vw, 800px\" \/>\t\t\t\t\t\t\t\t\t\t\t\t\t\t\t<\/div>\n\t\t\t\t<\/div>\n\t\t\t\t\t<\/div>\n\t\t<\/div>\n\t\t\t\t\t<\/div>\n\t\t<\/section>\n\t\t\t\t<\/div>\n\t\t","protected":false},"excerpt":{"rendered":"<p>Il s\u2019agit de la formule la plus populaire et elle est incontournable si vous privile\u0301giez l\u2019e\u0301change et la de\u0301couverte de la vie a\u0300 la franc\u0327aise. Vous vivrez une ve\u0301ritable expe\u0301rience [&hellip;]<\/p>\n","protected":false},"author":1,"featured_media":391581,"parent":34003,"menu_order":0,"comment_status":"closed","ping_status":"closed","template":"","meta":{"_acf_changed":false,"content-type":"","footnotes":""},"class_list":["post-34005","page","type-page","status-publish","has-post-thumbnail","hentry"],"acf":[],"_links":{"self":[{"href":"https:\/\/lsf-france.com\/fr\/wp-json\/wp\/v2\/pages\/34005","targetHints":{"allow":["GET"]}}],"collection":[{"href":"https:\/\/lsf-france.com\/fr\/wp-json\/wp\/v2\/pages"}],"about":[{"href":"https:\/\/lsf-france.com\/fr\/wp-json\/wp\/v2\/types\/page"}],"author":[{"embeddable":true,"href":"https:\/\/lsf-france.com\/fr\/wp-json\/wp\/v2\/users\/1"}],"replies":[{"embeddable":true,"href":"https:\/\/lsf-france.com\/fr\/wp-json\/wp\/v2\/comments?post=34005"}],"version-history":[{"count":27,"href":"https:\/\/lsf-france.com\/fr\/wp-json\/wp\/v2\/pages\/34005\/revisions"}],"predecessor-version":[{"id":414473,"href":"https:\/\/lsf-france.com\/fr\/wp-json\/wp\/v2\/pages\/34005\/revisions\/414473"}],"up":[{"embeddable":true,"href":"https:\/\/lsf-france.com\/fr\/wp-json\/wp\/v2\/pages\/34003"}],"wp:featuredmedia":[{"embeddable":true,"href":"https:\/\/lsf-france.com\/fr\/wp-json\/wp\/v2\/media\/391581"}],"wp:attachment":[{"href":"https:\/\/lsf-france.com\/fr\/wp-json\/wp\/v2\/media?parent=34005"}],"curies":[{"name":"wp","href":"https:\/\/api.w.org\/{rel}","templated":true}]}}