{"id":34021,"date":"2018-09-07T15:44:10","date_gmt":"2018-09-07T13:44:10","guid":{"rendered":"http:\/\/dev.lsf-france.com\/activites\/"},"modified":"2025-10-27T10:40:24","modified_gmt":"2025-10-27T09:40:24","slug":"activites-en-france-avec-lsf-montpellier","status":"publish","type":"page","link":"https:\/\/lsf-france.com\/fr\/activites-en-france-avec-lsf-montpellier\/","title":{"rendered":"Activit\u00e9s en France avec LSF Montpellier"},"content":{"rendered":"\t\t<div data-elementor-type=\"wp-page\" data-elementor-id=\"34021\" class=\"elementor elementor-34021 elementor-761\" data-elementor-post-type=\"page\">\n\t\t\t\t\t\t<section class=\"elementor-section elementor-top-section elementor-element elementor-element-3174750 elementor-section-content-middle elementor-section-boxed elementor-section-height-default elementor-section-height-default\" data-id=\"3174750\" data-element_type=\"section\" data-e-type=\"section\">\n\t\t\t\t\t\t<div class=\"elementor-container elementor-column-gap-default\">\n\t\t\t\t\t<div class=\"elementor-column elementor-col-50 elementor-top-column elementor-element elementor-element-87402f9\" data-id=\"87402f9\" data-element_type=\"column\" data-e-type=\"column\">\n\t\t\t<div class=\"elementor-widget-wrap elementor-element-populated\">\n\t\t\t\t\t\t<div class=\"elementor-element elementor-element-30c1d51 elementor-position-top elementor-widget elementor-widget-image-box\" data-id=\"30c1d51\" data-element_type=\"widget\" data-e-type=\"widget\" data-widget_type=\"image-box.default\">\n\t\t\t\t<div class=\"elementor-widget-container\">\n\t\t\t\t\t<div class=\"elementor-image-box-wrapper\"><figure class=\"elementor-image-box-img\"><img decoding=\"async\" width=\"150\" height=\"150\" src=\"https:\/\/lsf-france.com\/wp-content\/uploads\/2024\/11\/Sans-titre-1-150x150.png\" class=\"attachment-thumbnail size-thumbnail wp-image-412570\" alt=\"Liora\" srcset=\"https:\/\/lsf-france.com\/wp-content\/uploads\/2024\/11\/Sans-titre-1-150x150.png 150w, https:\/\/lsf-france.com\/wp-content\/uploads\/2024\/11\/Sans-titre-1.png 174w\" sizes=\"(max-width: 150px) 100vw, 150px\" \/><\/figure><div class=\"elementor-image-box-content\"><h3 class=\"elementor-image-box-title\">Liora <br><br>Responsable des activit\u00e9s<\/h3><p class=\"elementor-image-box-description\">\u201cLSF vous propose de nombreuses activit\u00e9s en France \u00e0 Montpellier et ses alentours. D\u00e9couvrez un large choix de sorties \u00e0 faire lors de votre s\u00e9jour linguistique pour apprendre le fran\u00e7ais.\"<\/p><\/div><\/div>\t\t\t\t<\/div>\n\t\t\t\t<\/div>\n\t\t\t\t\t<\/div>\n\t\t<\/div>\n\t\t\t\t<div class=\"elementor-column elementor-col-50 elementor-top-column elementor-element elementor-element-9886011\" data-id=\"9886011\" data-element_type=\"column\" data-e-type=\"column\">\n\t\t\t<div class=\"elementor-widget-wrap elementor-element-populated\">\n\t\t\t\t\t\t<section class=\"elementor-section elementor-inner-section elementor-element elementor-element-865abc2 elementor-section-boxed elementor-section-height-default elementor-section-height-default\" data-id=\"865abc2\" data-element_type=\"section\" data-e-type=\"section\">\n\t\t\t\t\t\t<div class=\"elementor-container elementor-column-gap-default\">\n\t\t\t\t\t<div class=\"elementor-column elementor-col-33 elementor-inner-column elementor-element elementor-element-7bafa77\" data-id=\"7bafa77\" data-element_type=\"column\" data-e-type=\"column\">\n\t\t\t<div class=\"elementor-widget-wrap elementor-element-populated\">\n\t\t\t\t\t\t<div class=\"elementor-element elementor-element-f12faf9 elementor-position-top elementor-widget elementor-widget-image-box\" data-id=\"f12faf9\" data-element_type=\"widget\" data-e-type=\"widget\" data-widget_type=\"image-box.default\">\n\t\t\t\t<div class=\"elementor-widget-container\">\n\t\t\t\t\t<div class=\"elementor-image-box-wrapper\"><figure class=\"elementor-image-box-img\"><a href=\"https:\/\/lsf-france.com\/fr\/activites-en-france-avec-lsf-montpellier\/sport-et-loisirs\/\" tabindex=\"-1\"><img fetchpriority=\"high\" decoding=\"async\" width=\"884\" height=\"1026\" src=\"https:\/\/lsf-france.com\/wp-content\/uploads\/2020\/06\/sport-leisure-lsf.jpg\" class=\"elementor-animation-float attachment-full size-full wp-image-385832\" alt=\"Sports et loisirs\" srcset=\"https:\/\/lsf-france.com\/wp-content\/uploads\/2020\/06\/sport-leisure-lsf.jpg 884w, https:\/\/lsf-france.com\/wp-content\/uploads\/2020\/06\/sport-leisure-lsf-600x696.jpg 600w, https:\/\/lsf-france.com\/wp-content\/uploads\/2020\/06\/sport-leisure-lsf-258x300.jpg 258w, https:\/\/lsf-france.com\/wp-content\/uploads\/2020\/06\/sport-leisure-lsf-882x1024.jpg 882w, https:\/\/lsf-france.com\/wp-content\/uploads\/2020\/06\/sport-leisure-lsf-768x891.jpg 768w, https:\/\/lsf-france.com\/wp-content\/uploads\/2020\/06\/sport-leisure-lsf-640x743.jpg 640w, https:\/\/lsf-france.com\/wp-content\/uploads\/2020\/06\/sport-leisure-lsf-400x464.jpg 400w\" sizes=\"(max-width: 884px) 100vw, 884px\" \/><\/a><\/figure><div class=\"elementor-image-box-content\"><h3 class=\"elementor-image-box-title\"><a href=\"https:\/\/lsf-france.com\/fr\/activites-en-france-avec-lsf-montpellier\/sport-et-loisirs\/\">SPORTS<br>ET LOISIRS<\/a><\/h3><p class=\"elementor-image-box-description\">Pratiquer des sports du soleil<\/p><\/div><\/div>\t\t\t\t<\/div>\n\t\t\t\t<\/div>\n\t\t\t\t\t<\/div>\n\t\t<\/div>\n\t\t\t\t<div class=\"elementor-column elementor-col-33 elementor-inner-column elementor-element elementor-element-e93bfc0\" data-id=\"e93bfc0\" data-element_type=\"column\" data-e-type=\"column\">\n\t\t\t<div class=\"elementor-widget-wrap elementor-element-populated\">\n\t\t\t\t\t\t<div class=\"elementor-element elementor-element-24ed632 elementor-position-top elementor-widget elementor-widget-image-box\" data-id=\"24ed632\" data-element_type=\"widget\" data-e-type=\"widget\" data-widget_type=\"image-box.default\">\n\t\t\t\t<div class=\"elementor-widget-container\">\n\t\t\t\t\t<div class=\"elementor-image-box-wrapper\"><figure class=\"elementor-image-box-img\"><a href=\"https:\/\/lsf-france.com\/fr\/activites-en-france-avec-lsf-montpellier\/histoire-et-gastronomie\/\" tabindex=\"-1\"><img decoding=\"async\" width=\"884\" height=\"1026\" src=\"https:\/\/lsf-france.com\/wp-content\/uploads\/2020\/06\/history-gastronomy-lsf.jpg\" class=\"elementor-animation-float attachment-full size-full wp-image-385835\" alt=\"Histoire and Gastronomie\" srcset=\"https:\/\/lsf-france.com\/wp-content\/uploads\/2020\/06\/history-gastronomy-lsf.jpg 884w, https:\/\/lsf-france.com\/wp-content\/uploads\/2020\/06\/history-gastronomy-lsf-600x696.jpg 600w, https:\/\/lsf-france.com\/wp-content\/uploads\/2020\/06\/history-gastronomy-lsf-258x300.jpg 258w, https:\/\/lsf-france.com\/wp-content\/uploads\/2020\/06\/history-gastronomy-lsf-882x1024.jpg 882w, https:\/\/lsf-france.com\/wp-content\/uploads\/2020\/06\/history-gastronomy-lsf-768x891.jpg 768w, https:\/\/lsf-france.com\/wp-content\/uploads\/2020\/06\/history-gastronomy-lsf-640x743.jpg 640w, https:\/\/lsf-france.com\/wp-content\/uploads\/2020\/06\/history-gastronomy-lsf-400x464.jpg 400w\" sizes=\"(max-width: 884px) 100vw, 884px\" \/><\/a><\/figure><div class=\"elementor-image-box-content\"><h3 class=\"elementor-image-box-title\"><a href=\"https:\/\/lsf-france.com\/fr\/activites-en-france-avec-lsf-montpellier\/histoire-et-gastronomie\/\">HISTOIRE ET GASTRONOMIE<\/a><\/h3><p class=\"elementor-image-box-description\">Go\u00fbtez au pays\n\n<\/p><\/div><\/div>\t\t\t\t<\/div>\n\t\t\t\t<\/div>\n\t\t\t\t\t<\/div>\n\t\t<\/div>\n\t\t\t\t<div class=\"elementor-column elementor-col-33 elementor-inner-column elementor-element elementor-element-b615fb7\" data-id=\"b615fb7\" data-element_type=\"column\" data-e-type=\"column\">\n\t\t\t<div class=\"elementor-widget-wrap elementor-element-populated\">\n\t\t\t\t\t\t<div class=\"elementor-element elementor-element-b42546a elementor-position-top elementor-widget elementor-widget-image-box\" data-id=\"b42546a\" data-element_type=\"widget\" data-e-type=\"widget\" data-widget_type=\"image-box.default\">\n\t\t\t\t<div class=\"elementor-widget-container\">\n\t\t\t\t\t<div class=\"elementor-image-box-wrapper\"><figure class=\"elementor-image-box-img\"><a href=\"https:\/\/lsf-france.com\/fr\/activites-en-france-avec-lsf-montpellier\/art-et-culture\/\" tabindex=\"-1\"><img loading=\"lazy\" decoding=\"async\" width=\"884\" height=\"1026\" src=\"https:\/\/lsf-france.com\/wp-content\/uploads\/2020\/06\/art-culture-lsf.jpg\" class=\"elementor-animation-float attachment-full size-full wp-image-385838\" alt=\"Art et Culture\" srcset=\"https:\/\/lsf-france.com\/wp-content\/uploads\/2020\/06\/art-culture-lsf.jpg 884w, https:\/\/lsf-france.com\/wp-content\/uploads\/2020\/06\/art-culture-lsf-600x696.jpg 600w, https:\/\/lsf-france.com\/wp-content\/uploads\/2020\/06\/art-culture-lsf-258x300.jpg 258w, https:\/\/lsf-france.com\/wp-content\/uploads\/2020\/06\/art-culture-lsf-882x1024.jpg 882w, https:\/\/lsf-france.com\/wp-content\/uploads\/2020\/06\/art-culture-lsf-768x891.jpg 768w, https:\/\/lsf-france.com\/wp-content\/uploads\/2020\/06\/art-culture-lsf-640x743.jpg 640w, https:\/\/lsf-france.com\/wp-content\/uploads\/2020\/06\/art-culture-lsf-400x464.jpg 400w\" sizes=\"(max-width: 884px) 100vw, 884px\" \/><\/a><\/figure><div class=\"elementor-image-box-content\"><h3 class=\"elementor-image-box-title\"><a href=\"https:\/\/lsf-france.com\/fr\/activites-en-france-avec-lsf-montpellier\/art-et-culture\/\">ART<br>ET CULTURE<\/a><\/h3><p class=\"elementor-image-box-description\">D\u00e9couvrez la culture fran\u00e7aise<\/p><\/div><\/div>\t\t\t\t<\/div>\n\t\t\t\t<\/div>\n\t\t\t\t\t<\/div>\n\t\t<\/div>\n\t\t\t\t\t<\/div>\n\t\t<\/section>\n\t\t\t\t\t<\/div>\n\t\t<\/div>\n\t\t\t\t\t<\/div>\n\t\t<\/section>\n\t\t\t\t<section class=\"elementor-section elementor-top-section elementor-element elementor-element-b52f6e1 elementor-section-boxed elementor-section-height-default elementor-section-height-default\" data-id=\"b52f6e1\" data-element_type=\"section\" data-e-type=\"section\">\n\t\t\t\t\t\t<div class=\"elementor-container elementor-column-gap-default\">\n\t\t\t\t\t<div class=\"elementor-column elementor-col-100 elementor-top-column elementor-element elementor-element-acb3f31\" data-id=\"acb3f31\" data-element_type=\"column\" data-e-type=\"column\">\n\t\t\t<div class=\"elementor-widget-wrap elementor-element-populated\">\n\t\t\t\t\t\t<div class=\"elementor-element elementor-element-4df5362 elementor-widget__width-auto elementor-mobile-align-justify elementor-widget-mobile__width-inherit elementor-align-center elementor-widget elementor-widget-button\" data-id=\"4df5362\" data-element_type=\"widget\" data-e-type=\"widget\" data-settings=\"{&quot;_animation&quot;:&quot;none&quot;}\" data-widget_type=\"button.default\">\n\t\t\t\t<div class=\"elementor-widget-container\">\n\t\t\t\t\t\t\t\t\t<div class=\"elementor-button-wrapper\">\n\t\t\t\t\t<a class=\"elementor-button elementor-button-link elementor-size-sm elementor-animation-bob\" href=\"https:\/\/lsf-france.com\/fr\/activites-en-france-avec-lsf-montpellier\/activites-de-la-semaine\/\" target=\"_blank\">\n\t\t\t\t\t\t<span class=\"elementor-button-content-wrapper\">\n\t\t\t\t\t\t<span class=\"elementor-button-icon\">\n\t\t\t\t\t\t\t<\/span>\n\t\t\t\t\t\t\t\t\t<span class=\"elementor-button-text\">Activit\u00e9s de la semaine<\/span>\n\t\t\t\t\t<\/span>\n\t\t\t\t\t<\/a>\n\t\t\t\t<\/div>\n\t\t\t\t\t\t\t\t<\/div>\n\t\t\t\t<\/div>\n\t\t\t\t\t<\/div>\n\t\t<\/div>\n\t\t\t\t\t<\/div>\n\t\t<\/section>\n\t\t\t\t<\/div>\n\t\t","protected":false},"excerpt":{"rendered":"<p>Liora Responsable des activit\u00e9s \u201cLSF vous propose de nombreuses activit\u00e9s en France \u00e0 Montpellier et ses alentours. D\u00e9couvrez un large choix de sorties \u00e0 faire lors de votre s\u00e9jour linguistique [&hellip;]<\/p>\n","protected":false},"author":1,"featured_media":391651,"parent":0,"menu_order":0,"comment_status":"closed","ping_status":"closed","template":"","meta":{"_acf_changed":false,"content-type":"","footnotes":""},"class_list":["post-34021","page","type-page","status-publish","has-post-thumbnail","hentry"],"acf":[],"yoast_head":"<!-- This site is optimized with the Yoast SEO plugin v27.6 - https:\/\/yoast.com\/product\/yoast-seo-wordpress\/ -->\n<title>Activit\u00e9s en France avec LSF Montpellier | \u00c9cole de fran\u00e7ais<\/title>\n<meta name=\"description\" content=\"D\u00e9couvrez les activit\u00e9s en France \u00e0 Montpellier avec l&#039;\u00e9cole LSF. Art, sport, gastronomie, nous vous proposons un large choix d&#039;activit\u00e9s.\" \/>\n<meta name=\"robots\" content=\"index, follow, max-snippet:-1, max-image-preview:large, max-video-preview:-1\" \/>\n<link rel=\"canonical\" href=\"https:\/\/lsf-france.com\/activities-in-france-montpellier\/\" \/>\n<meta property=\"og:locale\" content=\"fr_FR\" \/>\n<meta property=\"og:type\" content=\"article\" \/>\n<meta property=\"og:title\" content=\"Activit\u00e9s en France avec LSF Montpellier | \u00c9cole de fran\u00e7ais\" \/>\n<meta property=\"og:description\" content=\"D\u00e9couvrez les activit\u00e9s en France \u00e0 Montpellier avec l&#039;\u00e9cole LSF. Art, sport, gastronomie, nous vous proposons un large choix d&#039;activit\u00e9s.\" \/>\n<meta property=\"og:url\" content=\"https:\/\/lsf-france.com\/activities-in-france-montpellier\/\" \/>\n<meta property=\"og:site_name\" content=\"LSF | Learn French in South of France\" \/>\n<meta property=\"article:modified_time\" content=\"2025-10-27T09:40:24+00:00\" \/>\n<meta property=\"og:image\" content=\"https:\/\/lsf-france.com\/wp-content\/uploads\/2021\/03\/Activite\u0301s-a\u0300-Montpellier.jpg\" \/>\n\t<meta property=\"og:image:width\" content=\"1500\" \/>\n\t<meta property=\"og:image:height\" content=\"788\" \/>\n\t<meta property=\"og:image:type\" content=\"image\/jpeg\" \/>\n<meta name=\"twitter:card\" content=\"summary_large_image\" \/>\n<script type=\"application\/ld+json\" class=\"yoast-schema-graph\">{\"@context\":\"https:\\\/\\\/schema.org\",\"@graph\":[{\"@type\":\"WebPage\",\"@id\":\"https:\\\/\\\/lsf-france.com\\\/activities-in-france-montpellier\\\/\",\"url\":\"https:\\\/\\\/lsf-france.com\\\/activities-in-france-montpellier\\\/\",\"name\":\"Activit\u00e9s en France avec LSF Montpellier | \u00c9cole de fran\u00e7ais\",\"isPartOf\":{\"@id\":\"https:\\\/\\\/lsf-france.com\\\/es\\\/#website\"},\"primaryImageOfPage\":{\"@id\":\"https:\\\/\\\/lsf-france.com\\\/activities-in-france-montpellier\\\/#primaryimage\"},\"image\":{\"@id\":\"https:\\\/\\\/lsf-france.com\\\/activities-in-france-montpellier\\\/#primaryimage\"},\"thumbnailUrl\":\"https:\\\/\\\/lsf-france.com\\\/wp-content\\\/uploads\\\/2021\\\/03\\\/Activite\u0301s-a\u0300-Montpellier.jpg\",\"datePublished\":\"2018-09-07T13:44:10+00:00\",\"dateModified\":\"2025-10-27T09:40:24+00:00\",\"description\":\"D\u00e9couvrez les activit\u00e9s en France \u00e0 Montpellier avec l'\u00e9cole LSF. Art, sport, gastronomie, nous vous proposons un large choix d'activit\u00e9s.\",\"breadcrumb\":{\"@id\":\"https:\\\/\\\/lsf-france.com\\\/activities-in-france-montpellier\\\/#breadcrumb\"},\"inLanguage\":\"fr-FR\",\"potentialAction\":[{\"@type\":\"ReadAction\",\"target\":[\"https:\\\/\\\/lsf-france.com\\\/activities-in-france-montpellier\\\/\"]}]},{\"@type\":\"ImageObject\",\"inLanguage\":\"fr-FR\",\"@id\":\"https:\\\/\\\/lsf-france.com\\\/activities-in-france-montpellier\\\/#primaryimage\",\"url\":\"https:\\\/\\\/lsf-france.com\\\/wp-content\\\/uploads\\\/2021\\\/03\\\/Activite\u0301s-a\u0300-Montpellier.jpg\",\"contentUrl\":\"https:\\\/\\\/lsf-france.com\\\/wp-content\\\/uploads\\\/2021\\\/03\\\/Activite\u0301s-a\u0300-Montpellier.jpg\",\"width\":1500,\"height\":788},{\"@type\":\"BreadcrumbList\",\"@id\":\"https:\\\/\\\/lsf-france.com\\\/activities-in-france-montpellier\\\/#breadcrumb\",\"itemListElement\":[{\"@type\":\"ListItem\",\"position\":1,\"name\":\"Home\",\"item\":\"https:\\\/\\\/lsf-france.com\\\/fr\\\/\"},{\"@type\":\"ListItem\",\"position\":2,\"name\":\"Activit\u00e9s en France avec LSF Montpellier\"}]},{\"@type\":\"WebSite\",\"@id\":\"https:\\\/\\\/lsf-france.com\\\/es\\\/#website\",\"url\":\"https:\\\/\\\/lsf-france.com\\\/es\\\/\",\"name\":\"LSF | Learn French in South of France\",\"description\":\"Learn French in France, Montpellier French Language School, LSF\",\"publisher\":{\"@id\":\"https:\\\/\\\/lsf-france.com\\\/es\\\/#organization\"},\"potentialAction\":[{\"@type\":\"SearchAction\",\"target\":{\"@type\":\"EntryPoint\",\"urlTemplate\":\"https:\\\/\\\/lsf-france.com\\\/es\\\/?s={search_term_string}\"},\"query-input\":{\"@type\":\"PropertyValueSpecification\",\"valueRequired\":true,\"valueName\":\"search_term_string\"}}],\"inLanguage\":\"fr-FR\"},{\"@type\":\"Organization\",\"@id\":\"https:\\\/\\\/lsf-france.com\\\/es\\\/#organization\",\"name\":\"LSF Montpellier\",\"url\":\"https:\\\/\\\/lsf-france.com\\\/es\\\/\",\"logo\":{\"@type\":\"ImageObject\",\"inLanguage\":\"fr-FR\",\"@id\":\"https:\\\/\\\/lsf-france.com\\\/es\\\/#\\\/schema\\\/logo\\\/image\\\/\",\"url\":\"https:\\\/\\\/lsf-france.com\\\/wp-content\\\/uploads\\\/2018\\\/11\\\/PleinBleux2.png\",\"contentUrl\":\"https:\\\/\\\/lsf-france.com\\\/wp-content\\\/uploads\\\/2018\\\/11\\\/PleinBleux2.png\",\"width\":1000,\"height\":1000,\"caption\":\"LSF Montpellier\"},\"image\":{\"@id\":\"https:\\\/\\\/lsf-france.com\\\/es\\\/#\\\/schema\\\/logo\\\/image\\\/\"}}]}<\/script>\n<!-- \/ Yoast SEO plugin. -->","yoast_head_json":{"title":"Activit\u00e9s en France avec LSF Montpellier | \u00c9cole de fran\u00e7ais","description":"D\u00e9couvrez les activit\u00e9s en France \u00e0 Montpellier avec l'\u00e9cole LSF. Art, sport, gastronomie, nous vous proposons un large choix d'activit\u00e9s.","robots":{"index":"index","follow":"follow","max-snippet":"max-snippet:-1","max-image-preview":"max-image-preview:large","max-video-preview":"max-video-preview:-1"},"canonical":"https:\/\/lsf-france.com\/activities-in-france-montpellier\/","og_locale":"fr_FR","og_type":"article","og_title":"Activit\u00e9s en France avec LSF Montpellier | \u00c9cole de fran\u00e7ais","og_description":"D\u00e9couvrez les activit\u00e9s en France \u00e0 Montpellier avec l'\u00e9cole LSF. Art, sport, gastronomie, nous vous proposons un large choix d'activit\u00e9s.","og_url":"https:\/\/lsf-france.com\/activities-in-france-montpellier\/","og_site_name":"LSF | Learn French in South of France","article_modified_time":"2025-10-27T09:40:24+00:00","og_image":[{"width":1500,"height":788,"url":"https:\/\/lsf-france.com\/wp-content\/uploads\/2021\/03\/Activite\u0301s-a\u0300-Montpellier.jpg","type":"image\/jpeg"}],"twitter_card":"summary_large_image","schema":{"@context":"https:\/\/schema.org","@graph":[{"@type":"WebPage","@id":"https:\/\/lsf-france.com\/activities-in-france-montpellier\/","url":"https:\/\/lsf-france.com\/activities-in-france-montpellier\/","name":"Activit\u00e9s en France avec LSF Montpellier | \u00c9cole de fran\u00e7ais","isPartOf":{"@id":"https:\/\/lsf-france.com\/es\/#website"},"primaryImageOfPage":{"@id":"https:\/\/lsf-france.com\/activities-in-france-montpellier\/#primaryimage"},"image":{"@id":"https:\/\/lsf-france.com\/activities-in-france-montpellier\/#primaryimage"},"thumbnailUrl":"https:\/\/lsf-france.com\/wp-content\/uploads\/2021\/03\/Activite\u0301s-a\u0300-Montpellier.jpg","datePublished":"2018-09-07T13:44:10+00:00","dateModified":"2025-10-27T09:40:24+00:00","description":"D\u00e9couvrez les activit\u00e9s en France \u00e0 Montpellier avec l'\u00e9cole LSF. Art, sport, gastronomie, nous vous proposons un large choix d'activit\u00e9s.","breadcrumb":{"@id":"https:\/\/lsf-france.com\/activities-in-france-montpellier\/#breadcrumb"},"inLanguage":"fr-FR","potentialAction":[{"@type":"ReadAction","target":["https:\/\/lsf-france.com\/activities-in-france-montpellier\/"]}]},{"@type":"ImageObject","inLanguage":"fr-FR","@id":"https:\/\/lsf-france.com\/activities-in-france-montpellier\/#primaryimage","url":"https:\/\/lsf-france.com\/wp-content\/uploads\/2021\/03\/Activite\u0301s-a\u0300-Montpellier.jpg","contentUrl":"https:\/\/lsf-france.com\/wp-content\/uploads\/2021\/03\/Activite\u0301s-a\u0300-Montpellier.jpg","width":1500,"height":788},{"@type":"BreadcrumbList","@id":"https:\/\/lsf-france.com\/activities-in-france-montpellier\/#breadcrumb","itemListElement":[{"@type":"ListItem","position":1,"name":"Home","item":"https:\/\/lsf-france.com\/fr\/"},{"@type":"ListItem","position":2,"name":"Activit\u00e9s en France avec LSF Montpellier"}]},{"@type":"WebSite","@id":"https:\/\/lsf-france.com\/es\/#website","url":"https:\/\/lsf-france.com\/es\/","name":"LSF | Learn French in South of France","description":"Learn French in France, Montpellier French Language School, LSF","publisher":{"@id":"https:\/\/lsf-france.com\/es\/#organization"},"potentialAction":[{"@type":"SearchAction","target":{"@type":"EntryPoint","urlTemplate":"https:\/\/lsf-france.com\/es\/?s={search_term_string}"},"query-input":{"@type":"PropertyValueSpecification","valueRequired":true,"valueName":"search_term_string"}}],"inLanguage":"fr-FR"},{"@type":"Organization","@id":"https:\/\/lsf-france.com\/es\/#organization","name":"LSF Montpellier","url":"https:\/\/lsf-france.com\/es\/","logo":{"@type":"ImageObject","inLanguage":"fr-FR","@id":"https:\/\/lsf-france.com\/es\/#\/schema\/logo\/image\/","url":"https:\/\/lsf-france.com\/wp-content\/uploads\/2018\/11\/PleinBleux2.png","contentUrl":"https:\/\/lsf-france.com\/wp-content\/uploads\/2018\/11\/PleinBleux2.png","width":1000,"height":1000,"caption":"LSF Montpellier"},"image":{"@id":"https:\/\/lsf-france.com\/es\/#\/schema\/logo\/image\/"}}]}},"_links":{"self":[{"href":"https:\/\/lsf-france.com\/fr\/wp-json\/wp\/v2\/pages\/34021","targetHints":{"allow":["GET"]}}],"collection":[{"href":"https:\/\/lsf-france.com\/fr\/wp-json\/wp\/v2\/pages"}],"about":[{"href":"https:\/\/lsf-france.com\/fr\/wp-json\/wp\/v2\/types\/page"}],"author":[{"embeddable":true,"href":"https:\/\/lsf-france.com\/fr\/wp-json\/wp\/v2\/users\/1"}],"replies":[{"embeddable":true,"href":"https:\/\/lsf-france.com\/fr\/wp-json\/wp\/v2\/comments?post=34021"}],"version-history":[{"count":9,"href":"https:\/\/lsf-france.com\/fr\/wp-json\/wp\/v2\/pages\/34021\/revisions"}],"predecessor-version":[{"id":414189,"href":"https:\/\/lsf-france.com\/fr\/wp-json\/wp\/v2\/pages\/34021\/revisions\/414189"}],"wp:featuredmedia":[{"embeddable":true,"href":"https:\/\/lsf-france.com\/fr\/wp-json\/wp\/v2\/media\/391651"}],"wp:attachment":[{"href":"https:\/\/lsf-france.com\/fr\/wp-json\/wp\/v2\/media?parent=34021"}],"curies":[{"name":"wp","href":"https:\/\/api.w.org\/{rel}","templated":true}]}}