{"id":34033,"date":"2018-11-02T12:38:53","date_gmt":"2018-11-02T11:38:53","guid":{"rendered":"http:\/\/dev.lsf-france.com\/informations\/"},"modified":"2021-07-16T09:26:01","modified_gmt":"2021-07-16T07:26:01","slug":"informations","status":"publish","type":"page","link":"https:\/\/lsf-france.com\/fr\/informations\/","title":{"rendered":"Informations"},"content":{"rendered":"\t\t<div data-elementor-type=\"wp-page\" data-elementor-id=\"34033\" class=\"elementor elementor-34033 elementor-32741\" data-elementor-post-type=\"page\">\n\t\t\t\t\t\t<section class=\"elementor-section elementor-top-section elementor-element elementor-element-6ec9f70 elementor-section-boxed elementor-section-height-default elementor-section-height-default\" data-id=\"6ec9f70\" data-element_type=\"section\" data-e-type=\"section\">\n\t\t\t\t\t\t<div class=\"elementor-container elementor-column-gap-default\">\n\t\t\t\t\t<div class=\"elementor-column elementor-col-100 elementor-top-column elementor-element elementor-element-36694db\" data-id=\"36694db\" data-element_type=\"column\" data-e-type=\"column\">\n\t\t\t<div class=\"elementor-widget-wrap elementor-element-populated\">\n\t\t\t\t\t\t<div class=\"elementor-element elementor-element-a5e4c9f elementor-grid-3 elementor-grid-tablet-2 elementor-grid-mobile-1 elementor-posts--thumbnail-top elementor-card-shadow-yes elementor-posts__hover-gradient elementor-widget elementor-widget-posts\" data-id=\"a5e4c9f\" data-element_type=\"widget\" data-e-type=\"widget\" data-settings=\"{&quot;cards_columns&quot;:&quot;3&quot;,&quot;cards_columns_tablet&quot;:&quot;2&quot;,&quot;cards_columns_mobile&quot;:&quot;1&quot;,&quot;cards_row_gap&quot;:{&quot;unit&quot;:&quot;px&quot;,&quot;size&quot;:35,&quot;sizes&quot;:[]},&quot;cards_row_gap_tablet&quot;:{&quot;unit&quot;:&quot;px&quot;,&quot;size&quot;:&quot;&quot;,&quot;sizes&quot;:[]},&quot;cards_row_gap_mobile&quot;:{&quot;unit&quot;:&quot;px&quot;,&quot;size&quot;:&quot;&quot;,&quot;sizes&quot;:[]}}\" data-widget_type=\"posts.cards\">\n\t\t\t\t<div class=\"elementor-widget-container\">\n\t\t\t\t\t\t\t<div class=\"elementor-posts-container elementor-posts elementor-posts--skin-cards elementor-grid\" role=\"list\">\n\t\t\t\t<article class=\"elementor-post elementor-grid-item post-383266 page type-page status-publish has-post-thumbnail hentry\" role=\"listitem\">\n\t\t\t<div class=\"elementor-post__card\">\n\t\t\t\t<a class=\"elementor-post__thumbnail__link\" href=\"https:\/\/lsf-france.com\/fr\/informations\/engagement-qualite\/\" tabindex=\"-1\" ><div class=\"elementor-post__thumbnail\"><img fetchpriority=\"high\" decoding=\"async\" width=\"300\" height=\"200\" src=\"https:\/\/lsf-france.com\/wp-content\/uploads\/2019\/02\/IMG_0568-scaled.jpg\" class=\"attachment-medium size-medium wp-image-34830\" alt=\"\" srcset=\"https:\/\/lsf-france.com\/wp-content\/uploads\/2019\/02\/IMG_0568-scaled.jpg 2560w, https:\/\/lsf-france.com\/wp-content\/uploads\/2019\/02\/IMG_0568-scaled-600x400.jpg 600w\" sizes=\"(max-width: 300px) 100vw, 300px\" \/><\/div><\/a>\n\t\t\t\t<div class=\"elementor-post__text\">\n\t\t\t\t<h3 class=\"elementor-post__title\">\n\t\t\t<a href=\"https:\/\/lsf-france.com\/fr\/informations\/engagement-qualite\/\" >\n\t\t\t\tEngagement qualit\u00e9\t\t\t<\/a>\n\t\t<\/h3>\n\t\t\t\t<div class=\"elementor-post__excerpt\">\n\t\t\t<p>Notre ambition est de faire progresser nos \u00e9tudiants dans la connaissance de la langue fran\u00e7aise, en leur assurant un enseignement de qualit\u00e9. Nous nous engageons \u00e9galement \u00e0 leur faire d\u00e9couvrir la culture fran\u00e7aise et le patrimoine r\u00e9gional, le tout dans une ambiance conviviale. Nous attachons une grande importance \u00e0 l\u2019innovation p\u00e9dagogique; c\u2019est pourquoi nos professeurs suivent r\u00e9guli\u00e8rement des formations pour<\/p>\n\t\t<\/div>\n\t\t\n\t\t<a class=\"elementor-post__read-more\" href=\"https:\/\/lsf-france.com\/fr\/informations\/engagement-qualite\/\" aria-label=\"En savoir plus sur Engagement qualit\u00e9\" tabindex=\"-1\" >\n\t\t\tLire la suite \u00bb\t\t<\/a>\n\n\t\t\t\t<\/div>\n\t\t\t\t\t<\/div>\n\t\t<\/article>\n\t\t\t\t<article class=\"elementor-post elementor-grid-item post-383210 page type-page status-publish has-post-thumbnail hentry\" role=\"listitem\">\n\t\t\t<div class=\"elementor-post__card\">\n\t\t\t\t<a class=\"elementor-post__thumbnail__link\" href=\"https:\/\/lsf-france.com\/fr\/informations\/accessibilite-handicap\/\" tabindex=\"-1\" ><div class=\"elementor-post__thumbnail\"><img decoding=\"async\" width=\"300\" height=\"225\" src=\"https:\/\/lsf-france.com\/wp-content\/uploads\/2020\/02\/handicap-lsf-300x225.jpg\" class=\"attachment-medium size-medium wp-image-383217\" alt=\"\" srcset=\"https:\/\/lsf-france.com\/wp-content\/uploads\/2020\/02\/handicap-lsf-300x225.jpg 300w, https:\/\/lsf-france.com\/wp-content\/uploads\/2020\/02\/handicap-lsf-scaled-600x450.jpg 600w, https:\/\/lsf-france.com\/wp-content\/uploads\/2020\/02\/handicap-lsf-1024x768.jpg 1024w, https:\/\/lsf-france.com\/wp-content\/uploads\/2020\/02\/handicap-lsf-768x576.jpg 768w, https:\/\/lsf-france.com\/wp-content\/uploads\/2020\/02\/handicap-lsf-1536x1152.jpg 1536w, https:\/\/lsf-france.com\/wp-content\/uploads\/2020\/02\/handicap-lsf-2048x1536.jpg 2048w, https:\/\/lsf-france.com\/wp-content\/uploads\/2020\/02\/handicap-lsf-463x348.jpg 463w, https:\/\/lsf-france.com\/wp-content\/uploads\/2020\/02\/handicap-lsf-640x480.jpg 640w, https:\/\/lsf-france.com\/wp-content\/uploads\/2020\/02\/handicap-lsf-400x300.jpg 400w\" sizes=\"(max-width: 300px) 100vw, 300px\" \/><\/div><\/a>\n\t\t\t\t<div class=\"elementor-post__text\">\n\t\t\t\t<h3 class=\"elementor-post__title\">\n\t\t\t<a href=\"https:\/\/lsf-france.com\/fr\/informations\/accessibilite-handicap\/\" >\n\t\t\t\tAccessibilit\u00e9 et handicap\t\t\t<\/a>\n\t\t<\/h3>\n\t\t\t\t<div class=\"elementor-post__excerpt\">\n\t\t\t<p>LSF, une \u00e9cole accessible \u00e0 TOUS Si vous \u00eates en situation de handicap moteur, cognitif ou sensoriel, vous avez la possibilit\u00e9 de nous transmettre les informations vous concernant afin que nous organisions dans les meilleures conditions votre s\u00e9jour et votre apprentissage au sein de notre \u00e9cole LSF. A la lumi\u00e8re de ces informations, un accompagnement pourra \u00eatre mis en place<\/p>\n\t\t<\/div>\n\t\t\n\t\t<a class=\"elementor-post__read-more\" href=\"https:\/\/lsf-france.com\/fr\/informations\/accessibilite-handicap\/\" aria-label=\"En savoir plus sur Accessibilit\u00e9 et handicap\" tabindex=\"-1\" >\n\t\t\tLire la suite \u00bb\t\t<\/a>\n\n\t\t\t\t<\/div>\n\t\t\t\t\t<\/div>\n\t\t<\/article>\n\t\t\t\t<article class=\"elementor-post elementor-grid-item post-34039 page type-page status-publish has-post-thumbnail hentry\" role=\"listitem\">\n\t\t\t<div class=\"elementor-post__card\">\n\t\t\t\t<a class=\"elementor-post__thumbnail__link\" href=\"https:\/\/lsf-france.com\/fr\/informations\/faq\/\" tabindex=\"-1\" ><div class=\"elementor-post__thumbnail\"><img decoding=\"async\" width=\"300\" height=\"200\" src=\"https:\/\/lsf-france.com\/wp-content\/uploads\/2020\/11\/AMBIANCE_CLASSE7-300x200.jpg\" class=\"attachment-medium size-medium wp-image-388699\" alt=\"Apprentissage du fran\u00e7ais - e-Learning en classe\" srcset=\"https:\/\/lsf-france.com\/wp-content\/uploads\/2020\/11\/AMBIANCE_CLASSE7-300x200.jpg 300w, https:\/\/lsf-france.com\/wp-content\/uploads\/2020\/11\/AMBIANCE_CLASSE7-600x400.jpg 600w, https:\/\/lsf-france.com\/wp-content\/uploads\/2020\/11\/AMBIANCE_CLASSE7-1024x683.jpg 1024w, https:\/\/lsf-france.com\/wp-content\/uploads\/2020\/11\/AMBIANCE_CLASSE7-768x512.jpg 768w, https:\/\/lsf-france.com\/wp-content\/uploads\/2020\/11\/AMBIANCE_CLASSE7-1536x1024.jpg 1536w, https:\/\/lsf-france.com\/wp-content\/uploads\/2020\/11\/AMBIANCE_CLASSE7-2048x1365.jpg 2048w, https:\/\/lsf-france.com\/wp-content\/uploads\/2020\/11\/AMBIANCE_CLASSE7-640x427.jpg 640w, https:\/\/lsf-france.com\/wp-content\/uploads\/2020\/11\/AMBIANCE_CLASSE7-400x267.jpg 400w\" sizes=\"(max-width: 300px) 100vw, 300px\" \/><\/div><\/a>\n\t\t\t\t<div class=\"elementor-post__text\">\n\t\t\t\t<h3 class=\"elementor-post__title\">\n\t\t\t<a href=\"https:\/\/lsf-france.com\/fr\/informations\/faq\/\" >\n\t\t\t\tFAQ\t\t\t<\/a>\n\t\t<\/h3>\n\t\t\t\t<div class=\"elementor-post__excerpt\">\n\t\t\t<p>Foire Aux Questions R\u00e9server votre s\u00e9jour \u00e0 LSF 1. Comment r\u00e9server mes cours de fran\u00e7ais et mon h\u00e9bergement \u00e0 LSF ? 2. Comment payer mes cours et mon h\u00e9bergement ? 3. Quel est l\u2019\u00e2ge minimum des \u00e9tudiants \u00e0 l\u2019\u00e9cole ? 4. Comment faire si je d\u00e9cide sur place de prolonger mon s\u00e9jour \u00e0 LSF ? 5. Quelle est la date<\/p>\n\t\t<\/div>\n\t\t\n\t\t<a class=\"elementor-post__read-more\" href=\"https:\/\/lsf-france.com\/fr\/informations\/faq\/\" aria-label=\"En savoir plus sur FAQ\" tabindex=\"-1\" >\n\t\t\tLire la suite \u00bb\t\t<\/a>\n\n\t\t\t\t<\/div>\n\t\t\t\t\t<\/div>\n\t\t<\/article>\n\t\t\t\t<article class=\"elementor-post elementor-grid-item post-34037 page type-page status-publish has-post-thumbnail hentry\" role=\"listitem\">\n\t\t\t<div class=\"elementor-post__card\">\n\t\t\t\t<a class=\"elementor-post__thumbnail__link\" href=\"https:\/\/lsf-france.com\/fr\/informations\/certificat-de-fin-detudes\/\" tabindex=\"-1\" ><div class=\"elementor-post__thumbnail\"><img loading=\"lazy\" decoding=\"async\" width=\"300\" height=\"212\" src=\"https:\/\/lsf-france.com\/wp-content\/uploads\/2024\/09\/KLF_CERTIFICATE_LSFIEF_PRINT2-300x212.jpg\" class=\"attachment-medium size-medium wp-image-411723\" alt=\"\" srcset=\"https:\/\/lsf-france.com\/wp-content\/uploads\/2024\/09\/KLF_CERTIFICATE_LSFIEF_PRINT2-300x212.jpg 300w, https:\/\/lsf-france.com\/wp-content\/uploads\/2024\/09\/KLF_CERTIFICATE_LSFIEF_PRINT2.jpg 767w\" sizes=\"(max-width: 300px) 100vw, 300px\" \/><\/div><\/a>\n\t\t\t\t<div class=\"elementor-post__text\">\n\t\t\t\t<h3 class=\"elementor-post__title\">\n\t\t\t<a href=\"https:\/\/lsf-france.com\/fr\/informations\/certificat-de-fin-detudes\/\" >\n\t\t\t\tCertificat de fin d&rsquo;\u00e9tudes\t\t\t<\/a>\n\t\t<\/h3>\n\t\t\t\t<div class=\"elementor-post__excerpt\">\n\t\t\t<p>Certificat indiquant le niveau de langue atteint apr\u00e8s les cours de fran\u00e7ais \u00e0 LSF A la fin de votre cours de fran\u00e7ais \u00e0 LSF, vous recevrez un dipl\u00f4me attestant de votre assiduit\u00e9 et de votre niveau de fran\u00e7ais. Le certificat indiquera la dur\u00e9e de votre s\u00e9jour et le niveau de langue atteint selon le Cadre europ\u00e9en commun de r\u00e9f\u00e9rence pour<\/p>\n\t\t<\/div>\n\t\t\n\t\t<a class=\"elementor-post__read-more\" href=\"https:\/\/lsf-france.com\/fr\/informations\/certificat-de-fin-detudes\/\" aria-label=\"En savoir plus sur Certificat de fin d&rsquo;\u00e9tudes\" tabindex=\"-1\" >\n\t\t\tLire la suite \u00bb\t\t<\/a>\n\n\t\t\t\t<\/div>\n\t\t\t\t\t<\/div>\n\t\t<\/article>\n\t\t\t\t<article class=\"elementor-post elementor-grid-item post-34035 page type-page status-publish has-post-thumbnail hentry\" role=\"listitem\">\n\t\t\t<div class=\"elementor-post__card\">\n\t\t\t\t<a class=\"elementor-post__thumbnail__link\" href=\"https:\/\/lsf-france.com\/fr\/informations\/venir-a-montpellier\/\" tabindex=\"-1\" ><div class=\"elementor-post__thumbnail\"><img loading=\"lazy\" decoding=\"async\" width=\"300\" height=\"146\" src=\"https:\/\/lsf-france.com\/wp-content\/uploads\/2019\/04\/entree-du-parc.jpg\" class=\"attachment-medium size-medium wp-image-35904\" alt=\"\" \/><\/div><\/a>\n\t\t\t\t<div class=\"elementor-post__text\">\n\t\t\t\t<h3 class=\"elementor-post__title\">\n\t\t\t<a href=\"https:\/\/lsf-france.com\/fr\/informations\/venir-a-montpellier\/\" >\n\t\t\t\tVenir \u00e0 Montpellier\t\t\t<\/a>\n\t\t<\/h3>\n\t\t\t\t<div class=\"elementor-post__excerpt\">\n\t\t\t<p>Voyager en avion L\u2019a\u00e9roport international de Montpellier se trouve \u00e0 seulement 8 kms du centre-ville de Montpellier. Les navettes et taxis entre l\u2019a\u00e9roport et le centre-ville sont tr\u00e8s fr\u00e9quents. Il existe des liaisons a\u00e9riennes directes pour Montpellier en provenance de plusieurs villes europ\u00e9ennes, ou via Paris ou Lyon. Environ 12 vols quotidiens relient Paris \u00e0 Montpellier (en seulement une heure<\/p>\n\t\t<\/div>\n\t\t\n\t\t<a class=\"elementor-post__read-more\" href=\"https:\/\/lsf-france.com\/fr\/informations\/venir-a-montpellier\/\" aria-label=\"En savoir plus sur Venir \u00e0 Montpellier\" tabindex=\"-1\" >\n\t\t\tLire la suite \u00bb\t\t<\/a>\n\n\t\t\t\t<\/div>\n\t\t\t\t\t<\/div>\n\t\t<\/article>\n\t\t\t\t<\/div>\n\t\t\n\t\t\t\t\t\t<\/div>\n\t\t\t\t<\/div>\n\t\t\t\t\t<\/div>\n\t\t<\/div>\n\t\t\t\t\t<\/div>\n\t\t<\/section>\n\t\t\t\t<\/div>\n\t\t","protected":false},"excerpt":{"rendered":"","protected":false},"author":1,"featured_media":0,"parent":0,"menu_order":0,"comment_status":"closed","ping_status":"closed","template":"","meta":{"_acf_changed":false,"content-type":"","footnotes":""},"class_list":["post-34033","page","type-page","status-publish","hentry"],"acf":[],"_links":{"self":[{"href":"https:\/\/lsf-france.com\/fr\/wp-json\/wp\/v2\/pages\/34033","targetHints":{"allow":["GET"]}}],"collection":[{"href":"https:\/\/lsf-france.com\/fr\/wp-json\/wp\/v2\/pages"}],"about":[{"href":"https:\/\/lsf-france.com\/fr\/wp-json\/wp\/v2\/types\/page"}],"author":[{"embeddable":true,"href":"https:\/\/lsf-france.com\/fr\/wp-json\/wp\/v2\/users\/1"}],"replies":[{"embeddable":true,"href":"https:\/\/lsf-france.com\/fr\/wp-json\/wp\/v2\/comments?post=34033"}],"version-history":[{"count":0,"href":"https:\/\/lsf-france.com\/fr\/wp-json\/wp\/v2\/pages\/34033\/revisions"}],"wp:attachment":[{"href":"https:\/\/lsf-france.com\/fr\/wp-json\/wp\/v2\/media?parent=34033"}],"curies":[{"name":"wp","href":"https:\/\/api.w.org\/{rel}","templated":true}]}}