{"id":34037,"date":"2018-11-02T12:49:02","date_gmt":"2018-11-02T11:49:02","guid":{"rendered":"http:\/\/dev.lsf-france.com\/informations\/certificat-de-fin-detudes\/"},"modified":"2024-09-03T14:30:35","modified_gmt":"2024-09-03T12:30:35","slug":"certificat-de-fin-detudes","status":"publish","type":"page","link":"https:\/\/lsf-france.com\/fr\/informations\/certificat-de-fin-detudes\/","title":{"rendered":"Certificat de fin d&rsquo;\u00e9tudes"},"content":{"rendered":"\t\t<div data-elementor-type=\"wp-page\" data-elementor-id=\"34037\" class=\"elementor elementor-34037 elementor-32752\" data-elementor-post-type=\"page\">\n\t\t\t\t\t\t<section class=\"elementor-section elementor-top-section elementor-element elementor-element-59c0191 elementor-section-boxed elementor-section-height-default elementor-section-height-default\" data-id=\"59c0191\" data-element_type=\"section\" data-e-type=\"section\">\n\t\t\t\t\t\t<div class=\"elementor-container elementor-column-gap-default\">\n\t\t\t\t\t<div class=\"elementor-column elementor-col-50 elementor-top-column elementor-element elementor-element-9c5552d\" data-id=\"9c5552d\" data-element_type=\"column\" data-e-type=\"column\">\n\t\t\t<div class=\"elementor-widget-wrap elementor-element-populated\">\n\t\t\t\t\t\t<div class=\"elementor-element elementor-element-a816984 elementor-widget elementor-widget-heading\" data-id=\"a816984\" data-element_type=\"widget\" data-e-type=\"widget\" data-widget_type=\"heading.default\">\n\t\t\t\t<div class=\"elementor-widget-container\">\n\t\t\t\t\t<h2 class=\"elementor-heading-title elementor-size-default\">Certificat indiquant le niveau de langue atteint apr\u00e8s les cours de fran\u00e7ais \u00e0 LSF<\/h2>\t\t\t\t<\/div>\n\t\t\t\t<\/div>\n\t\t\t\t<div class=\"elementor-element elementor-element-a561b6e elementor-widget elementor-widget-text-editor\" data-id=\"a561b6e\" data-element_type=\"widget\" data-e-type=\"widget\" data-widget_type=\"text-editor.default\">\n\t\t\t\t<div class=\"elementor-widget-container\">\n\t\t\t\t\t\t\t\t\t<p>A la fin de votre cours de fran\u00e7ais \u00e0 LSF, vous recevrez un dipl\u00f4me attestant de votre assiduit\u00e9 et de votre niveau de fran\u00e7ais. Le certificat indiquera la dur\u00e9e de votre s\u00e9jour et le niveau de langue atteint selon le Cadre europ\u00e9en commun de r\u00e9f\u00e9rence pour les langues (CECR). Votre niveau sera d\u00e9fini par vos professeurs en fonction des progr\u00e8s que vous aurez r\u00e9alis\u00e9s lors de vos cours de fran\u00e7ais chez LSF.<\/p>\n<p>Si vous souhaitez obtenir une certification internationalement reconnue de votre niveau de fran\u00e7ais d\u00e9livr\u00e9e par le Minist\u00e8re de l\u2019Education Nationale, nous vous recommandons de passer le DELF ou le DALF apr\u00e8s vous \u00eatre pr\u00e9par\u00e9 \u00e0 l\u2019examen avec notre cours de pr\u00e9paration \u00e0 l\u2019examen DELF DALF.<\/p>\n\t\t\t\t\t\t\t\t<\/div>\n\t\t\t\t<\/div>\n\t\t\t\t\t<\/div>\n\t\t<\/div>\n\t\t\t\t<div class=\"elementor-column elementor-col-50 elementor-top-column elementor-element elementor-element-f8f1b87\" data-id=\"f8f1b87\" data-element_type=\"column\" data-e-type=\"column\">\n\t\t\t<div class=\"elementor-widget-wrap elementor-element-populated\">\n\t\t\t\t\t\t<div class=\"elementor-element elementor-element-2d257e9 elementor-widget elementor-widget-image\" data-id=\"2d257e9\" data-element_type=\"widget\" data-e-type=\"widget\" data-widget_type=\"image.default\">\n\t\t\t\t<div class=\"elementor-widget-container\">\n\t\t\t\t\t\t\t\t\t\t\t\t\t\t\t<img fetchpriority=\"high\" decoding=\"async\" width=\"767\" height=\"542\" src=\"https:\/\/lsf-france.com\/wp-content\/uploads\/2024\/09\/KLF_CERTIFICATE_LSFIEF_PRINT2.jpg\" class=\"attachment-large size-large wp-image-411723\" alt=\"\" srcset=\"https:\/\/lsf-france.com\/wp-content\/uploads\/2024\/09\/KLF_CERTIFICATE_LSFIEF_PRINT2.jpg 767w, https:\/\/lsf-france.com\/wp-content\/uploads\/2024\/09\/KLF_CERTIFICATE_LSFIEF_PRINT2-300x212.jpg 300w\" sizes=\"(max-width: 767px) 100vw, 767px\" \/>\t\t\t\t\t\t\t\t\t\t\t\t\t\t\t<\/div>\n\t\t\t\t<\/div>\n\t\t\t\t\t<\/div>\n\t\t<\/div>\n\t\t\t\t\t<\/div>\n\t\t<\/section>\n\t\t\t\t<\/div>\n\t\t","protected":false},"excerpt":{"rendered":"<p>Certificat indiquant le niveau de langue atteint apr\u00e8s les cours de fran\u00e7ais \u00e0 LSF A la fin de votre cours de fran\u00e7ais \u00e0 LSF, vous recevrez un dipl\u00f4me attestant de [&hellip;]<\/p>\n","protected":false},"author":1,"featured_media":411723,"parent":34033,"menu_order":0,"comment_status":"closed","ping_status":"closed","template":"","meta":{"_acf_changed":false,"content-type":"","footnotes":""},"class_list":["post-34037","page","type-page","status-publish","has-post-thumbnail","hentry"],"acf":[],"_links":{"self":[{"href":"https:\/\/lsf-france.com\/fr\/wp-json\/wp\/v2\/pages\/34037","targetHints":{"allow":["GET"]}}],"collection":[{"href":"https:\/\/lsf-france.com\/fr\/wp-json\/wp\/v2\/pages"}],"about":[{"href":"https:\/\/lsf-france.com\/fr\/wp-json\/wp\/v2\/types\/page"}],"author":[{"embeddable":true,"href":"https:\/\/lsf-france.com\/fr\/wp-json\/wp\/v2\/users\/1"}],"replies":[{"embeddable":true,"href":"https:\/\/lsf-france.com\/fr\/wp-json\/wp\/v2\/comments?post=34037"}],"version-history":[{"count":4,"href":"https:\/\/lsf-france.com\/fr\/wp-json\/wp\/v2\/pages\/34037\/revisions"}],"predecessor-version":[{"id":411750,"href":"https:\/\/lsf-france.com\/fr\/wp-json\/wp\/v2\/pages\/34037\/revisions\/411750"}],"up":[{"embeddable":true,"href":"https:\/\/lsf-france.com\/fr\/wp-json\/wp\/v2\/pages\/34033"}],"wp:featuredmedia":[{"embeddable":true,"href":"https:\/\/lsf-france.com\/fr\/wp-json\/wp\/v2\/media\/411723"}],"wp:attachment":[{"href":"https:\/\/lsf-france.com\/fr\/wp-json\/wp\/v2\/media?parent=34037"}],"curies":[{"name":"wp","href":"https:\/\/api.w.org\/{rel}","templated":true}]}}