{"id":34045,"date":"2018-09-07T15:47:26","date_gmt":"2018-09-07T13:47:26","guid":{"rendered":"http:\/\/dev.lsf-france.com\/a-propos\/"},"modified":"2021-07-15T14:03:18","modified_gmt":"2021-07-15T12:03:18","slug":"a-propos","status":"publish","type":"page","link":"https:\/\/lsf-france.com\/fr\/a-propos\/","title":{"rendered":"LSF"},"content":{"rendered":"\t\t<div data-elementor-type=\"wp-page\" data-elementor-id=\"34045\" class=\"elementor elementor-34045 elementor-773\" data-elementor-post-type=\"page\">\n\t\t\t\t\t\t<section class=\"elementor-section elementor-top-section elementor-element elementor-element-3368c68 elementor-section-boxed elementor-section-height-default elementor-section-height-default\" data-id=\"3368c68\" data-element_type=\"section\" data-e-type=\"section\">\n\t\t\t\t\t\t<div class=\"elementor-container elementor-column-gap-default\">\n\t\t\t\t\t<div class=\"elementor-column elementor-col-100 elementor-top-column elementor-element elementor-element-2b2eb3d\" data-id=\"2b2eb3d\" data-element_type=\"column\" data-e-type=\"column\">\n\t\t\t<div class=\"elementor-widget-wrap elementor-element-populated\">\n\t\t\t\t\t\t<div class=\"elementor-element elementor-element-19c5f60 elementor-grid-3 elementor-grid-tablet-2 elementor-grid-mobile-1 elementor-posts--thumbnail-top elementor-card-shadow-yes elementor-posts__hover-gradient elementor-widget elementor-widget-posts\" data-id=\"19c5f60\" data-element_type=\"widget\" data-e-type=\"widget\" data-settings=\"{&quot;cards_columns&quot;:&quot;3&quot;,&quot;cards_columns_tablet&quot;:&quot;2&quot;,&quot;cards_columns_mobile&quot;:&quot;1&quot;,&quot;cards_row_gap&quot;:{&quot;unit&quot;:&quot;px&quot;,&quot;size&quot;:35,&quot;sizes&quot;:[]},&quot;cards_row_gap_tablet&quot;:{&quot;unit&quot;:&quot;px&quot;,&quot;size&quot;:&quot;&quot;,&quot;sizes&quot;:[]},&quot;cards_row_gap_mobile&quot;:{&quot;unit&quot;:&quot;px&quot;,&quot;size&quot;:&quot;&quot;,&quot;sizes&quot;:[]}}\" data-widget_type=\"posts.cards\">\n\t\t\t\t<div class=\"elementor-widget-container\">\n\t\t\t\t\t\t\t<div class=\"elementor-posts-container elementor-posts elementor-posts--skin-cards elementor-grid\" role=\"list\">\n\t\t\t\t<article class=\"elementor-post elementor-grid-item post-34933 page type-page status-publish hentry\" role=\"listitem\">\n\t\t\t<div class=\"elementor-post__card\">\n\t\t\t\t<div class=\"elementor-post__text\">\n\t\t\t\t<h3 class=\"elementor-post__title\">\n\t\t\t<a href=\"https:\/\/lsf-france.com\/fr\/a-propos\/medias\/\" >\n\t\t\t\tM\u00e9dias\t\t\t<\/a>\n\t\t<\/h3>\n\t\t\t\t<div class=\"elementor-post__excerpt\">\n\t\t\t<p>\u00c0 l&rsquo;\u00e9cole D\u00e9couvrez l&rsquo;\u00e9cole LSF, ses salles de classe, son ambiance et ses professeurs. LSF garden Classe LSF FRENCH FOR CLOSED GROUPS pres COURS DE FRANCAIS POUR ADULTES LSF Intensive French Courses Intensive immersion courses A level one to one Groups Birthday Repas formation dans votre centre Nos formateurs se de\u0301placent 6 Nos formateurs se de\u0301placent 5 Formation FLE e\u0301te\u0301<\/p>\n\t\t<\/div>\n\t\t\n\t\t<a class=\"elementor-post__read-more\" href=\"https:\/\/lsf-france.com\/fr\/a-propos\/medias\/\" aria-label=\"En savoir plus sur M\u00e9dias\" tabindex=\"-1\" >\n\t\t\tLire la suite \u00bb\t\t<\/a>\n\n\t\t\t\t<\/div>\n\t\t\t\t\t<\/div>\n\t\t<\/article>\n\t\t\t\t<article class=\"elementor-post elementor-grid-item post-34296 page type-page status-publish hentry\" role=\"listitem\">\n\t\t\t<div class=\"elementor-post__card\">\n\t\t\t\t<div class=\"elementor-post__text\">\n\t\t\t\t<h3 class=\"elementor-post__title\">\n\t\t\t<a href=\"https:\/\/lsf-france.com\/fr\/a-propos\/equipe-lsf\/\" >\n\t\t\t\tL&rsquo;\u00e9quipe de LSF\t\t\t<\/a>\n\t\t<\/h3>\n\t\t\t\t<div class=\"elementor-post__excerpt\">\n\t\t\t<p>Notre \u00e9quipe administrative Eug\u00e9nie Directrice Eva Responsable p\u00e9dagogique Liora Accueil et activit\u00e9s Axelle Conseill\u00e8re p\u00e9dagogique Julie Conseill\u00e8re p\u00e9dagogique Yenifer Conseill\u00e8re p\u00e9dagogique Axel Coordinateur de s\u00e9jour Notre \u00e9quipe de professeurs de fran\u00e7ais Xavier Professeur de Fran\u00e7ais Floriane Professeur de Fran\u00e7ais Anissa Professeur de Fran\u00e7ais Claire Professeur de Fran\u00e7ais Malika Professeur de Fran\u00e7ais<\/p>\n\t\t<\/div>\n\t\t\n\t\t<a class=\"elementor-post__read-more\" href=\"https:\/\/lsf-france.com\/fr\/a-propos\/equipe-lsf\/\" aria-label=\"En savoir plus sur L&rsquo;\u00e9quipe de LSF\" tabindex=\"-1\" >\n\t\t\tLire la suite \u00bb\t\t<\/a>\n\n\t\t\t\t<\/div>\n\t\t\t\t\t<\/div>\n\t\t<\/article>\n\t\t\t\t<article class=\"elementor-post elementor-grid-item post-34293 page type-page status-publish has-post-thumbnail hentry\" role=\"listitem\">\n\t\t\t<div class=\"elementor-post__card\">\n\t\t\t\t<a class=\"elementor-post__thumbnail__link\" href=\"https:\/\/lsf-france.com\/fr\/a-propos\/lecole\/\" tabindex=\"-1\" ><div class=\"elementor-post__thumbnail\"><img fetchpriority=\"high\" decoding=\"async\" width=\"300\" height=\"200\" src=\"https:\/\/lsf-france.com\/wp-content\/uploads\/2018\/10\/Plan-de-travail-1-1.jpg\" class=\"attachment-medium size-medium wp-image-34158\" alt=\"\" srcset=\"https:\/\/lsf-france.com\/wp-content\/uploads\/2018\/10\/Plan-de-travail-1-1.jpg 1000w, https:\/\/lsf-france.com\/wp-content\/uploads\/2018\/10\/Plan-de-travail-1-1-600x400.jpg 600w\" sizes=\"(max-width: 300px) 100vw, 300px\" \/><\/div><\/a>\n\t\t\t\t<div class=\"elementor-post__text\">\n\t\t\t\t<h3 class=\"elementor-post__title\">\n\t\t\t<a href=\"https:\/\/lsf-france.com\/fr\/a-propos\/lecole\/\" >\n\t\t\t\tL&rsquo;\u00e9cole\t\t\t<\/a>\n\t\t<\/h3>\n\t\t\t\t<div class=\"elementor-post__excerpt\">\n\t\t\t<p>LSF Montpellier est un \u00e9tablissement priv\u00e9 d&rsquo;enseignement sup\u00e9rieur, l&rsquo;une des \u00e9coles de langue fran\u00e7aise les plus \u00e9tablies et les plus connues en France. Chaque ann\u00e9e, 2 800 \u00e9tudiants du monde entier nous rejoignent pour apprendre le fran\u00e7ais en France. Depuis 1996, LSF organise des s\u00e9jours linguistiques \u00e0 Montpellier pour les adultes et les juniors, les groupes et les particuliers, dans<\/p>\n\t\t<\/div>\n\t\t\n\t\t<a class=\"elementor-post__read-more\" href=\"https:\/\/lsf-france.com\/fr\/a-propos\/lecole\/\" aria-label=\"En savoir plus sur L&rsquo;\u00e9cole\" tabindex=\"-1\" >\n\t\t\tLire la suite \u00bb\t\t<\/a>\n\n\t\t\t\t<\/div>\n\t\t\t\t\t<\/div>\n\t\t<\/article>\n\t\t\t\t<article class=\"elementor-post elementor-grid-item post-34605 page type-page status-publish has-post-thumbnail hentry\" role=\"listitem\">\n\t\t\t<div class=\"elementor-post__card\">\n\t\t\t\t<a class=\"elementor-post__thumbnail__link\" href=\"https:\/\/lsf-france.com\/fr\/a-propos\/avis-lsf-montpellier\/\" tabindex=\"-1\" ><div class=\"elementor-post__thumbnail\"><img decoding=\"async\" width=\"300\" height=\"225\" src=\"https:\/\/lsf-france.com\/wp-content\/uploads\/2020\/01\/Nos-formateurs-se-de\u0301placent-6-300x225.jpg\" class=\"attachment-medium size-medium wp-image-382294\" alt=\"\" srcset=\"https:\/\/lsf-france.com\/wp-content\/uploads\/2020\/01\/Nos-formateurs-se-de\u0301placent-6-300x225.jpg 300w, https:\/\/lsf-france.com\/wp-content\/uploads\/2020\/01\/Nos-formateurs-se-de\u0301placent-6-600x450.jpg 600w, https:\/\/lsf-france.com\/wp-content\/uploads\/2020\/01\/Nos-formateurs-se-de\u0301placent-6-1024x768.jpg 1024w, https:\/\/lsf-france.com\/wp-content\/uploads\/2020\/01\/Nos-formateurs-se-de\u0301placent-6-768x576.jpg 768w, https:\/\/lsf-france.com\/wp-content\/uploads\/2020\/01\/Nos-formateurs-se-de\u0301placent-6-1536x1152.jpg 1536w, https:\/\/lsf-france.com\/wp-content\/uploads\/2020\/01\/Nos-formateurs-se-de\u0301placent-6-463x348.jpg 463w, https:\/\/lsf-france.com\/wp-content\/uploads\/2020\/01\/Nos-formateurs-se-de\u0301placent-6-640x480.jpg 640w, https:\/\/lsf-france.com\/wp-content\/uploads\/2020\/01\/Nos-formateurs-se-de\u0301placent-6-400x300.jpg 400w, https:\/\/lsf-france.com\/wp-content\/uploads\/2020\/01\/Nos-formateurs-se-de\u0301placent-6.jpg 2016w\" sizes=\"(max-width: 300px) 100vw, 300px\" \/><\/div><\/a>\n\t\t\t\t<div class=\"elementor-post__text\">\n\t\t\t\t<h3 class=\"elementor-post__title\">\n\t\t\t<a href=\"https:\/\/lsf-france.com\/fr\/a-propos\/avis-lsf-montpellier\/\" >\n\t\t\t\tCommentaires LSF Montpellier\t\t\t<\/a>\n\t\t<\/h3>\n\t\t\t\t<div class=\"elementor-post__excerpt\">\n\t\t\t<p>D\u00e9couvrez les avis des \u00e9tudiants qui sont venus \u00e0 LSF Montpellier ces derniers mois.<\/p>\n\t\t<\/div>\n\t\t\n\t\t<a class=\"elementor-post__read-more\" href=\"https:\/\/lsf-france.com\/fr\/a-propos\/avis-lsf-montpellier\/\" aria-label=\"En savoir plus sur Commentaires LSF Montpellier\" tabindex=\"-1\" >\n\t\t\tLire la suite \u00bb\t\t<\/a>\n\n\t\t\t\t<\/div>\n\t\t\t\t\t<\/div>\n\t\t<\/article>\n\t\t\t\t<article class=\"elementor-post elementor-grid-item post-34050 page type-page status-publish has-post-thumbnail hentry\" role=\"listitem\">\n\t\t\t<div class=\"elementor-post__card\">\n\t\t\t\t<a class=\"elementor-post__thumbnail__link\" href=\"https:\/\/lsf-france.com\/fr\/a-propos\/localisation\/\" tabindex=\"-1\" ><div class=\"elementor-post__thumbnail\"><img decoding=\"async\" width=\"300\" height=\"225\" src=\"https:\/\/lsf-france.com\/wp-content\/uploads\/2021\/03\/IMG-20190522-WA0001-300x225.jpg\" class=\"attachment-medium size-medium wp-image-391547\" alt=\"\" srcset=\"https:\/\/lsf-france.com\/wp-content\/uploads\/2021\/03\/IMG-20190522-WA0001-300x225.jpg 300w, https:\/\/lsf-france.com\/wp-content\/uploads\/2021\/03\/IMG-20190522-WA0001-600x450.jpg 600w, https:\/\/lsf-france.com\/wp-content\/uploads\/2021\/03\/IMG-20190522-WA0001-1024x768.jpg 1024w, https:\/\/lsf-france.com\/wp-content\/uploads\/2021\/03\/IMG-20190522-WA0001-768x576.jpg 768w, https:\/\/lsf-france.com\/wp-content\/uploads\/2021\/03\/IMG-20190522-WA0001-1536x1152.jpg 1536w, https:\/\/lsf-france.com\/wp-content\/uploads\/2021\/03\/IMG-20190522-WA0001-463x348.jpg 463w, https:\/\/lsf-france.com\/wp-content\/uploads\/2021\/03\/IMG-20190522-WA0001-640x480.jpg 640w, https:\/\/lsf-france.com\/wp-content\/uploads\/2021\/03\/IMG-20190522-WA0001-400x300.jpg 400w, https:\/\/lsf-france.com\/wp-content\/uploads\/2021\/03\/IMG-20190522-WA0001.jpg 1600w\" sizes=\"(max-width: 300px) 100vw, 300px\" \/><\/div><\/a>\n\t\t\t\t<div class=\"elementor-post__text\">\n\t\t\t\t<h3 class=\"elementor-post__title\">\n\t\t\t<a href=\"https:\/\/lsf-france.com\/fr\/a-propos\/localisation\/\" >\n\t\t\t\tLocalisation\t\t\t<\/a>\n\t\t<\/h3>\n\t\t\t\t<div class=\"elementor-post__excerpt\">\n\t\t\t<p>Emplacement de l\u2019\u00e9cole Notre \u00e9cole de fran\u00e7ais est situ\u00e9e au c\u0153ur du centre historique pi\u00e9ton de Montpellier, r\u00e9partie sur trois b\u00e2timents prestigieux, pour un total de 16 salles de classe. Notre \u00e9cole principale pour adultes se trouve au 6 rue Foch, pr\u00e8s de l\u2019Arc de Triomphe, et accueille des apprenants depuis 2014. LSF Saint-Guilhem est situ\u00e9e au 34 rue Saint-Guilhem,<\/p>\n\t\t<\/div>\n\t\t\n\t\t<a class=\"elementor-post__read-more\" href=\"https:\/\/lsf-france.com\/fr\/a-propos\/localisation\/\" aria-label=\"En savoir plus sur Localisation\" tabindex=\"-1\" >\n\t\t\tLire la suite \u00bb\t\t<\/a>\n\n\t\t\t\t<\/div>\n\t\t\t\t\t<\/div>\n\t\t<\/article>\n\t\t\t\t<article class=\"elementor-post elementor-grid-item post-34052 page type-page status-publish has-post-thumbnail hentry\" role=\"listitem\">\n\t\t\t<div class=\"elementor-post__card\">\n\t\t\t\t<a class=\"elementor-post__thumbnail__link\" href=\"https:\/\/lsf-france.com\/fr\/a-propos\/pourquoi-venir-a-lsf\/\" tabindex=\"-1\" ><div class=\"elementor-post__thumbnail\"><img loading=\"lazy\" decoding=\"async\" width=\"300\" height=\"200\" src=\"https:\/\/lsf-france.com\/wp-content\/uploads\/2021\/04\/BLOG-COUVERTURE-3-300x200.jpg\" class=\"attachment-medium size-medium wp-image-392451\" alt=\"d\u00e9confinement\" srcset=\"https:\/\/lsf-france.com\/wp-content\/uploads\/2021\/04\/BLOG-COUVERTURE-3-300x200.jpg 300w, https:\/\/lsf-france.com\/wp-content\/uploads\/2021\/04\/BLOG-COUVERTURE-3-600x400.jpg 600w, https:\/\/lsf-france.com\/wp-content\/uploads\/2021\/04\/BLOG-COUVERTURE-3-1024x683.jpg 1024w, https:\/\/lsf-france.com\/wp-content\/uploads\/2021\/04\/BLOG-COUVERTURE-3-768x512.jpg 768w, https:\/\/lsf-france.com\/wp-content\/uploads\/2021\/04\/BLOG-COUVERTURE-3-1600x1067.jpg 1600w, https:\/\/lsf-france.com\/wp-content\/uploads\/2021\/04\/BLOG-COUVERTURE-3-1536x1024.jpg 1536w, https:\/\/lsf-france.com\/wp-content\/uploads\/2021\/04\/BLOG-COUVERTURE-3-2048x1366.jpg 2048w, https:\/\/lsf-france.com\/wp-content\/uploads\/2021\/04\/BLOG-COUVERTURE-3-640x427.jpg 640w, https:\/\/lsf-france.com\/wp-content\/uploads\/2021\/04\/BLOG-COUVERTURE-3-400x267.jpg 400w\" sizes=\"(max-width: 300px) 100vw, 300px\" \/><\/div><\/a>\n\t\t\t\t<div class=\"elementor-post__text\">\n\t\t\t\t<h3 class=\"elementor-post__title\">\n\t\t\t<a href=\"https:\/\/lsf-france.com\/fr\/a-propos\/pourquoi-venir-a-lsf\/\" >\n\t\t\t\tPourquoi venir \u00e0 LSF ?\t\t\t<\/a>\n\t\t<\/h3>\n\t\t\t\t<div class=\"elementor-post__excerpt\">\n\t\t\t<p>Choisir l&rsquo;\u00e9cole de langue fran\u00e7aise LSF 20 salles de classe climatis\u00e9es situ\u00e9es dans des b\u00e2timents prestigieux du centre historique de Montpellier. Cours adultes ET cours juniors : LSF est la seule \u00e9cole de Montpellier \u00e0 proposer des cours de vacances pour les juniors ainsi que des cours pour adultes toute l&rsquo;ann\u00e9e, dans des centres s\u00e9par\u00e9s. Un lieu d&rsquo;\u00e9tude id\u00e9al pour<\/p>\n\t\t<\/div>\n\t\t\n\t\t<a class=\"elementor-post__read-more\" href=\"https:\/\/lsf-france.com\/fr\/a-propos\/pourquoi-venir-a-lsf\/\" aria-label=\"En savoir plus sur Pourquoi venir \u00e0 LSF ?\" tabindex=\"-1\" >\n\t\t\tLire la suite \u00bb\t\t<\/a>\n\n\t\t\t\t<\/div>\n\t\t\t\t\t<\/div>\n\t\t<\/article>\n\t\t\t\t<article class=\"elementor-post elementor-grid-item post-34047 page type-page status-publish hentry\" role=\"listitem\">\n\t\t\t<div class=\"elementor-post__card\">\n\t\t\t\t<div class=\"elementor-post__text\">\n\t\t\t\t<h3 class=\"elementor-post__title\">\n\t\t\t<a href=\"https:\/\/lsf-france.com\/fr\/blog\/\" >\n\t\t\t\tBlog LSF Montpellier\t\t\t<\/a>\n\t\t<\/h3>\n\t\t\t\t<div class=\"elementor-post__excerpt\">\n\t\t\t<p>[vc_row css=\u00a0\u00bb.vc_custom_1590740721756{margin-top: 35px !important;}\u00a0\u00bb][vc_column][vc_column_text] D\u00e9couvrez la vie de l&rsquo;\u00e9cole, les derni\u00e8res nouvelles de LSF et des choses \u00e0 savoir sur la langue et la culture fran\u00e7aises. [\/vc_column_text][\/vc_column][\/vc_row][vc_row css=\u00a0\u00bb.vc_custom_1541158463892{margin-top: 20px !important;}\u00a0\u00bb][vc_column width=\u00a0\u00bb5\/6&Prime;][porto_blog post_layout=\u00a0\u00bbgrid\u00a0\u00bb number=\u00a0\u00bb12&Prime; view_more=\u00a0\u00bbshow\u00a0\u00bb image_size=\u00a0\u00bbblog-medium\u00a0\u00bb excerpt_length=\u00a0\u00bb10&Prime;][\/vc_column][vc_column width=\u00a0\u00bb1\/6&Prime; css=\u00a0\u00bb.vc_custom_1590739643404{padding: 15px !important;background-color: #f2f2f2 !important;border-radius: 3px !important;}\u00a0\u00bb][vc_widget_sidebar sidebar_id=\u00a0\u00bbblog-sidebar\u00a0\u00bb][\/vc_column][\/vc_row]<\/p>\n\t\t<\/div>\n\t\t\n\t\t<a class=\"elementor-post__read-more\" href=\"https:\/\/lsf-france.com\/fr\/blog\/\" aria-label=\"En savoir plus sur Blog LSF Montpellier\" tabindex=\"-1\" >\n\t\t\tLire la suite \u00bb\t\t<\/a>\n\n\t\t\t\t<\/div>\n\t\t\t\t\t<\/div>\n\t\t<\/article>\n\t\t\t\t<article class=\"elementor-post elementor-grid-item post-34048 page type-page status-publish hentry\" role=\"listitem\">\n\t\t\t<div class=\"elementor-post__card\">\n\t\t\t\t<div class=\"elementor-post__text\">\n\t\t\t\t<h3 class=\"elementor-post__title\">\n\t\t\t<a href=\"https:\/\/lsf-france.com\/fr\/contactez-nous\/\" >\n\t\t\t\tContactez Nous\t\t\t<\/a>\n\t\t<\/h3>\n\t\t\t\t<div class=\"elementor-post__excerpt\">\n\t\t\t<p>Information 6 rue Foch34000 MontpellierFRANCE T\u00e9l\u00e9phone : +33 4 67 91 31 60 Fax : +33 4 67 91 31 61 Email: contact@lsf-france.com exam@klf-france.com Si vous souhaitez obtenir un devis veuillez indiquer le cours, le type d&rsquo; h\u00e9bergement et la dur\u00e9e qui vous int\u00e9resse, et nous vous r\u00e9pondrons dans les plus brefs d\u00e9lais. Contactez-nous<\/p>\n\t\t<\/div>\n\t\t\n\t\t<a class=\"elementor-post__read-more\" href=\"https:\/\/lsf-france.com\/fr\/contactez-nous\/\" aria-label=\"En savoir plus sur Contactez Nous\" tabindex=\"-1\" >\n\t\t\tLire la suite \u00bb\t\t<\/a>\n\n\t\t\t\t<\/div>\n\t\t\t\t\t<\/div>\n\t\t<\/article>\n\t\t\t\t<\/div>\n\t\t\n\t\t\t\t\t\t<\/div>\n\t\t\t\t<\/div>\n\t\t\t\t\t<\/div>\n\t\t<\/div>\n\t\t\t\t\t<\/div>\n\t\t<\/section>\n\t\t\t\t<\/div>\n\t\t","protected":false},"excerpt":{"rendered":"","protected":false},"author":1,"featured_media":0,"parent":0,"menu_order":0,"comment_status":"closed","ping_status":"closed","template":"","meta":{"_acf_changed":false,"content-type":"","footnotes":""},"class_list":["post-34045","page","type-page","status-publish","hentry"],"acf":[],"_links":{"self":[{"href":"https:\/\/lsf-france.com\/fr\/wp-json\/wp\/v2\/pages\/34045","targetHints":{"allow":["GET"]}}],"collection":[{"href":"https:\/\/lsf-france.com\/fr\/wp-json\/wp\/v2\/pages"}],"about":[{"href":"https:\/\/lsf-france.com\/fr\/wp-json\/wp\/v2\/types\/page"}],"author":[{"embeddable":true,"href":"https:\/\/lsf-france.com\/fr\/wp-json\/wp\/v2\/users\/1"}],"replies":[{"embeddable":true,"href":"https:\/\/lsf-france.com\/fr\/wp-json\/wp\/v2\/comments?post=34045"}],"version-history":[{"count":0,"href":"https:\/\/lsf-france.com\/fr\/wp-json\/wp\/v2\/pages\/34045\/revisions"}],"wp:attachment":[{"href":"https:\/\/lsf-france.com\/fr\/wp-json\/wp\/v2\/media?parent=34045"}],"curies":[{"name":"wp","href":"https:\/\/api.w.org\/{rel}","templated":true}]}}