{"id":34048,"date":"2018-06-14T12:32:44","date_gmt":"2018-06-14T10:32:44","guid":{"rendered":"http:\/\/dev.lsf-france.com\/contactez-nous\/"},"modified":"2026-02-13T12:46:43","modified_gmt":"2026-02-13T11:46:43","slug":"contactez-nous","status":"publish","type":"page","link":"https:\/\/lsf-france.com\/fr\/contactez-nous\/","title":{"rendered":"Contactez Nous"},"content":{"rendered":"\t\t<div data-elementor-type=\"wp-page\" data-elementor-id=\"34048\" class=\"elementor elementor-34048 elementor-368\" data-elementor-post-type=\"page\">\n\t\t\t\t\t\t<section class=\"elementor-section elementor-top-section elementor-element elementor-element-8a0546a elementor-section-boxed elementor-section-height-default elementor-section-height-default\" data-id=\"8a0546a\" data-element_type=\"section\" data-e-type=\"section\">\n\t\t\t\t\t\t<div class=\"elementor-container elementor-column-gap-default\">\n\t\t\t\t\t<div class=\"elementor-column elementor-col-50 elementor-top-column elementor-element elementor-element-3370edf\" data-id=\"3370edf\" data-element_type=\"column\" data-e-type=\"column\">\n\t\t\t<div class=\"elementor-widget-wrap elementor-element-populated\">\n\t\t\t\t\t\t<div class=\"elementor-element elementor-element-5a11ffe elementor-widget elementor-widget-heading\" data-id=\"5a11ffe\" data-element_type=\"widget\" data-e-type=\"widget\" data-widget_type=\"heading.default\">\n\t\t\t\t<div class=\"elementor-widget-container\">\n\t\t\t\t\t<h2 class=\"elementor-heading-title elementor-size-default\">Information<\/h2>\t\t\t\t<\/div>\n\t\t\t\t<\/div>\n\t\t\t\t<div class=\"elementor-element elementor-element-d65f681 elementor-widget elementor-widget-text-editor\" data-id=\"d65f681\" data-element_type=\"widget\" data-e-type=\"widget\" data-widget_type=\"text-editor.default\">\n\t\t\t\t<div class=\"elementor-widget-container\">\n\t\t\t\t\t\t\t\t\t<p>6 rue Foch<br>34000 Montpellier<br>FRANCE<\/p><p>T\u00e9l\u00e9phone : +33 4 67 91 31 60<br> Fax : +33 4 67 91 31 61<\/p><p><strong>Email:<\/strong> contact@lsf-france.com <br>exam@klf-france.com<\/p><p> <\/p><p>Si vous souhaitez obtenir un devis veuillez indiquer le<strong> cours<\/strong>, le type d&rsquo; <strong>h\u00e9bergement<\/strong> et la <strong>dur\u00e9e<\/strong> qui vous int\u00e9resse, et nous vous r\u00e9pondrons dans les plus brefs d\u00e9lais.<\/p>\t\t\t\t\t\t\t\t<\/div>\n\t\t\t\t<\/div>\n\t\t\t\t<div class=\"elementor-element elementor-element-26c458a elementor-widget elementor-widget-google_maps\" data-id=\"26c458a\" data-element_type=\"widget\" data-e-type=\"widget\" data-widget_type=\"google_maps.default\">\n\t\t\t\t<div class=\"elementor-widget-container\">\n\t\t\t\t\t\t\t<div class=\"elementor-custom-embed\">\n\t\t\t<iframe loading=\"lazy\"\n\t\t\t\t\tsrc=\"https:\/\/maps.google.com\/maps?q=LSF%20Montpellier&#038;t=m&#038;z=5&#038;output=embed&#038;iwloc=near\"\n\t\t\t\t\ttitle=\"LSF Montpellier\"\n\t\t\t\t\taria-label=\"LSF Montpellier\"\n\t\t\t><\/iframe>\n\t\t<\/div>\n\t\t\t\t\t\t<\/div>\n\t\t\t\t<\/div>\n\t\t\t\t\t<\/div>\n\t\t<\/div>\n\t\t\t\t<div class=\"elementor-column elementor-col-50 elementor-top-column elementor-element elementor-element-c65f024\" data-id=\"c65f024\" data-element_type=\"column\" data-e-type=\"column\">\n\t\t\t<div class=\"elementor-widget-wrap elementor-element-populated\">\n\t\t\t\t\t\t<div class=\"elementor-element elementor-element-fd6d241 elementor-widget elementor-widget-heading\" data-id=\"fd6d241\" data-element_type=\"widget\" data-e-type=\"widget\" data-widget_type=\"heading.default\">\n\t\t\t\t<div class=\"elementor-widget-container\">\n\t\t\t\t\t<h2 class=\"elementor-heading-title elementor-size-default\">Contactez-nous<\/h2>\t\t\t\t<\/div>\n\t\t\t\t<\/div>\n\t\t\t\t<div class=\"elementor-element elementor-element-5a037a8 elementor-widget elementor-widget-hubspot-form\" data-id=\"5a037a8\" data-element_type=\"widget\" data-e-type=\"widget\" data-widget_type=\"hubspot-form.default\">\n\t\t\t\t<div class=\"elementor-widget-container\">\n\t\t\t\t\t\n\t\t\t\t\t\t<script>\n\t\t\t\t\t\t\twindow.hsFormsOnReady = window.hsFormsOnReady || [];\n\t\t\t\t\t\t\twindow.hsFormsOnReady.push(()=>{\n\t\t\t\t\t\t\t\thbspt.forms.create({\n\t\t\t\t\t\t\t\t\tportalId: 2851295,\n\t\t\t\t\t\t\t\t\tformId: \"6f1a89e9-7b92-4547-aa33-fb3249899e61\",\n\t\t\t\t\t\t\t\t\ttarget: \"#hbspt-form-1778721534000-6176466141\",\n\t\t\t\t\t\t\t\t\tregion: \"na1\",\n\t\t\t\t\t\t\t\t\t\n\t\t\t\t\t\t\t})});\n\t\t\t\t\t\t<\/script>\n\t\t\t\t\t\t<div class=\"hbspt-form\" id=\"hbspt-form-1778721534000-6176466141\"><\/div>\t\t\t\t<\/div>\n\t\t\t\t<\/div>\n\t\t\t\t\t<\/div>\n\t\t<\/div>\n\t\t\t\t\t<\/div>\n\t\t<\/section>\n\t\t\t\t<section class=\"elementor-section elementor-top-section elementor-element elementor-element-54be513 elementor-section-boxed elementor-section-height-default elementor-section-height-default\" data-id=\"54be513\" data-element_type=\"section\" data-e-type=\"section\">\n\t\t\t\t\t\t<div class=\"elementor-container elementor-column-gap-default\">\n\t\t\t\t\t<div class=\"elementor-column elementor-col-100 elementor-top-column elementor-element elementor-element-9a0b858\" data-id=\"9a0b858\" data-element_type=\"column\" data-e-type=\"column\">\n\t\t\t<div class=\"elementor-widget-wrap elementor-element-populated\">\n\t\t\t\t\t\t<div class=\"elementor-element elementor-element-4658971 elementor-widget elementor-widget-google_maps\" data-id=\"4658971\" data-element_type=\"widget\" data-e-type=\"widget\" data-widget_type=\"google_maps.default\">\n\t\t\t\t<div class=\"elementor-widget-container\">\n\t\t\t\t\t\t\t<div class=\"elementor-custom-embed\">\n\t\t\t<iframe loading=\"lazy\"\n\t\t\t\t\tsrc=\"https:\/\/maps.google.com\/maps?q=LSF%20Montpellier&#038;t=m&#038;z=15&#038;output=embed&#038;iwloc=near\"\n\t\t\t\t\ttitle=\"LSF Montpellier\"\n\t\t\t\t\taria-label=\"LSF Montpellier\"\n\t\t\t><\/iframe>\n\t\t<\/div>\n\t\t\t\t\t\t<\/div>\n\t\t\t\t<\/div>\n\t\t\t\t\t<\/div>\n\t\t<\/div>\n\t\t\t\t\t<\/div>\n\t\t<\/section>\n\t\t\t\t<\/div>\n\t\t","protected":false},"excerpt":{"rendered":"<p>Information 6 rue Foch34000 MontpellierFRANCE T\u00e9l\u00e9phone : +33 4 67 91 31 60 Fax : +33 4 67 91 31 61 Email: contact@lsf-france.com exam@klf-france.com Si vous souhaitez obtenir un devis [&hellip;]<\/p>\n","protected":false},"author":1,"featured_media":0,"parent":0,"menu_order":0,"comment_status":"closed","ping_status":"closed","template":"","meta":{"_acf_changed":false,"content-type":"","footnotes":""},"class_list":["post-34048","page","type-page","status-publish","hentry"],"acf":[],"yoast_head":"<!-- This site is optimized with the Yoast SEO plugin v27.6 - https:\/\/yoast.com\/product\/yoast-seo-wordpress\/ -->\n<title>Contactez Nous - LSF | Learn French in South of France<\/title>\n<meta name=\"robots\" content=\"index, follow, max-snippet:-1, max-image-preview:large, max-video-preview:-1\" \/>\n<link rel=\"canonical\" href=\"https:\/\/lsf-france.com\/contact\/\" \/>\n<meta property=\"og:locale\" content=\"fr_FR\" \/>\n<meta property=\"og:type\" content=\"article\" \/>\n<meta property=\"og:title\" content=\"Contactez Nous - LSF | Learn French in South of France\" \/>\n<meta property=\"og:description\" content=\"Information 6 rue Foch34000 MontpellierFRANCE T\u00e9l\u00e9phone : +33 4 67 91 31 60 Fax : +33 4 67 91 31 61 Email: contact@lsf-france.com exam@klf-france.com Si vous souhaitez obtenir un devis [&hellip;]\" \/>\n<meta property=\"og:url\" content=\"https:\/\/lsf-france.com\/contact\/\" \/>\n<meta property=\"og:site_name\" content=\"LSF | Learn French in South of France\" \/>\n<meta property=\"article:modified_time\" content=\"2026-02-13T11:46:43+00:00\" \/>\n<meta name=\"twitter:card\" content=\"summary_large_image\" \/>\n<script type=\"application\/ld+json\" class=\"yoast-schema-graph\">{\"@context\":\"https:\\\/\\\/schema.org\",\"@graph\":[{\"@type\":\"WebPage\",\"@id\":\"https:\\\/\\\/lsf-france.com\\\/contact\\\/\",\"url\":\"https:\\\/\\\/lsf-france.com\\\/contact\\\/\",\"name\":\"Contactez Nous - LSF | Learn French in South of France\",\"isPartOf\":{\"@id\":\"https:\\\/\\\/lsf-france.com\\\/es\\\/#website\"},\"datePublished\":\"2018-06-14T10:32:44+00:00\",\"dateModified\":\"2026-02-13T11:46:43+00:00\",\"breadcrumb\":{\"@id\":\"https:\\\/\\\/lsf-france.com\\\/contact\\\/#breadcrumb\"},\"inLanguage\":\"fr-FR\",\"potentialAction\":[{\"@type\":\"ReadAction\",\"target\":[\"https:\\\/\\\/lsf-france.com\\\/contact\\\/\"]}]},{\"@type\":\"BreadcrumbList\",\"@id\":\"https:\\\/\\\/lsf-france.com\\\/contact\\\/#breadcrumb\",\"itemListElement\":[{\"@type\":\"ListItem\",\"position\":1,\"name\":\"Home\",\"item\":\"https:\\\/\\\/lsf-france.com\\\/fr\\\/\"},{\"@type\":\"ListItem\",\"position\":2,\"name\":\"Contactez Nous\"}]},{\"@type\":\"WebSite\",\"@id\":\"https:\\\/\\\/lsf-france.com\\\/es\\\/#website\",\"url\":\"https:\\\/\\\/lsf-france.com\\\/es\\\/\",\"name\":\"LSF | Learn French in South of France\",\"description\":\"Learn French in France, Montpellier French Language School, LSF\",\"publisher\":{\"@id\":\"https:\\\/\\\/lsf-france.com\\\/es\\\/#organization\"},\"potentialAction\":[{\"@type\":\"SearchAction\",\"target\":{\"@type\":\"EntryPoint\",\"urlTemplate\":\"https:\\\/\\\/lsf-france.com\\\/es\\\/?s={search_term_string}\"},\"query-input\":{\"@type\":\"PropertyValueSpecification\",\"valueRequired\":true,\"valueName\":\"search_term_string\"}}],\"inLanguage\":\"fr-FR\"},{\"@type\":\"Organization\",\"@id\":\"https:\\\/\\\/lsf-france.com\\\/es\\\/#organization\",\"name\":\"LSF Montpellier\",\"url\":\"https:\\\/\\\/lsf-france.com\\\/es\\\/\",\"logo\":{\"@type\":\"ImageObject\",\"inLanguage\":\"fr-FR\",\"@id\":\"https:\\\/\\\/lsf-france.com\\\/es\\\/#\\\/schema\\\/logo\\\/image\\\/\",\"url\":\"https:\\\/\\\/lsf-france.com\\\/wp-content\\\/uploads\\\/2018\\\/11\\\/PleinBleux2.png\",\"contentUrl\":\"https:\\\/\\\/lsf-france.com\\\/wp-content\\\/uploads\\\/2018\\\/11\\\/PleinBleux2.png\",\"width\":1000,\"height\":1000,\"caption\":\"LSF Montpellier\"},\"image\":{\"@id\":\"https:\\\/\\\/lsf-france.com\\\/es\\\/#\\\/schema\\\/logo\\\/image\\\/\"}}]}<\/script>\n<!-- \/ Yoast SEO plugin. -->","yoast_head_json":{"title":"Contactez Nous - LSF | Learn French in South of France","robots":{"index":"index","follow":"follow","max-snippet":"max-snippet:-1","max-image-preview":"max-image-preview:large","max-video-preview":"max-video-preview:-1"},"canonical":"https:\/\/lsf-france.com\/contact\/","og_locale":"fr_FR","og_type":"article","og_title":"Contactez Nous - LSF | Learn French in South of France","og_description":"Information 6 rue Foch34000 MontpellierFRANCE T\u00e9l\u00e9phone : +33 4 67 91 31 60 Fax : +33 4 67 91 31 61 Email: contact@lsf-france.com exam@klf-france.com Si vous souhaitez obtenir un devis [&hellip;]","og_url":"https:\/\/lsf-france.com\/contact\/","og_site_name":"LSF | Learn French in South of France","article_modified_time":"2026-02-13T11:46:43+00:00","twitter_card":"summary_large_image","schema":{"@context":"https:\/\/schema.org","@graph":[{"@type":"WebPage","@id":"https:\/\/lsf-france.com\/contact\/","url":"https:\/\/lsf-france.com\/contact\/","name":"Contactez Nous - LSF | Learn French in South of France","isPartOf":{"@id":"https:\/\/lsf-france.com\/es\/#website"},"datePublished":"2018-06-14T10:32:44+00:00","dateModified":"2026-02-13T11:46:43+00:00","breadcrumb":{"@id":"https:\/\/lsf-france.com\/contact\/#breadcrumb"},"inLanguage":"fr-FR","potentialAction":[{"@type":"ReadAction","target":["https:\/\/lsf-france.com\/contact\/"]}]},{"@type":"BreadcrumbList","@id":"https:\/\/lsf-france.com\/contact\/#breadcrumb","itemListElement":[{"@type":"ListItem","position":1,"name":"Home","item":"https:\/\/lsf-france.com\/fr\/"},{"@type":"ListItem","position":2,"name":"Contactez Nous"}]},{"@type":"WebSite","@id":"https:\/\/lsf-france.com\/es\/#website","url":"https:\/\/lsf-france.com\/es\/","name":"LSF | Learn French in South of France","description":"Learn French in France, Montpellier French Language School, LSF","publisher":{"@id":"https:\/\/lsf-france.com\/es\/#organization"},"potentialAction":[{"@type":"SearchAction","target":{"@type":"EntryPoint","urlTemplate":"https:\/\/lsf-france.com\/es\/?s={search_term_string}"},"query-input":{"@type":"PropertyValueSpecification","valueRequired":true,"valueName":"search_term_string"}}],"inLanguage":"fr-FR"},{"@type":"Organization","@id":"https:\/\/lsf-france.com\/es\/#organization","name":"LSF Montpellier","url":"https:\/\/lsf-france.com\/es\/","logo":{"@type":"ImageObject","inLanguage":"fr-FR","@id":"https:\/\/lsf-france.com\/es\/#\/schema\/logo\/image\/","url":"https:\/\/lsf-france.com\/wp-content\/uploads\/2018\/11\/PleinBleux2.png","contentUrl":"https:\/\/lsf-france.com\/wp-content\/uploads\/2018\/11\/PleinBleux2.png","width":1000,"height":1000,"caption":"LSF Montpellier"},"image":{"@id":"https:\/\/lsf-france.com\/es\/#\/schema\/logo\/image\/"}}]}},"_links":{"self":[{"href":"https:\/\/lsf-france.com\/fr\/wp-json\/wp\/v2\/pages\/34048","targetHints":{"allow":["GET"]}}],"collection":[{"href":"https:\/\/lsf-france.com\/fr\/wp-json\/wp\/v2\/pages"}],"about":[{"href":"https:\/\/lsf-france.com\/fr\/wp-json\/wp\/v2\/types\/page"}],"author":[{"embeddable":true,"href":"https:\/\/lsf-france.com\/fr\/wp-json\/wp\/v2\/users\/1"}],"replies":[{"embeddable":true,"href":"https:\/\/lsf-france.com\/fr\/wp-json\/wp\/v2\/comments?post=34048"}],"version-history":[{"count":10,"href":"https:\/\/lsf-france.com\/fr\/wp-json\/wp\/v2\/pages\/34048\/revisions"}],"predecessor-version":[{"id":414865,"href":"https:\/\/lsf-france.com\/fr\/wp-json\/wp\/v2\/pages\/34048\/revisions\/414865"}],"wp:attachment":[{"href":"https:\/\/lsf-france.com\/fr\/wp-json\/wp\/v2\/media?parent=34048"}],"curies":[{"name":"wp","href":"https:\/\/api.w.org\/{rel}","templated":true}]}}