{"id":34052,"date":"2018-11-02T15:14:47","date_gmt":"2018-11-02T14:14:47","guid":{"rendered":"http:\/\/dev.lsf-france.com\/a-propos\/pourquoi-venir-a-lsf\/"},"modified":"2024-07-04T10:25:56","modified_gmt":"2024-07-04T08:25:56","slug":"pourquoi-venir-a-lsf","status":"publish","type":"page","link":"https:\/\/lsf-france.com\/fr\/a-propos\/pourquoi-venir-a-lsf\/","title":{"rendered":"Pourquoi venir \u00e0 LSF ?"},"content":{"rendered":"\t\t<div data-elementor-type=\"wp-page\" data-elementor-id=\"34052\" class=\"elementor elementor-34052 elementor-32777\" data-elementor-post-type=\"page\">\n\t\t\t\t\t\t<section class=\"elementor-section elementor-top-section elementor-element elementor-element-7a1f6c48 elementor-section-boxed elementor-section-height-default elementor-section-height-default\" data-id=\"7a1f6c48\" data-element_type=\"section\" data-e-type=\"section\">\n\t\t\t\t\t\t<div class=\"elementor-container elementor-column-gap-default\">\n\t\t\t\t\t<div class=\"elementor-column elementor-col-100 elementor-top-column elementor-element elementor-element-434fb360\" data-id=\"434fb360\" data-element_type=\"column\" data-e-type=\"column\">\n\t\t\t<div class=\"elementor-widget-wrap elementor-element-populated\">\n\t\t\t\t\t\t<div class=\"elementor-element elementor-element-1ecb727 elementor-widget elementor-widget-heading\" data-id=\"1ecb727\" data-element_type=\"widget\" data-e-type=\"widget\" data-widget_type=\"heading.default\">\n\t\t\t\t<div class=\"elementor-widget-container\">\n\t\t\t\t\t<h2 class=\"elementor-heading-title elementor-size-default\">Choisir l'\u00e9cole de langue fran\u00e7aise LSF<\/h2>\t\t\t\t<\/div>\n\t\t\t\t<\/div>\n\t\t\t\t<div class=\"elementor-element elementor-element-7292f67 elementor-icon-list--layout-traditional elementor-list-item-link-full_width elementor-widget elementor-widget-icon-list\" data-id=\"7292f67\" data-element_type=\"widget\" data-e-type=\"widget\" data-widget_type=\"icon-list.default\">\n\t\t\t\t<div class=\"elementor-widget-container\">\n\t\t\t\t\t\t\t<ul class=\"elementor-icon-list-items\">\n\t\t\t\t\t\t\t<li class=\"elementor-icon-list-item\">\n\t\t\t\t\t\t\t\t\t\t\t<span class=\"elementor-icon-list-icon\">\n\t\t\t\t\t\t\t<i aria-hidden=\"true\" class=\"fas fa-check\"><\/i>\t\t\t\t\t\t<\/span>\n\t\t\t\t\t\t\t\t\t\t<span class=\"elementor-icon-list-text\">20 salles de classe climatis\u00e9es situ\u00e9es dans des b\u00e2timents prestigieux du centre historique de Montpellier.<\/span>\n\t\t\t\t\t\t\t\t\t<\/li>\n\t\t\t\t\t\t\t\t<li class=\"elementor-icon-list-item\">\n\t\t\t\t\t\t\t\t\t\t\t<span class=\"elementor-icon-list-icon\">\n\t\t\t\t\t\t\t<i aria-hidden=\"true\" class=\"fas fa-check\"><\/i>\t\t\t\t\t\t<\/span>\n\t\t\t\t\t\t\t\t\t\t<span class=\"elementor-icon-list-text\">Cours adultes ET cours juniors : LSF est la seule \u00e9cole de Montpellier \u00e0 proposer des cours de vacances pour les juniors ainsi que des cours pour adultes toute l'ann\u00e9e, dans des centres s\u00e9par\u00e9s. Un lieu d'\u00e9tude id\u00e9al pour toute la famille !<\/span>\n\t\t\t\t\t\t\t\t\t<\/li>\n\t\t\t\t\t\t\t\t<li class=\"elementor-icon-list-item\">\n\t\t\t\t\t\t\t\t\t\t\t<span class=\"elementor-icon-list-icon\">\n\t\t\t\t\t\t\t<i aria-hidden=\"true\" class=\"fas fa-check\"><\/i>\t\t\t\t\t\t<\/span>\n\t\t\t\t\t\t\t\t\t\t<span class=\"elementor-icon-list-text\">Un large choix de logements.\u00a0Outre le vaste choix de familles d'accueil et de r\u00e9sidences d'\u00e9tudiants, nous proposons des studios priv\u00e9s confortables, des logements en colocation et des appartements luxueux.<\/span>\n\t\t\t\t\t\t\t\t\t<\/li>\n\t\t\t\t\t\t\t\t<li class=\"elementor-icon-list-item\">\n\t\t\t\t\t\t\t\t\t\t\t<span class=\"elementor-icon-list-icon\">\n\t\t\t\t\t\t\t<i aria-hidden=\"true\" class=\"fas fa-check\"><\/i>\t\t\t\t\t\t<\/span>\n\t\t\t\t\t\t\t\t\t\t<span class=\"elementor-icon-list-text\">Une p\u00e9dagogie de grande qualit\u00e9 :\u00a0LSF a obtenu le Label Qualit\u00e9 FLE d\u00e9livr\u00e9 par le Minist\u00e8re fran\u00e7ais de l'Education Nationale.<\/span>\n\t\t\t\t\t\t\t\t\t<\/li>\n\t\t\t\t\t\t\t\t<li class=\"elementor-icon-list-item\">\n\t\t\t\t\t\t\t\t\t\t\t<span class=\"elementor-icon-list-icon\">\n\t\t\t\t\t\t\t<i aria-hidden=\"true\" class=\"fas fa-check\"><\/i>\t\t\t\t\t\t<\/span>\n\t\t\t\t\t\t\t\t\t\t<span class=\"elementor-icon-list-text\">5\/5 sur Facebook Reviews et 4,9\/5 sur Google Reviews : les meilleurs avis sur les \u00e9coles de langues \u00e0 Montpellier ! Ce sont nos \u00e9tudiants qui sont les mieux plac\u00e9s pour parler de LSF...<\/span>\n\t\t\t\t\t\t\t\t\t<\/li>\n\t\t\t\t\t\t\t\t<li class=\"elementor-icon-list-item\">\n\t\t\t\t\t\t\t\t\t\t\t<span class=\"elementor-icon-list-icon\">\n\t\t\t\t\t\t\t<i aria-hidden=\"true\" class=\"fas fa-check\"><\/i>\t\t\t\t\t\t<\/span>\n\t\t\t\t\t\t\t\t\t\t<span class=\"elementor-icon-list-text\">20 ans d'exp\u00e9rience.\u00a0Un gage de qualit\u00e9 ind\u00e9niable : notre \u00e9cole a f\u00eat\u00e9 ses 20 ans en 2016 (notre succ\u00e8s repose sur un emplacement id\u00e9al, une grande qualit\u00e9 d'enseignement, une ambiance familiale et une innovation constante).<\/span>\n\t\t\t\t\t\t\t\t\t<\/li>\n\t\t\t\t\t\t\t\t<li class=\"elementor-icon-list-item\">\n\t\t\t\t\t\t\t\t\t\t\t<span class=\"elementor-icon-list-icon\">\n\t\t\t\t\t\t\t<i aria-hidden=\"true\" class=\"fas fa-check\"><\/i>\t\t\t\t\t\t<\/span>\n\t\t\t\t\t\t\t\t\t\t<span class=\"elementor-icon-list-text\">Un fantastique m\u00e9lange d'\u00e2ges et de nationalit\u00e9s pour une exp\u00e9rience v\u00e9ritablement internationale : plus de 2800 \u00e9tudiants de 85 pays diff\u00e9rents et \u00e2g\u00e9s de 11 \u00e0 90 ans en 2017 !<\/span>\n\t\t\t\t\t\t\t\t\t<\/li>\n\t\t\t\t\t\t\t\t<li class=\"elementor-icon-list-item\">\n\t\t\t\t\t\t\t\t\t\t\t<span class=\"elementor-icon-list-icon\">\n\t\t\t\t\t\t\t<i aria-hidden=\"true\" class=\"fas fa-check\"><\/i>\t\t\t\t\t\t<\/span>\n\t\t\t\t\t\t\t\t\t\t<span class=\"elementor-icon-list-text\">\u00a0Une ambiance familiale et conviviale : LSF est une \u00e9cole de taille moyenne bien \u00e9tablie avec un personnel tr\u00e8s sympathique et une v\u00e9ritable atmosph\u00e8re familiale.<\/span>\n\t\t\t\t\t\t\t\t\t<\/li>\n\t\t\t\t\t\t\t\t<li class=\"elementor-icon-list-item\">\n\t\t\t\t\t\t\t\t\t\t\t<span class=\"elementor-icon-list-icon\">\n\t\t\t\t\t\t\t<i aria-hidden=\"true\" class=\"fas fa-check\"><\/i>\t\t\t\t\t\t<\/span>\n\t\t\t\t\t\t\t\t\t\t<span class=\"elementor-icon-list-text\">Il y a tant \u00e0 faire \u00e0 Montpellier et dans les environs :\u00a0Un style de vie m\u00e9diterran\u00e9en en plein air, un riche programme d'activit\u00e9s culturelles, un large \u00e9ventail d'activit\u00e9s de loisirs, les plages de sable fin et 300 jours de soleil par an.<\/span>\n\t\t\t\t\t\t\t\t\t<\/li>\n\t\t\t\t\t\t\t\t<li class=\"elementor-icon-list-item\">\n\t\t\t\t\t\t\t\t\t\t\t<span class=\"elementor-icon-list-icon\">\n\t\t\t\t\t\t\t<i aria-hidden=\"true\" class=\"fas fa-check\"><\/i>\t\t\t\t\t\t<\/span>\n\t\t\t\t\t\t\t\t\t\t<span class=\"elementor-icon-list-text\">Transferts gratuits pour tous les \u00e9tudiants h\u00e9berg\u00e9s dans une famille d'accueil : Transferts gratuits \u00e0 l'arriv\u00e9e et au d\u00e9part de l'a\u00e9roport de Montpellier ou de la gare de Montpellier.<\/span>\n\t\t\t\t\t\t\t\t\t<\/li>\n\t\t\t\t\t\t\t\t<li class=\"elementor-icon-list-item\">\n\t\t\t\t\t\t\t\t\t\t\t<span class=\"elementor-icon-list-icon\">\n\t\t\t\t\t\t\t<i aria-hidden=\"true\" class=\"fas fa-check\"><\/i>\t\t\t\t\t\t<\/span>\n\t\t\t\t\t\t\t\t\t\t<span class=\"elementor-icon-list-text\">Acc\u00e8s facile \u00e0 Montpellier par avion et par train : 10 vols quotidiens depuis les a\u00e9roports de Paris et TGV depuis Paris (3h30) et Barcelone (2h45).<\/span>\n\t\t\t\t\t\t\t\t\t<\/li>\n\t\t\t\t\t\t<\/ul>\n\t\t\t\t\t\t<\/div>\n\t\t\t\t<\/div>\n\t\t\t\t<div class=\"elementor-element elementor-element-fc2d7c8 elementor-widget elementor-widget-heading\" data-id=\"fc2d7c8\" data-element_type=\"widget\" data-e-type=\"widget\" data-widget_type=\"heading.default\">\n\t\t\t\t<div class=\"elementor-widget-container\">\n\t\t\t\t\t<h2 class=\"elementor-heading-title elementor-size-default\">Une ambiance scolaire formidable !<\/h2>\t\t\t\t<\/div>\n\t\t\t\t<\/div>\n\t\t\t\t<div class=\"elementor-element elementor-element-81fa1d0 elementor-widget elementor-widget-text-editor\" data-id=\"81fa1d0\" data-element_type=\"widget\" data-e-type=\"widget\" data-widget_type=\"text-editor.default\">\n\t\t\t\t<div class=\"elementor-widget-container\">\n\t\t\t\t\t\t\t\t\t<p>Il r\u00e8gne \u00e0 l&rsquo;\u00e9cole de langue fran\u00e7aise LSF une atmosph\u00e8re familiale tr\u00e8s conviviale qui est tr\u00e8s appr\u00e9ci\u00e9e par nos \u00e9tudiants. Gr\u00e2ce \u00e0 l&rsquo;ambiance chaleureuse et d\u00e9tendue et \u00e0 la taille de notre \u00e9cole, les \u00e9tudiants apprennent facilement \u00e0 se conna\u00eetre et peuvent facilement interagir avec le personnel. En n&rsquo;\u00e9tant ni trop grande, ni trop petite, notre \u00e9cole permet aux \u00e9l\u00e8ves de vivre une exp\u00e9rience plus individuelle et personnalis\u00e9e tout en leur permettant de se faire de nombreux amis.<\/p>\n<p>Un autre facteur contribuant \u00e0 la bonne ambiance de notre \u00e9cole est le fantastique m\u00e9lange de nationalit\u00e9s que nous avons parmi les \u00e9tudiants (85 nationalit\u00e9s diff\u00e9rentes en 2017 !). Ce merveilleux m\u00e9lange de nationalit\u00e9s permet \u00e0 nos \u00e9l\u00e8ves de rencontrer des personnes du monde entier et leur donne \u00e9galement plus d&rsquo;occasions de communiquer entre eux en utilisant le fran\u00e7ais comme langue commune.<\/p>\n\t\t\t\t\t\t\t\t<\/div>\n\t\t\t\t<\/div>\n\t\t\t\t<div class=\"elementor-element elementor-element-8cf3a46 elementor-widget elementor-widget-heading\" data-id=\"8cf3a46\" data-element_type=\"widget\" data-e-type=\"widget\" data-widget_type=\"heading.default\">\n\t\t\t\t<div class=\"elementor-widget-container\">\n\t\t\t\t\t<h2 class=\"elementor-heading-title elementor-size-default\">Un s\u00e9jour linguistique de grande qualit\u00e9 !<\/h2>\t\t\t\t<\/div>\n\t\t\t\t<\/div>\n\t\t\t\t<div class=\"elementor-element elementor-element-7f57987c elementor-widget elementor-widget-text-editor\" data-id=\"7f57987c\" data-element_type=\"widget\" data-e-type=\"widget\" data-widget_type=\"text-editor.default\">\n\t\t\t\t<div class=\"elementor-widget-container\">\n\t\t\t\t\t\t\t\t\t<p>Tous les professeurs de LSF sont hautement qualifi\u00e9s et passionn\u00e9s par l&rsquo;enseignement du fran\u00e7ais. Tous nos enseignants sont de langue maternelle fran\u00e7aise et poss\u00e8dent des dipl\u00f4mes universitaires et des qualifications FLE (Fran\u00e7ais Langue Etrang\u00e8re). Afin d&rsquo;assurer la qualit\u00e9 et de donner plus de place \u00e0 l&rsquo;attention individuelle dans la classe, les effectifs des classes de LSF sont r\u00e9duits avec une moyenne de 12 \u00e9tudiants par classe (maximum 14). Cela signifie que chaque \u00e9l\u00e8ve a plus de temps pour s&rsquo;exprimer et participer, que le professeur a plus de temps pour donner du feedback \u00e0 l&rsquo;\u00e9l\u00e8ve, ce qui signifie au final plus de progr\u00e8s pour l&rsquo;\u00e9l\u00e8ve !<\/p>\n<p>A LSF, nous sommes fiers de notre s\u00e9lection de familles d&rsquo;accueil fran\u00e7aises. Toutes nos familles d&rsquo;accueil sont choisies avec beaucoup d&rsquo;attention et afin de mettre en relation l&rsquo;\u00e9tudiant avec la famille la plus appropri\u00e9e, nous \u00e9tudions soigneusement la candidature de chaque \u00e9tudiant. Cela nous permet de proposer un h\u00e9bergement et une exp\u00e9rience d&rsquo;immersion de grande qualit\u00e9 qui feront de votre s\u00e9jour linguistique une exp\u00e9rience inoubliable.<\/p>\n<p>L&rsquo;engagement de LSF en mati\u00e8re de qualit\u00e9 nous a conduit \u00e0 recevoir plusieurs accr\u00e9ditations et \u00e0 devenir membres d&rsquo;associations s&rsquo;effor\u00e7ant d&rsquo;am\u00e9liorer les normes de qualit\u00e9.<\/p>\n\t\t\t\t\t\t\t\t<\/div>\n\t\t\t\t<\/div>\n\t\t\t\t<div class=\"elementor-element elementor-element-d3e6d25 elementor-widget elementor-widget-heading\" data-id=\"d3e6d25\" data-element_type=\"widget\" data-e-type=\"widget\" data-widget_type=\"heading.default\">\n\t\t\t\t<div class=\"elementor-widget-container\">\n\t\t\t\t\t<h2 class=\"elementor-heading-title elementor-size-default\">Une exp\u00e9rience d'apprentissage amusante !<\/h2>\t\t\t\t<\/div>\n\t\t\t\t<\/div>\n\t\t\t\t<div class=\"elementor-element elementor-element-f4c8498 elementor-widget elementor-widget-text-editor\" data-id=\"f4c8498\" data-element_type=\"widget\" data-e-type=\"widget\" data-widget_type=\"text-editor.default\">\n\t\t\t\t<div class=\"elementor-widget-container\">\n\t\t\t\t\t\t\t\t\t<p>Pour nous, \u00e0 LSF, il est important de rendre votre s\u00e9jour linguistique en fran\u00e7ais aussi agr\u00e9able que possible. Nous offrons un environnement d&rsquo;apprentissage qui n&rsquo;est pas seulement de haute qualit\u00e9 mais qui est aussi amusant pour les \u00e9tudiants. Pendant nos cours de fran\u00e7ais, nos professeurs exp\u00e9riment\u00e9s et enthousiastes cr\u00e9ent une atmosph\u00e8re de classe divertissante et engageante o\u00f9 les \u00e9tudiants s&rsquo;amusent tout en faisant des progr\u00e8s rapides !<\/p>\n<p>En dehors des cours de fran\u00e7ais, vous aurez beaucoup de choses \u00e0 voir et \u00e0 faire \u00e0 Montpellier et dans le sud de la France pendant votre temps libre. LSF organise un large \u00e9ventail d&rsquo;activit\u00e9s sociales et culturelles et d&rsquo;excursions qui vous permettront de d\u00e9couvrir les sites int\u00e9ressants de la r\u00e9gion et d&rsquo;en apprendre davantage sur la culture et le mode de vie fran\u00e7ais. A Montpellier, il y a beaucoup de choses que vous pouvez d\u00e9couvrir seul ou avec les nouveaux amis que vous vous ferez dans notre \u00e9cole.<\/p>\n\t\t\t\t\t\t\t\t<\/div>\n\t\t\t\t<\/div>\n\t\t\t\t\t<\/div>\n\t\t<\/div>\n\t\t\t\t\t<\/div>\n\t\t<\/section>\n\t\t\t\t<section class=\"elementor-section elementor-top-section elementor-element elementor-element-26bdeda elementor-section-boxed elementor-section-height-default elementor-section-height-default\" data-id=\"26bdeda\" data-element_type=\"section\" data-e-type=\"section\">\n\t\t\t\t\t\t<div class=\"elementor-container elementor-column-gap-default\">\n\t\t\t\t\t<div class=\"elementor-column elementor-col-100 elementor-top-column elementor-element elementor-element-f190875\" data-id=\"f190875\" data-element_type=\"column\" data-e-type=\"column\">\n\t\t\t<div class=\"elementor-widget-wrap elementor-element-populated\">\n\t\t\t\t\t\t<div class=\"elementor-element elementor-element-d6cad80 elementor-grid-4 elementor-grid-tablet-2 elementor-grid-mobile-1 elementor-posts--thumbnail-top elementor-card-shadow-yes elementor-posts__hover-gradient elementor-widget elementor-widget-posts\" data-id=\"d6cad80\" data-element_type=\"widget\" data-e-type=\"widget\" data-settings=\"{&quot;cards_columns&quot;:&quot;4&quot;,&quot;pagination_type&quot;:&quot;prev_next&quot;,&quot;cards_columns_tablet&quot;:&quot;2&quot;,&quot;cards_columns_mobile&quot;:&quot;1&quot;,&quot;cards_row_gap&quot;:{&quot;unit&quot;:&quot;px&quot;,&quot;size&quot;:35,&quot;sizes&quot;:[]},&quot;cards_row_gap_tablet&quot;:{&quot;unit&quot;:&quot;px&quot;,&quot;size&quot;:&quot;&quot;,&quot;sizes&quot;:[]},&quot;cards_row_gap_mobile&quot;:{&quot;unit&quot;:&quot;px&quot;,&quot;size&quot;:&quot;&quot;,&quot;sizes&quot;:[]}}\" data-widget_type=\"posts.cards\">\n\t\t\t\t<div class=\"elementor-widget-container\">\n\t\t\t\t\t\t\t<div class=\"elementor-posts-container elementor-posts elementor-posts--skin-cards elementor-grid\" role=\"list\">\n\t\t\t\t<article class=\"elementor-post elementor-grid-item post-34296 page type-page status-publish hentry\" role=\"listitem\">\n\t\t\t<div class=\"elementor-post__card\">\n\t\t\t\t<div class=\"elementor-post__text\">\n\t\t\t\t<h3 class=\"elementor-post__title\">\n\t\t\t<a href=\"https:\/\/lsf-france.com\/fr\/a-propos\/equipe-lsf\/\" >\n\t\t\t\tL&rsquo;\u00e9quipe de LSF\t\t\t<\/a>\n\t\t<\/h3>\n\t\t\t\t<div class=\"elementor-post__excerpt\">\n\t\t\t<p>Notre \u00e9quipe administrative Eug\u00e9nie Directrice Eva Responsable p\u00e9dagogique Liora Accueil et activit\u00e9s Axelle Conseill\u00e8re p\u00e9dagogique Julie Conseill\u00e8re p\u00e9dagogique Yenifer Conseill\u00e8re p\u00e9dagogique Axel Coordinateur de s\u00e9jour Notre \u00e9quipe de professeurs de<\/p>\n\t\t<\/div>\n\t\t\n\t\t<a class=\"elementor-post__read-more\" href=\"https:\/\/lsf-france.com\/fr\/a-propos\/equipe-lsf\/\" aria-label=\"En savoir plus sur L&rsquo;\u00e9quipe de LSF\" tabindex=\"-1\" >\n\t\t\tVoir la page \u00bb\t\t<\/a>\n\n\t\t\t\t<\/div>\n\t\t\t\t\t<\/div>\n\t\t<\/article>\n\t\t\t\t<article class=\"elementor-post elementor-grid-item post-34605 page type-page status-publish has-post-thumbnail hentry\" role=\"listitem\">\n\t\t\t<div class=\"elementor-post__card\">\n\t\t\t\t<a class=\"elementor-post__thumbnail__link\" href=\"https:\/\/lsf-france.com\/fr\/a-propos\/avis-lsf-montpellier\/\" tabindex=\"-1\" ><div class=\"elementor-post__thumbnail\"><img fetchpriority=\"high\" decoding=\"async\" width=\"300\" height=\"225\" src=\"https:\/\/lsf-france.com\/wp-content\/uploads\/2020\/01\/Nos-formateurs-se-de\u0301placent-6-300x225.jpg\" class=\"attachment-medium size-medium wp-image-382294\" alt=\"\" srcset=\"https:\/\/lsf-france.com\/wp-content\/uploads\/2020\/01\/Nos-formateurs-se-de\u0301placent-6-300x225.jpg 300w, https:\/\/lsf-france.com\/wp-content\/uploads\/2020\/01\/Nos-formateurs-se-de\u0301placent-6-600x450.jpg 600w, https:\/\/lsf-france.com\/wp-content\/uploads\/2020\/01\/Nos-formateurs-se-de\u0301placent-6-1024x768.jpg 1024w, https:\/\/lsf-france.com\/wp-content\/uploads\/2020\/01\/Nos-formateurs-se-de\u0301placent-6-768x576.jpg 768w, https:\/\/lsf-france.com\/wp-content\/uploads\/2020\/01\/Nos-formateurs-se-de\u0301placent-6-1536x1152.jpg 1536w, https:\/\/lsf-france.com\/wp-content\/uploads\/2020\/01\/Nos-formateurs-se-de\u0301placent-6-463x348.jpg 463w, https:\/\/lsf-france.com\/wp-content\/uploads\/2020\/01\/Nos-formateurs-se-de\u0301placent-6-640x480.jpg 640w, https:\/\/lsf-france.com\/wp-content\/uploads\/2020\/01\/Nos-formateurs-se-de\u0301placent-6-400x300.jpg 400w, https:\/\/lsf-france.com\/wp-content\/uploads\/2020\/01\/Nos-formateurs-se-de\u0301placent-6.jpg 2016w\" sizes=\"(max-width: 300px) 100vw, 300px\" \/><\/div><\/a>\n\t\t\t\t<div class=\"elementor-post__text\">\n\t\t\t\t<h3 class=\"elementor-post__title\">\n\t\t\t<a href=\"https:\/\/lsf-france.com\/fr\/a-propos\/avis-lsf-montpellier\/\" >\n\t\t\t\tCommentaires LSF Montpellier\t\t\t<\/a>\n\t\t<\/h3>\n\t\t\t\t<div class=\"elementor-post__excerpt\">\n\t\t\t<p>D\u00e9couvrez les avis des \u00e9tudiants qui sont venus \u00e0 LSF Montpellier ces derniers mois.<\/p>\n\t\t<\/div>\n\t\t\n\t\t<a class=\"elementor-post__read-more\" href=\"https:\/\/lsf-france.com\/fr\/a-propos\/avis-lsf-montpellier\/\" aria-label=\"En savoir plus sur Commentaires LSF Montpellier\" tabindex=\"-1\" >\n\t\t\tVoir la page \u00bb\t\t<\/a>\n\n\t\t\t\t<\/div>\n\t\t\t\t\t<\/div>\n\t\t<\/article>\n\t\t\t\t<article class=\"elementor-post elementor-grid-item post-34050 page type-page status-publish has-post-thumbnail hentry\" role=\"listitem\">\n\t\t\t<div class=\"elementor-post__card\">\n\t\t\t\t<a class=\"elementor-post__thumbnail__link\" href=\"https:\/\/lsf-france.com\/fr\/a-propos\/localisation\/\" tabindex=\"-1\" ><div class=\"elementor-post__thumbnail\"><img decoding=\"async\" width=\"300\" height=\"225\" src=\"https:\/\/lsf-france.com\/wp-content\/uploads\/2021\/03\/IMG-20190522-WA0001-300x225.jpg\" class=\"attachment-medium size-medium wp-image-391547\" alt=\"\" srcset=\"https:\/\/lsf-france.com\/wp-content\/uploads\/2021\/03\/IMG-20190522-WA0001-300x225.jpg 300w, https:\/\/lsf-france.com\/wp-content\/uploads\/2021\/03\/IMG-20190522-WA0001-600x450.jpg 600w, https:\/\/lsf-france.com\/wp-content\/uploads\/2021\/03\/IMG-20190522-WA0001-1024x768.jpg 1024w, https:\/\/lsf-france.com\/wp-content\/uploads\/2021\/03\/IMG-20190522-WA0001-768x576.jpg 768w, https:\/\/lsf-france.com\/wp-content\/uploads\/2021\/03\/IMG-20190522-WA0001-1536x1152.jpg 1536w, https:\/\/lsf-france.com\/wp-content\/uploads\/2021\/03\/IMG-20190522-WA0001-463x348.jpg 463w, https:\/\/lsf-france.com\/wp-content\/uploads\/2021\/03\/IMG-20190522-WA0001-640x480.jpg 640w, https:\/\/lsf-france.com\/wp-content\/uploads\/2021\/03\/IMG-20190522-WA0001-400x300.jpg 400w, https:\/\/lsf-france.com\/wp-content\/uploads\/2021\/03\/IMG-20190522-WA0001.jpg 1600w\" sizes=\"(max-width: 300px) 100vw, 300px\" \/><\/div><\/a>\n\t\t\t\t<div class=\"elementor-post__text\">\n\t\t\t\t<h3 class=\"elementor-post__title\">\n\t\t\t<a href=\"https:\/\/lsf-france.com\/fr\/a-propos\/localisation\/\" >\n\t\t\t\tLocalisation\t\t\t<\/a>\n\t\t<\/h3>\n\t\t\t\t<div class=\"elementor-post__excerpt\">\n\t\t\t<p>Emplacement de l\u2019\u00e9cole Notre \u00e9cole de fran\u00e7ais est situ\u00e9e au c\u0153ur du centre historique pi\u00e9ton de Montpellier, r\u00e9partie sur trois b\u00e2timents prestigieux, pour un total de 16 salles de classe.<\/p>\n\t\t<\/div>\n\t\t\n\t\t<a class=\"elementor-post__read-more\" href=\"https:\/\/lsf-france.com\/fr\/a-propos\/localisation\/\" aria-label=\"En savoir plus sur Localisation\" tabindex=\"-1\" >\n\t\t\tVoir la page \u00bb\t\t<\/a>\n\n\t\t\t\t<\/div>\n\t\t\t\t\t<\/div>\n\t\t<\/article>\n\t\t\t\t<article class=\"elementor-post elementor-grid-item post-34052 page type-page status-publish has-post-thumbnail hentry\" role=\"listitem\">\n\t\t\t<div class=\"elementor-post__card\">\n\t\t\t\t<a class=\"elementor-post__thumbnail__link\" href=\"https:\/\/lsf-france.com\/fr\/a-propos\/pourquoi-venir-a-lsf\/\" tabindex=\"-1\" ><div class=\"elementor-post__thumbnail\"><img decoding=\"async\" width=\"300\" height=\"200\" src=\"https:\/\/lsf-france.com\/wp-content\/uploads\/2021\/04\/BLOG-COUVERTURE-3-300x200.jpg\" class=\"attachment-medium size-medium wp-image-392451\" alt=\"d\u00e9confinement\" srcset=\"https:\/\/lsf-france.com\/wp-content\/uploads\/2021\/04\/BLOG-COUVERTURE-3-300x200.jpg 300w, https:\/\/lsf-france.com\/wp-content\/uploads\/2021\/04\/BLOG-COUVERTURE-3-600x400.jpg 600w, https:\/\/lsf-france.com\/wp-content\/uploads\/2021\/04\/BLOG-COUVERTURE-3-1024x683.jpg 1024w, https:\/\/lsf-france.com\/wp-content\/uploads\/2021\/04\/BLOG-COUVERTURE-3-768x512.jpg 768w, https:\/\/lsf-france.com\/wp-content\/uploads\/2021\/04\/BLOG-COUVERTURE-3-1600x1067.jpg 1600w, https:\/\/lsf-france.com\/wp-content\/uploads\/2021\/04\/BLOG-COUVERTURE-3-1536x1024.jpg 1536w, https:\/\/lsf-france.com\/wp-content\/uploads\/2021\/04\/BLOG-COUVERTURE-3-2048x1366.jpg 2048w, https:\/\/lsf-france.com\/wp-content\/uploads\/2021\/04\/BLOG-COUVERTURE-3-640x427.jpg 640w, https:\/\/lsf-france.com\/wp-content\/uploads\/2021\/04\/BLOG-COUVERTURE-3-400x267.jpg 400w\" sizes=\"(max-width: 300px) 100vw, 300px\" \/><\/div><\/a>\n\t\t\t\t<div class=\"elementor-post__text\">\n\t\t\t\t<h3 class=\"elementor-post__title\">\n\t\t\t<a href=\"https:\/\/lsf-france.com\/fr\/a-propos\/pourquoi-venir-a-lsf\/\" >\n\t\t\t\tPourquoi venir \u00e0 LSF ?\t\t\t<\/a>\n\t\t<\/h3>\n\t\t\t\t<div class=\"elementor-post__excerpt\">\n\t\t\t<p>Choisir l&rsquo;\u00e9cole de langue fran\u00e7aise LSF 20 salles de classe climatis\u00e9es situ\u00e9es dans des b\u00e2timents prestigieux du centre historique de Montpellier. Cours adultes ET cours juniors : LSF est la<\/p>\n\t\t<\/div>\n\t\t\n\t\t<a class=\"elementor-post__read-more\" href=\"https:\/\/lsf-france.com\/fr\/a-propos\/pourquoi-venir-a-lsf\/\" aria-label=\"En savoir plus sur Pourquoi venir \u00e0 LSF ?\" tabindex=\"-1\" >\n\t\t\tVoir la page \u00bb\t\t<\/a>\n\n\t\t\t\t<\/div>\n\t\t\t\t\t<\/div>\n\t\t<\/article>\n\t\t\t\t<\/div>\n\t\t\n\t\t\t\t\t\t<\/div>\n\t\t\t\t<\/div>\n\t\t\t\t\t<\/div>\n\t\t<\/div>\n\t\t\t\t\t<\/div>\n\t\t<\/section>\n\t\t\t\t<\/div>\n\t\t","protected":false},"excerpt":{"rendered":"<p>Choisir l&rsquo;\u00e9cole de langue fran\u00e7aise LSF 20 salles de classe climatis\u00e9es situ\u00e9es dans des b\u00e2timents prestigieux du centre historique de Montpellier. Cours adultes ET cours juniors : LSF est la [&hellip;]<\/p>\n","protected":false},"author":1,"featured_media":392451,"parent":34045,"menu_order":0,"comment_status":"closed","ping_status":"closed","template":"","meta":{"_acf_changed":false,"content-type":"","footnotes":""},"class_list":["post-34052","page","type-page","status-publish","has-post-thumbnail","hentry"],"acf":[],"_links":{"self":[{"href":"https:\/\/lsf-france.com\/fr\/wp-json\/wp\/v2\/pages\/34052","targetHints":{"allow":["GET"]}}],"collection":[{"href":"https:\/\/lsf-france.com\/fr\/wp-json\/wp\/v2\/pages"}],"about":[{"href":"https:\/\/lsf-france.com\/fr\/wp-json\/wp\/v2\/types\/page"}],"author":[{"embeddable":true,"href":"https:\/\/lsf-france.com\/fr\/wp-json\/wp\/v2\/users\/1"}],"replies":[{"embeddable":true,"href":"https:\/\/lsf-france.com\/fr\/wp-json\/wp\/v2\/comments?post=34052"}],"version-history":[{"count":5,"href":"https:\/\/lsf-france.com\/fr\/wp-json\/wp\/v2\/pages\/34052\/revisions"}],"predecessor-version":[{"id":410786,"href":"https:\/\/lsf-france.com\/fr\/wp-json\/wp\/v2\/pages\/34052\/revisions\/410786"}],"up":[{"embeddable":true,"href":"https:\/\/lsf-france.com\/fr\/wp-json\/wp\/v2\/pages\/34045"}],"wp:featuredmedia":[{"embeddable":true,"href":"https:\/\/lsf-france.com\/fr\/wp-json\/wp\/v2\/media\/392451"}],"wp:attachment":[{"href":"https:\/\/lsf-france.com\/fr\/wp-json\/wp\/v2\/media?parent=34052"}],"curies":[{"name":"wp","href":"https:\/\/api.w.org\/{rel}","templated":true}]}}