{"id":34293,"date":"2019-02-13T14:42:57","date_gmt":"2019-02-13T13:42:57","guid":{"rendered":"https:\/\/lsf-france.com\/a-propos\/lecole\/"},"modified":"2026-01-23T17:44:55","modified_gmt":"2026-01-23T16:44:55","slug":"lecole","status":"publish","type":"page","link":"https:\/\/lsf-france.com\/fr\/a-propos\/lecole\/","title":{"rendered":"L&rsquo;\u00e9cole"},"content":{"rendered":"\t\t<div data-elementor-type=\"wp-page\" data-elementor-id=\"34293\" class=\"elementor elementor-34293 elementor-34209\" data-elementor-post-type=\"page\">\n\t\t\t\t\t\t<section class=\"elementor-section elementor-top-section elementor-element elementor-element-181b4e56 elementor-section-boxed elementor-section-height-default elementor-section-height-default\" data-id=\"181b4e56\" data-element_type=\"section\" data-e-type=\"section\">\n\t\t\t\t\t\t<div class=\"elementor-container elementor-column-gap-default\">\n\t\t\t\t\t<div class=\"elementor-column elementor-col-100 elementor-top-column elementor-element elementor-element-397786f2\" data-id=\"397786f2\" data-element_type=\"column\" data-e-type=\"column\">\n\t\t\t<div class=\"elementor-widget-wrap elementor-element-populated\">\n\t\t\t\t\t\t<div class=\"elementor-element elementor-element-f25fbf5 elementor-widget elementor-widget-text-editor\" data-id=\"f25fbf5\" data-element_type=\"widget\" data-e-type=\"widget\" data-widget_type=\"text-editor.default\">\n\t\t\t\t<div class=\"elementor-widget-container\">\n\t\t\t\t\t\t\t\t\t<p>LSF Montpellier est un \u00e9tablissement priv\u00e9 d&rsquo;enseignement sup\u00e9rieur, l&rsquo;une des \u00e9coles de langue fran\u00e7aise les plus \u00e9tablies et les plus connues en France. Chaque ann\u00e9e, 2 800 \u00e9tudiants du monde entier nous rejoignent pour apprendre le fran\u00e7ais en France.<\/p><p>Depuis 1996, LSF organise des s\u00e9jours linguistiques \u00e0 Montpellier pour les adultes et les juniors, les groupes et les particuliers, dans une atmosph\u00e8re familiale et amicale, avec une grande diversit\u00e9 de nationalit\u00e9s et d&rsquo;\u00e2ges dans les cours. Notre \u00e9cole de fran\u00e7ais propose des cours de fran\u00e7ais de grande qualit\u00e9 dispens\u00e9s par des professeurs comp\u00e9tents et enthousiastes, des logements soigneusement s\u00e9lectionn\u00e9s et un vaste programme culturel et de loisirs. La meilleure fa\u00e7on d&rsquo;apprendre le fran\u00e7ais en France et de d\u00e9couvrir la culture fran\u00e7aise tout en profitant de tous les plaisirs du merveilleux sud de la France !<\/p>\t\t\t\t\t\t\t\t<\/div>\n\t\t\t\t<\/div>\n\t\t\t\t\t<\/div>\n\t\t<\/div>\n\t\t\t\t\t<\/div>\n\t\t<\/section>\n\t\t\t\t<section class=\"elementor-section elementor-top-section elementor-element elementor-element-75c25fb elementor-section-boxed elementor-section-height-default elementor-section-height-default\" data-id=\"75c25fb\" data-element_type=\"section\" data-e-type=\"section\">\n\t\t\t\t\t\t<div class=\"elementor-container elementor-column-gap-default\">\n\t\t\t\t\t<div class=\"elementor-column elementor-col-100 elementor-top-column elementor-element elementor-element-b100d3b\" data-id=\"b100d3b\" data-element_type=\"column\" data-e-type=\"column\">\n\t\t\t<div class=\"elementor-widget-wrap elementor-element-populated\">\n\t\t\t\t\t\t<div class=\"elementor-element elementor-element-ca25187 elementor-widget elementor-widget-video\" data-id=\"ca25187\" data-element_type=\"widget\" data-e-type=\"widget\" data-settings=\"{&quot;youtube_url&quot;:&quot;https:\\\/\\\/youtu.be\\\/72VALTR9SNI?si=SFFF8CHi_qFIipfJ&quot;,&quot;autoplay&quot;:&quot;yes&quot;,&quot;play_on_mobile&quot;:&quot;yes&quot;,&quot;mute&quot;:&quot;yes&quot;,&quot;loop&quot;:&quot;yes&quot;,&quot;lazy_load&quot;:&quot;yes&quot;,&quot;video_type&quot;:&quot;youtube&quot;,&quot;controls&quot;:&quot;yes&quot;}\" data-widget_type=\"video.default\">\n\t\t\t\t<div class=\"elementor-widget-container\">\n\t\t\t\t\t\t\t<div class=\"elementor-wrapper elementor-open-inline\">\n\t\t\t<div class=\"elementor-video\"><\/div>\t\t<\/div>\n\t\t\t\t\t\t<\/div>\n\t\t\t\t<\/div>\n\t\t\t\t\t<\/div>\n\t\t<\/div>\n\t\t\t\t\t<\/div>\n\t\t<\/section>\n\t\t\t\t<section class=\"elementor-section elementor-top-section elementor-element elementor-element-03d3f19 elementor-section-boxed elementor-section-height-default elementor-section-height-default\" data-id=\"03d3f19\" data-element_type=\"section\" data-e-type=\"section\">\n\t\t\t\t\t\t<div class=\"elementor-container elementor-column-gap-default\">\n\t\t\t\t\t<div class=\"elementor-column elementor-col-100 elementor-top-column elementor-element elementor-element-c4a4574\" data-id=\"c4a4574\" data-element_type=\"column\" data-e-type=\"column\">\n\t\t\t<div class=\"elementor-widget-wrap elementor-element-populated\">\n\t\t\t\t\t\t<div class=\"elementor-element elementor-element-325aac5 elementor-widget elementor-widget-image-carousel\" data-id=\"325aac5\" data-element_type=\"widget\" data-e-type=\"widget\" data-settings=\"{&quot;slides_to_show&quot;:&quot;4&quot;,&quot;navigation&quot;:&quot;none&quot;,&quot;speed&quot;:500}\" data-widget_type=\"image-carousel.default\">\n\t\t\t\t<div class=\"elementor-widget-container\">\n\t\t\t\t\t\t\t<div class=\"elementor-image-carousel-wrapper swiper\" role=\"region\" aria-roledescription=\"carousel\" aria-label=\"Image Carousel\" dir=\"ltr\">\n\t\t\t<div class=\"elementor-image-carousel swiper-wrapper\" aria-live=\"polite\">\n\t\t\t\t\t\t\t\t<div class=\"swiper-slide\" role=\"group\" aria-roledescription=\"slide\" aria-label=\"1 sur 4\"><figure class=\"swiper-slide-inner\"><img decoding=\"async\" class=\"swiper-slide-image\" src=\"https:\/\/lsf-france.com\/wp-content\/uploads\/2024\/09\/03_KLF_MONTPELLIER_402_websize-768x512.jpg\" alt=\"KLF 2024 Montpellier\" \/><\/figure><\/div><div class=\"swiper-slide\" role=\"group\" aria-roledescription=\"slide\" aria-label=\"2 sur 4\"><figure class=\"swiper-slide-inner\"><img decoding=\"async\" class=\"swiper-slide-image\" src=\"https:\/\/lsf-france.com\/wp-content\/uploads\/2024\/02\/6-bis-Ecole-2-768x513.jpg\" alt=\"6-bis-Ecole-2.jpg\" \/><\/figure><\/div><div class=\"swiper-slide\" role=\"group\" aria-roledescription=\"slide\" aria-label=\"3 sur 4\"><figure class=\"swiper-slide-inner\"><img decoding=\"async\" class=\"swiper-slide-image\" src=\"https:\/\/lsf-france.com\/wp-content\/uploads\/2024\/09\/03_KLF_MONTPELLIER_373_websize-768x512.jpg\" alt=\"KLF 2024 Montpellier\" \/><\/figure><\/div><div class=\"swiper-slide\" role=\"group\" aria-roledescription=\"slide\" aria-label=\"4 sur 4\"><figure class=\"swiper-slide-inner\"><img decoding=\"async\" class=\"swiper-slide-image\" src=\"https:\/\/lsf-france.com\/wp-content\/uploads\/2024\/09\/03_KLF_MONTPELLIER_419_websize-768x512.jpg\" alt=\"KLF 2024 Montpellier\" \/><\/figure><\/div>\t\t\t<\/div>\n\t\t\t\t\t\t\t\n\t\t\t\t\t\t\t\t\t<\/div>\n\t\t\t\t\t\t<\/div>\n\t\t\t\t<\/div>\n\t\t\t\t\t<\/div>\n\t\t<\/div>\n\t\t\t\t\t<\/div>\n\t\t<\/section>\n\t\t\t\t<section class=\"elementor-section elementor-top-section elementor-element elementor-element-dd492bf elementor-section-boxed elementor-section-height-default elementor-section-height-default\" data-id=\"dd492bf\" data-element_type=\"section\" data-e-type=\"section\">\n\t\t\t\t\t\t<div class=\"elementor-container elementor-column-gap-default\">\n\t\t\t\t\t<div class=\"elementor-column elementor-col-100 elementor-top-column elementor-element elementor-element-65b6ceb\" data-id=\"65b6ceb\" data-element_type=\"column\" data-e-type=\"column\">\n\t\t\t<div class=\"elementor-widget-wrap elementor-element-populated\">\n\t\t\t\t\t\t<div class=\"elementor-element elementor-element-d872351 elementor-widget elementor-widget-heading\" data-id=\"d872351\" data-element_type=\"widget\" data-e-type=\"widget\" data-widget_type=\"heading.default\">\n\t\t\t\t<div class=\"elementor-widget-container\">\n\t\t\t\t\t<h2 class=\"elementor-heading-title elementor-size-default\">Notre \u00e9cole pour adultes<\/h2>\t\t\t\t<\/div>\n\t\t\t\t<\/div>\n\t\t\t\t<div class=\"elementor-element elementor-element-bb134be elementor-widget elementor-widget-text-editor\" data-id=\"bb134be\" data-element_type=\"widget\" data-e-type=\"widget\" data-widget_type=\"text-editor.default\">\n\t\t\t\t<div class=\"elementor-widget-container\">\n\t\t\t\t\t\t\t\t\t<p>Dans notre \u00e9cole de langue fran\u00e7aise pour adultes situ\u00e9e dans le centre historique de Montpellier, vous disposez de tout ce qu&rsquo;il faut pour apprendre le fran\u00e7ais dans les meilleures conditions et profiter au maximum de votre s\u00e9jour linguistique dans le sud de la France !<\/p><p>L&rsquo;\u00e9cole principale pour adultes, qui abrite \u00e9galement notre \u00e9quipe administrative, est situ\u00e9e dans un b\u00e2timent de caract\u00e8re en face du Palais de Justice et \u00e0 c\u00f4t\u00e9 de l&rsquo;Arc de Triomphe, dans le centre historique de Montpellier, \u00e0 5 minutes \u00e0 pied de l&rsquo;impasse Barnab\u00e9 annexe et de la place de la Com\u00e9die. LSF a \u00e9galement ouvert la nouvelle annexe LSF Pr\u00e9fecture en mars 2016, soit 20 salles de classe climatis\u00e9es au total.<\/p><p><strong>LSF vous offre l&rsquo;opportunit\u00e9 d&rsquo;apprendre le fran\u00e7ais dans un lieu flambant neuf, chaleureux et convivial, dot\u00e9 d&rsquo;\u00e9quipements modernes :<\/strong><\/p><ul><li>20 salles de classe climatis\u00e9es situ\u00e9es dans des b\u00e2timents prestigieux du centre historique de Montpellier, salles spacieuses et lumineuses, vous permettant d&rsquo;apprendre le fran\u00e7ais dans les meilleures conditions.<\/li><li>5 Panneaux plats interactifs<\/li><li>Ordinateurs \u00e0 \u00e9cran plat avec Internet \u00e0 haut d\u00e9bit et acc\u00e8s sans fil (WIFI) gratuit<\/li><li>Un coin salon avec th\u00e9, caf\u00e9, chocolat et boissons fra\u00eeches \u00e0 disposition, un distributeur de snacks et une fontaine \u00e0 eau.<\/li><li>Un jardin priv\u00e9 au LSF Foch, id\u00e9al pour se d\u00e9tendre pendant les pauses entre amis et pour profiter des nombreuses journ\u00e9es ensoleill\u00e9es du sud de la France. Notre annexe Barnab\u00e9 dispose \u00e9galement d&rsquo;une terrasse unique sur le toit.<\/li><li>Un centre de ressources avec une s\u00e9lection de films en fran\u00e7ais, de litt\u00e9rature fran\u00e7aise et de cahiers d&rsquo;exercices que vous pouvez utiliser en compl\u00e9ment de vos \u00e9tudes.<\/li><li>Informations touristiques avec des magazines locaux, des journaux, des livres touristiques, des informations culturelles, etc.<\/li><\/ul>\t\t\t\t\t\t\t\t<\/div>\n\t\t\t\t<\/div>\n\t\t\t\t\t<\/div>\n\t\t<\/div>\n\t\t\t\t\t<\/div>\n\t\t<\/section>\n\t\t\t\t<section class=\"elementor-section elementor-top-section elementor-element elementor-element-5274491 elementor-section-boxed elementor-section-height-default elementor-section-height-default\" data-id=\"5274491\" data-element_type=\"section\" data-e-type=\"section\">\n\t\t\t\t\t\t<div class=\"elementor-container elementor-column-gap-default\">\n\t\t\t\t\t<div class=\"elementor-column elementor-col-100 elementor-top-column elementor-element elementor-element-d7e3da1\" data-id=\"d7e3da1\" data-element_type=\"column\" data-e-type=\"column\">\n\t\t\t<div class=\"elementor-widget-wrap elementor-element-populated\">\n\t\t\t\t\t\t<div class=\"elementor-element elementor-element-425b7f8 elementor-widget elementor-widget-image-carousel\" data-id=\"425b7f8\" data-element_type=\"widget\" data-e-type=\"widget\" data-settings=\"{&quot;slides_to_show&quot;:&quot;4&quot;,&quot;navigation&quot;:&quot;none&quot;,&quot;speed&quot;:500}\" data-widget_type=\"image-carousel.default\">\n\t\t\t\t<div class=\"elementor-widget-container\">\n\t\t\t\t\t\t\t<div class=\"elementor-image-carousel-wrapper swiper\" role=\"region\" aria-roledescription=\"carousel\" aria-label=\"Image Carousel\" dir=\"ltr\">\n\t\t\t<div class=\"elementor-image-carousel swiper-wrapper\" aria-live=\"polite\">\n\t\t\t\t\t\t\t\t<div class=\"swiper-slide\" role=\"group\" aria-roledescription=\"slide\" aria-label=\"1 sur 4\"><figure class=\"swiper-slide-inner\"><img decoding=\"async\" class=\"swiper-slide-image\" src=\"https:\/\/lsf-france.com\/wp-content\/uploads\/2018\/10\/Plan-de-travail-1.jpg\" alt=\"Cours combin\u00e9s\" \/><\/figure><\/div><div class=\"swiper-slide\" role=\"group\" aria-roledescription=\"slide\" aria-label=\"2 sur 4\"><figure class=\"swiper-slide-inner\"><img decoding=\"async\" class=\"swiper-slide-image\" src=\"https:\/\/lsf-france.com\/wp-content\/uploads\/2024\/09\/03_KLF_MONTPELLIER_232_websize-768x512.jpg\" alt=\"KLF 2024 Montpellier\" \/><\/figure><\/div><div class=\"swiper-slide\" role=\"group\" aria-roledescription=\"slide\" aria-label=\"3 sur 4\"><figure class=\"swiper-slide-inner\"><img decoding=\"async\" class=\"swiper-slide-image\" src=\"https:\/\/lsf-france.com\/wp-content\/uploads\/2023\/07\/2-General-French-Courses-1-768x512.jpg\" alt=\"2 General French Courses\" \/><\/figure><\/div><div class=\"swiper-slide\" role=\"group\" aria-roledescription=\"slide\" aria-label=\"4 sur 4\"><figure class=\"swiper-slide-inner\"><img decoding=\"async\" class=\"swiper-slide-image\" src=\"https:\/\/lsf-france.com\/wp-content\/uploads\/2024\/09\/03_KLF_MONTPELLIER_201_websize-768x512.jpg\" alt=\"KLF 2024 Montpellier\" \/><\/figure><\/div>\t\t\t<\/div>\n\t\t\t\t\t\t\t\n\t\t\t\t\t\t\t\t\t<\/div>\n\t\t\t\t\t\t<\/div>\n\t\t\t\t<\/div>\n\t\t\t\t\t<\/div>\n\t\t<\/div>\n\t\t\t\t\t<\/div>\n\t\t<\/section>\n\t\t\t\t<section class=\"elementor-section elementor-top-section elementor-element elementor-element-6c9f2c0 elementor-section-boxed elementor-section-height-default elementor-section-height-default\" data-id=\"6c9f2c0\" data-element_type=\"section\" data-e-type=\"section\">\n\t\t\t\t\t\t<div class=\"elementor-container elementor-column-gap-default\">\n\t\t\t\t\t<div class=\"elementor-column elementor-col-100 elementor-top-column elementor-element elementor-element-36f56c4\" data-id=\"36f56c4\" data-element_type=\"column\" data-e-type=\"column\">\n\t\t\t<div class=\"elementor-widget-wrap elementor-element-populated\">\n\t\t\t\t\t\t<div class=\"elementor-element elementor-element-2382b34 elementor-widget elementor-widget-heading\" data-id=\"2382b34\" data-element_type=\"widget\" data-e-type=\"widget\" data-widget_type=\"heading.default\">\n\t\t\t\t<div class=\"elementor-widget-container\">\n\t\t\t\t\t<h2 class=\"elementor-heading-title elementor-size-default\">Notre \u00e9cole primaire<\/h2>\t\t\t\t<\/div>\n\t\t\t\t<\/div>\n\t\t\t\t<div class=\"elementor-element elementor-element-c77f6ad elementor-widget elementor-widget-text-editor\" data-id=\"c77f6ad\" data-element_type=\"widget\" data-e-type=\"widget\" data-widget_type=\"text-editor.default\">\n\t\t\t\t<div class=\"elementor-widget-container\">\n\t\t\t\t\t\t\t\t\t<p>Notre centre Junior est situ\u00e9 dans le centre de Montpellier, \u00e0 proximit\u00e9 du centre Adulte.<\/p><p>Les \u00e9tudiants ont tout ce qu&rsquo;il faut pour apprendre le fran\u00e7ais dans les meilleures conditions et pour profiter au maximum de leur s\u00e9jour linguistique dans le sud de la France, avec d&rsquo;excellentes installations.<\/p>\t\t\t\t\t\t\t\t<\/div>\n\t\t\t\t<\/div>\n\t\t\t\t\t<\/div>\n\t\t<\/div>\n\t\t\t\t\t<\/div>\n\t\t<\/section>\n\t\t\t\t<section class=\"elementor-section elementor-top-section elementor-element elementor-element-5e3e668 elementor-section-boxed elementor-section-height-default elementor-section-height-default\" data-id=\"5e3e668\" data-element_type=\"section\" data-e-type=\"section\">\n\t\t\t\t\t\t<div class=\"elementor-container elementor-column-gap-default\">\n\t\t\t\t\t<div class=\"elementor-column elementor-col-100 elementor-top-column elementor-element elementor-element-f923529\" data-id=\"f923529\" data-element_type=\"column\" data-e-type=\"column\">\n\t\t\t<div class=\"elementor-widget-wrap elementor-element-populated\">\n\t\t\t\t\t\t<div class=\"elementor-element elementor-element-8db3445 elementor-widget elementor-widget-image-carousel\" data-id=\"8db3445\" data-element_type=\"widget\" data-e-type=\"widget\" data-settings=\"{&quot;slides_to_show&quot;:&quot;4&quot;,&quot;navigation&quot;:&quot;none&quot;,&quot;speed&quot;:500}\" data-widget_type=\"image-carousel.default\">\n\t\t\t\t<div class=\"elementor-widget-container\">\n\t\t\t\t\t\t\t<div class=\"elementor-image-carousel-wrapper swiper\" role=\"region\" aria-roledescription=\"carousel\" aria-label=\"Image Carousel\" dir=\"ltr\">\n\t\t\t<div class=\"elementor-image-carousel swiper-wrapper\" aria-live=\"polite\">\n\t\t\t\t\t\t\t\t<div class=\"swiper-slide\" role=\"group\" aria-roledescription=\"slide\" aria-label=\"1 sur 4\"><figure class=\"swiper-slide-inner\"><img decoding=\"async\" class=\"swiper-slide-image\" src=\"https:\/\/lsf-france.com\/wp-content\/uploads\/2024\/02\/0X3A6920-768x512.jpg\" alt=\"0X3A6920.jpg\" \/><\/figure><\/div><div class=\"swiper-slide\" role=\"group\" aria-roledescription=\"slide\" aria-label=\"2 sur 4\"><figure class=\"swiper-slide-inner\"><img decoding=\"async\" class=\"swiper-slide-image\" src=\"https:\/\/lsf-france.com\/wp-content\/uploads\/2024\/09\/03_KLF_MONTPELLIER_347_websize-768x512.jpg\" alt=\"KLF 2024 Montpellier\" \/><\/figure><\/div><div class=\"swiper-slide\" role=\"group\" aria-roledescription=\"slide\" aria-label=\"3 sur 4\"><figure class=\"swiper-slide-inner\"><img decoding=\"async\" class=\"swiper-slide-image\" src=\"https:\/\/lsf-france.com\/wp-content\/uploads\/2024\/09\/03_KLF_MONTPELLIER_341_websize-768x512.jpg\" alt=\"KLF 2024 Montpellier\" \/><\/figure><\/div><div class=\"swiper-slide\" role=\"group\" aria-roledescription=\"slide\" aria-label=\"4 sur 4\"><figure class=\"swiper-slide-inner\"><img decoding=\"async\" class=\"swiper-slide-image\" src=\"https:\/\/lsf-france.com\/wp-content\/uploads\/2024\/02\/Group-photo-LSF-768x512.jpg\" alt=\"Group-photo-LSF.jpg\" \/><\/figure><\/div>\t\t\t<\/div>\n\t\t\t\t\t\t\t\n\t\t\t\t\t\t\t\t\t<\/div>\n\t\t\t\t\t\t<\/div>\n\t\t\t\t<\/div>\n\t\t\t\t\t<\/div>\n\t\t<\/div>\n\t\t\t\t\t<\/div>\n\t\t<\/section>\n\t\t\t\t<\/div>\n\t\t","protected":false},"excerpt":{"rendered":"<p>LSF Montpellier est un \u00e9tablissement priv\u00e9 d&rsquo;enseignement sup\u00e9rieur, l&rsquo;une des \u00e9coles de langue fran\u00e7aise les plus \u00e9tablies et les plus connues en France. Chaque ann\u00e9e, 2 800 \u00e9tudiants du monde [&hellip;]<\/p>\n","protected":false},"author":1,"featured_media":34158,"parent":34045,"menu_order":0,"comment_status":"closed","ping_status":"closed","template":"","meta":{"_acf_changed":false,"content-type":"","footnotes":""},"class_list":["post-34293","page","type-page","status-publish","has-post-thumbnail","hentry"],"acf":[],"_links":{"self":[{"href":"https:\/\/lsf-france.com\/fr\/wp-json\/wp\/v2\/pages\/34293","targetHints":{"allow":["GET"]}}],"collection":[{"href":"https:\/\/lsf-france.com\/fr\/wp-json\/wp\/v2\/pages"}],"about":[{"href":"https:\/\/lsf-france.com\/fr\/wp-json\/wp\/v2\/types\/page"}],"author":[{"embeddable":true,"href":"https:\/\/lsf-france.com\/fr\/wp-json\/wp\/v2\/users\/1"}],"replies":[{"embeddable":true,"href":"https:\/\/lsf-france.com\/fr\/wp-json\/wp\/v2\/comments?post=34293"}],"version-history":[{"count":4,"href":"https:\/\/lsf-france.com\/fr\/wp-json\/wp\/v2\/pages\/34293\/revisions"}],"predecessor-version":[{"id":414794,"href":"https:\/\/lsf-france.com\/fr\/wp-json\/wp\/v2\/pages\/34293\/revisions\/414794"}],"up":[{"embeddable":true,"href":"https:\/\/lsf-france.com\/fr\/wp-json\/wp\/v2\/pages\/34045"}],"wp:featuredmedia":[{"embeddable":true,"href":"https:\/\/lsf-france.com\/fr\/wp-json\/wp\/v2\/media\/34158"}],"wp:attachment":[{"href":"https:\/\/lsf-france.com\/fr\/wp-json\/wp\/v2\/media?parent=34293"}],"curies":[{"name":"wp","href":"https:\/\/api.w.org\/{rel}","templated":true}]}}