{"id":34422,"date":"2019-02-15T12:15:56","date_gmt":"2019-02-15T11:15:56","guid":{"rendered":"https:\/\/lsf-france.com\/devenir-famille-daccueil-pour-lsf\/"},"modified":"2019-02-15T12:15:57","modified_gmt":"2019-02-15T11:15:57","slug":"devenir-famille-daccueil-pour-lsf","status":"publish","type":"page","link":"https:\/\/lsf-france.com\/fr\/devenir-famille-daccueil-pour-lsf\/","title":{"rendered":"Devenir famille d&rsquo;accueil pour LSF"},"content":{"rendered":"<p>[vc_row css=\u00a0\u00bb.vc_custom_1541158463892{margin-top: 20px !important;}\u00a0\u00bb][vc_column width=\u00a0\u00bb2\/3&Prime;][vc_images_carousel images=\u00a0\u00bb31919,31858,31864&Prime; img_size=\u00a0\u00bbfull\u00a0\u00bb autoplay=\u00a0\u00bbyes\u00a0\u00bb][vc_column_text]<\/p>\n<article id=\"post-596\" class=\"post-596 page type-page status-publish hentry\">\n<div class=\"entry-content\">\n<h3>Vivre une exp\u00e9rience inter-culturelle et compl\u00e9ter ses revenus, voici ce que vous propose LSF Montpellier, \u00e9cole de fran\u00e7ais pour \u00e9tudiants provenant du monde entier<\/h3>\n<hr style=\"background-color: #ffed00; height: 3px;\" \/>\n<p>LSF Montpellier recherche des familles d\u2019accueil pour ses \u00e9tudiants en fran\u00e7ais.<\/p>\n<p>LSF Montpellier accueille des \u00e9tudiants \u00e9trangers mineurs et adultes qui viennent des 4 coins du monde. Si vous habitez en centre-ville et alentours (distance maximum des terminus des lignes de Tramways) : vous pouvez accueillir des \u00e9tudiants contre r\u00e9mun\u00e9ration (r\u00e9guli\u00e8rement ou ponctuellement, en courts ou longs s\u00e9jours).<\/p>\n<p><strong>De nombreux avantages :<\/strong><\/p>\n<ul>\n<li>Exp\u00e9rience riche et gratifiante<\/li>\n<li>Sans engagement : vous pouvez recevoir des \u00e9tudiants de mani\u00e8re ponctuelle ou r\u00e9guli\u00e8re.<\/li>\n<li>Nos \u00e9tudiants viennent du monde entier pour \u00e9tudier le fran\u00e7ais pour de courts et longs s\u00e9jours.<\/li>\n<li>Diff\u00e9rentes options pour les repas peuvent \u00eatre s\u00e9lectionn\u00e9es pour une bonne int\u00e9gration dans votre quotidien<\/li>\n<li>R\u00e9mun\u00e9ration attrayante<\/li>\n<\/ul>\n<p>Most of LSF\u2019s host families have been hosting students for many years and are very experienced. They all answer our various criteria of selection (Charter and Rules): a sense of welcome and hospitality, a warm, clean and welcoming home, a good location and easy access (35 minutes maximum). The families live close to LSF French language school or are just a short bus- or tram-ride away.<\/p>\n<\/div>\n<\/article>\n<p>[\/vc_column_text][vc_video link=\u00a0\u00bbhttps:\/\/www.youtube.com\/watch?v=bxflfz0byCM\u00a0\u00bb][\/vc_column][vc_column width=\u00a0\u00bb1\/3&Prime; css=\u00a0\u00bb.vc_custom_1547210270723{margin-bottom: 20px !important;background-color: #f2f2f2 !important;border-radius: 3px !important;}\u00a0\u00bb][vc_custom_heading text=\u00a0\u00bbEnvoyez-nous votre demande\u00a0\u00bb font_container=\u00a0\u00bbtag:h3|text_align:left\u00a0\u00bb use_theme_fonts=\u00a0\u00bbyes\u00a0\u00bb][contact-form-7 id=\u00a0\u00bb33944&Prime;][\/vc_column][\/vc_row]<\/p>\n","protected":false},"excerpt":{"rendered":"<p>[vc_row css=\u00a0\u00bb.vc_custom_1541158463892{margin-top: 20px !important;}\u00a0\u00bb][vc_column width=\u00a0\u00bb2\/3&Prime;][vc_images_carousel images=\u00a0\u00bb31919,31858,31864&Prime; img_size=\u00a0\u00bbfull\u00a0\u00bb autoplay=\u00a0\u00bbyes\u00a0\u00bb][vc_column_text] Vivre une exp\u00e9rience inter-culturelle et compl\u00e9ter ses revenus, voici ce que vous propose LSF Montpellier, \u00e9cole de fran\u00e7ais pour \u00e9tudiants provenant du [&hellip;]<\/p>\n","protected":false},"author":1,"featured_media":0,"parent":0,"menu_order":0,"comment_status":"closed","ping_status":"closed","template":"","meta":{"_acf_changed":false,"content-type":"","footnotes":""},"class_list":["post-34422","page","type-page","status-publish","hentry"],"acf":[],"yoast_head":"<!-- This site is optimized with the Yoast SEO plugin v27.5 - https:\/\/yoast.com\/product\/yoast-seo-wordpress\/ -->\n<title>Devenir famille d&#039;accueil pour LSF - LSF | Learn French in South of France<\/title>\n<meta name=\"robots\" content=\"index, follow, max-snippet:-1, max-image-preview:large, max-video-preview:-1\" \/>\n<link rel=\"canonical\" href=\"https:\/\/lsf-france.com\/fr\/devenir-famille-daccueil-pour-lsf\/\" \/>\n<meta property=\"og:locale\" content=\"fr_FR\" \/>\n<meta property=\"og:type\" content=\"article\" \/>\n<meta property=\"og:title\" content=\"Devenir famille d&#039;accueil pour LSF - LSF | Learn French in South of France\" \/>\n<meta property=\"og:description\" content=\"[vc_row css=\u00a0\u00bb.vc_custom_1541158463892{margin-top: 20px !important;}\u00a0\u00bb][vc_column width=\u00a0\u00bb2\/3&Prime;][vc_images_carousel images=\u00a0\u00bb31919,31858,31864&Prime; img_size=\u00a0\u00bbfull\u00a0\u00bb autoplay=\u00a0\u00bbyes\u00a0\u00bb][vc_column_text] Vivre une exp\u00e9rience inter-culturelle et compl\u00e9ter ses revenus, voici ce que vous propose LSF Montpellier, \u00e9cole de fran\u00e7ais pour \u00e9tudiants provenant du [&hellip;]\" \/>\n<meta property=\"og:url\" content=\"https:\/\/lsf-france.com\/fr\/devenir-famille-daccueil-pour-lsf\/\" \/>\n<meta property=\"og:site_name\" content=\"LSF | Learn French in South of France\" \/>\n<meta property=\"article:modified_time\" content=\"2019-02-15T11:15:57+00:00\" \/>\n<meta name=\"twitter:card\" content=\"summary_large_image\" \/>\n<meta name=\"twitter:label1\" content=\"Dur\u00e9e de lecture estim\u00e9e\" \/>\n\t<meta name=\"twitter:data1\" content=\"2 minutes\" \/>\n<script type=\"application\/ld+json\" class=\"yoast-schema-graph\">{\"@context\":\"https:\\\/\\\/schema.org\",\"@graph\":[{\"@type\":\"WebPage\",\"@id\":\"https:\\\/\\\/lsf-france.com\\\/fr\\\/devenir-famille-daccueil-pour-lsf\\\/\",\"url\":\"https:\\\/\\\/lsf-france.com\\\/fr\\\/devenir-famille-daccueil-pour-lsf\\\/\",\"name\":\"Devenir famille d'accueil pour LSF - LSF | Learn French in South of France\",\"isPartOf\":{\"@id\":\"https:\\\/\\\/lsf-france.com\\\/es\\\/#website\"},\"datePublished\":\"2019-02-15T11:15:56+00:00\",\"dateModified\":\"2019-02-15T11:15:57+00:00\",\"breadcrumb\":{\"@id\":\"https:\\\/\\\/lsf-france.com\\\/fr\\\/devenir-famille-daccueil-pour-lsf\\\/#breadcrumb\"},\"inLanguage\":\"fr-FR\",\"potentialAction\":[{\"@type\":\"ReadAction\",\"target\":[\"https:\\\/\\\/lsf-france.com\\\/fr\\\/devenir-famille-daccueil-pour-lsf\\\/\"]}]},{\"@type\":\"BreadcrumbList\",\"@id\":\"https:\\\/\\\/lsf-france.com\\\/fr\\\/devenir-famille-daccueil-pour-lsf\\\/#breadcrumb\",\"itemListElement\":[{\"@type\":\"ListItem\",\"position\":1,\"name\":\"Home\",\"item\":\"https:\\\/\\\/lsf-france.com\\\/fr\\\/\"},{\"@type\":\"ListItem\",\"position\":2,\"name\":\"Devenir famille d&rsquo;accueil pour LSF\"}]},{\"@type\":\"WebSite\",\"@id\":\"https:\\\/\\\/lsf-france.com\\\/es\\\/#website\",\"url\":\"https:\\\/\\\/lsf-france.com\\\/es\\\/\",\"name\":\"LSF | Learn French in South of France\",\"description\":\"Learn French in France, Montpellier French Language School, LSF\",\"publisher\":{\"@id\":\"https:\\\/\\\/lsf-france.com\\\/es\\\/#organization\"},\"potentialAction\":[{\"@type\":\"SearchAction\",\"target\":{\"@type\":\"EntryPoint\",\"urlTemplate\":\"https:\\\/\\\/lsf-france.com\\\/es\\\/?s={search_term_string}\"},\"query-input\":{\"@type\":\"PropertyValueSpecification\",\"valueRequired\":true,\"valueName\":\"search_term_string\"}}],\"inLanguage\":\"fr-FR\"},{\"@type\":\"Organization\",\"@id\":\"https:\\\/\\\/lsf-france.com\\\/es\\\/#organization\",\"name\":\"LSF Montpellier\",\"url\":\"https:\\\/\\\/lsf-france.com\\\/es\\\/\",\"logo\":{\"@type\":\"ImageObject\",\"inLanguage\":\"fr-FR\",\"@id\":\"https:\\\/\\\/lsf-france.com\\\/es\\\/#\\\/schema\\\/logo\\\/image\\\/\",\"url\":\"https:\\\/\\\/lsf-france.com\\\/wp-content\\\/uploads\\\/2018\\\/11\\\/PleinBleux2.png\",\"contentUrl\":\"https:\\\/\\\/lsf-france.com\\\/wp-content\\\/uploads\\\/2018\\\/11\\\/PleinBleux2.png\",\"width\":1000,\"height\":1000,\"caption\":\"LSF Montpellier\"},\"image\":{\"@id\":\"https:\\\/\\\/lsf-france.com\\\/es\\\/#\\\/schema\\\/logo\\\/image\\\/\"}}]}<\/script>\n<!-- \/ Yoast SEO plugin. -->","yoast_head_json":{"title":"Devenir famille d'accueil pour LSF - LSF | Learn French in South of France","robots":{"index":"index","follow":"follow","max-snippet":"max-snippet:-1","max-image-preview":"max-image-preview:large","max-video-preview":"max-video-preview:-1"},"canonical":"https:\/\/lsf-france.com\/fr\/devenir-famille-daccueil-pour-lsf\/","og_locale":"fr_FR","og_type":"article","og_title":"Devenir famille d'accueil pour LSF - LSF | Learn French in South of France","og_description":"[vc_row css=\u00a0\u00bb.vc_custom_1541158463892{margin-top: 20px !important;}\u00a0\u00bb][vc_column width=\u00a0\u00bb2\/3&Prime;][vc_images_carousel images=\u00a0\u00bb31919,31858,31864&Prime; img_size=\u00a0\u00bbfull\u00a0\u00bb autoplay=\u00a0\u00bbyes\u00a0\u00bb][vc_column_text] Vivre une exp\u00e9rience inter-culturelle et compl\u00e9ter ses revenus, voici ce que vous propose LSF Montpellier, \u00e9cole de fran\u00e7ais pour \u00e9tudiants provenant du [&hellip;]","og_url":"https:\/\/lsf-france.com\/fr\/devenir-famille-daccueil-pour-lsf\/","og_site_name":"LSF | Learn French in South of France","article_modified_time":"2019-02-15T11:15:57+00:00","twitter_card":"summary_large_image","twitter_misc":{"Dur\u00e9e de lecture estim\u00e9e":"2 minutes"},"schema":{"@context":"https:\/\/schema.org","@graph":[{"@type":"WebPage","@id":"https:\/\/lsf-france.com\/fr\/devenir-famille-daccueil-pour-lsf\/","url":"https:\/\/lsf-france.com\/fr\/devenir-famille-daccueil-pour-lsf\/","name":"Devenir famille d'accueil pour LSF - LSF | Learn French in South of France","isPartOf":{"@id":"https:\/\/lsf-france.com\/es\/#website"},"datePublished":"2019-02-15T11:15:56+00:00","dateModified":"2019-02-15T11:15:57+00:00","breadcrumb":{"@id":"https:\/\/lsf-france.com\/fr\/devenir-famille-daccueil-pour-lsf\/#breadcrumb"},"inLanguage":"fr-FR","potentialAction":[{"@type":"ReadAction","target":["https:\/\/lsf-france.com\/fr\/devenir-famille-daccueil-pour-lsf\/"]}]},{"@type":"BreadcrumbList","@id":"https:\/\/lsf-france.com\/fr\/devenir-famille-daccueil-pour-lsf\/#breadcrumb","itemListElement":[{"@type":"ListItem","position":1,"name":"Home","item":"https:\/\/lsf-france.com\/fr\/"},{"@type":"ListItem","position":2,"name":"Devenir famille d&rsquo;accueil pour LSF"}]},{"@type":"WebSite","@id":"https:\/\/lsf-france.com\/es\/#website","url":"https:\/\/lsf-france.com\/es\/","name":"LSF | Learn French in South of France","description":"Learn French in France, Montpellier French Language School, LSF","publisher":{"@id":"https:\/\/lsf-france.com\/es\/#organization"},"potentialAction":[{"@type":"SearchAction","target":{"@type":"EntryPoint","urlTemplate":"https:\/\/lsf-france.com\/es\/?s={search_term_string}"},"query-input":{"@type":"PropertyValueSpecification","valueRequired":true,"valueName":"search_term_string"}}],"inLanguage":"fr-FR"},{"@type":"Organization","@id":"https:\/\/lsf-france.com\/es\/#organization","name":"LSF Montpellier","url":"https:\/\/lsf-france.com\/es\/","logo":{"@type":"ImageObject","inLanguage":"fr-FR","@id":"https:\/\/lsf-france.com\/es\/#\/schema\/logo\/image\/","url":"https:\/\/lsf-france.com\/wp-content\/uploads\/2018\/11\/PleinBleux2.png","contentUrl":"https:\/\/lsf-france.com\/wp-content\/uploads\/2018\/11\/PleinBleux2.png","width":1000,"height":1000,"caption":"LSF Montpellier"},"image":{"@id":"https:\/\/lsf-france.com\/es\/#\/schema\/logo\/image\/"}}]}},"_links":{"self":[{"href":"https:\/\/lsf-france.com\/fr\/wp-json\/wp\/v2\/pages\/34422","targetHints":{"allow":["GET"]}}],"collection":[{"href":"https:\/\/lsf-france.com\/fr\/wp-json\/wp\/v2\/pages"}],"about":[{"href":"https:\/\/lsf-france.com\/fr\/wp-json\/wp\/v2\/types\/page"}],"author":[{"embeddable":true,"href":"https:\/\/lsf-france.com\/fr\/wp-json\/wp\/v2\/users\/1"}],"replies":[{"embeddable":true,"href":"https:\/\/lsf-france.com\/fr\/wp-json\/wp\/v2\/comments?post=34422"}],"version-history":[{"count":1,"href":"https:\/\/lsf-france.com\/fr\/wp-json\/wp\/v2\/pages\/34422\/revisions"}],"predecessor-version":[{"id":403720,"href":"https:\/\/lsf-france.com\/fr\/wp-json\/wp\/v2\/pages\/34422\/revisions\/403720"}],"wp:attachment":[{"href":"https:\/\/lsf-france.com\/fr\/wp-json\/wp\/v2\/media?parent=34422"}],"curies":[{"name":"wp","href":"https:\/\/api.w.org\/{rel}","templated":true}]}}