{"id":383111,"date":"2020-02-18T16:02:04","date_gmt":"2020-02-18T15:02:04","guid":{"rendered":"https:\/\/lsf-france.com\/activites\/activites-de-la-semaine\/"},"modified":"2025-10-03T16:38:47","modified_gmt":"2025-10-03T14:38:47","slug":"activites-de-la-semaine","status":"publish","type":"page","link":"https:\/\/lsf-france.com\/fr\/activites-en-france-avec-lsf-montpellier\/activites-de-la-semaine\/","title":{"rendered":"Activit\u00e9s"},"content":{"rendered":"\t\t<div data-elementor-type=\"wp-page\" data-elementor-id=\"383111\" class=\"elementor elementor-383111 elementor-383104\" data-elementor-post-type=\"page\">\n\t\t\t\t\t\t<section class=\"elementor-section elementor-top-section elementor-element elementor-element-e0a85af elementor-section-boxed elementor-section-height-default elementor-section-height-default\" data-id=\"e0a85af\" data-element_type=\"section\" data-e-type=\"section\">\n\t\t\t\t\t\t<div class=\"elementor-container elementor-column-gap-default\">\n\t\t\t\t\t<div class=\"elementor-column elementor-col-100 elementor-top-column elementor-element elementor-element-488269c\" data-id=\"488269c\" data-element_type=\"column\" data-e-type=\"column\">\n\t\t\t<div class=\"elementor-widget-wrap elementor-element-populated\">\n\t\t\t\t\t\t<div class=\"elementor-element elementor-element-3b02985 elementor-widget elementor-widget-heading\" data-id=\"3b02985\" data-element_type=\"widget\" data-e-type=\"widget\" data-widget_type=\"heading.default\">\n\t\t\t\t<div class=\"elementor-widget-container\">\n\t\t\t\t\t<h2 class=\"elementor-heading-title elementor-size-default\">Activit\u00e9s<\/h2>\t\t\t\t<\/div>\n\t\t\t\t<\/div>\n\t\t\t\t<div class=\"elementor-element elementor-element-b6ee358 elementor-widget-divider--view-line elementor-widget elementor-widget-divider\" data-id=\"b6ee358\" data-element_type=\"widget\" data-e-type=\"widget\" data-widget_type=\"divider.default\">\n\t\t\t\t<div class=\"elementor-widget-container\">\n\t\t\t\t\t\t\t<div class=\"elementor-divider\">\n\t\t\t<span class=\"elementor-divider-separator\">\n\t\t\t\t\t\t<\/span>\n\t\t<\/div>\n\t\t\t\t\t\t<\/div>\n\t\t\t\t<\/div>\n\t\t\t\t<div class=\"elementor-element elementor-element-cb5d3a8 elementor-widget elementor-widget-text-editor\" data-id=\"cb5d3a8\" data-element_type=\"widget\" data-e-type=\"widget\" data-widget_type=\"text-editor.default\">\n\t\t\t\t<div class=\"elementor-widget-container\">\n\t\t\t\t\t\t\t\t\t<p class=\"p1\">Tu es d\u00e9j\u00e0 \u00e9tudiant \u00e0 LSF Montpellier ?<\/p><p class=\"p1\">Chaque semaine, profite d\u2019un large choix d\u2019activit\u00e9s sportives, culturelles et gastronomiques pour d\u00e9couvrir la r\u00e9gion, pratiquer ton fran\u00e7ais et rencontrer d\u2019autres \u00e9tudiants.<\/p><h3> <\/h3><h3><b>\ud83d\udcf2 Comment participer ?<\/b><\/h3><p class=\"p3\">Toutes nos activit\u00e9s sont d\u00e9sormais accessibles depuis ton <span class=\"s2\">\n  <b>application mobile KLF<\/b>\n<\/span> :<\/p><ul><li><p class=\"p1\">Consulte le calendrier complet des activit\u00e9s \u00e0 venir<\/p><\/li><li><p class=\"p1\">D\u00e9couvre tous les d\u00e9tails pratiques (horaires, lieux, prix, disponibilit\u00e9)<\/p><\/li><li><p class=\"p1\">Inscris-toi directement en ligne<\/p><\/li><li><p class=\"p1\">R\u00e9serve et paie en toute s\u00e9curit\u00e9 via l\u2019application<\/p><\/li><\/ul><h3> <\/h3><h3><b>\ud83d\uddc2\ufe0f Cat\u00e9gories d\u2019activit\u00e9s<br><\/b><\/h3><ul><li><p class=\"p1\"><a style=\"font-family: -apple-system, BlinkMacSystemFont, 'Segoe UI', Roboto, 'Helvetica Neue', Arial, 'Noto Sans', sans-serif, 'Apple Color Emoji', 'Segoe UI Emoji', 'Segoe UI Symbol', 'Noto Color Emoji';\" href=\"https:\/\/lsf-france.com\/fr\/activites-en-france-avec-lsf-montpellier\/sport-et-loisirs\/\" target=\"_blank\" rel=\"noopener\">Sport &amp; Loisirs<\/a> : yoga, randonn\u00e9e, beach-volley, excursions nature\u2026<\/p><\/li><li><p class=\"p1\"><a style=\"font-family: -apple-system, BlinkMacSystemFont, 'Segoe UI', Roboto, 'Helvetica Neue', Arial, 'Noto Sans', sans-serif, 'Apple Color Emoji', 'Segoe UI Emoji', 'Segoe UI Symbol', 'Noto Color Emoji';\" href=\"https:\/\/lsf-france.com\/fr\/activites-en-france-avec-lsf-montpellier\/art-et-culture\/\" target=\"_blank\" rel=\"noopener\">Art &amp; Culture : <\/a>visites guid\u00e9es, th\u00e9\u00e2tre, cin\u00e9ma, ateliers cr\u00e9atifs\u2026<\/p><\/li><li><p class=\"p1\"><a style=\"font-family: -apple-system, BlinkMacSystemFont, 'Segoe UI', Roboto, 'Helvetica Neue', Arial, 'Noto Sans', sans-serif, 'Apple Color Emoji', 'Segoe UI Emoji', 'Segoe UI Symbol', 'Noto Color Emoji';\" href=\"https:\/\/lsf-france.com\/fr\/activites-en-france-avec-lsf-montpellier\/histoire-et-gastronomie\/\" target=\"_blank\" rel=\"noopener\">Histoire &amp; Gastronomie :<\/a> patrimoine, d\u00e9gustations, cuisine fran\u00e7aise\u2026<\/p><\/li><\/ul><p> <\/p><p class=\"p1\">\ud83d\udc49 <span class=\"s1\">\n  <b>T\u00e9l\u00e9charge d\u00e8s maintenant <\/b>\n<\/span>ton application KLF pour d\u00e9couvrir le programme de la semaine et r\u00e9server tes prochaines activit\u00e9s !<\/p><p class=\"p1\">(*vous devez \u00eatre \u00e9tudiant \u00e0 LSF pour vous inscrire)<\/p>\t\t\t\t\t\t\t\t<\/div>\n\t\t\t\t<\/div>\n\t\t\t\t<section class=\"elementor-section elementor-inner-section elementor-element elementor-element-ae4384f elementor-section-boxed elementor-section-height-default elementor-section-height-default\" data-id=\"ae4384f\" data-element_type=\"section\" data-e-type=\"section\">\n\t\t\t\t\t\t<div class=\"elementor-container elementor-column-gap-default\">\n\t\t\t\t\t<div class=\"elementor-column elementor-col-50 elementor-inner-column elementor-element elementor-element-3d7395a\" data-id=\"3d7395a\" data-element_type=\"column\" data-e-type=\"column\">\n\t\t\t<div class=\"elementor-widget-wrap elementor-element-populated\">\n\t\t\t\t\t\t<div class=\"elementor-element elementor-element-d56728a elementor-widget__width-auto elementor-mobile-align-justify elementor-widget-mobile__width-inherit elementor-align-center elementor-widget elementor-widget-button\" data-id=\"d56728a\" data-element_type=\"widget\" data-e-type=\"widget\" data-settings=\"{&quot;_animation&quot;:&quot;none&quot;}\" data-widget_type=\"button.default\">\n\t\t\t\t<div class=\"elementor-widget-container\">\n\t\t\t\t\t\t\t\t\t<div class=\"elementor-button-wrapper\">\n\t\t\t\t\t<a class=\"elementor-button elementor-button-link elementor-size-sm elementor-animation-bob\" href=\"https:\/\/apps.apple.com\/fr\/app\/%C3%A9coles-klf\/id947878822\" target=\"_blank\" rel=\"noopener\">\n\t\t\t\t\t\t<span class=\"elementor-button-content-wrapper\">\n\t\t\t\t\t\t<span class=\"elementor-button-icon\">\n\t\t\t\t\t\t\t<\/span>\n\t\t\t\t\t\t\t\t\t<span class=\"elementor-button-text\">T\u00e9l\u00e9chargez l'application sur l'Apple Store<\/span>\n\t\t\t\t\t<\/span>\n\t\t\t\t\t<\/a>\n\t\t\t\t<\/div>\n\t\t\t\t\t\t\t\t<\/div>\n\t\t\t\t<\/div>\n\t\t\t\t\t<\/div>\n\t\t<\/div>\n\t\t\t\t<div class=\"elementor-column elementor-col-50 elementor-inner-column elementor-element elementor-element-2126c4d\" data-id=\"2126c4d\" data-element_type=\"column\" data-e-type=\"column\">\n\t\t\t<div class=\"elementor-widget-wrap elementor-element-populated\">\n\t\t\t\t\t\t<div class=\"elementor-element elementor-element-55681e9 elementor-widget__width-auto elementor-mobile-align-justify elementor-widget-mobile__width-inherit elementor-align-center elementor-widget elementor-widget-button\" data-id=\"55681e9\" data-element_type=\"widget\" data-e-type=\"widget\" data-settings=\"{&quot;_animation&quot;:&quot;none&quot;}\" data-widget_type=\"button.default\">\n\t\t\t\t<div class=\"elementor-widget-container\">\n\t\t\t\t\t\t\t\t\t<div class=\"elementor-button-wrapper\">\n\t\t\t\t\t<a class=\"elementor-button elementor-button-link elementor-size-sm elementor-animation-bob\" href=\"https:\/\/play.google.com\/store\/search?q=%C3%A9coles%20KLF&#038;c=apps&#038;hl=fr\" target=\"_blank\" rel=\"noopener\">\n\t\t\t\t\t\t<span class=\"elementor-button-content-wrapper\">\n\t\t\t\t\t\t<span class=\"elementor-button-icon\">\n\t\t\t\t\t\t\t<\/span>\n\t\t\t\t\t\t\t\t\t<span class=\"elementor-button-text\">T\u00e9l\u00e9chargez l'application sur Google Play<\/span>\n\t\t\t\t\t<\/span>\n\t\t\t\t\t<\/a>\n\t\t\t\t<\/div>\n\t\t\t\t\t\t\t\t<\/div>\n\t\t\t\t<\/div>\n\t\t\t\t\t<\/div>\n\t\t<\/div>\n\t\t\t\t\t<\/div>\n\t\t<\/section>\n\t\t\t\t\t<\/div>\n\t\t<\/div>\n\t\t\t\t\t<\/div>\n\t\t<\/section>\n\t\t\t\t<section class=\"elementor-section elementor-top-section elementor-element elementor-element-59a4560 elementor-section-boxed elementor-section-height-default elementor-section-height-default\" data-id=\"59a4560\" data-element_type=\"section\" data-e-type=\"section\">\n\t\t\t\t\t\t<div class=\"elementor-container elementor-column-gap-default\">\n\t\t\t\t\t\t<\/div>\n\t\t<\/section>\n\t\t\t\t<\/div>\n\t\t","protected":false},"excerpt":{"rendered":"<p>Activit\u00e9s Tu es d\u00e9j\u00e0 \u00e9tudiant \u00e0 LSF Montpellier ? Chaque semaine, profite d\u2019un large choix d\u2019activit\u00e9s sportives, culturelles et gastronomiques pour d\u00e9couvrir la r\u00e9gion, pratiquer ton fran\u00e7ais et rencontrer d\u2019autres [&hellip;]<\/p>\n","protected":false},"author":1,"featured_media":391544,"parent":34021,"menu_order":0,"comment_status":"closed","ping_status":"closed","template":"","meta":{"_acf_changed":false,"content-type":"","footnotes":""},"class_list":["post-383111","page","type-page","status-publish","has-post-thumbnail","hentry"],"acf":[],"_links":{"self":[{"href":"https:\/\/lsf-france.com\/fr\/wp-json\/wp\/v2\/pages\/383111","targetHints":{"allow":["GET"]}}],"collection":[{"href":"https:\/\/lsf-france.com\/fr\/wp-json\/wp\/v2\/pages"}],"about":[{"href":"https:\/\/lsf-france.com\/fr\/wp-json\/wp\/v2\/types\/page"}],"author":[{"embeddable":true,"href":"https:\/\/lsf-france.com\/fr\/wp-json\/wp\/v2\/users\/1"}],"replies":[{"embeddable":true,"href":"https:\/\/lsf-france.com\/fr\/wp-json\/wp\/v2\/comments?post=383111"}],"version-history":[{"count":4,"href":"https:\/\/lsf-france.com\/fr\/wp-json\/wp\/v2\/pages\/383111\/revisions"}],"predecessor-version":[{"id":414159,"href":"https:\/\/lsf-france.com\/fr\/wp-json\/wp\/v2\/pages\/383111\/revisions\/414159"}],"up":[{"embeddable":true,"href":"https:\/\/lsf-france.com\/fr\/wp-json\/wp\/v2\/pages\/34021"}],"wp:featuredmedia":[{"embeddable":true,"href":"https:\/\/lsf-france.com\/fr\/wp-json\/wp\/v2\/media\/391544"}],"wp:attachment":[{"href":"https:\/\/lsf-france.com\/fr\/wp-json\/wp\/v2\/media?parent=383111"}],"curies":[{"name":"wp","href":"https:\/\/api.w.org\/{rel}","templated":true}]}}