{"id":383197,"date":"2020-02-24T16:23:08","date_gmt":"2020-02-24T15:23:08","guid":{"rendered":"https:\/\/lsf-france.com\/?page_id=383197"},"modified":"2024-09-03T11:53:32","modified_gmt":"2024-09-03T09:53:32","slug":"progression-a1-a-c2","status":"publish","type":"page","link":"https:\/\/lsf-france.com\/fr\/education\/progression-a1-a-c2\/","title":{"rendered":"Progression de A1 \u00e0 C2"},"content":{"rendered":"\t\t<div data-elementor-type=\"wp-page\" data-elementor-id=\"383197\" class=\"elementor elementor-383197 elementor-383195\" data-elementor-post-type=\"page\">\n\t\t\t\t\t\t<section class=\"elementor-section elementor-top-section elementor-element elementor-element-62391700 elementor-section-boxed elementor-section-height-default elementor-section-height-default\" data-id=\"62391700\" data-element_type=\"section\" data-e-type=\"section\">\n\t\t\t\t\t\t<div class=\"elementor-container elementor-column-gap-default\">\n\t\t\t\t\t<div class=\"elementor-column elementor-col-100 elementor-top-column elementor-element elementor-element-471c3f09\" data-id=\"471c3f09\" data-element_type=\"column\" data-e-type=\"column\">\n\t\t\t<div class=\"elementor-widget-wrap elementor-element-populated\">\n\t\t\t\t\t\t<div class=\"elementor-element elementor-element-61582201 elementor-widget elementor-widget-text-editor\" data-id=\"61582201\" data-element_type=\"widget\" data-e-type=\"widget\" data-widget_type=\"text-editor.default\">\n\t\t\t\t<div class=\"elementor-widget-container\">\n\t\t\t\t\t\t\t\t\t<p>L\u2019\u00e9cole LSF propose 5 niveaux de fran\u00e7ais bas\u00e9s sur le CECR (Cadre europ\u00e9en commun de r\u00e9f\u00e9rence pour les langues) :<\/p>\n<ul>\n<li><strong>Niveau A1<\/strong>\u00a0D\u00e9couvrir la langue : 90 heures\/6 semaines<\/li>\n<li><strong>Niveau A2<\/strong>\u00a0Se d\u00e9brouiller dans les situations de la vie quotidienne : 135 heures\/9 semaines<\/li>\n<li><strong>Niveau B1<\/strong>\u00a0Faire face aux situations de la vie quotidienne : 135 heures\/9 semaines<\/li>\n<li><strong>Niveau B2<\/strong>\u00a0\u00catre ind\u00e9pendant dans la vie quotidienne et professionnelle : 180 heures\/12 semaines<\/li>\n<li><strong>Niveau C1\/C2<\/strong>\u00a0\u00catre autonome dans la vie quotidienne et professionnelle : 180 heures\/12 semaines<\/li>\n<\/ul>\n\t\t\t\t\t\t\t\t<\/div>\n\t\t\t\t<\/div>\n\t\t\t\t<section class=\"elementor-section elementor-inner-section elementor-element elementor-element-2de91b0 elementor-section-boxed elementor-section-height-default elementor-section-height-default\" data-id=\"2de91b0\" data-element_type=\"section\" data-e-type=\"section\">\n\t\t\t\t\t\t<div class=\"elementor-container elementor-column-gap-default\">\n\t\t\t\t\t<div class=\"elementor-column elementor-col-50 elementor-inner-column elementor-element elementor-element-0513570\" data-id=\"0513570\" data-element_type=\"column\" data-e-type=\"column\">\n\t\t\t<div class=\"elementor-widget-wrap elementor-element-populated\">\n\t\t\t\t\t\t<div class=\"elementor-element elementor-element-3a3a674 elementor-widget elementor-widget-text-editor\" data-id=\"3a3a674\" data-element_type=\"widget\" data-e-type=\"widget\" data-widget_type=\"text-editor.default\">\n\t\t\t\t<div class=\"elementor-widget-container\">\n\t\t\t\t\t\t\t\t\t<h3>Si vous \u00eates d\u00e9butant complet, il vous faut*<\/h3>\n<ul>\n<li>5 semaines pour atteindre le niveau A1<\/li>\n<li>13 semaines pour atteindre le niveau A2<\/li>\n<li>21 semaines pour atteindre le niveau B1<\/li>\n<li>32 semaines pour atteindre le niveau B2<\/li>\n<li>44 semaines pour atteindre le niveau C1\/C2<\/li>\n<\/ul>\n<h3>Si vous avez le niveau A1, il vous faut*<\/h3>\n<ul>\n<li>8 semaines pour atteindre le niveau A2<\/li>\n<li>16 semaines pour atteindre le niveau B1<\/li>\n<li>27 semaines pour atteindre le niveau B2<\/li>\n<li>39 semaines pour atteindre le niveau C1\/C2<\/li>\n<\/ul>\n<h3>Si vous avez le niveau A2, il vous faut*<\/h3>\n<ul>\n<li>8 semaines pour atteindre le niveau B1<\/li>\n<li>19 semaines pour atteindre le niveau B2<\/li>\n<li>31 semaines pour atteindre le niveau C1\/C2<\/li>\n<\/ul>\n\t\t\t\t\t\t\t\t<\/div>\n\t\t\t\t<\/div>\n\t\t\t\t\t<\/div>\n\t\t<\/div>\n\t\t\t\t<div class=\"elementor-column elementor-col-50 elementor-inner-column elementor-element elementor-element-7e4844a\" data-id=\"7e4844a\" data-element_type=\"column\" data-e-type=\"column\">\n\t\t\t<div class=\"elementor-widget-wrap elementor-element-populated\">\n\t\t\t\t\t\t<div class=\"elementor-element elementor-element-09f9488 elementor-widget elementor-widget-text-editor\" data-id=\"09f9488\" data-element_type=\"widget\" data-e-type=\"widget\" data-widget_type=\"text-editor.default\">\n\t\t\t\t<div class=\"elementor-widget-container\">\n\t\t\t\t\t\t\t\t\t<h3>Si vous avez le niveau B1, il vous faut*<\/h3>\n<ul>\n<li>11 semaines pour atteindre le niveau B2<\/li>\n<li>23 semaines pour atteindre le niveau C1\/C2<\/li>\n<\/ul>\n<h3>Si vous avez le niveau B2, il vous faut*<\/h3>\n<ul>\n<li>12 semaines pour atteindre le niveau C1<\/li>\n<\/ul>\n<h3>Si vous avez le niveau C1, il vous faut*<\/h3>\n<ul>\n<li>12 semaines pour atteindre le niveau C2<\/li>\n<\/ul>\n<p><em>*Nombre de semaines minimum pour atteindre le niveau souhait\u00e9 dans des conditions optimales d\u2019apprentissage. Ceci est une recommandation de l\u2019\u00e9quipe p\u00e9dagogique LSF ; l\u2019\u00e9volution de votre niveau de langue d\u00e9pendra \u00e9galement de votre implication personnelle et de vos progr\u00e8s.<\/em><\/p>\n\t\t\t\t\t\t\t\t<\/div>\n\t\t\t\t<\/div>\n\t\t\t\t\t<\/div>\n\t\t<\/div>\n\t\t\t\t\t<\/div>\n\t\t<\/section>\n\t\t\t\t\t<\/div>\n\t\t<\/div>\n\t\t\t\t\t<\/div>\n\t\t<\/section>\n\t\t\t\t<section class=\"elementor-section elementor-top-section elementor-element elementor-element-d30313f elementor-section-boxed elementor-section-height-default elementor-section-height-default\" data-id=\"d30313f\" data-element_type=\"section\" data-e-type=\"section\">\n\t\t\t\t\t\t<div class=\"elementor-container elementor-column-gap-default\">\n\t\t\t\t\t<div class=\"elementor-column elementor-col-100 elementor-top-column elementor-element elementor-element-ba69b6f\" data-id=\"ba69b6f\" data-element_type=\"column\" data-e-type=\"column\">\n\t\t\t<div class=\"elementor-widget-wrap elementor-element-populated\">\n\t\t\t\t\t\t<div class=\"elementor-element elementor-element-0614078 elementor-widget elementor-widget-image\" data-id=\"0614078\" data-element_type=\"widget\" data-e-type=\"widget\" data-widget_type=\"image.default\">\n\t\t\t\t<div class=\"elementor-widget-container\">\n\t\t\t\t\t\t\t\t\t\t\t\t\t\t\t<img fetchpriority=\"high\" decoding=\"async\" width=\"1472\" height=\"666\" src=\"https:\/\/lsf-france.com\/wp-content\/uploads\/2021\/07\/progression.png\" class=\"attachment-full size-full wp-image-394259\" alt=\"\" srcset=\"https:\/\/lsf-france.com\/wp-content\/uploads\/2021\/07\/progression.png 1472w, https:\/\/lsf-france.com\/wp-content\/uploads\/2021\/07\/progression-300x136.png 300w, https:\/\/lsf-france.com\/wp-content\/uploads\/2021\/07\/progression-1024x463.png 1024w, https:\/\/lsf-france.com\/wp-content\/uploads\/2021\/07\/progression-768x347.png 768w, https:\/\/lsf-france.com\/wp-content\/uploads\/2021\/07\/progression-600x271.png 600w\" sizes=\"(max-width: 1472px) 100vw, 1472px\" \/>\t\t\t\t\t\t\t\t\t\t\t\t\t\t\t<\/div>\n\t\t\t\t<\/div>\n\t\t\t\t\t<\/div>\n\t\t<\/div>\n\t\t\t\t\t<\/div>\n\t\t<\/section>\n\t\t\t\t<section class=\"elementor-section elementor-top-section elementor-element elementor-element-a98ba6d elementor-section-boxed elementor-section-height-default elementor-section-height-default\" data-id=\"a98ba6d\" data-element_type=\"section\" data-e-type=\"section\">\n\t\t\t\t\t\t<div class=\"elementor-container elementor-column-gap-default\">\n\t\t\t\t\t<div class=\"elementor-column elementor-col-100 elementor-top-column elementor-element elementor-element-b1b3c70\" data-id=\"b1b3c70\" data-element_type=\"column\" data-e-type=\"column\">\n\t\t\t<div class=\"elementor-widget-wrap elementor-element-populated\">\n\t\t\t\t\t\t<div class=\"elementor-element elementor-element-f1211e1 elementor-arrows-position-inside elementor-pagination-position-outside elementor-widget elementor-widget-image-carousel\" data-id=\"f1211e1\" data-element_type=\"widget\" data-e-type=\"widget\" data-settings=\"{&quot;slides_to_show&quot;:&quot;3&quot;,&quot;navigation&quot;:&quot;both&quot;,&quot;autoplay&quot;:&quot;yes&quot;,&quot;pause_on_hover&quot;:&quot;yes&quot;,&quot;pause_on_interaction&quot;:&quot;yes&quot;,&quot;autoplay_speed&quot;:5000,&quot;infinite&quot;:&quot;yes&quot;,&quot;speed&quot;:500}\" data-widget_type=\"image-carousel.default\">\n\t\t\t\t<div class=\"elementor-widget-container\">\n\t\t\t\t\t\t\t<div class=\"elementor-image-carousel-wrapper swiper\" role=\"region\" aria-roledescription=\"carousel\" aria-label=\"Carrousel d\u2019images\" dir=\"ltr\">\n\t\t\t<div class=\"elementor-image-carousel swiper-wrapper\" aria-live=\"off\">\n\t\t\t\t\t\t\t\t<div class=\"swiper-slide\" role=\"group\" aria-roledescription=\"slide\" aria-label=\"1 sur 10\"><figure class=\"swiper-slide-inner\"><img decoding=\"async\" class=\"swiper-slide-image\" src=\"https:\/\/lsf-france.com\/wp-content\/uploads\/2024\/09\/03_KLF_MONTPELLIER_195_websize-300x200.jpg\" alt=\"KLF 2024 Montpellier\" \/><\/figure><\/div><div class=\"swiper-slide\" role=\"group\" aria-roledescription=\"slide\" aria-label=\"2 sur 10\"><figure class=\"swiper-slide-inner\"><img decoding=\"async\" class=\"swiper-slide-image\" src=\"https:\/\/lsf-france.com\/wp-content\/uploads\/2024\/09\/03_KLF_MONTPELLIER_212_websize-300x200.jpg\" alt=\"KLF 2024 Montpellier\" \/><\/figure><\/div><div class=\"swiper-slide\" role=\"group\" aria-roledescription=\"slide\" aria-label=\"3 sur 10\"><figure class=\"swiper-slide-inner\"><img decoding=\"async\" class=\"swiper-slide-image\" src=\"https:\/\/lsf-france.com\/wp-content\/uploads\/2024\/09\/03_KLF_MONTPELLIER_248_websize-300x200.jpg\" alt=\"KLF 2024 Montpellier\" \/><\/figure><\/div><div class=\"swiper-slide\" role=\"group\" aria-roledescription=\"slide\" aria-label=\"4 sur 10\"><figure class=\"swiper-slide-inner\"><img decoding=\"async\" class=\"swiper-slide-image\" src=\"https:\/\/lsf-france.com\/wp-content\/uploads\/2024\/09\/03_KLF_MONTPELLIER_293_websize-300x200.jpg\" alt=\"KLF 2024 Montpellier\" \/><\/figure><\/div><div class=\"swiper-slide\" role=\"group\" aria-roledescription=\"slide\" aria-label=\"5 sur 10\"><figure class=\"swiper-slide-inner\"><img decoding=\"async\" class=\"swiper-slide-image\" src=\"https:\/\/lsf-france.com\/wp-content\/uploads\/2024\/09\/03_KLF_MONTPELLIER_299_websize-300x200.jpg\" alt=\"KLF 2024 Montpellier\" \/><\/figure><\/div><div class=\"swiper-slide\" role=\"group\" aria-roledescription=\"slide\" aria-label=\"6 sur 10\"><figure class=\"swiper-slide-inner\"><img decoding=\"async\" class=\"swiper-slide-image\" src=\"https:\/\/lsf-france.com\/wp-content\/uploads\/2024\/09\/03_KLF_MONTPELLIER_285_websize-300x200.jpg\" alt=\"KLF 2024 Montpellier\" \/><\/figure><\/div><div class=\"swiper-slide\" role=\"group\" aria-roledescription=\"slide\" aria-label=\"7 sur 10\"><figure class=\"swiper-slide-inner\"><img decoding=\"async\" class=\"swiper-slide-image\" src=\"https:\/\/lsf-france.com\/wp-content\/uploads\/2024\/09\/03_KLF_MONTPELLIER_201_websize-300x200.jpg\" alt=\"KLF 2024 Montpellier\" \/><\/figure><\/div><div class=\"swiper-slide\" role=\"group\" aria-roledescription=\"slide\" aria-label=\"8 sur 10\"><figure class=\"swiper-slide-inner\"><img decoding=\"async\" class=\"swiper-slide-image\" src=\"https:\/\/lsf-france.com\/wp-content\/uploads\/2024\/09\/03_KLF_MONTPELLIER_210_websize-300x200.jpg\" alt=\"KLF 2024 Montpellier\" \/><\/figure><\/div><div class=\"swiper-slide\" role=\"group\" aria-roledescription=\"slide\" aria-label=\"9 sur 10\"><figure class=\"swiper-slide-inner\"><img decoding=\"async\" class=\"swiper-slide-image\" src=\"https:\/\/lsf-france.com\/wp-content\/uploads\/2024\/09\/03_KLF_MONTPELLIER_202_websize-300x200.jpg\" alt=\"KLF 2024 Montpellier\" \/><\/figure><\/div><div class=\"swiper-slide\" role=\"group\" aria-roledescription=\"slide\" aria-label=\"10 sur 10\"><figure class=\"swiper-slide-inner\"><img decoding=\"async\" class=\"swiper-slide-image\" src=\"https:\/\/lsf-france.com\/wp-content\/uploads\/2024\/09\/03_KLF_MONTPELLIER_319_websize-300x200.jpg\" alt=\"KLF 2024 Montpellier\" \/><\/figure><\/div>\t\t\t<\/div>\n\t\t\t\t\t\t\t\t\t\t\t\t<div class=\"elementor-swiper-button elementor-swiper-button-prev\" role=\"button\" tabindex=\"0\">\n\t\t\t\t\t\t<i aria-hidden=\"true\" class=\"eicon-chevron-left\"><\/i>\t\t\t\t\t<\/div>\n\t\t\t\t\t<div class=\"elementor-swiper-button elementor-swiper-button-next\" role=\"button\" tabindex=\"0\">\n\t\t\t\t\t\t<i aria-hidden=\"true\" class=\"eicon-chevron-right\"><\/i>\t\t\t\t\t<\/div>\n\t\t\t\t\n\t\t\t\t\t\t\t\t\t<div class=\"swiper-pagination\"><\/div>\n\t\t\t\t\t\t\t\t\t<\/div>\n\t\t\t\t\t\t<\/div>\n\t\t\t\t<\/div>\n\t\t\t\t\t<\/div>\n\t\t<\/div>\n\t\t\t\t\t<\/div>\n\t\t<\/section>\n\t\t\t\t<\/div>\n\t\t","protected":false},"excerpt":{"rendered":"<p>L\u2019\u00e9cole LSF propose 5 niveaux de fran\u00e7ais bas\u00e9s sur le CECR (Cadre europ\u00e9en commun de r\u00e9f\u00e9rence pour les langues) : Niveau A1\u00a0D\u00e9couvrir la langue : 90 heures\/6 semaines Niveau A2\u00a0Se [&hellip;]<\/p>\n","protected":false},"author":1,"featured_media":394259,"parent":33803,"menu_order":0,"comment_status":"closed","ping_status":"closed","template":"","meta":{"_acf_changed":false,"content-type":"","footnotes":""},"class_list":["post-383197","page","type-page","status-publish","has-post-thumbnail","hentry"],"acf":[],"yoast_head":"<!-- This site is optimized with the Yoast SEO plugin v27.5 - https:\/\/yoast.com\/product\/yoast-seo-wordpress\/ -->\n<title>Progression de A1 \u00e0 C2 - LSF | Learn French in South of France<\/title>\n<meta name=\"robots\" content=\"index, follow, max-snippet:-1, max-image-preview:large, max-video-preview:-1\" \/>\n<link rel=\"canonical\" href=\"https:\/\/lsf-france.com\/fr\/education\/progression-a1-a-c2\/\" \/>\n<meta property=\"og:locale\" content=\"fr_FR\" \/>\n<meta property=\"og:type\" content=\"article\" \/>\n<meta property=\"og:title\" content=\"Progression de A1 \u00e0 C2 - LSF | Learn French in South of France\" \/>\n<meta property=\"og:description\" content=\"L\u2019\u00e9cole LSF propose 5 niveaux de fran\u00e7ais bas\u00e9s sur le CECR (Cadre europ\u00e9en commun de r\u00e9f\u00e9rence pour les langues) : Niveau A1\u00a0D\u00e9couvrir la langue : 90 heures\/6 semaines Niveau A2\u00a0Se [&hellip;]\" \/>\n<meta property=\"og:url\" content=\"https:\/\/lsf-france.com\/fr\/education\/progression-a1-a-c2\/\" \/>\n<meta property=\"og:site_name\" content=\"LSF | Learn French in South of France\" \/>\n<meta property=\"article:modified_time\" content=\"2024-09-03T09:53:32+00:00\" \/>\n<meta property=\"og:image\" content=\"https:\/\/lsf-france.com\/wp-content\/uploads\/2021\/07\/progression.png\" \/>\n\t<meta property=\"og:image:width\" content=\"1472\" \/>\n\t<meta property=\"og:image:height\" content=\"666\" \/>\n\t<meta property=\"og:image:type\" content=\"image\/png\" \/>\n<meta name=\"twitter:card\" content=\"summary_large_image\" \/>\n<meta name=\"twitter:label1\" content=\"Dur\u00e9e de lecture estim\u00e9e\" \/>\n\t<meta name=\"twitter:data1\" content=\"1 minute\" \/>\n<script type=\"application\/ld+json\" class=\"yoast-schema-graph\">{\"@context\":\"https:\\\/\\\/schema.org\",\"@graph\":[{\"@type\":\"WebPage\",\"@id\":\"https:\\\/\\\/lsf-france.com\\\/fr\\\/education\\\/progression-a1-a-c2\\\/\",\"url\":\"https:\\\/\\\/lsf-france.com\\\/fr\\\/education\\\/progression-a1-a-c2\\\/\",\"name\":\"Progression de A1 \u00e0 C2 - LSF | Learn French in South of France\",\"isPartOf\":{\"@id\":\"https:\\\/\\\/lsf-france.com\\\/es\\\/#website\"},\"primaryImageOfPage\":{\"@id\":\"https:\\\/\\\/lsf-france.com\\\/fr\\\/education\\\/progression-a1-a-c2\\\/#primaryimage\"},\"image\":{\"@id\":\"https:\\\/\\\/lsf-france.com\\\/fr\\\/education\\\/progression-a1-a-c2\\\/#primaryimage\"},\"thumbnailUrl\":\"https:\\\/\\\/lsf-france.com\\\/wp-content\\\/uploads\\\/2021\\\/07\\\/progression.png\",\"datePublished\":\"2020-02-24T15:23:08+00:00\",\"dateModified\":\"2024-09-03T09:53:32+00:00\",\"breadcrumb\":{\"@id\":\"https:\\\/\\\/lsf-france.com\\\/fr\\\/education\\\/progression-a1-a-c2\\\/#breadcrumb\"},\"inLanguage\":\"fr-FR\",\"potentialAction\":[{\"@type\":\"ReadAction\",\"target\":[\"https:\\\/\\\/lsf-france.com\\\/fr\\\/education\\\/progression-a1-a-c2\\\/\"]}]},{\"@type\":\"ImageObject\",\"inLanguage\":\"fr-FR\",\"@id\":\"https:\\\/\\\/lsf-france.com\\\/fr\\\/education\\\/progression-a1-a-c2\\\/#primaryimage\",\"url\":\"https:\\\/\\\/lsf-france.com\\\/wp-content\\\/uploads\\\/2021\\\/07\\\/progression.png\",\"contentUrl\":\"https:\\\/\\\/lsf-france.com\\\/wp-content\\\/uploads\\\/2021\\\/07\\\/progression.png\",\"width\":1472,\"height\":666},{\"@type\":\"BreadcrumbList\",\"@id\":\"https:\\\/\\\/lsf-france.com\\\/fr\\\/education\\\/progression-a1-a-c2\\\/#breadcrumb\",\"itemListElement\":[{\"@type\":\"ListItem\",\"position\":1,\"name\":\"Home\",\"item\":\"https:\\\/\\\/lsf-france.com\\\/fr\\\/\"},{\"@type\":\"ListItem\",\"position\":2,\"name\":\"\u00c9ducation\",\"item\":\"https:\\\/\\\/lsf-france.com\\\/fr\\\/education\\\/\"},{\"@type\":\"ListItem\",\"position\":3,\"name\":\"Progression de A1 \u00e0 C2\"}]},{\"@type\":\"WebSite\",\"@id\":\"https:\\\/\\\/lsf-france.com\\\/es\\\/#website\",\"url\":\"https:\\\/\\\/lsf-france.com\\\/es\\\/\",\"name\":\"LSF | Learn French in South of France\",\"description\":\"Learn French in France, Montpellier French Language School, LSF\",\"publisher\":{\"@id\":\"https:\\\/\\\/lsf-france.com\\\/es\\\/#organization\"},\"potentialAction\":[{\"@type\":\"SearchAction\",\"target\":{\"@type\":\"EntryPoint\",\"urlTemplate\":\"https:\\\/\\\/lsf-france.com\\\/es\\\/?s={search_term_string}\"},\"query-input\":{\"@type\":\"PropertyValueSpecification\",\"valueRequired\":true,\"valueName\":\"search_term_string\"}}],\"inLanguage\":\"fr-FR\"},{\"@type\":\"Organization\",\"@id\":\"https:\\\/\\\/lsf-france.com\\\/es\\\/#organization\",\"name\":\"LSF Montpellier\",\"url\":\"https:\\\/\\\/lsf-france.com\\\/es\\\/\",\"logo\":{\"@type\":\"ImageObject\",\"inLanguage\":\"fr-FR\",\"@id\":\"https:\\\/\\\/lsf-france.com\\\/es\\\/#\\\/schema\\\/logo\\\/image\\\/\",\"url\":\"https:\\\/\\\/lsf-france.com\\\/wp-content\\\/uploads\\\/2018\\\/11\\\/PleinBleux2.png\",\"contentUrl\":\"https:\\\/\\\/lsf-france.com\\\/wp-content\\\/uploads\\\/2018\\\/11\\\/PleinBleux2.png\",\"width\":1000,\"height\":1000,\"caption\":\"LSF Montpellier\"},\"image\":{\"@id\":\"https:\\\/\\\/lsf-france.com\\\/es\\\/#\\\/schema\\\/logo\\\/image\\\/\"}}]}<\/script>\n<!-- \/ Yoast SEO plugin. -->","yoast_head_json":{"title":"Progression de A1 \u00e0 C2 - LSF | Learn French in South of France","robots":{"index":"index","follow":"follow","max-snippet":"max-snippet:-1","max-image-preview":"max-image-preview:large","max-video-preview":"max-video-preview:-1"},"canonical":"https:\/\/lsf-france.com\/fr\/education\/progression-a1-a-c2\/","og_locale":"fr_FR","og_type":"article","og_title":"Progression de A1 \u00e0 C2 - LSF | Learn French in South of France","og_description":"L\u2019\u00e9cole LSF propose 5 niveaux de fran\u00e7ais bas\u00e9s sur le CECR (Cadre europ\u00e9en commun de r\u00e9f\u00e9rence pour les langues) : Niveau A1\u00a0D\u00e9couvrir la langue : 90 heures\/6 semaines Niveau A2\u00a0Se [&hellip;]","og_url":"https:\/\/lsf-france.com\/fr\/education\/progression-a1-a-c2\/","og_site_name":"LSF | Learn French in South of France","article_modified_time":"2024-09-03T09:53:32+00:00","og_image":[{"width":1472,"height":666,"url":"https:\/\/lsf-france.com\/wp-content\/uploads\/2021\/07\/progression.png","type":"image\/png"}],"twitter_card":"summary_large_image","twitter_misc":{"Dur\u00e9e de lecture estim\u00e9e":"1 minute"},"schema":{"@context":"https:\/\/schema.org","@graph":[{"@type":"WebPage","@id":"https:\/\/lsf-france.com\/fr\/education\/progression-a1-a-c2\/","url":"https:\/\/lsf-france.com\/fr\/education\/progression-a1-a-c2\/","name":"Progression de A1 \u00e0 C2 - LSF | Learn French in South of France","isPartOf":{"@id":"https:\/\/lsf-france.com\/es\/#website"},"primaryImageOfPage":{"@id":"https:\/\/lsf-france.com\/fr\/education\/progression-a1-a-c2\/#primaryimage"},"image":{"@id":"https:\/\/lsf-france.com\/fr\/education\/progression-a1-a-c2\/#primaryimage"},"thumbnailUrl":"https:\/\/lsf-france.com\/wp-content\/uploads\/2021\/07\/progression.png","datePublished":"2020-02-24T15:23:08+00:00","dateModified":"2024-09-03T09:53:32+00:00","breadcrumb":{"@id":"https:\/\/lsf-france.com\/fr\/education\/progression-a1-a-c2\/#breadcrumb"},"inLanguage":"fr-FR","potentialAction":[{"@type":"ReadAction","target":["https:\/\/lsf-france.com\/fr\/education\/progression-a1-a-c2\/"]}]},{"@type":"ImageObject","inLanguage":"fr-FR","@id":"https:\/\/lsf-france.com\/fr\/education\/progression-a1-a-c2\/#primaryimage","url":"https:\/\/lsf-france.com\/wp-content\/uploads\/2021\/07\/progression.png","contentUrl":"https:\/\/lsf-france.com\/wp-content\/uploads\/2021\/07\/progression.png","width":1472,"height":666},{"@type":"BreadcrumbList","@id":"https:\/\/lsf-france.com\/fr\/education\/progression-a1-a-c2\/#breadcrumb","itemListElement":[{"@type":"ListItem","position":1,"name":"Home","item":"https:\/\/lsf-france.com\/fr\/"},{"@type":"ListItem","position":2,"name":"\u00c9ducation","item":"https:\/\/lsf-france.com\/fr\/education\/"},{"@type":"ListItem","position":3,"name":"Progression de A1 \u00e0 C2"}]},{"@type":"WebSite","@id":"https:\/\/lsf-france.com\/es\/#website","url":"https:\/\/lsf-france.com\/es\/","name":"LSF | Learn French in South of France","description":"Learn French in France, Montpellier French Language School, LSF","publisher":{"@id":"https:\/\/lsf-france.com\/es\/#organization"},"potentialAction":[{"@type":"SearchAction","target":{"@type":"EntryPoint","urlTemplate":"https:\/\/lsf-france.com\/es\/?s={search_term_string}"},"query-input":{"@type":"PropertyValueSpecification","valueRequired":true,"valueName":"search_term_string"}}],"inLanguage":"fr-FR"},{"@type":"Organization","@id":"https:\/\/lsf-france.com\/es\/#organization","name":"LSF Montpellier","url":"https:\/\/lsf-france.com\/es\/","logo":{"@type":"ImageObject","inLanguage":"fr-FR","@id":"https:\/\/lsf-france.com\/es\/#\/schema\/logo\/image\/","url":"https:\/\/lsf-france.com\/wp-content\/uploads\/2018\/11\/PleinBleux2.png","contentUrl":"https:\/\/lsf-france.com\/wp-content\/uploads\/2018\/11\/PleinBleux2.png","width":1000,"height":1000,"caption":"LSF Montpellier"},"image":{"@id":"https:\/\/lsf-france.com\/es\/#\/schema\/logo\/image\/"}}]}},"_links":{"self":[{"href":"https:\/\/lsf-france.com\/fr\/wp-json\/wp\/v2\/pages\/383197","targetHints":{"allow":["GET"]}}],"collection":[{"href":"https:\/\/lsf-france.com\/fr\/wp-json\/wp\/v2\/pages"}],"about":[{"href":"https:\/\/lsf-france.com\/fr\/wp-json\/wp\/v2\/types\/page"}],"author":[{"embeddable":true,"href":"https:\/\/lsf-france.com\/fr\/wp-json\/wp\/v2\/users\/1"}],"replies":[{"embeddable":true,"href":"https:\/\/lsf-france.com\/fr\/wp-json\/wp\/v2\/comments?post=383197"}],"version-history":[{"count":2,"href":"https:\/\/lsf-france.com\/fr\/wp-json\/wp\/v2\/pages\/383197\/revisions"}],"predecessor-version":[{"id":411696,"href":"https:\/\/lsf-france.com\/fr\/wp-json\/wp\/v2\/pages\/383197\/revisions\/411696"}],"up":[{"embeddable":true,"href":"https:\/\/lsf-france.com\/fr\/wp-json\/wp\/v2\/pages\/33803"}],"wp:featuredmedia":[{"embeddable":true,"href":"https:\/\/lsf-france.com\/fr\/wp-json\/wp\/v2\/media\/394259"}],"wp:attachment":[{"href":"https:\/\/lsf-france.com\/fr\/wp-json\/wp\/v2\/media?parent=383197"}],"curies":[{"name":"wp","href":"https:\/\/api.w.org\/{rel}","templated":true}]}}