{"id":383210,"date":"2020-02-24T17:01:28","date_gmt":"2020-02-24T16:01:28","guid":{"rendered":"https:\/\/lsf-france.com\/?page_id=383210"},"modified":"2024-09-03T14:28:08","modified_gmt":"2024-09-03T12:28:08","slug":"accessibilite-handicap","status":"publish","type":"page","link":"https:\/\/lsf-france.com\/fr\/informations\/accessibilite-handicap\/","title":{"rendered":"Accessibilit\u00e9 et handicap"},"content":{"rendered":"\t\t<div data-elementor-type=\"wp-page\" data-elementor-id=\"383210\" class=\"elementor elementor-383210 elementor-383208\" data-elementor-post-type=\"page\">\n\t\t\t\t\t\t<section class=\"elementor-section elementor-top-section elementor-element elementor-element-d92a78b elementor-section-content-middle elementor-section-boxed elementor-section-height-default elementor-section-height-default\" data-id=\"d92a78b\" data-element_type=\"section\" data-e-type=\"section\">\n\t\t\t\t\t\t<div class=\"elementor-container elementor-column-gap-default\">\n\t\t\t\t\t<div class=\"elementor-column elementor-col-50 elementor-top-column elementor-element elementor-element-583ff77\" data-id=\"583ff77\" data-element_type=\"column\" data-e-type=\"column\">\n\t\t\t<div class=\"elementor-widget-wrap elementor-element-populated\">\n\t\t\t\t\t\t<div class=\"elementor-element elementor-element-1123035 elementor-view-default elementor-widget elementor-widget-icon\" data-id=\"1123035\" data-element_type=\"widget\" data-e-type=\"widget\" data-widget_type=\"icon.default\">\n\t\t\t\t<div class=\"elementor-widget-container\">\n\t\t\t\t\t\t\t<div class=\"elementor-icon-wrapper\">\n\t\t\t<div class=\"elementor-icon\">\n\t\t\t<i aria-hidden=\"true\" class=\"fas fa-wheelchair\"><\/i>\t\t\t<\/div>\n\t\t<\/div>\n\t\t\t\t\t\t<\/div>\n\t\t\t\t<\/div>\n\t\t\t\t<div class=\"elementor-element elementor-element-e283945 elementor-widget elementor-widget-heading\" data-id=\"e283945\" data-element_type=\"widget\" data-e-type=\"widget\" data-widget_type=\"heading.default\">\n\t\t\t\t<div class=\"elementor-widget-container\">\n\t\t\t\t\t<h2 class=\"elementor-heading-title elementor-size-default\">LSF, une \u00e9cole accessible \u00e0 TOUS<\/h2>\t\t\t\t<\/div>\n\t\t\t\t<\/div>\n\t\t\t\t<div class=\"elementor-element elementor-element-d9c1abe elementor-widget elementor-widget-text-editor\" data-id=\"d9c1abe\" data-element_type=\"widget\" data-e-type=\"widget\" data-widget_type=\"text-editor.default\">\n\t\t\t\t<div class=\"elementor-widget-container\">\n\t\t\t\t\t\t\t\t\t<p>Si vous \u00eates en situation de handicap moteur, cognitif ou sensoriel, vous avez la possibilit\u00e9 de nous transmettre les informations vous concernant afin que nous organisions dans les meilleures conditions votre s\u00e9jour et votre apprentissage au sein de notre \u00e9cole LSF.<\/p>\n<p>A la lumi\u00e8re de ces informations, un accompagnement pourra \u00eatre mis en place et si vous le souhaitez un entretien personnel sera r\u00e9alis\u00e9 \u00e0 votre arriv\u00e9e avec la r\u00e9f\u00e9rente handicap. Ainsi, vous pourrez \u00eatre accompagn\u00e9 tout au long de votre s\u00e9jour et atteindre vos objectifs en toute s\u00e9r\u00e9nit\u00e9.<\/p>\n<p>Afin de vous permettre une int\u00e9gration r\u00e9ussie et une participation optimale en classe, nous vous offrons des solutions r\u00e9alistes adapt\u00e9es \u00e0 vos besoins en tenant compte de votre singularit\u00e9.<\/p>\n\t\t\t\t\t\t\t\t<\/div>\n\t\t\t\t<\/div>\n\t\t\t\t\t<\/div>\n\t\t<\/div>\n\t\t\t\t<div class=\"elementor-column elementor-col-50 elementor-top-column elementor-element elementor-element-482aba2\" data-id=\"482aba2\" data-element_type=\"column\" data-e-type=\"column\">\n\t\t\t<div class=\"elementor-widget-wrap elementor-element-populated\">\n\t\t\t\t\t\t<div class=\"elementor-element elementor-element-950cf44 elementor-arrows-position-inside elementor-pagination-position-outside elementor-widget elementor-widget-image-carousel\" data-id=\"950cf44\" data-element_type=\"widget\" data-e-type=\"widget\" data-settings=\"{&quot;slides_to_show&quot;:&quot;1&quot;,&quot;navigation&quot;:&quot;both&quot;,&quot;autoplay&quot;:&quot;yes&quot;,&quot;pause_on_hover&quot;:&quot;yes&quot;,&quot;pause_on_interaction&quot;:&quot;yes&quot;,&quot;autoplay_speed&quot;:5000,&quot;infinite&quot;:&quot;yes&quot;,&quot;effect&quot;:&quot;slide&quot;,&quot;speed&quot;:500}\" data-widget_type=\"image-carousel.default\">\n\t\t\t\t<div class=\"elementor-widget-container\">\n\t\t\t\t\t\t\t<div class=\"elementor-image-carousel-wrapper swiper\" role=\"region\" aria-roledescription=\"carousel\" aria-label=\"Carrousel d\u2019images\" dir=\"ltr\">\n\t\t\t<div class=\"elementor-image-carousel swiper-wrapper\" aria-live=\"off\">\n\t\t\t\t\t\t\t\t<div class=\"swiper-slide\" role=\"group\" aria-roledescription=\"slide\" aria-label=\"1 sur 5\"><figure class=\"swiper-slide-inner\"><img decoding=\"async\" class=\"swiper-slide-image\" src=\"https:\/\/lsf-france.com\/wp-content\/uploads\/2020\/02\/handicap-lsf-768x576.jpg\" alt=\"handicap-lsf\" \/><\/figure><\/div><div class=\"swiper-slide\" role=\"group\" aria-roledescription=\"slide\" aria-label=\"2 sur 5\"><figure class=\"swiper-slide-inner\"><img decoding=\"async\" class=\"swiper-slide-image\" src=\"https:\/\/lsf-france.com\/wp-content\/uploads\/2020\/02\/handicap-lsf-2-768x576.jpg\" alt=\"handicap-lsf-2\" \/><\/figure><\/div><div class=\"swiper-slide\" role=\"group\" aria-roledescription=\"slide\" aria-label=\"3 sur 5\"><figure class=\"swiper-slide-inner\"><img decoding=\"async\" class=\"swiper-slide-image\" src=\"https:\/\/lsf-france.com\/wp-content\/uploads\/2024\/09\/03_KLF_MONTPELLIER_174_websize-768x512.jpg\" alt=\"KLF 2024 Montpellier\" \/><\/figure><\/div><div class=\"swiper-slide\" role=\"group\" aria-roledescription=\"slide\" aria-label=\"4 sur 5\"><figure class=\"swiper-slide-inner\"><img decoding=\"async\" class=\"swiper-slide-image\" src=\"https:\/\/lsf-france.com\/wp-content\/uploads\/2024\/09\/03_KLF_MONTPELLIER_176_websize-768x512.jpg\" alt=\"KLF 2024 Montpellier\" \/><\/figure><\/div><div class=\"swiper-slide\" role=\"group\" aria-roledescription=\"slide\" aria-label=\"5 sur 5\"><figure class=\"swiper-slide-inner\"><img decoding=\"async\" class=\"swiper-slide-image\" src=\"https:\/\/lsf-france.com\/wp-content\/uploads\/2024\/09\/03_KLF_MONTPELLIER_179_websize-768x512.jpg\" alt=\"KLF 2024 Montpellier\" \/><\/figure><\/div>\t\t\t<\/div>\n\t\t\t\t\t\t\t\t\t\t\t\t<div class=\"elementor-swiper-button elementor-swiper-button-prev\" role=\"button\" tabindex=\"0\">\n\t\t\t\t\t\t<i aria-hidden=\"true\" class=\"eicon-chevron-left\"><\/i>\t\t\t\t\t<\/div>\n\t\t\t\t\t<div class=\"elementor-swiper-button elementor-swiper-button-next\" role=\"button\" tabindex=\"0\">\n\t\t\t\t\t\t<i aria-hidden=\"true\" class=\"eicon-chevron-right\"><\/i>\t\t\t\t\t<\/div>\n\t\t\t\t\n\t\t\t\t\t\t\t\t\t<div class=\"swiper-pagination\"><\/div>\n\t\t\t\t\t\t\t\t\t<\/div>\n\t\t\t\t\t\t<\/div>\n\t\t\t\t<\/div>\n\t\t\t\t\t<\/div>\n\t\t<\/div>\n\t\t\t\t\t<\/div>\n\t\t<\/section>\n\t\t\t\t<section class=\"elementor-section elementor-top-section elementor-element elementor-element-221dec2 elementor-section-boxed elementor-section-height-default elementor-section-height-default\" data-id=\"221dec2\" data-element_type=\"section\" data-e-type=\"section\">\n\t\t\t\t\t\t<div class=\"elementor-container elementor-column-gap-default\">\n\t\t\t\t\t<div class=\"elementor-column elementor-col-100 elementor-top-column elementor-element elementor-element-e9ac591\" data-id=\"e9ac591\" data-element_type=\"column\" data-e-type=\"column\">\n\t\t\t<div class=\"elementor-widget-wrap elementor-element-populated\">\n\t\t\t\t\t\t<div class=\"elementor-element elementor-element-27c3cbe elementor-widget-divider--view-line elementor-widget elementor-widget-divider\" data-id=\"27c3cbe\" data-element_type=\"widget\" data-e-type=\"widget\" data-widget_type=\"divider.default\">\n\t\t\t\t<div class=\"elementor-widget-container\">\n\t\t\t\t\t\t\t<div class=\"elementor-divider\">\n\t\t\t<span class=\"elementor-divider-separator\">\n\t\t\t\t\t\t<\/span>\n\t\t<\/div>\n\t\t\t\t\t\t<\/div>\n\t\t\t\t<\/div>\n\t\t\t\t\t<\/div>\n\t\t<\/div>\n\t\t\t\t\t<\/div>\n\t\t<\/section>\n\t\t\t\t<section class=\"elementor-section elementor-top-section elementor-element elementor-element-7bbadc6 elementor-section-boxed elementor-section-height-default elementor-section-height-default\" data-id=\"7bbadc6\" data-element_type=\"section\" data-e-type=\"section\">\n\t\t\t\t\t\t<div class=\"elementor-container elementor-column-gap-default\">\n\t\t\t\t\t<div class=\"elementor-column elementor-col-100 elementor-top-column elementor-element elementor-element-c40122b\" data-id=\"c40122b\" data-element_type=\"column\" data-e-type=\"column\">\n\t\t\t<div class=\"elementor-widget-wrap elementor-element-populated\">\n\t\t\t\t\t\t<section class=\"elementor-section elementor-inner-section elementor-element elementor-element-ca0b9ce elementor-section-boxed elementor-section-height-default elementor-section-height-default\" data-id=\"ca0b9ce\" data-element_type=\"section\" data-e-type=\"section\">\n\t\t\t\t\t\t<div class=\"elementor-container elementor-column-gap-default\">\n\t\t\t\t\t<div class=\"elementor-column elementor-col-50 elementor-inner-column elementor-element elementor-element-4065c89\" data-id=\"4065c89\" data-element_type=\"column\" data-e-type=\"column\">\n\t\t\t<div class=\"elementor-widget-wrap elementor-element-populated\">\n\t\t\t\t\t\t<div class=\"elementor-element elementor-element-dc11e06 elementor-widget elementor-widget-text-editor\" data-id=\"dc11e06\" data-element_type=\"widget\" data-e-type=\"widget\" data-widget_type=\"text-editor.default\">\n\t\t\t\t<div class=\"elementor-widget-container\">\n\t\t\t\t\t\t\t\t\t<h3>Accessibilit\u00e9 physique<\/h3>\n<p>Un am\u00e9nagement des plannings est pr\u00e9vu pour que l\u2019acc\u00e8s \u00e0 vos salles vous soit facilit\u00e9 si vous avez des difficult\u00e9s \u00e0 vous d\u00e9placer ou en cas de handicap moteur. Ainsi, les salles du b\u00e2timent Foch seront rendues disponibles (partie haute et basse) pour assurer votre accueil dans des locaux conformes \u00e0 vos besoins. Un ascenseur permet entre autre de passer d\u2019un \u00e9tage \u00e0 un autre sans difficult\u00e9s et en toute autonomie.<\/p>\n<h3>Accessibilit\u00e9 cognitive<\/h3>\n<p>Les ressources pourront \u00eatre adapt\u00e9es sur un outil num\u00e9rique et ainsi offrir des r\u00e9ponses pertinentes (zoom, choix de couleurs, police, interlignes) en cas de troubles non visibles de l\u2019apprentissage type DYS.<\/p>\n\t\t\t\t\t\t\t\t<\/div>\n\t\t\t\t<\/div>\n\t\t\t\t\t<\/div>\n\t\t<\/div>\n\t\t\t\t<div class=\"elementor-column elementor-col-50 elementor-inner-column elementor-element elementor-element-ad51304\" data-id=\"ad51304\" data-element_type=\"column\" data-e-type=\"column\">\n\t\t\t<div class=\"elementor-widget-wrap elementor-element-populated\">\n\t\t\t\t\t\t<div class=\"elementor-element elementor-element-f475781 elementor-widget elementor-widget-text-editor\" data-id=\"f475781\" data-element_type=\"widget\" data-e-type=\"widget\" data-widget_type=\"text-editor.default\">\n\t\t\t\t<div class=\"elementor-widget-container\">\n\t\t\t\t\t\t\t\t\t<h3>Accessibilit\u00e9 sensorielle<\/h3>\n<p>Les documents audios ou \u00e9crits pourront vous \u00eatre envoy\u00e9s au pr\u00e9alable afin que vous puissiez les \u00e9couter avec un casque ou les lire en zoomant \u00e0 votre convenance et \u00e0 votre rythme.<\/p>\n<h3>Ethique<\/h3>\n<p>Vous ferez partie int\u00e9grante du groupe classe au m\u00eame titre que les autres \u00e9tudiants. Cependant, les professeurs seront inform\u00e9s de vos difficult\u00e9s dans le but de faciliter votre int\u00e9gration et de r\u00e9pondre au mieux \u00e0 vos besoins. Si vous ressentiez le besoin d\u2019ajuster certaines de vos demandes, vous pourrez en informer la r\u00e9f\u00e9rente handicap.<\/p>\n\t\t\t\t\t\t\t\t<\/div>\n\t\t\t\t<\/div>\n\t\t\t\t\t<\/div>\n\t\t<\/div>\n\t\t\t\t\t<\/div>\n\t\t<\/section>\n\t\t\t\t\t<\/div>\n\t\t<\/div>\n\t\t\t\t\t<\/div>\n\t\t<\/section>\n\t\t\t\t<section class=\"elementor-section elementor-top-section elementor-element elementor-element-f0923a0 elementor-section-boxed elementor-section-height-default elementor-section-height-default\" data-id=\"f0923a0\" data-element_type=\"section\" data-e-type=\"section\">\n\t\t\t\t\t\t<div class=\"elementor-container elementor-column-gap-default\">\n\t\t\t\t\t<div class=\"elementor-column elementor-col-100 elementor-top-column elementor-element elementor-element-96280d6\" data-id=\"96280d6\" data-element_type=\"column\" data-e-type=\"column\">\n\t\t\t<div class=\"elementor-widget-wrap elementor-element-populated\">\n\t\t\t\t\t\t<div class=\"elementor-element elementor-element-438cee4 elementor-widget-divider--view-line elementor-widget elementor-widget-divider\" data-id=\"438cee4\" data-element_type=\"widget\" data-e-type=\"widget\" data-widget_type=\"divider.default\">\n\t\t\t\t<div class=\"elementor-widget-container\">\n\t\t\t\t\t\t\t<div class=\"elementor-divider\">\n\t\t\t<span class=\"elementor-divider-separator\">\n\t\t\t\t\t\t<\/span>\n\t\t<\/div>\n\t\t\t\t\t\t<\/div>\n\t\t\t\t<\/div>\n\t\t\t\t\t<\/div>\n\t\t<\/div>\n\t\t\t\t\t<\/div>\n\t\t<\/section>\n\t\t\t\t<section class=\"elementor-section elementor-top-section elementor-element elementor-element-02841ca elementor-section-boxed elementor-section-height-default elementor-section-height-default\" data-id=\"02841ca\" data-element_type=\"section\" data-e-type=\"section\">\n\t\t\t\t\t\t<div class=\"elementor-container elementor-column-gap-default\">\n\t\t\t\t\t<div class=\"elementor-column elementor-col-50 elementor-top-column elementor-element elementor-element-35d5cdb\" data-id=\"35d5cdb\" data-element_type=\"column\" data-e-type=\"column\">\n\t\t\t<div class=\"elementor-widget-wrap elementor-element-populated\">\n\t\t\t\t\t\t<div class=\"elementor-element elementor-element-c91b435 elementor-widget elementor-widget-image\" data-id=\"c91b435\" data-element_type=\"widget\" data-e-type=\"widget\" data-widget_type=\"image.default\">\n\t\t\t\t<div class=\"elementor-widget-container\">\n\t\t\t\t\t\t\t\t\t\t\t\t\t\t\t<img decoding=\"async\" width=\"150\" height=\"150\" src=\"https:\/\/lsf-france.com\/wp-content\/uploads\/2022\/10\/Euge\u0301nie-150x150.png\" class=\"attachment-thumbnail size-thumbnail wp-image-402105\" alt=\"\" srcset=\"https:\/\/lsf-france.com\/wp-content\/uploads\/2022\/10\/Euge\u0301nie-150x150.png 150w, https:\/\/lsf-france.com\/wp-content\/uploads\/2022\/10\/Euge\u0301nie-300x300.png 300w, https:\/\/lsf-france.com\/wp-content\/uploads\/2022\/10\/Euge\u0301nie-1024x1024.png 1024w, https:\/\/lsf-france.com\/wp-content\/uploads\/2022\/10\/Euge\u0301nie-768x768.png 768w, https:\/\/lsf-france.com\/wp-content\/uploads\/2022\/10\/Euge\u0301nie-1536x1536.png 1536w, https:\/\/lsf-france.com\/wp-content\/uploads\/2022\/10\/Euge\u0301nie-2048x2048.png 2048w\" sizes=\"(max-width: 150px) 100vw, 150px\" \/>\t\t\t\t\t\t\t\t\t\t\t\t\t\t\t<\/div>\n\t\t\t\t<\/div>\n\t\t\t\t\t<\/div>\n\t\t<\/div>\n\t\t\t\t<div class=\"elementor-column elementor-col-50 elementor-top-column elementor-element elementor-element-50e5288\" data-id=\"50e5288\" data-element_type=\"column\" data-e-type=\"column\">\n\t\t\t<div class=\"elementor-widget-wrap elementor-element-populated\">\n\t\t\t\t\t\t<div class=\"elementor-element elementor-element-e9d75dd elementor-widget elementor-widget-text-editor\" data-id=\"e9d75dd\" data-element_type=\"widget\" data-e-type=\"widget\" data-widget_type=\"text-editor.default\">\n\t\t\t\t<div class=\"elementor-widget-container\">\n\t\t\t\t\t\t\t\t\t<h3>R\u00e9f\u00e9rent HANDICAP<\/h3>\n<p>Notre \u00e9cole est engag\u00e9e dans une d\u00e9marche d\u2019accueil et d&rsquo;accompagnement des personnes en situation de handicap. Nous vous proposons d\u2019\u00e9valuer vos besoins sp\u00e9cifiques et de mettre en oeuvre les adaptations p\u00e9dagogiques, organisationnelles et mat\u00e9rielles n\u00e9cessaires.<\/p>\n<p class=\"p1\">Eug\u00e9nie sera votre r\u00e9f\u00e9rente \u00e0 LSF<\/p>\n\t\t\t\t\t\t\t\t<\/div>\n\t\t\t\t<\/div>\n\t\t\t\t\t<\/div>\n\t\t<\/div>\n\t\t\t\t\t<\/div>\n\t\t<\/section>\n\t\t\t\t<\/div>\n\t\t","protected":false},"excerpt":{"rendered":"<p>LSF, une \u00e9cole accessible \u00e0 TOUS Si vous \u00eates en situation de handicap moteur, cognitif ou sensoriel, vous avez la possibilit\u00e9 de nous transmettre les informations vous concernant afin que [&hellip;]<\/p>\n","protected":false},"author":1,"featured_media":383217,"parent":34033,"menu_order":0,"comment_status":"closed","ping_status":"closed","template":"","meta":{"_acf_changed":false,"content-type":"","footnotes":""},"class_list":["post-383210","page","type-page","status-publish","has-post-thumbnail","hentry"],"acf":[],"_links":{"self":[{"href":"https:\/\/lsf-france.com\/fr\/wp-json\/wp\/v2\/pages\/383210","targetHints":{"allow":["GET"]}}],"collection":[{"href":"https:\/\/lsf-france.com\/fr\/wp-json\/wp\/v2\/pages"}],"about":[{"href":"https:\/\/lsf-france.com\/fr\/wp-json\/wp\/v2\/types\/page"}],"author":[{"embeddable":true,"href":"https:\/\/lsf-france.com\/fr\/wp-json\/wp\/v2\/users\/1"}],"replies":[{"embeddable":true,"href":"https:\/\/lsf-france.com\/fr\/wp-json\/wp\/v2\/comments?post=383210"}],"version-history":[{"count":4,"href":"https:\/\/lsf-france.com\/fr\/wp-json\/wp\/v2\/pages\/383210\/revisions"}],"predecessor-version":[{"id":411740,"href":"https:\/\/lsf-france.com\/fr\/wp-json\/wp\/v2\/pages\/383210\/revisions\/411740"}],"up":[{"embeddable":true,"href":"https:\/\/lsf-france.com\/fr\/wp-json\/wp\/v2\/pages\/34033"}],"wp:featuredmedia":[{"embeddable":true,"href":"https:\/\/lsf-france.com\/fr\/wp-json\/wp\/v2\/media\/383217"}],"wp:attachment":[{"href":"https:\/\/lsf-france.com\/fr\/wp-json\/wp\/v2\/media?parent=383210"}],"curies":[{"name":"wp","href":"https:\/\/api.w.org\/{rel}","templated":true}]}}