{"id":386007,"date":"2020-06-04T14:51:14","date_gmt":"2020-06-04T12:51:14","guid":{"rendered":"https:\/\/lsf-france.com\/nos-engagements-pour-la-sante-et-la-securite-covid-19\/"},"modified":"2021-07-16T10:14:51","modified_gmt":"2021-07-16T08:14:51","slug":"nos-engagements-pour-la-sante-et-la-securite-covid-19","status":"publish","type":"page","link":"https:\/\/lsf-france.com\/fr\/nos-engagements-pour-la-sante-et-la-securite-covid-19\/","title":{"rendered":"Nos engagements pour la sant\u00e9 et la s\u00e9curit\u00e9"},"content":{"rendered":"<p><em><strong>Mise \u00e0 jour &#8211; Septembre 2020<\/strong><\/em><\/p>\n<p>LSF Montpellier accueille de nouveaux des \u00e9tudiants depuis Juin 2020. Nous apportons une attention toute particuli\u00e8re \u00e0 la s\u00e9curit\u00e9 des \u00e9tudiants et des professeurs. Respectant les protocoles sanitaires d\u00e9finis par les autorit\u00e9s, LSF a pris des mesures que nous vous pr\u00e9sentons de mani\u00e8re synth\u00e9tique sur cette page. N\u2019h\u00e9sitez pas \u00e0 nous solliciter si vous avez d\u2019autres questions.<\/p>\n<h2>1 \u2013 DATES PRINCIPALES<\/h2>\n<p>En tant qu\u2019organisme de formation, notre \u00e9cole rouvre de mani\u00e8re restreinte et progressive selon le calendrier suivant et conform\u00e9ment au D\u00e9cret n\u00b0 2020-115 du 5 septembre 2020.<\/p>\n<ul>\n<li><strong>Ouverture de l\u2019\u00e9cole pour des cours en face \u00e0 face :<\/strong> le 1er juin<\/li>\n<li>Programme en ligne <strong>Keep Learning French<\/strong> : toujours op\u00e9rationnel<\/li>\n<li>Notre \u00e9cole continue \u00e0 \u00eatre ouverte et \u00e0 accueillir des \u00e9tudiants internationaux<\/li>\n<\/ul>\n<hr \/>\n<h2>2 &#8211; MESURES G\u00c9N\u00c9RALES DE PR\u00c9VENTION AU SEIN DE L&rsquo;\u00c9COLE LSF<\/h2>\n<p>Affichage des consignes dans plusieurs endroits de l\u2019\u00e9cole.<\/p>\n<p><img fetchpriority=\"high\" decoding=\"async\" class=\"size-medium wp-image-385937 alignnone\" src=\"https:\/\/lsf-france.com\/wp-content\/uploads\/2020\/06\/affiche-corona-200x300.jpg\" alt=\"\" width=\"200\" height=\"300\" srcset=\"https:\/\/lsf-france.com\/wp-content\/uploads\/2020\/06\/affiche-corona-200x300.jpg 200w, https:\/\/lsf-france.com\/wp-content\/uploads\/2020\/06\/affiche-corona-scaled-600x900.jpg 600w, https:\/\/lsf-france.com\/wp-content\/uploads\/2020\/06\/affiche-corona-683x1024.jpg 683w, https:\/\/lsf-france.com\/wp-content\/uploads\/2020\/06\/affiche-corona-768x1152.jpg 768w, https:\/\/lsf-france.com\/wp-content\/uploads\/2020\/06\/affiche-corona-1024x1536.jpg 1024w, https:\/\/lsf-france.com\/wp-content\/uploads\/2020\/06\/affiche-corona-1365x2048.jpg 1365w, https:\/\/lsf-france.com\/wp-content\/uploads\/2020\/06\/affiche-corona-640x960.jpg 640w, https:\/\/lsf-france.com\/wp-content\/uploads\/2020\/06\/affiche-corona-400x600.jpg 400w, https:\/\/lsf-france.com\/wp-content\/uploads\/2020\/06\/affiche-corona-scaled.jpg 1707w\" sizes=\"(max-width: 200px) 100vw, 200px\" \/><img decoding=\"async\" class=\"size-medium wp-image-385946 alignnone\" src=\"https:\/\/lsf-france.com\/wp-content\/uploads\/2020\/06\/affiche-corona-3-200x300.jpg\" alt=\"\" width=\"200\" height=\"300\" srcset=\"https:\/\/lsf-france.com\/wp-content\/uploads\/2020\/06\/affiche-corona-3-200x300.jpg 200w, https:\/\/lsf-france.com\/wp-content\/uploads\/2020\/06\/affiche-corona-3-scaled-600x900.jpg 600w, https:\/\/lsf-france.com\/wp-content\/uploads\/2020\/06\/affiche-corona-3-683x1024.jpg 683w, https:\/\/lsf-france.com\/wp-content\/uploads\/2020\/06\/affiche-corona-3-768x1152.jpg 768w, https:\/\/lsf-france.com\/wp-content\/uploads\/2020\/06\/affiche-corona-3-1024x1536.jpg 1024w, https:\/\/lsf-france.com\/wp-content\/uploads\/2020\/06\/affiche-corona-3-1365x2048.jpg 1365w, https:\/\/lsf-france.com\/wp-content\/uploads\/2020\/06\/affiche-corona-3-640x960.jpg 640w, https:\/\/lsf-france.com\/wp-content\/uploads\/2020\/06\/affiche-corona-3-400x600.jpg 400w, https:\/\/lsf-france.com\/wp-content\/uploads\/2020\/06\/affiche-corona-3-scaled.jpg 1707w\" sizes=\"(max-width: 200px) 100vw, 200px\" \/><img decoding=\"async\" class=\"size-medium wp-image-385943 alignnone\" src=\"https:\/\/lsf-france.com\/wp-content\/uploads\/2020\/06\/affiche-corona-2-200x300.jpg\" alt=\"\" width=\"200\" height=\"300\" srcset=\"https:\/\/lsf-france.com\/wp-content\/uploads\/2020\/06\/affiche-corona-2-200x300.jpg 200w, https:\/\/lsf-france.com\/wp-content\/uploads\/2020\/06\/affiche-corona-2-scaled-600x900.jpg 600w, https:\/\/lsf-france.com\/wp-content\/uploads\/2020\/06\/affiche-corona-2-683x1024.jpg 683w, https:\/\/lsf-france.com\/wp-content\/uploads\/2020\/06\/affiche-corona-2-768x1152.jpg 768w, https:\/\/lsf-france.com\/wp-content\/uploads\/2020\/06\/affiche-corona-2-1024x1536.jpg 1024w, https:\/\/lsf-france.com\/wp-content\/uploads\/2020\/06\/affiche-corona-2-1365x2048.jpg 1365w, https:\/\/lsf-france.com\/wp-content\/uploads\/2020\/06\/affiche-corona-2-640x960.jpg 640w, https:\/\/lsf-france.com\/wp-content\/uploads\/2020\/06\/affiche-corona-2-400x600.jpg 400w, https:\/\/lsf-france.com\/wp-content\/uploads\/2020\/06\/affiche-corona-2-scaled.jpg 1707w\" sizes=\"(max-width: 200px) 100vw, 200px\" \/><\/p>\n<p><strong>DISTANCIATION SOCIALE :<\/strong> 1 METRE MINIMUM<\/p>\n<hr \/>\n<h2>3 &#8211; PRECISIONS COMPLEMENTAIRES POUR LA PRISE EN COMPTE DU RISQUE DE TRANSMISSION DU VIRUS SARS-Cov2 :<\/h2>\n<ul>\n<li><strong>Port du masque<\/strong> (chirurgical ou grand public) : il est obligatoire pour les collaborateurs comme les \u00e9tudiants dans toutes les situations o\u00f9 le respect des r\u00e8gles de distanciation n\u2019est pas garanti. Les \u00e9tudiants doivent venir avec leur propres masques. LSF fournit des masques aux professeurs ainsi que des visi\u00e8res. Le port du masque par les enseignants et des personnels administratifs est obligatoire en pr\u00e9sence des \u00e9tudiants.<\/li>\n<li><strong>Port des gants<\/strong> : ils sont obligatoires pour les examens qui n\u00e9cessitent la manipulation de mat\u00e9riels qui passent de mains en mains.<\/li>\n<li><strong>Application des gestes barri\u00e8res<\/strong> : lavage des mains ou gel hydro-alcoolique \u00e0 l\u2019arriv\u00e9e \u00e0 l\u2019\u00e9cole, en entrant en classe, avant et apr\u00e8s un passage aux toilettes, apr\u00e8s s\u2019\u00eatre mouch\u00e9, avoir touss\u00e9 ou \u00e9ternu\u00e9, avoir manipul\u00e9 des objets\u2026 Aucun \u00e9change de mat\u00e9riel ne sera possible. Les go\u00fbters d\u2019accueil, ap\u00e9ritif et autre partage collectif de boissons sont interdits jusqu\u2019\u00e0 nouvel ordre.<\/li>\n<li><strong>Distanciation physique<\/strong> : am\u00e9nagement des salles de classe, fermeture de la cuisine et des distributeurs de boissons\u2026<\/li>\n<li><strong>Limitation des flux<\/strong> : les intercours et pauses se font \u00e0 l\u2019ext\u00e9rieur, terrasse ou jardin de l\u2019\u00e9cole.<\/li>\n<li><strong>Nettoyage et entretien<\/strong> : a\u00e9ration des salles, nettoyage et d\u00e9sinfection des locaux et mat\u00e9riels avant l\u2019entr\u00e9e d\u2019un nouveau groupe dans une salle. Les parties subissant des contacts r\u00e9guliers (poign\u00e9es de porte, rampe escalier, interrupteurs, mat\u00e9riel p\u00e9dagogique mobile, etc.) sont nettoy\u00e9es et d\u00e9sinfect\u00e9es plusieurs fois par jour.<\/li>\n<li><strong>Suspicion de cas de Covid-19<\/strong> : Il n\u2019y a pas de prise de temp\u00e9rature \u00e0 l\u2019entr\u00e9e de l\u2019\u00e9cole. Chacun est invit\u00e9 (collaborateurs et \u00e9tudiants) \u00e0 surveiller l\u2019apparition de sympt\u00f4mes avec une prise de temp\u00e9rature tr\u00e8s r\u00e9guli\u00e8re avant le d\u00e9part \u00e0 l\u2019\u00e9cole (temp\u00e9rature inf\u00e9rieure \u00e0 37,8\u00b0). En cas de sympt\u00f4mes en pr\u00e9sentiel \u00e0 l\u2019\u00e9cole, pr\u00e9venir un membre de l\u2019\u00e9quipe et isolement dans une salle sp\u00e9ciale en attente de la prise en charge par la famille d\u2019accueil (ou des services d\u2019urgence). L\u2019\u00e9cole informera l\u2019Agence R\u00e9gionale de Sant\u00e9. L\u2019\u00e9quipe toute enti\u00e8re veillera au maintien des r\u00e8gles sanitaires : les \u00e9tudiants ne respectant pas ces r\u00e8gles seront invit\u00e9s \u00e0 rentrer chez eux.<\/li>\n<\/ul>\n<hr \/>\n<h2>4 &#8211; MESURES LI\u00c9ES \u00c0 L&rsquo;H\u00c9BERGEMENT<\/h2>\n<p>Concernant l\u2019h\u00e9bergement des \u00e9tudiants, en famille d\u2019accueil ou en r\u00e9sidence, LSF est \u00e9galement tr\u00e8s rigoureuse sur les conditions sanitaires mises en place.<\/p>\n<h3>4.1 &#8211; Familles d\u2019accueil<\/h3>\n<p><b>Voici ce qui est convenu avec les familles d\u2019accueil<\/b> :<\/p>\n<ul>\n<li>Enlever ses chaussures dans la maison<\/li>\n<li>Dans la mesure du possible, changer de tenue une fois \u00e0 la maison (tenue int\u00e9rieure \/ tenue ext\u00e9rieure)<\/li>\n<li>Les membres de la famille et l&rsquo;\u00e9tudiant s&rsquo;engagent \u00e0 respecter les gestes barri\u00e8res \u00e0 l\u2019int\u00e9rieur et \u00e0 l&rsquo;ext\u00e9rieur de la maison pour la protection de tous : lavage des mains ou gel hydro-alcoolique \u00e0 l\u2019arriv\u00e9e chez la famille d\u2019accueil, avant et apr\u00e8s un passage aux toilettes, apr\u00e8s s\u2019\u00eatre mouch\u00e9, avoir touss\u00e9 ou \u00e9ternu\u00e9;<\/li>\n<li>Mise \u00e0 disposition de quelques masques et gel hydro alcoolique;<\/li>\n<li>Si apparition de sympt\u00f4mes, les membres de la famille et l&rsquo;\u00e9tudiant se pr\u00e9viennent mutuellement, se font tester et communiquent le r\u00e9sultat. L\u2019\u00e9cole est obligatoirement pr\u00e9venue.<\/li>\n<\/ul>\n<h3>4.2 &#8211; R\u00e9sidence \u00e9tudiante<\/h3>\n<p><b>Voici les mesures prises par nos r\u00e9sidences partenaires<\/b> :<\/p>\n<p>\u201cPort du masque obligatoire DANS LES PARTIES COMMUNES\u201d<\/p>\n<ul>\n<li><strong>Consignes affich\u00e9es et communiqu\u00e9es aux r\u00e9sidents<\/strong> :\n<ul>\n<li>D\u00e9sinfectez-vous r\u00e9guli\u00e8rement les mains<\/li>\n<li>Un sanitaire commun est \u00e0 votre disposition au Rez-de-chauss\u00e9e avec eau, savon et papier-essuie mains.<\/li>\n<li>Veiller \u00e0 respecter la distance de s\u00e9curit\u00e9 avec les clients et les collaborateurs de la r\u00e9sidence (1,5 m\u00e8tres \u00e0 minima).<\/li>\n<li>Evitez de toucher le bureau d\u2019accueil, les portes et les parties communes<\/li>\n<li>Pr\u00e9sence autoris\u00e9e dans le r\u00e9fectoire (pour travailler ou discuter) mais en respectant les distances de s\u00e9curit\u00e9 (1,5 m\u00e8tres \u00e0 minima).<\/li>\n<li>Acc\u00e8s aux chambres par les escaliers de pr\u00e9f\u00e9rence<\/li>\n<\/ul>\n<\/li>\n<li><strong>Ascenseur<\/strong> : si besoin exceptionnel (personnes \u00e2g\u00e9es &#8211; handicap ou autre) \u2013 couples et famille uniquement.<\/li>\n<li><strong>D\u00e9part<\/strong> : Veuillez remettre votre cl\u00e9 de chambre et autres clefs dans le bac pr\u00e9vu \u00e0 cet effet \u00e0 l\u2019accueil ou boite aux lettres verte au premier \u00e9tage \u00e0 votre d\u00e9part.<\/li>\n<li><strong>H\u00e9bergement<\/strong> :\n<ul>\n<li>Un soin particulier est port\u00e9 \u00e0 la d\u00e9sinfection de chaque chambre.<\/li>\n<li>En cas de suspicion de fi\u00e8vre, toux, malaise pendant votre s\u00e9jour : veuillez contacter l\u2019accueil qui communiquera la marche \u00e0 suivre.<\/li>\n<li>Suppression du service de recouche : Des sets de recouches pr\u00eats \u00e0 l\u2019emploi sont mis \u00e0 votre disposition \u00e0 la r\u00e9ception.<\/li>\n<\/ul>\n<\/li>\n<li><strong>Entre deux d\u00e9parts<\/strong> :\n<ul>\n<li>Des temps de repos allong\u00e9s entre chaque location<\/li>\n<li>L\u2019utilisation de produits de d\u00e9sinfection certifi\u00e9s<\/li>\n<\/ul>\n<\/li>\n<\/ul>\n<hr \/>\n<h2>5 &#8211; A PROPOS DU TRANSPORT ET DES ACTIVIT\u00c9S<\/h2>\n<p><span style=\"font-weight: 400;\">Merci de consulter <\/span><a href=\"https:\/\/www.montpellier3m.fr\/covid19\" target=\"_blank\" rel=\"noopener\"><span style=\"font-weight: 400;\">le site officiel de Montpellier M\u00e9tropole<\/span><\/a><span style=\"font-weight: 400;\"> pour conna\u00eetre en temps r\u00e9el les mesures sanitaires en vigueur.<\/span><\/p>\n","protected":false},"excerpt":{"rendered":"<p>Mise \u00e0 jour &#8211; Septembre 2020 LSF Montpellier accueille de nouveaux des \u00e9tudiants depuis Juin 2020. Nous apportons une attention toute particuli\u00e8re \u00e0 la s\u00e9curit\u00e9 des \u00e9tudiants et des professeurs. [&hellip;]<\/p>\n","protected":false},"author":1,"featured_media":0,"parent":0,"menu_order":0,"comment_status":"closed","ping_status":"closed","template":"","meta":{"_acf_changed":false,"content-type":"","footnotes":""},"class_list":["post-386007","page","type-page","status-publish","hentry"],"acf":[],"_links":{"self":[{"href":"https:\/\/lsf-france.com\/fr\/wp-json\/wp\/v2\/pages\/386007","targetHints":{"allow":["GET"]}}],"collection":[{"href":"https:\/\/lsf-france.com\/fr\/wp-json\/wp\/v2\/pages"}],"about":[{"href":"https:\/\/lsf-france.com\/fr\/wp-json\/wp\/v2\/types\/page"}],"author":[{"embeddable":true,"href":"https:\/\/lsf-france.com\/fr\/wp-json\/wp\/v2\/users\/1"}],"replies":[{"embeddable":true,"href":"https:\/\/lsf-france.com\/fr\/wp-json\/wp\/v2\/comments?post=386007"}],"version-history":[{"count":0,"href":"https:\/\/lsf-france.com\/fr\/wp-json\/wp\/v2\/pages\/386007\/revisions"}],"wp:attachment":[{"href":"https:\/\/lsf-france.com\/fr\/wp-json\/wp\/v2\/media?parent=386007"}],"curies":[{"name":"wp","href":"https:\/\/api.w.org\/{rel}","templated":true}]}}