{"id":400152,"date":"2021-11-25T09:59:39","date_gmt":"2021-11-25T08:59:39","guid":{"rendered":"https:\/\/lsf-france.com\/adultes-16-formulaire-de-reservation\/"},"modified":"2026-02-16T14:18:15","modified_gmt":"2026-02-16T13:18:15","slug":"adultes-16-formulaire-de-reservation","status":"publish","type":"page","link":"https:\/\/lsf-france.com\/fr\/adultes-16-formulaire-de-reservation\/","title":{"rendered":"Formulaire de r\u00e9servation"},"content":{"rendered":"\t\t<div data-elementor-type=\"wp-page\" data-elementor-id=\"400152\" class=\"elementor elementor-400152 elementor-396776\" data-elementor-post-type=\"page\">\n\t\t\t\t\t\t<section class=\"elementor-section elementor-top-section elementor-element elementor-element-2e5cbda0 elementor-section-boxed elementor-section-height-default elementor-section-height-default\" data-id=\"2e5cbda0\" data-element_type=\"section\" data-e-type=\"section\">\n\t\t\t\t\t\t<div class=\"elementor-container elementor-column-gap-default\">\n\t\t\t\t\t<div class=\"elementor-column elementor-col-100 elementor-top-column elementor-element elementor-element-229725c4\" data-id=\"229725c4\" data-element_type=\"column\" data-e-type=\"column\">\n\t\t\t<div class=\"elementor-widget-wrap elementor-element-populated\">\n\t\t\t\t\t\t<div class=\"elementor-element elementor-element-a05f3e4 elementor-widget elementor-widget-text-editor\" data-id=\"a05f3e4\" data-element_type=\"widget\" data-e-type=\"widget\" data-widget_type=\"text-editor.default\">\n\t\t\t\t<div class=\"elementor-widget-container\">\n\t\t\t\t\t\t\t\t\t<h2>R\u00e9servez votre s\u00e9jour \u00e0 LSF Montpellier en 3 minutes !<\/h2><p>Venez profiter d\u2019un s\u00e9jour inoubliable \u00e0 Montpellier.<\/p><p><span style=\"font-family: -apple-system, BlinkMacSystemFont, 'Segoe UI', Roboto, 'Helvetica Neue', Arial, 'Noto Sans', sans-serif, 'Apple Color Emoji', 'Segoe UI Emoji', 'Segoe UI Symbol', 'Noto Color Emoji'; font-size: 1rem;\">Remplissez notre formulaire d\u2019inscription et r\u00e9servez nos cours. <\/span><span style=\"font-family: -apple-system, BlinkMacSystemFont, 'Segoe UI', Roboto, 'Helvetica Neue', Arial, 'Noto Sans', sans-serif, 'Apple Color Emoji', 'Segoe UI Emoji', 'Segoe UI Symbol', 'Noto Color Emoji'; font-size: 1rem;\">Cr\u00e9ez et achetez en ligne votre s\u00e9jour sur mesure en choisissant vos cours de fran\u00e7ais, votre h\u00e9bergement et vos options.<\/span><\/p><p>Nos conseillers p\u00e9dagogiques vos contacteront afin de valider votre inscription et r\u00e9pondre \u00e0 toutes vos questions.<\/p>\t\t\t\t\t\t\t\t<\/div>\n\t\t\t\t<\/div>\n\t\t\t\t<div class=\"elementor-element elementor-element-e7146b7 elementor-widget-divider--view-line elementor-widget elementor-widget-divider\" data-id=\"e7146b7\" data-element_type=\"widget\" data-e-type=\"widget\" data-widget_type=\"divider.default\">\n\t\t\t\t<div class=\"elementor-widget-container\">\n\t\t\t\t\t\t\t<div class=\"elementor-divider\">\n\t\t\t<span class=\"elementor-divider-separator\">\n\t\t\t\t\t\t<\/span>\n\t\t<\/div>\n\t\t\t\t\t\t<\/div>\n\t\t\t\t<\/div>\n\t\t\t\t<section class=\"elementor-section elementor-inner-section elementor-element elementor-element-f8b9f29 elementor-section-boxed elementor-section-height-default elementor-section-height-default\" data-id=\"f8b9f29\" data-element_type=\"section\" data-e-type=\"section\">\n\t\t\t\t\t\t<div class=\"elementor-container elementor-column-gap-default\">\n\t\t\t\t\t<div class=\"elementor-column elementor-col-100 elementor-inner-column elementor-element elementor-element-b667d3e\" data-id=\"b667d3e\" data-element_type=\"column\" data-e-type=\"column\">\n\t\t\t<div class=\"elementor-widget-wrap elementor-element-populated\">\n\t\t\t\t\t\t<div class=\"elementor-element elementor-element-1ff576b elementor-align-center elementor-widget elementor-widget-button\" data-id=\"1ff576b\" data-element_type=\"widget\" data-e-type=\"widget\" data-widget_type=\"button.default\">\n\t\t\t\t<div class=\"elementor-widget-container\">\n\t\t\t\t\t\t\t\t\t<div class=\"elementor-button-wrapper\">\n\t\t\t\t\t<a class=\"elementor-button elementor-button-link elementor-size-lg\" href=\"https:\/\/lsf-france.com\/fr\/formulaire-de-reservation-pour-adultes-2024\/\" target=\"_blank\">\n\t\t\t\t\t\t<span class=\"elementor-button-content-wrapper\">\n\t\t\t\t\t\t\t\t\t<span class=\"elementor-button-text\">Inscription aux cours pour adultes et s\u00e9niors<\/span>\n\t\t\t\t\t<\/span>\n\t\t\t\t\t<\/a>\n\t\t\t\t<\/div>\n\t\t\t\t\t\t\t\t<\/div>\n\t\t\t\t<\/div>\n\t\t\t\t<div class=\"elementor-element elementor-element-d749b4e elementor-widget-divider--view-line elementor-widget elementor-widget-divider\" data-id=\"d749b4e\" data-element_type=\"widget\" data-e-type=\"widget\" data-widget_type=\"divider.default\">\n\t\t\t\t<div class=\"elementor-widget-container\">\n\t\t\t\t\t\t\t<div class=\"elementor-divider\">\n\t\t\t<span class=\"elementor-divider-separator\">\n\t\t\t\t\t\t<\/span>\n\t\t<\/div>\n\t\t\t\t\t\t<\/div>\n\t\t\t\t<\/div>\n\t\t\t\t<div class=\"elementor-element elementor-element-bc71793 elementor-align-center elementor-widget elementor-widget-button\" data-id=\"bc71793\" data-element_type=\"widget\" data-e-type=\"widget\" data-widget_type=\"button.default\">\n\t\t\t\t<div class=\"elementor-widget-container\">\n\t\t\t\t\t\t\t\t\t<div class=\"elementor-button-wrapper\">\n\t\t\t\t\t<a class=\"elementor-button elementor-button-link elementor-size-lg\" href=\"https:\/\/lsf-france.com\/fr\/cours-du-soir\/\" target=\"_blank\">\n\t\t\t\t\t\t<span class=\"elementor-button-content-wrapper\">\n\t\t\t\t\t\t\t\t\t<span class=\"elementor-button-text\">Inscription aux cours en ligne<\/span>\n\t\t\t\t\t<\/span>\n\t\t\t\t\t<\/a>\n\t\t\t\t<\/div>\n\t\t\t\t\t\t\t\t<\/div>\n\t\t\t\t<\/div>\n\t\t\t\t<div class=\"elementor-element elementor-element-c37384a elementor-widget-divider--view-line elementor-widget elementor-widget-divider\" data-id=\"c37384a\" data-element_type=\"widget\" data-e-type=\"widget\" data-widget_type=\"divider.default\">\n\t\t\t\t<div class=\"elementor-widget-container\">\n\t\t\t\t\t\t\t<div class=\"elementor-divider\">\n\t\t\t<span class=\"elementor-divider-separator\">\n\t\t\t\t\t\t<\/span>\n\t\t<\/div>\n\t\t\t\t\t\t<\/div>\n\t\t\t\t<\/div>\n\t\t\t\t<div class=\"elementor-element elementor-element-85b8175 elementor-align-center elementor-widget elementor-widget-button\" data-id=\"85b8175\" data-element_type=\"widget\" data-e-type=\"widget\" data-widget_type=\"button.default\">\n\t\t\t\t<div class=\"elementor-widget-container\">\n\t\t\t\t\t\t\t\t\t<div class=\"elementor-button-wrapper\">\n\t\t\t\t\t<a class=\"elementor-button elementor-button-link elementor-size-lg\" href=\"https:\/\/klf.fr\/french-junior-camp-in-montpellier\/booking\/\" target=\"_blank\" rel=\"noopener\">\n\t\t\t\t\t\t<span class=\"elementor-button-content-wrapper\">\n\t\t\t\t\t\t\t\t\t<span class=\"elementor-button-text\">Inscription aux s\u00e9jours d'\u00e9t\u00e9 pour les jeunes<\/span>\n\t\t\t\t\t<\/span>\n\t\t\t\t\t<\/a>\n\t\t\t\t<\/div>\n\t\t\t\t\t\t\t\t<\/div>\n\t\t\t\t<\/div>\n\t\t\t\t<div class=\"elementor-element elementor-element-73f1507 elementor-widget-divider--view-line elementor-widget elementor-widget-divider\" data-id=\"73f1507\" data-element_type=\"widget\" data-e-type=\"widget\" data-widget_type=\"divider.default\">\n\t\t\t\t<div class=\"elementor-widget-container\">\n\t\t\t\t\t\t\t<div class=\"elementor-divider\">\n\t\t\t<span class=\"elementor-divider-separator\">\n\t\t\t\t\t\t<\/span>\n\t\t<\/div>\n\t\t\t\t\t\t<\/div>\n\t\t\t\t<\/div>\n\t\t\t\t<div class=\"elementor-element elementor-element-f1bc5dc elementor-widget elementor-widget-text-editor\" data-id=\"f1bc5dc\" data-element_type=\"widget\" data-e-type=\"widget\" data-widget_type=\"text-editor.default\">\n\t\t\t\t<div class=\"elementor-widget-container\">\n\t\t\t\t\t\t\t\t\t<p><i>*Pour les r\u00e9servations de derni\u00e8re minute (moins de 4 jours avant le d\u00e9but du cours), veuillez nous contacter \u00e0 l&rsquo;avance \u00e0 l&rsquo;adresse suivante<\/i><i style=\"font-family: -apple-system, BlinkMacSystemFont, 'Segoe UI', Roboto, 'Helvetica Neue', Arial, 'Noto Sans', sans-serif, 'Apple Color Emoji', 'Segoe UI Emoji', 'Segoe UI Symbol', 'Noto Color Emoji'; font-size: 1rem;\">&nbsp;<\/i><a style=\"background-color: #ffffff; font-family: -apple-system, BlinkMacSystemFont, 'Segoe UI', Roboto, 'Helvetica Neue', Arial, 'Noto Sans', sans-serif, 'Apple Color Emoji', 'Segoe UI Emoji', 'Segoe UI Symbol', 'Noto Color Emoji'; font-size: 1rem;\" href=\"mailto:contact@lsf-france.com\" target=\"_blank\" rel=\"noopener\">contact@lsf-france.com<\/a><i style=\"font-family: -apple-system, BlinkMacSystemFont, 'Segoe UI', Roboto, 'Helvetica Neue', Arial, 'Noto Sans', sans-serif, 'Apple Color Emoji', 'Segoe UI Emoji', 'Segoe UI Symbol', 'Noto Color Emoji'; font-size: 1rem;\">pour v\u00e9rifier la disponibilit\u00e9.<\/i><\/p>\n<p style=\"color: #000000; font-family: Roboto, sans-serif;\">* ATTENTION ! Pour les grands d\u00e9butants, niveau A0, il y aura des dates de d\u00e9but sp\u00e9cifiques. <\/p>\n<p style=\"color: #000000; font-family: Roboto, sans-serif;\">* Attention: pendant les jours f\u00e9ri\u00e9s et conform\u00e9ment \u00e0 nos conditions g\u00e9n\u00e9rales de vente, l \u2018 \u00e9cole sera ferm\u00e9e et aucun cours de rattrapage ne sera propos\u00e9. Les \u00e9coles seront ferm\u00e9es les jours f\u00e9ri\u00e9s suivants: 2025: 11\/11\/25 \u2013 et 2026 : 01 janvier | 06 avril | 01 mai | 08 mai | 25 mai | 14 juillet | 11 novembre <\/p>\n<p style=\"color: #000000; font-family: Roboto, sans-serif;\">* Cours le matin ou l&rsquo;apr\u00e8s-midi, en fonction de votre niveau et de la charge de travail de l&rsquo;\u00e9cole.<\/p>\n<p style=\"color: #000000; font-family: Roboto, sans-serif;\">*Toute inscription ne sera consid\u00e9r\u00e9e comme valide qu&rsquo;apr\u00e8s r\u00e9ception du paiement.<\/p>\t\t\t\t\t\t\t\t<\/div>\n\t\t\t\t<\/div>\n\t\t\t\t\t<\/div>\n\t\t<\/div>\n\t\t\t\t\t<\/div>\n\t\t<\/section>\n\t\t\t\t<div class=\"elementor-element elementor-element-2bf8c44 elementor-widget elementor-widget-spacer\" data-id=\"2bf8c44\" data-element_type=\"widget\" data-e-type=\"widget\" data-widget_type=\"spacer.default\">\n\t\t\t\t<div class=\"elementor-widget-container\">\n\t\t\t\t\t\t\t<div class=\"elementor-spacer\">\n\t\t\t<div class=\"elementor-spacer-inner\"><\/div>\n\t\t<\/div>\n\t\t\t\t\t\t<\/div>\n\t\t\t\t<\/div>\n\t\t\t\t\t<\/div>\n\t\t<\/div>\n\t\t\t\t\t<\/div>\n\t\t<\/section>\n\t\t\t\t<\/div>\n\t\t","protected":false},"excerpt":{"rendered":"<p>R\u00e9servez votre s\u00e9jour \u00e0 LSF Montpellier en 3 minutes ! Venez profiter d\u2019un s\u00e9jour inoubliable \u00e0 Montpellier. Remplissez notre formulaire d\u2019inscription et r\u00e9servez nos cours. Cr\u00e9ez et achetez en ligne [&hellip;]<\/p>\n","protected":false},"author":1,"featured_media":0,"parent":0,"menu_order":0,"comment_status":"closed","ping_status":"closed","template":"","meta":{"_acf_changed":false,"content-type":"","footnotes":""},"class_list":["post-400152","page","type-page","status-publish","hentry"],"acf":[],"_links":{"self":[{"href":"https:\/\/lsf-france.com\/fr\/wp-json\/wp\/v2\/pages\/400152","targetHints":{"allow":["GET"]}}],"collection":[{"href":"https:\/\/lsf-france.com\/fr\/wp-json\/wp\/v2\/pages"}],"about":[{"href":"https:\/\/lsf-france.com\/fr\/wp-json\/wp\/v2\/types\/page"}],"author":[{"embeddable":true,"href":"https:\/\/lsf-france.com\/fr\/wp-json\/wp\/v2\/users\/1"}],"replies":[{"embeddable":true,"href":"https:\/\/lsf-france.com\/fr\/wp-json\/wp\/v2\/comments?post=400152"}],"version-history":[{"count":49,"href":"https:\/\/lsf-france.com\/fr\/wp-json\/wp\/v2\/pages\/400152\/revisions"}],"predecessor-version":[{"id":414876,"href":"https:\/\/lsf-france.com\/fr\/wp-json\/wp\/v2\/pages\/400152\/revisions\/414876"}],"wp:attachment":[{"href":"https:\/\/lsf-france.com\/fr\/wp-json\/wp\/v2\/media?parent=400152"}],"curies":[{"name":"wp","href":"https:\/\/api.w.org\/{rel}","templated":true}]}}