{"id":402917,"date":"2022-12-16T13:18:21","date_gmt":"2022-12-16T12:18:21","guid":{"rendered":"https:\/\/lsf-france.com\/reglement-interieur-2\/"},"modified":"2023-01-02T09:15:05","modified_gmt":"2023-01-02T08:15:05","slug":"reglement-interieur-2","status":"publish","type":"page","link":"https:\/\/lsf-france.com\/fr\/reglement-interieur-2\/","title":{"rendered":"R\u00e8glement int\u00e9rieur"},"content":{"rendered":"\t\t<div data-elementor-type=\"wp-page\" data-elementor-id=\"402917\" class=\"elementor elementor-402917 elementor-402910\" data-elementor-post-type=\"page\">\n\t\t\t\t\t\t<section class=\"elementor-section elementor-top-section elementor-element elementor-element-1756b442 elementor-section-boxed elementor-section-height-default elementor-section-height-default\" data-id=\"1756b442\" data-element_type=\"section\" data-e-type=\"section\">\n\t\t\t\t\t\t<div class=\"elementor-container elementor-column-gap-default\">\n\t\t\t\t\t<div class=\"elementor-column elementor-col-100 elementor-top-column elementor-element elementor-element-22c9d599\" data-id=\"22c9d599\" data-element_type=\"column\" data-e-type=\"column\">\n\t\t\t<div class=\"elementor-widget-wrap elementor-element-populated\">\n\t\t\t\t\t\t<div class=\"elementor-element elementor-element-3d5969f5 elementor-widget elementor-widget-heading\" data-id=\"3d5969f5\" data-element_type=\"widget\" data-e-type=\"widget\" data-widget_type=\"heading.default\">\n\t\t\t\t<div class=\"elementor-widget-container\">\n\t\t\t\t\t<p class=\"elementor-heading-title elementor-size-default\">Mise \u00e0 jour : 22 d\u00e9cembre 2022<\/p>\t\t\t\t<\/div>\n\t\t\t\t<\/div>\n\t\t\t\t\t<\/div>\n\t\t<\/div>\n\t\t\t\t\t<\/div>\n\t\t<\/section>\n\t\t\t\t<section class=\"elementor-section elementor-top-section elementor-element elementor-element-17c634a4 elementor-section-boxed elementor-section-height-default elementor-section-height-default\" data-id=\"17c634a4\" data-element_type=\"section\" data-e-type=\"section\">\n\t\t\t\t\t\t<div class=\"elementor-container elementor-column-gap-default\">\n\t\t\t\t\t<div class=\"elementor-column elementor-col-100 elementor-top-column elementor-element elementor-element-871e745\" data-id=\"871e745\" data-element_type=\"column\" data-e-type=\"column\">\n\t\t\t<div class=\"elementor-widget-wrap elementor-element-populated\">\n\t\t\t\t\t\t<div class=\"elementor-element elementor-element-7666b36c elementor-widget elementor-widget-text-editor\" data-id=\"7666b36c\" data-element_type=\"widget\" data-e-type=\"widget\" data-widget_type=\"text-editor.default\">\n\t\t\t\t<div class=\"elementor-widget-container\">\n\t\t\t\t\t\t\t\t\t<p>Le pr\u00e9sent r\u00e8glement s\u2019applique \u00e0 l\u2019\u00e9cole\u00a0:<\/p>\n<ul>\n<li><strong>LSF-IEF Montpellier<\/strong><\/li>\n<\/ul>\n<p>Ci-apr\u00e8s \u00ab\u00a0L\u2019\u00c9COLE\u00a0\u00bb<\/p>\n<p>Le pr\u00e9sent r\u00e8glement s\u2019applique \u00e0 tous les \u00e9tudiants participant \u00e0 toute formation organis\u00e9e par L\u2019\u00c9COLE d\u00e8s son arriv\u00e9e en France. Il est affich\u00e9 dans les diff\u00e9rents locaux de formation. L\u2019\u00e9tudiant doit \u00e9galement se conformer au r\u00e8glement int\u00e9rieur de l\u2019h\u00e9bergement qu\u2019il occupe durant l\u2019int\u00e9gralit\u00e9 de son s\u00e9jour.<\/p>\n\t\t\t\t\t\t\t\t<\/div>\n\t\t\t\t<\/div>\n\t\t\t\t<div class=\"elementor-element elementor-element-361334cf elementor-toc--minimized-on-tablet elementor-widget elementor-widget-table-of-contents\" data-id=\"361334cf\" data-element_type=\"widget\" data-e-type=\"widget\" data-settings=\"{&quot;exclude_headings_by_selector&quot;:[],&quot;marker_view&quot;:&quot;bullets&quot;,&quot;headings_by_tags&quot;:[&quot;h2&quot;,&quot;h3&quot;,&quot;h4&quot;,&quot;h5&quot;,&quot;h6&quot;],&quot;icon&quot;:{&quot;value&quot;:&quot;fas fa-circle&quot;,&quot;library&quot;:&quot;fa-solid&quot;},&quot;no_headings_message&quot;:&quot;Aucun titre n\\u2019a \\u00e9t\\u00e9 trouv\\u00e9 sur cette page.&quot;,&quot;minimize_box&quot;:&quot;yes&quot;,&quot;minimized_on&quot;:&quot;tablet&quot;,&quot;hierarchical_view&quot;:&quot;yes&quot;,&quot;min_height&quot;:{&quot;unit&quot;:&quot;px&quot;,&quot;size&quot;:&quot;&quot;,&quot;sizes&quot;:[]},&quot;min_height_tablet&quot;:{&quot;unit&quot;:&quot;px&quot;,&quot;size&quot;:&quot;&quot;,&quot;sizes&quot;:[]},&quot;min_height_mobile&quot;:{&quot;unit&quot;:&quot;px&quot;,&quot;size&quot;:&quot;&quot;,&quot;sizes&quot;:[]}}\" data-widget_type=\"table-of-contents.default\">\n\t\t\t\t<div class=\"elementor-widget-container\">\n\t\t\t\t\t\t\t\t\t<div class=\"elementor-toc__header\">\n\t\t\t\t\t\t<h4 class=\"elementor-toc__header-title\">\n\t\t\t\tSommaire\t\t\t<\/h4>\n\t\t\t\t\t\t\t\t\t\t<div class=\"elementor-toc__toggle-button elementor-toc__toggle-button--expand\" role=\"button\" tabindex=\"0\" aria-controls=\"elementor-toc__361334cf\" aria-expanded=\"true\" aria-label=\"Ouvrir la table des mati\u00e8res\"><i aria-hidden=\"true\" class=\"fas fa-chevron-down\"><\/i><\/div>\n\t\t\t\t<div class=\"elementor-toc__toggle-button elementor-toc__toggle-button--collapse\" role=\"button\" tabindex=\"0\" aria-controls=\"elementor-toc__361334cf\" aria-expanded=\"true\" aria-label=\"Fermer la table des mati\u00e8res\"><i aria-hidden=\"true\" class=\"fas fa-chevron-up\"><\/i><\/div>\n\t\t\t\t\t<\/div>\n\t\t\t\t<div id=\"elementor-toc__361334cf\" class=\"elementor-toc__body\">\n\t\t\t<div class=\"elementor-toc__spinner-container\">\n\t\t\t\t<i class=\"elementor-toc__spinner eicon-animation-spin eicon-loading\" aria-hidden=\"true\"><\/i>\t\t\t<\/div>\n\t\t<\/div>\n\t\t\t\t\t\t<\/div>\n\t\t\t\t<\/div>\n\t\t\t\t<div class=\"elementor-element elementor-element-3a26bafd elementor-widget elementor-widget-heading\" data-id=\"3a26bafd\" data-element_type=\"widget\" data-e-type=\"widget\" data-widget_type=\"heading.default\">\n\t\t\t\t<div class=\"elementor-widget-container\">\n\t\t\t\t\t<h2 class=\"elementor-heading-title elementor-size-default\">1 \/ R\u00c8GLES G\u00c9N\u00c9RALES<\/h2>\t\t\t\t<\/div>\n\t\t\t\t<\/div>\n\t\t\t\t<div class=\"elementor-element elementor-element-66b59526 elementor-widget elementor-widget-text-editor\" data-id=\"66b59526\" data-element_type=\"widget\" data-e-type=\"widget\" data-widget_type=\"text-editor.default\">\n\t\t\t\t<div class=\"elementor-widget-container\">\n\t\t\t\t\t\t\t\t\t<ul>\n<li>Les formations sont donn\u00e9es dans le respect des principes de la\u00efcit\u00e9 et des valeurs universelles li\u00e9es aux droits de l&rsquo;homme, \u00e0 la d\u00e9mocratie, au devoir de tol\u00e9rance et au respect d&rsquo;autrui dans sa personnalit\u00e9, ses origines et ses convictions.<\/li>\n<li>Pour un bon d\u00e9roulement de la formation, Il est demand\u00e9 \u00e0 tout \u00e9tudiant d\u2019avoir un comportement garantissant le respect des r\u00e8gles \u00e9l\u00e9mentaires de savoir-vivre et de savoir-\u00eatre en collectivit\u00e9.<\/li>\n<\/ul>\n<ul>\n<li>Les horaires des cours sont fix\u00e9s par L\u2019\u00c9COLE et port\u00e9s \u00e0 la connaissance de tous les \u00e9tudiants. Les \u00e9tudiants sont tenus de respecter strictement ces horaires. Tout retard devra \u00eatre justifi\u00e9 aupr\u00e8s du formateur ou du responsable de la formation.<\/li>\n<li>Une fr\u00e9quentation assidue de la formation est exig\u00e9e de tous les \u00e9tudiants. Toute absence devra \u00eatre justifi\u00e9e aupr\u00e8s du formateur ou du responsable de la formation.<\/li>\n<li>Tous les \u00e9tudiants doivent \u00e9marger sur les listes qui leur sont pr\u00e9sent\u00e9es \u00e0 chaque cours, individuel ou collectif.<\/li>\n<\/ul>\n<ul>\n<li>Les \u00e9tudiants sont invit\u00e9s \u00e0 se pr\u00e9senter \u00e0 L\u2019\u00c9COLE en tenue vestimentaire correcte.<\/li>\n<li>L\u2019\u00c9COLE respecte le droit du travail fran\u00e7ais, y compris les exigences sp\u00e9cifiques de notre secteur. Et en particulier l\u2019\u00c9COLE pratique l\u2019\u00e9galit\u00e9\u0301 de traitement sans distinction de sexe, d\u2019\u00e2ge, d\u2019appartenance ethnique, d\u2019orientation sexuelle ou de handicap.<\/li>\n<\/ul>\n\t\t\t\t\t\t\t\t<\/div>\n\t\t\t\t<\/div>\n\t\t\t\t<div class=\"elementor-element elementor-element-b1e16fe elementor-widget elementor-widget-heading\" data-id=\"b1e16fe\" data-element_type=\"widget\" data-e-type=\"widget\" data-widget_type=\"heading.default\">\n\t\t\t\t<div class=\"elementor-widget-container\">\n\t\t\t\t\t<h2 class=\"elementor-heading-title elementor-size-default\">2 \/ HYGIENE ET SECURITE<\/h2>\t\t\t\t<\/div>\n\t\t\t\t<\/div>\n\t\t\t\t<div class=\"elementor-element elementor-element-69dfd6c3 elementor-widget elementor-widget-text-editor\" data-id=\"69dfd6c3\" data-element_type=\"widget\" data-e-type=\"widget\" data-widget_type=\"text-editor.default\">\n\t\t\t\t<div class=\"elementor-widget-container\">\n\t\t\t\t\t\t\t\t\t<ul>\n<li>Il est formellement interdit :<\/li>\n<\/ul>\n<ul>\n<li style=\"list-style-type: none;\">\n<ul>\n<li>d\u2019entrer dans l\u2019\u00e9tablissement en \u00e9tat d\u2019ivresse ou sous l\u2019emprise de substances illicites,<\/li>\n<\/ul>\n<\/li>\n<\/ul>\n<ul>\n<li style=\"list-style-type: none;\">\n<ul>\n<li>de fumer ou de vapoter dans les lieux affect\u00e9s \u00e0 un usage collectif et notamment dans les salles de cours (d\u00e9cret n\u00b02006-1386 du 15 novembre 2006 du Code de la sant\u00e9 publique)<\/li>\n<\/ul>\n<\/li>\n<\/ul>\n<ul>\n<li style=\"list-style-type: none;\">\n<ul>\n<li>d\u2019introduire toute personne \u00e9trang\u00e8re \u00e0 l\u2019\u00e9tablissement sans autorisation pr\u00e9alable de la direction de L\u2019\u00c9COLE.<\/li>\n<\/ul>\n<\/li>\n<\/ul>\n<ul>\n<li>Les consignes d&rsquo;incendie (plan de localisation des extincteurs et des issues de secours) sont affich\u00e9es dans les locaux de formation et remises \u00e0 tous les \u00e9tudiants le premier jour de cours de mani\u00e8re \u00e0 \u00eatre connues de tous.<\/li>\n<li>En cas d\u2019urgence, les \u00e9tudiants sont tenus d\u2019ex\u00e9cuter un ordre d\u2019\u00e9vacuation donn\u00e9 par les formateurs ou par le personnel administratif et de respecter strictement les consignes en vigueur dans l\u2019\u00e9tablissement.<\/li>\n<\/ul>\n<ul>\n<li>L\u2019\u00c9COLE d\u00e9cline toute responsabilit\u00e9 en cas de perte, vol ou d\u00e9t\u00e9rioration des objets personnels de toute nature d\u00e9pos\u00e9s par les \u00e9tudiants dans les locaux de formation.<\/li>\n<\/ul>\n\t\t\t\t\t\t\t\t<\/div>\n\t\t\t\t<\/div>\n\t\t\t\t<div class=\"elementor-element elementor-element-512866ec elementor-widget elementor-widget-heading\" data-id=\"512866ec\" data-element_type=\"widget\" data-e-type=\"widget\" data-widget_type=\"heading.default\">\n\t\t\t\t<div class=\"elementor-widget-container\">\n\t\t\t\t\t<h2 class=\"elementor-heading-title elementor-size-default\">3 \/ DROIT A L\u2019IMAGE<\/h2>\t\t\t\t<\/div>\n\t\t\t\t<\/div>\n\t\t\t\t<div class=\"elementor-element elementor-element-49a73740 elementor-widget elementor-widget-text-editor\" data-id=\"49a73740\" data-element_type=\"widget\" data-e-type=\"widget\" data-widget_type=\"text-editor.default\">\n\t\t\t\t<div class=\"elementor-widget-container\">\n\t\t\t\t\t\t\t\t\t<ul>\n<li>L\u2019\u00c9COLE peut \u00eatre amen\u00e9e \u00e0 filmer et photographier ses \u00e9tudiants pendant le s\u00e9jour (cours, activit\u00e9s culturelles, excursions, sorties\u2026) et \u00e0 diffuser ces photographies et vid\u00e9os dans le cadre de sa promotion\u00a0: site internet, r\u00e9seaux sociaux, brochures, vid\u00e9o, etc\u2026 En acceptant les conditions g\u00e9n\u00e9rales de vente (voir Conditions G\u00e9n\u00e9rales de Vente), l\u2019\u00e9tudiant autorise la diffusion des images pendant une dur\u00e9e illimit\u00e9e.<\/li>\n<li>Si l\u2019\u00e9tudiant souhaite s\u2019opposer \u00e0 la diffusion d\u2019images le repr\u00e9sentant, il devra en informer L\u2019\u00c9COLE dans les 24 heures suivant son arriv\u00e9e en adressant un email \u00e0 son conseiller p\u00e9dagogique.<\/li>\n<\/ul>\n\t\t\t\t\t\t\t\t<\/div>\n\t\t\t\t<\/div>\n\t\t\t\t<div class=\"elementor-element elementor-element-a70f0b6 elementor-widget elementor-widget-heading\" data-id=\"a70f0b6\" data-element_type=\"widget\" data-e-type=\"widget\" data-widget_type=\"heading.default\">\n\t\t\t\t<div class=\"elementor-widget-container\">\n\t\t\t\t\t<h2 class=\"elementor-heading-title elementor-size-default\">4 \/ SANCTIONS ET GARANTIES DISCIPLINAIRES<\/h2>\t\t\t\t<\/div>\n\t\t\t\t<\/div>\n\t\t\t\t<div class=\"elementor-element elementor-element-51304c4c elementor-widget elementor-widget-text-editor\" data-id=\"51304c4c\" data-element_type=\"widget\" data-e-type=\"widget\" data-widget_type=\"text-editor.default\">\n\t\t\t\t<div class=\"elementor-widget-container\">\n\t\t\t\t\t\t\t\t\t<ul>\n<li>Tout manquement \u00e0 l\u2019une des pr\u00e9c\u00e9dentes r\u00e8gles peut, en fonction de sa nature et de sa gravit\u00e9, faire l\u2019objet d\u2019une sanction ci-apr\u00e8s, par ordre d\u2019importance :<\/li>\n<\/ul>\n<ol>\n<li>Avertissement \u00e9crit<\/li>\n<li>Bl\u00e2me,<\/li>\n<li>Exclusion temporaire de la formation<\/li>\n<li>Exclusion d\u00e9finitive de la formation.<strong>\u00a0<\/strong><\/li>\n<\/ol>\n<ul>\n<li>Aucune sanction ne peut \u00eatre appliqu\u00e9e sans que l\u2019\u00e9tudiant ne soit inform\u00e9 par \u00e9crit des griefs retenus contre lui. Lorsqu\u2019une sanction est envisag\u00e9e par la direction, l\u2019\u00e9tudiant est convoqu\u00e9 par le biais d\u2019une lettre indiquant l\u2019objet de la convocation, la date, l\u2019heure et le lieu de l\u2019entretien.<\/li>\n<li>L\u2019expulsion temporaire ou d\u00e9finitive d\u2019un \u00e9tudiant ne donne droit \u00e0 aucun remboursement des frais de formation et de tous frais annexes (h\u00e9bergement, transports, etc.).<\/li>\n<\/ul>\n\t\t\t\t\t\t\t\t<\/div>\n\t\t\t\t<\/div>\n\t\t\t\t<div class=\"elementor-element elementor-element-23ff9221 elementor-widget elementor-widget-heading\" data-id=\"23ff9221\" data-element_type=\"widget\" data-e-type=\"widget\" data-widget_type=\"heading.default\">\n\t\t\t\t<div class=\"elementor-widget-container\">\n\t\t\t\t\t<h2 class=\"elementor-heading-title elementor-size-default\">5 \/ PROC\u00c9DURE DE R\u00c9CLAMATION<\/h2>\t\t\t\t<\/div>\n\t\t\t\t<\/div>\n\t\t\t\t<div class=\"elementor-element elementor-element-4bc0abee elementor-widget elementor-widget-text-editor\" data-id=\"4bc0abee\" data-element_type=\"widget\" data-e-type=\"widget\" data-widget_type=\"text-editor.default\">\n\t\t\t\t<div class=\"elementor-widget-container\">\n\t\t\t\t\t\t\t\t\t<ul>\n<li>Pour tout probl\u00e8me constat\u00e9 par l\u2019\u00e9tudiant au cours de son s\u00e9jour, L\u2019\u00c9COLE met \u00e0 disposition un formulaire de r\u00e9clamation qu\u2019il peut r\u00e9cup\u00e9rer aupr\u00e8s de son conseiller p\u00e9dagogique. Celui-ci doit \u00eatre soigneusement renseign\u00e9 et compl\u00e9t\u00e9. Une fois collect\u00e9e, la r\u00e9clamation est transmise \u00e0 la direction de L\u2019\u00c9COLE qui met tout en \u0153uvre pour un traitement dans les meilleurs d\u00e9lais. Toute r\u00e9clamation concernant un probl\u00e8me rencontr\u00e9 dans L\u2019\u00c9COLE ou dans l\u2019h\u00e9bergement ou pour une activit\u00e9 doit \u00eatre imp\u00e9rativement signal\u00e9 dans les 24 heures.<\/li>\n<\/ul>\n\t\t\t\t\t\t\t\t<\/div>\n\t\t\t\t<\/div>\n\t\t\t\t\t<\/div>\n\t\t<\/div>\n\t\t\t\t\t<\/div>\n\t\t<\/section>\n\t\t\t\t<\/div>\n\t\t","protected":false},"excerpt":{"rendered":"<p>Mise \u00e0 jour : 22 d\u00e9cembre 2022 Le pr\u00e9sent r\u00e8glement s\u2019applique \u00e0 l\u2019\u00e9cole\u00a0: LSF-IEF Montpellier Ci-apr\u00e8s \u00ab\u00a0L\u2019\u00c9COLE\u00a0\u00bb Le pr\u00e9sent r\u00e8glement s\u2019applique \u00e0 tous les \u00e9tudiants participant \u00e0 toute formation organis\u00e9e [&hellip;]<\/p>\n","protected":false},"author":1,"featured_media":0,"parent":0,"menu_order":0,"comment_status":"closed","ping_status":"closed","template":"","meta":{"_acf_changed":false,"content-type":"","footnotes":""},"class_list":["post-402917","page","type-page","status-publish","hentry"],"acf":[],"_links":{"self":[{"href":"https:\/\/lsf-france.com\/fr\/wp-json\/wp\/v2\/pages\/402917","targetHints":{"allow":["GET"]}}],"collection":[{"href":"https:\/\/lsf-france.com\/fr\/wp-json\/wp\/v2\/pages"}],"about":[{"href":"https:\/\/lsf-france.com\/fr\/wp-json\/wp\/v2\/types\/page"}],"author":[{"embeddable":true,"href":"https:\/\/lsf-france.com\/fr\/wp-json\/wp\/v2\/users\/1"}],"replies":[{"embeddable":true,"href":"https:\/\/lsf-france.com\/fr\/wp-json\/wp\/v2\/comments?post=402917"}],"version-history":[{"count":2,"href":"https:\/\/lsf-france.com\/fr\/wp-json\/wp\/v2\/pages\/402917\/revisions"}],"predecessor-version":[{"id":402971,"href":"https:\/\/lsf-france.com\/fr\/wp-json\/wp\/v2\/pages\/402917\/revisions\/402971"}],"wp:attachment":[{"href":"https:\/\/lsf-france.com\/fr\/wp-json\/wp\/v2\/media?parent=402917"}],"curies":[{"name":"wp","href":"https:\/\/api.w.org\/{rel}","templated":true}]}}