{"id":405341,"date":"2023-09-21T15:06:15","date_gmt":"2023-09-21T13:06:15","guid":{"rendered":"https:\/\/lsf-france.com\/formulaire-de-reservation-pour-adultes-2024\/"},"modified":"2024-11-08T16:19:26","modified_gmt":"2024-11-08T15:19:26","slug":"formulaire-de-reservation-pour-adultes-2024","status":"publish","type":"page","link":"https:\/\/lsf-france.com\/fr\/formulaire-de-reservation-pour-adultes-2024\/","title":{"rendered":"Formulaire de r\u00e9servation pour adultes"},"content":{"rendered":"\t\t<div data-elementor-type=\"wp-page\" data-elementor-id=\"405341\" class=\"elementor elementor-405341 elementor-405328\" data-elementor-post-type=\"page\">\n\t\t\t\t\t\t<section class=\"elementor-section elementor-top-section elementor-element elementor-element-338a5e56 elementor-section-boxed elementor-section-height-default elementor-section-height-default\" data-id=\"338a5e56\" data-element_type=\"section\" data-e-type=\"section\">\n\t\t\t\t\t\t<div class=\"elementor-container elementor-column-gap-default\">\n\t\t\t\t\t<div class=\"elementor-column elementor-col-100 elementor-top-column elementor-element elementor-element-705d34ae\" data-id=\"705d34ae\" data-element_type=\"column\" data-e-type=\"column\">\n\t\t\t<div class=\"elementor-widget-wrap elementor-element-populated\">\n\t\t\t\t\t\t<div class=\"elementor-element elementor-element-463a378 elementor-widget elementor-widget-spacer\" data-id=\"463a378\" data-element_type=\"widget\" data-e-type=\"widget\" data-widget_type=\"spacer.default\">\n\t\t\t\t<div class=\"elementor-widget-container\">\n\t\t\t\t\t\t\t<div class=\"elementor-spacer\">\n\t\t\t<div class=\"elementor-spacer-inner\"><\/div>\n\t\t<\/div>\n\t\t\t\t\t\t<\/div>\n\t\t\t\t<\/div>\n\t\t\t\t<div class=\"elementor-element elementor-element-b85f4e7 elementor-widget elementor-widget-html\" data-id=\"b85f4e7\" data-element_type=\"widget\" data-e-type=\"widget\" data-widget_type=\"html.default\">\n\t\t\t\t<div class=\"elementor-widget-container\">\n\t\t\t\t\t<noscript>Please enable JavaScript to continue with this form.<\/noscript>\r\n<fidelo-widget><\/fidelo-widget>\r\n<script src=\"https:\/\/proxy.fidelo.com\/app\/widget\/1.0\/klf\/js\/widget.js?c=HVK6WQWYZXA3ZQAQ&l=fr\"><\/script>\r\n\t\t\t\t<\/div>\n\t\t\t\t<\/div>\n\t\t\t\t\t<\/div>\n\t\t<\/div>\n\t\t\t\t\t<\/div>\n\t\t<\/section>\n\t\t\t\t<section class=\"elementor-section elementor-top-section elementor-element elementor-element-be1054c elementor-section-boxed elementor-section-height-default elementor-section-height-default\" data-id=\"be1054c\" data-element_type=\"section\" data-e-type=\"section\">\n\t\t\t\t\t\t<div class=\"elementor-container elementor-column-gap-default\">\n\t\t\t\t\t<div class=\"elementor-column elementor-col-100 elementor-top-column elementor-element elementor-element-0510eb4\" data-id=\"0510eb4\" data-element_type=\"column\" data-e-type=\"column\">\n\t\t\t<div class=\"elementor-widget-wrap elementor-element-populated\">\n\t\t\t\t\t\t<div class=\"elementor-element elementor-element-8a24fa8 elementor-widget-divider--view-line elementor-widget elementor-widget-divider\" data-id=\"8a24fa8\" data-element_type=\"widget\" data-e-type=\"widget\" data-widget_type=\"divider.default\">\n\t\t\t\t<div class=\"elementor-widget-container\">\n\t\t\t\t\t\t\t<div class=\"elementor-divider\">\n\t\t\t<span class=\"elementor-divider-separator\">\n\t\t\t\t\t\t<\/span>\n\t\t<\/div>\n\t\t\t\t\t\t<\/div>\n\t\t\t\t<\/div>\n\t\t\t\t<div class=\"elementor-element elementor-element-c61aea4 elementor-widget elementor-widget-text-editor\" data-id=\"c61aea4\" data-element_type=\"widget\" data-e-type=\"widget\" data-widget_type=\"text-editor.default\">\n\t\t\t\t<div class=\"elementor-widget-container\">\n\t\t\t\t\t\t\t\t\t*<i>Pour les r\u00e9servations de derni\u00e8re minute (moins de 4 jours avant le d\u00e9but du cours), veuillez nous contacter au pr\u00e9alable \u00e0 l&rsquo;adresse <\/i><a href=\"mailto:contact@lsf-france.com\">contact@lsf-france.com<\/a><i>, afin de v\u00e9rifier la disponibilit\u00e9.<\/i>\r\n\r\n* ATTENTION ! Pour les grands d\u00e9butants, niveau A0, il y aura des dates de d\u00e9but sp\u00e9cifiques.\r\n\r\n* Attention : pendant les jours f\u00e9ri\u00e9s et conform\u00e9ment \u00e0 nos conditions g\u00e9n\u00e9rales de vente, l&rsquo;\u00e9cole sera ferm\u00e9e et aucun cours de rattrapage ne sera propos\u00e9.\r\n\r\n* Cours le matin ou l&rsquo;apr\u00e8s-midi, en fonction de votre niveau et de la saturation des cours de l&rsquo;\u00e9cole.\r\n\r\n*Toute inscription ne sera consid\u00e9r\u00e9e comme valide qu&rsquo;apr\u00e8s r\u00e9ception du paiement.\t\t\t\t\t\t\t\t<\/div>\n\t\t\t\t<\/div>\n\t\t\t\t\t<\/div>\n\t\t<\/div>\n\t\t\t\t\t<\/div>\n\t\t<\/section>\n\t\t\t\t<\/div>\n\t\t","protected":false},"excerpt":{"rendered":"<p>Please enable JavaScript to continue with this form. *Pour les r\u00e9servations de derni\u00e8re minute (moins de 4 jours avant le d\u00e9but du cours), veuillez nous contacter au pr\u00e9alable \u00e0 l&rsquo;adresse [&hellip;]<\/p>\n","protected":false},"author":1,"featured_media":0,"parent":0,"menu_order":0,"comment_status":"closed","ping_status":"closed","template":"","meta":{"_acf_changed":false,"content-type":"","footnotes":""},"class_list":["post-405341","page","type-page","status-publish","hentry"],"acf":[],"_links":{"self":[{"href":"https:\/\/lsf-france.com\/fr\/wp-json\/wp\/v2\/pages\/405341","targetHints":{"allow":["GET"]}}],"collection":[{"href":"https:\/\/lsf-france.com\/fr\/wp-json\/wp\/v2\/pages"}],"about":[{"href":"https:\/\/lsf-france.com\/fr\/wp-json\/wp\/v2\/types\/page"}],"author":[{"embeddable":true,"href":"https:\/\/lsf-france.com\/fr\/wp-json\/wp\/v2\/users\/1"}],"replies":[{"embeddable":true,"href":"https:\/\/lsf-france.com\/fr\/wp-json\/wp\/v2\/comments?post=405341"}],"version-history":[{"count":14,"href":"https:\/\/lsf-france.com\/fr\/wp-json\/wp\/v2\/pages\/405341\/revisions"}],"predecessor-version":[{"id":412396,"href":"https:\/\/lsf-france.com\/fr\/wp-json\/wp\/v2\/pages\/405341\/revisions\/412396"}],"wp:attachment":[{"href":"https:\/\/lsf-france.com\/fr\/wp-json\/wp\/v2\/media?parent=405341"}],"curies":[{"name":"wp","href":"https:\/\/api.w.org\/{rel}","templated":true}]}}