{"id":405384,"date":"2023-09-21T17:28:14","date_gmt":"2023-09-21T15:28:14","guid":{"rendered":"https:\/\/lsf-france.com\/formulaire-devis-2023\/"},"modified":"2023-09-25T10:31:01","modified_gmt":"2023-09-25T08:31:01","slug":"formulaire-devis-2023","status":"publish","type":"page","link":"https:\/\/lsf-france.com\/fr\/formulaire-devis-2023\/","title":{"rendered":"Formulaire Devis 2023"},"content":{"rendered":"\t\t<div data-elementor-type=\"wp-page\" data-elementor-id=\"405384\" class=\"elementor elementor-405384 elementor-405379\" data-elementor-post-type=\"page\">\n\t\t\t\t\t\t<section class=\"elementor-section elementor-top-section elementor-element elementor-element-338a5e56 elementor-section-boxed elementor-section-height-default elementor-section-height-default\" data-id=\"338a5e56\" data-element_type=\"section\" data-e-type=\"section\">\n\t\t\t\t\t\t<div class=\"elementor-container elementor-column-gap-default\">\n\t\t\t\t\t<div class=\"elementor-column elementor-col-100 elementor-top-column elementor-element elementor-element-705d34ae\" data-id=\"705d34ae\" data-element_type=\"column\" data-e-type=\"column\">\n\t\t\t<div class=\"elementor-widget-wrap elementor-element-populated\">\n\t\t\t\t\t\t<div class=\"elementor-element elementor-element-dacb3d3 elementor-widget elementor-widget-text-editor\" data-id=\"dacb3d3\" data-element_type=\"widget\" data-e-type=\"widget\" data-widget_type=\"text-editor.default\">\n\t\t\t\t<div class=\"elementor-widget-container\">\n\t\t\t\t\t\t\t\t\t<h2><strong>C\u2019EST LE MOMENT D\u2019AM\u00c9LIORER VOTRE FRAN\u00c7AIS !<\/strong><\/h2>\n<p>Venez profiter d\u2019un s\u00e9jour inoubliable \u00e0 Montpellier.<\/p>\n<p>R\u00e9alisez votre devis sur mesure afin de programmer votre s\u00e9jour, vos cours de fran\u00e7ais, votre h\u00e9bergement dans notre \u00e9cole de Fran\u00e7ais \u00e0 Montpellier.<\/p>\n\t\t\t\t\t\t\t\t<\/div>\n\t\t\t\t<\/div>\n\t\t\t\t<div class=\"elementor-element elementor-element-5f130d5 elementor-widget elementor-widget-spacer\" data-id=\"5f130d5\" data-element_type=\"widget\" data-e-type=\"widget\" data-widget_type=\"spacer.default\">\n\t\t\t\t<div class=\"elementor-widget-container\">\n\t\t\t\t\t\t\t<div class=\"elementor-spacer\">\n\t\t\t<div class=\"elementor-spacer-inner\"><\/div>\n\t\t<\/div>\n\t\t\t\t\t\t<\/div>\n\t\t\t\t<\/div>\n\t\t\t\t<div class=\"elementor-element elementor-element-6ccc51f elementor-widget elementor-widget-html\" data-id=\"6ccc51f\" data-element_type=\"widget\" data-e-type=\"widget\" data-widget_type=\"html.default\">\n\t\t\t\t<div class=\"elementor-widget-container\">\n\t\t\t\t\t<noscript>Please enable JavaScript to continue with this form.<\/noscript>\r\n<fidelo-widget><\/fidelo-widget>\r\n<script src=\"https:\/\/proxy.fidelo.com\/app\/widget\/1.0\/lsf\/js\/widget.js?c=YHHSSM4U4ELDAKG4&l=fr\"><\/script>\r\n\t\t\t\t<\/div>\n\t\t\t\t<\/div>\n\t\t\t\t\t<\/div>\n\t\t<\/div>\n\t\t\t\t\t<\/div>\n\t\t<\/section>\n\t\t\t\t<\/div>\n\t\t","protected":false},"excerpt":{"rendered":"<p>C\u2019EST LE MOMENT D\u2019AM\u00c9LIORER VOTRE FRAN\u00c7AIS ! Venez profiter d\u2019un s\u00e9jour inoubliable \u00e0 Montpellier. R\u00e9alisez votre devis sur mesure afin de programmer votre s\u00e9jour, vos cours de fran\u00e7ais, votre h\u00e9bergement [&hellip;]<\/p>\n","protected":false},"author":1,"featured_media":0,"parent":0,"menu_order":0,"comment_status":"closed","ping_status":"closed","template":"","meta":{"_acf_changed":false,"content-type":"","footnotes":""},"class_list":["post-405384","page","type-page","status-publish","hentry"],"acf":[],"_links":{"self":[{"href":"https:\/\/lsf-france.com\/fr\/wp-json\/wp\/v2\/pages\/405384","targetHints":{"allow":["GET"]}}],"collection":[{"href":"https:\/\/lsf-france.com\/fr\/wp-json\/wp\/v2\/pages"}],"about":[{"href":"https:\/\/lsf-france.com\/fr\/wp-json\/wp\/v2\/types\/page"}],"author":[{"embeddable":true,"href":"https:\/\/lsf-france.com\/fr\/wp-json\/wp\/v2\/users\/1"}],"replies":[{"embeddable":true,"href":"https:\/\/lsf-france.com\/fr\/wp-json\/wp\/v2\/comments?post=405384"}],"version-history":[{"count":7,"href":"https:\/\/lsf-france.com\/fr\/wp-json\/wp\/v2\/pages\/405384\/revisions"}],"predecessor-version":[{"id":405497,"href":"https:\/\/lsf-france.com\/fr\/wp-json\/wp\/v2\/pages\/405384\/revisions\/405497"}],"wp:attachment":[{"href":"https:\/\/lsf-france.com\/fr\/wp-json\/wp\/v2\/media?parent=405384"}],"curies":[{"name":"wp","href":"https:\/\/api.w.org\/{rel}","templated":true}]}}