{"id":407024,"date":"2023-10-25T17:49:55","date_gmt":"2023-10-25T15:49:55","guid":{"rendered":"https:\/\/lsf-france.com\/oups-ce-cours-nest-plus-disponible\/"},"modified":"2023-11-22T14:53:56","modified_gmt":"2023-11-22T13:53:56","slug":"oups-ce-cours-nest-plus-disponible","status":"publish","type":"page","link":"https:\/\/lsf-france.com\/fr\/oups-ce-cours-nest-plus-disponible\/","title":{"rendered":"Oups, ce cours n&rsquo;est plus disponible"},"content":{"rendered":"\t\t<div data-elementor-type=\"wp-page\" data-elementor-id=\"407024\" class=\"elementor elementor-407024 elementor-406114\" data-elementor-post-type=\"page\">\n\t\t\t\t\t\t<section class=\"elementor-section elementor-top-section elementor-element elementor-element-7daec21c elementor-section-boxed elementor-section-height-default elementor-section-height-default\" data-id=\"7daec21c\" data-element_type=\"section\" data-e-type=\"section\">\n\t\t\t\t\t\t<div class=\"elementor-container elementor-column-gap-default\">\n\t\t\t\t\t<div class=\"elementor-column elementor-col-100 elementor-top-column elementor-element elementor-element-719c02ac\" data-id=\"719c02ac\" data-element_type=\"column\" data-e-type=\"column\">\n\t\t\t<div class=\"elementor-widget-wrap elementor-element-populated\">\n\t\t\t\t\t\t<div class=\"elementor-element elementor-element-3d0d11ee elementor-widget elementor-widget-heading\" data-id=\"3d0d11ee\" data-element_type=\"widget\" data-e-type=\"widget\" data-widget_type=\"heading.default\">\n\t\t\t\t<div class=\"elementor-widget-container\">\n\t\t\t\t\t<h2 class=\"elementor-heading-title elementor-size-default\">Ce cours n'existe plus.<br>Mais vous pouvez d\u00e9couvrir notre nouvelle offre de cours.<\/h2>\t\t\t\t<\/div>\n\t\t\t\t<\/div>\n\t\t\t\t<div class=\"elementor-element elementor-element-eed858e elementor-align-center elementor-widget elementor-widget-button\" data-id=\"eed858e\" data-element_type=\"widget\" data-e-type=\"widget\" data-widget_type=\"button.default\">\n\t\t\t\t<div class=\"elementor-widget-container\">\n\t\t\t\t\t\t\t\t\t<div class=\"elementor-button-wrapper\">\n\t\t\t\t\t<a class=\"elementor-button elementor-button-link elementor-size-sm\" href=\"https:\/\/lsf-france.com\/fr\/cours-de-francais\/adultes\/\">\n\t\t\t\t\t\t<span class=\"elementor-button-content-wrapper\">\n\t\t\t\t\t\t\t\t\t<span class=\"elementor-button-text\">D\u00e9couvrez notre offre de cours de fran\u00e7ais<\/span>\n\t\t\t\t\t<\/span>\n\t\t\t\t\t<\/a>\n\t\t\t\t<\/div>\n\t\t\t\t\t\t\t\t<\/div>\n\t\t\t\t<\/div>\n\t\t\t\t\t<\/div>\n\t\t<\/div>\n\t\t\t\t\t<\/div>\n\t\t<\/section>\n\t\t\t\t<section class=\"elementor-section elementor-top-section elementor-element elementor-element-2fc75b5b elementor-reverse-mobile elementor-section-stretched elementor-section-boxed elementor-section-height-default elementor-section-height-default\" data-id=\"2fc75b5b\" data-element_type=\"section\" data-e-type=\"section\" data-settings=\"{&quot;background_background&quot;:&quot;gradient&quot;,&quot;stretch_section&quot;:&quot;section-stretched&quot;,&quot;shape_divider_top&quot;:&quot;tilt&quot;,&quot;shape_divider_bottom&quot;:&quot;tilt&quot;}\">\n\t\t\t\t\t\t\t<div class=\"elementor-background-overlay\"><\/div>\n\t\t\t\t\t\t<div class=\"elementor-shape elementor-shape-top\" aria-hidden=\"true\" data-negative=\"false\">\n\t\t\t<svg xmlns=\"http:\/\/www.w3.org\/2000\/svg\" viewBox=\"0 0 1000 100\" preserveAspectRatio=\"none\">\n\t<path class=\"elementor-shape-fill\" d=\"M0,6V0h1000v100L0,6z\"\/>\n<\/svg>\t\t<\/div>\n\t\t\t\t<div class=\"elementor-shape elementor-shape-bottom\" aria-hidden=\"true\" data-negative=\"false\">\n\t\t\t<svg xmlns=\"http:\/\/www.w3.org\/2000\/svg\" viewBox=\"0 0 1000 100\" preserveAspectRatio=\"none\">\n\t<path class=\"elementor-shape-fill\" d=\"M0,6V0h1000v100L0,6z\"\/>\n<\/svg>\t\t<\/div>\n\t\t\t\t\t<div class=\"elementor-container elementor-column-gap-default\">\n\t\t\t\t\t<div class=\"elementor-column elementor-col-100 elementor-top-column elementor-element elementor-element-234b8923\" data-id=\"234b8923\" data-element_type=\"column\" data-e-type=\"column\">\n\t\t\t<div class=\"elementor-widget-wrap elementor-element-populated\">\n\t\t\t\t\t\t<div class=\"elementor-element elementor-element-1ec7ddb2 elementor-position-inline-start elementor-mobile-position-inline-start elementor-view-default elementor-widget elementor-widget-icon-box\" data-id=\"1ec7ddb2\" data-element_type=\"widget\" data-e-type=\"widget\" data-widget_type=\"icon-box.default\">\n\t\t\t\t<div class=\"elementor-widget-container\">\n\t\t\t\t\t\t\t<div class=\"elementor-icon-box-wrapper\">\n\n\t\t\t\t\t\t<div class=\"elementor-icon-box-icon\">\n\t\t\t\t<span  class=\"elementor-icon\">\n\t\t\t\t<i aria-hidden=\"true\" class=\"fas fa-splotch\"><\/i>\t\t\t\t<\/span>\n\t\t\t<\/div>\n\t\t\t\n\t\t\t\t\t\t<div class=\"elementor-icon-box-content\">\n\n\t\t\t\t\t\t\t\t\t<h3 class=\"elementor-icon-box-title\">\n\t\t\t\t\t\t<span  >\n\t\t\t\t\t\t\tPourquoi choisir une \u00e9cole du groupe KLF\t\t\t\t\t\t<\/span>\n\t\t\t\t\t<\/h3>\n\t\t\t\t\n\t\t\t\t\n\t\t\t<\/div>\n\t\t\t\n\t\t<\/div>\n\t\t\t\t\t\t<\/div>\n\t\t\t\t<\/div>\n\t\t\t\t<section class=\"elementor-section elementor-inner-section elementor-element elementor-element-114fb202 elementor-section-boxed elementor-section-height-default elementor-section-height-default\" data-id=\"114fb202\" data-element_type=\"section\" data-e-type=\"section\">\n\t\t\t\t\t\t<div class=\"elementor-container elementor-column-gap-default\">\n\t\t\t\t\t<div class=\"elementor-column elementor-col-50 elementor-inner-column elementor-element elementor-element-d0800e3\" data-id=\"d0800e3\" data-element_type=\"column\" data-e-type=\"column\">\n\t\t\t<div class=\"elementor-widget-wrap elementor-element-populated\">\n\t\t\t\t\t\t<div class=\"elementor-element elementor-element-50177e33 elementor-widget elementor-widget-text-editor\" data-id=\"50177e33\" data-element_type=\"widget\" data-e-type=\"widget\" data-widget_type=\"text-editor.default\">\n\t\t\t\t<div class=\"elementor-widget-container\">\n\t\t\t\t\t\t\t\t\t<ul>\n<li>Un programme disponible dans plusieurs villes fran\u00e7aises<\/li>\n<li>Des \u00e9coles reconnues et accr\u00e9dit\u00e9es<\/li>\n<li>Normes de qualit\u00e9 nationales<\/li>\n<\/ul>\n\t\t\t\t\t\t\t\t<\/div>\n\t\t\t\t<\/div>\n\t\t\t\t\t<\/div>\n\t\t<\/div>\n\t\t\t\t<div class=\"elementor-column elementor-col-50 elementor-inner-column elementor-element elementor-element-1e6d5cfb\" data-id=\"1e6d5cfb\" data-element_type=\"column\" data-e-type=\"column\">\n\t\t\t<div class=\"elementor-widget-wrap elementor-element-populated\">\n\t\t\t\t\t\t<div class=\"elementor-element elementor-element-2ae2b96e elementor-widget elementor-widget-image\" data-id=\"2ae2b96e\" data-element_type=\"widget\" data-e-type=\"widget\" data-widget_type=\"image.default\">\n\t\t\t\t<div class=\"elementor-widget-container\">\n\t\t\t\t\t\t\t\t\t\t\t\t<figure class=\"wp-caption\">\n\t\t\t\t\t\t\t\t\t\t\t<a href=\"https:\/\/keeplearningfrench.com\/\" target=\"_blank\" rel=\"noopener\">\n\t\t\t\t\t\t\t<img fetchpriority=\"high\" decoding=\"async\" width=\"2000\" height=\"1065\" src=\"https:\/\/lsf-france.com\/wp-content\/uploads\/2023\/10\/logo-klf.png\" class=\"attachment-full size-full wp-image-405861\" alt=\"KLF - Keep Learning French\" srcset=\"https:\/\/lsf-france.com\/wp-content\/uploads\/2023\/10\/logo-klf.png 2000w, https:\/\/lsf-france.com\/wp-content\/uploads\/2023\/10\/logo-klf-300x160.png 300w, https:\/\/lsf-france.com\/wp-content\/uploads\/2023\/10\/logo-klf-1024x545.png 1024w, https:\/\/lsf-france.com\/wp-content\/uploads\/2023\/10\/logo-klf-768x409.png 768w, https:\/\/lsf-france.com\/wp-content\/uploads\/2023\/10\/logo-klf-1536x818.png 1536w\" sizes=\"(max-width: 2000px) 100vw, 2000px\" \/>\t\t\t\t\t\t\t\t<\/a>\n\t\t\t\t\t\t\t\t\t\t\t<figcaption class=\"widget-image-caption wp-caption-text\">KLF - Keep Learning French<\/figcaption>\n\t\t\t\t\t\t\t\t\t\t<\/figure>\n\t\t\t\t\t\t\t\t\t<\/div>\n\t\t\t\t<\/div>\n\t\t\t\t\t<\/div>\n\t\t<\/div>\n\t\t\t\t\t<\/div>\n\t\t<\/section>\n\t\t\t\t<section class=\"elementor-section elementor-inner-section elementor-element elementor-element-188a134c elementor-section-boxed elementor-section-height-default elementor-section-height-default\" data-id=\"188a134c\" data-element_type=\"section\" data-e-type=\"section\">\n\t\t\t\t\t\t<div class=\"elementor-container elementor-column-gap-default\">\n\t\t\t\t\t<div class=\"elementor-column elementor-col-20 elementor-inner-column elementor-element elementor-element-5de5ab69\" data-id=\"5de5ab69\" data-element_type=\"column\" data-e-type=\"column\">\n\t\t\t<div class=\"elementor-widget-wrap elementor-element-populated\">\n\t\t\t\t\t\t<div class=\"elementor-element elementor-element-711460 elementor-widget elementor-widget-image\" data-id=\"711460\" data-element_type=\"widget\" data-e-type=\"widget\" data-widget_type=\"image.default\">\n\t\t\t\t<div class=\"elementor-widget-container\">\n\t\t\t\t\t\t\t\t\t\t\t\t\t\t\t\t<a href=\"https:\/\/lsf-france.com\/fr\/\" target=\"_blank\">\n\t\t\t\t\t\t\t<img decoding=\"async\" width=\"2732\" height=\"1388\" src=\"https:\/\/lsf-france.com\/wp-content\/uploads\/2023\/10\/double_logo_lsf_ief2x.png\" class=\"attachment-full size-full wp-image-405865\" alt=\"LSF\/IEF - Montpellier\" srcset=\"https:\/\/lsf-france.com\/wp-content\/uploads\/2023\/10\/double_logo_lsf_ief2x.png 2732w, https:\/\/lsf-france.com\/wp-content\/uploads\/2023\/10\/double_logo_lsf_ief2x-300x152.png 300w, https:\/\/lsf-france.com\/wp-content\/uploads\/2023\/10\/double_logo_lsf_ief2x-1024x520.png 1024w, https:\/\/lsf-france.com\/wp-content\/uploads\/2023\/10\/double_logo_lsf_ief2x-768x390.png 768w, https:\/\/lsf-france.com\/wp-content\/uploads\/2023\/10\/double_logo_lsf_ief2x-1536x780.png 1536w, https:\/\/lsf-france.com\/wp-content\/uploads\/2023\/10\/double_logo_lsf_ief2x-2048x1040.png 2048w\" sizes=\"(max-width: 2732px) 100vw, 2732px\" \/>\t\t\t\t\t\t\t\t<\/a>\n\t\t\t\t\t\t\t\t\t\t\t\t\t\t\t<\/div>\n\t\t\t\t<\/div>\n\t\t\t\t<div class=\"elementor-element elementor-element-58a1ef10 elementor-widget elementor-widget-image\" data-id=\"58a1ef10\" data-element_type=\"widget\" data-e-type=\"widget\" data-widget_type=\"image.default\">\n\t\t\t\t<div class=\"elementor-widget-container\">\n\t\t\t\t\t\t\t\t\t\t\t\t<figure class=\"wp-caption\">\n\t\t\t\t\t\t\t\t\t\t\t<a href=\"https:\/\/lsf-france.com\/fr\/\" target=\"_blank\">\n\t\t\t\t\t\t\t<img decoding=\"async\" width=\"480\" height=\"480\" src=\"https:\/\/lsf-france.com\/wp-content\/uploads\/2023\/10\/montpellier.jpeg\" class=\"attachment-full size-full wp-image-405869\" alt=\"LSF\/IEF - Montpellier\" srcset=\"https:\/\/lsf-france.com\/wp-content\/uploads\/2023\/10\/montpellier.jpeg 480w, https:\/\/lsf-france.com\/wp-content\/uploads\/2023\/10\/montpellier-300x300.jpeg 300w, https:\/\/lsf-france.com\/wp-content\/uploads\/2023\/10\/montpellier-150x150.jpeg 150w\" sizes=\"(max-width: 480px) 100vw, 480px\" \/>\t\t\t\t\t\t\t\t<\/a>\n\t\t\t\t\t\t\t\t\t\t\t<figcaption class=\"widget-image-caption wp-caption-text\">LSF\/IEF - Montpellier<\/figcaption>\n\t\t\t\t\t\t\t\t\t\t<\/figure>\n\t\t\t\t\t\t\t\t\t<\/div>\n\t\t\t\t<\/div>\n\t\t\t\t\t<\/div>\n\t\t<\/div>\n\t\t\t\t<div class=\"elementor-column elementor-col-20 elementor-inner-column elementor-element elementor-element-79a564d7\" data-id=\"79a564d7\" data-element_type=\"column\" data-e-type=\"column\">\n\t\t\t<div class=\"elementor-widget-wrap elementor-element-populated\">\n\t\t\t\t\t\t<div class=\"elementor-element elementor-element-1e6c57cd elementor-widget elementor-widget-image\" data-id=\"1e6c57cd\" data-element_type=\"widget\" data-e-type=\"widget\" data-widget_type=\"image.default\">\n\t\t\t\t<div class=\"elementor-widget-container\">\n\t\t\t\t\t\t\t\t\t\t\t\t\t\t\t\t<a href=\"https:\/\/www.lyon-bleu.fr\/\" target=\"_blank\" rel=\"noopener\">\n\t\t\t\t\t\t\t<img loading=\"lazy\" decoding=\"async\" width=\"566\" height=\"708\" src=\"https:\/\/lsf-france.com\/wp-content\/uploads\/2023\/10\/logo-lyon-bleu-transparent-gros.png\" class=\"attachment-full size-full wp-image-405873\" alt=\"Lyon Bleu International - Lyon\" srcset=\"https:\/\/lsf-france.com\/wp-content\/uploads\/2023\/10\/logo-lyon-bleu-transparent-gros.png 566w, https:\/\/lsf-france.com\/wp-content\/uploads\/2023\/10\/logo-lyon-bleu-transparent-gros-240x300.png 240w\" sizes=\"(max-width: 566px) 100vw, 566px\" \/>\t\t\t\t\t\t\t\t<\/a>\n\t\t\t\t\t\t\t\t\t\t\t\t\t\t\t<\/div>\n\t\t\t\t<\/div>\n\t\t\t\t<div class=\"elementor-element elementor-element-2bcf8861 elementor-widget elementor-widget-image\" data-id=\"2bcf8861\" data-element_type=\"widget\" data-e-type=\"widget\" data-widget_type=\"image.default\">\n\t\t\t\t<div class=\"elementor-widget-container\">\n\t\t\t\t\t\t\t\t\t\t\t\t<figure class=\"wp-caption\">\n\t\t\t\t\t\t\t\t\t\t\t<a href=\"https:\/\/www.lyon-bleu.fr\/\" target=\"_blank\" rel=\"noopener\">\n\t\t\t\t\t\t\t<img loading=\"lazy\" decoding=\"async\" width=\"480\" height=\"480\" src=\"https:\/\/lsf-france.com\/wp-content\/uploads\/2023\/10\/lyon.jpeg\" class=\"attachment-full size-full wp-image-405877\" alt=\"Lyon Bleu International - Lyon\" srcset=\"https:\/\/lsf-france.com\/wp-content\/uploads\/2023\/10\/lyon.jpeg 480w, https:\/\/lsf-france.com\/wp-content\/uploads\/2023\/10\/lyon-300x300.jpeg 300w, https:\/\/lsf-france.com\/wp-content\/uploads\/2023\/10\/lyon-150x150.jpeg 150w\" sizes=\"(max-width: 480px) 100vw, 480px\" \/>\t\t\t\t\t\t\t\t<\/a>\n\t\t\t\t\t\t\t\t\t\t\t<figcaption class=\"widget-image-caption wp-caption-text\">Lyon Bleu International - Lyon<\/figcaption>\n\t\t\t\t\t\t\t\t\t\t<\/figure>\n\t\t\t\t\t\t\t\t\t<\/div>\n\t\t\t\t<\/div>\n\t\t\t\t\t<\/div>\n\t\t<\/div>\n\t\t\t\t<div class=\"elementor-column elementor-col-20 elementor-inner-column elementor-element elementor-element-60386ef1\" data-id=\"60386ef1\" data-element_type=\"column\" data-e-type=\"column\">\n\t\t\t<div class=\"elementor-widget-wrap elementor-element-populated\">\n\t\t\t\t\t\t<div class=\"elementor-element elementor-element-7fcc6e57 elementor-widget elementor-widget-image\" data-id=\"7fcc6e57\" data-element_type=\"widget\" data-e-type=\"widget\" data-widget_type=\"image.default\">\n\t\t\t\t<div class=\"elementor-widget-container\">\n\t\t\t\t\t\t\t\t\t\t\t\t\t\t\t\t<a href=\"https:\/\/francais.newdealinstitut.com\/en\/\" target=\"_blank\" rel=\"noopener\">\n\t\t\t\t\t\t\t<img loading=\"lazy\" decoding=\"async\" width=\"1008\" height=\"621\" src=\"https:\/\/lsf-france.com\/wp-content\/uploads\/2023\/10\/logos-ndi-fle-copie.png\" class=\"attachment-full size-full wp-image-405881\" alt=\"Newdeal Institut - Bordeaux\" srcset=\"https:\/\/lsf-france.com\/wp-content\/uploads\/2023\/10\/logos-ndi-fle-copie.png 1008w, https:\/\/lsf-france.com\/wp-content\/uploads\/2023\/10\/logos-ndi-fle-copie-300x185.png 300w, https:\/\/lsf-france.com\/wp-content\/uploads\/2023\/10\/logos-ndi-fle-copie-768x473.png 768w\" sizes=\"(max-width: 1008px) 100vw, 1008px\" \/>\t\t\t\t\t\t\t\t<\/a>\n\t\t\t\t\t\t\t\t\t\t\t\t\t\t\t<\/div>\n\t\t\t\t<\/div>\n\t\t\t\t<div class=\"elementor-element elementor-element-67bf2104 elementor-widget elementor-widget-image\" data-id=\"67bf2104\" data-element_type=\"widget\" data-e-type=\"widget\" data-widget_type=\"image.default\">\n\t\t\t\t<div class=\"elementor-widget-container\">\n\t\t\t\t\t\t\t\t\t\t\t\t<figure class=\"wp-caption\">\n\t\t\t\t\t\t\t\t\t\t\t<a href=\"https:\/\/francais.newdealinstitut.com\/en\/\" target=\"_blank\" rel=\"noopener\">\n\t\t\t\t\t\t\t<img loading=\"lazy\" decoding=\"async\" width=\"480\" height=\"480\" src=\"https:\/\/lsf-france.com\/wp-content\/uploads\/2023\/10\/bordeaux.jpeg\" class=\"attachment-full size-full wp-image-405885\" alt=\"Newdeal Institut - Bordeaux\" srcset=\"https:\/\/lsf-france.com\/wp-content\/uploads\/2023\/10\/bordeaux.jpeg 480w, https:\/\/lsf-france.com\/wp-content\/uploads\/2023\/10\/bordeaux-300x300.jpeg 300w, https:\/\/lsf-france.com\/wp-content\/uploads\/2023\/10\/bordeaux-150x150.jpeg 150w\" sizes=\"(max-width: 480px) 100vw, 480px\" \/>\t\t\t\t\t\t\t\t<\/a>\n\t\t\t\t\t\t\t\t\t\t\t<figcaption class=\"widget-image-caption wp-caption-text\">Newdeal Institut - Bordeaux<\/figcaption>\n\t\t\t\t\t\t\t\t\t\t<\/figure>\n\t\t\t\t\t\t\t\t\t<\/div>\n\t\t\t\t<\/div>\n\t\t\t\t\t<\/div>\n\t\t<\/div>\n\t\t\t\t<div class=\"elementor-column elementor-col-20 elementor-inner-column elementor-element elementor-element-856f856\" data-id=\"856f856\" data-element_type=\"column\" data-e-type=\"column\">\n\t\t\t<div class=\"elementor-widget-wrap elementor-element-populated\">\n\t\t\t\t\t\t<div class=\"elementor-element elementor-element-239454c8 elementor-widget elementor-widget-image\" data-id=\"239454c8\" data-element_type=\"widget\" data-e-type=\"widget\" data-widget_type=\"image.default\">\n\t\t\t\t<div class=\"elementor-widget-container\">\n\t\t\t\t\t\t\t\t\t\t\t\t\t\t\t\t<a href=\"https:\/\/langueonze.com\/en\/\" target=\"_blank\" rel=\"noopener\">\n\t\t\t\t\t\t\t<img loading=\"lazy\" decoding=\"async\" width=\"10758\" height=\"3200\" src=\"https:\/\/lsf-france.com\/wp-content\/uploads\/2023\/10\/langue-onze-couleur.png\" class=\"attachment-full size-full wp-image-405889\" alt=\"Langue Onze - Toulouse\" srcset=\"https:\/\/lsf-france.com\/wp-content\/uploads\/2023\/10\/langue-onze-couleur.png 10758w, https:\/\/lsf-france.com\/wp-content\/uploads\/2023\/10\/langue-onze-couleur-300x89.png 300w, https:\/\/lsf-france.com\/wp-content\/uploads\/2023\/10\/langue-onze-couleur-1024x305.png 1024w, https:\/\/lsf-france.com\/wp-content\/uploads\/2023\/10\/langue-onze-couleur-768x228.png 768w, https:\/\/lsf-france.com\/wp-content\/uploads\/2023\/10\/langue-onze-couleur-1536x457.png 1536w, https:\/\/lsf-france.com\/wp-content\/uploads\/2023\/10\/langue-onze-couleur-2048x609.png 2048w\" sizes=\"(max-width: 10758px) 100vw, 10758px\" \/>\t\t\t\t\t\t\t\t<\/a>\n\t\t\t\t\t\t\t\t\t\t\t\t\t\t\t<\/div>\n\t\t\t\t<\/div>\n\t\t\t\t<div class=\"elementor-element elementor-element-5e560315 elementor-widget elementor-widget-image\" data-id=\"5e560315\" data-element_type=\"widget\" data-e-type=\"widget\" data-widget_type=\"image.default\">\n\t\t\t\t<div class=\"elementor-widget-container\">\n\t\t\t\t\t\t\t\t\t\t\t\t<figure class=\"wp-caption\">\n\t\t\t\t\t\t\t\t\t\t\t<a href=\"https:\/\/langueonze.com\/en\/\" target=\"_blank\" rel=\"noopener\">\n\t\t\t\t\t\t\t<img loading=\"lazy\" decoding=\"async\" width=\"480\" height=\"479\" src=\"https:\/\/lsf-france.com\/wp-content\/uploads\/2023\/10\/toulouse.jpg\" class=\"attachment-full size-full wp-image-405893\" alt=\"Langue Onze - Toulouse\" srcset=\"https:\/\/lsf-france.com\/wp-content\/uploads\/2023\/10\/toulouse.jpg 480w, https:\/\/lsf-france.com\/wp-content\/uploads\/2023\/10\/toulouse-300x300.jpg 300w, https:\/\/lsf-france.com\/wp-content\/uploads\/2023\/10\/toulouse-150x150.jpg 150w\" sizes=\"(max-width: 480px) 100vw, 480px\" \/>\t\t\t\t\t\t\t\t<\/a>\n\t\t\t\t\t\t\t\t\t\t\t<figcaption class=\"widget-image-caption wp-caption-text\">Langue Onze - Toulouse<\/figcaption>\n\t\t\t\t\t\t\t\t\t\t<\/figure>\n\t\t\t\t\t\t\t\t\t<\/div>\n\t\t\t\t<\/div>\n\t\t\t\t\t<\/div>\n\t\t<\/div>\n\t\t\t\t<div class=\"elementor-column elementor-col-20 elementor-inner-column elementor-element elementor-element-59d2da6f\" data-id=\"59d2da6f\" data-element_type=\"column\" data-e-type=\"column\">\n\t\t\t<div class=\"elementor-widget-wrap elementor-element-populated\">\n\t\t\t\t\t\t<div class=\"elementor-element elementor-element-63c2583c elementor-widget elementor-widget-image\" data-id=\"63c2583c\" data-element_type=\"widget\" data-e-type=\"widget\" data-widget_type=\"image.default\">\n\t\t\t\t<div class=\"elementor-widget-container\">\n\t\t\t\t\t\t\t\t\t\t\t\t\t\t\t\t<a href=\"https:\/\/ifalpes.com\/\" target=\"_blank\" rel=\"noopener\">\n\t\t\t\t\t\t\t<img loading=\"lazy\" decoding=\"async\" width=\"2842\" height=\"1092\" src=\"https:\/\/lsf-france.com\/wp-content\/uploads\/2023\/10\/logo.png\" class=\"attachment-full size-full wp-image-405897\" alt=\"IFALPES - Annecy\" srcset=\"https:\/\/lsf-france.com\/wp-content\/uploads\/2023\/10\/logo.png 2842w, https:\/\/lsf-france.com\/wp-content\/uploads\/2023\/10\/logo-300x115.png 300w, https:\/\/lsf-france.com\/wp-content\/uploads\/2023\/10\/logo-1024x393.png 1024w, https:\/\/lsf-france.com\/wp-content\/uploads\/2023\/10\/logo-768x295.png 768w, https:\/\/lsf-france.com\/wp-content\/uploads\/2023\/10\/logo-1536x590.png 1536w, https:\/\/lsf-france.com\/wp-content\/uploads\/2023\/10\/logo-2048x787.png 2048w\" sizes=\"(max-width: 2842px) 100vw, 2842px\" \/>\t\t\t\t\t\t\t\t<\/a>\n\t\t\t\t\t\t\t\t\t\t\t\t\t\t\t<\/div>\n\t\t\t\t<\/div>\n\t\t\t\t<div class=\"elementor-element elementor-element-561bbb8f elementor-widget elementor-widget-image\" data-id=\"561bbb8f\" data-element_type=\"widget\" data-e-type=\"widget\" data-widget_type=\"image.default\">\n\t\t\t\t<div class=\"elementor-widget-container\">\n\t\t\t\t\t\t\t\t\t\t\t\t<figure class=\"wp-caption\">\n\t\t\t\t\t\t\t\t\t\t\t<a href=\"https:\/\/ifalpes.com\/\" target=\"_blank\" rel=\"noopener\">\n\t\t\t\t\t\t\t<img loading=\"lazy\" decoding=\"async\" width=\"480\" height=\"479\" src=\"https:\/\/lsf-france.com\/wp-content\/uploads\/2023\/10\/annecy.jpeg\" class=\"attachment-full size-full wp-image-405901\" alt=\"IFALPES - Annecy\" srcset=\"https:\/\/lsf-france.com\/wp-content\/uploads\/2023\/10\/annecy.jpeg 480w, https:\/\/lsf-france.com\/wp-content\/uploads\/2023\/10\/annecy-300x300.jpeg 300w, https:\/\/lsf-france.com\/wp-content\/uploads\/2023\/10\/annecy-150x150.jpeg 150w\" sizes=\"(max-width: 480px) 100vw, 480px\" \/>\t\t\t\t\t\t\t\t<\/a>\n\t\t\t\t\t\t\t\t\t\t\t<figcaption class=\"widget-image-caption wp-caption-text\">IFALPES - Annecy<\/figcaption>\n\t\t\t\t\t\t\t\t\t\t<\/figure>\n\t\t\t\t\t\t\t\t\t<\/div>\n\t\t\t\t<\/div>\n\t\t\t\t\t<\/div>\n\t\t<\/div>\n\t\t\t\t\t<\/div>\n\t\t<\/section>\n\t\t\t\t\t<\/div>\n\t\t<\/div>\n\t\t\t\t\t<\/div>\n\t\t<\/section>\n\t\t\t\t<\/div>\n\t\t","protected":false},"excerpt":{"rendered":"<p>Ce cours n&rsquo;existe plus.Mais vous pouvez d\u00e9couvrir notre nouvelle offre de cours. D\u00e9couvrez notre offre de cours de fran\u00e7ais Pourquoi choisir une \u00e9cole du groupe KLF Un programme disponible dans [&hellip;]<\/p>\n","protected":false},"author":1,"featured_media":0,"parent":0,"menu_order":0,"comment_status":"closed","ping_status":"closed","template":"","meta":{"_acf_changed":false,"content-type":"","footnotes":""},"class_list":["post-407024","page","type-page","status-publish","hentry"],"acf":[],"_links":{"self":[{"href":"https:\/\/lsf-france.com\/fr\/wp-json\/wp\/v2\/pages\/407024","targetHints":{"allow":["GET"]}}],"collection":[{"href":"https:\/\/lsf-france.com\/fr\/wp-json\/wp\/v2\/pages"}],"about":[{"href":"https:\/\/lsf-france.com\/fr\/wp-json\/wp\/v2\/types\/page"}],"author":[{"embeddable":true,"href":"https:\/\/lsf-france.com\/fr\/wp-json\/wp\/v2\/users\/1"}],"replies":[{"embeddable":true,"href":"https:\/\/lsf-france.com\/fr\/wp-json\/wp\/v2\/comments?post=407024"}],"version-history":[{"count":10,"href":"https:\/\/lsf-france.com\/fr\/wp-json\/wp\/v2\/pages\/407024\/revisions"}],"predecessor-version":[{"id":407348,"href":"https:\/\/lsf-france.com\/fr\/wp-json\/wp\/v2\/pages\/407024\/revisions\/407348"}],"wp:attachment":[{"href":"https:\/\/lsf-france.com\/fr\/wp-json\/wp\/v2\/media?parent=407024"}],"curies":[{"name":"wp","href":"https:\/\/api.w.org\/{rel}","templated":true}]}}